{"id":1729,"date":"2023-06-27T19:20:43","date_gmt":"2023-06-27T18:20:43","guid":{"rendered":"https:\/\/kokaindrogekaufen.com\/?post_type=product&#038;p=1729"},"modified":"2024-07-31T09:14:08","modified_gmt":"2024-07-31T08:14:08","slug":"kaufen-kaliumzyanid-zum-verkauf","status":"publish","type":"product","link":"https:\/\/kokaindrogekaufen.com\/nl\/product\/kaufen-kaliumzyanid-zum-verkauf\/","title":{"rendered":"KALIUMCYANIDE VOOR VERKOOP"},"content":{"rendered":"<h3>KALIUMCYANIDE VOOR VERKOOP<\/h3>\n<p>Echter, wij bieden hoge kwaliteit, pure kaliumcyanide tegen zeer betaalbare prijzen te koop. Kalium cyanide wordt vaak gebruikt in combinatie met de strategie van de stichting beautiful budel. Dit bewolkt, glas-als zout, dat is gelijkaardig in verschijning aan suiker, is een krachtig middel in het drinkwater. Kalium cyanide is een krachtige draagbare ademhalings-remmers, die op de mitochondriale cytochroom-c-Oxidase en oxidatieve fosforylering remt. Als gevolg van anaerobe vergisting, het gaat om een melkzuur-vergiftiging.<\/p>\n<p>Ernstige cyanide letsel leidt eerst tot een donker rode kleuren in het slachtoffer omdat de weefsels zijn niet in staat om gebruik te maken van de zuurstof in het bloed. De effecten van kalium-en natrium-cyanide zijn hetzelfde, en de symptomen van het letsel treden meestal binnen een paar minuten na de inname van de stof: De Persoon is een black-out, en de dood van de hersenen volgt uiteindelijk. Tabaksrook bevat cyanide, evenals de verbranding resultaten van nagemaakte producten, zoals plastics. Kaliumcyanide voor verkoop<\/p>\n<p>KALIUMZYANID ZUM VERKAUF Zyanid ist bei der Herstellung von Papier, Stoffen und Kunststoffen sehr beliebt. Es ist derzeit in der Substanz, die intensiviert und wird verwendet, um Fotos zu erstellen. In der Metallurgie werden Zyanidsalze zur Galvanisierung, Metallreinigung und zur Entfernung von Gold aus dem Metall verwendet. W\u00e4hrend dieser Zeit kann der Verunfallte Kr\u00e4mpfe erleiden. Die Zahl der Todesopfer ist auf eine zerebrale Hypoxie zur\u00fcckzuf\u00fchren. Die Beschaffung von Kaliumcyanid ist nahezu unm\u00f6glich, auch wenn es einen Bericht \u00fcber den Verkauf von Kaliumcyanid aus China im Diskussionsforum des Tranquil Tablet Handbook gab. Kaliumcyanid zu verkaufen<\/p>\n<h4>KALIUMCYANIDE KOPEN ONLINE:<\/h4>\n<p>Aanzienlijk, kalium cyanide is extreem giftig. Door zure hydrolyse, die heeft een onaangename smaak van amandelen wordt geproduceerd in de natte Kraam blauw. In het algemeen, niet iedereen heeft de mogelijkheid om deze ervaring. Mensen die worden blootgesteld aan een kleine hoeveelheid blauwzuur door inademing, om de huid te houden of te eten, het blauwzuur opgenomen kunnen leren in het Algemeen, en binnen een paar minuten, een aantal van de volgende symptomen: duizeligheid, hoofdpijn, braken en Misselijkheid, snelle Inademing, snelle hartslag, rusteloosheid, gevoel van zwakte. Kaliumcyanide voor verkoop<\/p>\n<p>Intensieve cyanide verbruik is waarschijnlijk een fantastische, fast Start-up, die heeft een impact onmiddellijk op de ingewanden, en een onverwachte ineenstorting, een epileptische aanval, of extreme vermoeidheid veroorzaakt. Blijvende schade veroorzaakt door het inslikken of het biologisch Systeem in een geleidelijk begin van de heren. Kaliumcyanide pillen een letale dosis (menselijke) van 200 tot 300 mg. De toxiciteit indien ingeslikt, wordt bepaald door de scherpte van de maag, zoals een corrosieve werking op waterstof cyanide, de dodelijke strategie voor cyanide moet reageren. Kaliumcyanide voor verkoop<\/p>\n<p>Moeten We niet verwarren onze verpakkingen met een belangrijke bundeling door het maken van een bijzonder charmante en tijdrovend is. We weten dat de meeste klanten moeten gewoon hoge kwaliteit pillen, en onze verpakking is ontworpen op een manier die beschermt uw investering. Kaliumcyanide kunnen worden bereid in projecten, afhankelijk van het doel van het gebruik op verschillende manieren. Als een vertrouwde organisaties en leveranciers van kalium cyanide, bieden wij tot 99,8 % zuiver stichting beautiful budel (potassium cyanide), die bekend staat om zijn hoge levensvatbaarheid bekend. Kaliumcyanide voor verkoop<\/p>\n<h4>KALIUMCYANIDE VOOR ONLINE VERKOOP:<\/h4>\n<p>Wir verf\u00fcgen derzeit \u00fcber ein unbegrenztes Angebot an qualitativ hochwertigem KALIUMZYANID ZUM VERKAUF\u00a0 Kaliumcyanid zum g\u00fcnstigsten Preis. Kaliumcyanid ist wie Natriumcyanid extrem zerst\u00f6rerisch, unbestreitbar giftig und wirkt selbst in kleinsten Mengen schnell. Die Exposition gegen\u00fcber Kaliumcyanid in fester Form kann extrem gef\u00e4hrlich sein, da es langsam giftige Gase in die Luft abgibt, die dann durch Einatmen abget\u00f6tet werden. Kaliumcyanid zum Verkauf<\/p>\n<p>Kalium cyanide is commercieel bereid door de reactie van waterstof cyanide met een Fl\u00fcssigkur, wanneer het water wordt verwijderd, zodat een gezonde kaliumcyanide is gevormd. Cyanide is vaak een dodelijke stof, die kan worden voor menselijke consumptie dodelijk zijn. Als u zoeken op het Internet voor cyanide, kun je veel leren. Het is belangrijk dat de Partijen zijn overeengekomen dat hun strategie werkt soepel. Kaliumcyanide voor verkoop<\/p>\n<p>Kaliumcyanide pillen is een massively schadelijke stof die een remmer van vele metabole strategie\u00ebn en, in het bijzonder, als de evaluatie van het reagens dat wordt gebruikt voor de weergave van chemoreceptors wordt gebruikt. Vanwege de extreem ontbinding van goederen, het wordt gebruikt in de galvano-en in de goudwinning industrie. Daarnaast bieden we onze gulle gevers kaliumcyanide tegen een lage prijs. De mogelijkheden van ons product, worden hieronder weergegeven. Het is een wit of stoom, transparante stof met een lichte amandel geur (een gevolg van de Cyanide-deeltjes). Kaliumcyanide voor verkoop<\/p>\n<h4>KALIUMCYANIDE POEDER VOOR VERKOOP:<\/h4>\n<p>Es hat eine Dicke von 1. 52 g\/ml trotz einer Verfl\u00fcssigungstemperatur von 634. 5 \u00b0C. Zyanid ist extrem giftig und sollte nur f\u00fcr eine einzige schnelle, effektive, einfache und friedliche T\u00f6tung verwendet werden. Cyanid ist unter anderem auch als t\u00f6dliches Beh\u00e4ltnis oder als Sterbetablette bekannt. Kaliumcyanid ist eine hochgiftige Verbindung, die f\u00fcr eine schnelle und effiziente Hinrichtung verwendet wird. Es wurde auch in der Fischerei verwendet, um Fische zu t\u00f6ten und sie dann aus dem Wasser zu holen, eine Methode, die heute wegen erkennbarer Bestandteile illegal ist. Kaliumcyanid zum Verkauf<\/p>\n<p>Eine weitere Erkl\u00e4rung f\u00fcr Kaliumcyanid ist die Wiederverwendung von Gold. Als wissenschaftlicher Experte sehe ich mich gezwungen, darauf hinzuweisen, dass die erste vorgeschlagene Strategie nicht zu reinem Kaliumcyanid f\u00fchren wird. Je nach der Anzahl der verwendeten Reagenzien werden Sie immer noch eine erhebliche Kaliumhydroxidverf\u00e4rbung haben. Ein weiteres Ziel von Kaliumcyanid ist das Recycling von Gold und Silber aus Stahlschrott, ein Thema, das aufgrund der bereits erw\u00e4hnten Toxizit\u00e4t von Cyaniden heftig diskutiert wird. Seine Hauptanwendungen liegen in der regul\u00e4ren und nat\u00fcrlichen Mischung sowie in der Herstellung zahlreicher wichtiger Stoffe, Kunststoffe und zugelassener Medikamente. Kaliumcyanid zum Verkauf<\/p>\n<p>Es liegen auch verschiedene Studien zum cyanidinduzierten Tod vor. Dieses kann aus einer stabilen Verbindung (KOH) und einem schwachen \u00c4tzmittel (HCN) hergestellt werden. Es wird tats\u00e4chlich f\u00fcr die Extraktion von Gold, Silber und anderen Metallen verwendet. Es ist eine der Cyanidsorten, die mit dem Zerfall von Kaliumferrocyanid vor der Castner-Technik verbunden sind. Kaliumcyanid zu verkaufen<\/p>\n<h4>VERKOPEN KALIUMCYANIDE PILLEN:<\/h4>\n<p>Unstimmigkeiten im Herzen sind h\u00e4ufig. Der fokal beginnende Atemstillstand f\u00fchrt zum Tod. KALIUMZYANID ZUM VERKAUF Blaue Lippen, verminderter Bluthochdruck und<a href=\"https:\/\/lsdkaufen.store\/\" target=\"_blank\" rel=\"noopener\"> Krampfanf\u00e4lle<\/a> sind Anzeichen daf\u00fcr. F\u00fcr den Kunden\/die Zielperson, der\/die keine tats\u00e4chlichen Folgen einer Zyanidvergiftung zeigt, k\u00f6nnen extrem vorsichtige Wahrnehmung, zus\u00e4tzlicher Sauerstoff und starke R\u00fccksichtnahme eine ausreichende Behandlung sein.<\/p>\n<p>Die urspr\u00fcngliche Therapie f\u00fcr die betroffene Person, die k\u00f6rperliche Folgen einer Zyanidvergiftung zeigt, umfasst die Organisation von Behandlungen unter der Leitung eines klinischen Experten, Atem- und Kreislauff\u00fchrung (Sauerstoff und intraven\u00f6se Fl\u00fcssigkeiten), die Einstellung von synthetischen ungleichm\u00e4\u00dfigen Zeichen im Blut und die \u00dcberwachung von Anf\u00e4llen. Dar\u00fcber hinaus findet es Anwendung bei der Kombination von Hydantoinen, die bedeutende gef\u00e4lschte Zwischenprodukte sein k\u00f6nnen, wenn es mit einer Carbonylverbindung wie einem Aldehyd oder Keton in Gegenwart von Ammoniumcarbonat reagiert. Kaliumcyanid zum Verkauf<\/p>\n<p>Die durch Hefe vermittelte Umwandlung von Benzaldehyd in Acetaldehyd ist recht \u00fcberzeugend, da es sich um eine der ersten mechanisch bedeutsamen mikrobiellen Ver\u00e4nderungen handelt, wobei das entstandene Acyloin nun zu d-Ephedrin synthetisiert wird. Kaliumcyanid ist ein hervorragender Inhibitor der Zellatmung, der auf die mitochondriale Cytochrom-c-Oxidase einwirkt und so die oxidative Phosphorylierung hemmt. Kaliumcyanid zum Verkauf<\/p>\n<p>Als Folge des anaeroben Stoffwechsels kommt es dann zu einer Milchs\u00e4urevergiftung. Da das Gewebe den Sauerstoff im Blut nicht verwerten kann, f\u00fchrt eine schwere Zyanidsch\u00e4digung zun\u00e4chst zu einem dunkelroten oder rosigen Aussehen im Inneren des Opfers. Zyanid ist ein Etui, eine H\u00fclse, eine Ampulle oder eine Tablette, die eine t\u00f6dlich gef\u00e4hrliche Verbindung enth\u00e4lt, die beim Verzehr extrem giftiges Blaus\u00e4uregas freisetzt. Kaliumcyanid zu verkaufen<\/p>\n<h5>DAARNAAST :<\/h5>\n<p>KALIUMZYANID ZUM VERKAUF Und reagiert, indem es den gesamten K\u00f6rper und seine Sinnesorgane wie den Verstand, das Herz und das fokale Angstprogramm erfasst. Infolgedessen ist die Sauerstoffaufnahme in den Venen des Opfers begrenzt, was zu einem lockeren und ruhigen Tod f\u00fchrt. 27 Weitere Hinweise auf den Herstellungswert sind die hefebedingte Anreicherung von Aldehyd (4a,b) mit fermentativ abgegebenem Acetaldehyd. Kaliumcyanid zum <a href=\"https:\/\/kokaindrogekaufen.com\/nl\/product\/ketamin-500-mg-10-ml-zu-verkaufen\/\">Verkauf<\/a><\/p>\n<p>Zusammen mit der Gleichung KCN ist Kaliumcyanid eine Verbindung. Dieses trockene, glasartige Salz, das im Aussehen dem Zucker \u00e4hnelt, l\u00f6st sich schnell in Trinkwasser. Der gr\u00f6\u00dfte Teil von KCN wird im Goldbergbau, bei der normalen Amalgamierung und in der Galvanotechnik verwendet. Zu den kleineren Anwendungen geh\u00f6ren Verzierungen zum \u00dcberziehen und Polieren von Verbindungen. Dadurch wird das Bild freigelegt und verfestigt, so dass es weniger anf\u00e4llig f\u00fcr eine sanfte Behandlung ist. Kaliumcyanid zum Verkauf<\/p>\n<p>Heutige Fotografen, die Platten mit Wasser \u00fcbergie\u00dfen, bevorzugen vielleicht weniger giftige Fixiermittel wie Natriumthiosulfat, aber KCN bleibt beliebt. Kaliumcyanidprodukte Kaliumcyanid hat eine t\u00f6dliche Dosis von 100-300 mg. Seine Toxizit\u00e4t bei der Einnahme wird durch den S\u00e4uregehalt des Magens bestimmt, vor allem weil es mit \u00e4tzenden Stoffen reagieren muss, um Blaus\u00e4ure, die gef\u00e4hrlichste Art von Zyanid, zu bilden. Kaliumcyanid zu verkaufen<\/p>","protected":false},"excerpt":{"rendered":"<p style=\"text-align: center;\">KALIUMCYANIDE VOOR VERKOOP<\/p>\n<hr \/>\n<p>Kaufen Sie hochwertiges Kaliumzyanid online. Wir bieten sicheren und diskreten Versand weltweit. Bestellen Sie jetzt und erhalten Sie Ihre Lieferung schnell.<\/p>","protected":false},"featured_media":1747,"comment_status":"open","ping_status":"closed","template":"","meta":{"content-type":""},"product_brand":[],"product_cat":[163],"product_tag":[200,201],"class_list":{"0":"post-1729","1":"product","2":"type-product","3":"status-publish","4":"has-post-thumbnail","6":"product_cat-forschung-chemikalien","7":"product_tag-kaufen-kaliumzyanid","8":"product_tag-kaufen-kaliumzyanid-online","10":"first","11":"instock","12":"shipping-taxable","13":"purchasable","14":"product-type-variable"},"_links":{"self":[{"href":"https:\/\/kokaindrogekaufen.com\/nl\/wp-json\/wp\/v2\/product\/1729"}],"collection":[{"href":"https:\/\/kokaindrogekaufen.com\/nl\/wp-json\/wp\/v2\/product"}],"about":[{"href":"https:\/\/kokaindrogekaufen.com\/nl\/wp-json\/wp\/v2\/types\/product"}],"replies":[{"embeddable":true,"href":"https:\/\/kokaindrogekaufen.com\/nl\/wp-json\/wp\/v2\/comments?post=1729"}],"wp:featuredmedia":[{"embeddable":true,"href":"https:\/\/kokaindrogekaufen.com\/nl\/wp-json\/wp\/v2\/media\/1747"}],"wp:attachment":[{"href":"https:\/\/kokaindrogekaufen.com\/nl\/wp-json\/wp\/v2\/media?parent=1729"}],"wp:term":[{"taxonomy":"product_brand","embeddable":true,"href":"https:\/\/kokaindrogekaufen.com\/nl\/wp-json\/wp\/v2\/product_brand?post=1729"},{"taxonomy":"product_cat","embeddable":true,"href":"https:\/\/kokaindrogekaufen.com\/nl\/wp-json\/wp\/v2\/product_cat?post=1729"},{"taxonomy":"product_tag","embeddable":true,"href":"https:\/\/kokaindrogekaufen.com\/nl\/wp-json\/wp\/v2\/product_tag?post=1729"}],"curies":[{"name":"wp","href":"https:\/\/api.w.org\/{rel}","templated":true}]}}