{"id":1735,"date":"2023-06-27T19:20:43","date_gmt":"2023-06-27T18:20:43","guid":{"rendered":"https:\/\/kokaindrogekaufen.com\/?post_type=product&#038;p=1735"},"modified":"2024-07-31T09:08:57","modified_gmt":"2024-07-31T08:08:57","slug":"ketamin-500-mg-10-ml-zu-verkaufen","status":"publish","type":"product","link":"https:\/\/kokaindrogekaufen.com\/nl\/product\/ketamin-500-mg-10-ml-zu-verkaufen\/","title":{"rendered":"KETAMINE 500 MG\/ VERKOOP 10 ML"},"content":{"rendered":"<h2>KETAMINE 500 MG\/ VERKOOP 10 ML<\/h2>\n<p>Toch Aaronay de belangrijkste aanbieder van ketamine, ofwel, te koop, ketamine is, over de hele wereld. De administratie van de primaire kalmerend middel kan worden uitgesteld tot 15 minuten na de Infusie van ketamine, wanneer de drug werd toegediend intramusculair zodra het begint door te voeren. Ketamine heeft bewezen effectief te elimineren en de verleidelijke bijwerkingen van Thiopental. De sterke Bovenste is ook opgenomen in onze selectie van ketamine infuus.<\/p>\n<p>Het is bijna altijd een goed idee om klein te beginnen en om de entertainment-element-aanpak te werken. De twee stoffen kan leiden tot een opvallend verlies van het bewustzijn in alle gebieden, door het verhogen van de omgekeerde effecten veroorzaakt ataxie en slaperigheid. Als u niet in de recovery staat, is een Regurgitatie in onwetendheid mogelijk. Vergeet niet, u kunt denken aan de regel, wat niet te ontkennen is meer als het gaat om de medicijnen die u genomen hebt, misschien, in plaats van minder. Ketamine voor verkoop<\/p>\n<p>Ein KETAMIN 500 MG\u00a0 Kommentar \u00fcber die &#8222;K-\u00d6ffnung.&#8220; ist bekannt f\u00fcr die Herstellung von mehr magere Ergebnisse, die Menschen helfen, sich auf die Therapie Obstruktion Melancholie. Ketamin reduziert Stress, der durch k\u00f6rperliche oder emotionale Traumata verursacht wird, unabh\u00e4ngig davon, ob er dumpf oder intensiv ist. Menschen, die Schilddr\u00fcsenhormone einnehmen, haben bei der Verabreichung von Ketamin ein h\u00f6heres Risiko, Bluthochdruck und Tachykardie zu entwickeln. Ketamin scheint f\u00fcr gelegentliche Anwender relativ sicher zu sein. Bei h\u00e4ufigem Konsum besteht jedoch das potenzielle Langzeitrisiko einer Neurodegeneration. Ketamin zu verkaufen<\/p>\n<h4>JURIDISCHE KETAMINE ONLINE TE KOPEN:<\/h4>\n<p>In resusapen in een vertraagde intraveneuze toegang tot de drug heeft doorgegeven (ongeveer negen of 24 uur) om een mentaal flexibel Sterven. Effecten kunnen worden sneller en met een grom als op een aantal andere belangrijke straten te zien zijn. De snelle absorptie van een geneesmiddel direct in het bloed, mogelijk gemaakt door het neusslijmvlies door het piepende ademhaling. Door de snelle stijging van de serum concentratie, die wordt veroorzaakt door de grunts, kan ketamine, de bloed-brein-het overwinnen van de barri\u00e8re snel. ketamine voor verkoop<\/p>\n<p>Der Zweck der Momentum-Pr\u00fcfung war es, die Substanzbilanz und die k\u00f6rperliche \u00c4hnlichkeit von Ketamin zu bestimmen, nachdem eine 50 mg\/mL-Option mit sterilem Wasser f\u00fcr Infusionen auf 10 mg\/mL abgeschw\u00e4cht, in Glasfl\u00e4schchen geb\u00fcndelt und bei Raumtemperatur mit Offenheit f\u00fcr Sanftheit gelagert wurde. Dieses Medikament wird direkt vom Hersteller zu Ihnen nach Hause geliefert. Wir garantieren die Quantit\u00e4t, KETAMIN 500 MG\u00a0 die hohe Qualit\u00e4t und die Lebensf\u00e4higkeit unserer vom Arzt empfohlenen Medikamente. Ketamin zum Verkauf<\/p>\n<p>Ketamine wordt aangeboden aan de sportieve klanten, gewoonlijk in \u00e9\u00e9n van de twee vormen. Het ontbreken van de zouten, bedoeld als een poeder of edelstenen (meestal als glasscherven), ongeacht multi dose flesjes worden voorgesteld voor gebruik in de veterinaire en humane recept. De weerstand tegen de belangrijkste effecten van ketamine is ontwikkeld voor langdurig en herhaald gebruik. Individuen verwachten dat deze artikelen te kijken dynamisch aanzienlijke doses te bereiken vergelijkbare resultaten. Verkopen ketamine<\/p>\n<h4>VERKOPEN KETAMINE VLOEISTOF:<\/h4>\n<p>Na dat, het duurt ongeveer drie verschillende tijden, zodat de capaciteit is, over het Geheel, naar 50 procent en de 1 \u2013 2 maanden van de initi\u00eble waarde (zonder zelfs maar een spoor van verbruik). Deze flessen kunnen worden gericht door 5mg\/mL 100 mg\/mL door de fabrikant te worden bereikt. Ketamine voor verkoop<\/p>\n<p>Parke-Davis richt zich op gevallen van onbedoelde ketamine excessen, die ongeveer tien keer hoger dan voor een Operatie vereiste bedrag (dat wil zeggen, veertig tot 100 keer een sportieve Portie) &#034;zonder&#034; en vanzelfsprekend, langdurige gevolgen&#034;. Indien, na de toediening van Ketamine hydrochloride, een gag reflex is waargenomen, kunnen worden beheerd, sommige van de vlucht route van de verzekering als gevolg van de levendige laryngeal-faryngeale reflexen. Verkopen ketamine<\/p>\n<p>Omdat Ketamine hydrochloride, echter, kan leiden tot de wens om, en het veiligstellen van de reflecties kan worden verminderd door het versterken van sedativa en spier verzachting, moet worden beschouwd als de mogelijkheid van een doel in aanmerking. Een dosis van 1 tot 2 milligram per kilogram situatie vet genereren intens stimulerende en dissociatieve effecten voor ongeveer een uur. Verkopen ketamine<\/p>\n<p>Om de sensaties van dingen, zoals Drijven, opwinding en zichtbare resultaten. Grotere geschatte doses kan het bereiken van de &#034;K-hole&#034;, waar individuen van diepe sedatie en als een &#034;out-of-body&#034; of &#034;bijna-dood&#034; - ervaring, zijn bedoeld. Wanneer een adequate respiratory exchange wordt onderhouden, is een flesje van ketamine met de gebruikte gewone en de nabijgelegen sedativa klinisch haalbare. Verkopen ketamine<\/p>\n<h4>KETAMINE VOOR ONLINE VERKOOP:<\/h4>\n<p>Dit medicijn kan schadelijk zijn uw intellectuele Denken en het vermogen van een Persoon is betrokken, te be\u00efnvloeden, te duwen, dat is zeker. Deze klasse van geneesmiddelen is opgenomen in de lijst van drugs. In overeenstemming met artikel 5a van de road traffic act 1988 Richtlijn. De pati\u00ebnten moeten worden ge\u00efnformeerd, terwijl dit geneesmiddel wordt niet aanbevolen. Doses van meer dan 1 mg\/liter in het Algemeen leiden tot een volledige narcose, met een kleine toename in de gespecialiseerde vaardigheden en vereisen een langere periode van herstel. Ketamine voor verkoop<\/p>\n<p>Geheugenverlies kan optreden bij hogere doses, met een kortere duur van de actie. Zoals reeds vermeld, veneuze, de inductie van Anesthesie door de administratie van een volledige intraveneuze of intramusculaire dosis ketamine is bereikt. In de mensen, de verdovende effecten van ketamine HCL aanzienlijk van die van de andere stoffen verschillen. Sinds dit medicijn niet leiden tot een lage bloeddruk, of een onderdrukte ademhaling, het is zeer geschikt voor de anesthesie bij kleine kinderen, en mensen met een obstructie van de luchtwegen. Verkopen ketamine<\/p>\n<p>Je nach Art und Zeitpunkt des Eingriffs, der tats\u00e4chlichen k\u00f6rperlichen Lage des Betroffenen und anderen Faktoren kann jedoch etwas mehr Diazepam erforderlich sein. Das Auftreten von psychischen Erscheinungen w\u00e4hrend der Dauer des Auftauchens, insbesondere wunsch\u00e4hnliche Beobachtungen und Aufstiegsdelirium. Wenn das Ketamin tats\u00e4chlich intraven\u00f6s verabreicht wurde und die Hauptan\u00e4sthesie allm\u00e4hlich wirkt, kann die zweite Ketamindosis 5 bis 8 Minuten nach der ersten Dosis erforderlich sein. <a href=\"https:\/\/ketaminkaufenn.com\/\" target=\"_blank\" rel=\"noopener\">Ketamin<\/a> zum Verkauf<\/p>\n<p>Het snurken van ketamine leidt tot snellere resultaten dan de Zwaluw. Verschillende absorptie-methodes hebben verschillende prijzen, door te dringen dat u in gedachten te brengen en Voordeel, en het snurken is, in termen van de snelheid van de ontvangst van de uitkering, niet bijna met Roken of een injectie met elkaar te vergelijken. de psychoactieve stof van de pati\u00ebnten bij wie geen Toxicologisch onderzoek of de documentatie van een stof vergiftiging bestonden of werden getest na sedatie op de Afdeling spoedeisende hulp in een positieve, werden uitgesloten van de analyses. Ketamine voor verkoop<\/p>\n<h4>KETAMINE POEDER VOOR VERKOOP:<\/h4>\n<p>Das KETAMIN 500 MG wichtigste vordefinierte Ergebnis war die Intubation auf der Krisenstation. Die Eigenschaften von Ketamin werden durch seinen Einsatz in der An\u00e4sthesie belegt. Es ist eine brauchbare Option f\u00fcr kurzfristige Verfahren, bei denen keine Muskelentspannung erforderlich ist. Ketamin hat eine andere Wirkung auf das Atmungs- und Kreislaufsystem als andere An\u00e4sthetika. Es hat eine wesentlich geringere Wirkung auf die Atmung als die meisten anderen Narkosemittel. Ketamin zum Verkauf<\/p>\n<p>Machen Sie sich jedoch bewusst, dass es keinen best\u00e4tigten Mechanismus f\u00fcr das &#8222;Erreichen der \u00d6ffnung&#8220; gibt und dass dieser nicht anwendbar sein wird. Entwickeln Sie Ihr Verst\u00e4ndnis f\u00fcr die Droge, bevor Sie beispielsweise gro\u00dfe Dosen erhalten. Diese Menschen mussten den &#8222;Graben&#8220; erreichen. Finden Sie eine Dosis, die f\u00fcr Sie gut funktioniert. KETAMIN 500 MG Bei kleinen Kindern kann Ketamin als alleiniges Narkosemittel f\u00fcr kleinere Behandlungen oder als Einleitungsmedikament in Verbindung mit einem neuromuskul\u00e4ren Blocker und einer trachealen Intubation verwendet werden. Ketamin zum Verkauf<\/p>\n<p>Kleine KETAMIN 500 MG\u00a0 Kinder mit zyanotischen Herzproblemen und neuromuskul\u00e4ren St\u00f6rungen sind besonders geeignete Kandidaten f\u00fcr eine Ketaminan\u00e4sthesie. Obwohl die H\u00e4ufigkeit der Ketaminabh\u00e4ngigkeit nicht bekannt ist, entwickeln viele Menschen, die regelm\u00e4\u00dfig Ketamin konsumieren, eine Ketaminabh\u00e4ngigkeit. Anhand von Tierversuchen l\u00e4sst sich auch das Risiko eines Missbrauchs \u00fcberpr\u00fcfen. Ketamin zu verkaufen<\/p>\n<h5>DAARNAAST :<\/h5>\n<p>Der KETAMIN 500 MG\u00a0 unmittelbare Eintritt der Folgen der Insufflationsadh\u00e4renz kann au\u00dferdem das Potenzial f\u00fcr den Freizeitdrogenkonsum erh\u00f6hen. Die kurze Dauer der Folgen beg\u00fcnstigt Essanf\u00e4lle. F\u00fcr das Fr\u00fchjahr 1999 sind auf dem Orange Exhibit Fairgrounds in San Bernardino Rave-Konzerte geplant. Ketamin zum Verkauf<\/p>\n<p>Am ersten Wochenende der Demonstrationen erschoss die Polizei einen <a href=\"https:\/\/kokaindrogekaufen.com\/nl\/product\/lsd-kaufen\/\">LSD-abh\u00e4ngigen<\/a> US-Marine. Einige Wochen sp\u00e4ter, Mitte April, unterst\u00fctzte er die Polizei von San Bernardino, indem er die 20 mit der Leitung der Rave-Party betrauten Beamten kurz schulte. Wenn die Ketamin-Fl\u00e4schchendosis mit Diazepam erh\u00f6ht wird, sollten die beiden Medikamente getrennt verabreicht werden. In der Spritze oder Infusionsflasche d\u00fcrfen Ketaminhydrochlorid und Diazepam nicht kombiniert werden. Ketamin zu verkaufen<\/p>","protected":false},"excerpt":{"rendered":"<p style=\"text-align: center;\">KETAMINE 500 MG<\/p>\n<p>Entdecken Sie die Vorteile von KETAMIN 500 MG. Erfahren Sie mehr \u00fcber Anwendung, Dosierung und m\u00f6gliche Nebenwirkungen. Ihre Gesundheit ist wichtig!<\/p>","protected":false},"featured_media":1748,"comment_status":"open","ping_status":"closed","template":"","meta":{"content-type":""},"product_brand":[],"product_cat":[188],"product_tag":[199,198],"class_list":{"0":"post-1735","1":"product","2":"type-product","3":"status-publish","4":"has-post-thumbnail","6":"product_cat-ketamine","7":"product_tag-kaufen-ketamin","8":"product_tag-ketamin-500-mg","10":"first","11":"instock","12":"shipping-taxable","13":"purchasable","14":"product-type-variable"},"_links":{"self":[{"href":"https:\/\/kokaindrogekaufen.com\/nl\/wp-json\/wp\/v2\/product\/1735"}],"collection":[{"href":"https:\/\/kokaindrogekaufen.com\/nl\/wp-json\/wp\/v2\/product"}],"about":[{"href":"https:\/\/kokaindrogekaufen.com\/nl\/wp-json\/wp\/v2\/types\/product"}],"replies":[{"embeddable":true,"href":"https:\/\/kokaindrogekaufen.com\/nl\/wp-json\/wp\/v2\/comments?post=1735"}],"wp:featuredmedia":[{"embeddable":true,"href":"https:\/\/kokaindrogekaufen.com\/nl\/wp-json\/wp\/v2\/media\/1748"}],"wp:attachment":[{"href":"https:\/\/kokaindrogekaufen.com\/nl\/wp-json\/wp\/v2\/media?parent=1735"}],"wp:term":[{"taxonomy":"product_brand","embeddable":true,"href":"https:\/\/kokaindrogekaufen.com\/nl\/wp-json\/wp\/v2\/product_brand?post=1735"},{"taxonomy":"product_cat","embeddable":true,"href":"https:\/\/kokaindrogekaufen.com\/nl\/wp-json\/wp\/v2\/product_cat?post=1735"},{"taxonomy":"product_tag","embeddable":true,"href":"https:\/\/kokaindrogekaufen.com\/nl\/wp-json\/wp\/v2\/product_tag?post=1735"}],"curies":[{"name":"wp","href":"https:\/\/api.w.org\/{rel}","templated":true}]}}