{"id":1785,"date":"2023-08-07T08:57:00","date_gmt":"2023-08-07T07:57:00","guid":{"rendered":"https:\/\/kokaindrogekaufen.com\/?page_id=1785"},"modified":"2023-08-07T09:27:53","modified_gmt":"2023-08-07T08:27:53","slug":"drogen-bestellen-im-internet","status":"publish","type":"page","link":"https:\/\/kokaindrogekaufen.com\/pl\/drogen-bestellen-im-internet\/","title":{"rendered":"Dostawa"},"content":{"rendered":"<style>\/*! elementor - v3.14.0 - 18-06-2023 *\/\n.elementor-image-gallery .gallery-item{display:inline-block;text-align:center;vertical-align:top;width:100%;max-width:100%;margin:0 auto}.elementor-image-gallery .gallery-item img{margin:0 auto}.elementor-image-gallery .gallery-item .gallery-caption{margin:0}.elementor-image-gallery figure img{display:block}.elementor-image-gallery figure figcaption{width:100%}.gallery-spacing-custom .elementor-image-gallery .gallery-icon{padding:0}@media (min-width:768px){.elementor-image-gallery .gallery-columns-2 .gallery-item{max-width:50%}.elementor-image-gallery .gallery-columns-3 .gallery-item{max-width:33.33%}.elementor-image-gallery .gallery-columns-4 .gallery-item{max-width:25%}.elementor-image-gallery .gallery-columns-5 .gallery-item{max-width:20%}.elementor-image-gallery .gallery-columns-6 .gallery-item{max-width:16.666%}.elementor-image-gallery .gallery-columns-7 .gallery-item{max-width:14.28%}.elementor-image-gallery .gallery-columns-8 .gallery-item{max-width:12.5%}.elementor-image-gallery .gallery-columns-9 .gallery-item{max-width:11.11%}.elementor-image-gallery .gallery-columns-10 .gallery-item{max-width:10%}}@media (min-width:480px) and (max-width:767px){.elementor-image-gallery .gallery.gallery-columns-2 .gallery-item,.elementor-image-gallery .gallery.gallery-columns-3 .gallery-item,.elementor-image-gallery .gallery.gallery-columns-4 .gallery-item,.elementor-image-gallery .gallery.gallery-columns-5 .gallery-item,.elementor-image-gallery .gallery.gallery-columns-6 .gallery-item,.elementor-image-gallery .gallery.gallery-columns-7 .gallery-item,.elementor-image-gallery .gallery.gallery-columns-8 .gallery-item,.elementor-image-gallery .gallery.gallery-columns-9 .gallery-item,.elementor-image-gallery .gallery.gallery-columns-10 .gallery-item{max-width:50%}}@media (max-width:479px){.elementor-image-gallery .gallery.gallery-columns-2 .gallery-item,.elementor-image-gallery .gallery.gallery-columns-3 .gallery-item,.elementor-image-gallery .gallery.gallery-columns-4 .gallery-item,.elementor-image-gallery .gallery.gallery-columns-5 .gallery-item,.elementor-image-gallery .gallery.gallery-columns-6 .gallery-item,.elementor-image-gallery .gallery.gallery-columns-7 .gallery-item,.elementor-image-gallery .gallery.gallery-columns-8 .gallery-item,.elementor-image-gallery .gallery.gallery-columns-9 .gallery-item,.elementor-image-gallery .gallery.gallery-columns-10 .gallery-item{max-width:100%}}<\/style>\n<figure class='gallery-item'>\n\t\t\t\t<a data-elementor-open-lightbox=\"yes\" data-elementor-lightbox-slideshow=\"cdf8b80\" data-elementor-lightbox-title=\"Ecstasy kAUFEN\" data-e-action-hash=\"#elementor-action%3Aaction%3Dlightbox%26settings%3DeyJpZCI6MTc5MywidXJsIjoiaHR0cDpcL1wva29rYWluZHJvZ2VrYXVmZW4uY29tXC93cC1jb250ZW50XC91cGxvYWRzXC8yMDIzXC8wOFwvRWNzdGFzeS1rQVVGRU4uanBnIiwic2xpZGVzaG93IjoiY2RmOGI4MCJ9\" href='http:\/\/kokaindrogekaufen.com\/wp-content\/uploads\/2023\/08\/Ecstasy-kAUFEN.jpg'><img width=\"225\" height=\"300\" src=\"http:\/\/kokaindrogekaufen.com\/wp-content\/uploads\/2023\/08\/Ecstasy-kAUFEN-225x300.jpg\" alt=\"\" decoding=\"async\" loading=\"lazy\" srcset=\"https:\/\/kokaindrogekaufen.com\/wp-content\/uploads\/2023\/08\/Ecstasy-kAUFEN-225x300.jpg 225w, https:\/\/kokaindrogekaufen.com\/wp-content\/uploads\/2023\/08\/Ecstasy-kAUFEN-300x400.jpg 300w, https:\/\/kokaindrogekaufen.com\/wp-content\/uploads\/2023\/08\/Ecstasy-kAUFEN-600x800.jpg 600w, https:\/\/kokaindrogekaufen.com\/wp-content\/uploads\/2023\/08\/Ecstasy-kAUFEN.jpg 720w\" sizes=\"(max-width: 225px) 100vw, 225px\" \/><\/a><br \/>\n\t\t\t<\/figure>\n<figure class='gallery-item'>\n\t\t\t\t<a data-elementor-open-lightbox=\"yes\" data-elementor-lightbox-slideshow=\"cdf8b80\" data-elementor-lightbox-title=\"cali weed online\" data-e-action-hash=\"#elementor-action%3Aaction%3Dlightbox%26settings%3DeyJpZCI6MTc5NSwidXJsIjoiaHR0cDpcL1wva29rYWluZHJvZ2VrYXVmZW4uY29tXC93cC1jb250ZW50XC91cGxvYWRzXC8yMDIzXC8wOFwvY2FsaS13ZWVkLW9ubGluZS5qcGciLCJzbGlkZXNob3ciOiJjZGY4YjgwIn0%3D\" href='http:\/\/kokaindrogekaufen.com\/wp-content\/uploads\/2023\/08\/cali-weed-online.jpg'><img width=\"169\" height=\"300\" src=\"http:\/\/kokaindrogekaufen.com\/wp-content\/uploads\/2023\/08\/cali-weed-online-169x300.jpg\" alt=\"\" decoding=\"async\" loading=\"lazy\" srcset=\"https:\/\/kokaindrogekaufen.com\/wp-content\/uploads\/2023\/08\/cali-weed-online-169x300.jpg 169w, https:\/\/kokaindrogekaufen.com\/wp-content\/uploads\/2023\/08\/cali-weed-online-576x1024.jpg 576w, https:\/\/kokaindrogekaufen.com\/wp-content\/uploads\/2023\/08\/cali-weed-online-300x533.jpg 300w, https:\/\/kokaindrogekaufen.com\/wp-content\/uploads\/2023\/08\/cali-weed-online-600x1067.jpg 600w, https:\/\/kokaindrogekaufen.com\/wp-content\/uploads\/2023\/08\/cali-weed-online.jpg 720w\" sizes=\"(max-width: 169px) 100vw, 169px\" \/><\/a><br \/>\n\t\t\t<\/figure>\n<figure class='gallery-item'>\n\t\t\t\t<a data-elementor-open-lightbox=\"yes\" data-elementor-lightbox-slideshow=\"cdf8b80\" data-elementor-lightbox-title=\"Cali weed delivery\" data-e-action-hash=\"#elementor-action%3Aaction%3Dlightbox%26settings%3DeyJpZCI6MTc5NiwidXJsIjoiaHR0cDpcL1wva29rYWluZHJvZ2VrYXVmZW4uY29tXC93cC1jb250ZW50XC91cGxvYWRzXC8yMDIzXC8wOFwvQ2FsaS13ZWVkLWRlbGl2ZXJ5LmpwZyIsInNsaWRlc2hvdyI6ImNkZjhiODAifQ%3D%3D\" href='http:\/\/kokaindrogekaufen.com\/wp-content\/uploads\/2023\/08\/Cali-weed-delivery.jpg'><img width=\"225\" height=\"300\" src=\"http:\/\/kokaindrogekaufen.com\/wp-content\/uploads\/2023\/08\/Cali-weed-delivery-225x300.jpg\" alt=\"\" decoding=\"async\" loading=\"lazy\" srcset=\"https:\/\/kokaindrogekaufen.com\/wp-content\/uploads\/2023\/08\/Cali-weed-delivery-225x300.jpg 225w, https:\/\/kokaindrogekaufen.com\/wp-content\/uploads\/2023\/08\/Cali-weed-delivery-768x1024.jpg 768w, https:\/\/kokaindrogekaufen.com\/wp-content\/uploads\/2023\/08\/Cali-weed-delivery-300x400.jpg 300w, https:\/\/kokaindrogekaufen.com\/wp-content\/uploads\/2023\/08\/Cali-weed-delivery-600x800.jpg 600w, https:\/\/kokaindrogekaufen.com\/wp-content\/uploads\/2023\/08\/Cali-weed-delivery.jpg 960w\" sizes=\"(max-width: 225px) 100vw, 225px\" \/><\/a><br \/>\n\t\t\t<\/figure>\n<figure class='gallery-item'>\n\t\t\t\t<a data-elementor-open-lightbox=\"yes\" data-elementor-lightbox-slideshow=\"cdf8b80\" data-elementor-lightbox-title=\"cali weed UK\" data-e-action-hash=\"#elementor-action%3Aaction%3Dlightbox%26settings%3DeyJpZCI6MTc5NywidXJsIjoiaHR0cDpcL1wva29rYWluZHJvZ2VrYXVmZW4uY29tXC93cC1jb250ZW50XC91cGxvYWRzXC8yMDIzXC8wOFwvY2FsaS13ZWVkLVVLLmpwZyIsInNsaWRlc2hvdyI6ImNkZjhiODAifQ%3D%3D\" href='http:\/\/kokaindrogekaufen.com\/wp-content\/uploads\/2023\/08\/cali-weed-UK.jpg'><img width=\"184\" height=\"300\" src=\"http:\/\/kokaindrogekaufen.com\/wp-content\/uploads\/2023\/08\/cali-weed-UK-184x300.jpg\" alt=\"\" decoding=\"async\" loading=\"lazy\" srcset=\"https:\/\/kokaindrogekaufen.com\/wp-content\/uploads\/2023\/08\/cali-weed-UK-184x300.jpg 184w, https:\/\/kokaindrogekaufen.com\/wp-content\/uploads\/2023\/08\/cali-weed-UK-627x1024.jpg 627w, https:\/\/kokaindrogekaufen.com\/wp-content\/uploads\/2023\/08\/cali-weed-UK-768x1254.jpg 768w, https:\/\/kokaindrogekaufen.com\/wp-content\/uploads\/2023\/08\/cali-weed-UK-300x490.jpg 300w, https:\/\/kokaindrogekaufen.com\/wp-content\/uploads\/2023\/08\/cali-weed-UK-600x980.jpg 600w, https:\/\/kokaindrogekaufen.com\/wp-content\/uploads\/2023\/08\/cali-weed-UK.jpg 784w\" sizes=\"(max-width: 184px) 100vw, 184px\" \/><\/a><br \/>\n\t\t\t<\/figure>\n<figure class='gallery-item'>\n\t\t\t\t<a data-elementor-open-lightbox=\"yes\" data-elementor-lightbox-slideshow=\"cdf8b80\" data-elementor-lightbox-title=\"buy weed online reivews\" data-e-action-hash=\"#elementor-action%3Aaction%3Dlightbox%26settings%3DeyJpZCI6MTc5OCwidXJsIjoiaHR0cDpcL1wva29rYWluZHJvZ2VrYXVmZW4uY29tXC93cC1jb250ZW50XC91cGxvYWRzXC8yMDIzXC8wOFwvYnV5LXdlZWQtb25saW5lLXJlaXZld3MuanBnIiwic2xpZGVzaG93IjoiY2RmOGI4MCJ9\" href='http:\/\/kokaindrogekaufen.com\/wp-content\/uploads\/2023\/08\/buy-weed-online-reivews.jpg'><img width=\"225\" height=\"300\" src=\"http:\/\/kokaindrogekaufen.com\/wp-content\/uploads\/2023\/08\/buy-weed-online-reivews-225x300.jpg\" alt=\"\" decoding=\"async\" loading=\"lazy\" srcset=\"https:\/\/kokaindrogekaufen.com\/wp-content\/uploads\/2023\/08\/buy-weed-online-reivews-225x300.jpg 225w, https:\/\/kokaindrogekaufen.com\/wp-content\/uploads\/2023\/08\/buy-weed-online-reivews-768x1024.jpg 768w, https:\/\/kokaindrogekaufen.com\/wp-content\/uploads\/2023\/08\/buy-weed-online-reivews-300x400.jpg 300w, https:\/\/kokaindrogekaufen.com\/wp-content\/uploads\/2023\/08\/buy-weed-online-reivews-600x800.jpg 600w, https:\/\/kokaindrogekaufen.com\/wp-content\/uploads\/2023\/08\/buy-weed-online-reivews.jpg 960w\" sizes=\"(max-width: 225px) 100vw, 225px\" \/><\/a><br \/>\n\t\t\t<\/figure>\n<figure class='gallery-item'>\n\t\t\t\t<a data-elementor-open-lightbox=\"yes\" data-elementor-lightbox-slideshow=\"cdf8b80\" data-elementor-lightbox-title=\"Kokain bestellen\" data-e-action-hash=\"#elementor-action%3Aaction%3Dlightbox%26settings%3DeyJpZCI6MTgwMCwidXJsIjoiaHR0cDpcL1wva29rYWluZHJvZ2VrYXVmZW4uY29tXC93cC1jb250ZW50XC91cGxvYWRzXC8yMDIzXC8wOFwvS29rYWluLWJlc3RlbGxlbi5qcGciLCJzbGlkZXNob3ciOiJjZGY4YjgwIn0%3D\" href='http:\/\/kokaindrogekaufen.com\/wp-content\/uploads\/2023\/08\/Kokain-bestellen.jpg'><img width=\"225\" height=\"300\" src=\"http:\/\/kokaindrogekaufen.com\/wp-content\/uploads\/2023\/08\/Kokain-bestellen-225x300.jpg\" alt=\"\" decoding=\"async\" loading=\"lazy\" srcset=\"https:\/\/kokaindrogekaufen.com\/wp-content\/uploads\/2023\/08\/Kokain-bestellen-225x300.jpg 225w, https:\/\/kokaindrogekaufen.com\/wp-content\/uploads\/2023\/08\/Kokain-bestellen-768x1024.jpg 768w, https:\/\/kokaindrogekaufen.com\/wp-content\/uploads\/2023\/08\/Kokain-bestellen-300x400.jpg 300w, https:\/\/kokaindrogekaufen.com\/wp-content\/uploads\/2023\/08\/Kokain-bestellen-600x800.jpg 600w, https:\/\/kokaindrogekaufen.com\/wp-content\/uploads\/2023\/08\/Kokain-bestellen.jpg 960w\" sizes=\"(max-width: 225px) 100vw, 225px\" \/><\/a><br \/>\n\t\t\t<\/figure>\n<h1>Sklep nr 1 - zamawianie lek\u00f3w przez Internet<\/h1>\n<p>Kupuj leki w internecie. Najlepszy adres, gdzie mo\u017cna bezpiecznie i \u0142atwo zam\u00f3wi\u0107 trawk\u0119, haszysz, kokaina, MDMA i amfetaminy. Bez \u017cadnych koszt\u00f3w dostawy w granicach Niemiec. Dostawa lek\u00f3w w ca\u0142ej Europie bez dodatkowych p\u0142atno\u015bci przy odbiorze. Najwy\u017cszy poziom dostarczania dzi\u0119ki sprawne i szczelne opakowanie z tektury i opakowa\u0144 z aluminiowej folii kompozytowej wewn\u0105trz. Z monitoruj\u0105cy numerem DHL \u015bledzenia przesy\u0142ki narkotyk\u00f3w.<\/p>\n<h2>Bitcoin \u2013 bezpieczne p\u0142atno\u015bci podczas zakup\u00f3w<\/h2>\n<p>W celu zapewnienia bezpiecze\u0144stwa akceptujemy w naszym sklepie tylko \u043a\u0440\u0438\u043f\u0442\u043e\u0432\u0430\u043b\u044e\u0442\u0443 Bitcoin. Dlaczego? Bardzo po prostu. Wszyscy chcemy pozosta\u0107 anonimowi przy zam\u00f3wieniu zakazanych substancji i nie chcemy ryzykowa\u0107. Ponadto, p\u0142atno\u015b\u0107 \u0431\u0438\u0442\u043a\u043e\u0439\u043d\u0430\u043c\u0438 ma inne dobre korzy\u015bci. P\u0142atno\u015bci s\u0105 przetwarzane w ci\u0105gu kilku sekund. Jak tylko z\u0142o\u017cysz zam\u00f3wienie na leki w naszym sklepie i prze\u015bl\u0105 do nas nale\u017cnej kwoty na nasz portfel, twoje zam\u00f3wienie zostanie automatycznie akceptowane i przetwarzane przez nasz system. P\u0142atno\u015b\u0107 pozostaje ca\u0142kowicie przejrzysty. Obie strony mog\u0105 przegl\u0105da\u0107 status wysy\u0142ania BTC przez Blockchain Explorer. Identyfikator transakcji pozwala ka\u017cdemu zobaczy\u0107, gdzie znajduje si\u0119 kwota. Tak, \u017ce nic nie mo\u017ce p\u00f3j\u015b\u0107 nie tak. P\u0142atno\u015bci za pomoc\u0105 bitcoin\u00f3w jest r\u00f3wnie\u017c bardzo trudne do wy\u015bledzenia.\u00a0<\/p>\n<h2>Pobierz VPN \u2013 zwi\u0119kszone bezpiecze\u0144stwo podczas przegl\u0105dania stron internetowych<\/h2>\n<p>Mimo, \u017ce zwracamy szczeg\u00f3ln\u0105 uwag\u0119 na bezpiecze\u0144stwo i automatycznie usuwamy dane klient\u00f3w z naszego systemu przez kr\u00f3tki czas, nadal zach\u0119camy naszych klient\u00f3w do korzystania z sieci VPN przed z\u0142o\u017ceniem zam\u00f3wienia na leki. Istnieje wiele rozwi\u0105za\u0144 VPN. Osobi\u015bcie mieli\u015bmy dobre do\u015bwiadczenia z Nord VPG i przegl\u0105darki Tor. VPN us\u0142ugi zmieniaj\u0105 tw\u00f3j adres IP, tym samym ukrywaj\u0105c swoj\u0105 to\u017csamo\u015b\u0107 w Internecie. W ten spos\u00f3b, w naszym systemie nie zachowuje \u017cadnych informacji o swoim zakupie. Mo\u017cesz za darmo pobra\u0107 i zainstalowa\u0107 przegl\u0105dark\u0119 Tor dla systemu Windows lub Mac. Je\u015bli chcesz z\u0142o\u017cy\u0107 zam\u00f3wienie przez smartfona, to mo\u017cesz wybra\u0107\u00a0<a href=\"https:\/\/nordvpn.com\/de\/download\/windows\/\" target=\"_blank\" rel=\"noopener\">Jak zainstalowa\u0107 aplikacj\u0119 Nord VPN<\/a>. Wtedy us\u0142uga b\u0119dzie kosztowa\u0107 oko\u0142o 35 euro rocznie. To powinno kosztowa\u0107 bezpiecze\u0144stwa.<\/p>\n<h2>Informacje o dostawie \u2013 Dostawa lek\u00f3w<\/h2>\n<p>Oczywi\u015bcie, mo\u017cemy r\u00f3wnie\u017c zwraca\u0107 szczeg\u00f3ln\u0105 uwag\u0119 na bezpiecze\u0144stwo podczas wysy\u0142ania zakupionych lek\u00f3w. Wysy\u0142amy narkotyki bardzo dyskretnie i bez zapachu. Do narkotyk\u00f3w, paczce, a tak\u017ce do \u043a\u043e\u043d\u0432\u0435\u0440\u0442\u0443 dotykamy tylko w r\u0119kawiczkach. Najpierw \u0432\u0430\u043a\u0443\u0443\u043c\u0438\u0440\u0443\u0435\u043c leki za pomoc\u0105 specjalnej maszyny, usuwaj\u0105c powietrze z opakowania. Po tym zn\u00f3w \u0432\u043a\u043e\u043b\u0435\u043c ci narkotyki i przetwarza\u0107 je specjalnym sprayem przeciw ps\u00f3w, aby nawet policjanci szpieguj\u0105cymi, nic nie poczuli. Tw\u00f3j koperta b\u0119dzie przebrany, i strategia b\u0119dzie si\u0119 stale zmienia\u0107.<\/p>\n<p>Wi\u0119c nie zdziw si\u0119, je\u015bli, na przyk\u0142ad, na kopercie jest napisane nazwa firmy produkuj\u0105cej kosmetyki. Nie mo\u017cemy poda\u0107 bardziej szczeg\u00f3\u0142owe informacje na temat kopercie i pakowania narkotyk\u00f3w tutaj ze wzgl\u0119d\u00f3w bezpiecze\u0144stwa, ale mo\u017cesz by\u0107 pewien, \u017ce do\u0142o\u017cymy wszelkich stara\u0144, by ci\u0119 nie z\u0142apali. Dzi\u0119ki naszemu wieloletniemu do\u015bwiadczeniu w handlu narkotykami w Internecie, a nasz poziom dostaw wynosi ponad 96%. Niemniej jednak, je\u015bli przesy\u0142ka nie dotrze, mo\u017cesz napisa\u0107 do nas za po\u015brednictwem naszego systemu rezerwacji bilet\u00f3w, a my uwa\u017cnie rozpatrzymy twoj\u0105 spraw\u0119. Je\u015bli wina le\u017cy w nas, otrzymasz 100% zwrot pieni\u0119dzy. Tak, \u017ce mo\u017cna nie martwi\u0107 si\u0119 o swoje\u00a0<a href=\"https:\/\/kokaindrogekaufen.com\/pl\/\">ZAKUP NARKOTYK\u00d3W<\/a>\u00a0czy tw\u00f3j\u00a0<a href=\"https:\/\/kokaindrogekaufen.com\/pl\/product-category\/kokain\/\">Zam\u00f3wi\u0107 kokaina<\/a>.<\/p>","protected":false},"excerpt":{"rendered":"<p>Der Nr. 1 Onlineshop \u2013 Drogen bestellen im internet Drogen online kaufen. Die beste Adresse, um sicher und einfach Weed, Hasch, Kokain, MDMA und Amphetamin zu bestellen. Ohne Versandkosten innerhalb Deutschlands. Europaweite\u00a0Drogenlieferungen\u00a0ohne Aufpreis beim Versand. H\u00f6chste Zustellquote dank diskreter und luftdichter Verpackung aus Karton und Beutel aus Aluminiumverbundfolie innen. Mit DHL Trackingnummer zur Verfolgung der Drogen-Sendung. Bitcoin \u2013 Sichere Zahlung beim Einkaufen Aus Sicherheitsgr\u00fcnden akzeptieren wir in unserem Shop nur die Kryptow\u00e4hrung Bitcoin. Warum? Ganz einfach. Wir m\u00f6chten alle beim Bestellen von illegalen Substanzen anonym bleiben und keine gr\u00fc\u00dfen Risiken eingehen. Zudem hat eine Zahlung per Bitcoin auch andere gute\u2026<\/p>","protected":false},"author":1,"featured_media":0,"parent":0,"menu_order":0,"comment_status":"closed","ping_status":"closed","template":"","meta":{"content-type":"","footnotes":""},"class_list":["post-1785","page","type-page","status-publish","hentry"],"blocksy_meta":"","_links":{"self":[{"href":"https:\/\/kokaindrogekaufen.com\/pl\/wp-json\/wp\/v2\/pages\/1785"}],"collection":[{"href":"https:\/\/kokaindrogekaufen.com\/pl\/wp-json\/wp\/v2\/pages"}],"about":[{"href":"https:\/\/kokaindrogekaufen.com\/pl\/wp-json\/wp\/v2\/types\/page"}],"author":[{"embeddable":true,"href":"https:\/\/kokaindrogekaufen.com\/pl\/wp-json\/wp\/v2\/users\/1"}],"replies":[{"embeddable":true,"href":"https:\/\/kokaindrogekaufen.com\/pl\/wp-json\/wp\/v2\/comments?post=1785"}],"version-history":[{"count":9,"href":"https:\/\/kokaindrogekaufen.com\/pl\/wp-json\/wp\/v2\/pages\/1785\/revisions"}],"predecessor-version":[{"id":1803,"href":"https:\/\/kokaindrogekaufen.com\/pl\/wp-json\/wp\/v2\/pages\/1785\/revisions\/1803"}],"wp:attachment":[{"href":"https:\/\/kokaindrogekaufen.com\/pl\/wp-json\/wp\/v2\/media?parent=1785"}],"curies":[{"name":"wp","href":"https:\/\/api.w.org\/{rel}","templated":true}]}}