{"id":1443,"date":"2023-06-27T19:19:16","date_gmt":"2023-06-27T18:19:16","guid":{"rendered":"https:\/\/kokaindrogekaufen.com\/?post_type=product&#038;p=1443"},"modified":"2026-01-27T00:55:36","modified_gmt":"2026-01-27T00:55:36","slug":"2c-pink-kokain-zu-verkaufen","status":"publish","type":"product","link":"https:\/\/kokaindrogekaufen.com\/pl\/product\/2c-pink-kokain-zu-verkaufen\/","title":{"rendered":"2C-R\u00d3\u017bOWY KOKAINA NA SPRZEDA\u017b"},"content":{"rendered":"<p>Podsumowuj\u0105c, oferujemy r\u00f3\u017cowy kokainy w proszku 2C do sprzeda\u017cy na ca\u0142ym \u015bwiecie. Proszek r\u00f3\u017cowy kokainy 2C zwykle jest r\u00f3\u017cowy opakowanie lub proszek, kt\u00f3ry doustnie lub wstrzykiwane do \u015brodka przez nos. Nie nale\u017cy go myli\u0107 z chlorowodorek kokainy w proszku 2C-pink, ro\u015blinnym aktywatorem, kt\u00f3ry wygl\u0105da jak du\u017cy bia\u0142y proszek. Proszek r\u00f3\u017cowy kokainy 2K - to typ 2K lek\u00f3w, przepisywanych przez profesjonalist\u00f3w, znany jako preparat do planowania odbioru fenyloetyloaminy. 2C-r\u00f3\u017cowy kokainy w proszku do sprzeda\u017cy<\/p>\n<p>Efekty kokainy w proszku 2K r\u00f3\u017cowy zwykle okre\u015blone rodzaje przepis\u00f3w lub dodatkowymi substancjami, kt\u00f3re ju\u017c istniej\u0105 na zakup leku w okre\u015blonej grupie. \u0424\u0435\u043d\u0438\u043b\u044d\u0442\u0438\u043b\u0430\u043c\u0438\u043d\u044b to klasa lek\u00f3w, posiadaj\u0105cych stymuluj\u0105ce i psychoaktywna dzia\u0142ania. Te leki uspokajaj\u0105ce, zalecane przez lekarza, obejmuj\u0105 r\u00f3wnie\u017c amfetamina, metamfetamina ci i MDMA. W ci\u0105gu ostatniej dekady proszek r\u00f3\u017cowy kokainy fenyloetyloamina 2C sta\u0142 si\u0119 popularnym sportowym narkotykiem, kt\u00f3ry zacz\u0105\u0142 pojawia\u0107 si\u0119 na klubowej scenie na po\u0142udniu i w centrum Stan\u00f3w Zjednoczonych, gdzie sta\u0142 si\u0119 znany jako r\u00f3\u017cowy kokaina lub brom. 2C r\u00f3\u017cowy kokainy w proszku do sprzeda\u017cy<\/p>\n<p>Proszek r\u00f3\u017cowy kokainy 2C - to narkotyk o\u015brodkowego uk\u0142adu nerwowego, kt\u00f3ry zmienia \u0434\u043e\u0444\u0430\u043c\u0438\u043d\u043e\u0432\u044b\u0435 receptory w m\u00f3zgu. Cho\u0107 r\u00f3\u017cowy kokaina mo\u017ce mie\u0107 wp\u0142yw na \u0434\u043e\u0444\u0430\u043c\u0438\u043d\u043e\u0432\u044b\u0435 receptory, najwi\u0119ksze badania wykaza\u0142y, \u017ce wp\u0142ywa na receptory serotoniny. Proszek kokainy 2C r\u00f3\u017cowy - jest stymulantem centralnego uk\u0142adu nerwowego, kt\u00f3ry wp\u0142ywa na \u0434\u043e\u0444\u0430\u043c\u0438\u043d\u043e\u0432\u044b\u0435 receptory w m\u00f3zgu. Chocia\u017c 2K-r\u00f3\u017cowy kokainy w proszku mo\u017ce wp\u0142ywa\u0107 na \u0434\u043e\u0444\u0430\u043c\u0438\u043d\u043e\u0432\u044b\u0435 receptory, wi\u0119kszo\u015b\u0107 bada\u0144 pokazuj\u0105, \u017ce wp\u0142yw na serotoninove receptory. Przedawkowanie r\u00f3\u017cowym koki proszkiem 2C. 2C-r\u00f3\u017cowy kokainy w proszku do sprzeda\u017cy<\/p>\n<h3>2C-SPRZEDAM R\u00d3\u017bOWY KOKAINA ONLINE:<\/h3>\n<p>Oba rodzaje soli powinny by\u0107 bia\u0142e w stanie naturalnym, ale odcienie mog\u0105 r\u00f3\u017cni\u0107 si\u0119 od bia\u0142ego do br\u0105zowego. Bia\u0142y 2-karatowy r\u00f3\u017cowy kokainy w proszku nie raz pokazuje, \u017ce jest to czysty produkt, podczas gdy on nie do odr\u00f3\u017cnienia od br\u0105zowego 2-karatowego r\u00f3\u017cowego \u043a\u043e\u043a\u0430\u0438\u043d\u043e\u0432\u043e\u0433\u043e proszku i mo\u017ce by\u0107 bardzo imponuj\u0105ce. Prawie nigdy nie wybieraj puder w kolorze. W &#034;\u0445\u043b\u043e\u043f\u0430\u044e\u0449\u0435\u043c pakiecie&#034; lub &#034;banan\u00f3w oddziale&#034; proszek kokainy 2C-r\u00f3\u017cowy w po\u0142\u0105czeniu z \u0411\u043b\u0438\u0441\u0441\u043e\u043c lub LSD dla wzmocnienia efektu. 2C-r\u00f3\u017cowy kokainy w proszku do sprzeda\u017cy<\/p>\n<p>&#034;Kombinacja tych lek\u00f3w zwi\u0119ksza ryzyko antagonistyczne efekt\u00f3w i przedawkowania. Proszek r\u00f3\u017cowy kokainy 2C - jest to typowy \u0441\u043b\u0435\u043d\u0433\u043e\u0432\u044b\u0439 termin oznaczaj\u0105cy techniczny fenyloetyloamina 2C-B. To popularny architektoniczny narkotyk, kt\u00f3ry jest cz\u0119sto u\u017cywany w klubach i na imprezach ze wzgl\u0119du na jego pobudzaj\u0105ce i w\u0142a\u015bciwo\u015bci psychoaktywne. 2C-r\u00f3\u017cowy kokainy w proszku do sprzeda\u017cy<\/p>\n<p>Wyniki s\u0105 \u0142\u0105czone za pomoc\u0105 metody, wskazuj\u0105c\u0105 ilo\u015b\u0107 swojej porcji. W mniejszych dawkach lek mo\u017ce r\u00f3wnie\u017c powodowa\u0107 zwi\u0119kszenie cz\u0119sto\u015bci akcji serca, zwi\u0119kszenie ostro\u015bci podniecenia i uczucie zmys\u0142owego upojenia. Akcja r\u00f3\u017cu \u043a\u043e\u043a\u0430\u0438\u043d\u043e\u0432\u043e\u0433\u043e proszku 2C trwa d\u0142u\u017cej ni\u017c u innych lek\u00f3w, w tym eufori\u0119. Proszek r\u00f3\u017cowy kokainy 2C do sprzeda\u017cy<\/p>\n<h4>2C-R\u00d3\u017bOWY KOKAIN\u0118 DO SPRZEDA\u017bY:<\/h4>\n<p>Zwykle wymaga si\u0119 od jednej do dw\u00f3ch godzin, aby lekarstwo osi\u0105gn\u0119\u0142a m\u00f3zgu po spo\u017cyciu. Jego dzia\u0142anie trwa od czterech do o\u015bmiu godzin. R\u00f3\u017cowy kokainy w proszku 2C na zimnym powietrzu hydrolizuje HCl i jest oddzielona od jego \u0442\u0440\u043e\u043f\u0430\u043d\u043e\u0432\u043e\u0433\u043e szkieletu z wykszta\u0142ceniem wspomnianego po\u0142\u0105czenia, \u043c\u0435\u0442\u0438\u043b\u0431\u0435\u043d\u0437\u043e\u0430\u0442\u0430. Ponadto, naukowcy poparli kombinacyjne procedury dla wyja\u015bnienia najbardziej obiecuj\u0105cych obecnie r\u00f3wie\u015bnik\u00f3w i mieszania ich do skrajno\u015bci, aby odkrywa\u0107 nowe i zr\u00f3wnowa\u017cone mieszanki w celu poprawy ich wykorzystania dla kontrastu konkretnych konkretnych przyczyn. 2C-r\u00f3\u017cowy kokainy w proszku do sprzeda\u017cy<\/p>\n<p>Jest to zakazane w proszku, kt\u00f3ry jest u\u017cywany do rehabilitacji na ca\u0142ym \u015bwiecie. To po prostu indywidualne lek, kt\u00f3ry jest dost\u0119pny w wielu formach, np. w tabletkach, pojemnikach lub w formie proszku. Oferujemy pa\u0144stwu tabletki, kt\u00f3re s\u0105 zwyk\u0142ym i sprawdzonym sposobem podawania tego leku. 2C r\u00f3\u017cowy kokainy w proszku - to nie to samo, \u017ce 2C-B, i nie ma nic wsp\u00f3lnego z chlorowodorek 2C r\u00f3\u017cu \u043a\u043e\u043a\u0430\u0438\u043d\u043e\u0432\u043e\u0433\u043e proszku. 2C r\u00f3\u017cowy kokainy w proszku do sprzeda\u017cy<br \/>\nTen artyku\u0142 oferuje bezp\u0142atn\u0105 wysy\u0142k\u0119 w przypadku kwalifikuj\u0105cych si\u0119 produkt\u00f3w <a href=\"https:\/\/www.high-endrolex.com\/\" target=\"_blank\" rel=\"noopener\">Face mask<\/a> produkty lub kup online i odbierz dzisiaj w sklepie w dziale medycznym<br \/>\nW Ameryce Po\u0142udniowej proszek kokainy 2C Pink i inne produkuj\u0105cych leki zosta\u0142y zaplanowane jako nowoczesne, profesjonalnie przepisane leki. Pobudzaj\u0105cy efekt jest znikome, podczas gdy psychodeliczne efekty pojawiaj\u0105 si\u0119 dopiero po wypiciu du\u017cej ilo\u015bci substancji. Czas potrzebny do wyst\u0105pienia tych efekt\u00f3w, wynosi od 4 do 8 godzin. Bior\u0105c pod uwag\u0119 to, dziwnego, \u017ce zyskuje charakter 2C-r\u00f3\u017cowy \u043a\u043e\u043a\u0430\u0438\u043d\u043e\u0432\u043e\u0433\u043e proszku, poniewa\u017c skutki przyjmowania tego leku s\u0105 niewielkie w por\u00f3wnaniu z chlorowodorek 2C-r\u00f3\u017cowy \u043a\u043e\u043a\u0430\u0438\u043d\u043e\u0432\u043e\u0433\u043e proszku. 2C r\u00f3\u017cowy kokainy w proszku do sprzeda\u017cy<\/p>\n<h4>2C-R\u00d3\u017bOWY KOKAINA<\/h4>\n<p>Proszek kokainy 2C-r\u00f3\u017cowy mo\u017cesz kupi\u0107 w Internecie w rozs\u0105dnych cenach. Zdajemy sobie spraw\u0119, \u017ce wielu z was musz\u0105 zrozumie\u0107, jak praktyczne sprzedawa\u0107 proszek kokainy 2C-pink na \u015bwie\u017cym powietrzu, jak to robi\u0105 w poszukiwaniu. Chcemy, aby wiedzieli, \u017ce w pierwszej kolejno\u015bci podj\u0105\u0107 wszelkie \u015brodki bezpiecze\u0144stwa w odniesieniu do danych i reali\u00f3w, a tak\u017ce bezpiecze\u0144stwo naszych klient\u00f3w. 2C-r\u00f3\u017cowy kokainy w proszku do sprzeda\u017cy<\/p>\n<p>2C-r\u00f3\u017cowy kokainy w proszku - jest to rodzaj tabletek 2C, znanych jako \u0444\u0435\u043d\u0438\u043b\u044d\u0442\u0438\u043b\u0430\u043c\u0438\u043d\u043e\u043f\u043e\u0434\u043e\u0431\u043d\u044b\u0435 tabletki Schneidera. \u0424\u0435\u043d\u0438\u043b\u044d\u0442\u0438\u043b\u0430\u043c\u0438\u043d\u044b to klasa lek\u00f3w, kt\u00f3re maj\u0105 dzia\u0142anie stymuluj\u0105ce i efekt psychoaktywny. Amfetamina, metamfetamina ci i MDMA r\u00f3wnie\u017c nale\u017c\u0105 do tych u\u017cywek. Na uspokajaj\u0105ce efekt dimethicone odpowiada kokaina. \u0418\u043d\u0442\u0440\u0430\u043b\u0438\u043f\u0438\u0434\u043d\u043e\u0435 &#034;zbawienie&#034; w dalszym ci\u0105gu s\u0142u\u017cy\u0107 do rozwi\u0105zywania kardiotoksi\u010deskih efekt\u00f3w blokery kana\u0142\u00f3w sodowych i, najwyra\u017aniej, tych wynik\u00f3w. 2C-r\u00f3\u017cowy kokainy w proszku do sprzeda\u017cy<\/p>\n<p>Hallucinogenics Items ist ein weltweiter Pionier auf dem Web-Lieferant von komplettem Wohlbefinden und Wellness und Standard Heilung halluzinogenen und Cannabis Arrangements. Wir haben diesen Artikel geschrieben, um Ihnen die besten Qualit\u00e4tsprodukte anzubieten. 2C-Pnk C\u043e\u0441\u0430n\u0435 P\u043ewd\u0435r ist ein rosafarbener Beh\u00e4lter mit mehr Informationen oder Pulver, das absolut oral oder intranasal verwendet wird. Es sollte nicht mit 2C-Pink Cocaine Powder <a href=\"https:\/\/ketaminkaufenn.com\/\" target=\"_blank\" rel=\"noopener\">Hydrochloride<\/a> kombiniert werden, einem Medikament auf pflanzlicher Basis, das das Aussehen eines modischen, wei\u00dfen Pulvers hat. 2C-Pink-Kokainpulver zum Verkauf<\/p>\n<h4>KOKAINA DO SPRZEDA\u017bY:<\/h4>\n<p>Wzrost liczby fa\u0142szywych lek\u00f3w w Argentynie i Urugwaju jest przyk\u0142adem tego, jak organizacje przest\u0119pcze dostosowuj\u0105 si\u0119 do rosn\u0105cego popytu na te leki. Proszek r\u00f3\u017cowy kokainy 2C - to narkotyk, kt\u00f3rego popularno\u015b\u0107 dopiero niedawno wzros\u0142a. Jednak za\u017cywanie narkotyk\u00f3w - zjawisko nie jest nowe, ma d\u0142ug\u0105 histori\u0119. W ten spos\u00f3b, podczas \u0442\u0443\u0437\u0435\u043c\u043d\u044b\u0435 plemion u\u017cywali li\u015bci koki lub peyotlu jako cz\u0119\u015b\u0107 swoich zwyczaj\u00f3w. 2C-r\u00f3\u017cowy kokainy w proszku do sprzeda\u017cy<\/p>\n<p>Chocia\u017c Argentyna nie jest hotspot dla kokainy, wojew\u00f3dzki o\u015brodek handlu narkotykami znajduje si\u0119 w pobli\u017cu lokalnego poruszaj\u0105cego si\u0119 elementu. Po odebraniu w bardzo niskich dawkach mo\u017ce dawa\u0107 delikatne, orze\u017awiaj\u0105ce rezultaty; jednak, gdy podj\u0119te w du\u017cych ilo\u015bciach mo\u017ce wywo\u0142a\u0107 bardzo silne reakcje, a tak\u017ce uderzaj\u0105ce fantazji. 2C r\u00f3\u017cowy kokainy w proszku do sprzeda\u017cy<\/p>\n<p>Die Wirkung von 2C-Pink-Kokainpulver erreicht ihren H\u00f6hepunkt in der Regel innerhalb von zwei Stunden, kann aber bis zu acht Stunden anhalten. 2C-pink Kokainpulver ist eine prim\u00e4re Interaktionsdroge, die die Dopaminrezeptoren als Teil Ihrer Wahrnehmung ver\u00e4ndert. Obwohl pinkes <a href=\"https:\/\/kokaindrogekaufen.com\/pl\/kokain-preis\/\">Kokaina<\/a> Dopaminrezeptoren beeinflussen kann, hat die Mehrheit der Forschung herausgefunden, dass es Serotoninrezeptoren beeinflusst. 2C-rosa Kokainpulver zum Verkauf<\/p>\n<h4>artyku\u0142:<\/h4>\n<p>To ostrze\u017cenie jest wielu ludzi, kt\u00f3rzy korzystaj\u0105 z ta substancja. Obserwuj, co dzieje si\u0119 i kontroluj swoje leki! Dla w\u0142asnego bezpiecze\u0144stwa popro\u015b centrum testowe sprawdzi\u0107 swoje substancje lub, co najmniej, przetestuj sw\u00f3j r\u00f3\u017cowy kokainy w proszku 2C na wa\u017cnych odczynnikach, kt\u00f3rymi mog\u0105 by\u0107 odczynnik Markiza i odczynnik Mekce. 2C-r\u00f3\u017cowy kokainy w proszku do sprzeda\u017cy<\/p>\n<p>Jedyne podobie\u0144stwo mi\u0119dzy tymi dwoma lekami jest w ich wygl\u0105dzie, szczeg\u00f3lnie w postaci proszku. Oddzielnie, r\u00f3\u017cowy kokainy w proszku 2C zawiera wysok\u0105 powoduj\u0105cy wci\u0105gaj\u0105ca elektryczn\u0105 moc podobn\u0105 do mocy innych substancji psychoaktywnych, takich jak narkotyki. Jednak nie ma wystarczaj\u0105cych bada\u0144 p\u00f3\u017aniejszych konsekwencji. Z drugiej strony, d\u0142ugotrwa\u0142e stosowanie zwi\u0105zane by\u0142o z prawdziwym uczuciem l\u0119ku, rozpaczy i problem\u00f3w ze snem. Trudno powiedzie\u0107, w jakim stopniu to lekarstwo jest wci\u0105gaj\u0105ca. 2C-r\u00f3\u017cowy kokainy w proszku do sprzeda\u017cy<\/p>","protected":false},"excerpt":{"rendered":"<h3 style=\"text-align: center;\">PINK KOKAIN ZU VERKAUFEN<\/h3>","protected":false},"featured_media":1473,"comment_status":"open","ping_status":"closed","template":"","meta":{"content-type":""},"product_brand":[],"product_cat":[26],"product_tag":[],"class_list":{"0":"post-1443","1":"product","2":"type-product","3":"status-publish","4":"has-post-thumbnail","6":"product_cat-kokain","8":"first","9":"instock","10":"shipping-taxable","11":"purchasable","12":"product-type-variable"},"_links":{"self":[{"href":"https:\/\/kokaindrogekaufen.com\/pl\/wp-json\/wp\/v2\/product\/1443"}],"collection":[{"href":"https:\/\/kokaindrogekaufen.com\/pl\/wp-json\/wp\/v2\/product"}],"about":[{"href":"https:\/\/kokaindrogekaufen.com\/pl\/wp-json\/wp\/v2\/types\/product"}],"replies":[{"embeddable":true,"href":"https:\/\/kokaindrogekaufen.com\/pl\/wp-json\/wp\/v2\/comments?post=1443"}],"wp:featuredmedia":[{"embeddable":true,"href":"https:\/\/kokaindrogekaufen.com\/pl\/wp-json\/wp\/v2\/media\/1473"}],"wp:attachment":[{"href":"https:\/\/kokaindrogekaufen.com\/pl\/wp-json\/wp\/v2\/media?parent=1443"}],"wp:term":[{"taxonomy":"product_brand","embeddable":true,"href":"https:\/\/kokaindrogekaufen.com\/pl\/wp-json\/wp\/v2\/product_brand?post=1443"},{"taxonomy":"product_cat","embeddable":true,"href":"https:\/\/kokaindrogekaufen.com\/pl\/wp-json\/wp\/v2\/product_cat?post=1443"},{"taxonomy":"product_tag","embeddable":true,"href":"https:\/\/kokaindrogekaufen.com\/pl\/wp-json\/wp\/v2\/product_tag?post=1443"}],"curies":[{"name":"wp","href":"https:\/\/api.w.org\/{rel}","templated":true}]}}