{"id":1452,"date":"2023-06-27T19:19:16","date_gmt":"2023-06-27T18:19:16","guid":{"rendered":"https:\/\/kokaindrogekaufen.com\/?post_type=product&#038;p=1452"},"modified":"2026-01-27T00:59:24","modified_gmt":"2026-01-27T00:59:24","slug":"bolivianisches-kokain-zu-verkaufen","status":"publish","type":"product","link":"https:\/\/kokaindrogekaufen.com\/pl\/product\/bolivianisches-kokain-zu-verkaufen\/","title":{"rendered":"BOLIWIJSKI KOKAINA NA SPRZEDA\u017b"},"content":{"rendered":"<h2>KOKAINA DO SPRZEDA\u017bY W INTERNECIE:<\/h2>\n<p>Bez zw\u0142oki mamy kokain\u0119 do sprzeda\u017cy w Internecie. Krytycznie nastawiony boliwijski partner w walce z narkotykami o\u015bwiadczy\u0142, \u017ce w ci\u0105gu ostatnich ewentualne zmiany, kt\u00f3re zwi\u0119kszaj\u0105 poziom dopuszczalnego koki w nowym dekrecie, tylko \u017ce wyszed\u0142 z u\u017cycia, oznaczaj\u0105, \u017ce koalicja &#034;\u043f\u0435\u0440\u0435\u043e\u0440\u0438\u0435\u043d\u0442\u0438\u0440\u0443\u0435\u0442&#034; swoje przedsi\u0119biorstwa, kontynuuj\u0105c przy tym wsp\u00f3\u0142pracowa\u0107 z \u0411\u043e\u043b\u0438\u0432\u0438\u0435\u0439. W przypadku, je\u015bli jeste\u015b klientem, pr\u00f3buj\u0105cego odkry\u0107 najwy\u017cszej klasy produkty, twoje absolutne pierwsze zdanie na pewno nie musi przypomina\u0107 o jakim\u015b \u0431\u043e\u043b\u0438\u0432\u0438\u0439\u0441\u043a\u043e\u043c kokainie na aaronay.<\/p>\n<p>Czy\u0144cie j\u0105 ogromn\u0105 ilo\u015bci\u0105 najwa\u017cniejszych cech. Pomoc. Boliwijski kokaina by\u0142by najdoskonalszym widokiem boliwii kokainy, kt\u00f3ry mo\u017cna znale\u017a\u0107 na naszej planecie. Ludzie u\u017cywaj\u0105 go jako aktywatora do pracy nad stworzeniem wyra\u017anych zwi\u0105zk\u00f3w chemicznych z m\u00f3zgu w dodatku do uzyskania pomocy od wymaganego stanu. Dzi\u0119ki otwarto\u015bci, kt\u00f3r\u0105 oferujemy, nie musisz siedzie\u0107 bezczynnie i my\u015ble\u0107 o tym, gdzie mo\u017cna kupi\u0107 boliwijski kokaina. Kokaina do sprzeda\u017cy w internecie<\/p>\n<p>To odnosi si\u0119 wy\u0142\u0105cznie do os\u00f3b, kt\u00f3re mieszkaj\u0105 daleko od rzeczywistych aptek. Boliwijski dystrybutor danych o kokainie Informandote opublikowa\u0142 r\u00f3wnie\u017c zdj\u0119cia by\u0142ego bossa narkotykowego, pracuj\u0105cego z mieszka\u0144cami, kt\u00f3rych zaprosi\u0142 na obiad w niedziel\u0119. Boliwijski kokaina ma wiele sk\u0142adnik\u00f3w, pochodz\u0105cych ze \u015bwiata opieki medycznej. Dlatego jest u\u017cywany przez wielu lek\u00f3w wraz z zaleceniami specjalist\u00f3w do leczenia r\u00f3\u017cnych chor\u00f3b. Kokaina do sprzeda\u017cy w internecie<\/p>\n<p>U mnie by\u0142 boliwijski kokaina, kiedy by\u0142 malowany i mia\u0142 \u0142adny elegancki odcie\u0144, co znacznie \u043a\u043e\u043d\u0442\u0440\u0430\u0441\u0442\u0438\u0440\u043e\u0432\u0430\u043b\u043e z tym, \u017ce mam w og\u00f3le, co, jak podejrzewam, jest kolumbijskim. Boliwijski kokaina charakteryzuje si\u0119 wieloma cechami, wynikaj\u0105cymi z kliniczny klimatu. Chodzi o to, \u017ce on naprawd\u0119 jest u\u017cywany r\u00f3\u017cnymi lekarstwami i w \u015bwietle, zalecanej lekarzy specjalist\u00f3w do rozwi\u0105zywania r\u00f3\u017cnych problem\u00f3w. Kokaina do sprzeda\u017cy w internecie<\/p>\n<h3>KOKAINA DO SPRZEDA\u017bY:<\/h3>\n<p>Kliniczne specjali\u015bci stosuj\u0105 ten lek lub leki stosowane w leczeniu ludzi, walcz\u0105cych z rozpacz\u0105 i innymi niedogodno\u015bciami. Stosuje si\u0119 go nie tylko specjali\u015bci w dziedzinie opieki zdrowotnej, ale i ludzie, kt\u00f3rzy organizuj\u0105 imprezy w tanecznych klubach i barach. Indianie Boliwii od dawna \u017cucia li\u015bci koki, mieszane z \u043a\u0440\u0443\u043f\u0438\u043d\u043a\u0430\u043c\u0438 wapienia lub ro\u015blinnego sadz\u0105, dla przyjemno\u015bci lub, aby przetrwa\u0107 choroby, t\u0119sknot\u0119 i pragnienie. Kokaina do sprzeda\u017cy w internecie<\/p>\n<p>W r\u00f3\u017cnych warstwach spo\u0142ecze\u0144stwa gumtree alkaloid sztucznie jest usuwany z li\u015bci koki, a ponadto, zamienia si\u0119 w s\u00f3l kokainy. Pracownicy korzystaj\u0105 z tego leku lub lek\u00f3w, gdy opiekuj\u0105 si\u0119 ofiarami, walcz\u0105cymi z cierpieniem i r\u00f3\u017cnego rodzaju niepokoju. Go u\u017cywaj\u0105 nie tylko profesjonali\u015bci, ale i zwykli ludzie w tanecznych klubach i barach. Kokaina do sprzeda\u017cy w Internecie<\/p>\n<p>Zwi\u0105zek z nielegalnym obrotem narkotykami r\u00f3wnie\u017c mo\u017ce mie\u0107 fundamentalne konsekwencje dla tej substancji. Boliwijski kokaina - to pot\u0119\u017cny strategiczny energetyczny agent, wywo\u0142uj\u0105cy niepok\u00f3j, podwy\u017cszaj\u0105cy poziom \u0441\u0438\u043d\u0430\u043f\u0441\u043d\u043e\u0433\u043e dopaminy w obwodach umys\u0142u, kt\u00f3re rz\u0105dz\u0105 rado\u015bci\u0105 i \u0107wicze\u0144. Tylko jedna stowarzyszenia, przedstawione pionierem, na przyk\u0142ad, organizacja urz\u0119du miejskiego, sterowana \u043a\u0443\u043b\u044c\u0442\u0438\u0432\u0430\u0442\u043e\u0440\u0430\u043c\u0438 koki, mo\u017ce wstrzyma\u0107 zobowi\u0105zania finansowe przed w\u0142adzami lokalnymi, zwi\u0105zanymi z uzyskaniem \u043a\u043e\u043a\u0430\u0438\u043d\u043e\u0432\u043e\u0433\u043e kleju, w odniesieniu do ka\u017cdego pobliskiego samorz\u0105du rejonu, kt\u00f3ry zawsze by\u0142 zaj\u0119ty produkcj\u0105 \u043a\u043e\u043a\u0430\u0438\u043d\u043e\u0432\u043e\u0433\u043e kleju. Kokaina do sprzeda\u017cy w internecie<\/p>\n<h4>KOKAINA DO SPRZEDA\u017bY W USA:<\/h4>\n<p>Boliwijski kokaina przyczynia si\u0119 do powstawania \u0430\u0444\u0444\u0438\u043d\u0438\u0442\u0438, i, ponadto, b\u0119dzie przyt\u0142aczaj\u0105ca. Boliwijski kokaina r\u00f3wnie\u017c osadza si\u0119 w schemat lub pal\u0105 w sztucznie obs\u0142ugiwanym poprawie, zwanym freebase; dwie podobne takich strategii doprowadzi\u0142y do znacznie rosn\u0105cej liczby rutynowego stosowania w medycynie. Nale\u017cy umieszcza\u0107 zasoby \u0431\u043e\u043b\u0438\u0432\u0438\u0439\u0441\u043a\u043e\u043c\u0443 kokainy z nami online w wyj\u0105tkowo przyst\u0119pnej cenie. Kokaina do sprzeda\u017cy w internecie<\/p>\n<p>Boliwijski kokaina jest jednym z najlepszych gatunk\u00f3w kokainy, kt\u00f3ry bez w\u0105tpienia mo\u017cna zobaczy\u0107 na ca\u0142ym \u015bwiecie. Jest on u\u017cywany przez ludzi dzisiaj, w przewa\u017caj\u0105cej cz\u0119\u015bci, jako \u015brodek pobudzaj\u0105cy, przyczyniaj\u0105c si\u0119 do rozwoju niesamowitych syntetycznych substancji w \u015bwiadomo\u015bci i poszukiwania wsparcia w niespokojnym napi\u0119ciu. Boliwijski kokaina posiada wiele u\u017cytecznych w\u0142a\u015bciwo\u015bci na ca\u0142ym \u015bwiecie. Boliwijski kokaina, otrzymany w wyniku jego domu do przewozu pozosta\u0142o\u015bci w ludzki organizm, w rzeczywisto\u015bci s\u0142u\u017cy m\u0142odzie\u017c\u0105 w gigantycznej skali, aby uzyska\u0107 wypoczynku. Kokaina do sprzeda\u017cy w internecie<\/p>\n<p>W wyniku boliwijski kokaina jest u\u017cywany w wielu lekach, wraz z zalecanymi ekspertami medycznymi w leczeniu niekt\u00f3rych chor\u00f3b. Pracownicy u\u017cywali tego leku lub lek\u00f3w podczas pracy z pacjentami, walcz\u0105cymi z rozpacz\u0105 i r\u00f3\u017cnych rodzaj\u00f3w wra\u017cliwo\u015bci. Kokaina do sprzeda\u017cy w internecie<\/p>\n<p>Boliwijski kokaina u\u017cywaj\u0105 nie tylko eksperci, ale i szereg ludzi w tanecznych klubach i barach. Boliwijski kokaina - jeden z najbardziej doskona\u0142ych gatunk\u00f3w kokainy, dost\u0119pnych na \u015bwiecie. Jest on u\u017cywany przez ludzi jako aktywatora, aby poszerzy\u0107 mo\u017cliwo\u015bci tworzenia w g\u0142owie charakterystycznych substancji chemicznych i uzyska\u0107 pomoc w stresuj\u0105cych warunkach. Kokaina do sprzeda\u017cy w internecie<\/p>\n<h4>ZAKUP KOKAINY ONLINE:<\/h4>\n<p>Ten wspania\u0142y bia\u0142y proszek w\u0105chania z pust\u0105 komor\u0105, kt\u00f3ra szybko sprawdzana poprzez b\u0142on\u0119 \u015bluzow\u0105 nosa w ci\u0105gu ca\u0142ego cyklu kursu. Boliwijski kokaina jest nasilenie, niezale\u017cnie od tego, czy i zdolno\u015bci przymocowa\u0107 \u017cy\u0142y, powoduj\u0105c ci\u0105g\u0142y katar lub, w bardzo realnych sytuacjach, owrzodzenie nosa do\u0142ka. Euforyczny efekt od picia boliwii kokainy cz\u0119sto bywa kr\u00f3tki i trwa oko\u0142o p\u00f3\u0142 godziny. Kokaina do sprzeda\u017cy w internecie<\/p>\n<p>Bra\u0107 \u044d\u043d\u0435\u0440\u0434\u0436\u0430\u0439\u0437\u0435\u0440\u044b ryzykowne, bo efekt uspokajaj\u0105cy p\u0142ynie m\u00f3zgowo-rdzeniowym. To, \u017ce ludzkie cia\u0142o u\u017cywa do pomiaru &#034;zatrucia&#034;. Zwykle prowadzi to do wysokiego spo\u017cycia z bardzo ograniczonymi mo\u017cliwo\u015bciami, wielki ryzyko uszkodzenia w\u0105troby i bardziej rozwini\u0119t\u0105 \u043f\u0430\u0440\u0447\u0435\u0432\u043e\u0439 diecie. Oznacza to, \u017ce w przedstawionych wymiarach boliwijski kokaina zamienia si\u0119 w intensywny lub bardzo trudne do leczenia, w ka\u017cdym przypadku, poniewa\u017c szcz\u0119ki, automatycznie przytrzymuj\u0105ce znaczne wstrz\u0105sy i wibracje w ko\u0144cu staj\u0105 si\u0119 pr\u0105dem, powoduj\u0105c silne dr\u017cenie ca\u0142ego ludzkiego cia\u0142a, dr\u017cenie r\u0105k i og\u00f3lne niesamowit\u0105 nerek silnika. regulowa\u0107. Kokaina do sprzeda\u017cy w internecie<\/p>\n<p>To oddzia\u0142ywanie jest pe\u0142no umiarkowana senno\u015b\u0107 i \u015bredniej zm\u0119czeniem z powodu przesuni\u0119cia twojego zrozumienia. Boliwijski kokaina ma wa\u017cn\u0105 tendencj\u0119 do powodowa\u0107 zmienny psychoza, przy czym znacznie ponad 50% boliwijskich ofiar kokainy demonstruj\u0105, w rzeczywisto\u015bci, jakie\u015b szalone objawy. Zwyk\u0142e oznaki ofiar obejmuj\u0105 takie rzeczy jak skokowe sny, kt\u00f3re im si\u0119 \u015bni\u0105, kt\u00f3re powinny by\u0107 obserwowane obecnie za\u017cywanie narkotyk\u00f3w w po\u0142\u0105czeniu z lotami my\u015bli, kt\u00f3re pomagaj\u0105 \u0433\u0430\u043b\u043b\u044e\u0446\u0438\u043d\u0438\u0440\u0443\u044e\u0449\u0438\u043c przekona\u0144. Kokaina do sprzeda\u017cy w internecie<\/p>\n<p>Fantazyjny \u043f\u0430\u0440\u0430\u0437\u0438\u0442\u043e\u0437 zwi\u0105zane z kwasu mr\u00f3wkowego walking (&#034;boliwii \u043a\u043e\u043a\u0430\u0438\u043d\u043e\u0432\u044b\u0435 chrz\u0105szcze&#034;), jest, poza tym, jest bardzo powszechne podczas grania efektem ubocznym. Boliwijski kokaina rozk\u0142ada si\u0119, gdy go wyra\u017anie ogrzewa. Dlatego temat podstawowe i \u0433\u0438\u0434\u0440\u043e\u043a\u0430\u0440\u0431\u043e\u043d\u0430\u0442\u043d\u044b\u0435 soli boliwii kokainy, kt\u00f3re, w przeciwie\u0144stwie do \u0433\u0438\u0434\u0440\u043e\u0445\u043b\u043e\u0440\u0438\u0434\u043d\u043e\u0439 soli, maj\u0105 znacznie ni\u017csze warto\u015bci graniczne, zazwyczaj s\u0105 u\u017cywane po rozpadzie materia\u0142u i, w konsekwencji, s\u0105 znane jako boliwijski kokaina, kt\u00f3ra powstaje i rozpada si\u0119 osobno. Kokaina do sprzeda\u017cy w Internecie<\/p>\n<h5>KOKAINA DO SPRZEDA\u017bY W AUSTRALII:<\/h5>\n<p>Pr\u00f3buje zniszczy\u0107 pola koki z pomoc\u0105 \u0434\u0435\u0444\u043e\u043b\u0438\u0430\u043d\u0442\u043e\u0432 doprowadzi\u0142y do zniszczenia element\u00f3w pieni\u0119\u017cnego uprawy w niekt\u00f3rych rejonach uprawy koki w Kolumbii, i wygl\u0105da na to, \u017ce zosta\u0142y stworzone szczepy, kt\u00f3re by\u0142yby bardziej bezpieczne lub oporny na ich u\u017cycia. Czy te odmiany regularnych zmianami lub w wyniku ingerencji cz\u0142owieka, nie jest jasne. Poza destrukcyjnym dzia\u0142aniem boliwii kokainy. Kokaina do sprzeda\u017cy w internecie<\/p>\n<p>Nierozpuszczalne substancje, kt\u00f3re mo\u017cna u\u017cy\u0107, aby zminimalizowa\u0107 przyjmowania lek\u00f3w, dodatkowo zwi\u0119kszaj\u0105 ryzyko wyst\u0105pienia zatorowo\u015bci kr\u0105\u017cenia. Jak w przypadku wszystkich zakazanych substancji, kt\u00f3re s\u0105 wprowadzane do\u017cylnie, je\u015bli sterylnego infuzji sprz\u0119t jest nierealne lub u\u017cywane, klient mo\u017ce zarazi\u0107 zaka\u017ceniem, choroby przenoszone przez krew. Kokaina do sprzeda\u017cy w internecie<\/p>\n<p>Poniewa\u017c boliwijski kokaina, zazwyczaj jest obkurczaj\u0105cych naczynia \u015brodkiem, a klienci otrzymuj\u0105 liczne infuzji w ci\u0105gu kilku godzin lub mniej, za otrzymane infuzyami wi\u0119cej, coraz trudniej jest \u015bledzi\u0107, co mo\u017ce prowadzi\u0107 do dodatkowych pr\u00f3b infuzji i znacznie wi\u0119kszej ilo\u015bci skutk\u00f3w od prawid\u0142owo wykonanych infuzji. Kokaina do sprzeda\u017cy w internecie<\/p>\n<p>Die nasale Insufflation (informell als \u201eGrunzen\u201c, \u201eSchn\u00fcffeln\u201c oder \u201eBlasen\u201c bezeichnet) ist die bekannteste Methode der Einnahme von bolivianischem Kokain in Pulverform in der westlichen Welt. Das Medikament bedeckt, die mit den Schleimschichten, die die Nebenh\u00f6hlen beschichten, gefangen ist. Bei der Insufflationierung von Kokain liegt die Aufnahme \u00fcber die Nasenschleimh\u00e4ute bei etwa drei\u00dfig bis sechzig Prozent, wobei gr\u00f6\u00dfere Dosierungen die erh\u00f6hte Assimilationsleistung bewirken. Kokain zum Verkauf online<\/p>\n<h5>artyku\u0142:<\/h5>\n<p>Jede Substanz, die willk\u00fcrlich durch die Schleimh\u00e4ute aufgenommen wird, wird in K\u00f6rperfl\u00fcssigkeit gesammelt und geschluckt (dieses \u201eTr\u00f6pfeln\u201c wird von einigen als angenehm und von anderen als unangenehm empfunden). Das bedeutet, dass es bei bestimmten Dosen m\u00fchsam oder unm\u00f6glich wird, sich auf jeden Fall zu halten, da der Kiefer gehalten wird, automatisch echte Ersch\u00fctterungen und Vibrationen auftreten, die ein \u00fcberm\u00e4\u00dfiges Zittern des gesamten K\u00f6rpers und eine Unsicherheit der Handfl\u00e4chen verursachen, zus\u00e4tzlich zu einer typischen Unzul\u00e4nglichkeit der ph\u00e4nomenalen Motorsteuerung. Wynik ten zmienia si\u0119 w lekkim zm\u0119czeniem i normalnym zm\u0119czeniem w ci\u0105gu ca\u0142ego okresu, w ci\u0105gu kt\u00f3rego wyst\u0105pi uczucie konsumpcji. Kokaina do sprzeda\u017cy w Internecie<\/p>\n<p>&nbsp;<\/p>","protected":false},"excerpt":{"rendered":"<p>KOKAIN ZUM ONLINE-VERKAUF: Ohne Verz\u00f6gerung haben wir Kokain zum Verkauf online. Ein kritischer bolivianischer Partner bei der Einnahme von Medikamenten verk\u00fcndete, dass die letzten m\u00f6glichen \u00c4nderungen, die das Ma\u00df an erlaubtem Koka in dem neuen Erlass frisch aus der Kiste erh\u00f6hen, bedeuten, dass die Koalition ihre Unternehmungen &#8222;neu ausrichten&#8220; w\u00fcrde, w\u00e4hrend sie weiterhin mit Bolivien zusammenarbeiten wird. F\u00fcr den Fall, dass Sie ein Kunde, der versucht, Top-of-the-line gro\u00dfe Produkte zu entdecken, Ihre absolute erste Anordnung sollte definitiv nicht zu erinnern, einige bolivianische Kokain auf der aaronay sein. Haben Sie eine Tonne von grundlegenden Qualit\u00e4ten. Hilfe. Bolivianisches Kokain w\u00e4re die perfekteste\u2026<\/p>","protected":false},"featured_media":1474,"comment_status":"open","ping_status":"closed","template":"","meta":{"content-type":""},"product_brand":[],"product_cat":[26],"product_tag":[27,28,29,30,31,32,33,34,35,36,37,38,39,40,41,42,43,44,45,46,47,48,49,50,51,52,53,54,55,56,57,58,59,60,61,62,63,64,65,66,67,68,69,70,71,72,73,74,75,76,77,78,79,80,81,82,83],"class_list":{"0":"post-1452","1":"product","2":"type-product","3":"status-publish","4":"has-post-thumbnail","6":"product_cat-kokain","7":"product_tag-besitz-von-kokain-zum-verkauf-hs","8":"product_tag-cocaine-hydrochloride-sale","9":"product_tag-cocaine-leaves-for-sale","10":"product_tag-cocaine-lockup-sale","11":"product_tag-cocaine-mirror-for-sale","12":"product_tag-cocaine-origins","13":"product_tag-cocaine-pipes-for-sale","14":"product_tag-cocaine-plant-for-sale","15":"product_tag-cocaine-purity-test-for-sale","16":"product_tag-cocaine-sale-gta","17":"product_tag-cocaine-sale-reddit","18":"product_tag-cocaine-seed-sale","19":"product_tag-cocaine-seeds-for-sale","20":"product_tag-cocaine-seeds-for-sale-online","21":"product_tag-cocaine-spoons-for-sale","22":"product_tag-cocaine-tea-for-sale","23":"product_tag-cocaine-tooters-for-sale","24":"product_tag-cocaine-vials-for-sale","25":"product_tag-colombian-cocaine-for-sale","26":"product_tag-crack-cocaine-for-sale-online","27":"product_tag-fake-cocaine-for-sale","28":"product_tag-groshandel-kokain-zum-verkauf","29":"product_tag-gta-online-cocaine-lockup-buying-supplies","30":"product_tag-kilo-of-cocaine-for-sale","31":"product_tag-kokain","32":"product_tag-kokain-bullet-for-sale","33":"product_tag-kokain-cowboys","34":"product_tag-kokain-for-sale","35":"product_tag-kokain-for-sale-australia","36":"product_tag-kokain-for-sale-craigslist","37":"product_tag-kokain-for-sale-near-me","38":"product_tag-kokain-for-sale-online-usa","39":"product_tag-kokain-for-sale-usa","40":"product_tag-kokain-for-sale-websites","41":"product_tag-kokain-for-sales","42":"product_tag-kokain-for-sell","43":"product_tag-kokain-grinders-for-sale","44":"product_tag-kokain-history","45":"product_tag-kokain-hydrochloride-for-sale","46":"product_tag-kokain-online-kaufen","47":"product_tag-legal-cocaine-for-sale","48":"product_tag-legal-synthetic-cocaine-for-sale","49":"product_tag-online-cocaine-anonymous-meetings","50":"product_tag-online-cocaine-for-sale","51":"product_tag-online-cocaine-meetings","52":"product_tag-online-cocaine-purchase","53":"product_tag-online-kokain-verkauf","54":"product_tag-peruanisches-kokain-zum-verkauf","55":"product_tag-pharmazeutisches-kokain-zum-verkauf","56":"product_tag-reines-kokain-zum-verkauf","57":"product_tag-reines-kokain-zum-verkauf-online","58":"product_tag-synthetisches-crack-kokain-zum-verkauf","59":"product_tag-synthetisches-kokain-zum-verkauf","60":"product_tag-synthetisches-kokain-zum-verkauf-online","61":"product_tag-verkauf-von-kokain","62":"product_tag-verkauf-von-kokain-florida","63":"product_tag-verkauf-von-kokain-georgia","65":"first","66":"instock","67":"shipping-taxable","68":"purchasable","69":"product-type-variable"},"_links":{"self":[{"href":"https:\/\/kokaindrogekaufen.com\/pl\/wp-json\/wp\/v2\/product\/1452"}],"collection":[{"href":"https:\/\/kokaindrogekaufen.com\/pl\/wp-json\/wp\/v2\/product"}],"about":[{"href":"https:\/\/kokaindrogekaufen.com\/pl\/wp-json\/wp\/v2\/types\/product"}],"replies":[{"embeddable":true,"href":"https:\/\/kokaindrogekaufen.com\/pl\/wp-json\/wp\/v2\/comments?post=1452"}],"wp:featuredmedia":[{"embeddable":true,"href":"https:\/\/kokaindrogekaufen.com\/pl\/wp-json\/wp\/v2\/media\/1474"}],"wp:attachment":[{"href":"https:\/\/kokaindrogekaufen.com\/pl\/wp-json\/wp\/v2\/media?parent=1452"}],"wp:term":[{"taxonomy":"product_brand","embeddable":true,"href":"https:\/\/kokaindrogekaufen.com\/pl\/wp-json\/wp\/v2\/product_brand?post=1452"},{"taxonomy":"product_cat","embeddable":true,"href":"https:\/\/kokaindrogekaufen.com\/pl\/wp-json\/wp\/v2\/product_cat?post=1452"},{"taxonomy":"product_tag","embeddable":true,"href":"https:\/\/kokaindrogekaufen.com\/pl\/wp-json\/wp\/v2\/product_tag?post=1452"}],"curies":[{"name":"wp","href":"https:\/\/api.w.org\/{rel}","templated":true}]}}