{"id":1460,"date":"2023-06-27T19:19:17","date_gmt":"2023-06-27T18:19:17","guid":{"rendered":"https:\/\/kokaindrogekaufen.com\/?post_type=product&#038;p=1460"},"modified":"2026-01-27T00:57:42","modified_gmt":"2026-01-27T00:57:42","slug":"kaufen-peruanischen-kokain-online","status":"publish","type":"product","link":"https:\/\/kokaindrogekaufen.com\/pl\/product\/kaufen-peruanischen-kokain-online\/","title":{"rendered":"KUPI\u0106 PERUWIA\u0143SKI KOKAINA ONLINE"},"content":{"rendered":"<p>KUPI\u0106 PERUWIA\u0143SKI KOKAINA ONLINE<\/p>\n<p>Niezale\u017cnie od tego, kupi\u0107 kokain\u0119 online Niemcy z rabatem 5% polityka. Peruwia\u0144ski kokaina blokuje r\u00f3wnie\u017c nosiciele paso\u017cyta serotoniny i noradrenaliny, zapobiegaj\u0105c wychwyt zwrotny serotoniny i noradrenaliny przez szczelin\u0119 synaptyczn\u0105 w terminalu presinapti\u010deskogo aksonu i zwi\u0119kszenie aktywacji receptor\u00f3w serotoniny i noradrenaliny w \u043f\u043e\u0441\u0442\u0441\u0438\u043d\u0430\u043f\u0442\u0438\u0447\u0435\u0441\u043a\u043e\u043c neuronu, przyczyniaj\u0105c si\u0119 do zmiany \u015bwiadomo\u015bci, uczu\u0107 i aktywno\u015bci zwi\u0105zanych z kokain\u0105.<\/p>\n<p>Nasz peruwia\u0144ski kokaina jest bia\u0142y proszek uzyskany z li\u015bci koki, ro\u015bliny (koki), kt\u00f3ra ro\u015bnie g\u0142\u00f3wnie w Ameryce Po\u0142udniowej. &#034;Split&#034; to nie jest po prostu jeszcze jedno lekarstwo, a raczej narz\u0119dzie, kt\u00f3re powoduje wci\u0105gaj\u0105ca, kt\u00f3re r\u00f3wnie\u017c mo\u017cna pi\u0107 i je\u015b\u0107. Nazwa &#034;przerwa&#034;, wydaje si\u0119, oznacza to lek, kt\u00f3ry jest produkowany przez ogrzanie do powstawania dymu. Kupi\u0107 kokain\u0119 Niemcy<\/p>\n<p>Peruwia\u0144ski kokaina, z drugiej strony, jest dost\u0119pny w postaci du\u017cej ilo\u015bci wspania\u0142ego bia\u0142ego proszku, i, w przeciwie\u0144stwie do peru kokainy, Break faktycznie nie rozpuszcza si\u0119 w wodzie pitnej. Gdzie mog\u0119 kupi\u0107 peruwia\u0144ski \u0445\u043b\u043e\u043f\u044c\u0435\u0432\u043e\u0439 kokaina w rozs\u0105dnej cenie? Posiadanie kokainy i odst\u0105pienie od leczenia klinicznego zabronione. mniejsza ilo\u015b\u0107 do u\u017cytku osobistego mo\u017ce pozosta\u0107 bez kary dla os\u00f3b, kt\u00f3re dopu\u015bci\u0142y si\u0119 przest\u0119pstwa po raz pierwszy lub wielokrotnie; to jednak r\u00f3\u017cni\u0105 si\u0119 od stanu do stanu. Zakup kokainy w Niemcy<\/p>\n<p>R\u00f3\u017cowy kokaina by\u0142a pocz\u0105tkowo wyj\u0119ty z li\u015bci krzewu \u044d\u0440\u0438\u0442\u0440\u043e\u043a\u0441\u0438\u043b\u043e\u043d-kokainy, kt\u00f3ry by\u0142 u\u017cywany g\u0142\u00f3wnie w peru kokainie w Internecie, jak kokaina. Obecnie zesp\u00f3\u0142 ma wszystko, opr\u00f3cz wykazania \u043c\u0430\u043e\u0438\u0441\u0442\u0441\u043a\u0438\u0445 przekszta\u0142ce\u0144 i alternatywnych zarzut\u00f3w w zapewnieniu bezpiecze\u0144stwa lokalnych handlarzy narkotyk\u00f3w, bez wzgl\u0119du na to, \u017ce oni organizuj\u0105 zasadzki na wojskowych i w ka\u017cdym przypadku okresowo chwytaj\u0105 helikoptery pomocy. Zakup kokainy online Europa<\/p>\n<h3>KOKAINA DO SPRZEDA\u017bY:<\/h3>\n<p>Zakup \u043d\u0435\u0440\u0430\u0437\u0440\u0435\u0437\u0430\u043d\u043d\u043e\u0433\u043e peru czystej kokainy, prawdopodobnie jest najbardziej rozleg\u0142ym asortymentem produkt\u00f3w pomocniczych w peru li\u015bcie koki. 1 g ca\u0142e peru 89% czystej koki rybie \u0142uski - to wywo\u0142uj\u0105cy bardzo wci\u0105gaj\u0105ca \u043e\u043f\u0438\u0430\u0442\u043d\u044b\u0439 materia\u0142, kt\u00f3ry otrzymywany jest z li\u015bci drzewa coca, kt\u00f3ra ro\u015bnie w Ameryce Po\u0142udniowej, a jego zwykle pochowany w nos lub miesza si\u0119 z wod\u0105 i jest wstrzykiwany ig\u0142\u0105. Kupi\u0107 kokain\u0119 Niemcy<\/p>\n<p>Peruwia\u0144ski kokain\u0119 mo\u017cna r\u00f3wnie\u017c przekszta\u0142ci\u0107 w bia\u0142y proszek. To bardzo uzale\u017cniaj\u0105cy lek pobudzaj\u0105cy, kt\u00f3ry otrzymuje si\u0119 z li\u015bci koki, kt\u00f3ra ro\u015bnie w Ameryce Po\u0142udniowej. Podczas gdy leczenie narkomanii mog\u0105 go u\u017cywa\u0107 w uzasadnionych klinicznych cel\u00f3w, np. do lokalnego uspokojenia przy niekt\u00f3rych operacjach, peruwia\u0144ski kokaina jest zakazane substancj\u0105. Kupi\u0107 kokain\u0119 Niemcy<\/p>\n<p>Przerwa jara si\u0119 przez ma\u0142\u0105 szklan\u0105 rurk\u0119. Peruwia\u0144ski kokaina jest dost\u0119pna do zakupu i ma wiele zastosowa\u0144 w \u015bwiecie medycyny. Z tego powodu jest u\u017cywany w wielu lekarstwach i zosta\u0142 rekomendowany przez ekspert\u00f3w do leczenia r\u00f3\u017cnych chor\u00f3b. Kiedy m\u00f3wi\u0119, absolutnie wszystko, mam na my\u015bli fundusz. Szeroka publiczno\u015b\u0107 to rozumie. Z pewno\u015bci\u0105 jest to kraj, w kt\u00f3rym wielu ludzi, mo\u017ce nawet do 2 000 000 os\u00f3b, tak czy inaczej zaanga\u017cowane w handel kokain\u0105. Kupi\u0107 kokain\u0119 Niemcy<\/p>\n<p>Peruwia\u0144ski kokaina - to pot\u0119\u017cny, ogniskowa, pobudzaj\u0105cy \u015brodek pobudzaj\u0105cy, dzi\u0119ki czemu zwi\u0119ksza poziom dopaminy w obwodach umys\u0142u, kt\u00f3re kontroluj\u0105 wykonanie i rozw\u00f3j. Peruwia\u0144ski kokaina pokonuje barier\u0119 krew-m\u00f3zg przez proton-zwi\u0105zane naturalny kacji-\u0430\u043d\u0442\u0438\u043f\u043e\u0440\u0442\u0435\u0440 i (w mniejszym stopniu) za konto nieaktywne dystrybucji. Zakup kokainy w Europie<\/p>\n<h4>ZAKUP KOKAINY ONLINE W KANADZIE:<\/h4>\n<p>Peruwia\u0144ski kokaina dzia\u0142a jak sympatykomimetyczne, zapobieganie migracji dopaminy, zapobiegaj\u0105c w ten spos\u00f3b wychwyt zwrotny dopaminy z synaptic szczeliny na zako\u0144czenie presinapti\u010deskogo aksonu; wysoki poziom dopaminy w synaptic szczeliny zwi\u0119ksza aktywacj\u0119 dopamine receptor z zainstalowanej synaptic neuron\u00f3w, powoduj\u0105c efekty zatrucia i podniecenia. Kupi\u0107 kokain\u0119 Niemcy<\/p>\n<p>Czy mog\u0119 kupi\u0107 peruwia\u0144ski kokain\u0119 z p\u0142atkami gdzie\u015b w Wielkiej Brytanii? W drugiej wylanej wpis\u00f3w, prawdopodobnie wykonane z telefonu kom\u00f3rkowego, kt\u00f3ry zabra\u0142 z wi\u0119zienia, rzekomo s\u0142ycha\u0107, jak Oropeza m\u00f3wi, \u017ce &#034;wujek Alan&#034; pojawi si\u0119, gdy go zabior\u0105. Peruwia\u0144ski kokaina ma zr\u00f3\u017cnicowany profil w medycznym \u015bwiecie. Z tego powodu jest on stosowany w wielu przepisach, a tak\u017ce jest zalecany przez specjalist\u00f3w do leczenia r\u00f3\u017cnych chor\u00f3b. Kupi\u0107 kokain\u0119 Niemcy<\/p>\n<p>Peruwia\u0144ski kokaina - to wywo\u0142uj\u0105cy bardzo wci\u0105gaj\u0105ca stymulator, kt\u00f3ry otrzymuje si\u0119 z li\u015bci koki, kt\u00f3ra ro\u015bnie w Ameryce Po\u0142udniowej. Cho\u0107 mo\u017cna go u\u017cywa\u0107 w uzasadnionych cel\u00f3w klinicznych, na przyk\u0142ad, dla uspokojenia przy niekt\u00f3rych operacjach, peruwia\u0144ski kokaina jest zakazane narkotykiem. Wiele uliczni farmaceuci dodaj\u0105 w peru kokaina r\u00f3\u017cne substancje w celu zwi\u0119kszenia zysku lub w celu peruwia\u0144ski kokaina czu\u0142em si\u0119 znacznie lepiej, ni\u017c inne rodzaje kokainy. Kupi\u0107 kokain\u0119 Niemcy<\/p>\n<p>W ka\u017cdym razie u nas mo\u017cesz naby\u0107 peruwia\u0144ski kokaina online z wi\u0119ksz\u0105 staranno\u015bci\u0105 i dok\u0142adno\u015bci\u0105. Z nim cz\u0119sto nie zwracaj\u0105 si\u0119 w po\u0142\u0105czeniu z mn\u00f3stwem innych substancji, co jeszcze bardziej zwi\u0119ksza zagro\u017cenie dla zdrowia. Po\u0142\u0105czenie lek\u00f3w na recept\u0119, takich jak kokaina i alkohol, cz\u0119sto bardzo niebezpieczne. Cz\u0142owiek, uzale\u017cnionymi \u043f\u0435\u0440\u0443\u0430\u043d\u0441\u043a\u043e\u043c\u0443 kokainy, zw\u0142aszcza je\u015bli u\u017cywa peruwia\u0144ski kokaina, najprawdopodobniej, zdobywa do\u015bwiadczenie, aby unikn\u0105\u0107 nadu\u017cy\u0107 peruvian kokainy. Kupi\u0107 kokain\u0119 Niemcy<\/p>\n<h4>KUPUJ KOKAINA ONLINE W USA W BARDZO ROZS\u0104DNYCH CENACH:<\/h4>\n<p>Te objawy s\u0105 bardzo nieprzyjemne i musi by\u0107 ich cz\u0119\u015bci\u0105. W por\u00f3wnaniu z katarem i doustne przyjmowanie, iniekcje kokainy zapewnia 100-procentow\u0105 wch\u0142anianie do krwiobiegu i jest najszybszym sposobem osi\u0105gni\u0119cia &#034;planu&#034;. Peruwia\u0144ski kokaina dzia\u0142a, wykorzystuj\u0105c zalety tego procesu nagrody i powoduje uwalnianie dopaminy. Dlatego, kokaina powoduje siln\u0105 zale\u017cno\u015b\u0107 nie tylko psychicznie, ale i \u043d\u0435\u0439\u0440\u043e\u0445\u0438\u043c\u0438\u0447\u0435\u0441\u043a\u0438.<br \/>\nUdar m\u00f3zgu w wywiadzie lub ryzyko udaru m\u00f3zgu: Je\u015bli mia\u0142 udar m\u00f3zgu lub s\u0105 nara\u017cone na wysokie ryzyko udaru m\u00f3zgu, nie nale\u017cy pi\u0107 coca-col\u0119. Kokaina, zawarty w minakuchi, zwi\u0119ksza ryzyko \u015bmierci przed p\u0119kni\u0119ciem naczynia krwiono\u015bnego podczas \u0443\u043c\u043e\u043f\u043e\u043c\u0440\u0430\u0447\u0435\u043d\u0438\u044f. W ostatnich latach w Australii sta\u0142y si\u0119 szeroko dost\u0119pne s\u0105 r\u00f3\u017cne syntetyczne produkty z \u043a\u043e\u043a\u0430\u0438\u043d\u043e\u043f\u043e\u0434\u043e\u0431\u043d\u044b\u043c dzia\u0142ania. Sk\u0142adnikiem Lively w tych roztworach mo\u017ce by\u0107 wiele zwi\u0105zk\u00f3w chemicznych, w tym \u043c\u0435\u0442\u0438\u043b\u0435\u043d\u0434\u0438\u043e\u043a\u0441\u0438\u043f\u0438\u0440\u043e\u0432\u0430\u043b\u0435\u0440\u043e\u043d (MDPV), ale nie jest jasne, \u017ce to w\u0142a\u015bnie w nich zawiera.<\/p>\n<p>W rezultacie mog\u0105 mie\u0107 nieprzewidywalne konsekwencje i by\u0107 bardziej niebezpieczne, ni\u017c peruwia\u0144ski kokaina. We wszystkich pomieszczeniach og\u00f3lnodost\u0119pnych lub \u0432\u044b\u043f\u0430\u0440\u0438\u0432\u0430\u043d\u0438\u0435 kokainy i wdychanie go w p\u0142uca powoduje prawie natychmiastowe &#034;g\u00f3rnej&#034; efekt, kt\u00f3ry mo\u017ce by\u0107 bardzo skuteczne i powodowa\u0107 uzale\u017cnienie. Ten pocz\u0105tkowy przyp\u0142yw stymulacji nazywa si\u0119 &#034;wywo\u0142anej alkoholem&#034;. Podczas gdy pobudzaj\u0105cy efekt mo\u017ce trwa\u0107 kilka godzin, euforia bardzo ucieka, co sk\u0142ania konsumenta pali\u0107 szybciej.<\/p>\n<p>Inne ryzyko zwi\u0105zane z u\u017cyciem peru kokainy, obejmuj\u0105 zwi\u0119kszone ryzyko uszkodzenia serca, nadci\u015bnienia t\u0119tniczego i zawa\u0142u serca. Konsumenci z d\u0142ug\u0105 histori\u0105 nadu\u017cywania kokainy w Peru mog\u0105 ponie\u015b\u0107 nieodwracalne szkody. Klienci, kt\u00f3rzy pal\u0105 crack, mog\u0105 cierpie\u0107 z powodu trwa\u0142ego uszkodzenia p\u0142uc lub raka krtani, p\u0142uc i dr\u00f3g oddechowych. Ludzie, kt\u00f3rzy w\u0105chaj\u0105 peruwia\u0144ski kokaina&#034;, regularnie wdychaj\u0105c przez nos, mog\u0105 uszkodzi\u0107 b\u0142on\u0119 \u015bluzow\u0105 nosa, gard\u0142a i krtani.<\/p>\n<h4>KOKAINA DO SPRZEDA\u017bY W INTERNECIE:<\/h4>\n<p>Celem jest, aby wyczy\u015bci\u0107 wszystkie tkaniny, wy\u015bci\u00f3\u0142ka te organy. \u041a\u043e\u043a\u0430\u0438\u043d\u043e\u0432\u0430\u044f zale\u017cno\u015b\u0107 w Peru - to zaburzenie, kt\u00f3re wyst\u0119puje w trakcie aktywno\u015bci umys\u0142owej. U peruwia\u0144skich konsument\u00f3w kokainy szybko rozwija si\u0119 tolerancja, a nast\u0119pnie i zale\u017cno\u015b\u0107. Tolerancja - jest to wska\u017anik tego, czego chce cia\u0142o. Im wi\u0119cej dowod\u00f3w przeciwko dzia\u0142aniu leku, tym wi\u0119cej ludzi si\u0119 nim interesuje. Niezale\u017cnie od tego, czy lek jest u\u017cywany tylko przez kr\u00f3tki czas lub przez d\u0142u\u017cszy okres czasu, ka\u017cde jego u\u017cycie b\u0119dzie mie\u0107 skutki uboczne.<\/p>\n<p>Nawet u m\u0142odych i zdrowych ludzi jego stosowanie mo\u017ce prowadzi\u0107 do powa\u017cnego zawa\u0142u serca. Nadmierne spo\u017cycie zwi\u0105zane z brudny i potencjalnie agresywnych zachowa\u0144. U\u017cywki zwi\u0119kszaj\u0105 przepuszczalno\u015b\u0107 powietrza, dlatego dawki opiat\u00f3w mo\u017cna zwi\u0119kszy\u0107. Jak tylko dzia\u0142anie stymulatora sko\u0144czy, opioid mo\u017ce t\u0142umi\u0107 pacjenta i spowodowa\u0107 zatrzymanie oddechu.<\/p>\n<p>Wdychanie lub wdychanie kokainy mo\u017ce doprowadzi\u0107 do uszkodzenia b\u0142ony \u015bluzowej nosa i ramki, oddzielaj\u0105cej nozdrza. Zastrzyk peru kokainy wi\u0105\u017ce si\u0119 z ryzykiem zaka\u017cenia krwi, zaka\u017cenia wirusami przenoszonymi przez krew, takich jak HIV lub zapalenie w\u0105troby), poprzez wsp\u00f3lne narz\u0119dzia, uszkodzenia naczy\u0144 krwiono\u015bnych i czasu, a tak\u017ce ropnie sk\u00f3ry.<\/p>\n<p>Dzia\u0142anie kokainy zale\u017cy od si\u0142y narkotyku, kombinacji substancji chemicznych, fizjologii cz\u0142owieka i jego stanu psychicznego podczas odbioru. \u041f\u0435\u0440\u0443\u0430\u043d\u0441\u043a\u043e\u0435 \u043a\u043e\u043a\u0430\u0438\u043d\u043e\u0432\u043e\u0435 upojenie ma charakter tymczasowy i trwa oko\u0142o 15-30 minut po inhalacji. Nale\u017cy pami\u0119ta\u0107, \u017ce naturalne produkty nie zawsze s\u0105 bezpieczne i dawkowanie cz\u0119sto ma kluczowe znaczenie.<\/p>\n<h5>Produkt leczniczy:<\/h5>\n<p>Post\u0119puj zgodnie z instrukcjami na etykiecie roztworu i skonsultowa\u0107 si\u0119 z farmaceut\u0105, lekarzem lub innym pracownikiem s\u0142u\u017cby zdrowia bezpo\u015brednio przed u\u017cyciem. Znaczna wysokie ci\u015bnienie krwi (nadci\u015bnienie): Coca lub peruwia\u0144ski kokaina, zawarty w minakuchi, mog\u0105 powodowa\u0107 wzrost ci\u015bnienia t\u0119tniczego krwi u niekt\u00f3rych os\u00f3b. Osobom cierpi\u0105cym na nadci\u015bnienie, nale\u017cy unika\u0107 picia coca-coli. Peruwia\u0144ski kokaina cz\u0119sto jest bardzo wci\u0105gaj\u0105ca i jest stymulowanie lek, kt\u00f3ry dzia\u0142a bezpo\u015brednio na uk\u0142ad nerwowy, w tym m\u00f3zg. Chwilowa euforia i rado\u015b\u0107 - jedne z efekt\u00f3w peru kokainy. Zakup kokainy w Kanadzie<\/p>","protected":false},"excerpt":{"rendered":"<p>KAUFEN PERUANISCHEN KOKAIN ONLINE Unabh\u00e4ngig davon, kaufen Kokain Online Deutschland mit einem 5% Rabatt Politik. Peruanisches Kokain blockiert auch die Serotonin- und Noradrenalin-Tr\u00e4ger und verhindert so die Wiederaufnahme von Serotonin und Noradrenalin durch den synaptischen Spalt im pr\u00e4synaptischen Axon-Terminal und erh\u00f6ht die Aktivierung der Serotonin- und Noradrenalin-Rezeptoren im postsynaptischen Neuron, was zur Ver\u00e4nderung des Bewusstseins, der Gef\u00fchle und der mit Kokain verbundenen Aktivit\u00e4ten beitr\u00e4gt. Unser peruanisches Kokain ist ein wei\u00dfes Pulver, das aus dem Kokablatt gewonnen wird, einer Pflanze (Coca), die haupts\u00e4chlich in S\u00fcdamerika w\u00e4chst. &#8222;Split&#8220; ist nicht nur ein weiteres Medikament, sondern ein eher gewohnheitsbildendes Mittel, das auch durchtr\u00e4nkt\u2026<\/p>","protected":false},"featured_media":1475,"comment_status":"open","ping_status":"closed","template":"","meta":{"content-type":""},"product_brand":[],"product_cat":[26],"product_tag":[27,28,29,30,31,32,33,34,35,36,37,38,39,40,41,42,43,44,45,46,47,48,49,50,51,52,53,54,55,56,57,58,59,60,61,62,63,64,65,66,67,68,69,70,71,72,73,74,75,76,77,78,79,80,81,82,83],"class_list":{"0":"post-1460","1":"product","2":"type-product","3":"status-publish","4":"has-post-thumbnail","6":"product_cat-kokain","7":"product_tag-besitz-von-kokain-zum-verkauf-hs","8":"product_tag-cocaine-hydrochloride-sale","9":"product_tag-cocaine-leaves-for-sale","10":"product_tag-cocaine-lockup-sale","11":"product_tag-cocaine-mirror-for-sale","12":"product_tag-cocaine-origins","13":"product_tag-cocaine-pipes-for-sale","14":"product_tag-cocaine-plant-for-sale","15":"product_tag-cocaine-purity-test-for-sale","16":"product_tag-cocaine-sale-gta","17":"product_tag-cocaine-sale-reddit","18":"product_tag-cocaine-seed-sale","19":"product_tag-cocaine-seeds-for-sale","20":"product_tag-cocaine-seeds-for-sale-online","21":"product_tag-cocaine-spoons-for-sale","22":"product_tag-cocaine-tea-for-sale","23":"product_tag-cocaine-tooters-for-sale","24":"product_tag-cocaine-vials-for-sale","25":"product_tag-colombian-cocaine-for-sale","26":"product_tag-crack-cocaine-for-sale-online","27":"product_tag-fake-cocaine-for-sale","28":"product_tag-groshandel-kokain-zum-verkauf","29":"product_tag-gta-online-cocaine-lockup-buying-supplies","30":"product_tag-kilo-of-cocaine-for-sale","31":"product_tag-kokain","32":"product_tag-kokain-bullet-for-sale","33":"product_tag-kokain-cowboys","34":"product_tag-kokain-for-sale","35":"product_tag-kokain-for-sale-australia","36":"product_tag-kokain-for-sale-craigslist","37":"product_tag-kokain-for-sale-near-me","38":"product_tag-kokain-for-sale-online-usa","39":"product_tag-kokain-for-sale-usa","40":"product_tag-kokain-for-sale-websites","41":"product_tag-kokain-for-sales","42":"product_tag-kokain-for-sell","43":"product_tag-kokain-grinders-for-sale","44":"product_tag-kokain-history","45":"product_tag-kokain-hydrochloride-for-sale","46":"product_tag-kokain-online-kaufen","47":"product_tag-legal-cocaine-for-sale","48":"product_tag-legal-synthetic-cocaine-for-sale","49":"product_tag-online-cocaine-anonymous-meetings","50":"product_tag-online-cocaine-for-sale","51":"product_tag-online-cocaine-meetings","52":"product_tag-online-cocaine-purchase","53":"product_tag-online-kokain-verkauf","54":"product_tag-peruanisches-kokain-zum-verkauf","55":"product_tag-pharmazeutisches-kokain-zum-verkauf","56":"product_tag-reines-kokain-zum-verkauf","57":"product_tag-reines-kokain-zum-verkauf-online","58":"product_tag-synthetisches-crack-kokain-zum-verkauf","59":"product_tag-synthetisches-kokain-zum-verkauf","60":"product_tag-synthetisches-kokain-zum-verkauf-online","61":"product_tag-verkauf-von-kokain","62":"product_tag-verkauf-von-kokain-florida","63":"product_tag-verkauf-von-kokain-georgia","65":"first","66":"instock","67":"shipping-taxable","68":"purchasable","69":"product-type-variable"},"_links":{"self":[{"href":"https:\/\/kokaindrogekaufen.com\/pl\/wp-json\/wp\/v2\/product\/1460"}],"collection":[{"href":"https:\/\/kokaindrogekaufen.com\/pl\/wp-json\/wp\/v2\/product"}],"about":[{"href":"https:\/\/kokaindrogekaufen.com\/pl\/wp-json\/wp\/v2\/types\/product"}],"replies":[{"embeddable":true,"href":"https:\/\/kokaindrogekaufen.com\/pl\/wp-json\/wp\/v2\/comments?post=1460"}],"wp:featuredmedia":[{"embeddable":true,"href":"https:\/\/kokaindrogekaufen.com\/pl\/wp-json\/wp\/v2\/media\/1475"}],"wp:attachment":[{"href":"https:\/\/kokaindrogekaufen.com\/pl\/wp-json\/wp\/v2\/media?parent=1460"}],"wp:term":[{"taxonomy":"product_brand","embeddable":true,"href":"https:\/\/kokaindrogekaufen.com\/pl\/wp-json\/wp\/v2\/product_brand?post=1460"},{"taxonomy":"product_cat","embeddable":true,"href":"https:\/\/kokaindrogekaufen.com\/pl\/wp-json\/wp\/v2\/product_cat?post=1460"},{"taxonomy":"product_tag","embeddable":true,"href":"https:\/\/kokaindrogekaufen.com\/pl\/wp-json\/wp\/v2\/product_tag?post=1460"}],"curies":[{"name":"wp","href":"https:\/\/api.w.org\/{rel}","templated":true}]}}