{"id":1469,"date":"2023-06-27T19:19:18","date_gmt":"2023-06-27T18:19:18","guid":{"rendered":"https:\/\/kokaindrogekaufen.com\/?post_type=product&#038;p=1469"},"modified":"2026-01-27T00:47:38","modified_gmt":"2026-01-27T00:47:38","slug":"cocaine-capsules-for-sale","status":"publish","type":"product","link":"https:\/\/kokaindrogekaufen.com\/pl\/product\/cocaine-capsules-for-sale\/","title":{"rendered":"COCAINE KAPSU\u0141KI FOR SALE"},"content":{"rendered":"<h2>\u041a\u041e\u041a\u0410\u0418\u041d\u041e\u0412\u042b\u0415 KAPSU\u0141KI NA SPRZEDA\u017b<\/h2>\n<p>\u041a\u043e\u043a\u0430\u0438\u043d\u043e\u0432\u044b\u0435 kapsu\u0142ki nale\u017c\u0105 do grupy lek\u00f3w, przepisanych przez lekarza, znanych jako wojew\u00f3dzkie \u015brodki uspokajaj\u0105ce. Te przyczyny to brak uczucia lub zamieranie w obszarach, gdzie jest on u\u017cywany, a tak\u017ce zapobieganie uczucia dyskomfortu z pomoc\u0105 ostro\u017cnych metod. \u041a\u043e\u043a\u0430\u0438\u043d\u043e\u0432\u044b\u0435 kapsu\u0142ki sta\u0142y si\u0119 powszechnie u\u017cywanymi energetycznymi \u015brodk\u00f3w z powodu ich u\u017cycia, poniewa\u017c mog\u0105 one spowodowa\u0107 \u015bmier\u0107, kt\u00f3ra mo\u017ce by\u0107 spowodowana szeregiem problem\u00f3w, takich jak choroby uk\u0142adu kr\u0105\u017cenia, nerek, skurcze i udar m\u00f3zgu. \u041a\u043e\u043a\u0430\u0438\u043d\u043e\u0432\u044b\u0435 kapsu\u0142ki na sprzeda\u017c<\/p>\n<p>Leczenie jest bez w\u0105tpienia wa\u017cnym aspektem leczenia \u043a\u043e\u043a\u0430\u0438\u043d\u043e\u0432\u044b\u043c\u0438 kapsu\u0142ki. Bada niedogodno\u015bci, kt\u00f3re mia\u0142y wp\u0142yw na twoje za\u017cywanie narkotyk\u00f3w, a tak\u017ce daje mo\u017cliwo\u015b\u0107 dostosowania si\u0119 do niebezpiecznych sytuacji. Bardzo wa\u017cne jest, \u017ce te wyniki nie s\u0105 oczekiwane lub w spos\u00f3b sp\u00f3jny, podczas gdy wy\u017csze dawki, zwykle w wi\u0119kszym stopniu odpowiedzialne za uruchomienie ca\u0142ego spektrum efekt\u00f3w. \u041a\u043e\u043a\u0430\u0438\u043d\u043e\u0432\u044b\u0435 kapsu\u0142ki na sprzeda\u017c<\/p>\n<p>Dok\u0142adnie tak samo niekorzystne efekty staj\u0105 si\u0119 bardziej rozs\u0105dne podczas przyjmowania wi\u0119kszych dawek i powinny obejmowa\u0107 uzale\u017cnienie, g\u0142\u00f3wnym obra\u017cenia lub \u015bmier\u0107. Efekty w prawdziwym \u017cyciu. \u041a\u043e\u043a\u0430\u0438\u043d\u043e\u0432\u044b\u0435 kapsu\u0142ki - to wywo\u0142uj\u0105cy bardzo wci\u0105gaj\u0105ca energetyczny narkotyk, kt\u00f3ry otrzymuje si\u0119 z li\u015bci koki, kt\u00f3ra ro\u015bnie w Ameryce Po\u0142udniowej. Prawdopodobnie najbardziej potencjalnie szkodliwe prawdziwe konsekwencje przyjmowania \u043a\u043e\u043a\u0430\u0438\u043d\u043e\u0432\u044b\u0445 kapsu\u0142ki maj\u0105 raczej uk\u0142adu sercowo-naczyniowego, ni\u017c neurologiczn\u0105 natur\u0119. \u041a\u043e\u043a\u0430\u0438\u043d\u043e\u0432\u044b\u0435 kapsu\u0142ki na sprzeda\u017c<\/p>\n<h3>ZAKUP \u041a\u041e\u041a\u0410\u0418\u041d\u041e\u0412\u042b\u0425 KAPSU\u0141KI W INTERNECIE:<\/h3>\n<p>Z powodu blokuj\u0105cego dzia\u0142ania kokainy na kana\u0142y sodowe uk\u0142adu sercowo-naczyniowego w du\u017cych dawkach mo\u017ce spowodowa\u0107 powa\u017cne choroby serca, w tym nag\u0142a sercowa \u015bmier\u0107. Palenie papieros\u00f3w powoduje powa\u017cne problemy z p\u0142ucami. Infuzji kokainy ma wszystkie skutki uboczne od do\u017cylnego podawania lek\u00f3w. Przeniesienie chor\u00f3b zaka\u017anych, takich jak HIV i zapalenie w\u0105troby, ropnie, p\u0119kni\u0119cie \u017cy\u0142y i zaka\u017cenia. \u041a\u043e\u043a\u0430\u0438\u043d\u043e\u0432\u044b\u0435 kapsu\u0142ki na sprzeda\u017c<\/p>\n<p>\u015amier\u0107 zwi\u0105zana z kokain\u0105, cz\u0119sto jest wynikiem niewydolno\u015bci serca lub skurcze. Mimo, \u017ce renomowane pracownicy s\u0142u\u017cby zdrowia mog\u0105 u\u017cywa\u0107 kokain\u0119 w legalnych celach medycznych, np. do lokalnego uspokojenia w pewnych procedurach medycznych, sportowe u\u017cywanie kokainy \u043d\u0435\u043f\u0440\u043e\u0434\u0443\u043c\u0430\u043d\u043d\u043e. Kapsu\u0142ki z kokain\u0105 zazwyczaj sk\u0142adaj\u0105 si\u0119 z bia\u0142ego proszku. Zwykle go wdycha\u0107 przez nos lub miesza si\u0119 z wod\u0105 pitn\u0105 przed wprowadzeniem za pomoc\u0105 ig\u0142y. \u041a\u043e\u043a\u0430\u0438\u043d\u043e\u0432\u044b\u0435 kapsu\u0142ki na sprzeda\u017c<\/p>\n<p>Kapsu\u0142ki z kokain\u0105 mo\u017cna r\u00f3wnie\u017c przekszta\u0142ci\u0107 w ma\u0142e, bia\u0142e kamienie, znane jako \u0142zy. Nastoletni kontuzji i cz\u0119ste sytuacje stresowe, spowodowane przez niedojrza\u0142o\u015b\u0107, mog\u0105 zwi\u0119kszy\u0107 prawdopodobie\u0144stwo, \u017ce kto\u015b odwo\u0142ywa\u0142 si\u0119 do narkotyk\u00f3w, aby pom\u00f3c sobie. Samoleczenie przy pierwotnych bada\u0144 klinicznych lub psychologicznych problemach mo\u017ce prowadzi\u0107 do maltretowane i zale\u017cno\u015bci, poniewa\u017c, wed\u0142ug szacunk\u00f3w Narodowego sojuszu na choroby psychiczne (NAMI), oko\u0142o 50% os\u00f3b nadu\u017cywaj\u0105cych zalecanych przez lekarza lek\u00f3w, r\u00f3wnie\u017c odczuwaj\u0105 negatywne skutki asynchronicznego choroby psychicznej. \u041a\u043e\u043a\u0430\u0438\u043d\u043e\u0432\u044b\u0435 kapsu\u0142ki na sprzeda\u017c<\/p>\n<h4>KAPSU\u0141KI Z KOKAIN\u0104 DO SPRZEDA\u017bY W INTERNECIE:<\/h4>\n<p>Jednak kolumbii \u043a\u043e\u043a\u0430\u0438\u043d\u043e\u0432\u044b\u0435 kapsu\u0142ki mog\u0105 by\u0107 r\u00f3wnie\u017c u\u017cywane przez lekarzy specjalist\u00f3w w po\u0142\u0105czeniu z niekt\u00f3rymi lekami, wa\u017cne dla zdrowia cz\u0142owieka. Ludzie wykorzystuj\u0105 to, aby si\u0119 wyleczy\u0107 z wielu chor\u00f3b, takich jak smutek, stres i tak dalej. Kapsu\u0142ki z kokain\u0105 wygl\u0105daj\u0105 na ulicy jak fantastyczny proszek z bia\u0142ego kamienia szlachetnego. \u041a\u043e\u043a\u0430\u0438\u043d\u043e\u0432\u044b\u0435 kapsu\u0142ki na sprzeda\u017c<\/p>\n<p>Aby zwi\u0119kszy\u0107 dochody, uliczni sprzedawcy cz\u0119sto miesza si\u0119 go z m\u0105ki kukurydzianej, proszku dla niemowl\u0105t lub m\u0105k\u0105. Jednak, gdy przetwarzanie koki przechodzi na odbi\u00f3r \u043a\u043e\u043a\u0430\u0438\u043d\u043e\u0432\u044b\u0445 kapsu\u0142ki, zmienione energetyczne proporcje staj\u0105 si\u0119 znacznie bardziej imponuj\u0105ce. Z tej zmiany i wzrost si\u0142y oddzia\u0142ywania na umys\u0142 staje si\u0119 o wiele bardziej spektakularne, a prawdopodobie\u0144stwo kszta\u0142towania nawyk\u00f3w wysoka. \u041a\u043e\u043a\u0430\u0438\u043d\u043e\u0432\u044b\u0435 kapsu\u0142ki na sprzeda\u017c<\/p>\n<p>Ka\u017cdy, kto kiedykolwiek nadu\u017cywa\u0142 \u043a\u043e\u043a\u0430\u0438\u043d\u043e\u0432\u044b\u043c\u0438 kapsu\u0142ki lub by\u0142 \u015bwiadkiem uzale\u017cnienia od kokainy, wie, jak szkodliwe mo\u017ce by\u0107 to lekarstwo. Akcja \u043a\u043e\u043a\u0430\u0438\u043d\u043e\u0432\u044b\u0445 kapsu\u0142ki nie ogranicza si\u0119 tylko do stymuluj\u0105ce dzia\u0142anie na organizm. Je\u015bli kupuj\u0105cy prawid\u0142owo sporz\u0105dzony z \u043a\u043e\u043a\u0430\u0438\u043d\u043e\u0432\u044b\u043c\u0438 kapsu\u0142ki, mo\u017ce to r\u00f3wnie\u017c prowadzi\u0107 do r\u00f3\u017cnych konsekwencji dla zdrowia psychicznego. Jednym z niew\u0105tpliwie najbardziej popularnych psychologicznych skutk\u00f3w u\u017cywania \u043a\u043e\u043a\u0430\u0438\u043d\u043e\u0432\u044b\u0445 kapsu\u0142ek jest. \u041a\u043e\u043a\u0430\u0438\u043d\u043e\u0432\u044b\u0435 kapsu\u0142ki na sprzeda\u017c<\/p>\n<h4>KOKAINA DO SPRZEDA\u017bY:<\/h4>\n<p>\u041d\u044e\u0445\u0430\u043d\u0438\u0435 \u043a\u043e\u043a\u0430\u0438\u043d\u043e\u0432\u044b\u0445 kapsu\u0142ek mo\u017ce spowodowa\u0107 powa\u017cne problemy z nosem. To prowadzi do zw\u0119\u017cenia \u017cy\u0142 w nosie, co zmniejsza dop\u0142yw tlenu do tkanek nosa. Inne substancje, kt\u00f3re dealerzy miesza si\u0119 z \u043a\u043e\u043a\u0430\u0438\u043d\u043e\u0432\u044b\u043c\u0438 kapsu\u0142ki, mog\u0105 r\u00f3wnie\u017c uszkodzi\u0107 pokryw\u0119 przycisku. Wdychanie \u043a\u043e\u043a\u0430\u0438\u043d\u043e\u0432\u044b\u0445 kapsu\u0142ek mo\u017ce prowadzi\u0107 do infekcji nosa i jamy ubytk\u00f3w bakteriami. Niezale\u017cnie od tego, jak i w jakiej ilo\u015bci s\u0105 \u043a\u043e\u043a\u0430\u0438\u043d\u043e\u0432\u044b\u0435 kapsu\u0142ki, u\u017cywanie kokainy cz\u0119sto wi\u0105\u017ce si\u0119 z ryzykiem zawa\u0142\u00f3w serca, udar\u00f3w m\u00f3zgu, napad\u00f3w i nag\u0142ej \u015bmierci. \u041a\u043e\u043a\u0430\u0438\u043d\u043e\u0432\u044b\u0435 kapsu\u0142ki na sprzeda\u017c<\/p>\n<p>Coca chroni organizm cz\u0142owieka przed wielu chor\u00f3b, a nasi lekarze u\u017cywaj\u0105 jej w postaci proszku do zdejmowania obrz\u0119ku rany, wzmocnienia uszkodzonych ko\u015bci, wygnania zimna z cia\u0142a lub zapobiec jego infiltracji, a tak\u017ce do pokonania uszkodzonych kontuzji lub uraz\u00f3w, dotkni\u0119tych paso\u017cytami.kapsu\u0142ki z kokain\u0105 na sprzeda\u017c<\/p>\n<h4>artyku\u0142:<\/h4>\n<p>W wielu przypadkach, szczeg\u00f3lnie przy paleniu lub wprowadzenie \u043a\u043e\u043a\u0430\u0438\u043d\u043e\u0432\u044b\u0445 kapsu\u0142ki, efekty pojawiaj\u0105 si\u0119 bardzo szybko, a tak\u017ce sprawdzacie, jak mog\u0105 rozprzestrzenia\u0107 si\u0119 bardzo szybko. Wyniki odbioru \u043a\u043e\u043a\u0430\u0438\u043d\u043e\u0432\u044b\u0445 kapsu\u0142ki mog\u0105 czasami osi\u0105gn\u0105\u0107 5-10 minut, co zmusza poszczeg\u00f3lne hotele korzysta\u0107 z nadwy\u017cki kwot, aby zapewni\u0107 sobie mo\u017cliwo\u015b\u0107 uzyska\u0107 wy\u017csze punkty. \u041a\u043e\u043a\u0430\u0438\u043d\u043e\u0432\u044b\u0435 kapsu\u0142ki na sprzeda\u017c<\/p>","protected":false},"excerpt":{"rendered":"<p>KOKAIN KAPSELN ZUM VERKAUF Kokainkapseln geh\u00f6ren zu einer Gruppe von \u00e4rztlich verordneten Medikamenten, die als provinzielle Beruhigungsmittel bekannt sind. Zu diesen Gr\u00fcnden geh\u00f6ren das Fehlen von Gef\u00fchlen oder das Absterben in den Bereichen, in denen es verwendet wird, sowie die Verhinderung von Unbehaglichkeitsgef\u00fchlen durch vorsichtige Methoden. Kokainkapseln haben sich aufgrund ihres Verwendungszwecks zu den am meisten verbreiteten Energetika entwickelt, da sie den Tod herbeif\u00fchren k\u00f6nnen, der durch eine Reihe von Schwierigkeiten wie Herz-Kreislauf-Versagen, Krampfanf\u00e4lle und Schlaganf\u00e4lle hervorgerufen werden kann. Kokainkapseln zum Verkauf Die Behandlung ist zweifelsohne ein wichtiger Aspekt der Kokainkapsel-Behandlung. Sie untersucht die Unannehmlichkeiten, die Ihren Drogenkonsum beeinflusst haben,\u2026<\/p>","protected":false},"featured_media":1476,"comment_status":"open","ping_status":"closed","template":"","meta":{"content-type":""},"product_brand":[],"product_cat":[26],"product_tag":[27,28,29,30,31,32,33,34,35,36,37,38,39,40,41,42,43,44,45,46,47,48,49,50,51,52,53,54,55,56,57,58,59,60,61,62,63,64,65,66,67,68,69,70,71,72,73,74,75,76,77,78,79,80,81,82,83],"class_list":{"0":"post-1469","1":"product","2":"type-product","3":"status-publish","4":"has-post-thumbnail","6":"product_cat-kokain","7":"product_tag-besitz-von-kokain-zum-verkauf-hs","8":"product_tag-cocaine-hydrochloride-sale","9":"product_tag-cocaine-leaves-for-sale","10":"product_tag-cocaine-lockup-sale","11":"product_tag-cocaine-mirror-for-sale","12":"product_tag-cocaine-origins","13":"product_tag-cocaine-pipes-for-sale","14":"product_tag-cocaine-plant-for-sale","15":"product_tag-cocaine-purity-test-for-sale","16":"product_tag-cocaine-sale-gta","17":"product_tag-cocaine-sale-reddit","18":"product_tag-cocaine-seed-sale","19":"product_tag-cocaine-seeds-for-sale","20":"product_tag-cocaine-seeds-for-sale-online","21":"product_tag-cocaine-spoons-for-sale","22":"product_tag-cocaine-tea-for-sale","23":"product_tag-cocaine-tooters-for-sale","24":"product_tag-cocaine-vials-for-sale","25":"product_tag-colombian-cocaine-for-sale","26":"product_tag-crack-cocaine-for-sale-online","27":"product_tag-fake-cocaine-for-sale","28":"product_tag-groshandel-kokain-zum-verkauf","29":"product_tag-gta-online-cocaine-lockup-buying-supplies","30":"product_tag-kilo-of-cocaine-for-sale","31":"product_tag-kokain","32":"product_tag-kokain-bullet-for-sale","33":"product_tag-kokain-cowboys","34":"product_tag-kokain-for-sale","35":"product_tag-kokain-for-sale-australia","36":"product_tag-kokain-for-sale-craigslist","37":"product_tag-kokain-for-sale-near-me","38":"product_tag-kokain-for-sale-online-usa","39":"product_tag-kokain-for-sale-usa","40":"product_tag-kokain-for-sale-websites","41":"product_tag-kokain-for-sales","42":"product_tag-kokain-for-sell","43":"product_tag-kokain-grinders-for-sale","44":"product_tag-kokain-history","45":"product_tag-kokain-hydrochloride-for-sale","46":"product_tag-kokain-online-kaufen","47":"product_tag-legal-cocaine-for-sale","48":"product_tag-legal-synthetic-cocaine-for-sale","49":"product_tag-online-cocaine-anonymous-meetings","50":"product_tag-online-cocaine-for-sale","51":"product_tag-online-cocaine-meetings","52":"product_tag-online-cocaine-purchase","53":"product_tag-online-kokain-verkauf","54":"product_tag-peruanisches-kokain-zum-verkauf","55":"product_tag-pharmazeutisches-kokain-zum-verkauf","56":"product_tag-reines-kokain-zum-verkauf","57":"product_tag-reines-kokain-zum-verkauf-online","58":"product_tag-synthetisches-crack-kokain-zum-verkauf","59":"product_tag-synthetisches-kokain-zum-verkauf","60":"product_tag-synthetisches-kokain-zum-verkauf-online","61":"product_tag-verkauf-von-kokain","62":"product_tag-verkauf-von-kokain-florida","63":"product_tag-verkauf-von-kokain-georgia","65":"first","66":"instock","67":"shipping-taxable","68":"purchasable","69":"product-type-variable"},"_links":{"self":[{"href":"https:\/\/kokaindrogekaufen.com\/pl\/wp-json\/wp\/v2\/product\/1469"}],"collection":[{"href":"https:\/\/kokaindrogekaufen.com\/pl\/wp-json\/wp\/v2\/product"}],"about":[{"href":"https:\/\/kokaindrogekaufen.com\/pl\/wp-json\/wp\/v2\/types\/product"}],"replies":[{"embeddable":true,"href":"https:\/\/kokaindrogekaufen.com\/pl\/wp-json\/wp\/v2\/comments?post=1469"}],"wp:featuredmedia":[{"embeddable":true,"href":"https:\/\/kokaindrogekaufen.com\/pl\/wp-json\/wp\/v2\/media\/1476"}],"wp:attachment":[{"href":"https:\/\/kokaindrogekaufen.com\/pl\/wp-json\/wp\/v2\/media?parent=1469"}],"wp:term":[{"taxonomy":"product_brand","embeddable":true,"href":"https:\/\/kokaindrogekaufen.com\/pl\/wp-json\/wp\/v2\/product_brand?post=1469"},{"taxonomy":"product_cat","embeddable":true,"href":"https:\/\/kokaindrogekaufen.com\/pl\/wp-json\/wp\/v2\/product_cat?post=1469"},{"taxonomy":"product_tag","embeddable":true,"href":"https:\/\/kokaindrogekaufen.com\/pl\/wp-json\/wp\/v2\/product_tag?post=1469"}],"curies":[{"name":"wp","href":"https:\/\/api.w.org\/{rel}","templated":true}]}}