{"id":1480,"date":"2023-06-27T19:19:30","date_gmt":"2023-06-27T18:19:30","guid":{"rendered":"https:\/\/kokaindrogekaufen.com\/?post_type=product&#038;p=1480"},"modified":"2026-01-27T00:38:05","modified_gmt":"2026-01-27T00:38:05","slug":"kokainpulver-zu-verkaufen","status":"publish","type":"product","link":"https:\/\/kokaindrogekaufen.com\/pl\/product\/kokainpulver-zu-verkaufen\/","title":{"rendered":"KOKAINY W PROSZKU DO SPRZEDA\u017bY"},"content":{"rendered":"<h2>KOKAINY W PROSZKU DO SPRZEDA\u017bY:<\/h2>\n<p>W wi\u0119kszo\u015bci przypadk\u00f3w mamy czysty i wysokiej jako\u015bci kokainy w proszku do sprzeda\u017cy w najni\u017cszych cenach. Akcja \u043a\u043e\u043a\u0430\u0438\u043d\u043e\u0432\u043e\u0433\u043e proszku nast\u0119puje wolniej, gdy jego w\u0105chania, \u017ce mo\u017ce potrwa\u0107 do 20 minut. W proszku kokaina - jest to szczeg\u00f3lnie niesamowity narkotyk, kt\u00f3ry sam w sobie powoduje, \u017ce wiele potencjalnie katastrofalnych skutk\u00f3w, w tym rozw\u00f3j zaburzenia materialnej konsumpcji.<\/p>\n<p>W proszku kokaina w po\u0142\u0105czeniu z r\u00f3\u017cnymi substancjami mo\u017ce spowodowa\u0107 nieprzewidywalne skutki, z kt\u00f3rych wi\u0119kszo\u015b\u0107 mo\u017ce by\u0107 zar\u00f3wno niebezpieczne, jak i destrukcyjne. Efekt trwa oko\u0142o godziny. Wraz z wprowadzeniem proszku kokainy efekt dociera do m\u00f3zgu w mniej ni\u017c sekund\u0119 i trwa prawie 30 minut. Przyjmowanie sproszkowanego kokainy powoduje spowolnienie pracy m\u00f3zgu konsumenta. Kokaina cz\u0119sto mo\u017cna znale\u017a\u0107 dost\u0119pne dla zakup\u00f3w w Internecie.<\/p>\n<p>Kokaina, otrzymany z li\u015bci koki, pierwotnie opracowany jako lek przeciwb\u00f3lowy. Cz\u0119sto w\u0105chania, a proszek jest op\u00f3\u017aniony w strategii dystrybucji tkanek nosa. Crack-kokainy w proszku - to odmiana \u043a\u043e\u043a\u0430\u0438\u043d\u043e\u0432\u043e\u0433\u043e proszku fileorm ofile, przypomina rock. W wi\u0119kszo\u015bci przypadk\u00f3w jak brylant ma kremowy kolor, ale mo\u017ce r\u00f3wnie\u017c mie\u0107 czerwonawy odcie\u0144, kt\u00f3ry wygl\u0105da jak ncp. Kokainy w proszku do sprzeda\u017cy<\/p>\n<p>Proszek kokainy nie krystalizuje si\u0119, jak inne narkotyki llct. Kiedy kokainy w proszku pochodzi z nielegalnych \u017ar\u00f3de\u0142, cz\u0119sto si\u0119 psuje, co mo\u017ce radykalnie zmieni\u0107 jego wp\u0142yw na organizm. Mimo, \u017ce produkty rozpadu substancji farmakologicznie nieaktywne, ich po\u0142\u0105czenie z bardzo d\u0142ugim terminem wa\u017cno\u015bci proszkowej kokainy z powodu wilgoci mo\u017ce doprowadzi\u0107 do tego, \u017ce pozornie potencji, w tym pomiary proszkowej kokainy, b\u0119d\u0105 niesko\u0144czenie si\u0119 r\u00f3\u017cni\u0107, przez co trudno jest definicja &#034;standardowej porcji&#034;. Kokainy w proszku do sprzeda\u017cy<\/p>\n<h3>KUPI\u0106 PROSZEK KOKAINY ONLINE:<\/h3>\n<p>Die Droge \u043eff\u0435r nt\u0435n\u0435 \u0443\u0435t h\u043ert-lv\u0435d \u0440l\u0435\u0430ur\u0430bl\u0435 \u0435ff\u0435\u0441t \u0440r\u043em\u0440tng r\u0435\u0440\u0435\u0430t\u0435d zdalna.Mimo, \u017ce wielu substancje psychoaktywne naprawd\u0119 bezpieczne same w sobie, w po\u0142\u0105czeniu z innymi substancjami mog\u0105 szybko okaza\u0107 si\u0119 niebezpieczne lub nawet niebezpieczne dla \u017cycia. Kamienie i kokainy w proszku czasami kojarz\u0105 si\u0119 przy wsp\u00f3lnym nauce proszkowej kokainy z r\u00f3\u017cnymi punktami handlowymi, kt\u00f3re w rzeczywisto\u015bci s\u0105 bardzo podobne do kokainy, ale mi\u0119dzy nimi jest jedna istotna r\u00f3\u017cnica. Kokainy w proszku do sprzeda\u017cy<\/p>\n<p>Strona implantacji koki (znany r\u00f3wnie\u017c jako herbata z koki) jest u\u017cywany w niekomercyjnych krajach, gdzie nie ma li\u015bci koki, ale ka\u017cda naturalna restorative impregnacja mo\u017ce by\u0107 u\u017cywany w dowolnym miejscu na \u015bwiecie. Ca\u0142kowicie darmowy i legalny komercjalizacja suszonych li\u015bci koki w postaci filtra pakiet\u00f3w do wykorzystania jako &#034;herbaty z koki&#034; ju\u017c do\u015b\u0107 dawno temu skutecznie idzie prawodawcami Peru i Boliwii jako przysmak, posiadaj\u0105ca \u043e\u0431\u0449\u0435\u0443\u043a\u0440\u0435\u043f\u043b\u044f\u044e\u0449\u0438\u043c\u0438 w\u0142a\u015bciwo\u015bci. Kokainy w proszku do sprzeda\u017cy<\/p>\n<p>Do\u0142\u0105czona wiadomo\u015b\u0107 zawiera kilka znanych niebezpiecznych kombinacji (nawet je\u015bli nie gwarantuje, \u017ce zostan\u0105 one w\u0142\u0105czone). Proszek kokainy jest otrzymywana z li\u015bci ro\u015bliny \u044d\u0440\u0438\u0442\u0440\u043e\u043a\u0441\u0438\u043b\u043e\u043d, kt\u00f3ra ro\u015bnie na po\u0142udniu Stan\u00f3w Zjednoczonych. Wed\u0142ug danych Ministerstwa sprawiedliwo\u015bci USA, kokainy alkaloid wyst\u0119puje w kilku formach. Kokainy w proszku do sprzeda\u017cy<\/p>\n<h4>PROSZEK KOKAINY DO SPRZEDA\u017bY W INTERNECIE:<\/h4>\n<p>Li\u015bcie koki, kokosowy klej w proszku kokaina i produkcja kokainy - to wszystko przyk\u0142ady \u043a\u043e\u043a\u0430\u0438\u043d\u043e\u0432\u044b\u0445 produkt\u00f3w. Staraj\u0105c si\u0119 wzmocni\u0107 dzia\u0142anie i przed\u0142u\u017cy\u0107 czas trwania czystej kokainy w proszku zanieczyszczaj\u0105 lub twardnieje (mielone) takimi substancjami, jak paracetamol, glukoza, soda oczyszczona, talk, m\u0105ka lub inne leki uspokajaj\u0105ce, takie jak \u043b\u0434\u043e\u043a\u0430\u043d. Kokainy w proszku do sprzeda\u017cy<\/p>\n<p>W proszku kokaina daje krzy\u017cowe odporno\u015b\u0107 do wszystkich \u0434\u043e\u0444\u0430\u043c\u0438\u043d\u0435\u0440\u0433\u0438\u0447\u0435\u0441\u043a\u0438\u043c \u044d\u043d\u0435\u0440\u0433\u0435\u0442\u0438\u043a\u0430\u043c, a to oznacza, \u017ce po spo\u017cyciu kokainy energetyczne leki mog\u0105 mie\u0107 zmniejszone dzia\u0142anie. Kokainy w proszku otrzymuje si\u0119 z li\u015bci koki i od wielu lat stosowane w r\u00f3\u017cnych projektach spo\u0142ecznych. Czysty preparat otrzymywany z \u017cywop\u0142ot\u00f3w z \u044d\u0440\u0438\u0442\u0440\u043e\u043a\u0441\u0438\u043b\u043e\u043d-koki, kt\u00f3ra wyst\u0119puje g\u0142\u00f3wnie w po\u0142udniowoameryka\u0144skich krajach Peru, Boliwii i Kolumbii. Kokainy w proszku do sprzeda\u017cy<\/p>\n<p>W proszku kokaina - jeden z najbardziej uzale\u017cniaj\u0105cych narkotyk\u00f3w na rynku. Proszek \u043a\u043e\u043a\u0430\u043d\u0430 powoduje bardzo siln\u0105 zale\u017cno\u015b\u0107 i odporno\u015b\u0107 na dzia\u0142anie na organizm dzi\u0119ki niezwykle korzystne warunki dla zakup\u00f3w w centrach w walce z nawykami. Kokainy w proszku zapobiega ponownego u\u017cycia dopaminy, tak, \u017ce du\u017ca jego ilo\u015b\u0107 mo\u017ce gromadzi\u0107 si\u0119 w neurotransmitter lub \u043d\u0435\u0439\u0440\u043e\u043d\u043d\u043e\u043c interfejsie. Kokainy w proszku do sprzeda\u017cy<\/p>\n<p>Li\u015bcie koki zazwyczaj miesza si\u0119 z \u0440\u0430\u0441\u0442\u0432\u043e\u0440\u044f\u044e\u0449\u0438\u043c\u0441\u044f substancj\u0105 (np. wapnem) i trzymaj\u0105 w ustach mi\u0119dzy dzi\u0105s\u0142ami i policzkach (podobnie \u0436\u0435\u0432\u0430\u043d\u0438\u044e tytoniu). ssa\u0107. To zwi\u0119ksza transmisj\u0119 sygna\u0142\u00f3w dopaminy, tym samym zak\u0142\u00f3caj\u0105c normaln\u0105 psychiczn\u0105 walk\u0119. Kokainy w proszku do sprzeda\u017cy<\/p>\n<h4>KOKAINA DO SPRZEDA\u017bY:<\/h4>\n<p>Ten wyrzut dopaminy jest przyczyn\u0105 kopa, kt\u00f3ry powoduje, \u017ce kokaina. Dodatkowym atrakcyjnym efektem proszku kokainy jest to, \u017ce proszek kokaina sprawia, \u017ce konsumenci czuj\u0105 si\u0119 znacznie ja\u015bniejsze i bardziej przyjacielskie, co cz\u0119sto mo\u017ce uczyni\u0107 go atrakcyjnym dla os\u00f3b do\u015bwiadczaj\u0105cych napi\u0119\u0107 spo\u0142ecznych, \u0441\u0442\u0435\u0441\u043d\u0438\u0442\u0435\u043b\u044c\u043d\u044b\u0445 lub nie maj\u0105cych si\u0142 witalnych, aby wyr\u00f3\u017cnia\u0107 si\u0119 i co\u015b z tym zrobi\u0107, zw\u0142aszcza, je\u015bli ich powolno\u015b\u0107 wynika z rozpaczy. Kokainy w proszku do sprzeda\u017cy<\/p>\n<p>Jeszcze jeden typ, kt\u00f3ry na pewno jest kwadratowym w kamiennym typu pracy z przygotowaniem i mo\u017ce zawiera\u0107 du\u017c\u0105 ilo\u015b\u0107 zanieczyszcze\u0144, to niszczenie ska\u0142. Kup proszek kokainy online, kt\u00f3ry stanowi pot\u0119\u017cne po\u0142\u0105czenie, kt\u00f3re zapewnia energi\u0119 i energi\u0119 dla organizmu ludzkiego i jest cz\u0119sto u\u017cywany jako narkotyk rekreacyjny (substancje chemiczne, podejmowane z ostatecznym celem zadowolenia i relaksu). Wywiera g\u0142\u0119boki wp\u0142yw na umys\u0142, powoduj\u0105c silne uczucia egzotycznej podniecenia, rado\u015bci i nerwowo\u015bci. Kokainy w proszku do sprzeda\u017cy<\/p>\n<p>Kokainy w proszku szybko si\u0119 aplikuje ponownie, przy tym r\u00f3\u017cne klienci spo\u017cywa\u0107 od dw\u00f3ch do trzech gram\u00f3w na wiecz\u00f3r \u2013 w sumie im wi\u0119cej \u043a\u043e\u043a\u0430\u0438\u043d\u043e\u0432\u043e\u0433\u043e proszku stosuje si\u0119 na wiecz\u00f3r, tym gorzej cios. Kokaina, z drugiej strony, powoduje euforyczny poczucie niesamowitej \u0437\u0430\u0446\u0438\u043a\u043b\u0435\u043d\u043d\u043e\u0441\u0442\u0438 i niebezpieczne ostrego zrozumienia w ci\u0105gu oko\u0142o dwudziestu do jednej godziny. Kokainy w proszku do sprzeda\u017cy<\/p>\n<h4>artyku\u0142:<\/h4>\n<p>Przerwa trwa d\u0142u\u017cej ni\u017c trzy do pi\u0119ciu minut i daje klientowi niezwykle silny impuls z punktu widzenia prawdziwych wra\u017ce\u0144, opr\u00f3cz poczucia pe\u0142nego wszechmocy. Poczucie szcz\u0119\u015bcia szybko znika. Opr\u00f3cz negatywnego wp\u0142ywu kokainy w proszku, substancje nierozpuszczalne, u\u017cywane do spryskiwania leki, r\u00f3wnie\u017c stanowi\u0105 zagro\u017cenie wyst\u0105pienia zatorowo\u015bci w bloodstream. Kokainy w proszku do sprzeda\u017cy<\/p>\n<p>Podobnie jak w przypadku innych zabronionych substancji, kokainy w proszku jest r\u00f3wnie\u017c nara\u017cony na ryzyko zaka\u017cenia krwi przez kupuj\u0105cego, je\u015bli sterylnego infuzji sprz\u0119t nie otwiera si\u0119 i nie jest u\u017cywany. W proszku kokaina cz\u0119sto jest bardzo naukowy wci\u0105gaj\u0105ca zakazanym rekreacyjno-lek o szerokim spektrum znanych skutk\u00f3w ubocznych na organizm. Kokainy w proszku do sprzeda\u017cy<\/p>\n<p>W randomizowanych badaniach klinicznych wykazano, \u017ce terapia z mo\u017cliwo\u015bci\u0105 \u015bwiadczenia, na przyk\u0142ad, detalicznych kupon\u00f3w na podstawie r\u00f3wnomiernie potwierdzonego powstrzymywania si\u0119 od za\u017cywania nowych narkotyk\u00f3w, znacznie zmniejsza prawdopodobie\u0144stwo uzyskania dobrej oceny pod k\u0105tem sproszkowany kokainy. Kokainy w proszku do sprzeda\u017cy<\/p>","protected":false},"excerpt":{"rendered":"<p>KOKAINPULVER ZU VERKAUFEN: In den meisten F\u00e4llen haben wir reines und hochwertiges Kokainpulver zu Tiefstpreisen zu verkaufen. Die Wirkung von Kokainpulver setzt am langsamsten ein, wenn es gegrunzt wird, was bis zu 20 Minuten dauern kann. Kokainpulver ist eine besonders erstaunliche Energetisierungsdroge, die f\u00fcr sich allein genommen zahlreiche potenziell katastrophale Folgen hat, darunter die Entwicklung einer materiellen Konsumst\u00f6rung. Kokainpulver in Kombination mit verschiedenen Substanzen kann zu unberechenbaren Ergebnissen f\u00fchren, von denen die meisten sowohl gef\u00e4hrlich als auch zerst\u00f6rerisch sein k\u00f6nnen. Die Wirkung h\u00e4lt etwa eine Stunde an. Wenn Kokainpulver infundiert wird, erreicht die Wirkung das Gehirn in weniger als einer\u2026<\/p>","protected":false},"featured_media":1507,"comment_status":"open","ping_status":"closed","template":"","meta":{"content-type":""},"product_brand":[],"product_cat":[26],"product_tag":[27,28,29,30,31,32,33,34,35,36,37,38,39,40,41,42,43,44,45,46,47,48,49,50,51,52,53,54,55,56,57,58,59,60,61,62,63,64,65,66,67,68,69,70,71,72,73,74,75,76,77,78,79,80,81,82,83],"class_list":{"0":"post-1480","1":"product","2":"type-product","3":"status-publish","4":"has-post-thumbnail","6":"product_cat-kokain","7":"product_tag-besitz-von-kokain-zum-verkauf-hs","8":"product_tag-cocaine-hydrochloride-sale","9":"product_tag-cocaine-leaves-for-sale","10":"product_tag-cocaine-lockup-sale","11":"product_tag-cocaine-mirror-for-sale","12":"product_tag-cocaine-origins","13":"product_tag-cocaine-pipes-for-sale","14":"product_tag-cocaine-plant-for-sale","15":"product_tag-cocaine-purity-test-for-sale","16":"product_tag-cocaine-sale-gta","17":"product_tag-cocaine-sale-reddit","18":"product_tag-cocaine-seed-sale","19":"product_tag-cocaine-seeds-for-sale","20":"product_tag-cocaine-seeds-for-sale-online","21":"product_tag-cocaine-spoons-for-sale","22":"product_tag-cocaine-tea-for-sale","23":"product_tag-cocaine-tooters-for-sale","24":"product_tag-cocaine-vials-for-sale","25":"product_tag-colombian-cocaine-for-sale","26":"product_tag-crack-cocaine-for-sale-online","27":"product_tag-fake-cocaine-for-sale","28":"product_tag-groshandel-kokain-zum-verkauf","29":"product_tag-gta-online-cocaine-lockup-buying-supplies","30":"product_tag-kilo-of-cocaine-for-sale","31":"product_tag-kokain","32":"product_tag-kokain-bullet-for-sale","33":"product_tag-kokain-cowboys","34":"product_tag-kokain-for-sale","35":"product_tag-kokain-for-sale-australia","36":"product_tag-kokain-for-sale-craigslist","37":"product_tag-kokain-for-sale-near-me","38":"product_tag-kokain-for-sale-online-usa","39":"product_tag-kokain-for-sale-usa","40":"product_tag-kokain-for-sale-websites","41":"product_tag-kokain-for-sales","42":"product_tag-kokain-for-sell","43":"product_tag-kokain-grinders-for-sale","44":"product_tag-kokain-history","45":"product_tag-kokain-hydrochloride-for-sale","46":"product_tag-kokain-online-kaufen","47":"product_tag-legal-cocaine-for-sale","48":"product_tag-legal-synthetic-cocaine-for-sale","49":"product_tag-online-cocaine-anonymous-meetings","50":"product_tag-online-cocaine-for-sale","51":"product_tag-online-cocaine-meetings","52":"product_tag-online-cocaine-purchase","53":"product_tag-online-kokain-verkauf","54":"product_tag-peruanisches-kokain-zum-verkauf","55":"product_tag-pharmazeutisches-kokain-zum-verkauf","56":"product_tag-reines-kokain-zum-verkauf","57":"product_tag-reines-kokain-zum-verkauf-online","58":"product_tag-synthetisches-crack-kokain-zum-verkauf","59":"product_tag-synthetisches-kokain-zum-verkauf","60":"product_tag-synthetisches-kokain-zum-verkauf-online","61":"product_tag-verkauf-von-kokain","62":"product_tag-verkauf-von-kokain-florida","63":"product_tag-verkauf-von-kokain-georgia","65":"first","66":"instock","67":"shipping-taxable","68":"purchasable","69":"product-type-variable"},"_links":{"self":[{"href":"https:\/\/kokaindrogekaufen.com\/pl\/wp-json\/wp\/v2\/product\/1480"}],"collection":[{"href":"https:\/\/kokaindrogekaufen.com\/pl\/wp-json\/wp\/v2\/product"}],"about":[{"href":"https:\/\/kokaindrogekaufen.com\/pl\/wp-json\/wp\/v2\/types\/product"}],"replies":[{"embeddable":true,"href":"https:\/\/kokaindrogekaufen.com\/pl\/wp-json\/wp\/v2\/comments?post=1480"}],"wp:featuredmedia":[{"embeddable":true,"href":"https:\/\/kokaindrogekaufen.com\/pl\/wp-json\/wp\/v2\/media\/1507"}],"wp:attachment":[{"href":"https:\/\/kokaindrogekaufen.com\/pl\/wp-json\/wp\/v2\/media?parent=1480"}],"wp:term":[{"taxonomy":"product_brand","embeddable":true,"href":"https:\/\/kokaindrogekaufen.com\/pl\/wp-json\/wp\/v2\/product_brand?post=1480"},{"taxonomy":"product_cat","embeddable":true,"href":"https:\/\/kokaindrogekaufen.com\/pl\/wp-json\/wp\/v2\/product_cat?post=1480"},{"taxonomy":"product_tag","embeddable":true,"href":"https:\/\/kokaindrogekaufen.com\/pl\/wp-json\/wp\/v2\/product_tag?post=1480"}],"curies":[{"name":"wp","href":"https:\/\/api.w.org\/{rel}","templated":true}]}}