{"id":1488,"date":"2023-06-27T19:19:31","date_gmt":"2023-06-27T18:19:31","guid":{"rendered":"https:\/\/kokaindrogekaufen.com\/?post_type=product&#038;p=1488"},"modified":"2024-12-06T05:52:35","modified_gmt":"2024-12-06T05:52:35","slug":"kolumbianisches-kokain-zu-verkaufen","status":"publish","type":"product","link":"https:\/\/kokaindrogekaufen.com\/pl\/product\/kolumbianisches-kokain-zu-verkaufen\/","title":{"rendered":"KOLUMBIJSKA KOKAINA NA SPRZEDA\u017b"},"content":{"rendered":"<h2>KOKAINA DO SPRZEDA\u017bY W EUROPIE:<\/h2>\n<p>W rzeczywisto\u015bci, mamy wysokiej jako\u015bci kokaina do sprzeda\u017cy w Europie. Niekt\u00f3re mi\u0119dzynarodowe kraje, takie jak Peru i Boliwia, pozwalaj\u0105 uprawy li\u015bci koki dla tradycyjnego stosowania cz\u0142onkami spo\u0142eczno\u015bci lokalnych, ale zabraniaj\u0105 produkcja, sprzeda\u017c i spo\u017cycie kolumbijskiej kokainy. Ponadto, w niekt\u00f3rych cz\u0119\u015bciach Europy i Australii spo\u017cywanie przetworzonego columbia kokainy jest dozwolone tylko w celach medycznych.<\/p>\n<p>Cho\u0107 niepo\u017c\u0105dane skutki uboczne, s\u0105 na og\u00f3\u0142 \u0142agodne podczas przyjmowania niskich i \u015brednich dawek, s\u0105 one coraz cz\u0119\u015bciej powstaj\u0105 same z siebie podczas przyjmowania wi\u0119kszych dawek lub d\u0142ugotrwa\u0142ego przyjmowania. Ze wzgl\u0119du na brak praktycznego do\u015bwiadczenia to wci\u0105\u017c w du\u017cej mierze prawda. Najbardziej znane z tych efekt\u00f3w poznawczych s\u0105 zawroty g\u0142owy \/ gor\u0105czka i inne. Kolumbijska kokaina - to stymulator, kt\u00f3ry jest u\u017cywany w leczeniu l\u0119ku. Kokaina do sprzeda\u017cy w Europie<\/p>\n<p>Efekty te mog\u0105 trwa\u0107 od 15 minut do godziny. Napar z ziela koki (kolumbijska kokaina) jest u\u017cywany w mi\u0119dzynarodowym produkcji li\u015bci koki tak samo, jak ka\u017cdy inny napar z zi\u00f3\u0142 w innych cz\u0119\u015bciach \u015bwiata. W ostatnich latach rz\u0105dy Peru i Boliwii aktywnie wspomagaj\u0105 bezp\u0142atn\u0105 i ca\u0142ej sprzeda\u017c suszonych li\u015bci koki w postaci filtracyjnych pakiet\u00f3w do wykorzystania jako &#034;herbaty z koki&#034; jako nap\u00f3j o w\u0142a\u015bciwo\u015bciach leczniczych. Kokaina do sprzeda\u017cy w Niemcy<\/p>\n<p>Czas trwania columbia kokainy zale\u017cy od ilo\u015bci zu\u017cytego i sposobu wprowadzenia. Kolumbijska kokaina - to wysokiej jako\u015bci bia\u0142y proszek o gorzkim smaku. Kolumbijska kokaina - to stymulator uk\u0142adu nerwowego, kt\u00f3ry dzia\u0142a szybko. Jest on uzyskiwany z li\u015bci krzewu koki i jest uwa\u017cana za najsilniejszy ze wszystkich wyst\u0119puj\u0105cych w przyrodzie u\u017cywek. Przy dalszej obr\u00f3bce li\u015bcie koki s\u0105 przekszta\u0142cane w kolumbijska kokaina i columbia crack, kt\u00f3re, bez w\u0105tpienia, s\u0105 sprzedawane na ulicy. Kokaina do sprzeda\u017cy w Niemcy<\/p>\n<h4>ZAKUP KOKAINY ONLINE:<\/h4>\n<p>W niekt\u00f3rych przypadkach rozpuszczony kolumbijska kokaina wilgoc w \u0432\u0430\u0442\u043d\u043e\u043c pierre, kt\u00f3ry wstrzykuje si\u0119 w \u0142eb za 10-15 minut do aukcji, co prowadzi do onemeni\u00fb i zw\u0119\u017cenie obszaru, podlegaj\u0105cych \u043f\u0440\u0438\u0436\u0438\u0433\u0430\u043d\u0438\u044e. Nawet przy takim u\u017cyciu cz\u0119\u015b\u0107 columbia kokainy mo\u017ce by\u0107 wch\u0142aniany przez b\u0142on\u0119 \u015bluzow\u0105 jamy ustnej lub nosa i powodowa\u0107 og\u00f3lnoustrojowe. Kokaina do sprzeda\u017cy w Europie<\/p>\n<p>Kolumbijska \u043a\u043e\u043a\u0430\u0438\u043d\u043e\u0432\u0430\u044f uzale\u017cnienie rozwija si\u0119 bardzo szybko po kr\u00f3tkich okres\u00f3w regularnego za\u017cywania kokainy i prowadzi do stanu odstawienia z niedoborem emocjonalnej motywacji po zaprzestaniu za\u017cywania kokainy. Przyjmowa\u0107 doustnie niebezpieczne, mimo stosowania u\u017cywek, poniewa\u017c uspokajaj\u0105ce dzia\u0142anie alkoholu jest ograniczone do minimum. S\u0105 one jednostkami &#034;upojenia&#034; w organizmie cz\u0142owieka. Kokaina na sprzeda\u017c<\/p>\n<p>Zwykle prowadzi to do nadmiernego spo\u017cycia alkoholu, poniewa\u017c jego hamuj\u0105ce pr\u00f3g jest znacznie zmniejszona, i wi\u0105\u017ce si\u0119 z wysokim ryzykiem uszkodzenia w\u0105troby i zwi\u0119kszonej odwodnienia. Na podstawie funkcji w\u0105troby i nerek metabolity columbia kokainy mog\u0105 by\u0107 wykryte w moczu. \u0411\u0435\u043d\u0437\u043e\u0438\u043b\u044d\u043a\u0433\u043e\u043d\u0438\u043d mo\u017ce by\u0107 wykryte w moczu columbia kokainy w ci\u0105gu 4 godzin po spo\u017cyciu i mo\u017ce by\u0107 wykryty w st\u0119\u017ceniach powy\u017cej 150 ng \/ ml, osiem razy raz po spo\u017cyciu kokainy. Kokaina do sprzeda\u017cy w Niemcy<\/p>\n<p>Kolumbijski chlorowodorek kokainy, regionalny ester do znieczulenia, zosta\u0142 zatwierdzony do u\u017cytku medycznego w Stanach Zjednoczonych w grudniu 2017 roku, a tak\u017ce wskazany do podawania znieczulenia w pobli\u017cu b\u0142ony \u015bluzowej do metod diagnostycznych i operacji nosa uderzeniach lub przez nich u os\u00f3b starszych. Naprawd\u0119 nie wiesz, co zawiera si\u0119 w kokainie, kt\u00f3ry mo\u017cna kupi\u0107 w podr\u00f3\u017cy, bo kolumbijska kokaina, zwykle zawiera wiele r\u00f3\u017cnych sk\u0142adnik\u00f3w. Kokaina do sprzeda\u017cy w Europie<\/p>\n<h4>KOKAINA DO SPRZEDA\u017bY OBOK MNIE :<\/h4>\n<p>Dr\u0105\u017cek do dalszego spo\u017cycia kokainy nie wyst\u0119puje po pierwszej dawce, lub do momentu, a\u017c nie b\u0119dziecie lekarstwo w przysz\u0142o\u015bci. Poniewa\u017c kolumbijska kokaina wyra\u017anie rozk\u0142ada si\u0119 podczas ogrzewania, zwykle u\u017cywane \u043d\u0435\u043e\u0441\u043d\u043e\u0432\u043d\u044b\u0435 i \u0433\u0438\u0434\u0440\u043e\u043a\u0430\u0440\u0431\u043e\u043d\u0430\u0442\u043d\u044b\u0435 soli columbia kokainy, kt\u00f3re, w przeciwie\u0144stwie do \u0433\u0438\u0434\u0440\u043e\u0445\u043b\u043e\u0440\u0438\u0434\u043d\u043e\u0439 soli, rozk\u0142adaj\u0105 si\u0119 znacznie rzadziej. S\u0105 one zwykle nazywane kolumbijskiej koki podstaw\u0105, i \u0142ami\u0105 si\u0119 osobno. Kokaina do sprzeda\u017cy w Niemcy<br \/>\nNale\u017cy zwr\u00f3ci\u0107 uwag\u0119 na ka\u017cdy stan, kt\u00f3ry odwiedzasz, i, co mo\u017ce wa\u017cniejsze, pami\u0119taj o jego prawach. Do pu\u0142apki wybierz kolor, ma kontrastowy odcie\u0144 tego typu wody. Je\u015bli zwyk\u0142a woda ciemna, nale\u017cy stara\u0107 si\u0119 u\u017cywa\u0107 \u015bwiat\u0142a zacienione przyn\u0119ty, aby by\u0142y widoczne dla ryb. Jednak, je\u015bli woda jest oczywiste, u\u017cyj do\u015b\u0107, przezroczysto\u015bci ukrytej przyn\u0119t\u0119.<\/p>\n<p>Ze wzgl\u0119du na swoje oddzia\u0142ywanie na ludno\u015b\u0107 miejscow\u0105 gleb\u0119 i systemu zaopatrzenia w wod\u0119 rozprysk z powietrza cz\u0119sto pot\u0119pi\u0142 bojownik\u00f3w o prawa obywatelskie i ekologicznych aktywist\u00f3w. W grudniu 2000 roku holenderski program \u041c\u0430\u0440\u0434\u0436\u043e\u043d van \u0420\u043e\u0439\u0435\u043d zaznaczy\u0142, \u017ce &#034;jest to substancja resetuje kokain\u0119 z samolot\u00f3w na tereny okupowane Kolumbii, co tworzy ci\u0105g\u0142e problemy z opiek\u0105 spo\u0142eczn\u0105&#034;. Kokaina do sprzeda\u017cy w Europie<\/p>\n<p>W niekt\u00f3rych obszarach wci\u0105\u017c m\u00f3wi si\u0119 o \u0142zawieniem, niepokoju i problemach z oddychaniem.&#034; W niekt\u00f3rych obszarach du\u017ca cz\u0119\u015b\u0107 m\u0142odzie\u017cy miejscowej ludno\u015bci zachorowa\u0142a wysypk\u0105, gor\u0105czk\u0105, katarem i bakteryjnym zaka\u017ceniem oka. Wiele os\u00f3b zaostrzenie te warunki, gdy szukaj\u0105 udogodnienia w pobli\u017cu, co powoduje, \u017ce s\u0105 one przyci\u0105ga\u0107 wi\u0119cej turyst\u00f3w ni\u017c zwykle zak\u0142adano by. Kokaina do sprzeda\u017cy w Niemcy<\/p>\n<h5>CRACK NA SPRZEDA\u017b:<\/h5>\n<p>Kiedy glifosat jest rozpylany w powietrzu, znacznie zwi\u0119ksza si\u0119 ryzyko b\u0142\u0119du ludzkiego podczas rozpylania na rzekomo nielegalne fabryki koki. klan zwykle uprawiane s\u0105 \u017ali w\u0142a\u015bciciele rancza; jednak ro\u015blina ta odegra\u0142a wa\u017cn\u0105 rol\u0119 w konflikcie, poniewa\u017c Farc wzrasta\u0142 zbior\u00f3w i skierowa\u0142a aktywa w stref\u0119 konfliktu.<\/p>\n<p>Kolumbia dzia\u0142a\u0142a w wyj\u0105tkowy spos\u00f3b, ni\u017c prawie ka\u017cdy inny kraj na \u015bwiecie, co cechowa\u0142o Wiede\u0144skiej konferencji 1988 roku, w odniesieniu do nielegalnych docelowych u\u017cytkownik\u00f3w w \u015brodkach odurzaj\u0105cych i substancjach psychotropowych, w tym syntetyczne i lecznicze prekursor\u00f3w, kt\u00f3re swobodnie rozpowszechniane na ca\u0142ym reszty \u015bwiata, podczas gdy w rundzie li\u015bcie kraj\u00f3w przyjmuj\u0105cych narkotyki, zosta\u0142y oznaczone jako &#034;nielegalne&#034;, &#034;nielegalne&#034;, &#034;nielegalne&#034;, &#034;nielegalne&#034;, &#034;nielegalne&#034;, &#034;nielegalne&#034;, &#034;nielegalne&#034;, &#034;nielegalne&#034;, &#034;nielegalne&#034;, &#034;nielegalni&#034;, &#034;nielegalne&#034;, &#034;nielegalne&#034;, &#034;nielegalne&#034;, &#034;nielegalne&#034;, &#034;nielegalne&#034;, &#034;nielegalne&#034;, &#034;nielegalne&#034;. szeroko substancji kontrolowanych. Kokaina do sprzeda\u017cy w Niemcy<\/p>\n<p>Handel kokain\u0105 w Kolumbii ma wiele aspekt\u00f3w. Od w\u0142a\u015bcicieli rancza, kt\u00f3re mog\u0105 nadal uprawia\u0107 kok\u0119 i pomaga\u0107 swoim rodzinom, do t\u0142ustych ryb i ich kartelami, \u043f\u0440\u0438\u043d\u043e\u0441\u044f\u0449\u0438\u043c\u0438 mn\u00f3stwo pieni\u0119dzy, odkrywaj\u0105 \u0437\u0430\u043f\u044f\u0442\u043d\u0430\u043d\u043d\u044b\u0445 prawodawc\u00f3w, rozwijaj\u0105cych swoje organizacje pozarz\u0105dowe i nieformalne si\u0142y zbrojne (paramilitarnych ugrupowa\u0144). Kokaina do sprzeda\u017cy w Europie<\/p>\n<h5>wi\u0119cej:<\/h5>\n<p>W przypadku kontynuowania za\u017cywania narkotyk\u00f3w schemat wynagrodzenia mo\u017ce ulec zmianie, tak \u017ce stanie si\u0119 ona znacznie mniej wra\u017cliwe na lekarstwo. W rezultacie ludzie wybieraj\u0105 bardziej sztywn\u0105 i stabiln\u0105 dawk\u0119, aby poczu\u0107 to samo znaczenie i uzyska\u0107 ulg\u0119 w abstynencji. Kolumbia jest wiod\u0105cym producentem kolumbijskiej kokainy. Kokaina do sprzeda\u017cy w Europie<\/p>\n<p>Kolumbia produkuje oko\u0142o trzech czwartych rocznej ilo\u015bci kokainy na \u015bwiecie, zar\u00f3wno ze wzgl\u0119du na \u043a\u043e\u043a\u0430\u0438\u043d\u043e\u0432\u044b\u0445 operacji, przywiezione z Peru (g\u0142\u00f3wnie z doliny \u0425\u0443\u0430\u043b\u043b\u0430\u0433\u0430) i Boliwii, jak i za spraw\u0105 lokalnej koki. W 1998 roku liczba upraw koki, nie budz\u0105cych w\u0105tpliwo\u015bci, w Kolumbii wzros\u0142a o 28%. Kokaina do sprzeda\u017cy w Niemcy<\/p>\n<p>&nbsp;<\/p>","protected":false},"excerpt":{"rendered":"<p>KOKAIN ZU VERKAUFEN EUROPA: In der Tat haben wir qualitativ hochwertiges Kokain zu verkaufen Europa. Einige internationale L\u00e4nder wie Peru und Bolivien erlauben den Anbau von Kokabl\u00e4ttern f\u00fcr den traditionellen Konsum durch Mitglieder indigener Gemeinschaften, verbieten jedoch die Herstellung, den Verkauf und den Konsum von kolumbianischem Kokain. Dar\u00fcber hinaus ist in Teilen Europas und Australiens der Konsum von verarbeitetem kolumbianischem Kokain nur zu medizinischen Zwecken erlaubt. Obwohl die unerw\u00fcnschten Nebenwirkungen bei niedrigen bis mittleren Dosen in der Regel gering sind, treten sie bei h\u00f6heren Dosen oder l\u00e4ngerem Konsum immer h\u00e4ufiger von selbst auf. Aufgrund der mangelnden Erfahrungen in der Praxis\u2026<\/p>","protected":false},"featured_media":1508,"comment_status":"open","ping_status":"closed","template":"","meta":{"content-type":""},"product_brand":[],"product_cat":[26],"product_tag":[],"class_list":{"0":"post-1488","1":"product","2":"type-product","3":"status-publish","4":"has-post-thumbnail","6":"product_cat-kokain","8":"first","9":"instock","10":"shipping-taxable","11":"purchasable","12":"product-type-variable"},"_links":{"self":[{"href":"https:\/\/kokaindrogekaufen.com\/pl\/wp-json\/wp\/v2\/product\/1488"}],"collection":[{"href":"https:\/\/kokaindrogekaufen.com\/pl\/wp-json\/wp\/v2\/product"}],"about":[{"href":"https:\/\/kokaindrogekaufen.com\/pl\/wp-json\/wp\/v2\/types\/product"}],"replies":[{"embeddable":true,"href":"https:\/\/kokaindrogekaufen.com\/pl\/wp-json\/wp\/v2\/comments?post=1488"}],"wp:featuredmedia":[{"embeddable":true,"href":"https:\/\/kokaindrogekaufen.com\/pl\/wp-json\/wp\/v2\/media\/1508"}],"wp:attachment":[{"href":"https:\/\/kokaindrogekaufen.com\/pl\/wp-json\/wp\/v2\/media?parent=1488"}],"wp:term":[{"taxonomy":"product_brand","embeddable":true,"href":"https:\/\/kokaindrogekaufen.com\/pl\/wp-json\/wp\/v2\/product_brand?post=1488"},{"taxonomy":"product_cat","embeddable":true,"href":"https:\/\/kokaindrogekaufen.com\/pl\/wp-json\/wp\/v2\/product_cat?post=1488"},{"taxonomy":"product_tag","embeddable":true,"href":"https:\/\/kokaindrogekaufen.com\/pl\/wp-json\/wp\/v2\/product_tag?post=1488"}],"curies":[{"name":"wp","href":"https:\/\/api.w.org\/{rel}","templated":true}]}}