{"id":1497,"date":"2023-06-27T19:19:31","date_gmt":"2023-06-27T18:19:31","guid":{"rendered":"https:\/\/kokaindrogekaufen.com\/?post_type=product&#038;p=1497"},"modified":"2024-12-06T05:55:56","modified_gmt":"2024-12-06T05:55:56","slug":"crack-kokain-zu-verkaufen","status":"publish","type":"product","link":"https:\/\/kokaindrogekaufen.com\/pl\/product\/crack-kokain-zu-verkaufen\/","title":{"rendered":"CRACK DO SPRZEDA\u017bY"},"content":{"rendered":"<h2>CRACK DO SPRZEDA\u017bY:<\/h2>\n<p>Zacznijmy od tego, \u017ce Aaronay sprzedaje najwy\u017cszej jako\u015bci i czysty crack na \u015bwiecie. Fizyczne i psychologiczne objawy odstawienia zale\u017cy od wielu czynnik\u00f3w, w tym indywidualn\u0105 odporno\u015b\u0107, trawienie, stopie\u0144 zale\u017cno\u015bci, nasilenie zale\u017cno\u015bci i obecno\u015b\u0107 ukrytych chor\u00f3b psychicznych lub innych uzale\u017cnie\u0144.<\/p>\n<p>Zm\u0119czenie, d\u0142ugotrwa\u0142y i niepokoj\u0105cy wakacje lub niepok\u00f3j, g\u0142\u00f3d, czu\u0142o\u015b\u0107, przygn\u0119bienie, poczucie unicestwienia i niezwyk\u0142e dr\u0105\u017cek do dodatkowych lekarstwa - to wszystko objawy zespo\u0142u odstawienia heroiny. Wspomnienia o \u043a\u043e\u043a\u0430\u0438\u043d\u043e\u0432\u043e\u043c szcz\u0119\u015bcie silne, i istnieje du\u017ce prawdopodobie\u0144stwo ponownego u\u017cycia \u015brodk\u00f3w uspokajaj\u0105cych. Crack na sprzeda\u017c<\/p>\n<p>Cho\u0107 Crack, i Break regulowane tymi samymi przepisami i kar za posiadanie i handel w Kanadzie, jest mo\u017cliwe, \u017ce kupuj\u0105cy Rock b\u0119d\u0105 podlega\u0107 bardziej spojrzeniem kontroli z powodu rasowych i cenowych upodoba\u0144. Crack na sprzeda\u017c<\/p>\n<p>Ponadto, syntetyczna uzale\u017cnienie od kokainy mo\u017ce rozwija\u0107 si\u0119 szybciej ni\u017c od innych profesjonalnie przepisanych lek\u00f3w. U konsument\u00f3w crack i breaka czasami mo\u017ce wyst\u0105pi\u0107 problem zn\u0119cania si\u0119 zaledwie po kilku pr\u00f3bach uzyskania przychod\u00f3w. Cena kokainy spad\u0142a w po\u0142owie lat 1990-tych, po tym, jak przez d\u0142ugi czas by\u0142 uwa\u017cany za atrakcyjny narkotyk dla uzale\u017cnionych i popularnych. Crack do sprzeda\u017cy<\/p>\n<h3>ZAKUP CRACK-KOKAINY ONLINE:<\/h3>\n<p>Jednak obni\u017cenie koszt\u00f3w towarzyszy\u0142 spadek bezpiecze\u0144stwa leku w analogicznym okresie czasu. W zale\u017cno\u015bci od konkretnych potrzeb naprawy mog\u0105 odbywa\u0107 si\u0119 w szpitalu lub ambulatoryjnie. Wielu ludziom przydatne leczenie szpitalne, kt\u00f3ra chroni je przed szkodliwym wp\u0142ywem i zapewnia im stabilne \u015brodowisko. Crack na sprzeda\u017c<\/p>\n<p>Upewnij si\u0119, \u017ce post\u0119pujesz zgodnie z zasadami. Je\u015bli nie jeste\u015b pewny siebie, nie powinno si\u0119 tego robi\u0107. To mo\u017cliwa zamortyzowanego kosztu. Promujemy kroki w celu ograniczenia szk\u00f3d i walczymy z odwo\u0142aniem lek\u00f3w zalecanych przez lekarza. Po prostu pami\u0119taj, \u017ce \u017cadne lekarstwo nie jest w pe\u0142ni \u0431\u0435\u0437\u0440\u0438\u0441\u043a\u043e\u0432\u044b\u043c. Zawsze bezpieczniej jest nie bra\u0107 ich. Nigdy nie podoba mi si\u0119 nadu\u017cywanie papieros\u00f3w, kamieni lub crack i jego pochodnych. Substancja ta mo\u017ce zaszkodzi\u0107. Crack do sprzeda\u017cy<\/p>\n<p>To jest po prostu pouczaj\u0105ce \u0107wiczenie o metodzie produkcji crack-kokainy. Nikt nie wyrusza w drog\u0119 z zamiarem uzale\u017cni\u0107 si\u0119 od czego\u015b. Nawet ten, kto \u015bwiadomie wybiera pr\u00f3bowa\u0107 narkotyk\u00f3w, nie odczuwa ch\u0119ci poddania si\u0119, radzenia sobie z abstynencj\u0105, ryzyko przedawkowania lub umrze\u0107. Istnieje wiele r\u00f3\u017cnic. Crack do sprzeda\u017cy<\/p>\n<p>Warkot podczas przerwy prowadzi do wielu powa\u017cnych i d\u0142ugich fizycznych i psychicznych. Przerwa uwalnia du\u017ce ilo\u015bci dopaminy, synapse, kt\u00f3ry prowadzi do poczucia wdzi\u0119czno\u015bci i zadowolenia, kt\u00f3re wype\u0142niaj\u0105 nawyk. Powa\u017cne konsumenci crack lub przerwy staj\u0105 si\u0119 tolerancyjni wobec narkotyk\u00f3w i w ko\u0144cu czuj\u0105 si\u0119 \u0438\u0441\u0442\u043e\u0449\u0435\u043d\u043d\u044b\u043c\u0438, w panice i niezdolnymi do snu, co prowadzi do niezwyk\u0142ego emocji i b\u00f3lu fizycznego. Crack do sprzeda\u017cy<\/p>\n<h4>CRACK DO SPRZEDA\u017bY W INTERNECIE:<\/h4>\n<p>Niekt\u00f3re drodzy klienci wiedz\u0105 o tych znakach i nie decyduj\u0105 si\u0119 przerwa\u0107 przyjmowanie leku. Prawie pe\u0142na crack b\u0119dzie zabrudzony, nale\u017cy wi\u0119c zbada\u0107 parti\u0119, aby dowiedzie\u0107 si\u0119, czy ma jakie\u015b inne narkotyki (w tym fentanyl), aby zmniejszy\u0107 oczekiwany ryzyko przedawkowania. Crack na sprzeda\u017c<\/p>\n<p>Po po\u0142\u0105czeniu z chlorowodorek alkaliczne alkaloid wyskakuje na powierzchni\u0119 teraz ju\u017c wi\u0119cej p\u0142ynu. Teraz olej wydobywa si\u0119 szybko, zazwyczaj przy u\u017cyciu ig\u0142y lub d\u0142ugiego cienkiego przedmiotu. To ci\u0105gnie i obraca olej w g\u00f3r\u0119, pozwalaj\u0105c powietrzu \u0437\u0430\u0441\u0442\u044b\u0432\u0430\u0442\u044c i suszy\u0107 olej, pozwalaj\u0105c nabywcy i producentem nada\u0107 ma\u015ble kszta\u0142t zbli\u017cony do kamie\u0144. Crack na sprzeda\u017c<\/p>\n<p>P\u0119kni\u0119cie to zwykle bywa w postaci kamieni. Break-rocky bia\u0142e (lub szare) i pasuj\u0105 do siebie jak ula\u0142. Jak nadu\u017cywaj\u0105 kamieniami? Break regularnie pal\u0105. Palenie rocka powoduje przedostanie si\u0119 du\u017cej ilo\u015bci lek\u00f3w do p\u0142uc, co powoduje natychmiastowe i silne euforyczny upojenie. Crack powoduje pogrubienie i zw\u0119\u017cenie \u017cy\u0142, co zmniejsza dop\u0142yw tlenu do serca. Crack na sprzeda\u017c<\/p>\n<p>W tym samym czasie crack powoduje, \u017ce mi\u0119\u015bnie jelit pracowa\u0107 mocniej, co mo\u017ce prowadzi\u0107 do zawa\u0142u serca lub udaru m\u00f3zgu nawet u zdrowych ludzi. Minimalna przerwa&#034; - to proste wyra\u017cenie do dziecka urodzonego z matki, \u0443\u043f\u043e\u0442\u0440\u0435\u0431\u043b\u044f\u0432\u0448\u0435\u0439 crack w czasie ci\u0105\u017cy. Wyobra\u017cenie o tym, \u017ce picie crack stanowi zagro\u017cenie dla dziecka przez ca\u0142y okres ci\u0105\u017cy, w du\u017cej mierze w b\u0142\u0119dzie. Crack do sprzeda\u017cy<\/p>\n<h4>CRACK COCAINE FOR SALE USA:<\/h4>\n<p>Logiczne badania pokazuj\u0105, \u017ce za\u017cywanie kokainy do urodzenia (niezale\u017cnie od innych konsekwencji, takich jak spo\u017cywanie alkoholu, tytoniu lub fizyczna \u015broda) wyra\u017anie wp\u0142ywa na rozw\u00f3j i rozw\u00f3j m\u0142odzie\u017cy. Kokaina i crack, bez w\u0105tpienia, r\u00f3\u017cni\u0105 si\u0119 wygl\u0105dem. Crack do sprzeda\u017cy<\/p>\n<p>Crack zazwyczaj dost\u0119pne w postaci bia\u0142ego proszku, podczas gdy crack dost\u0119pny jest r\u00f3wnie\u017c w postaci kamieni, kt\u00f3re zazwyczaj s\u0105 bia\u0142y, kremowy, br\u0105zowy lub lekko br\u0105zowy kolor. Podczas gdy \u043f\u043e\u0440\u043e\u0448\u043a\u043e\u043e\u0431\u0440\u0430\u0437\u043d\u0443\u044e formularz kokainy zwykle nazywaj\u0105 kokainy lub koksem, kamienna forma znana jako crack. Ze wzgl\u0119du na ni\u017csze ceny w supermarketach ludziom z ubogich spo\u0142eczno\u015bci by\u0142o o wiele \u0142atwiej dosta\u0107, co doprowadzi\u0142o do prognozy, \u017ce marginalne pracownicy z du\u017co wi\u0119kszym prawdopodobie\u0144stwem b\u0119d\u0105 skazani na d\u0142u\u017cszym ni\u017c kr\u00f3tszym cyklu wi\u0119zienia. Crack do sprzeda\u017cy<\/p>\n<p>Za przest\u0119pstwa zwi\u0105zane ze sproszkowanym kokainy. Nadu\u017cywanie \u043a\u0440\u044d\u043a\u043e\u043c mo\u017ce mie\u0107 powa\u017cne konsekwencje dla konsumenta. Koki, wpatruj\u0105c si\u0119 w otwarte drzwi, jak raz analizowa\u0142, czy naprawd\u0119 powinien bardziej uwa\u017cnie zbada\u0107 t\u0119 szczelin\u0119 wyj\u015bcia w \u015bwiat, to znaczy jaka jest test poka\u017ce, czy mu si\u0119 co\u015b zrobi\u0107 z t\u0105 szczelin\u0105, kiedy jego oczy ujrza\u0142y oczy nast\u0119pnego badacze, patrz\u0105cego na niego. Crack do sprzeda\u017cy<\/p>\n<p>Je\u015bli ty lub tw\u00f3j bliski walka z \u043a\u0440\u044d\u043a\u043e\u043c lub innymi powoduje wci\u0105gaj\u0105ca substancjami, pomoc jest tak blisko, jak to nieodpowiedni telefon kom\u00f3rkowy. Niekt\u00f3rzy uczniowie nazwali crack &#034;epidemi\u0105&#034;, zbli\u017cona do moralnego stres, zauwa\u017caj\u0105c, \u017ce wzrost za\u017cywania narkotyk\u00f3w i ich nielegalnego obrotu dosz\u0142o po tym, jak MEDIA poinformowa\u0142y ich narkotyki &#034;epidemi\u0105&#034;. Crack do sprzeda\u017cy<\/p>\n<h5>KOKAINA DO SPRZEDA\u017bY:<\/h5>\n<p>Faktycznie, sta\u0142a dr\u017cenie mo\u017ce przekona\u0107 niekt\u00f3rych kupuj\u0105cych w to, \u017ce poradz\u0105 sobie ze swoj\u0105 nerwowo\u015b\u0107, gdyby mieli nadmiar p\u0119kni\u0119cie, lub \u017ce w og\u00f3le nie b\u0119dzie mie\u0107 z tym do czynienia. Kup wi\u0119cej crack. Podobnie, jak nerwowy stymulacja crack powoduje sza\u0142 witalno\u015b\u0107, lek powoduje r\u00f3wnie\u017c mimowolny dr\u017cenie, podobne do trz\u0119sienia ziemi. Crack na sprzeda\u017c<\/p>\n<p>Nawet bez za\u017cywania narkotyk\u00f3w konsumenci nie mog\u0105 kontrolowa\u0107 dr\u017cenie w ko\u0144czynach. Kokaina i crack maj\u0105 inny wygl\u0105d. Crack zazwyczaj jest to bia\u0142y proszek, podczas gdy crack zwykle jest bia\u0142y, br\u0105zowy lub br\u0105zowy kamie\u0144. Pierwszym krokiem w leczeniu jest rozwi\u0105zywanie poci\u0105gu fizycznego od cracku. Crack do sprzeda\u017cy<\/p>\n<p>Po prostu zaprzesta\u0107 spo\u017cywania crack niew\u0142a\u015bciwe i szkodliwe, dlatego, p\u00f3j\u015b\u0107 na zakupy nale\u017cy uwa\u017cnie \u015bledzi\u0107 konsumentem. By\u0142oby praktycznie niemo\u017cliwe, aby kontrolowa\u0107 apetyt od cracku bez pomocy specjalisty, gdyby to si\u0119 dzia\u0142o w domu. Crack na sprzeda\u017c<\/p>\n<p>\u0410\u0431\u0441\u0442\u0438\u043d\u0435\u043d\u0442\u043d\u0443\u044e terapi\u0119 nale\u017cy przeprowadzi\u0107 w plac\u00f3wce lub oddziale interwencji, gdzie lekarze mog\u0105 obserwowa\u0107 klientem pod k\u0105tem istotnych cech, sprawdzi\u0107, czy nie ma ryzyka nawrotu i da\u0107 mu lekarstwo. Narkotyki dla wsparcia crack cz\u0119sto jest uwa\u017cany za niebezpieczny narkotyk, ale je\u015bli go rozpu\u015bci\u0107 w wodzie i \u017cywno\u015bci \u0441\u043e\u0434\u0435, zagotowa\u0107 (w celu oddzielenia cz\u0105stek sta\u0142ych), nast\u0119pnie sch\u0142odzi\u0107 i wymiesza\u0107, otrzymany produkt b\u0119dzie prawdopodobnie jeszcze bardziej krytyczny. Crack na sprzeda\u017c<\/p>\n<h5>artyku\u0142:<\/h5>\n<p>Na indywidualne nadu\u017cywanie substancji mo\u017ce powa\u017cnie wp\u0142yn\u0105\u0107 crack. Je\u015bli ty lub tw\u00f3j bliski spo\u017cywa\u0107 crack lub inne przyczyny wci\u0105gaj\u0105ca substancji, pomoc - to tylko telefon. jak cena za bary\u0142k\u0119, u tych ludzi by\u0142o mniej dochod\u00f3w do dyspozycji, kt\u00f3ry mogliby przeznaczy\u0107 na narkotyki, ale szukali sposob\u00f3w, aby znacznie zwi\u0119kszy\u0107 swoje dochody. To doprowadzi\u0142o do wzrostu rozpowszechnienia za\u017cywania heroiny w spo\u0142eczno\u015bciach o niskich dochodach i mniejszo\u015bci. W 1980 roku w tych spo\u0142eczno\u015bciach wybuch\u0142a epidemia crack. Crack do sprzeda\u017cy<\/p>","protected":false},"excerpt":{"rendered":"<p>CRACK-KOKAIN ZU VERKAUFEN: Zun\u00e4chst einmal verkauft Aaronay das hochwertigste und reinste Crack der Welt. Die physischen und psychischen Anzeichen des Entzugs h\u00e4ngen von einer Vielzahl von Faktoren ab, darunter die individuelle Belastbarkeit, die Verdauung, das Ausma\u00df der Abh\u00e4ngigkeit, die Schwere der Abh\u00e4ngigkeit und das Vorhandensein versteckter psychischer Erkrankungen oder anderer Abh\u00e4ngigkeiten. M\u00fcdigkeit, ausgedehnte und \u00e4ngstliche Ruhe oder Unruhe, Hunger, Empfindsamkeit, Niedergeschlagenheit, selbstzerst\u00f6rerische Gef\u00fchle und ein au\u00dfergew\u00f6hnliches Verlangen nach zus\u00e4tzlichen Medikamenten sind alles Symptome des Crack-Entzugs. Die Erinnerung an das Kokaingl\u00fcck ist stark, und es besteht eine hohe Wahrscheinlichkeit, dass ein R\u00fcckfall in den Konsum von Beruhigungsmitteln erfolgt. Crack-Kokain zum Verkauf\u2026<\/p>","protected":false},"featured_media":1509,"comment_status":"open","ping_status":"closed","template":"","meta":{"content-type":""},"product_brand":[],"product_cat":[26],"product_tag":[27,28,29,30,31,32,33,34,35,36,37,38,39,40,41,42,43,44,45,46,47,48,49,50,51,52,53,54,55,56,57,58,59,60,61,62,63,64,65,66,67,68,69,70,71,72,73,74,75,76,77,78,79,80,81,82,83],"class_list":{"0":"post-1497","1":"product","2":"type-product","3":"status-publish","4":"has-post-thumbnail","6":"product_cat-kokain","7":"product_tag-besitz-von-kokain-zum-verkauf-hs","8":"product_tag-cocaine-hydrochloride-sale","9":"product_tag-cocaine-leaves-for-sale","10":"product_tag-cocaine-lockup-sale","11":"product_tag-cocaine-mirror-for-sale","12":"product_tag-cocaine-origins","13":"product_tag-cocaine-pipes-for-sale","14":"product_tag-cocaine-plant-for-sale","15":"product_tag-cocaine-purity-test-for-sale","16":"product_tag-cocaine-sale-gta","17":"product_tag-cocaine-sale-reddit","18":"product_tag-cocaine-seed-sale","19":"product_tag-cocaine-seeds-for-sale","20":"product_tag-cocaine-seeds-for-sale-online","21":"product_tag-cocaine-spoons-for-sale","22":"product_tag-cocaine-tea-for-sale","23":"product_tag-cocaine-tooters-for-sale","24":"product_tag-cocaine-vials-for-sale","25":"product_tag-colombian-cocaine-for-sale","26":"product_tag-crack-cocaine-for-sale-online","27":"product_tag-fake-cocaine-for-sale","28":"product_tag-groshandel-kokain-zum-verkauf","29":"product_tag-gta-online-cocaine-lockup-buying-supplies","30":"product_tag-kilo-of-cocaine-for-sale","31":"product_tag-kokain","32":"product_tag-kokain-bullet-for-sale","33":"product_tag-kokain-cowboys","34":"product_tag-kokain-for-sale","35":"product_tag-kokain-for-sale-australia","36":"product_tag-kokain-for-sale-craigslist","37":"product_tag-kokain-for-sale-near-me","38":"product_tag-kokain-for-sale-online-usa","39":"product_tag-kokain-for-sale-usa","40":"product_tag-kokain-for-sale-websites","41":"product_tag-kokain-for-sales","42":"product_tag-kokain-for-sell","43":"product_tag-kokain-grinders-for-sale","44":"product_tag-kokain-history","45":"product_tag-kokain-hydrochloride-for-sale","46":"product_tag-kokain-online-kaufen","47":"product_tag-legal-cocaine-for-sale","48":"product_tag-legal-synthetic-cocaine-for-sale","49":"product_tag-online-cocaine-anonymous-meetings","50":"product_tag-online-cocaine-for-sale","51":"product_tag-online-cocaine-meetings","52":"product_tag-online-cocaine-purchase","53":"product_tag-online-kokain-verkauf","54":"product_tag-peruanisches-kokain-zum-verkauf","55":"product_tag-pharmazeutisches-kokain-zum-verkauf","56":"product_tag-reines-kokain-zum-verkauf","57":"product_tag-reines-kokain-zum-verkauf-online","58":"product_tag-synthetisches-crack-kokain-zum-verkauf","59":"product_tag-synthetisches-kokain-zum-verkauf","60":"product_tag-synthetisches-kokain-zum-verkauf-online","61":"product_tag-verkauf-von-kokain","62":"product_tag-verkauf-von-kokain-florida","63":"product_tag-verkauf-von-kokain-georgia","65":"first","66":"instock","67":"shipping-taxable","68":"purchasable","69":"product-type-variable"},"_links":{"self":[{"href":"https:\/\/kokaindrogekaufen.com\/pl\/wp-json\/wp\/v2\/product\/1497"}],"collection":[{"href":"https:\/\/kokaindrogekaufen.com\/pl\/wp-json\/wp\/v2\/product"}],"about":[{"href":"https:\/\/kokaindrogekaufen.com\/pl\/wp-json\/wp\/v2\/types\/product"}],"replies":[{"embeddable":true,"href":"https:\/\/kokaindrogekaufen.com\/pl\/wp-json\/wp\/v2\/comments?post=1497"}],"wp:featuredmedia":[{"embeddable":true,"href":"https:\/\/kokaindrogekaufen.com\/pl\/wp-json\/wp\/v2\/media\/1509"}],"wp:attachment":[{"href":"https:\/\/kokaindrogekaufen.com\/pl\/wp-json\/wp\/v2\/media?parent=1497"}],"wp:term":[{"taxonomy":"product_brand","embeddable":true,"href":"https:\/\/kokaindrogekaufen.com\/pl\/wp-json\/wp\/v2\/product_brand?post=1497"},{"taxonomy":"product_cat","embeddable":true,"href":"https:\/\/kokaindrogekaufen.com\/pl\/wp-json\/wp\/v2\/product_cat?post=1497"},{"taxonomy":"product_tag","embeddable":true,"href":"https:\/\/kokaindrogekaufen.com\/pl\/wp-json\/wp\/v2\/product_tag?post=1497"}],"curies":[{"name":"wp","href":"https:\/\/api.w.org\/{rel}","templated":true}]}}