{"id":1506,"date":"2023-06-27T19:19:31","date_gmt":"2023-06-27T18:19:31","guid":{"rendered":"https:\/\/kokaindrogekaufen.com\/?post_type=product&#038;p=1506"},"modified":"2024-12-06T05:59:25","modified_gmt":"2024-12-06T05:59:25","slug":"kokainflocken-zu-verkaufen","status":"publish","type":"product","link":"https:\/\/kokaindrogekaufen.com\/pl\/product\/kokainflocken-zu-verkaufen\/","title":{"rendered":"\u041a\u041e\u041a\u0410\u0418\u041d\u041e\u0412\u042b\u0415 P\u0141ATKI NA SPRZEDA\u017b"},"content":{"rendered":"<h2>\u041a\u041e\u041a\u0410\u0418\u041d\u041e\u0412\u042b\u0415 P\u0141ATKI DO SPRZEDA\u017bY:<\/h2>\n<p>mdmakaufen.com w wi\u0119kszo\u015bci sprzedaje kokain\u0119 najwy\u017cszej jako\u015bci z p\u0142atk\u00f3w. Jest to bardzo wci\u0105gaj\u0105ca energetyczny preparat otrzymany z li\u015bci po\u0142udniowoameryka\u0144skiej ro\u015bliny coca. P\u0142atki kokainy s\u0105 zakazane lek, nawet je\u015bli mo\u017cna je stosowa\u0107 w uzasadnionych cel\u00f3w medycznych, na przyk\u0142ad, dla uspokojenia w okre\u015blonych procedur medycznych. W Peru podejmowane s\u0105 pr\u00f3by zniszczenia kokain\u0119 z p\u0142atk\u00f3w zbo\u017cowych, w tym samym czasie powstaj\u0105 alternatywne sposoby walki z nim do peru w\u0142a\u015bcicieli rancza.<\/p>\n<p>P\u0142atki kokainy obecnie klasyfikowane jako leki kategorii II, co oznacza, \u017ce maj\u0105 one du\u017cy potencja\u0142 nadu\u017cywania, ale mog\u0105 by\u0107 przepisane przez lekarza w legalnych celach medycznych, takich jak uspokojenie przy niekt\u00f3rych operacjach na oczach, uszach i gardle. Kraje na ca\u0142ym \u015bwiecie pracuj\u0105 razem nad dalszym rozwojem nauki organ\u00f3w \u015bcigania i w\u0142asnych pakiet\u00f3w dzia\u0142a\u0144 w celu ograniczenia przyjmowania lek\u00f3w. P\u0142atki kokainy na sprzeda\u017c<\/p>\n<p>To zwyk\u0142e rock-torby sprzedawane przez ulicznych handlarzy. Kamienie s\u0105 nawleczone i \u043a\u043e\u043f\u0442\u044f\u0442\u0441\u044f. Kamienie, takie jak kawa w proszku kokain\u0119 z p\u0142atk\u00f3w, mo\u017cna zmniejszy\u0107 lub os\u0142abi\u0107 za pomoc\u0105 r\u00f3\u017cnych substancji, takich jak \u0142ug lub grzejny krem. Poznawcze efekty kokainy cz\u0119sto podzielone na wiele cz\u0119\u015bci, kt\u00f3re dynamicznie wzmocnione w por\u00f3wnaniu z odczytem. P\u0142atki kokainy na sprzeda\u017c<\/p>\n<h3>FLAKE COCAINE:<\/h3>\n<p>Wiele opisuj\u0105 og\u00f3lne wra\u017cenie od kokainy z p\u0142atkami jak powoduje siln\u0105 stymulacj\u0119 umys\u0142ow\u0105, lepsz\u0105 koncentracj\u0119 i silne poczucie zachwytu. Zawiera on wiele regularnych najlepszych wynik\u00f3w Energizer. \u0425\u043b\u043e\u043f\u044c\u0435\u0432\u043e\u0439 kokaina jest znacznie bardziej niebezpieczne ni\u017c inne \u015brodki pobudzaj\u0105ce na o\u015brodkowy uk\u0142ad NERWOWY, takie jak pe\u0142na klasa \u0430\u043c\u0444\u0435\u0442\u0430\u043c\u0438\u043d\u043e\u0432\u044b\u0445 narkotyk\u00f3w. P\u0142atki kokainy na sprzeda\u017c<\/p>\n<p>Cz\u0119ste stosowanie zwi\u0105zane by\u0142o z rozwojem przewlek\u0142ych problem\u00f3w z sercem, a w niekt\u00f3rych przypadkach mo\u017ce prowadzi\u0107 do nag\u0142ej sercowonaczyniowej \u015bmierci. Dlatego zdecydowanie zaleca si\u0119 stosowanie metody kontroli uszkodze\u0144 podczas pracy z t\u0105 substancj\u0105. \u0425\u043b\u043e\u043f\u044c\u0435\u0432\u043e\u0439 kokaina w wi\u0119kszo\u015bci przypadk\u00f3w jest bia\u0142y proszek. P\u0142atki kokainy na sprzeda\u017c<\/p>\n<p>Mo\u017cna go umie\u015bci\u0107 w nos lub wymiesza\u0107 z wod\u0105 i na\u0142o\u017cy\u0107 za pomoc\u0105 ig\u0142y. Niesubordynowany kokaina r\u00f3wnie\u017c zamienia si\u0119 w ma\u0142e, bia\u0142e kamienie, znane jako \u0142zy. Break jara si\u0119 przez ma\u0142\u0105 szklan\u0105 rurk\u0119. Peruwia\u0144ski \u0444\u043b\u0435\u0439\u043a-kokaina, znany r\u00f3wnie\u017c jako peruwia\u0144ski \u0444\u043b\u0435\u0439\u043a lub peruwia\u0144ski klej, odsy\u0142a do znacznego i niezwyk\u0142emu ilo\u015bci \u0444\u043b\u0435\u0439\u043a-kokainy, 96% lub nawet wi\u0119cej kt\u00f3rego odbywa si\u0119 \u043f\u0435\u0440\u0443\u0430\u043d\u0441\u043a\u0438\u043c\u0438 karteli narkotykowych, poniewa\u017c Peru, prawdopodobnie jest najwi\u0119kszym producentem \u0444\u043b\u0435\u0439\u043a-kokainy na \u015bwiecie. Niesubordynowany kokaina na sprzeda\u017c<\/p>\n<h3>ZAKUP \u041a\u041e\u041a\u0410\u0418\u041d\u041e\u0412\u042b\u0425 P\u0141ATK\u00d3W ONLINE:<\/h3>\n<p>\u0425\u043b\u043e\u043f\u044c\u0435\u0432\u043e\u0439 kokaina, lub koks, jak to jest powszechnie nazywane, jest \u015brodkiem pobudzaj\u0105cym i ma dzia\u0142anie por\u00f3wnywalne z dzia\u0142aniem amfetaminy, takich jak Speed i Ice, ale daje zdecydowanie bardziej spektakularny efekt i, w zale\u017cno\u015bci od pomiaru, bardziej ograniczony &#034;kopa&#034;. \u0425\u043b\u043e\u043f\u044c\u0435\u0432\u043e\u0439 kokaina jest bia\u0142e przezroczyste proszek posiada silne \u0434\u0435\u0441\u0435\u043d\u0441\u0438\u0431\u0438\u043b\u0438\u0437\u0438\u0440\u0443\u044e\u0449\u0438\u043c dzia\u0142ania. Peru - prowincja na zachodzie po\u0142udnia Stan\u00f3w Zjednoczonych. P\u0142atki kokainy na sprzeda\u017c<\/p>\n<p>Kiedy hiszpanie przybyli do Ameryki Po\u0142udniowej, najpierw zakazano koku jak &#034;nikczemnego specjalisty szatana&#034;. Jednak, zdaj\u0105c sobie spraw\u0119, \u017ce mieszka\u0144cy nie mog\u0105 pracowa\u0107 bez koki, zdobywcy usankcjonowane arkusz i oblegli je opodatkowane, odejmuje 10% od warto\u015bci ka\u017cdego zbioru. P\u0142atki kokainy na sprzeda\u017c<\/p>\n<p>Poniewa\u017c u os\u00f3b nie ma mo\u017cliwo\u015bci ustali\u0107 proporcj\u0119 i przydatno\u015b\u0107 materia\u0142u, korzystanie z dowolnego wype\u0142nienia doprowadzi projektowy nadmiar. Ograniczenie nadmiernych oznak. prawie wszystko w tym li\u015bcie s\u0142ysza\u0142e\u015b termin &#034;kokaina z p\u0142atkami&#034; lub &#034;kokaina z p\u0142atkami&#034;, ale, opr\u00f3cz tego, \u017ce wiem bardzo du\u017co o kokainie z p\u0142atkami, nie mam poj\u0119cia, co dok\u0142adnie oznaczaj\u0105 te p\u0142atki; co to p\u0142atki i czym one si\u0119 r\u00f3\u017cni\u0105 od standardowego \u0433\u0438\u0434\u0440\u043e\u0445\u043b\u043e\u0440\u0438\u0434\u043d\u043e\u0433\u043e kokainy z p\u0142atkami. Niesubordynowany kokaina na sprzeda\u017c<\/p>\n<h4>NIESUBORDYNOWANY KOKAIN\u0118 DO SPRZEDA\u017bY W INTERNECIE:<\/h4>\n<p>Najbardziej niebezpieczne rzeczywiste fizyczne efekty kokainy z p\u0142atkami, podobno, s\u0105 raczej uk\u0142adu sercowo-naczyniowego, ni\u017c neurologiczny charakter. Ze wzgl\u0119du na wp\u0142yw kokainy na kana\u0142y sodowe serca g\u0142\u00f3wne choroby uk\u0142adu sercowo-naczyniowego antagonistyczne zjawiska, zw\u0142aszcza nag\u0142a niewydolno\u015b\u0107 serca, zamieniaj\u0105 si\u0119 w realne ryzyko we wszystkich cz\u0119\u015bciach. Niesubordynowany kokaina na sprzeda\u017c<\/p>\n<p>Niezale\u017cnie od tego, czy jest u\u017cywany czy niesubordynowany kokaina obecnie lub w postaci nalewki, ma silne dzia\u0142anie i jak go bardziej ograniczona artykulacja, jak i rozleg\u0142e konsekwencje dla zdrowia niebezpieczne dla w\u0142asnego dobrego samopoczucia fizycznego i psychicznego. Peruwia\u0144ski \u0445\u043b\u043e\u043f\u044c\u0435\u0432\u043e\u0439 kokaina mo\u017ce by\u0107 zar\u00f3wno w proszku, jak i w kamiennej formie, w zale\u017cno\u015bci od tego, jak jest on zbudowany, lub w zale\u017cno\u015bci od strategii. Niesubordynowany kokaina na sprzeda\u017c<\/p>\n<p>To bogata bia\u0142a substancja, kt\u00f3ra wyj\u0105tkowo dobrze i efektywnie. \u041a\u043e\u043a\u0430\u0438\u043d\u043e\u0432\u0430\u044f zale\u017cno\u015b\u0107 od p\u0142atk\u00f3w rozwija si\u0119 na tle d\u0142ugotrwa\u0142ego lub szybkiego zwyk\u0142ego u\u017cywania kokainy i powoduje stan odstawienia z psychicznie nie do odparcia nieko\u0144cz\u0105ce si\u0119 dostawy kokainy. W latach 1980-tych i 1990-tych lek sta\u0142 si\u0119 znany jako kokaina z p\u0142atk\u00f3w. ze wzgl\u0119du na jego szerokiego rozpowszechnienia i wykorzystania podczas \u0445\u043b\u043e\u043f\u044c\u0435\u0432\u043e\u0439 kokaina na sprzeda\u017c<\/p>\n<h5>wi\u0119cej:<\/h5>\n<p>Przy okazji, \u0445\u043b\u043e\u043f\u044c\u0435\u0432\u043e\u0439 kokaina - nie jest to nowy narkotyk. W og\u00f3le, sta\u0142 si\u0119 najbardziej znanym lekarstwem. P\u0142atki kokainy r\u00f3wnie\u017c zosta\u0142y znalezione w wielu znakomitych drink\u00f3w. Coca-cola - najbardziej znana w\u015br\u00f3d nich. Ka\u017cdy litr podstawowego napoju zawiera\u0142 oko\u0142o o\u015bmiu miligram\u00f3w \u0445\u043b\u043e\u043f\u044c\u0435\u0432\u0438\u0434\u043d\u043e\u0433\u043e kokainy. Niesubordynowany kokaina na sprzeda\u017c<\/p>","protected":false},"excerpt":{"rendered":"<p>KOKAINFLOCKEN ZU VERKAUFEN: mdmakaufen.com verkauft vor allem Flake-Kokain von h\u00f6chster Qualit\u00e4t. Dabei handelt es sich um eine hochgradig s\u00fcchtig machende Energetisierungsdroge, die aus den Bl\u00e4ttern der s\u00fcdamerikanischen Kokapflanze gewonnen wird. Kokainflocken sind ein illegales Medikament, auch wenn sie f\u00fcr legitime medizinische Zwecke verwendet werden k\u00f6nnen, z. B. zur Sedierung bei bestimmten medizinischen Eingriffen. In Peru wird versucht, Flake-Kokain zu vernichten, w\u00e4hrend gleichzeitig alternative Wege f\u00fcr peruanische Viehz\u00fcchter entwickelt werden. Kokainflocken sind jetzt als Medikament der Kategorie II eingestuft, was bedeutet, dass sie ein hohes Missbrauchspotenzial haben, aber von einem Arzt f\u00fcr legitime medizinische Zwecke verschrieben werden k\u00f6nnen, z. B. zur\u2026<\/p>","protected":false},"featured_media":1510,"comment_status":"open","ping_status":"closed","template":"","meta":{"content-type":""},"product_brand":[],"product_cat":[26],"product_tag":[],"class_list":{"0":"post-1506","1":"product","2":"type-product","3":"status-publish","4":"has-post-thumbnail","6":"product_cat-kokain","8":"first","9":"instock","10":"shipping-taxable","11":"purchasable","12":"product-type-variable"},"_links":{"self":[{"href":"https:\/\/kokaindrogekaufen.com\/pl\/wp-json\/wp\/v2\/product\/1506"}],"collection":[{"href":"https:\/\/kokaindrogekaufen.com\/pl\/wp-json\/wp\/v2\/product"}],"about":[{"href":"https:\/\/kokaindrogekaufen.com\/pl\/wp-json\/wp\/v2\/types\/product"}],"replies":[{"embeddable":true,"href":"https:\/\/kokaindrogekaufen.com\/pl\/wp-json\/wp\/v2\/comments?post=1506"}],"wp:featuredmedia":[{"embeddable":true,"href":"https:\/\/kokaindrogekaufen.com\/pl\/wp-json\/wp\/v2\/media\/1510"}],"wp:attachment":[{"href":"https:\/\/kokaindrogekaufen.com\/pl\/wp-json\/wp\/v2\/media?parent=1506"}],"wp:term":[{"taxonomy":"product_brand","embeddable":true,"href":"https:\/\/kokaindrogekaufen.com\/pl\/wp-json\/wp\/v2\/product_brand?post=1506"},{"taxonomy":"product_cat","embeddable":true,"href":"https:\/\/kokaindrogekaufen.com\/pl\/wp-json\/wp\/v2\/product_cat?post=1506"},{"taxonomy":"product_tag","embeddable":true,"href":"https:\/\/kokaindrogekaufen.com\/pl\/wp-json\/wp\/v2\/product_tag?post=1506"}],"curies":[{"name":"wp","href":"https:\/\/api.w.org\/{rel}","templated":true}]}}