{"id":1519,"date":"2023-06-27T19:19:39","date_gmt":"2023-06-27T18:19:39","guid":{"rendered":"https:\/\/kokaindrogekaufen.com\/?post_type=product&#038;p=1519"},"modified":"2024-12-06T06:19:56","modified_gmt":"2024-12-06T06:19:56","slug":"white-doc-cocaine-zu-verkaufen","status":"publish","type":"product","link":"https:\/\/kokaindrogekaufen.com\/pl\/product\/white-doc-cocaine-zu-verkaufen\/","title":{"rendered":"BIA\u0141Y STACJA KOKAINA NA SPRZEDA\u017b"},"content":{"rendered":"<h2>WHITE DOC COCAINE FOR SALE:<\/h2>\n<p>W tej chwili w naszej sieci jest White Doc Cocaine do sprzeda\u017cy na ca\u0142ym \u015bwiecie. Dla tych, kto bierze kokain\u0119 White Doc, aby mie\u0107 nisk\u0105 pewno\u015b\u0107 siebie. Jednym z problem\u00f3w, zwi\u0105zanych z nielegalnym u\u017cywaniem kokainy White Doc, zw\u0142aszcza w du\u017cych ilo\u015bciach, zwi\u0105zanych z bojowym wyczerpania (a nie z dalszej rozwijaj\u0105cej si\u0119 euforii), spowodowane d\u0142u\u017cszym artykulacj\u0105 klient\u00f3w, jest mo\u017cliwo\u015b\u0107 skutk\u00f3w ubocznych lub problem\u00f3w z powodu zanieczyszcze\u0144, stosowanych w mieszankach. Je\u015bli kto\u015b \u017ale traktuje sproszkowanym kokainy White Doc i nie chce, aby dowiedzieli si\u0119 o tym, \u017ce mo\u017ce znikn\u0105\u0107, aby wzi\u0105\u0107 lekarstwo, a nast\u0119pnie wr\u00f3ci\u0107 w bardzo \u043d\u0435\u0432\u043e\u0441\u043f\u0440\u0438\u0438\u043c\u0447\u0438\u0432\u043e\u0435 stan.<\/p>\n<p>Prawdziwe objawy mog\u0105 obejmowa\u0107 ko\u0142atanie serca, pocenie si\u0119 i gwiezdny wyniki w nauce. Kokaina White Doc zapobiega przetwarzanie dopaminy, kt\u00f3ry powoduje gromadzenie si\u0119 du\u017cych ilo\u015bci w przestrzeni mi\u0119dzy dwiema kom\u00f3rkami nerwowymi, naruszaj\u0105c ich normalna komunikacja. Efekt pojawia si\u0119 w ci\u0105gu kilku sekund-minut po spo\u017cyciu i trwa od pi\u0119ciu do sze\u015bciu godzin.<\/p>\n<p>Kokaina White Doc ma kilka klinicznie potwierdzonych zastosowa\u0144, w tym \u0434\u0435\u0441\u0435\u043d\u0441\u0438\u0431\u0438\u043b\u0438\u0437\u0430\u0446\u0438\u044e i zmniejszenie odp\u0142ywu podczas starannego leczenia nosa. Kokaina White Doc z du\u017cym prawdopodobie\u0144stwem mo\u017ce spowodowa\u0107 przej\u015bciowy psychozy, w tym ponad 51% konsument\u00f3w kokainy White Doc, w rzeczywisto\u015bci, wykazuj\u0105 pewne szalone przejawy wcze\u015bniej.<\/p>\n<h3>WHITE DOC COCAINE ONLINE KAUFEN:<\/h3>\n<p>Ostatecznie, zazwyczaj zmniejszaj\u0105 lub zwi\u0119kszaj\u0105&#034; leki, za pomoc\u0105 wzmacniaczy, kt\u00f3re na\u015bladuj\u0105 efekty odbioru, np. prokaina (prokainy), kt\u00f3ry powoduje tymczasow\u0105 uspokojenie, poniewa\u017c znaczna liczba klient\u00f3w uwa\u017ca, \u017ce silny wynik odczulanie mo\u017ce zmniejszy\u0107 skutki silnego lub potencjalnie czystego bia\u0142ego dokumentu. Kokaina, efedryna lub podobnych \u044d\u043d\u0435\u0440\u0434\u0436\u0430\u0439\u0437\u0435\u0440\u043e\u0432, kt\u00f3re, jak m\u00f3wi\u0105, powoduj\u0105 szybsze bicie serca. Kokaina White Doc na sprzeda\u017c<\/p>\n<p>Kokaina White Doc otrzymuj\u0105 poprzez przetwarzanie leku zasadow\u0105 lub wodorow\u0119glan sodu (grza\u0142ka) i wody pitnej, a nast\u0119pnie ogrzaniu go do usuwania chlorowodorku i uzyska\u0107 paruj\u0105cej substancji. Najcz\u0119\u015bciej \u0444\u0430\u043b\u044c\u0441\u0438\u0444\u0438\u043a\u0430\u0442\u043e\u0440\u0430\u043c\u0438 dochod\u00f3w s\u0105 u\u015bpione cukru, zwyk\u0142y mannitol, kreatyny i glukozy, tak, \u017ce demonstracja jasnych fa\u0142szerstw r\u00f3wnie\u017c mo\u017ce rozci\u0105gn\u0105\u0107 oszustwo cnoty&#034; lub pozwoli\u0107 mu by\u0107 takim, aby sprzedawca m\u00f3g\u0142 przedstawi\u0107 wi\u0119cej towar\u00f3w, ni\u017c bez \u0444\u0430\u043b\u044c\u0441\u0438\u0444\u0438\u043a\u0430\u0442\u043e\u0432. Bia\u0142y Stacja kokaina na sprzeda\u017c<\/p>\n<p>Nie powoduje du\u017cej odczulanie w ustach i nie powoduje tak silnego zapachu, jak kokaina White Doc. Nasze g\u0142\u00f3wne cele - zapewni\u0107 jak najlepsze zaspokojenie potrzeb klient\u00f3w, efektywnie wykorzystywa\u0107 nasze zasoby, aby zapewni\u0107 najbardziej przydatnych dostawc\u00f3w i produkt\u00f3w najwy\u017cszej jako\u015bci. Bia\u0142y Stacja kokaina na sprzeda\u017c<\/p>\n<h4>KOKAINA WHITE DOC DLA SPRZEDA\u017bY W INTERNECIE:<\/h4>\n<p>Bior\u0105c pod uwag\u0119 szeroki zakres naszych lek\u00f3w, dowiedz substancje chemiczne. Sk\u0142ad White Doc Cocaine sk\u0142ada si\u0119 z trzech cz\u0119\u015bci: g\u0105bka \u043c\u0435\u0442\u0438\u043b\u044d\u0444\u0438\u0440\u043d\u043e\u0439 cz\u0119\u015bci. Jednym z najbardziej niebezpiecznych efekt\u00f3w kokainy White Doc, najwyra\u017aniej, jest sercowo-naczyniowy, a nie neurologiczny efekt. Bia\u0142y Stacja kokaina na sprzeda\u017c<\/p>\n<p>Aby unikn\u0105\u0107 krytyki, jego zwolennicy stosuj\u0105 skomplikowanego zdania, \u017ce du\u017ca cz\u0119\u015b\u0107 efektu od picia li\u015bci koki wynika opcjonalne alkaloidy, kt\u00f3re nie tylko ilo\u015bciowo r\u00f3\u017cni\u0105 si\u0119 od naturalnego kokainy White Doc, ale i subiektywnie. Znaczenie kokainy White Doc charakteryzuje si\u0119 szybkim pocz\u0105tku i kr\u00f3tkim czasie trwania, co prowadzi do silnego \u044d\u0439\u0444\u043e\u0440\u0438\u0447\u0435\u0441\u043a\u043e\u043c\u0443 odurzenie alkoholem a nast\u0119pnie kontrolowane uszkodzenia lub upadkiem. Bia\u0142y Stacja kokaina na sprzeda\u017c<\/p>\n<p>Ten wyrzut dopaminy podczas cyklu cenowe w m\u00f3zgu mocno przyczynia si\u0119 do za\u017cywania narkotyk\u00f3w. W miar\u0119 wzrostu konsumpcji narkotyk\u00f3w cenowej cykl mo\u017cna regulowa\u0107, tak, \u017ce staje si\u0119 on mniej wra\u017cliwy na leki. W rezultacie ludzie coraz bardziej \u015bwiadomych i, co zaskakuj\u0105ce, bardziej kolejne dawki, pr\u00f3buj\u0105c ustali\u0107 odpowiedni\u0105 wy\u017csz\u0105 warto\u015b\u0107 i uzyska\u0107 ulg\u0119 od odstawienia. Bia\u0142y Stacja kokaina na sprzeda\u017c<\/p>\n<h5>BIA\u0141Y STACJA KOKAINA:<\/h5>\n<p>Przyswajanie kokainy White Doc w g\u0142\u00f3wny w\u0105tek po \u0142uku \u0438\u043d\u0441\u0443\u0444\u0444\u043b\u044f\u0446\u0438\u0438 prawie identycznie wch\u0142anianie kokainy po podaniu doustnym. Spowodowane kokain\u0105 skurcz naczy\u0144 krwiono\u015bnych b\u0142ony \u015bluzowej nosa White Doc ogranicza szybko\u015b\u0107 asymilacji przed d\u0142ugiego nosa \u0438\u043d\u0441\u0443\u0444\u0444\u043b\u044f\u0446\u0438\u0435\u0439. Kokaina White Doc na sprzeda\u017c<\/p>\n<p>Kokaina White Doc stale zwi\u0119ksza cz\u0119sto\u015b\u0107 akcji serca osoby do wyj\u0105tkowo wysokiego poziomu, co mo\u017ce by\u0107 potencjalnie niebezpieczne podczas przyjmowania wy\u017cszych lub wzrastaj\u0105cych dawek. Pocz\u0105tek zw\u0142oki po podaniu doustnym jest op\u00f3\u017aniony, poniewa\u017c kokaina White Doc jest s\u0142abej zasady z warto\u015bci\u0105 pKa 8, a wi\u0119c w formie zjonizowanej nie mo\u017ce prawid\u0142owo wch\u0142oni\u0119te w kwa\u015bnym \u017co\u0142\u0105dku. Kokaina White Doc na sprzeda\u017c<\/p>\n<p>Rozpuszczalna dwunastnicy skutecznie zasysa kokaina White Doc. Cz\u0119stotliwo\u015b\u0107 nawrot\u00f3w uzale\u017cnienia od kokainy White Doc wynosi oko\u0142o osiemnastu procent i wynosi 36% od liczby os\u00f3b, kt\u00f3re u\u017cywaj\u0105 systemu preparat. Szybko\u015b\u0107 i stopie\u0144 wch\u0142aniania kokainy White Doc przez drogi oddechowe s\u0105 por\u00f3wnywalne lub wi\u0119ksze ni\u017c przy wlewie do\u017cylnym, poniewa\u017c inhalacja zapewnia bezpo\u015bredni dost\u0119p do \u0432\u043e\u043b\u043e\u0441\u044f\u043d\u043e\u043c\u0443 materacyka dr\u00f3g oddechowych.<\/p>\n<h5>artyku\u0142:<\/h5>\n<p>Kr\u00f3tkotrwa\u0142y efekt kokainy White Doc przychodzi szybko i mija w ci\u0105gu kilku chwil, do 60 min. 2 je\u015bli chodzi o zesp\u00f3\u0142 deficytu uwagi \/ nadpobudliwo\u015bci psychoruchowej (ADHD), oznacza to, \u017ce prawdopodobie\u0144stwo rozwoju uzale\u017cnienia od narkotyk\u00f3w u osoby z ADHD ponad pi\u0119\u0107 razy wy\u017csze ni\u017c u pozosta\u0142ych. W tym czasie kokaina White Doc mo\u017cna by\u0142o znale\u017a\u0107 w aptekach, zar\u00f3wno oddzielnie, jak i w sk\u0142adzie wielu receptur, a tak\u017ce u\u017cywali go w \u043a\u0440\u0435\u043f\u043b\u0435\u043d\u043e\u043c winy i delikatnych napojach. Opr\u00f3cz toksycznych efekt\u00f3w kokainy White Doc.<\/p>","protected":false},"excerpt":{"rendered":"<p>WHITE DOC COCAINE FOR SALE: Im Moment hat unser Netzwerk White Doc Cocaine zum Verkauf auf der ganzen Welt. F\u00fcr jeden, der White Doc Cocaine verwendet, um ein geringes Vertrauen zu haben. Ein Problem mit illegalen White Doc Cocaine Verwendung, vor allem in den h\u00f6heren Volumina im Zusammenhang mit Kampf Ersch\u00f6pfung (anstatt weitere Entwicklung Euphorie) durch lange Artikulation Kunden, ist die M\u00f6glichkeit der kranken Wirkungen oder Fragen wegen der Mischungen in Verunreinigung verwendet. Wenn jemand mit pulverisiertem White Doc Cocaine falsch umgeht und nicht will, dass du es erf\u00e4hrst, kann es sein, dass er verschwindet, um das Medikament zu nehmen,\u2026<\/p>","protected":false},"featured_media":1541,"comment_status":"open","ping_status":"closed","template":"","meta":{"content-type":""},"product_brand":[],"product_cat":[26],"product_tag":[98,29,30,31,32,33,34,35,36,37,38,39,40,41,42,43,44,45,46,47,99,49,50,51,100,101,102,66,103,104,105,106,107,108,109,110,67,68,69,70,71,72,111,112,113,114,115,116,117,118,81,82,83,119],"class_list":{"0":"post-1519","1":"product","2":"type-product","3":"status-publish","4":"has-post-thumbnail","6":"product_cat-kokain","7":"product_tag-besitz-von-kokain-zu-verkaufen-hs","8":"product_tag-cocaine-leaves-for-sale","9":"product_tag-cocaine-lockup-sale","10":"product_tag-cocaine-mirror-for-sale","11":"product_tag-cocaine-origins","12":"product_tag-cocaine-pipes-for-sale","13":"product_tag-cocaine-plant-for-sale","14":"product_tag-cocaine-purity-test-for-sale","15":"product_tag-cocaine-sale-gta","16":"product_tag-cocaine-sale-reddit","17":"product_tag-cocaine-seed-sale","18":"product_tag-cocaine-seeds-for-sale","19":"product_tag-cocaine-seeds-for-sale-online","20":"product_tag-cocaine-spoons-for-sale","21":"product_tag-cocaine-tea-for-sale","22":"product_tag-cocaine-tooters-for-sale","23":"product_tag-cocaine-vials-for-sale","24":"product_tag-colombian-cocaine-for-sale","25":"product_tag-crack-cocaine-for-sale-online","26":"product_tag-fake-cocaine-for-sale","27":"product_tag-groshandel-kokain-zu-verkaufen","28":"product_tag-gta-online-cocaine-lockup-buying-supplies","29":"product_tag-kilo-of-cocaine-for-sale","30":"product_tag-kokain","31":"product_tag-kokain-geschichte","32":"product_tag-kokain-hydrochlorid-verkauf","33":"product_tag-kokain-hydrochlorid-zum-verkauf","34":"product_tag-kokain-online-kaufen","35":"product_tag-kokain-schleifer-zum-verkauf","36":"product_tag-kokain-zum-verkauf","37":"product_tag-kokain-zum-verkauf-australien","38":"product_tag-kokain-zum-verkauf-craigslist","39":"product_tag-kokain-zum-verkauf-in-der-nahe-von-mir","40":"product_tag-kokain-zum-verkauf-online-usa","41":"product_tag-kokain-zum-verkauf-usa","42":"product_tag-kokain-zum-verkauf-websites","43":"product_tag-legal-cocaine-for-sale","44":"product_tag-legal-synthetic-cocaine-for-sale","45":"product_tag-online-cocaine-anonymous-meetings","46":"product_tag-online-cocaine-for-sale","47":"product_tag-online-cocaine-meetings","48":"product_tag-online-cocaine-purchase","49":"product_tag-online-cocaine-sales","50":"product_tag-peruanisches-kokain-zu-verkaufen","51":"product_tag-pharmazeutisches-kokain-zu-verkaufen","52":"product_tag-reines-kokain-zu-verkaufen","53":"product_tag-reines-kokain-zu-verkaufen-online","54":"product_tag-synthetisches-crack-kokain-zu-verkaufen","55":"product_tag-synthetisches-kokain-zu-verkaufen","56":"product_tag-synthetisches-kokain-zu-verkaufen-online","57":"product_tag-verkauf-von-kokain","58":"product_tag-verkauf-von-kokain-florida","59":"product_tag-verkauf-von-kokain-georgia","60":"product_tag-white-doc-kokain","62":"first","63":"instock","64":"shipping-taxable","65":"purchasable","66":"product-type-variable"},"_links":{"self":[{"href":"https:\/\/kokaindrogekaufen.com\/pl\/wp-json\/wp\/v2\/product\/1519"}],"collection":[{"href":"https:\/\/kokaindrogekaufen.com\/pl\/wp-json\/wp\/v2\/product"}],"about":[{"href":"https:\/\/kokaindrogekaufen.com\/pl\/wp-json\/wp\/v2\/types\/product"}],"replies":[{"embeddable":true,"href":"https:\/\/kokaindrogekaufen.com\/pl\/wp-json\/wp\/v2\/comments?post=1519"}],"wp:featuredmedia":[{"embeddable":true,"href":"https:\/\/kokaindrogekaufen.com\/pl\/wp-json\/wp\/v2\/media\/1541"}],"wp:attachment":[{"href":"https:\/\/kokaindrogekaufen.com\/pl\/wp-json\/wp\/v2\/media?parent=1519"}],"wp:term":[{"taxonomy":"product_brand","embeddable":true,"href":"https:\/\/kokaindrogekaufen.com\/pl\/wp-json\/wp\/v2\/product_brand?post=1519"},{"taxonomy":"product_cat","embeddable":true,"href":"https:\/\/kokaindrogekaufen.com\/pl\/wp-json\/wp\/v2\/product_cat?post=1519"},{"taxonomy":"product_tag","embeddable":true,"href":"https:\/\/kokaindrogekaufen.com\/pl\/wp-json\/wp\/v2\/product_tag?post=1519"}],"curies":[{"name":"wp","href":"https:\/\/api.w.org\/{rel}","templated":true}]}}