{"id":1526,"date":"2023-06-27T19:19:39","date_gmt":"2023-06-27T18:19:39","guid":{"rendered":"https:\/\/kokaindrogekaufen.com\/?post_type=product&#038;p=1526"},"modified":"2024-12-06T06:14:22","modified_gmt":"2024-12-06T06:14:22","slug":"blau-domino-mdma-pillen-zu-verkaufen","status":"publish","type":"product","link":"https:\/\/kokaindrogekaufen.com\/pl\/product\/blau-domino-mdma-pillen-zu-verkaufen\/","title":{"rendered":"TABLETKI MDMA BLUE DOMINO NA SPRZEDA\u017b"},"content":{"rendered":"<h2>KUPI\u0106 ECSTASY ONLINE:<\/h2>\n<p>Wreszcie, kup Ecstasy online niepostrze\u017cenie w ci\u0105gu 24 godzin. Rapture (tabletki ecstasy Blue Domino) s\u0105 dost\u0119pne w postaci tabletek, na kt\u00f3rych cz\u0119sto grawerowane realistyczne rysunki lub logo firmy. Tabletki ecstasy Blue Domino zwykle bior\u0105 w postaci tabletek, ale mo\u017cna je r\u00f3wnie\u017c do rozdrabniania i rozdrabniania, nalega\u0107 lub u\u017cy\u0107 jako czopki. Prawdopodobnie spodobaj\u0105 ci si\u0119 s\u0142ucha\u0107 muzyki, dotyka\u0107 przedmiot\u00f3w z r\u00f3\u017cnymi powierzchniami i bada\u0107 przedmioty za pomoc\u0105 \u015bwiat\u0142a. Kupi\u0107 ecstasy online<\/p>\n<p>Ograniczeniem wi\u0119kszo\u015bci domowych tester\u00f3w jest to, \u017ce cz\u0119sto nie mog\u0105 odr\u00f3\u017cnia\u0107 niekt\u00f3re przepisy na jednej indiscernible rdzeni tabletki. Oni mog\u0105 powiedzie\u0107, czy zawiera tabletka Blue Domino tabletki ecstasy, ale nie mog\u0105 powiedzie\u0107, czy zawiera ona r\u00f3wnie\u017c w nocy, i tak dalej. Pami\u0119tam, jak tabletki dodaj\u0105 w \u015brodowisko naturalne elementy, kt\u00f3re sprawiaj\u0105, \u017ce wygodne i bezpieczne, zmniejszaj\u0105c ryzyko wyst\u0105pienia napi\u0119cia. Kupi\u0107 ecstasy online<\/p>\n<p>Przypadki, kiedy ludzie umierali po podaniu Euforii, cz\u0119sto by\u0142y wynikiem nietypowych i specyficznych reakcji na lek, kt\u00f3rzy nie mieli stosunku do porcji. Euforia zwykle nazywa si\u0119 &#034;naczyniem przywi\u0105zania&#034;, bo to wp\u0142ywa na perspektyw\u0119 ukrycia i d\u017awi\u0119ku i wyra\u017anie rozwija dalsze dreszcz dotyku i pieszczot innego, zw\u0142aszcza podczas stosunku p\u0142ciowego. Cho\u0107 zdarza si\u0119 od czasu do czasu, \u043f\u0430\u0440\u0430\u043c\u0435\u0442\u043e\u043a\u0441\u0438\u0430\u043c\u0444\u0435\u0442\u0430\u043c\u0438\u043d\u0430 nie obserwuje si\u0119. Kupi\u0107 ecstasy online<\/p>\n<h3>ECSTASY NA SPRZEDA\u017b:<\/h3>\n<p>Wielu ludzi z ca\u0142ego \u015bwiata szukaj\u0105 wysokiej jako\u015bci tabletki ecstasy Blue Domino lub szcz\u0119\u015bcie do zakupu, zgodnie z ich profesjonalnych klinicznymi, logicznie obowi\u0105zuj\u0105cymi i sportowymi wymaganiami. Zachwyt - jeden z najcz\u0119\u015bciej stosowanych lek\u00f3w w UE, zw\u0142aszcza w\u015br\u00f3d m\u0142odzie\u017cy, \u043f\u043e\u0441\u0435\u0449\u0430\u044e\u0449\u0435\u0439 imprezy i kluby. Kiedy po raz pierwszy na ulice wysz\u0142a du\u017ca grupa PMA, zgin\u0119\u0142o oko\u0142o dwudziestu os\u00f3b. Kupi\u0107 ecstasy online<\/p>\n<p>Wszystkie te rzeczy, wygl\u0105da na to, \u017ce brakuje w nowych tabletkach Blue Domino Ecstasy Pills. Unikam tabletek konwencjonalnych, ale Imagine nadal mo\u017cna bra\u0107. Tabletki ecstasy Blue Domino nie podawano \u017cadnych logicznych oznak 2017 roku. Przez jaki\u015b czas by\u0142 u\u017cywany w psychoterapii, a nast\u0119pnie zosta\u0142 ca\u0142kowicie zakazany. Mimo, \u017ce leczenie jest legalne, niekt\u00f3rzy terapeuci nadal u\u017cywa\u0107 tabletki ecstasy Blue Domino w tej strategii. Kupi\u0107 ecstasy online<\/p>\n<p>Op\u0142aty powinny by\u0107 obni\u017cone dostawcami. By\u0142bym gotowy w dobrej wierze zap\u0142aci\u0107 ka\u017cd\u0105 sum\u0119 pieni\u0119dzy, aby ponownie prze\u017cy\u0107 t\u0119 minionej epoki. Delight - jeden z wielu architektonicznych narkotyk\u00f3w, kt\u00f3re obecnie s\u0105 na wzrost, bo podziemna laboratorium korzysta z osi\u0105gni\u0119\u0107 w dziedzinie chemii. Aby obej\u015b\u0107 ustaw\u0119 o narkotykach, laboratoria pr\u00f3buj\u0105 zmieni\u0107 struktur\u0119 chemiczn\u0105 istniej\u0105cych lek\u00f3w, aby utworzy\u0107 nowe typy z takimi samymi w\u0142a\u015bciwo\u015bciami. Kupi\u0107 ecstasy online<\/p>\n<h4>KUPI\u0106 ECSTASY ONLINE EUROPA:<\/h4>\n<p>Badania te prowadz\u0105 do pojawienia si\u0119 na rynku leku oryginalnego, z kt\u00f3rych jeden, bez w\u0105tpienia, jest Rapture. G\u0142\u00f3wny problem polega\u0142 na tym, \u017ce dla osi\u0105gni\u0119cia efektu wymaga\u0142o oko\u0142o godziny (w przeciwie\u0144stwie do 30-40 min. dla tabletek ecstasy Blue Domino), wi\u0119c klienci czuli, \u017ce im dali bezsilne tabletki, gdy w ci\u0105gu pierwszej godziny prawie nic si\u0119 nie dzia\u0142o, wi\u0119c wzi\u0105\u0107 kilka tabletek. faktem jest, \u017ce mia\u0142y one wi\u0119cej i sta\u0142y si\u0119 brutalne. Sprzedawcy twierdz\u0105 czasami, \u017ce tabletki MDMA Blue Domino zawiera LSD czy meskalina, aby wyja\u015bni\u0107 jej wyra\u017anie bardziej &#034;magiczne&#034; w\u0142a\u015bciwo\u015bci (jak i w przypadku z pojemnikiem z MDA). Kupi\u0107 ecstasy online<\/p>\n<p>Chocia\u017c meskalina jest powszechnie u\u017cywany, jego bardzo rzadko mo\u017cna znale\u017a\u0107 w przemy\u015ble farmaceutycznym. Lorna Spinks, ofiara Bliss, zmar\u0142a wkr\u00f3tce po za\u017cyciu dw\u00f3ch tabletek &#034;Wielkiej si\u0142y&#034;, kt\u00f3re prawie w kilka razy wi\u0119ksze ni\u017c normaln\u0105 dawk\u0119 leku. Grupa non-profit na rzecz walki z narkotykami i szkod\u0105 &#034;The Loop&#034; zwraca si\u0119 do uczestnik\u00f3w, aby opowiedzie\u0107 im o niekt\u00f3rych tabletkach, kt\u00f3re powinny ca\u0142kowicie unika\u0107 lub przyjmowa\u0107 z ostro\u017cno\u015bci\u0105. Kupi\u0107 ecstasy online<\/p>\n<p>Tabletki ecstasy Blue Domino mo\u017ce czasami zabi\u0107 konsument\u00f3w narkotyk\u00f3w, ale najcz\u0119\u015bciej powoduj\u0105 nudno\u015bci, szale\u0144stwo, nieufno\u015b\u0107 i niepok\u00f3j. Czasami dealerzy wyja\u015bniaj\u0105 tabletki ecstasy Blue Domino, zawieraj\u0105ce LSD czy meskalina, aby wyja\u015bni\u0107 ich wi\u0119cej &#034;magiczne&#034; w\u0142a\u015bciwo\u015bci (na przyk\u0142ad, b\u0119dzie to prowadzi\u0107 do powstawania pojemnika z MDA). Kupi\u0107 ecstasy online<\/p>\n<h4>TABLETKI MDMA BLUE DOMINO DO SPRZEDA\u017bY:<\/h4>\n<p>Niezale\u017cnie od tego, na ile jest on znany, meskalina naprawd\u0119 nie ma sobie r\u00f3wnych w przemy\u015ble farmaceutycznym. Euforia, najprawdopodobniej zwi\u0105zany z du\u017c\u0105 ilo\u015bci\u0105 przepis\u00f3w tw\u00f3rc\u00f3w, kt\u00f3re obecnie rosn\u0105 w wyniku korzystania z podziemnych laboratori\u00f3w w interesie osi\u0105gni\u0119\u0107 naukowych. Po\u0142\u0105czenie nosa z jamy do\u0142em prowadzi do bardzo gwa\u0142townego uczucia w ustach, je\u015bli go pomin\u0105\u0107 w d\u00f3\u0142, co mo\u017ce powodowa\u0107 md\u0142o\u015bci i beka, zw\u0142aszcza w \u017co\u0142\u0105dkach, zosta\u0142y poddane fermentacji. Kupi\u0107 ecstasy online<\/p>\n<p>Negatywne efekty rado\u015b\u0107 Tabletki ecstasy Blue Domino mog\u0105 zaj\u0105\u0107 troch\u0119 czasu, aby odkry\u0107 je samodzielnie. W pewnym momencie mo\u017ce pojawi\u0107 si\u0119 i od dw\u00f3ch do 90 dni stosowania standardowych lek\u00f3w. Miesi\u0119czny zapas tabletek do poprawy stanu Blue Domino Ecstasy Pills wynosi 60 kontener\u00f3w, dlatego nale\u017cy regularnie spo\u017cywa\u0107 dwa z nich. Nale\u017cy przyjmowa\u0107 je ze szklank\u0105 wody i lepsze planu zasilania ka\u017cdego ranka, i dalej z nim pracowa\u0107 co najmniej kilka razy, z wy\u0142\u0105czeniem jedn\u0105 porcj\u0119, je\u015bli onteresuj\u0105 d\u0142ugotrwa\u0142e rezultaty. Kupi\u0107 ecstasy online<\/p>","protected":false},"excerpt":{"rendered":"<p>ECSTASY ONLINE KAUFEN: Endlich Ecstasy online kaufen, diskret innerhalb von 24 Stunden. Rapture (Blue Domino Ecstasy Pills) ist in Tablettenform erh\u00e4ltlich, die h\u00e4ufig mit realistischen Designs oder Firmenlogos graviert sind. Blue Domino Ecstasy Pills werden in der Regel als Tablette eingenommen, k\u00f6nnen aber auch zerkleinert und gegrunzt, infundiert oder als Z\u00e4pfchen verwendet werden. Wahrscheinlich wirst Du auch gerne Musik h\u00f6ren, Gegenst\u00e4nde mit verschiedenen Oberfl\u00e4chen ber\u00fchren und Objekte mit Lichtern inspizieren. Ecstasy online kaufen Die Einschr\u00e4nkung der meisten Heimtestger\u00e4te besteht darin, dass sie h\u00e4ufig nicht in der Lage sind, einige Rezepte durch eine ununterscheidbare Tablette hindurch zu unterscheiden. Sie k\u00f6nnen Ihnen\u2026<\/p>","protected":false},"featured_media":1542,"comment_status":"open","ping_status":"closed","template":"","meta":{"content-type":""},"product_brand":[],"product_cat":[120],"product_tag":[121,122,123,124,125,126,127,128,129,130,131,132,133,134,135,136,137,138,139,140,141,142,143,144,145,146,147,148,149],"class_list":{"0":"post-1526","1":"product","2":"type-product","3":"status-publish","4":"has-post-thumbnail","6":"product_cat-mdma","7":"product_tag-blue-domino-mdma-for-sale","8":"product_tag-blue-domino-mdma-pills","9":"product_tag-blue-domino-mdma-pills-for-sale","10":"product_tag-bogner-ecstasy-25-for-sale","11":"product_tag-bogner-ecstasy-3534-for-sale","12":"product_tag-buy-blue-domino-mdma-online","13":"product_tag-buy-blue-domino-mdma-pills-online","14":"product_tag-buy-ecstasy-online","15":"product_tag-buying-ecstasy-online","16":"product_tag-ecstasy-cigarettes-for-sale","17":"product_tag-ecstasy-drug-for-sale","18":"product_tag-ecstasy-for-sale","19":"product_tag-ecstasy-for-sale-legal","20":"product_tag-ecstasy-for-sale-online","21":"product_tag-ecstasy-mdma-for-sale","22":"product_tag-ecstasy-online-zu-verkaufen","23":"product_tag-ecstasy-pille-zu-verkaufen","24":"product_tag-ecstasy-pillen-online-zu-verkaufen","25":"product_tag-ecstasy-quando-zu-verkaufen","26":"product_tag-ecstasy-renegade-trike-zu-verkaufen","27":"product_tag-ecstasy-super-sale","28":"product_tag-ecstasy-trike-zu-verkaufen","29":"product_tag-ecstasy-trikes-for-sale-by-owners","30":"product_tag-ecstasy-trikes-for-sale-in-usa","31":"product_tag-herbal-ecstasy-pills-for-sale","32":"product_tag-legal-ecstasy-zu-verkaufen","33":"product_tag-liquid-ecstasy-zu-verkaufen-online","34":"product_tag-mdma-ecstasy-zu-verkaufen","35":"product_tag-spirit-of-ecstasy-zu-verkaufen","37":"first","38":"instock","39":"shipping-taxable","40":"purchasable","41":"product-type-variable"},"_links":{"self":[{"href":"https:\/\/kokaindrogekaufen.com\/pl\/wp-json\/wp\/v2\/product\/1526"}],"collection":[{"href":"https:\/\/kokaindrogekaufen.com\/pl\/wp-json\/wp\/v2\/product"}],"about":[{"href":"https:\/\/kokaindrogekaufen.com\/pl\/wp-json\/wp\/v2\/types\/product"}],"replies":[{"embeddable":true,"href":"https:\/\/kokaindrogekaufen.com\/pl\/wp-json\/wp\/v2\/comments?post=1526"}],"wp:featuredmedia":[{"embeddable":true,"href":"https:\/\/kokaindrogekaufen.com\/pl\/wp-json\/wp\/v2\/media\/1542"}],"wp:attachment":[{"href":"https:\/\/kokaindrogekaufen.com\/pl\/wp-json\/wp\/v2\/media?parent=1526"}],"wp:term":[{"taxonomy":"product_brand","embeddable":true,"href":"https:\/\/kokaindrogekaufen.com\/pl\/wp-json\/wp\/v2\/product_brand?post=1526"},{"taxonomy":"product_cat","embeddable":true,"href":"https:\/\/kokaindrogekaufen.com\/pl\/wp-json\/wp\/v2\/product_cat?post=1526"},{"taxonomy":"product_tag","embeddable":true,"href":"https:\/\/kokaindrogekaufen.com\/pl\/wp-json\/wp\/v2\/product_tag?post=1526"}],"curies":[{"name":"wp","href":"https:\/\/api.w.org\/{rel}","templated":true}]}}