{"id":1544,"date":"2023-06-27T19:19:48","date_gmt":"2023-06-27T18:19:48","guid":{"rendered":"https:\/\/kokaindrogekaufen.com\/?post_type=product&#038;p=1544"},"modified":"2024-12-06T06:28:29","modified_gmt":"2024-12-06T06:28:29","slug":"coca-cola-mdma-online-kaufen","status":"publish","type":"product","link":"https:\/\/kokaindrogekaufen.com\/pl\/product\/coca-cola-mdma-online-kaufen\/","title":{"rendered":"KUPI\u0106 COCA-COLA MDMA ONLINE"},"content":{"rendered":"<h2>KUPI\u0106 COCA-COLA MDMA ONLINE:<\/h2>\n<p>W ka\u017cdym razie, mo\u017cna kupi\u0107 Coca-Cola MDMA online w bardzo niskiej cenie. To jest fa\u0142szywe leki. W zasadzie jest on dost\u0119pny w formie tabletek, \u0142usek lub proszku. MDMA, zawarty w coca-coli, jest toksyczny. On wci\u0105\u017c obecny w bloodstream. Przenika do m\u00f3zgu, dlatego zmienia nasz\u0105 postaw\u0119 i pomaga nam coraz wi\u0119cej energii. MDMA ma r\u00f3\u017cny wp\u0142yw na ka\u017cdego cz\u0142owieka.<\/p>\n<p>Dali\u015bmy wam pojemniki, kt\u00f3re s\u0105 najbardziej popularnym sposobem przyjmowania tego leku. Ka\u017cda porcja Coca-Cola MDMA zawiera pewne zaczepy. Przepisy szkody Dzia\u0142acze ostrzegaj\u0105 o pojawieniu si\u0119 na rynku Wielkiej Brytanii silnych rozrywkowych narkotyk\u00f3w po tym, jak \u015bledztwo, przeprowadzone na konkursie w Manchesterze, wykaza\u0142o, \u017ce niekt\u00f3re z nich w podw\u00f3jnych lub nawet potr\u00f3jnych dawkach.kupi\u0107 coca-cola MDMA online<\/p>\n<p>Kokaina mo\u017ce mie\u0107 bardziej nieprzyjemne tytu\u0142, ni\u017c Coca-Cola MDMA, ale nale\u017cy ich unika\u0107, poniewa\u017c mog\u0105 one prowadzi\u0107 do powa\u017cnych problem\u00f3w. W rozdzielczo\u015bciach zawiera znacznie bardziej szczeg\u00f3\u0142owa ocena kokainy i MDMA Coca-Cola. Pemberton okre\u015bli\u0142 nap\u00f3j jako &#034;tonik dla umys\u0142u i psychiczny nap\u00f3j&#034;, i reklamowane jako &#034;patentu medycyny&#034;. W rzeczywisto\u015bci jest to syntetyczny narkotyk. Coca-Cola MDMA zawiera niebezpieczne sk\u0142adniki.<\/p>\n<h3>COCA-COLA MDMA DO SPRZEDA\u017bY:<\/h3>\n<p>Dostaje si\u0119 do krwiobiegu. Przechodzi przez umys\u0142, wi\u0119c zmienia si\u0119 nasze nastawienie i pozwala nam poczu\u0107 energi\u0119. Coca-Cola MDMA ma r\u00f3\u017cny wp\u0142yw na r\u00f3\u017cnych ludzi. Zazwyczaj jest on dost\u0119pny w formie tabletek, kontener\u00f3w lub proszku. Przedstawiamy ci z dodatkami, kt\u00f3re s\u0105 najbardziej znan\u0105 metod\u0105 uzyskania tego leku. Prawie ka\u017cdy sk\u0142adnik Coca-Cola MDMA zawiera r\u00f3\u017cne akcenty. kwota. On twierdzi\u0142, \u017ce to usuwa kompleksy, podra\u017cnienie \u017co\u0142\u0105dka i zm\u0119czenie.<\/p>\n<p>Opatentowane leki stanowi\u0142y kombinacje tak zwanych &#034;cudownych&#034; sk\u0142adnik\u00f3w i wzmacniaczy dzia\u0142ania lek\u00f3w, kt\u00f3re, zdaniem ich tw\u00f3rc\u00f3w, umo\u017cliwiaj\u0105 szerok\u0105 gam\u0119 chor\u00f3b. Co prawda, zosta\u0142y wykonane dobre za\u0142o\u017cenia o sile dzia\u0142ania leku, je\u015bli zmy\u0107 wype\u0142niacze i zanieczyszczenia organiczne, a nast\u0119pnie zrezygnowa\u0107 z Coca-Cola MDMA. Jednak s\u0105 one cz\u0119sto zawieraj\u0105 substancje, kt\u00f3re, jak wiemy dzisiaj, cz\u0119sto s\u0105 uzale\u017cniaj\u0105ce, takie jak kokaina i opium, a tak\u017ce szkodliwe sk\u0142adniki, takie jak rt\u0119\u0107 i o\u0142\u00f3w. Kupi\u0107 Coca-Cola MDMA online<\/p>\n<p>Mieszanki z okre\u015blon\u0105 reakcj\u0105 substancje mog\u0105 mie\u0107 bardziej czyste wyj\u015bcie, ni\u017c inne. By\u0107 mo\u017ce, pewnym tonem zwr\u00f3ci\u0142 bym uwag\u0119 na fakt, \u017ce produkt z pewno\u015bci\u0105 bardziej starannie umyte. Ponadto, czy istniej\u0105 d\u017awi\u0119ki, kt\u00f3re w og\u00f3le nie s\u0105 MDMA Coca-Cola, a stanowi\u0105 po\u0142\u0105czenia z por\u00f3wnywaln\u0105 dzia\u0142ania, takie jak MDMA Crystal lub MDEA? Dzi\u0119kuj\u0119 za tw\u00f3j czas i wysi\u0142ek. Nadmiar fermentacji na szlachetnych kamieniach, gdy s\u0105 w fazie fumigacji od oleju Freebase, prowadzi do powstawania kamieni \u0437\u0435\u043c\u043b\u0438\u0441\u0442\u043e\u0433\u043e kolory. Kupi\u0107 Coca-Cola MDMA online<\/p>\n<h4>KUPI\u0106 COCA-COLA MDMA ONLINE EUROPA<\/h4>\n<p>Podczas gdy oni maj\u0105 szczeg\u00f3lny kontrast z bia\u0142\u0105 Coca-Cola do identyfikacji kamieni MDMA HCl, to mo\u017ce nie mie\u0107 istotnego wp\u0142ywu na cnota. Egzamin Markiza - to, jak zwykle, test na odczynniki, w kt\u00f3rym kropla \u0440\u0435\u0430\u0433\u0435\u043d\u0442\u043d\u043e\u0439 p\u0142yn kapie na ma\u0142\u0105 pr\u00f3bk\u0119 badanego materia\u0142u. Z powodu tego, jak MDMA wsp\u00f3\u0142dzia\u0142a z serotonin i \u0434\u043e\u0444\u0430\u043c\u0438\u043d\u043e\u043c w m\u00f3zgu, mo\u017ce powodowa\u0107 siln\u0105 depresj\u0119. Kupi\u0107 Coca-Cola MDMA online<\/p>\n<p>Niestety, ludzie, nadu\u017cywaj\u0105cych Coca-Cola MDMA, nara\u017caj\u0105 si\u0119 na wi\u0119ksze ryzyko prze\u017cy\u0107 prawdziw\u0105 rozpacz, kt\u00f3ra mimo wszystko ich niech\u0119\u0107, nigdzie si\u0119 nie wybiera. Substancje w \u0440\u0435\u0430\u0433\u0435\u043d\u0442\u0435 w r\u00f3\u017cny spos\u00f3b wchodz\u0105 w reakcj\u0119 z r\u00f3\u017cnymi syntetycznymi mieszankami, daj\u0105c kilka r\u00f3\u017cnych odcieni, w zale\u017cno\u015bci od tego, co, na lito\u015b\u0107 bosk\u0105, zawiera w testowanej tekstury. To zale\u017cy od zdolno\u015bci poszczeg\u00f3lnych naukowc\u00f3w zabi\u0107 ich lub, co bardziej prawdopodobne, od zdolno\u015bci (bezw\u0142adno\u015bci) uwalnia\u0107 si\u0119 od nich. Kupi\u0107 Coca-Cola MDMA online<\/p>\n<p>Brak dodatkowych akcesori\u00f3w zwi\u0119ksza ci\u0119\u017car g\u00f3rnych przedmiot\u00f3w, tak, \u017ce mo\u017cna zrozumie\u0107, dlaczego im zabra\u0107 ton\u0119 rufy. Wystarczaj\u0105c\u0105 ilo\u015b\u0107 Coca-Cola MDMA mo\u017ce poradzi\u0107 sobie z temperatur\u0105 ramy i mo\u017cliwo\u015bci. Jego dzia\u0142anie trwa znacznie d\u0142u\u017cej ni\u017c od trzech do siedmiu godzin. Od czasu do czasu mo\u017cna czu\u0107 przygn\u0119biony. Kupi\u0107 Coca-Cola MDMA online<\/p>\n<h4>KUPI\u0106 COCA-COLA MDMA ONLINE W Niemcy:<\/h4>\n<p>Lek ten zwi\u0119ksza prawdopodobie\u0144stwo zaka\u017cenia wirusowym zapaleniem w\u0105troby typu b. Zwykle dzieje si\u0119 tak z powodu niewydolno\u015bci w\u0105troby i nerek. Kokaina - fantastyczna i wci\u0105gaj\u0105ca energetyczny narkotyk. Przez wiele lat ludzie na po\u0142udniu Stan\u00f3w Zjednoczonych, gdzie ro\u015bnie ro\u015blina coca, \u043e\u0442\u043a\u0443\u0441\u044b\u0432\u0430\u043b\u0438 i w kt\u00f3rych ludzie po\u0142ykaj\u0105 li\u015bcie koki, i to jest lista jego \u0431\u043e\u0434\u0440\u044f\u0449\u0438\u0445 wynik\u00f3w. Kupi\u0107 coca-col\u0119 MDMA online<\/p>\n<p>Chlorowodorek kokainy, rzepakowy, substancja, ju\u017c zosta\u0142 uzyskany z ro\u015blin ponad 100 lat temu. Na pocz\u0105tku lat 1900-tych koka, by\u0142 wa\u017cnym sk\u0142adnikiem tonik\u00f3w i eliksir\u00f3w. MDMA w Coca-Cola: Ten lek jest znany z tego, \u017ce sprawia, \u017ce inni czuj\u0105 si\u0119 wa\u017cne. To naprawd\u0119 lek pobudzaj\u0105cy. Dzi\u015b jest to jeden z najbardziej popularnych lek\u00f3w w\u015br\u00f3d doros\u0142ych i m\u0142odzie\u017cy. Zaprzeczy\u0142, \u017ce on nadal u\u017cywany na ca\u0142ym \u015bwiecie do tworzenia bardzo przyjemnych dozna\u0144.<\/p>","protected":false},"excerpt":{"rendered":"<p>COCA-COLA MDMA ONLINE KAUFEN: Unabh\u00e4ngig davon k\u00f6nnen Sie Coca-Cola MDMA online zu einem sehr niedrigen Preis kaufen. Es ist eine F\u00e4lschung eines Medikaments. Es ist haupts\u00e4chlich in Tabletten-, H\u00fclsen- oder Pulverform erh\u00e4ltlich. Das in Coca-Cola enthaltene MDMA ist giftig. Es ist immer noch im Blutkreislauf vorhanden. Es durchdringt das Gro\u00dfhirn, weshalb es unsere Einstellung ver\u00e4ndert und uns zu mehr Energie verhilft. MDMA hat auf jeden Menschen eine andere Wirkung. Wir haben dir Beh\u00e4ltnisse gegeben, was die beliebteste Art ist, dieses Medikament zu nehmen. Jede einzelne Portion Coca-Cola MDMA enth\u00e4lt spezifische Fixer. Verschreibungen schaden Aktivisten warnen vor hochpotenten Vergn\u00fcgungsdrogen auf dem\u2026<\/p>","protected":false},"featured_media":1574,"comment_status":"open","ping_status":"closed","template":"","meta":{"content-type":""},"product_brand":[],"product_cat":[120],"product_tag":[],"class_list":{"0":"post-1544","1":"product","2":"type-product","3":"status-publish","4":"has-post-thumbnail","6":"product_cat-mdma","8":"first","9":"instock","10":"shipping-taxable","11":"purchasable","12":"product-type-variable"},"_links":{"self":[{"href":"https:\/\/kokaindrogekaufen.com\/pl\/wp-json\/wp\/v2\/product\/1544"}],"collection":[{"href":"https:\/\/kokaindrogekaufen.com\/pl\/wp-json\/wp\/v2\/product"}],"about":[{"href":"https:\/\/kokaindrogekaufen.com\/pl\/wp-json\/wp\/v2\/types\/product"}],"replies":[{"embeddable":true,"href":"https:\/\/kokaindrogekaufen.com\/pl\/wp-json\/wp\/v2\/comments?post=1544"}],"wp:featuredmedia":[{"embeddable":true,"href":"https:\/\/kokaindrogekaufen.com\/pl\/wp-json\/wp\/v2\/media\/1574"}],"wp:attachment":[{"href":"https:\/\/kokaindrogekaufen.com\/pl\/wp-json\/wp\/v2\/media?parent=1544"}],"wp:term":[{"taxonomy":"product_brand","embeddable":true,"href":"https:\/\/kokaindrogekaufen.com\/pl\/wp-json\/wp\/v2\/product_brand?post=1544"},{"taxonomy":"product_cat","embeddable":true,"href":"https:\/\/kokaindrogekaufen.com\/pl\/wp-json\/wp\/v2\/product_cat?post=1544"},{"taxonomy":"product_tag","embeddable":true,"href":"https:\/\/kokaindrogekaufen.com\/pl\/wp-json\/wp\/v2\/product_tag?post=1544"}],"curies":[{"name":"wp","href":"https:\/\/api.w.org\/{rel}","templated":true}]}}