{"id":1551,"date":"2023-06-27T19:19:49","date_gmt":"2023-06-27T18:19:49","guid":{"rendered":"https:\/\/kokaindrogekaufen.com\/?post_type=product&#038;p=1551"},"modified":"2024-12-06T06:39:31","modified_gmt":"2024-12-06T06:39:31","slug":"maybach-mdma-kaufen-deutschland","status":"publish","type":"product","link":"https:\/\/kokaindrogekaufen.com\/pl\/product\/maybach-mdma-kaufen-deutschland\/","title":{"rendered":"MAYBACH MDMA KUPI\u0106 Niemcy"},"content":{"rendered":"<h2>KUPI\u0106 MDMA Niemcy:<\/h2>\n<p>Po pierwsze, MDMA Niemcy kupi\u0107 w bardzo niskich cenach. Nie m\u00f3wi\u0105c ju\u017c o tym, \u017ce mamy najlepsze tabletki MDMA do sprzeda\u017cy w Internecie. Transakcja nie jest \u015bledzony i jest bardzo ostro\u017cna. Wsp\u00f3\u0142pracujemy z oczywistej kompetencji i staranno\u015bci. W ten spos\u00f3b mo\u017cemy uczyni\u0107 ci\u0119 szcz\u0119\u015bliw\u0105, gdy produkty trafi\u0105. Kiedy jeste\u015b co\u015b winien, masz wra\u017cenie, \u017ce zajmuj\u0105 si\u0119 tym profesjonali\u015bci. Halucynogenny \u0430\u043c\u0444\u0435\u0442\u0430\u043c\u0438\u043d\u043e\u0432\u044b\u0439 charakter Maybach MDMA oferuje odwiedzaj\u0105cym buntu wiele ciekawych element\u00f3w.<\/p>\n<p>Ze wzgl\u0119du na stymuluj\u0105ce dzia\u0142anie leku niekt\u00f3rzy konsumenci czerpi\u0105 przyjemno\u015b\u0107 z uczucia masowej spo\u0142eczno\u015bci, podczas gdy inni u\u017cywaj\u0105 go jako paliwa do spotka\u0144. Zakup Maybach MDMA (ecstasy), znanego r\u00f3wnie\u017c jako &#034;Szcz\u0119\u015bcie&#034; lub XTC, cz\u0119sto u\u017cywa si\u0119 m\u0142odymi i starszymi osobami w du\u017cych miastach. W przypadku przedawkowania mog\u0105 wyst\u0105pi\u0107 liczne dzia\u0142ania niepo\u017c\u0105dane, w tym skurcz szcz\u0119ki, dr\u017cenie mi\u0119\u015bni, nudno\u015bci \/ wymioty i przyspieszony puls. Tabletki MDMA na sprzeda\u017c<\/p>\n<p>Ponadto, przy nadmiarze u ludzi wzrasta wewn\u0119trzna warto\u015b\u0107 opa\u0142owa, mog\u0105 wyst\u0105pi\u0107 zaburzenia psychiczne. W rezultacie jest prawdopodobne, \u017ce denty\u015bci zmierz\u0105 si\u0119 z lud\u017ami, kt\u00f3rzy zu\u017cywaj\u0105 szcz\u0119\u015bcie. Powodem tego, jak wyja\u015bniaj\u0105 eksperci, jest zwi\u0119kszenie liczby synaps w m\u00f3zgu, cho\u0107 nie zosta\u0142o to jeszcze potwierdzone. Kupi\u0107 MDMA Niemcy<\/p>\n<h3>KUPI\u0106 TABLETKI MDMA ONLINE:<\/h3>\n<p>Stwierdzono r\u00f3wnie\u017c, \u017ce niekt\u00f3re ostre tabletki hamuj\u0105 ruch dopaminy, syntetycznych substancji w m\u00f3zgu. \u0425\u0440\u044e\u043a\u0430\u044e\u0449\u0435\u0435 b\u0142ogo\u015b\u0107 przyspieszy wyniki i doprowadzi do bardziej ograniczony i starannej \u043a\u0443\u043b\u044c\u043c\u0438\u043d\u0430\u0446\u0438\u043e\u043d\u043d\u043e\u043c\u0443 momencie. Od tego, jak przyjmowane leki, zale\u017cy szybko\u015b\u0107 dostania si\u0119 do m\u00f3zgu, a chrz\u0105kanie - jeden z najszybszych. Nast\u0119pnego dnia, po podaniu du\u017cych dawek Maybach MDMA, depresja nasili\u0142a, jak i s\u0142aba koncentracja uwagi, problemy ze snem i zmniejszenie apetytu do plik\u00f3w. Kupi\u0107 MDMA Niemcy<\/p>\n<p>Zdaniem naukowc\u00f3w, s\u0105 one dzia\u0142aj\u0105, obserwuj\u0105c ruch synaps w m\u00f3zgu, chocia\u017c to jeszcze nie jest potwierdzone. Maybach MDMA (joy) cz\u0119sto odbywa si\u0119 prawid\u0142owo, a liczba Maybach MDMA w tabletce \/ etui mo\u017ce bardzo si\u0119 r\u00f3\u017cni\u0107 nawet w obr\u0119bie jednego opakowania. Odst\u0119p czasu pomi\u0119dzy przyj\u0119ciem leku a otrzymaniem wyniku, wydaje si\u0119, zmieniaj\u0105 si\u0119 w zale\u017cno\u015bci od lek\u00f3w i cz\u0142owieka. Kupi\u0107 MDMA Niemcy<\/p>\n<p>Z\u0142o\u017cone imperialnej oznaczenie &#034;Mandy&#034; i tymczasowe oznaczenie USA &#034;Molly&#034; w po\u0142\u0105czeniu z Maybach MDMA w przejrzysty proszkow\u0105 teksturze, kt\u00f3ra, jak si\u0119 uwa\u017ca, nie zawiera zanieczyszcze\u0144. Maybach MDMA jest r\u00f3wnie\u017c sprzedawany w formie \u0433\u0438\u0434\u0440\u043e\u0445\u043b\u043e\u0440\u0438\u0434\u043d\u043e\u0439 soli w postaci pojedynczych kamieni szlachetnych lub w \u017celowych kapsu\u0142kach. Ponadto, okaza\u0142o si\u0119, \u017ce niekt\u00f3re inteligentne tabletki hamuj\u0105 produkcj\u0119 dopaminy, syntetycznych substancji, wykrywalnych w m\u00f3zgu. Kupi\u0107 MDMA Niemcy<\/p>\n<h4>KUPI\u0106 MDMA ONLINE:<\/h4>\n<p>Joy jest cz\u0119sto sprzedawane w postaci prasowanych tabletek (r\u00f3\u017cowych tabletek Maybach), kt\u00f3re niekt\u00f3rzy kupuj\u0105cy s\u0105 kruszone na proszek i mielone. Radosne krzyki mo\u017ce spowodowa\u0107 podra\u017cnienie klienta osi\u0105gnie szczyt wcze\u015bniej, ale mo\u017ce to r\u00f3wnie\u017c zwi\u0119kszy\u0107 ryzyko zwi\u0105zane z przyjmowaniem leku. Maybach MDMA (euforia) cz\u0119sto produkowane seryjnie, a zawarto\u015b\u0107 Maybach MDMA w tabletkach \/ pojemnikach mo\u017ce si\u0119 znacznie r\u00f3\u017cni\u0107 nawet w obr\u0119bie jednego i tego samego pakietu. Kupi\u0107 MDMA Niemcy<\/p>\n<p>W czasie pomi\u0119dzy podaniem leku a wyst\u0105pieniem efektu mo\u017ce r\u00f3\u017cni\u0107 si\u0119 w zale\u017cno\u015bci od lek\u00f3w i cz\u0142owieka. Purpurowy Maybach Maybach MDMA to \u015bciema, kt\u00f3ra ma \u0431\u043e\u0434\u0440\u044f\u0449\u0438\u043c\u0438 w\u0142a\u015bciwo\u015bci, prawie identyczne amfetamina i ma umiarkowanie pobudzaj\u0105cych. Maybach MDMA jest g\u0142\u00f3wnym specjalist\u0105 od substancji psychoaktywnych w wielu tabletkach dla zabawy. Kupi\u0107 MDMA Niemcy<\/p>\n<p>tym nie mniej, \u0438\u043d\u0442\u043e\u043a\u0441\u0438\u043a\u0430\u043d\u0442\u044b rzadko s\u0105 czyste Maybach MDMA; zamiast tego produkcja nielegalnych tabletek szcz\u0119\u015bcia zazwyczaj sk\u0142ada si\u0119 z kombinacji Maybach MDMA z innymi profesjonalnie recepty lek\u00f3w, takich jak kofeina, amfetamina, kokaina, ketamina lub \u015brodki odurzaj\u0105ce. Ecstasy - to jeszcze jeden termin, oznaczaj\u0105cy Maybach MDMA. MDMA (rozkosz) jest zwykle wytwarza si\u0119 bardzo intensywnie, a liczba Maybach MDMA w tabletce \/ pow\u0142oce mo\u017ce by\u0107 doskona\u0142ym sk\u0142adnikiem nawet w podobnym opakowaniu. Kupi\u0107 MDMA Niemcy<\/p>\n<h5>MDMA PILLS FOR SALE EUROPE:<\/h5>\n<p>tym nie mniej, \u0438\u043d\u0442\u043e\u043a\u0441\u0438\u043a\u0430\u043d\u0442\u044b rzadko s\u0105 czyste Maybach MDMA; zamiast tego produkcja nielegalnych tabletek szcz\u0119\u015bcia zazwyczaj sk\u0142ada si\u0119 z kombinacji Maybach MDMA z innymi profesjonalnie recepty lek\u00f3w, takich jak kofeina, amfetamina, kokaina, ketamina lub \u015brodki odurzaj\u0105ce. Ecstasy - to jeszcze jeden termin, oznaczaj\u0105cy Maybach MDMA. MDMA (rozkosz) jest zwykle produkowany w du\u017cych ilo\u015bciach, i ilo\u015b\u0107 Maybach MDMA w tabletce \/ opakowaniu mo\u017ce by\u0107 bardzo pomocny, nawet w podobnym opakowaniu. Kupi\u0107 MDMA EUROPE<\/p>\n<p>Mimo to, nie wiadomo, jak one wp\u0142ywaj\u0105 na nasze poznanie. Nast\u0119pnego dnia, po podaniu du\u017cych dawek Maybach MDMA, depresja nasili\u0142a. Kruchy kawa\u0142ek koncentracji, zaburzenia snu i gnij\u0105cy \u0430\u043f\u043f\u0435\u0442\u0442 Markiza - to jest test na dyscyplin\u0119 odczynnik\u00f3w, w kt\u00f3rym kropla p\u0142ynu odczynnika kapie na ma\u0142\u0105 pr\u00f3bk\u0119 badanej tekstury. Kupi\u0107 MDMA Niemcy<\/p>\n<p>W ka\u017cdym przypadku substancji w \u0440\u0435\u0430\u0433\u0435\u043d\u0442\u0435 wchodz\u0105 w reakcj\u0119 z r\u00f3\u017cnymi sk\u0142adnikami substancji, w wyniku czego uzyskuje si\u0119 kilka r\u00f3\u017cnych odcieni, kt\u00f3re zale\u017c\u0105 od tego, co, na lito\u015b\u0107 bosk\u0105, zawiera w \u0440\u0430\u0437\u043b\u0430\u0433\u0430\u0435\u043c\u043e\u043c materiale. Przedawkowanie mo\u017ce powodowa\u0107 skurcz szcz\u0119ki, dr\u017cenie mi\u0119\u015bni, nudno\u015bci \/ wymioty, wzrost ci\u015bnienia krwi. Nawet w przypadku przedawkowania temperatura cia\u0142a gwa\u0142townie wzrasta, i mog\u0105 wyst\u0105pi\u0107 halucynacje. Kupi\u0107 MDMA Niemcy<\/p>\n<h5>wi\u0119cej:<\/h5>\n<p>Ilo\u015b\u0107 Maybach MDMA w kapsu\u0142kach z ecstasy wzros\u0142a w Europie w ci\u0105gu ostatnich kilku lat dzi\u0119ki online-zakupy ecstasy. Purpurowy Maybach MDMA - jest to syntetyczny \u015brodek pobudzaj\u0105cy, kt\u00f3ry ma \u0430\u043c\u0444\u0435\u0442\u0430\u043c\u0438\u043d\u043e\u043f\u043e\u0434\u043e\u0431\u043d\u044b\u043c\u0438 w\u0142a\u015bciwo\u015bci i lekko \u0433\u0430\u043b\u043b\u044e\u0446\u0438\u043d\u043e\u0433\u0435\u043d\u043d\u044b\u043c dzia\u0142ania. Wiele tabletek ecstasy zawieraj\u0105 MDMA Maybach jako g\u0142\u00f3wnej substancji psychoaktywnej. jednak tabletki ecstasy rzadko s\u0105 czyste MDMA Maybach; zamiast MDMA cz\u0119sto miesza si\u0119 z innymi lekarstwami, lek na recept\u0119, takie jak kofeina, amfetamina, kokaina, ketamina czy opioidy, w przypadku nielegalnego wytwarzania tabletek ecstasy. Kupi\u0107 MDMA Niemcy<\/p>\n<p>Maybach MDMA jest r\u00f3wnie\u017c znany jako Ecstasy. Spo\u0142ecze\u0144stwo, kt\u00f3re wierzy w dystrybucji, rado\u015bnie i \u0142atwo, i b\u0119dzie ta\u0144czy\u0107, dop\u00f3ki nie wzejdzie s\u0142o\u0144ce. Wymieniamy si\u0119 prezentami z s\u0105siadami. Prosz\u0119, wy\u015blij mi prywatn\u0105 wiadomo\u015b\u0107, je\u015bli jeste\u015b sta\u0142ym klientem, kt\u00f3ry zostawi\u0142 nam opini\u0119! Potencjalni klienci, kt\u00f3rzy otrzymaj\u0105 powiadomienia, gdy docieramy do punkt\u00f3w kontrolnych, b\u0119d\u0105 mogli uzyska\u0107 do 50% zam\u00f3wie\u0144. Na aaronay.com mo\u017cesz kupi\u0107 tani fioletowy Maybach MDMA w przyst\u0119pnej cenie w Internecie i mie\u0107 pewno\u015b\u0107, \u017ce jest on najwy\u017cszej jako\u015bci i nie zawiera zanieczyszcze\u0144 farmaceutycznych. Kupi\u0107 MDMA Niemcy<\/p>","protected":false},"excerpt":{"rendered":"<p>KAUFEN MDMA DEUTSCHLAND: Zun\u00e4chst einmal, MDMA Deutschland kaufen zu sehr g\u00fcnstigen Preisen. Ganz zu schweigen davon, dass wir die besten MDMA-Pillen zum Verkauf online haben. Die Transaktion ist nicht zur\u00fcckverfolgbar und extrem vorsichtig. Wir arbeiten mit offensichtlicher Kompetenz und Sorgfalt. So k\u00f6nnen wir Sie gl\u00fccklich machen, wenn die Artikel ankommen. Wenn Sie etwas anfordern, haben Sie den Eindruck, dass es von Profis bearbeitet wird. Der halluzinogene Amphetamincharakter von Maybach MDMA bietet den Rave-Besuchern eine Vielzahl faszinierender Komponenten. Aufgrund der stimulierenden Wirkung des Medikaments freuen sich einige Endverbraucher \u00fcber das Gef\u00fchl der Massengemeinschaft, w\u00e4hrend andere es als Treibstoff f\u00fcr Zusammenk\u00fcnfte verwenden.\u2026<\/p>","protected":false},"featured_media":1575,"comment_status":"open","ping_status":"closed","template":"","meta":{"content-type":""},"product_brand":[],"product_cat":[120],"product_tag":[],"class_list":{"0":"post-1551","1":"product","2":"type-product","3":"status-publish","4":"has-post-thumbnail","6":"product_cat-mdma","8":"first","9":"instock","10":"shipping-taxable","11":"purchasable","12":"product-type-variable"},"_links":{"self":[{"href":"https:\/\/kokaindrogekaufen.com\/pl\/wp-json\/wp\/v2\/product\/1551"}],"collection":[{"href":"https:\/\/kokaindrogekaufen.com\/pl\/wp-json\/wp\/v2\/product"}],"about":[{"href":"https:\/\/kokaindrogekaufen.com\/pl\/wp-json\/wp\/v2\/types\/product"}],"replies":[{"embeddable":true,"href":"https:\/\/kokaindrogekaufen.com\/pl\/wp-json\/wp\/v2\/comments?post=1551"}],"wp:featuredmedia":[{"embeddable":true,"href":"https:\/\/kokaindrogekaufen.com\/pl\/wp-json\/wp\/v2\/media\/1575"}],"wp:attachment":[{"href":"https:\/\/kokaindrogekaufen.com\/pl\/wp-json\/wp\/v2\/media?parent=1551"}],"wp:term":[{"taxonomy":"product_brand","embeddable":true,"href":"https:\/\/kokaindrogekaufen.com\/pl\/wp-json\/wp\/v2\/product_brand?post=1551"},{"taxonomy":"product_cat","embeddable":true,"href":"https:\/\/kokaindrogekaufen.com\/pl\/wp-json\/wp\/v2\/product_cat?post=1551"},{"taxonomy":"product_tag","embeddable":true,"href":"https:\/\/kokaindrogekaufen.com\/pl\/wp-json\/wp\/v2\/product_tag?post=1551"}],"curies":[{"name":"wp","href":"https:\/\/api.w.org\/{rel}","templated":true}]}}