{"id":1558,"date":"2023-06-27T19:19:49","date_gmt":"2023-06-27T18:19:49","guid":{"rendered":"https:\/\/kokaindrogekaufen.com\/?post_type=product&#038;p=1558"},"modified":"2024-12-06T06:35:44","modified_gmt":"2024-12-06T06:35:44","slug":"chanel-mdma-zu-verkaufen","status":"publish","type":"product","link":"https:\/\/kokaindrogekaufen.com\/pl\/product\/chanel-mdma-zu-verkaufen\/","title":{"rendered":"CHANEL MDMA NA SPRZEDA\u017b"},"content":{"rendered":"<h2>CHANEL MDMA DO SPRZEDA\u017bY:<\/h2>\n<p>Og\u00f3lnie rzecz bior\u0105c, mamy najlepsze Chanel MDMA do sprzeda\u017cy w Stanach Zjednoczonych i na ca\u0142ym \u015bwiecie. Jednak\u017ce, zapewniaj\u0105c ogromn\u0105 ilo\u015b\u0107 serotoniny, Chanel MDMA prowadzi do znacznego wycie\u0144czenia wa\u017cnych synaps w m\u00f3zgu, co pogarsza szkodliwe nowsze psychiczne konsekwencje, kt\u00f3re ludzie mog\u0105 odczuwa\u0107 przez d\u0142ugi czas po spo\u017cyciu Chanel MDMA. 95, 96, 96.<\/p>\n<p>Jednak leczenie tych chor\u00f3b jednym z wielu znanych antagonist\u00f3w receptor\u00f3w NMDA prowadzi do wielu nieprzyjemnych skutk\u00f3w ubocznych, z kt\u00f3rych niekt\u00f3re mog\u0105 by\u0107 znacz\u0105ce. \u015arodowisko, w kt\u00f3rym ludzie dostaj\u0105 MDMA od Chanel, b\u0119dzie si\u0119 znacznie r\u00f3\u017cni\u0107 i b\u0119dzie o wiele bezpieczniej, ni\u017c \u015brodowisko, w kt\u00f3rym ludzie b\u0119d\u0105 u\u017cywa\u0107 go przypadkowo, korzystaj\u0105c z kontrolowan\u0105 porcj\u0119, naturalny pr\u00f3bki leku, nie stosuj\u0105c \u017cadnych innych lek\u00f3w lub alkoholu, a tak\u017ce specjalisty, kt\u00f3ry naprawd\u0119 dba o ich dobre samopoczucie i zdrowie. szanuje. Chanel MDMA na sprzeda\u017c<\/p>\n<p>Oznacza to, \u017ce \u015bledztwo nie powie nam, czy jest bezpiecznie my\u015ble\u0107 o szcz\u0119\u015bciu w klubie, ale ono ulepsza nasz zrozumienie tego, jak MDMA od Chanel ma efekt psychoaktywny. Chanel MDMA przyczynia si\u0119 do rozwoju tych synaps w neuronal komunikacji, wzmacniaj\u0105c ich dostaw\u0119 w newralgiczne punkty i pomijanie ich wychwyt zwrotny. Chanel MDMA na sprzeda\u017c<\/p>\n<p>Memantyna, bez w\u0105tpienia, jest przyk\u0142adem \u043d\u0435\u043a\u043e\u043d\u043a\u0443\u0440\u0435\u043d\u0442\u043e\u0441\u043f\u043e\u0441\u043e\u0431\u043d\u043e\u0433\u043e blokera kana\u0142\u00f3w NMDA receptor, kt\u00f3ry, jak zwykle, dzia\u0142a szybko i ma nisk\u0105 sk\u0142onno\u015b\u0107. Jego \u0430\u043c\u0438\u043d\u043e\u0432\u044b\u0439 p\u0119czek mocno na\u0142adowany przy fizjologicznym pH, a jego \u0440\u0435\u0446\u0435\u043f\u0442\u043e\u0440\u043d\u0430\u044f aktywno\u015b\u0107 zale\u017cy od napi\u0119cia. MDMA Chanel sta\u0142a si\u0119 powszechnie znana jako &#034;Szcz\u0119\u015bcie&#034; (w skr\u00f3cie &#034;E&#034;, &#034;X&#034; lub &#034;XTC&#034;), cz\u0119sto jako odniesienia do struktury tabletek, przy czym ten okres czasu i mo\u017ce obejmowa\u0107 takie rzeczy jak potencjalnych zanieczyszcze\u0144 lub rozcie\u0144czalnik\u00f3w. Chanel MDMA na sprzeda\u017c<\/p>\n<h3>KUPI\u0106 CHANEL MDMA ONLINE :<\/h3>\n<p>Prawdopodobie\u0144stwo tego, \u017ce poczucie szcz\u0119\u015bcia odb\u0119dzie si\u0119, wzrasta w upale, na przyk\u0142ad, w zat\u0142oczonej dyskotece lub w rytm muzyki, pod go\u0142ym niebem, ale szcz\u0119\u015bcie mo\u017ce przej\u015b\u0107 i w normalnej temperaturze z powodu przegrzania cia\u0142a. MDMA Chanel obecnie przechodzi pr\u00f3by kliniczne jako mo\u017cliwy \u015brodek leczenia strasznej nerwowo\u015bci (PTSD), napi\u0119cia u ofiar, znajduj\u0105cych si\u0119 na skraju \u015bmierci i l\u0119ku spo\u0142ecznego u psychicznie niezr\u00f3wnowa\u017conych os\u00f3b doros\u0142ych. Chanel MDMA na sprzeda\u017c<\/p>\n<p>FDA ostatnio zaklasyfikowa\u0142a psychoterapii przy PTSD z pomoc\u0105 MDMA Chanel jak nowatorsk\u0105 terapi\u0119. Aby uzyska\u0107 wi\u0119cej informacji na temat bada\u0144 MDMA Chanel skontaktuj si\u0119 z zwolennikom bada\u0144 MDMA Chanel, przedstawionych w badaniach klinicznych. Okre\u015blenia &#034;Mandy&#034; w Wielkiej Brytanii i &#034;Molly&#034; w Stanach Zjednoczonych nale\u017c\u0105 do MDMA Chanel ze szklistym proszku struktury, kt\u00f3re nie trac\u0105 na warto\u015bci. Chanel MDMA na sprzeda\u017c<\/p>\n<p>W ramach projekt\u00f3w zostan\u0105 szczeg\u00f3\u0142owo zbadane neurologicznych i psychologicznych efekt\u00f3w MDMA od Chanel, a tak\u017ce potencjalne zagro\u017cenia i skutki kr\u00f3tko-i d\u0142ugotrwa\u0142ego przyjmowania leku. Chanel MDMA na sprzeda\u017c<\/p>\n<p>&#034;Celem MDMA-LSD - tworzenie stan psychiczny, kt\u00f3ry mo\u017ce przynie\u015b\u0107 korzy\u015bci obu podobnym substancji i mie\u0107 bardziej trwa\u0142y efekt, ni\u017c niezale\u017cny psylocybina i LSD&#034; - powiedzia\u0142 Matthias \u041b\u0438\u0445\u0442\u0438, imiennik laboratorium, w publicznym o\u015bwiadczeniu. Powszechnie znany jako lek z wyboru w rave-stylu \u017cycia, MDMA od Chanel jest cz\u0119sto u\u017cywany w klubach, na imprezach i na rodzinnych spotkaniach. Chanel MDMA na sprzeda\u017c<\/p>\n<h4>CHANEL MDMA FOR SALE ONLINE:<\/h4>\n<p>Wymierne efekty nowej muzyki i \u015bwiate\u0142, jak zwykle, b\u0119d\u0105 masowo \u0441\u0438\u043d\u0435\u0440\u0433\u0435\u0442\u0438\u0447\u0435\u0441\u043a\u0438\u043c\u0438 z lekarstwami w ramach uk\u0142adu biologicznego Buntu. Halucynogenna \u0430\u043c\u0444\u0435\u0442\u0430\u043c\u0438\u043d\u043e\u0432\u0430\u044f natura Chanel MDMA ma wiele intryguj\u0105cych w\u0142a\u015bciwo\u015bci dla ludzi podczas buntu. Ludzie, kt\u00f3rzy jedz\u0105 MDMA od Chanel, zwykle przyjmuje si\u0119 go w formie pude\u0142ka lub tabletki, ale niekt\u00f3re po\u0142kn\u0105\u0107 go w postaci ciek\u0142ej lub bior\u0105 proszek w postaci proszku. Chanel MDMA na sprzeda\u017c<\/p>\n<p>Pocz\u0105tkowo MDMA Chanel by\u0142a popularna w tanecznych klubach i na nocnych imprezach tanecznych (&#034;rave&#034;); jednak do tej pory lek wp\u0142ywa wi\u0119ksz\u0105 ilo\u015b\u0107 ludzi, kt\u00f3re zwykle nazywaj\u0105 go ecstasy lub Molly. Obs\u0142ugiwane przydomek Molly (w \u017cargonie &#034;atomowa&#034;) cz\u0119sto odnosi si\u0119 do, jak wiadomo, &#034;czystej&#034; przezroczysty puder Chanel MDMA, kt\u00f3ra jest powszechnie sprzedawane w pojemnikach. Chanel MDMA na sprzeda\u017c<\/p>\n<p>Substancje te mog\u0105 by\u0107 szczeg\u00f3lnie niebezpieczne, je\u015bli cz\u0142owiek nie wie, \u017ce on u\u017cywa. Oni r\u00f3wnie\u017c mog\u0105 by\u0107 niebezpieczne w po\u0142\u0105czeniu z MDMA od Chanel. Ludzie, kt\u00f3rzy celowo lub przypadkowo miesza si\u0119 ten typ po\u0142\u0105czeniu z innymi substancjami, takimi jak marihuana i alkohol, nara\u017caj\u0105 si\u0119 znacznie bardziej nara\u017cone na niebezpieczne skutki dla dobrobytu. Chanel MDMA na sprzeda\u017c<\/p>\n<p>Antagoni\u015bci receptora NMDA s\u0105 u\u017cywane jako leki uspokajaj\u0105ce dla zwierz\u0105t, a czasem i dla ludzi, i s\u0105 one powszechnie stosowane jako sportowych, profesjonalnie przepisywanych lek\u00f3w ze wzgl\u0119du na ich pobudzaj\u0105cych w\u0142a\u015bciwo\u015bci, bez wzgl\u0119du na ich wspania\u0142e efekty przy wy\u017cszych dawkach, na przyk\u0142ad przy podziale. Wraz z wprowadzeniem \u015blepuszonki w du\u017cych dawkach pewne szkodniki receptor\u00f3w NMDA mog\u0105 powodowa\u0107 typu urazie m\u00f3zgu, znany jako owrzodzenia Olney. Chanel MDMA na sprzeda\u017c<\/p>\n<h5>CHANEL MDMA FOR SALE USA:<\/h5>\n<p>Lek ma nie tylko dzia\u0142anie chemiczne oddzia\u0142ywanie na m\u00f3zg, ale i zmienia ci\u0119 fizycznie i emocjonalnie. Efekt MDMA od Chanel mo\u017ce trwa\u0107 zaledwie kilka godzin, zw\u0142aszcza u os\u00f3b otrzymuj\u0105cych kilka dawek lub przyjmuj\u0105cych du\u017ce ilo\u015bci za jednym razem, a nast\u0119pnie ponowne bior\u0105c kilka dawek. Wa\u017cne jest, aby zapewni\u0107 dok\u0142adne informacje naukowe na temat wynik\u00f3w stosowania MDMA Chanel, aby zmniejszy\u0107 negatywne skutki zdrowotne zwi\u0105zane z za\u017cywaniem tego leku. Chanel MDMA na sprzeda\u017c<\/p>\n<p>Przyjaciele ludzi w wieku od dwudziestu lat, kompleksowe systemy leczenia nieprawid\u0142owych krwawie\u0144 zaburze\u0144 i lekarze - najbardziej wiarygodne \u017ar\u00f3d\u0142a informacji dla starszych ludzi, kt\u00f3rzy MDMA Chanel. Te obszary mog\u0105 sta\u0107 si\u0119 nadpobudliwymi, zar\u00f3wno u m\u0119\u017cczyzn jak i u kobiet, znajduj\u0105cych si\u0119 w stanie stresu lub depresji. W przeciwie\u0144stwie do alkoholu, kt\u00f3ry hamuje prac\u0119 m\u00f3zgu, ecstasy, najwyra\u017aniej dzia\u0142a g\u0142\u00f3wnie na ten obszar, co oznacza, \u017ce mo\u017ce on pom\u00f3c w leczeniu depresji lub zaburze\u0144 stresu pourazowego. Chanel MDMA na sprzeda\u017c<\/p>\n<p>Te obszary mog\u0105 sta\u0107 si\u0119 nadpobudliwymi, zar\u00f3wno u m\u0119\u017cczyzn jak i u kobiet, znajduj\u0105cych si\u0119 w stanie stresu lub depresji. W przeciwie\u0144stwie do alkoholu, kt\u00f3ry hamuje prac\u0119 umys\u0142u, ecstasy, najwyra\u017aniej dzia\u0142a g\u0142\u00f3wnie na ten obszar, a to oznacza, \u017ce mo\u017ce on pom\u00f3c w leczeniu depresji lub zaburze\u0144 stresu pourazowego. Destylacja polega na usuni\u0119ciu rozpuszczalnika, w wyniku czego w kolbie pozostaje surowa podk\u0142ad Chanel, nie zawieraj\u0105ca MDMA. Mo\u017cna go by\u0142o dodatkowo oczy\u015bci\u0107 za pomoc\u0105 destylacji pr\u00f3\u017cniowej, ale wydaje si\u0119, \u017ce jest to niepo\u017c\u0105dane. Chanel MDMA na sprzeda\u017c<\/p>\n<h5>artyku\u0142:<\/h5>\n<p>Jest to surowiec lub us\u0142uga rozpuszcza si\u0119 w osiemdziesi\u0119ciu mililitrach suchego jeden z izopropanol (alkohol izopropylowy). Kropl\u0119 st\u0119\u017conego kwasu solnego dodaje si\u0119 znowu i znowu, a\u017c roztw\u00f3r stanie si\u0119 lekko kwa\u015bnym. Wiele os\u00f3b nie wie, \u017ce Ecstasy i &#034;czysta&#034; Molly cz\u0119sto zawieraj\u0105 nie tylko czyste MDMA od Chanel, ale i inne leki na recept\u0119, kt\u00f3re mog\u0105 by\u0107 szczeg\u00f3lnie niebezpieczne w po\u0142\u0105czeniu z zio\u0142ami. Chanel MDMA na sprzeda\u017c<\/p>\n<p>Na przyk\u0142ad, na ecstasy mo\u017cna inaczej widzie\u0107 i s\u0142ucha\u0107 nowej muzyki, co zwi\u0119ksza og\u00f3lne wra\u017cenie. Ecstasy tak\u017ce wzmacnia poczucie empatii i blisko\u015bci z innymi. Nie ma \u017cadnych wiarygodnych dowod\u00f3w na to, \u017ce 5-HTP jest niebezpieczny w po\u0142\u0105czeniu z MDMA Chanel, nawet pomimo plotki, kt\u00f3rzy twierdz\u0105 inaczej. Chanel MDMA na sprzeda\u017c<\/p>\n<p>Je\u015bli masz twarde dowody, prosz\u0119, podziel si\u0119 nimi z nami. Jednak w 1980 roku Ecstasy, lub Molly, sta\u0142 si\u0119 znacznie bardziej popularny narkotyk dla imprez. Gazeta &#034;San Francisco Chronicle&#034; w artykule 1984 roku nazwa\u0142a ten narkotyk &#034;\u043f\u0441\u0438\u0445\u043e\u0434\u0435\u043b\u0438\u043a\u043e\u043c yuppies&#034;, bo by\u0142 uwa\u017cany za bardziej mi\u0119kkie i mniej niebezpieczne ni\u017c LSD. MDMA Chanel w po\u0142\u0105czeniu z aerobik taniec, gor\u0105ca i ruchliwej atmosfer\u0105 i brakiem wody pitnej mo\u017ce doprowadzi\u0107 do \u015bmierci szybkiego drinka, kt\u00f3ry w niekt\u00f3rych przypadkach mo\u017ce prowadzi\u0107 do cieplnego. Chanel MDMA na sprzeda\u017c<\/p>","protected":false},"excerpt":{"rendered":"<p>CHANEL MDMA ZU VERKAUFEN: Insgesamt haben wir die besten Chanel MDMA zum Verkauf in den Vereinigten Staaten und weltweit. Durch die Bereitstellung massiver Mengen an Serotonin f\u00fchrt Chanel MDMA jedoch dazu, dass die lebenswichtigen Synapsen im Gro\u00dfhirn erheblich ersch\u00f6pft werden, was zu den sch\u00e4dlichen mentalen Sp\u00e4tfolgen beitr\u00e4gt, die Menschen lange Zeit nach der Einnahme von Chanel MDMA erleben k\u00f6nnen. 95, 96, 96. Die Behandlung dieser Krankheiten mit einem der vielen bekannten NMDA-Rezeptor-Antagonisten f\u00fchrt jedoch zu einer Vielzahl von l\u00e4stigen Nebeneffekten, von denen einige erheblich sein k\u00f6nnen. Die Umgebung, in der Menschen Chanel MDMA erhalten, wird sehr unterschiedlich und weitaus sicherer\u2026<\/p>","protected":false},"featured_media":1576,"comment_status":"open","ping_status":"closed","template":"","meta":{"content-type":""},"product_brand":[],"product_cat":[120],"product_tag":[],"class_list":{"0":"post-1558","1":"product","2":"type-product","3":"status-publish","4":"has-post-thumbnail","6":"product_cat-mdma","8":"first","9":"instock","10":"shipping-taxable","11":"purchasable","12":"product-type-variable"},"_links":{"self":[{"href":"https:\/\/kokaindrogekaufen.com\/pl\/wp-json\/wp\/v2\/product\/1558"}],"collection":[{"href":"https:\/\/kokaindrogekaufen.com\/pl\/wp-json\/wp\/v2\/product"}],"about":[{"href":"https:\/\/kokaindrogekaufen.com\/pl\/wp-json\/wp\/v2\/types\/product"}],"replies":[{"embeddable":true,"href":"https:\/\/kokaindrogekaufen.com\/pl\/wp-json\/wp\/v2\/comments?post=1558"}],"wp:featuredmedia":[{"embeddable":true,"href":"https:\/\/kokaindrogekaufen.com\/pl\/wp-json\/wp\/v2\/media\/1576"}],"wp:attachment":[{"href":"https:\/\/kokaindrogekaufen.com\/pl\/wp-json\/wp\/v2\/media?parent=1558"}],"wp:term":[{"taxonomy":"product_brand","embeddable":true,"href":"https:\/\/kokaindrogekaufen.com\/pl\/wp-json\/wp\/v2\/product_brand?post=1558"},{"taxonomy":"product_cat","embeddable":true,"href":"https:\/\/kokaindrogekaufen.com\/pl\/wp-json\/wp\/v2\/product_cat?post=1558"},{"taxonomy":"product_tag","embeddable":true,"href":"https:\/\/kokaindrogekaufen.com\/pl\/wp-json\/wp\/v2\/product_tag?post=1558"}],"curies":[{"name":"wp","href":"https:\/\/api.w.org\/{rel}","templated":true}]}}