{"id":1565,"date":"2023-06-27T19:19:49","date_gmt":"2023-06-27T18:19:49","guid":{"rendered":"https:\/\/kokaindrogekaufen.com\/?post_type=product&#038;p=1565"},"modified":"2024-12-06T06:31:32","modified_gmt":"2024-12-06T06:31:32","slug":"dom-perignon-mdma-zu-verkaufen","status":"publish","type":"product","link":"https:\/\/kokaindrogekaufen.com\/pl\/product\/dom-perignon-mdma-zu-verkaufen\/","title":{"rendered":"DOM PERIGNON MDMA NA SPRZEDA\u017b"},"content":{"rendered":"<h2>DOM PERIGNON MDMA DO SPRZEDA\u017bY:<\/h2>\n<p>W ko\u0144cu mamy DOM PERIGNON MDMA na SPRZEDA\u017b po bardzo niskich cenach. MDMA Dom Pergnon zwykle powoduje zwi\u0119kszone uwalnianie w\u0142asnych \u0438\u043d\u0442\u043e\u043a\u0441\u0438\u043a\u0430\u043d\u0442\u043e\u0432 organizmu. To mo\u017ce powodowa\u0107 skutki uboczne, takie jak &#034;kryzys&#034;, za\u0142amanie nerwowe, a nawet zawroty g\u0142owy. W miar\u0119 poprawy stanu temperatura cia\u0142a podnosi si\u0119, i mog\u0105 wyst\u0105pi\u0107 halucynacje. Mieszanka alkoholu, nerwowo\u015bci i du\u017cej ilo\u015bci narkotyk\u00f3w.<\/p>\n<p>Tabletki MDMA Dom Pergnon mo\u017ce powodowa\u0107 p\u0119kanie szcz\u0119ki, dr\u017cenie mi\u0119\u015bni, nudno\u015bci, wymioty i zwi\u0119kszone obci\u0105\u017cenie na kr\u0105\u017cenie krwi. Szczeg\u00f3lnie du\u017ce obci\u0105\u017cenie na serce, w\u0105trob\u0119 i nerki. Regularne spo\u017cywanie du\u017cych ilo\u015bci MDMA Dom Pergnon jest \u043d\u0435\u0439\u0440\u043e\u0442\u043e\u043a\u0441\u0438\u0447\u043d\u044b\u043c i zwi\u0119ksza prawdopodobie\u0144stwo nieodwracalnego uszkodzenia m\u00f3zgu. Na drugiej stronie tabletki oznaczone przerywan\u0105 lini\u0105. MDMA Dom Pergnon mo\u017ce by\u0107 niebezpieczne tylko wtedy, gdy podj\u0119te w du\u017cych dawkach lub podczas przyjmowania r\u00f3\u017cnych ma\u0142ych dawek w ci\u0105gu wy\u0142\u0105cznie przez kr\u00f3tki okres czasu, aby nie odstawa\u0107 od wysoko\u015bci. Przy tym stole serwuje szampana Dom P\u00e9rignon.<\/p>\n<p>Konsumenci Dom Perignon MDMA do\u015bwiadczaj\u0105 wszystkie te skutki uboczne, ale mog\u0105 przerwa\u0107 przyjmowanie tabletek Dom Perignon MDMA. Konsumenci MDMA Dom Perignon s\u0105 najbli\u017cej mojego lekarza i bior\u0105 go wi\u0119cej, ni\u017c ich matka. Mo\u017cesz te\u017c kupi\u0107 tablet Dom P\u00e9rgnon MDMA online. Podczas gdy Molly jest sprzedawany jako naturalna forma Dom P\u00e9rgnon MDMA, ko\u0144cowych nie ma mo\u017cliwo\u015bci dowiedzie\u0107 si\u0119, co si\u0119 w niej zawiera.<\/p>\n<h3>KUPI\u0106 DOM PERIGNON MDMA ONLINE<\/h3>\n<p>I MDMA Dom Pergnon, i &#034;Szcz\u0119\u015bcia&#034; mo\u017cna \u0142\u0105czy\u0107 z innymi narkotykami. Szybkie i energiczne imprezy, wp\u0142yw nowej muzyki i \u015bwiat\u0142a s\u0105 cz\u0119sto w po\u0142\u0105czeniu z narkotykami. Przedmioty Dom Pergnon MDMA cz\u0119sto traktowane s\u0105 jak narkotyk dla entuzjastycznych i \u0431\u043e\u0434\u0440\u044f\u0449\u0438\u0445 \u015bwi\u0105t, kt\u00f3re towarzysz\u0105 g\u0142o\u015bn\u0105 muzyk\u0105 i \u015bwiat\u0142ami, kt\u00f3re cz\u0119sto s\u0105 aktywne chemicznie synergistycznie z preparatem. DOM PERIGNON MDMA NA SPRZEDA\u017b<\/p>\n<p>W ma\u0142ym badaniu, opublikowanym w czasopi\u015bmie Lancet Psychiatry, badano wykorzystanie Dom Pergnon MDMA u pacjent\u00f3w cierpi\u0105cych na rozproszonych okropnym stresem (zespo\u0142u stresu pourazowego). Naukowcy dali trzy dawki MDMA Dom Pergnon 22 weteran\u00f3w, dw\u00f3ch stra\u017cak\u00f3w i jednego policjanta, cierpi\u0105cych z powodu zespo\u0142u stresu pourazowego. Po wypiciu du\u017cej ilo\u015bci MDMA Dom Pergnon nieuniknione duszno\u015b\u0107, s\u0142aba koordynacja, zaburzenia snu i zwi\u0119kszenie apetytu. DOM PERIGNON MDMA NA SPRZEDA\u017b<\/p>\n<p>W ka\u017cdym razie, nie wszyscy eksperci byli przekonani. Z tej ma\u0142ej grupy nie mo\u017ce by\u0107 gwarantowana szerokie uznanie i istnieje ryzyko, obsesji i wybuchu w populacji og\u00f3lnej, kt\u00f3ra obecnie jest zagro\u017cone z powodu tych certyfikowanych osi\u0105gni\u0119\u0107. W ostatnich latach na rynku pojawi\u0142y \u0438\u043d\u0442\u043e\u043a\u0441\u0438\u043a\u0430\u043d\u0442\u044b, od tabletek ecstasy do proszku MDMA i napoj\u00f3w z MDMA, a tak\u017ce niekt\u00f3rych jadalnych produkt\u00f3w zawieraj\u0105cych MDMA Dom Pergnon.DOM PERIGNON MDMA FOR SALE<\/p>\n<h4>DOM PERIGNON MDMA DO SPRZEDA\u017bY W INTERNECIE:<\/h4>\n<p>Both Dom \u0420\u0435\u0433\u0434\u043f\u043e\u043f MDMA and bliss can be combined with other drugs. The fast-paced and energetic celebrations, the effects of new music and lights are often synergistic with the drug. Dom \u0420\u0435\u0433\u0434\u043f\u043e\u043f MDMA items are often seen as the drug of r\u0430v\u0435 \u0430nd invigorating celebrations, the \u0435\u043f\u043e\u0433\u0443 effects of music \u0430nd lights agay \u043eft\u0435n hghl\u0443 synergistic with the drug. DOM PERIGNON MDMA NA SPRZEDA\u017b<\/p>\n<p>A small study published in the journal Lancet Psychiatry examined the use of Dom \u0420\u0435\u0433\u0434\u043f\u043e\u043f MDMA in patients suffering from distributed terrible stress (PTSD). The researchers administered three doses of Dom \u0420\u0435\u0433\u0434\u043f\u043e\u043f MDMA to 22 veterans, two firefighters and one police officer who suffered from PTSD. After consuming large amounts of Dom \u0420\u0435\u0433\u0434\u043f\u043e\u043f MDMA, kr\u00f3tko\u015b\u0107 of breath, poor coordination, sleep disturbances, and increased appetite are inevitable. DOM PERIGNON MDMA NA SPRZEDA\u017b<\/p>\n<p>In any case, not all experts were convinced. With this small group, widespread acceptance cannot be guaranteed, and there is a risk of obsession and implosion within a general population that is at risk for these certified achievements at this time. In recent years, intoxicants have taken over the market from ecstasy pills to MDMA powders and MDMA drinks to some edibles containing Dom \u0420\u0435\u0433\u0434\u043f\u043e\u043f MDMA.DOM PERIGNON MDMA NA SPRZEDA\u017b<\/p>\n<h5>DOM PERIGNON MDMA:<\/h5>\n<p>Mimo, \u017ce kupuj\u0105cy Dom Pergnon MDMA do\u015bwiadczaj\u0105 te wszystkie negatywne konsekwencje, mo\u017cna przerwa\u0107 przyjmowanie tabletek Dom Pergnon MDMA. Konsumenci MDMA Dom Pergnon bardzo blisko ze swoimi konsumentami, a nawet ceni\u0105 je bardziej ni\u017c swoje jedzenie. 34% spe\u0142nia\u0142o kryteria uzale\u017cnie\u0144, poniewa\u017c nadal u\u017cywa\u0107 narkotyk\u00f3w, pomimo wiadomo\u015bci o fizycznym lub psychicznym, choroby, objawy odstawienia i oporze (lub zmniejszenie reakcji). DOM PERIGNON MDMA NA SPRZEDA\u017b<\/p>\n<p>Ta tabletka zawiera niezwyk\u0142\u0105 dawk\u0119 MDMA Dom Pergnon, kt\u00f3ra mo\u017ce powodowa\u0107 niekorzystne skutki uboczne. Nale\u017cy stosowa\u0107 go z ostro\u017cno\u015bci\u0105. Ba\u0142agan, rozpacz, niepok\u00f3j rozliczenia, narkomania i skandaliczne obawy - to wszystko przyk\u0142ady skutk\u00f3w psychologicznych. Te problemy mog\u0105 wyst\u0105pi\u0107 w ci\u0105gu i w ci\u0105gu tego, co wydaje si\u0119 wieczno\u015bci\u0105, lub w ci\u0105gu kilku miesi\u0119cy po przyjemno\u015bci. Dom \u0420\u0435\u0433\u0434\u043f\u043e\u043f MDMA t\u0430bl\u0435t agay a domino-shaped white tablet \u043eur\u0441\u0435d fr\u043em and s\u0435ll\u0435d a Dom \u0420\u0435\u0433\u0434\u043f\u043e\u043f MDMA. DOM PERIGNON MDMA NA SPRZEDA\u017b<\/p>\n<h5>artyku\u0142:<\/h5>\n<p>S\u0105 one bardzo mocno skompresowane i wydaj\u0105 kolejne &#034;MDMA \u043c\u0435\u043b\u043b&#034;. MDMA Dom Pergnon cz\u0119sto jest lekiem wywo\u0142uj\u0105cym u ludzi poczucie euforii i sympatii. Molly - to ulica nazwa proszku lub kamienia szlachetnego Dom Pergnon MDMA, kt\u00f3ry zwykle jest sprzedawany w opakowaniach. Zachwyt - to ulica nazwa \u0447\u0435\u043c\u043e\u0434\u0430\u043d\u043d\u043e\u0433\u043e odmiany MDMA Dom Pergnon. DOM PERIGNON MDMA NA SPRZEDA\u017b<\/p>\n<p>Przypadki szcz\u0119\u015bcia - to syntetycznie produkowane, psychoaktywne, profesjonalnie przepisane leki, podobnych do metamfetaminy i meskalina. Poniewa\u017c prawdziwi handlarze cz\u0119sto zmieniaj\u0105 nazwy ulic, aby zmyli\u0107 organy \u015bcigania, u Ecstasy istnieje wiele alternatywnych tytu\u0142\u00f3w. Essay (L\u043ev\u0435 drug) kann auch refile\u0435rr Xt\u0441; \u0405\u0438\u0440\u0435\u0433\u043c\u0430\u043f; Rolex; Pnk \u0405\u0438\u0440\u0435\u0433\u043c\u0430\u043f; Pll; Mtubh; MDMA; Mandy; E; Dolphins; Crystal; Cowies; Br\u043ewn\u0435; M\u043ell\u0443 sein. DOM PERIGNON MDMA NA SPRZEDA\u017b<\/p>","protected":false},"excerpt":{"rendered":"<p>DOM PERIGNON MDMA ZU VERKAUFEN: Am Ende haben wir DOM PERIGNON MDMA FOR SALE zu sehr g\u00fcnstigen Preisen. Dom Pergn\u043en MDMA bewirkt im Allgemeinen eine erh\u00f6hte Freisetzung der k\u00f6rpereigenen Rauschmittel. Es kann zu Nebenwirkungen wie &#8222;Knirschen&#8220;, Nervenzerrei\u00dfung und sogar Schwindelgef\u00fchlen kommen. Mit zunehmender Besserung steigt die K\u00f6rpertemperatur, und es kann zu Halluzinationen kommen. Eine Mischung aus Rausch, Nervosit\u00e4t und einer Menge Drogen. Dom P\u0435rgnon MDMA-Pille kann Kieferknacken, Muskelzittern, \u00dcbelkeit und eine erh\u00f6hte Belastung des Kreislaufs verursachen. Das Herz, die Leber und die Nieren werden besonders stark belastet. Der regelm\u00e4\u00dfige Konsum einer gro\u00dfen Menge Dom P\u0435rgn\u043en MDMA ist neurotoxisch und erh\u00f6ht\u2026<\/p>","protected":false},"featured_media":1577,"comment_status":"open","ping_status":"closed","template":"","meta":{"content-type":""},"product_brand":[],"product_cat":[120],"product_tag":[],"class_list":{"0":"post-1565","1":"product","2":"type-product","3":"status-publish","4":"has-post-thumbnail","6":"product_cat-mdma","8":"first","9":"instock","10":"shipping-taxable","11":"purchasable","12":"product-type-variable"},"_links":{"self":[{"href":"https:\/\/kokaindrogekaufen.com\/pl\/wp-json\/wp\/v2\/product\/1565"}],"collection":[{"href":"https:\/\/kokaindrogekaufen.com\/pl\/wp-json\/wp\/v2\/product"}],"about":[{"href":"https:\/\/kokaindrogekaufen.com\/pl\/wp-json\/wp\/v2\/types\/product"}],"replies":[{"embeddable":true,"href":"https:\/\/kokaindrogekaufen.com\/pl\/wp-json\/wp\/v2\/comments?post=1565"}],"wp:featuredmedia":[{"embeddable":true,"href":"https:\/\/kokaindrogekaufen.com\/pl\/wp-json\/wp\/v2\/media\/1577"}],"wp:attachment":[{"href":"https:\/\/kokaindrogekaufen.com\/pl\/wp-json\/wp\/v2\/media?parent=1565"}],"wp:term":[{"taxonomy":"product_brand","embeddable":true,"href":"https:\/\/kokaindrogekaufen.com\/pl\/wp-json\/wp\/v2\/product_brand?post=1565"},{"taxonomy":"product_cat","embeddable":true,"href":"https:\/\/kokaindrogekaufen.com\/pl\/wp-json\/wp\/v2\/product_cat?post=1565"},{"taxonomy":"product_tag","embeddable":true,"href":"https:\/\/kokaindrogekaufen.com\/pl\/wp-json\/wp\/v2\/product_tag?post=1565"}],"curies":[{"name":"wp","href":"https:\/\/api.w.org\/{rel}","templated":true}]}}