{"id":1572,"date":"2023-06-27T19:19:50","date_gmt":"2023-06-27T18:19:50","guid":{"rendered":"https:\/\/kokaindrogekaufen.com\/?post_type=product&#038;p=1572"},"modified":"2024-12-06T06:52:47","modified_gmt":"2024-12-06T06:52:47","slug":"mdma-zu-verkaufen","status":"publish","type":"product","link":"https:\/\/kokaindrogekaufen.com\/pl\/product\/mdma-zu-verkaufen\/","title":{"rendered":"MDMA NA SPRZEDA\u017b"},"content":{"rendered":"<h2>MDMA DO SPRZEDA\u017bY:<\/h2>\n<p>W rzeczywisto\u015bci, mamy MDMA na sprzeda\u017c po bardzo niskich cenach. MDMA, bez w\u0105tpienia, jest formalne oznaczenie substancji do czystego syntetycznego po\u0142\u0105czenia \u2013 w idealnym \u015bwiecie Molly by\u0142a by 100% czyste MDMA. Zwi\u0119kszona cz\u0119sto\u015b\u0107 akcji serca i t\u0119tna mo\u017ce by\u0107 bardzo niebezpieczne dla pacjent\u00f3w z problemami uk\u0142adu kr\u0105\u017cenia, a wzrost temperatury cia\u0142a mo\u017ce prowadzi\u0107 do wielu niebezpiecznych skutk\u00f3w.<\/p>\n<p>Mimo, \u017ce substancja ta, jak wiadomo, hamuje sny, niekt\u00f3rzy kupuj\u0105cy odczuwa dziwn\u0105, a czasem przera\u017caj\u0105ce pragnienie w ci\u0105gu kilku dni po spo\u017cyciu du\u017cych ilo\u015bci MDMA. Ma\u0142e porcje mog\u0105 by\u0107 szczeg\u00f3lnie du\u017ce dla pierwszej ma\u0142ej grupy exploit\u00f3w, bo cz\u0142owiek mo\u017ce w spos\u00f3b niezamierzony wyst\u0105pi\u0107 problem ze zdrowiem, na przyk\u0142ad zbli\u017caj\u0105ce si\u0119 hipertermia, co sprawia, \u017ce MDMA jest jeszcze bardziej niebezpieczne. Mdma na sprzeda\u017c<\/p>\n<p>Pora\u017cka LSD zwykle trwa oko\u0142o 24 godzin i mo\u017ce obejmowa\u0107 uczucie rozpaczy, stresu i braku zaufania. Wielu ludzi donosz\u0105, \u017ce wci\u0105\u017c czekaj\u0105 na oznak uszkodzenia w ci\u0105gu kilku tygodni lub nawet miesi\u0119cy. 80 mg, zazwyczaj mo\u017ce by\u0107 dobr\u0105 pocz\u0105tkow\u0105 dawk\u0105. Molly - to ulica nazwa proszku MDMA, kt\u00f3ra zwykle wyst\u0119puje w jednoznacznego zbioru przypadkach. &#034;Molly&#034; nie oznacza &#034;czysta&#034;. MDMA na sprzeda\u017c<\/p>\n<p>MDMA zapewnia posi\u0142ki wzmocnienie materialnych zmys\u0142\u00f3w. Klienci zazwyczaj informuj\u0105 o poczuciu \u043d\u0435\u0437\u0430\u0442\u0440\u043e\u043d\u0443\u0442\u043e\u0441\u0442\u0438 i \u043f\u0443\u0448\u0438\u0441\u0442\u043e\u0441\u0442\u0438 otaczaj\u0105cych ich pory i sk\u00f3r\u0119. Zachwyt - to ulica nazwa MDMA w formie tabletek. Zw\u0142aszcza je\u015bli wzi\u0105\u0107 pod uwag\u0119, \u017ce MDMA jest na drodze do u\u017cycia zalecanych przez lekarza lek\u00f3w w celu wsparcia leczenia. Leki moczop\u0119dne, takie jak alkohol, mog\u0105 pogorszy\u0107 te problemy, powoduj\u0105c wyj\u0105tkowo wysoki poziom odwodnienia. Mdma na sprzeda\u017c<\/p>\n<h3>KUPI\u0106 MDMA ONLINE:<\/h3>\n<p>Zaleca si\u0119 zwr\u00f3ci\u0107 szczeg\u00f3ln\u0105 uwag\u0119 na zu\u017cycie wody, pi\u0107 nie za du\u017co i nie za ma\u0142o, a tak\u017ce nie napinania si\u0119, bez pomocy z zewn\u0105trz, aby unikn\u0105\u0107 udaru cieplnego, kt\u00f3ry mo\u017ce doprowadzi\u0107 do zgonu. Neurotoksyczno\u015b\u0107 stosowania MDMA - to temat, kt\u00f3ry wywo\u0142uje spory. Mdma na sprzeda\u017c<\/p>\n<p>Logiczna analiza doprowadzi\u0142a do wniosku, \u017ce cho\u0107 MDMA, jak zwykle, jest bezpieczny podczas testowania w warunkach kontrolowanych, organizacja powtarzaj\u0105cych si\u0119 albo jednorazowych pomiar\u00f3w MDMA w okre\u015blonym zakresie, bez w\u0105tpienia, jest \u043d\u0435\u0439\u0440\u043e\u0442\u043e\u043a\u0441\u0438\u0447\u043d\u043e\u0439. Od 1980 roku MDMA jest powszechnie okre\u015blane jako &#034;Rozkosz&#034; (w skr\u00f3cie &#034;E&#034;, &#034;X&#034; lub &#034;XTC&#034;), co odnosi si\u0119 do jego gangowi odmianom jak do tabletek nielegalnego prasowania lub tabletek MDMA na sprzeda\u017c<\/p>\n<p>Udar cieplny i naruszenie produkcji serotoniny MDMA, jak i wszystkie serotoninergicakie leki przypisane przez lekarza, zwi\u0119ksza ryzyko udaru cieplnego ze wzgl\u0119du na jego wp\u0142yw na nerw cz\u0119\u015b\u0107 naszego m\u00f3zgu, kt\u00f3ra pomaga nam kontrolowa\u0107 temperatur\u0119 wewn\u0119trzn\u0105. Substancje te mog\u0105 by\u0107 szczeg\u00f3lnie szkodliwe, je\u015bli konsument nie wie, co robi. Mog\u0105 one by\u0107 niebezpieczne w po\u0142\u0105czeniu z MDMA.mdma na sprzeda\u017c<\/p>\n<p>Ludzie, kt\u00f3rzy celowo lub przypadkowo miesza si\u0119 te typy mieszanek z innymi substancjami, takimi jak marihuana i alkohol, mog\u0105 narazi\u0107 si\u0119 na znacznie wi\u0119ksze ryzyko niekorzystnych skutk\u00f3w dla zdrowia. Ameryka\u0144ski termin &#034;Molly&#034;, jak i brytyjski odpowiednik &#034;Mandy&#034;, pierwotnie odnosi\u0142 si\u0119 do cennego kamienia lub proszku MDMA, kt\u00f3ry by\u0142 bardzo czysty i nie zawiera zanieczyszcze\u0144. Mdma na sprzeda\u017c<\/p>\n<h4>BC MDMA DO SPRZEDA\u017bY:<\/h4>\n<p>Niekt\u00f3rzy klienci twierdz\u0105, \u017ce MDMA traci swoj\u0105 &#034;magiczn\u0105 moc&#034; ju\u017c po dziesi\u0119ciu do\u015bwiadcze\u0144, podczas gdy inni informuj\u0105 o du\u017cej liczbie do\u015bwiadcze\u0144, zanim znikn\u0105 \u044d\u043c\u043f\u0430\u0442\u0438\u0447\u0435\u0441\u043a\u0438\u0435 jako\u015bci. Wydaje si\u0119 jednak, \u017ce to nie ma znaczenia dla wszystkich klient\u00f3w, poniewa\u017c wielu klient\u00f3w donosz\u0105, \u017ce pomimo obecno\u015bci kilku lub, by\u0107 mo\u017ce, du\u017cej ilo\u015bci aplikacji, nie wykaza\u0142y ni\u017cszych wynik\u00f3w w zakresie mo\u017cliwo\u015bci. Mdma na sprzeda\u017c<\/p>\n<p>Zacznij powoli i konsekwentnie. Zwykle jest to wyj\u0105tkowy wskaz\u00f3wka. Im wi\u0119cej zestaw\u00f3w, tym wi\u0119ksze ryzyko nieprzyjemnego podr\u00f3\u017cy lub katastrofalnych wynik\u00f3w. Zgodno\u015b\u0107 z mniejszej porcji ma kluczowe znaczenie, zw\u0142aszcza je\u015bli nigdy wcze\u015bniej nie jedli s\u0142odyczy. Upewnij si\u0119, \u017ce dajesz zmniejszonej porcji wystarczaj\u0105co du\u017co czasu i energii, aby post\u0119powa\u0107, przed dodaniem jeszcze. Mdma na sprzeda\u017c<\/p>\n<p>Podobnie jak inne \u015brodki pobudzaj\u0105ce, powa\u017cne u\u017cycie MDMA mo\u017cna traktowa\u0107 jako tworz\u0105ca silny nawyk, z wysokim potencjale nadu\u017cywania i sukcesu w przypadku uzale\u017cnienia psychicznego u niekt\u00f3rych ludzi. Je\u015bli cz\u0142owiek nagle zatrzymuje si\u0119 stosowanie po tym, jak pojawi\u0142a si\u0119 u niego sk\u0142onno\u015b\u0107, mog\u0105 pojawi\u0107 si\u0119 dr\u0105\u017cek i objawy odstawienia. Mdma na sprzeda\u017c<\/p>\n<p>Tak wi\u0119c w tym artykule, powinno by\u0107, zastanawiasz si\u0119, dlaczego nale\u017cy kupi\u0107 proszek MDMA online. Dobrze, w tym artykule opowiemy o produktach najwy\u017cszej jako\u015bci, kt\u00f3re mo\u017cna zam\u00f3wi\u0107, lub o proszku MDMA, kt\u00f3ry mo\u017cna znale\u017a\u0107 w Internecie, tylko w tym artykule. Poni\u017cej przedstawiono niekt\u00f3re wa\u017cne momenty, kt\u00f3re prowadz\u0105 argumenty na rzecz zakupu MDMA tylko tutaj. Produkty MDMA zakazane w wielu krajach, i wed\u0142ug stanu na 2021 rok ju\u017c nie maj\u0105 dozwolonego u\u017cytku medycznego. W rezultacie, zar\u00f3wno m\u0119\u017cczy\u017ani, jak i kobiety cz\u0119sto czuj\u0105 frustracj\u0119 i zm\u0119czenie. Mdma na sprzeda\u017c<\/p>\n<h5>MDMA DO SPRZEDA\u017bY W INTERNECIE:<\/h5>\n<p>MDMA przede wszystkim stymuluje neuroprzeka\u017anik\u00f3w serotoniny i norepinephrine w pewnych obszarach m\u00f3zgu. Nale\u017cy on do grupy lek\u00f3w zawieraj\u0105cych zast\u0105pione przez amfetaminy, i posiada stymuluj\u0105ce i halucynogennych w\u0142a\u015bciwo\u015bci. Ograniczone wyj\u0105tki czasami s\u0105 tworzone w celach badawczych. W miar\u0119 jak rave i kluby by\u0142y rozprowadzane na terenie ca\u0142ego kraju w du\u017cych miastach i na przedmie\u015bciach, r\u00f3s\u0142 i zu\u017cycie i rozpowszechnianie MDMA. MDMA na sprzeda\u017c<\/p>\n<p>MDMA nie ma uznanych profesjonalnych medycznych wskaza\u0144. Obserwowa\u0142 ograniczone zastosowanie w psychoterapii, zanim lek zosta\u0142 w znacznym stopniu ograniczony. Niezale\u017cnie od statusu prawnego leku, wielu psychoterapeut\u00f3w nadal u\u017cywa\u0107 go w terapii. MDMA jest cz\u0119sto w po\u0142\u0105czeniu z innymi lekami, lek na recept\u0119. Obecnie lek nadal stosuje si\u0119 wi\u0119ksz\u0105 grup\u0105 ludzi, kt\u00f3rzy nazywaj\u0105 go Ecstasy lub Molly. Mdma na sprzeda\u017c<\/p>\n<p>Kilka zespo\u0142\u00f3w profesjonalnych medycznych i organizacyjnych ekspert\u00f3w, dziennikarzy, psychodelicznych dzia\u0142aczy i indywidualnych obro\u0144c\u00f3w pracuj\u0105 nad wysokiej jako\u015bci psychodelicznych narkotyk\u00f3w. Po pierwsze, b\u0119dziemy troszczyli si\u0119 tylko o zdrowie naszych pacjent\u00f3w. Naukowcy badaj\u0105, czy MDMA pom\u00f3c w leczeniu opornych na leczenie zespo\u0142u stresu pourazowego (PTSD); badania jego skuteczno\u015bci i bezpiecze\u0144stwa powinny si\u0119 rozpocz\u0105\u0107 w 2020 roku. Mdma na sprzeda\u017c<\/p>\n<p>Dzisiaj ludzie cz\u0119sto kupuj\u0105 proszek MDMA w Internecie i u\u017cywaj\u0105 go, rozpowszechnianie go na dzi\u0105s\u0142a lub po\u0142ykania w paczce papieros\u00f3w, - praktyka znana jako &#034;bombardowanie&#034;. Je\u015bli cz\u0142owiek nie wie, co zje, substancje te mog\u0105 by\u0107 bardzo niebezpieczne. W po\u0142\u0105czeniu z MDMA mog\u0105 by\u0107 bardzo niebezpieczne. A rekreacyjnej spo\u017cycie wi\u0105\u017ce si\u0119 cz\u0119sto z rave-kultur\u0105. Taneczne imprezy i festiwale muzyki elektronicznej. Mdma na sprzeda\u017c<\/p>\n<h4>MDMA DO SPRZEDA\u017bY W EUROPIE:<\/h4>\n<p>Niezale\u017cnie od statusu prawnego zabronionego leku, niekt\u00f3rzy naukowcy w dziedzinie zdrowia uwa\u017caj\u0105, \u017ce mo\u017ce on mie\u0107 dzia\u0142anie terapeutyczne zastosowanie. Zw\u0142aszcza u os\u00f3b cierpi\u0105cych na ptsd, melancholii i innymi problemami behawioralnymi. Ludzie, kt\u00f3rzy celowo lub przypadkowo miesza si\u0119 takie mieszanki r\u00f3\u017cnych substancji, takich jak narkotyki i alkohol, mog\u0105 narazi\u0107 si\u0119 na znacznie wi\u0119ksze ryzyko szkodliwego wp\u0142ywu na samopoczucie. Mdma na sprzeda\u017c<\/p>\n<p>Proszek MDMA jest szeroko stosowany w medycynie. Ludzie, kt\u00f3rzy komercyjnie dost\u0119pnym MDMA, zazwyczaj otrzymuj\u0105 go w postaci kapsu\u0142ek lub tabletek. Wiele os\u00f3b u\u017cywa go w po\u0142\u0105czeniu z innymi lekami. W niekt\u00f3rych krajach jest on u\u017cywany g\u0142\u00f3wnie w kulturze, w klubach, akademikach i na festiwalach. Jednak ten narkotyk Molly przewy\u017csza ka\u017cdy inny narkotyk. Mdma na sprzeda\u017c<\/p>\n<p>to silne u\u017cywk\u0119 z \u044d\u043c\u043f\u0430\u0442\u043e\u0433\u0435\u043d\u043d\u044b\u043c i \u044d\u043d\u0442\u0430\u043a\u0442\u043e\u0433\u0435\u043d\u043d\u044b\u043c dzia\u0142ania; MDMA zaczyna dzia\u0142a\u0107 po oko\u0142o p\u00f3\u0142 godziny, a czas dzia\u0142ania MDMA trwa od czterech do sze\u015bciu godzin, co pozwala badaczom przeprowadza\u0107 swoje eksperymenty. Oferujemy MDMA dla s\u0105dowo-medycznych uprawnionych \u015bledczych. Prawie ka\u017cdy, kto kupuje Ecstasy w mie\u015bcie lub w sklepach kolekcjonerskich, w ka\u017cdym razie nie ma poj\u0119cia o tym, co si\u0119 cz\u0119sto zdarza na tablecie. Mdma na sprzeda\u017c<\/p>\n<h5>wi\u0119cej:<\/h5>\n<p>Te kapsu\u0142ki ecstasy zazwyczaj zawieraj\u0105 amfetaminy w po\u0142\u0105czeniu z MDMA, co prowadzi do niepo\u017c\u0105danych skutk\u00f3w ubocznych. Nigdy nie nale\u017cy pr\u00f3bowa\u0107 obni\u017cy\u0107 swoje og\u00f3lny stan zdrowia. W rezultacie, zar\u00f3wno m\u0119\u017cczy\u017ani, jak i kobiety cz\u0119sto czuj\u0105 frustracj\u0119 i zm\u0119czenie. MDMA przede wszystkim stymuluje neuroprzeka\u017anik\u00f3w serotoniny i norepinephrine w pewnych obszarach m\u00f3zgu. Nale\u017cy on do grupy lek\u00f3w zawieraj\u0105cych zast\u0105pione przez amfetaminy, i posiada stymuluj\u0105ce i halucynogennych w\u0142a\u015bciwo\u015bci. Mdma na sprzeda\u017c<\/p>","protected":false},"excerpt":{"rendered":"<p>MDMA ZU VERKAUFEN: In der Tat haben wir MDMA zu sehr niedrigen Preisen zu verkaufen. MDMA ist zweifelsohne die formale Substanzbezeichnung f\u00fcr die reine synthetische Verbindung &#8211; in einer idealen Welt w\u00e4re Molly 100% reines MDMA. H\u00f6here Puls- und Herzfrequenzen k\u00f6nnen f\u00fcr Patienten mit Kreislaufproblemen extrem gef\u00e4hrlich sein, und eine erh\u00f6hte K\u00f6rpertemperatur kann zu einer Reihe von gef\u00e4hrlichen Folgen f\u00fchren. Ungeachtet der Tatsache, dass diese Substanz daf\u00fcr bekannt ist, Tr\u00e4ume zu unterdr\u00fccken, erleben einige K\u00e4ufer nach der Einnahme gro\u00dfer Mengen MDMA mehrere Abende lang ein bizarres und gelegentlich erschreckendes Verlangen. Geringf\u00fcgige Portionen k\u00f6nnen f\u00fcr die erste kleine Gruppe von Exploits\u2026<\/p>","protected":false},"featured_media":1578,"comment_status":"open","ping_status":"closed","template":"","meta":{"content-type":""},"product_brand":[],"product_cat":[120],"product_tag":[],"class_list":{"0":"post-1572","1":"product","2":"type-product","3":"status-publish","4":"has-post-thumbnail","6":"product_cat-mdma","8":"first","9":"instock","10":"shipping-taxable","11":"purchasable","12":"product-type-variable"},"_links":{"self":[{"href":"https:\/\/kokaindrogekaufen.com\/pl\/wp-json\/wp\/v2\/product\/1572"}],"collection":[{"href":"https:\/\/kokaindrogekaufen.com\/pl\/wp-json\/wp\/v2\/product"}],"about":[{"href":"https:\/\/kokaindrogekaufen.com\/pl\/wp-json\/wp\/v2\/types\/product"}],"replies":[{"embeddable":true,"href":"https:\/\/kokaindrogekaufen.com\/pl\/wp-json\/wp\/v2\/comments?post=1572"}],"wp:featuredmedia":[{"embeddable":true,"href":"https:\/\/kokaindrogekaufen.com\/pl\/wp-json\/wp\/v2\/media\/1578"}],"wp:attachment":[{"href":"https:\/\/kokaindrogekaufen.com\/pl\/wp-json\/wp\/v2\/media?parent=1572"}],"wp:term":[{"taxonomy":"product_brand","embeddable":true,"href":"https:\/\/kokaindrogekaufen.com\/pl\/wp-json\/wp\/v2\/product_brand?post=1572"},{"taxonomy":"product_cat","embeddable":true,"href":"https:\/\/kokaindrogekaufen.com\/pl\/wp-json\/wp\/v2\/product_cat?post=1572"},{"taxonomy":"product_tag","embeddable":true,"href":"https:\/\/kokaindrogekaufen.com\/pl\/wp-json\/wp\/v2\/product_tag?post=1572"}],"curies":[{"name":"wp","href":"https:\/\/api.w.org\/{rel}","templated":true}]}}