{"id":1584,"date":"2023-06-27T19:20:00","date_gmt":"2023-06-27T18:20:00","guid":{"rendered":"https:\/\/kokaindrogekaufen.com\/?post_type=product&#038;p=1584"},"modified":"2024-12-06T07:01:16","modified_gmt":"2024-12-06T07:01:16","slug":"mdma-pillen-zu-verkaufen","status":"publish","type":"product","link":"https:\/\/kokaindrogekaufen.com\/pl\/product\/mdma-pillen-zu-verkaufen\/","title":{"rendered":"TABLETKI MDMA NA SPRZEDA\u017b"},"content":{"rendered":"<h2>MDMA PILLEN KAUFEN:<\/h2>\n<p>U Aarona tabletki MDMA do sprzeda\u017cy na ca\u0142ym \u015bwiecie. Je\u015bli uwa\u017casz, \u017ce tabletka, kt\u00f3r\u0105 daje sobie lub kt\u00f3re mo\u017cna znale\u017a\u0107 w pokoju swojego ucznia, to pocz\u0119stunek, to mo\u017ce by\u0107 to lekarstwo. Tabletki MDMA, znane r\u00f3wnie\u017c jako Joy lub Molly, stanowi\u0105 lek\u00f3w psihoaktivnyj, kt\u00f3ry dzia\u0142a jak afrodyzjak, dostarczaj\u0105c syntetycznych substancji jako sk\u0142adnika swojego m\u00f3zgu, powoduj\u0105c o\u017cywczy efekt, poprawiaj\u0105c swoje umiej\u0119tno\u015bci i zwi\u0119kszenie uczucia, takie jak samo\u015bwiadomo\u015b\u0107 i wsp\u00f3\u0142czucie.<\/p>\n<p>Rzecz w tym, \u017ce jest to szczeg\u00f3lnie du\u017ce ryzyko podczas korzystania z prawid\u0142owo wykonanej skrzyni. Niekorzystne skutki za\u017cywania tabletek MDMA rozci\u0105gaj\u0105 si\u0119 poza momentu krytycznego do dalszego picia. Prawie 80% nabywc\u00f3w tabletek MDMA donosz\u0105 o zm\u0119czeniu, anhedonia i cierpieniu po za\u017cyciu tabletek MDMA. Dla ulicznych farmaceut\u00f3w to jest naprawd\u0119 proste. Tabletki MDMA na sprzeda\u017c<\/p>\n<p>MDMA tabletki z dowoln\u0105 substancj\u0105, kt\u00f3ra wydaje si\u0119 takim, wi\u0119c coraz MDMA tabletki nie poka\u017c\u0105, \u017ce przypadkowo nie \u043a\u043e\u043c\u0431\u0438\u043d\u0438\u0440\u043e\u0432\u0430\u043b\u0438 r\u00f3\u017cne substancje ze wszystkimi lekami. Te ofensywne skutki s\u0105 mo\u017cliwe tylko z powodu wyczerpania serotoniny w m\u00f3zgu. Nie masz poj\u0119cia, co tak naprawd\u0119 znajduje si\u0119 w kontenerze i jak to wp\u0142ywa na twoje cia\u0142o. Tabletki MDMA na sprzeda\u017c<\/p>\n<p>Poziom czysto\u015bci tabletek MDMA, jak i u wi\u0119kszo\u015bci zakazanych, profesjonalnie przepisanych lek\u00f3w, regularnie si\u0119 zmienia, dlatego nie mo\u017cna zagwarantowa\u0107, \u017ce z typami, kt\u00f3re wcze\u015bniej mo\u017cna by\u0142o bezwarunkowo ufa\u0107, oni pozostan\u0105 takie. Tabletki MDMA w po\u0142\u0105czeniu z lodem, aids lub kokain\u0105: zwi\u0119kszone ryzyko napi\u0119cia i spadek funkcji m\u00f3zgu z powodu u\u017cywania dopaminy. Ogromne obci\u0105\u017cenie na uk\u0142ad sercowo-naczyniowy i inne cz\u0119\u015bci ludzkiego cia\u0142a mo\u017ce prowadzi\u0107 do udaru m\u00f3zgu. Tabletki MDMA na sprzeda\u017c<\/p>\n<h3>KUPI\u0106 TABLETKI MDMA ONLINE:<\/h3>\n<p>siedem i osiem Rado\u015b\u0107 mo\u017ce sprawi\u0107, \u017ce ludzie czuj\u0105 si\u0119 l\u015bni\u0105ce w tym czasie, ale to uczucie nie przetrwa. Klienci mog\u0105 mie\u0107 podobne objawy lub zjawiska w czasie i kr\u00f3tko po spo\u017cyciu. Tabletki MDMA, zwykle uwa\u017cany za lek z wyboru w rave scenie, r\u00f3wnie\u017c u\u017cywane w klubach, na imprezach i w domu. Tabletki MDMA na sprzeda\u017c<\/p>\n<p>Wymierne rezultaty muzyki i o\u015bwietlenia cz\u0119sto b\u0119d\u0105 wy\u0142\u0105cznie \u0441\u0438\u043d\u0435\u0440\u0433\u0435\u0442\u0438\u0447\u0435\u0441\u043a\u0438\u043c\u0438 z efektami rave-ustawienie. MDMA tabletki halucynogenny amfetamina Top Natura daje r\u00f3\u017cne sk\u0142adniki, aby go przyci\u0105gn\u0105\u0107 klient\u00f3w podczas buntu. To podkre\u015bla potencjalne ryzyko zwi\u0105zane z wykonywaniem nowoczesnych lub zdolnych grafik\u00f3w, takich jak kierowanie pojazdem, b\u0119d\u0105c pod wp\u0142ywem tych lek\u00f3w. Tabletki MDMA na sprzeda\u017c<\/p>\n<p>Tylko tabletki MDMA nie uznane za legalne do spo\u017cycia z powodu ich historii jako narkotyk\u00f3w rekreacyjnych, kt\u00f3re mog\u0105 zaszkodzi\u0107, spowodowa\u0107 nadu\u017cywanie i uzale\u017cnienie. W ka\u017cdym razie, od 2017 roku FDA klasyfikuje pozytywny wp\u0142yw leku na objawy i objawy PTSD jako &#034;zaawansowan\u0105 terapi\u0119&#034;. Kolejne do\u015bwiadczenie, kt\u00f3re do\u015bwiadczaj\u0105 niekt\u00f3rzy konsumenci tabletek MDMA, to ponowny odbi\u00f3r. Tabletki MDMA na sprzeda\u017c<\/p>\n<p>Je\u015bli kto\u015b bierze tabletki MDMA, lek mo\u017ce wp\u0142ywa\u0107 na zdolno\u015b\u0107 organizmu do stosowania go, co powoduje wysoki poziom zatwierdzenia we krwi. Ecstasy, bez w\u0105tpienia, jest zakazane rekreacyjno narkotykiem, zawieraj\u0105cym tabletki MDMA (3,4-methylenedioxymethamphetamine). Jest to zwi\u0105zane zar\u00f3wno ekscytuj\u0105ce, jak i z stymuluj\u0105cych lekami i ma oba typy oddzia\u0142ywa\u0144, co czyni go popularnym lekiem na imprezy. Tabletki MDMA na sprzeda\u017c<\/p>\n<h4>TABLETKI MDMA DO SPRZEDA\u017bY W INTERNECIE:<\/h4>\n<p>Molly - to termin u\u017cywany do opisania euforii od rodzaju umiej\u0119tno\u015bci. Przyspieszony puls i t\u0119tno mo\u017ce by\u0107 bardzo niebezpieczne dla u\u017cytkownik\u00f3w ko\u0144cowych z problemami kr\u0105\u017cenia, a podwy\u017cszona temperatura cia\u0142a mo\u017ce prowadzi\u0107 do wielu niebezpiecznych skutk\u00f3w. PTSD rozwija si\u0119 po tym, jak cz\u0142owiek prze\u017cy\u0142 traumatyczne wydarzenie, takie jak ci\u0119\u017ckie zdarzenie, przemoc seksualna, wypadki lub wojna. Tabletki MDMA na sprzeda\u017c<\/p>\n<p>Wspomnienia mog\u0105 przejawia\u0107 si\u0119 w postaci wspomnie\u0144 lub z\u0142ych sn\u00f3w, co sprawia, \u017ce wielu ludzi wspomina\u0107 przera\u017caj\u0105ce wydarzenia. Kluczowy zesp\u00f3\u0142 stresu pourazowego mo\u017ce r\u00f3wnie\u017c prowadzi\u0107 do autodestrukcji. Zbadaj, czy wp\u0142ywaj\u0105 tabletki MDMA na produkcj\u0119 nawyki na dzia\u0142anie. Badania wykaza\u0142y, \u017ce zwierz\u0119ta same bior\u0105 tabletki MDMA - wa\u017cny wska\u017anik ryzyka za\u017cywania narkotyk\u00f3w \u2013 cho\u0107 w mniejszym stopniu, ni\u017c inne narkotyki, takie jak kokaina. Tabletki MDMA na sprzeda\u017c<\/p>\n<p>Profil ryzyka MDMA jest wystarczaj\u0105co niski, aby wymaga\u0107 dodatkowych bada\u0144 w ramach bada\u0144 klinicznych. Dotyczy to jednak tylko starannie \u0441\u043f\u043b\u0430\u043d\u0438\u0440\u043e\u0432\u0430\u043d\u043d\u044b\u043c badanie \u0441\u0435\u0442\u0442\u0438\u043d\u0433\u0430\u043c z \u0440\u0430\u0441\u0441\u043c\u043e\u0442\u0440\u0435\u043d\u043d\u044b\u043c\u0438 temat\u00f3w dla doros\u0142ych, a nie do ca\u0142kowitej konsumpcji MDMA. Podr\u0119cznik ten mo\u017ce zmniejszy\u0107 prawdopodobie\u0144stwo, \u017ce kto\u015b b\u0119dzie przyjmowanie MDMA. Tabletki MDMA na sprzeda\u017c<\/p>\n<p>Chocia\u017c wszystkie leki mog\u0105 by\u0107 szkodliwe, MDMA wydaje si\u0119 bardziej bezpiecznym \u015brodkiem, ni\u017c wi\u0119kszo\u015b\u0107 innych niedozwolonych lek\u00f3w. Je\u015bli b\u0119dziesz stosowa\u0107 si\u0119 do zalece\u0144 w celu z\u0142agodzenia skutk\u00f3w, MDMA b\u0119dzie bezpieczniej. Poniewa\u017c ponowne u\u017cywanie narkotyk\u00f3w w kr\u00f3tkich odst\u0119pach czasu mo\u017ce zak\u0142\u00f3ci\u0107 metabolizm w organizmie (podzia\u0142 w organizmie), mog\u0105 by\u0107 osi\u0105gni\u0119te bardzo niebezpieczne etapie. Tabletki MDMA na sprzeda\u017c<\/p>\n<h5>TABLETKI MDMA DO SPRZEDA\u017bY W EUROPIE:<\/h5>\n<p>Po wielu latach u\u017cywania tabletki MDMA trudno przyjmowa\u0107, bo organizm musi przystosowa\u0107 si\u0119 do funkcjonowania bez tabletek MDMA. Objawy odstawienia powinny pojawi\u0107 si\u0119 w ci\u0105gu 7 dni i zazwyczaj znikaj\u0105 w ci\u0105gu miesi\u0105ca. D\u0142ugotrwa\u0142e stosowanie tabletek MDMA starszymi mo\u017ce spowodowa\u0107 powa\u017cne szkody \u0441\u0435\u0440\u043e\u0442\u043e\u043d\u0438\u043d\u043e\u0432\u043e\u0439 systemie. U\u017cytkownicy ko\u0144cowi, nadu\u017cywaj\u0105cych tabletek MDMA lub ecstasy lub walcz\u0105ce z uzale\u017cnieniem, zwykle cierpi\u0105 najbardziej powa\u017cnych skutk\u00f3w d\u0142ugoterminowych. Tabletki MDMA na sprzeda\u017c<\/p>\n<p>Wiele konsumenci nie zdaj\u0105 sobie sprawy, \u017ce leki, kt\u00f3re im daj\u0105, s\u0105 dodawane inne substancje, co prowadzi do jeszcze bardziej niebezpiecznych scenariuszy u\u017cycia. Molly, jeszcze jeden \u0436\u0430\u0440\u0433\u043e\u043d\u043d\u044b\u0439 termin dla oznaczenia tabletek MDMA, mieszane z innymi substancjami, cz\u0119sto w og\u00f3le nie zawiera tabletek MDMA. Zazwyczaj kupuj\u0105cy tabletek MDMA mog\u0105 do\u015bwiadcza\u0107 odurzaj\u0105cy efekt tabletek MDMA przez oko\u0142o 45 minut po podaniu pojedynczej dawki. Tabletki ecstasy zwykle po\u0142kn\u0105\u0107. Jednak wiele os\u00f3b uciskaj\u0105 je i w\u0105chania. Tabletki MDMA na sprzeda\u017c<\/p>\n<p>Mamy najlepszy sklep tabletek MDMA w Internecie, gdzie mo\u017cna znale\u017a\u0107 szeroki wyb\u00f3r wysokiej jako\u015bci tabletek ecstasy, zam\u00f3wi\u0107 je jednym klikni\u0119ciem i poprawi\u0107 sw\u00f3j og\u00f3lny stan zdrowia, nie \u0142ami\u0105c przy tym \u017cadnych koszt\u00f3w. St\u0119\u017cenie MDMA w tabletkach ecstasy jest bardzo r\u00f3\u017cni si\u0119. Niekt\u00f3re tabletki ecstasy zawieraj\u0105 inne, o wiele bardziej niebezpieczne, leki na recept\u0119, kt\u00f3rych akcja trwa znacznie d\u0142u\u017cej. Tabletki MDMA na sprzeda\u017c<\/p>\n<p>Wyniki te obejmuj\u0105 wyczulenie doskona\u0142o\u015bci, zwi\u0119kszon\u0105 \u044d\u043a\u0441\u0442\u0440\u0430\u0432\u0435\u0440\u0442\u043d\u043e\u0441\u0442\u044c, emocjonalne ciep\u0142o i empatia do wielu innych. Tabletki MDMA, kt\u00f3re cz\u0119sto s\u0105 uwa\u017cane za lek z wyboru w rave-kulturze, r\u00f3wnie\u017c mo\u017cna znale\u017a\u0107 na placach golfowe, na festiwalach i kolekcjach prywatnych. Efekty dotykowe muzyki i \u015bwiat\u0142a wychodz\u0105ce z zakresu buntu, cz\u0119sto naprawd\u0119 \u0441\u0438\u043d\u0435\u0440\u0433\u0435\u0442\u0438\u0447\u043d\u044b z medycyn\u0105 w og\u00f3le. Tabletki MDMA na sprzeda\u017c<\/p>\n<h5>MDMA DO SPRZEDA\u017bY:<\/h5>\n<p>Stymuluj\u0105ce dzia\u0142anie leku Tabletki MDMA s\u0105 u\u017cywane rzadziej, ni\u017c inne u\u017cywki, zazwyczaj rzadziej ni\u017c raz w tygodniu. Tych, kt\u00f3rzy kupuj\u0105 gotowe tabletki MDMA, zwykle kupuj\u0105 je w postaci kapsu\u0142ek lub tabletek, podczas gdy inne po\u0142kn\u0105\u0107 lek w postaci p\u0142ynnej lub w\u0105chania proszek. Tabletki MDMA na sprzeda\u017c<\/p>\n<p>Molly (potocznie &#034;cz\u0105steczkowa&#034;) - popularny przydomek &#034;czystych&#034; tabletek MDMA w postaci krystalicznego proszku, kt\u00f3re zazwyczaj s\u0105 dost\u0119pne w kapsu\u0142kach. Substancje te mog\u0105 by\u0107 bardzo niebezpieczne, je\u015bli cz\u0142owiek nie kontroluje to, \u017ce zu\u017cywa. W po\u0142\u0105czeniu z tabletek MDMA mog\u0105 by\u0107 niebezpieczne. Tabletki MDMA na sprzeda\u017c<\/p>\n<h6>artyku\u0142 :<\/h6>\n<p>Tabletki MDMA pocz\u0105tkowo by\u0142y popularne na scenie klub\u00f3w, i je palili wsz\u0119dzie, ale obecnie od tego narkotyku cierpi na wi\u0119ksz\u0105 ilo\u015b\u0107 os\u00f3b, kt\u00f3re regularnie za\u017cywa narkotyk &#034;Ecstasy&#034; lub &#034;Molly&#034;. lub nie\u015bwiadomie stosuj\u0105c te rodzaje mieszanek z innymi substancjami, takimi jak marihuana i alkohol, mo\u017cna narazi\u0107 si\u0119 na jeszcze wi\u0119ksze ryzyko pogorszenia stanu zdrowia.<\/p>\n<p>Tabletki MDMA w postaci krystalicznego proszku s\u0105 uwa\u017cane za wolne od podr\u00f3bek. Tabletki MDMA s\u0105 dost\u0119pne w postaci \u0433\u0438\u0434\u0440\u043e\u0445\u043b\u043e\u0440\u0438\u0434\u043d\u043e\u0439 soli, a tak\u017ce w postaci oddzielnych tabletek MDMA w krystalicznej formie lub w postaci kapsu\u0142ek.<\/p>","protected":false},"excerpt":{"rendered":"<p>MDMA PILLEN KAUFEN: Aaronay hat MDMA Pillen zu verkaufen in der ganzen Welt. Wenn du glaubst, dass eine Pille, die dir ein Freund gibt oder die du im Zimmer deines Sch\u00fclers findest, ein Genuss ist, k\u00f6nnte es dieses Medikament sein. MDMA-Pillen, auch bekannt als Joy oder Molly, sind ein psychoaktives Medikament, das als Energizer fungiert und synthetische Substanzen als Bestandteil deines Gro\u00dfhirns abgibt, um eine belebende Wirkung zu erzielen, deine F\u00e4higkeiten zu verbessern und Gef\u00fchle wie Selbstbewusstsein und Mitgef\u00fchl zu steigern. Unterm Strich ist das ein besonders gro\u00dfes Risiko, wenn man eine falsch gemachte Kiste benutzt. Die ung\u00fcnstigen Auswirkungen des\u2026<\/p>","protected":false},"featured_media":1609,"comment_status":"open","ping_status":"closed","template":"","meta":{"content-type":""},"product_brand":[],"product_cat":[120],"product_tag":[],"class_list":{"0":"post-1584","1":"product","2":"type-product","3":"status-publish","4":"has-post-thumbnail","6":"product_cat-mdma","8":"first","9":"instock","10":"shipping-taxable","11":"purchasable","12":"product-type-variable"},"_links":{"self":[{"href":"https:\/\/kokaindrogekaufen.com\/pl\/wp-json\/wp\/v2\/product\/1584"}],"collection":[{"href":"https:\/\/kokaindrogekaufen.com\/pl\/wp-json\/wp\/v2\/product"}],"about":[{"href":"https:\/\/kokaindrogekaufen.com\/pl\/wp-json\/wp\/v2\/types\/product"}],"replies":[{"embeddable":true,"href":"https:\/\/kokaindrogekaufen.com\/pl\/wp-json\/wp\/v2\/comments?post=1584"}],"wp:featuredmedia":[{"embeddable":true,"href":"https:\/\/kokaindrogekaufen.com\/pl\/wp-json\/wp\/v2\/media\/1609"}],"wp:attachment":[{"href":"https:\/\/kokaindrogekaufen.com\/pl\/wp-json\/wp\/v2\/media?parent=1584"}],"wp:term":[{"taxonomy":"product_brand","embeddable":true,"href":"https:\/\/kokaindrogekaufen.com\/pl\/wp-json\/wp\/v2\/product_brand?post=1584"},{"taxonomy":"product_cat","embeddable":true,"href":"https:\/\/kokaindrogekaufen.com\/pl\/wp-json\/wp\/v2\/product_cat?post=1584"},{"taxonomy":"product_tag","embeddable":true,"href":"https:\/\/kokaindrogekaufen.com\/pl\/wp-json\/wp\/v2\/product_tag?post=1584"}],"curies":[{"name":"wp","href":"https:\/\/api.w.org\/{rel}","templated":true}]}}