{"id":1594,"date":"2023-06-27T19:20:00","date_gmt":"2023-06-27T18:20:00","guid":{"rendered":"https:\/\/kokaindrogekaufen.com\/?post_type=product&#038;p=1594"},"modified":"2024-12-06T07:05:49","modified_gmt":"2024-12-06T07:05:49","slug":"trump-mdma-pillen-zu-verkaufen","status":"publish","type":"product","link":"https:\/\/kokaindrogekaufen.com\/pl\/product\/trump-mdma-pillen-zu-verkaufen\/","title":{"rendered":"TABLETKI MDMA TRUMPA NA SPRZEDA\u017b"},"content":{"rendered":"<h2>TABLETKI MDMA TRUMPA DO SPRZEDA\u017bY:<\/h2>\n<p>Po pierwsze, mamy tabletki Trump MDMA do sprzeda\u017cy ze 100% gwarancj\u0105 zwrotu pieni\u0119dzy. polityka. Pomara\u0144czowe tabletki od euforii, ozdobione wizerunkiem prezydenta W\u0142\u00f3cz\u0119g\u00f3w i zawieraj\u0105ce wi\u0119cej ni\u017c dwie porcje MDMA, zosta\u0142y odkryte na konkursie muzycznym &#034;Uczestnicy&#034;. Testy tabletek MDMA Trumpa w \u015brednich i du\u017cych dawkach wykaza\u0142o zaawansowane kontinuum przyjemno\u015bci i podniecenia. Konsekwencje rosn\u0105cej dobroci Trumpa do tabletek MDMA s\u0105 kolejnymi, cho\u0107 jego wnioski o mi\u0142osierdziu, z pewno\u015bci\u0105 w ko\u0144cu staj\u0105 si\u0119 coraz bardziej mieszane.<\/p>\n<p>Nie ma specjalnych bada\u0144 klinicznych lek\u00f3w w zale\u017cno\u015bci od tabletek MDMA od W\u0142\u00f3cz\u0119g\u00f3w. Niekt\u00f3rzy ludzie staraj\u0105 si\u0119 znale\u017a\u0107 strategii w leczeniu uzale\u017cnienia od tabletek MDMA od W\u0142\u00f3cz\u0119g\u00f3w, okaza\u0142o si\u0119, \u017ce terapii behawioralnej mo\u017ce by\u0107 wa\u017cnym. Badacze nale\u017cy przeprowadzi\u0107 znacznie wi\u0119cej bada\u0144, aby okre\u015bli\u0107, jak niesamowite jest to metoda leczenia uzale\u017cnienia od tabletek MDMA od W\u0142\u00f3cz\u0119g\u00f3w. Halucynogenna \u0430\u043c\u0444\u0435\u0442\u0430\u043c\u0438\u043d\u043e\u0432\u0430\u044f natura MDMA wnosi si\u0119 w niej kilka atrakcyjnych element\u00f3w dla klient\u00f3w ze \u015brodowiska \u0440\u0435\u0439\u0432\u043e\u0432.<\/p>\n<p>Niekt\u00f3rym ludziom si\u0119 podoba poczucie masowej spo\u0142eczno\u015bci z powodu niepohamowanego wp\u0142ywu leku, podczas gdy inni u\u017cywaj\u0105 go jako \u0438\u043d\u0442\u043e\u043a\u0441\u0438\u043a\u0430\u043d\u0442\u0430 ze wzgl\u0119du na stymuluj\u0105ce dzia\u0142anie leku. Tabletki Trump MDMA stale przedstawiane jako \u044d\u043c\u043f\u0430\u0442\u043e\u0433\u0435\u043d\u043d\u044b\u0439 lek ze wzgl\u0119du na ich \u0441\u0438\u043c\u043f\u0430\u0442\u0438\u0437\u0438\u0440\u0443\u044e\u0449\u0435\u0433\u043e dzia\u0142ania. Wp\u0142yw r\u00f3\u017cnych bada\u0144 pokazuje konsekwencje rozszerzenia wsp\u00f3\u0142czucia dla innych.<\/p>\n<h3>KUPI\u0106 TABLETKI MDMA TRUMPA ONLINE:<\/h3>\n<p>Tabletki Trumpa niebezpieczne, kt\u00f3re s\u0105 bardzo hojny dzia\u0142anie tabletek MDMA W\u0142\u00f3cz\u0119g\u00f3w i wyrz\u0105dzaj\u0105 znaczne szkody ka\u017cdemu, kto przyjmuje je. Widzieli\u015bmy, jak tabletki Trump MDMA Pills wykorzystali szereg spo\u0142eczno znanych lek\u00f3w i niedawnym przyk\u0142adem tego jest &#034;Atuty&#034; Chocia\u017c tabletki Trump MDMA i inne leki zalecane \u043a\u043b\u0443\u0431\u043d\u044b\u043c\u0438 lekarzami, s\u0105 dost\u0119pne w tych charakterystycznych formach, jestem pewien, \u017ce ka\u017cdy mo\u017ce umie\u015bci\u0107 Trumpa na miejsce patrze\u0107 na usta. Tabletki MDMA Trumpa na sprzeda\u017c<\/p>\n<p>Podejrzewam, \u017ce Melania po prostu zamyka oczy i my\u015bli o swoim dziedzictwie za ka\u017cdym razem, kiedy jej trzeba go zrealizowa\u0107. Artyku\u0142y i administracji kontroli narkotyk\u00f3w - to rozs\u0105dna procedura, kt\u00f3ra pomaga ludziom podejmowa\u0107 decyzje o trudno\u015bciach, jakie napotykaj\u0105. Z rzemie\u015blnikami, przechodz\u0105cych przez ich p\u0119tl\u0119, obecnie s\u0105 one zazwyczaj znajduj\u0105 si\u0119 na uroczysto\u015bciach i b\u0119d\u0105 mo\u017cliwe praktycznie w ka\u017cdym normalnym pomieszczeniu, gdzie zwykle u\u017cywaj\u0105 narkotyk\u00f3w. Tabletki MDMA Trumpa na sprzeda\u017c<\/p>\n<p>Objawy pozbawienia przyjemno\u015bci mog\u0105 r\u00f3\u017cni\u0107 si\u0119 od umiarkowanych do najwa\u017cniejszych z powodu powtarzania u\u017cytkowania i zale\u017cno\u015bci. Czasami ludzie znowu zaczynaj\u0105 bra\u0107 tabletki MDMA od W\u0142\u00f3cz\u0119g\u00f3w lub doprowadzi\u0107 wszystko do ko\u0144ca, bior\u0105c jeszcze jeden lek, aby zapobiec abstynencj\u0119. Na przemian\u0119 materii mog\u0105 mie\u0107 wp\u0142yw wiek, stopie\u0144 aktywno\u015bci, a tak\u017ce wybrane samopoczucie i stan zdrowia. Tabletki MDMA Trumpa na sprzeda\u017c<\/p>\n<h4>TABLETKI MDMA TRUMPA DO SPRZEDA\u017bY W INTERNECIE:<\/h4>\n<p>Ka\u017cdy z nich mo\u017ce by\u0107 szybki lub powolny \u043c\u0435\u0442\u0430\u0431\u043e\u043b\u0438\u0437\u0430\u0442\u043e\u0440\u043e\u043c leki, jak i w przypadku Rapture. U ludzi z wysokim poziomem metabolizmu, jak zwykle, b\u0119dzie bardziej skromne okno do przyjmowania tabletek MDMA Trump, ni\u017c u cz\u0142owieka, przyjmuj\u0105cego woln\u0105 dawk\u0119. Tabletki MDMA Trumpa cz\u0119sto s\u0105 kontrolowanym substancj\u0105 pierwszego planu, co pozwala przypuszcza\u0107, \u017ce nie cieszy rzekomych us\u0142ug medycznych i ma wi\u0119ksz\u0105 szans\u0119 na nadu\u017cycia. Tabletki MDMA Trumpa na sprzeda\u017c<br \/>\nSi vous cherchez un bracelet. Il y en a pour tous les looks, du pr\u00e8s du corps au structur\u00e9, des poignets \u00e0 la cha\u00eene. <a href=\"https:\/\/www.high-endrolex.com\/\" target=\"_blank\" rel=\"noopener\">chain bracelet<\/a> et des poignets.<br \/>\nZ drugiej strony, prowadzone s\u0105 logiczne badania, aby okre\u015bli\u0107 jego przydatno\u015b\u0107 jako mo\u017cliwe \u015brodki leczenia stresu i napi\u0119cia u os\u00f3b z PTSD (choroba strasznego napi\u0119cia) i nieuleczaln\u0105 chorob\u0105. Substancje te z pewno\u015bci\u0105 mog\u0105 by\u0107 niebezpieczne, je\u015bli cz\u0142owiek nie widzi, \u017ce on akceptuje. Oni r\u00f3wnie\u017c mog\u0105 by\u0107 niebezpieczne w po\u0142\u0105czeniu z tabletek MDMA Trump. Tabletki MDMA Trumpa na sprzeda\u017c<\/p>\n<p>Ludzie, kt\u00f3rzy celowo lub przypadkowo miesza si\u0119 ten rodzaj mieszaniny z innymi substancjami, takimi jak narkotyki i alkohol, mog\u0105 narazi\u0107 si\u0119 na znacznie wi\u0119ksze ryzyko szkodliwego wp\u0142ywu na samopoczucie. Jedna z nowych zagro\u017ce\u0144 klubowych narkotyk\u00f3w polega na tym, \u017ce p\u0142yn, przypadek, lub sproszkowane rodzaje tych zasad na ulicy zazwyczaj stanowi\u0105 tajemnicze substancje, kt\u00f3re mog\u0105 by\u0107 niebezpieczne, na przyk\u0142ad, inne zakazane lub \u015brodki odurzaj\u0105ce. narkotyki. Tabletki MDMA Trumpa na sprzeda\u017c<\/p>\n<p>W wyniku fantastycznych i \u0431\u043e\u0434\u0440\u044f\u0449\u0438\u0445 w\u0142a\u015bciwo\u015bci tabletek MDMA od W\u0142\u00f3cz\u0119g\u00f3w mo\u017cna stwierdzi\u0107, \u017ce mog\u0105 by\u0107 dostosowane lub, by\u0107 mo\u017ce, nara\u017cone na niebezpiecze\u0144stwo i wzrost pulsu, choroby sercowo-naczyniowe i, jak zwykle, wewn\u0119trznych poziom\u00f3w ciep\u0142a. Te pu\u0142apki, zazwyczaj znajduj\u0105 si\u0119 pod kontrol\u0105 ludzi, nara\u017conych na dzia\u0142anie i kontrolowanych warunk\u00f3w leczenia za pomoc\u0105 tabletek MDMA W\u0142\u00f3cz\u0119g\u00f3w, nawet je\u015bli s\u0105 one doprowadzi\u0142y do niekorzystnych wynik\u00f3w i przemiany w niekontrolowane warunki. Tabletki MDMA Trumpa na sprzeda\u017c<\/p>\n<h5>MDMA DO SPRZEDA\u017bY:<\/h5>\n<p>Cho\u0107 spora cz\u0119\u015b\u0107 jego \u017cywotno\u015bci, prawdopodobnie b\u0119dzie zwi\u0105zana z systemami modyfikacji, przekazane innym lekarstwa od PTSD, kt\u00f3re pami\u0119taj\u0105 uniwersalne zmiany w przekonaniach, kt\u00f3re wp\u0142ywaj\u0105 na obra\u017cenia, i lepsz\u0105 reakcj\u0119 na przeszkody bezmy\u015blne napi\u0119cia, \u043a\u043e\u043d\u0441\u043e\u043b\u0438\u0434\u0438\u0440\u0443\u044e\u0449\u0430\u044f organizacja i psychoterapia tabletek MDMA Trumpa mo\u017ce tak\u017ce korzysta\u0107 ograniczaj\u0105ce procesy regeneracji. Tabletki MDMA Trumpa na sprzeda\u017c<\/p>\n<p>W po\u0142\u0105czeniu z psychoterapii przyjmowanie tabletek MDMA Trumpa daje mo\u017cliwo\u015b\u0107 &#034;trzyma\u0107 poszkodowanego klienta w stanie psychologicznego bezpiecze\u0144stwa, kt\u00f3ra tworzy stan \u044d\u043c\u043f\u0430\u0442\u0438\u0447\u0435\u0441\u043a\u043e\u0439 autorefleksji, dzi\u0119ki kt\u00f3remu pierwszy raz w \u017cyciu spotyka si\u0119 ze swoimi okropnymi wspomnieniami, nie pozwalaj\u0105c mu kl\u0119sk\u0119 z powodu ogromnej antagonistycznego efektu , kt\u00f3ry czasami towarzyszy zmian\u0105 jego irytuj\u0105cych zmys\u0142\u00f3w&#034;. Tabletki MDMA Trumpa na sprzeda\u017c<\/p>","protected":false},"excerpt":{"rendered":"<p>TRUMP MDMA PILLEN ZU VERKAUFEN: Erstens haben wir Trump MDMA Pills for Sale mit einer 100% Geld-zur\u00fcck-Garantie Politik. Orangefarbene Euphorie-Pillen, die mit der \u00c4hnlichkeit von Pr\u00e4sident Trump verziert waren und mehr als zwei Portionen MDMA enthielten, wurden bei dem Musikwettbewerb &#8222;Bestival&#8220; gefunden. Bei Tests von Trump-MDMA-Pillen mit mittleren und hohen Dosen wurde ein erweitertes Genie\u00dfer- und Erregungskontinuum festgestellt. Die Nachwirkung von Trump MDMA Pills wachsende Freundlichkeit ist konsequent, obwohl seine Ergebnisse auf Mitgef\u00fchl am Ende unbestreitbar mehr gemischt werden. Es gibt keine speziellen klinischen Medikamente f\u00fcr die Abh\u00e4ngigkeit von Trump MDMA Pills. Einige Leute, die versuchen, eine Strategie f\u00fcr die\u2026<\/p>","protected":false},"featured_media":1610,"comment_status":"open","ping_status":"closed","template":"","meta":{"content-type":""},"product_brand":[],"product_cat":[120],"product_tag":[],"class_list":{"0":"post-1594","1":"product","2":"type-product","3":"status-publish","4":"has-post-thumbnail","6":"product_cat-mdma","8":"first","9":"instock","10":"shipping-taxable","11":"purchasable","12":"product-type-variable"},"_links":{"self":[{"href":"https:\/\/kokaindrogekaufen.com\/pl\/wp-json\/wp\/v2\/product\/1594"}],"collection":[{"href":"https:\/\/kokaindrogekaufen.com\/pl\/wp-json\/wp\/v2\/product"}],"about":[{"href":"https:\/\/kokaindrogekaufen.com\/pl\/wp-json\/wp\/v2\/types\/product"}],"replies":[{"embeddable":true,"href":"https:\/\/kokaindrogekaufen.com\/pl\/wp-json\/wp\/v2\/comments?post=1594"}],"wp:featuredmedia":[{"embeddable":true,"href":"https:\/\/kokaindrogekaufen.com\/pl\/wp-json\/wp\/v2\/media\/1610"}],"wp:attachment":[{"href":"https:\/\/kokaindrogekaufen.com\/pl\/wp-json\/wp\/v2\/media?parent=1594"}],"wp:term":[{"taxonomy":"product_brand","embeddable":true,"href":"https:\/\/kokaindrogekaufen.com\/pl\/wp-json\/wp\/v2\/product_brand?post=1594"},{"taxonomy":"product_cat","embeddable":true,"href":"https:\/\/kokaindrogekaufen.com\/pl\/wp-json\/wp\/v2\/product_cat?post=1594"},{"taxonomy":"product_tag","embeddable":true,"href":"https:\/\/kokaindrogekaufen.com\/pl\/wp-json\/wp\/v2\/product_tag?post=1594"}],"curies":[{"name":"wp","href":"https:\/\/api.w.org\/{rel}","templated":true}]}}