{"id":1602,"date":"2023-06-27T19:20:01","date_gmt":"2023-06-27T18:20:01","guid":{"rendered":"https:\/\/kokaindrogekaufen.com\/?post_type=product&#038;p=1602"},"modified":"2024-12-06T07:16:17","modified_gmt":"2024-12-06T07:16:17","slug":"2-fma-zu-verkaufen","status":"publish","type":"product","link":"https:\/\/kokaindrogekaufen.com\/pl\/product\/2-fma-zu-verkaufen\/","title":{"rendered":"2-FMA NA SPRZEDA\u017b"},"content":{"rendered":"<h2>2-FMA DO SPRZEDA\u017bY:<\/h2>\n<p>W wi\u0119kszo\u015bci przypadk\u00f3w mamy 2-FMA do sprzeda\u017cy na ca\u0142ym \u015bwiecie w bardzo rozs\u0105dnych cenach. W ulepszone wizualizacji 2-FMA w du\u017cej mierze r\u00f3\u017cni\u0105 si\u0119 od ponadczasowy sta\u0142y i tylko w pewnym stopniu widoczne w du\u017cych wymiarach. Oni s\u0105 naprawd\u0119 w du\u017cej mierze takie same, jak deliriants, i s\u0105 bardzo szybkie w bardziej zacienionych miejscach. Przechowywa\u0107 w suchym i niekontrolowanym miejscu w ci\u0105gu idealnego czasu dla realistycznego u\u017cytkowania.<\/p>\n<p>Podczas pracy z syntetycznymi substancjami, nale\u017cy zachowa\u0107 odpowiednie \u015brodki ostro\u017cno\u015bci w centrum badawczym, takich jak czyszczenie powierzchni i noszenie r\u0119kawiczek, etui i odzie\u017cy ochronnej. Jednostki, kt\u00f3re wykorzystuj\u0105 przepisy, zawieraj\u0105ce 2-FMA, mogli dobrze poinformowani o podwy\u017cszonym stanie psychiczne w wyniku przyjmowania tych lek\u00f3w. To dlatego, \u017ce substancje w ich g\u0142owach wzmacniaj\u0105 i tym samym skutecznie kontroluj\u0105 ich usytuowanie. 2-FMA na sprzeda\u017c<\/p>\n<p>Leki-\u044d\u043d\u0435\u0440\u0434\u0436\u0430\u0439\u0437\u0435\u0440\u044b uznane za zdolne pom\u00f3c ludziom z utrat\u0105 t\u0142uszczu, t\u0142umi\u0105c ich apetyt na jedzenie. Wynik ten prowadzi do tego, \u017ce kupuj\u0105cy zu\u017cywaj\u0105 mniej najwa\u017cniejszych produkt\u00f3w w og\u00f3le. Nast\u0119pnie, ponownie, regularnie wykonujemy inne sk\u0142adowe konstrukcji, dost\u0119pne, wi\u0119c nale\u017cy by\u0107 na wolno\u015bci, aby skontaktowa\u0107 si\u0119 z nami, aby upewni\u0107 si\u0119, \u017ce mamy ich obs\u0142ugiwany materialny widok na magazynie. Aby otrzyma\u0107 od nas 2-FMA, nale\u017cy mie\u0107 uko\u0144czone 18 lat. 2-FMA na sprzeda\u017c<\/p>\n<p>Znowu konsekwentnie wykonujemy inne sk\u0142adowe konstrukcji, dost\u0119pne, wi\u0119c nale\u017cy by\u0107 wolni, aby skontaktowa\u0107 si\u0119 z nami, aby sprawdzi\u0107, czy jest u nas w magazynie tw\u00f3j obs\u0142ugiwany typ materia\u0142u. Aby otrzyma\u0107 od nas 2-FMA, bardzo wa\u017cne jest, aby by\u0107 w wieku 18 lat. Pobudzaj\u0105ce leki stosowane regularnie uczniami w celu poprawy ich st\u0119\u017cenia w czasie logicznych egzamin\u00f3w. 2-FMA na sprzeda\u017c<\/p>\n<h3>2-KUPI\u0106 FMA ONLINE:<\/h3>\n<p>Okaza\u0142o si\u0119, \u017ce oko\u0142o sze\u015b\u0107dziesi\u0119ciu siedmiu procent nastolatk\u00f3w, przyjmuj\u0105cymi \u044d\u043d\u0435\u0440\u0434\u0436\u0430\u0439\u0437\u0435\u0440\u044b, robili to samo i w latach szkolnych. Stopniowo mam 2-FMA lub, by\u0107 mo\u017ce, 2-FA w ci\u0105gu tygodnia na tydzie\u0144, my\u015bl\u0119, \u017ce na pocz\u0105tku roku, aby pom\u00f3c mi w moim \u015brodowisku naukowym, i okaza\u0142o si\u0119 oznaki lub objawy \u2013 od os\u00f3b, kt\u00f3re nie s\u0105 reprezentowane w ko\u0144cu, na przyk\u0142ad, zawarto\u015b\u0107 moczu za pomoc\u0105 dw\u00f3ch-FMA. 2-FMA na sprzeda\u017c<\/p>\n<p>Mimo, \u017ce regularnie wykonujemy inne kompozytowe \u0430\u0441\u0441\u043e\u0440\u0442\u0438\u043c\u0435\u043d\u0442\u044b, dost\u0119pne po wyj\u0119ciu z pude\u0142ka, wi\u0119c b\u0105d\u017acie szcz\u0119\u015bliwi, aby skorzysta\u0107 z losowo szansa, \u017ce teraz mamy sw\u00f3j najbardziej popularny rodzaj materia\u0142u na magazynie. Trzeba by\u0142o przej\u015b\u0107 do\u015b\u0107 du\u017co czasu gdzie\u015b w osiemna\u015bcie lat, aby uzyska\u0107 od nas 2-FMA. Dawki 2-FMA w granicach 100 mg+ wskazuj\u0105 na nieznaczny i po\u0142yskuj\u0105ce oczopl\u0105s (drgania oczu). 2-FMA na sprzeda\u017c<\/p>\n<p>\u0410\u043d\u0435\u043a\u0434\u043e\u0442\u0438\u0447\u0435\u0441\u043a\u0438\u0435 wiadomo\u015bci od ka\u017cdego z ludzi, kt\u00f3rzy oceniali 2-FMA, sugeruj\u0105, \u017ce to, podobno, nie wszystkie z\u0142e konsekwencje dla zdrowia przypisuje si\u0119 tylko spr\u00f3bowa\u0107 to po\u0142\u0105czenie w wyj\u0105tkowo niskich i \u015brednich porcjach samodzielnie lub u\u017cywa\u0107 go oszcz\u0119dnie (jednak nic nie mo\u017ce by\u0107 w pe\u0142ni gwarantowana). 2-FMA na sprzeda\u017c<\/p>\n<h4>2-FMA DO SPRZEDA\u017bY W INTERNECIE:<\/h4>\n<p>W sumie, ka\u017cdy \u044d\u043d\u0435\u0440\u0434\u0436\u0430\u0439\u0437\u0435\u0440 mo\u017ce powodowa\u0107 problemy z sercowonaczyniowym systemu w przypadku niew\u0142a\u015bciwego obchodzenia si\u0119 lub spo\u017cywanie prosta rzeczywisto\u015b\u0107 jest taka, \u017ce ludzie, na pewno nie jest bardzo ostro\u017cny ze swoimi programami o\u015brodkowego uk\u0142adu NERWOWEGO w zakresie osi\u0105gni\u0119cia skuteczno\u015bci lub zachwyt. Leki przypisane przez lekarza-\u044d\u043d\u0435\u0440\u0434\u0436\u0430\u0439\u0437\u0435\u0440\u043e\u043c, uwa\u017ca si\u0119, \u017ce pomagaj\u0105 ludziom z dzisiejszym spadkiem masy cia\u0142a, t\u0142umi\u0105c ich niepok\u00f3j. 2-fma na sprzeda\u017c<\/p>\n<p>Oddzia\u0142ywanie to motywuje kupuj\u0105cego w du\u017cej mierze jest mniej produkt\u00f3w. 2-FMA nale\u017cy zamawia\u0107 jako kontrolowany materia\u0142 z listy I, nie zwa\u017caj\u0105c na to, \u017ce lek jest wymagane od uprawnionego lekarza, aby uzyska\u0107 i transportu 2-FMA w Kanadzie. Przechowywanie bez zezwolenia mo\u017ce to prowadzi\u0107 do powa\u017cnych i ewentualne cyklu. Nawet je\u015bli 2-FMA regularnie stosowany jako lek oryginalny, nie ma psychoaktywnych dzia\u0142ania i mo\u017ce tylko wzmocni\u0107 dzia\u0142anie na m\u00f3zg u cz\u0142owieka, i ogranicza si\u0119 do sportowych powod\u00f3w. 2-FMA w sprzeda\u017cy<\/p>\n<p>Nasze granulaty 2-FMA \u015bci\u015ble zatwierdzone do stosowania w jednostkach badawczych, a nie do stosowania u ludzi. Ka\u017cdy element zwi\u0105zany z dawk\u0105 \/ opiek\u0105 nad osobami lub istotami, lub prawie wszystko, co jest zwi\u0105zane z u\u017cyciem, jest nie do przyj\u0119cia. Bardzo wa\u017cne jest, aby te wyniki nie zosta\u0142y uzyskane za pomoc\u0105 naprawd\u0119 niesamowite lub niezawodnej techniki, podczas gdy wy\u017csze dawki s\u0105 bardziej nara\u017cone na oddzia\u0142ywania szeregu efekt\u00f3w. 2-fma na sprzeda\u017c<\/p>\n<h4>2-FMA FOR SALE EUROPA:<\/h4>\n<p>Dodatkowo, niekorzystne wyniki przychodz\u0105, aby by\u0107 niew\u0105tpliwie bardziej wiarygodne z wy\u017cszych dawkach i mog\u0105 obejmowa\u0107 uzale\u017cnienie i g\u0142\u00f3wny pojedynczy uraz. Mimo, \u017ce sk\u0142adnik aktywny 2-FMA oficjalnie nie jest badana na por\u00f3wnywaln\u0105 ilo\u015b\u0107 zwyk\u0142ych amfetaminy, logiczne badania pokazuj\u0105, \u017ce dzia\u0142a on jako specjalista, ma dopamine i norepinephrine. 2-fma na sprzeda\u017c<\/p>\n<p>Oznacza to, \u017ce z powodzeniem obs\u0142uguje poziom noradrenaliny i dopaminy, przekaz i kilka utrudniania bia\u0142ek-no\u015bnik\u00f3w, kt\u00f3re zazwyczaj zbieraj\u0105 si\u0119 w szczeliny synaptycznej. Proponowane proporcje nie istnieje, bo 2-\u0444\u0442\u043e\u0440\u043c\u0435\u0442\u0430\u043c\u0444\u0435\u0442\u0430\u043c\u0438\u043d po prostu nie jest przeznaczony do spo\u017cycia przez ludzi, ale jednorazowy odbi\u00f3r, dla syntetycznego badania reklamowane jako legalne ogromny dla cel\u00f3w badawczych. 2-fma na sprzeda\u017c<\/p>\n<p>Lek jest zazwyczaj bardziej przyjemny i rozpoznawalny, ni\u017c modafinil, ale oba s\u0105 znacznie silniejsze, ni\u017c sportowe. Przepisy Energizer, jak wiadomo, pomagaj\u0105 ludziom z dzisiejszym t\u0142uszczem, t\u0142umi\u0105c ich pragnienia. Oddzia\u0142ywanie to b\u0119dzie indywidualne wypalenie znacznie mniej wa\u017cne. 2-fma na sprzeda\u017c<\/p>\n<h5>artyku\u0142 :<\/h5>\n<p>Faktycznie, ja bym nie by\u0142 zbyt zaskoczony, gdyby ta historia o intensywnych sercowonaczyniowych ubocznych (nie \u043a\u0430\u0440\u0434\u0438\u043e\u0442\u043e\u043a\u0441\u0438\u0447\u043d\u044b\u0445, jak my\u015blisz) by\u0142a prawdziwa, zw\u0142aszcza, \u017ce 2-FMA wyra\u017anie nie jest to szcz\u0119\u015bcie, kt\u00f3re kojarzy si\u0119 z wi\u0119kszo\u015bci\u0105 innych podsk\u00f3rnych amfetaminy, pozostawiaj\u0105c cz\u0142owieka w poszukiwaniu rozkoszy. zawiera\u0107. 2-FMA na sprzeda\u017c<\/p>\n<p>Osoby przyjmuj\u0105ce leki uspokajaj\u0105ce leki, zawieraj\u0105ce 2-FMA, mog\u0105 mie\u0107 podwy\u017cszony nastr\u00f3j wkr\u00f3tce po za\u017cyciu tych lek\u00f3w. To dlatego, \u017ce substancje w m\u00f3zgu zwi\u0119ksza si\u0119 i w tej linii skutecznie kontroluj\u0105 swoje po\u0142o\u017cenie. 2-FMA na sprzeda\u017c<\/p>","protected":false},"excerpt":{"rendered":"<p>2-FMA ZU VERKAUFEN: In den meisten F\u00e4llen haben wir 2-FMA zum Verkauf auf der ganzen Welt zu sehr moderaten Preisen. Die verbesserte Visualisierungen von 2-FMA sind viel von der zeitlosen stetig und nur etwas offensichtlich bei gr\u00f6\u00dferen Messungen. Sie sind wirklich viel das gleiche wie deliriants und kommen \u00fcber extra prompt in dunstigeren Flecken. Halten Sie in einem trockenen und au\u00dfer Kontrolle Ort f\u00fcr die ideale Zeitrahmen der realistischen Verwendbarkeit. Wenn Sie mit synthetischen Substanzen arbeiten, sollten Sie in der Forschungseinrichtung die entsprechenden Vorsichtsma\u00dfnahmen treffen, wie z. B. die Reinigung von Oberfl\u00e4chen und das Tragen von Handschuhen, einer Abdeckung und\u2026<\/p>","protected":false},"featured_media":1611,"comment_status":"open","ping_status":"closed","template":"","meta":{"content-type":""},"product_brand":[],"product_cat":[163],"product_tag":[],"class_list":{"0":"post-1602","1":"product","2":"type-product","3":"status-publish","4":"has-post-thumbnail","6":"product_cat-forschung-chemikalien","8":"first","9":"instock","10":"shipping-taxable","11":"purchasable","12":"product-type-variable"},"_links":{"self":[{"href":"https:\/\/kokaindrogekaufen.com\/pl\/wp-json\/wp\/v2\/product\/1602"}],"collection":[{"href":"https:\/\/kokaindrogekaufen.com\/pl\/wp-json\/wp\/v2\/product"}],"about":[{"href":"https:\/\/kokaindrogekaufen.com\/pl\/wp-json\/wp\/v2\/types\/product"}],"replies":[{"embeddable":true,"href":"https:\/\/kokaindrogekaufen.com\/pl\/wp-json\/wp\/v2\/comments?post=1602"}],"wp:featuredmedia":[{"embeddable":true,"href":"https:\/\/kokaindrogekaufen.com\/pl\/wp-json\/wp\/v2\/media\/1611"}],"wp:attachment":[{"href":"https:\/\/kokaindrogekaufen.com\/pl\/wp-json\/wp\/v2\/media?parent=1602"}],"wp:term":[{"taxonomy":"product_brand","embeddable":true,"href":"https:\/\/kokaindrogekaufen.com\/pl\/wp-json\/wp\/v2\/product_brand?post=1602"},{"taxonomy":"product_cat","embeddable":true,"href":"https:\/\/kokaindrogekaufen.com\/pl\/wp-json\/wp\/v2\/product_cat?post=1602"},{"taxonomy":"product_tag","embeddable":true,"href":"https:\/\/kokaindrogekaufen.com\/pl\/wp-json\/wp\/v2\/product_tag?post=1602"}],"curies":[{"name":"wp","href":"https:\/\/api.w.org\/{rel}","templated":true}]}}