{"id":1612,"date":"2023-06-27T19:20:11","date_gmt":"2023-06-27T18:20:11","guid":{"rendered":"https:\/\/kokaindrogekaufen.com\/?post_type=product&#038;p=1612"},"modified":"2024-12-06T07:19:23","modified_gmt":"2024-12-06T07:19:23","slug":"2c-b-zu-verkaufen","status":"publish","type":"product","link":"https:\/\/kokaindrogekaufen.com\/pl\/product\/2c-b-zu-verkaufen\/","title":{"rendered":"2C-B NA SPRZEDA\u017b"},"content":{"rendered":"<h2>2C-B NA SPRZEDA\u017b<\/h2>\n<p>W sumie mamy 2C-B na sprzeda\u017c po bardzo niskich cenach. 2C-B jest halucynogenny lek wywo\u0142uj\u0105cy pobudzaj\u0105ce zmys\u0142y i zachwyt. Identyfikacja z tym lekiem jest dodatnia i wyra\u017anie jest nieprzezroczysta, ale nowa fala popularno\u015bci nocnego \u017cycia przyci\u0105ga uwag\u0119 do 2C-B. W rzeczywisto\u015bci, chodzi o koordynacji substancji pochodz\u0105cych podczas za\u017cyciu MDMA, i o powrocie uczestnik\u00f3w &#034;w ich cia\u0142a&#034; z pomoc\u0105 regeneruj\u0105cy, \u043c\u0435\u0441\u043a\u0430\u043b\u0438\u043d\u043e\u043f\u043e\u0434\u043e\u0431\u043d\u043e\u0433\u043e dzia\u0142ania 2C-B. 2C-B na sprzeda\u017c<\/p>\n<p>W ko\u0144cu niemiecka firma farmaceutyczna Dreittewell zacz\u0119\u0142a produkowa\u0107 2C-B w dawce pi\u0119\u0107 miligram\u00f3w i sprzedawa\u0142 go jako &#034;Nexus&#034;, lek w celu zwi\u0119kszenia potencji, przeznaczony do usuwania s\u0142abo\u015bci i &#034;przezi\u0119bienia&#034;. Kiedy w 1985 roku MDMA zosta\u0142 zakazany w Stanach Zjednoczonych, 2C-B, szybko sta\u0142 si\u0119 znany jako legalny zamiennik. Hydrofobowe interakcje z hydrofobowe przestrzeniami ogniska ograniczenia mog\u0105 by\u0107 spowodowane przez hydrofobowe zwi\u0105zki s\u0142odko pachn\u0105ce pier\u015bcienie i p\u0142askiej aromatyzowanej obwodnicy struktury wewn\u0105trz \u0444\u0435\u043d\u044d\u0442\u0438\u043b\u0430\u043c\u0438\u043d\u043e\u0432\u043e\u0439 podstawy k-2C-B. 2C-B na sprzeda\u017c<\/p>\n<p>Je\u015bli 2C-B wydaje si\u0119 istotne w odpowiednich dawkach (mniej ni\u017c 25-30 mg), osoby z problemami serca lub z padaczk\u0105 powinny by\u0107 bardziej ostro\u017cny z t\u0105 substancj\u0105, poniewa\u017c ono mo\u017ce wp\u0142ywa\u0107 na atak ha\u0142as, nadci\u015bnienie i \u043e\u0447\u0430\u0433\u043e\u0432\u0443\u044e niepokoj\u0105ce programu. Wi\u0119kszo\u015b\u0107 opinii lek\u00f3w nie wykrywaj\u0105 2C-B. 2C-B na sprzeda\u017c<\/p>\n<h3>KUPI\u0106 2C-B ONLINE:<\/h3>\n<p>Tylko specjalne testy na leki, w kt\u00f3rych u\u017cywany jest spektrometria mas lub chromatografii gazowej, w stanie oddzieli\u0107 2C-B z pr\u00f3bki krwi lub moczu. U\u017cytkownicy mog\u0105 by\u0107 sny, kt\u00f3re w wi\u0119kszo\u015bci stanowi\u0105 efekty wizualne, takie jak zniekszta\u0142cenia twarzy, ruchome powierzchnie, podwy\u017cszone lub ruchome d\u017awi\u0119ki i odczucia podobne do wizji. Du\u017ce dawki mog\u0105 powodowa\u0107 znacznie bardziej dziwne zaburzenia psychiczne, kt\u00f3re mog\u0105 by\u0107 nieprzyjemne lub przera\u017caj\u0105ce. 2C-B na sprzeda\u017c<\/p>\n<p>Niedawno informowali\u015bmy o klaustrofobii i mi\u0119\u015bniowych \u0444\u0430\u0441\u0446\u0438\u043d\u0430\u0446\u0438\u044f\u0445. 2C-B jest sprzedawany u sprzedawc\u00f3w, a tak\u017ce mo\u017ce by\u0107 odebrany przez \u0434\u0430\u0440\u043a\u043d\u0435\u0442. Wed\u0142ug \u015awiatowego badania narkotyk\u00f3w na 2019 rok, liczba przej\u0119\u0107 2C-B w \u0434\u0430\u0440\u043a\u043d\u0435\u0442\u0435 wzros\u0142a w ci\u0105gu ostatnich pi\u0119ciu lat, pomimo zastosowania DMT i ketaminy. Wed\u0142ug danych z wydzia\u0142u do walki z narkotykami (DEA), r\u00f3\u017cne dystrybutorzy uwa\u017caj\u0105, \u017ce s\u0105 one przewo\u017c\u0105 MDMA, ale to mo\u017ce by\u0107 2C-B. 2C-B na sprzeda\u017c<\/p>\n<p>Obecnie roztw\u00f3r amfetaminy i substytut\u00f3w amfetaminy s\u0105 szeroko stosowane w leczeniu ADHD (nadpobudliwo\u015bci psychoruchowej). Nadu\u017cywanie \u044d\u043d\u0435\u0440\u0434\u0436\u0430\u0439\u0437\u0435\u0440\u0430\u043c\u0438 obecnie jest powa\u017cnym lokalnej gospodarczej problemem. 2C-B - to m\u0105drze psychoaktywna substancja opracowana w 1974 roku chemik-przyrodnikiem i \u043f\u0441\u0438\u0445\u043e\u0444\u0430\u0440\u043c\u0430\u043a\u043e\u043b\u043e\u0433\u043e\u043c Alexander &#034;Sasha&#034; Shulgina. Znany jako &#034;Rezerwowy rodzic Ecstasy&#034;, Shulgin legalnie wyprodukowa\u0142 ponad 200 halucynogennych mieszanki w \u015bmierdz\u0105cym laboratorium na swoim terytorium w rejonie zatoki, znanej jako &#034;Gospodarstwo&#034;. 2C-B na sprzeda\u017c<\/p>\n<h3>2C-B DLA SPRZEDA\u017bY ONLINE:<\/h3>\n<p>Inny typ 2C-B to model organizacji e-commerce, w kt\u00f3rym osoby prywatne mog\u0105 \u015bwiadczy\u0107 us\u0142ugi dla przedsi\u0119biorstw, a firmy p\u0142ac\u0105 klientom. Ten model biznesowy stanowi ca\u0142kowite przeciwie\u0144stwo tradycyjnego modelu biznesowego, w kt\u00f3rym stosunki partnerskie oferuj\u0105 produkty i us\u0142ugi klientom. Do 10% uczni\u00f3w szk\u00f3\u0142 \u015brednich u\u017cywali \u044d\u043d\u0435\u0440\u0434\u0436\u0430\u0439\u0437\u0435\u0440\u044b do leczenia ADHD, i prawie 35% uczni\u00f3w szk\u00f3\u0142 \u015brednich otrzymali te rodzaje lek\u00f3w. 2C-B na sprzeda\u017c<\/p>\n<p>Uzale\u017cnienie od substancji, \u0437\u0430\u0441\u0442\u0430\u0432\u043b\u044f\u044e\u0449\u0435\u0433\u043e czu\u0107 si\u0119 naprawd\u0119 nie dotykaj lub \u043e\u0447\u0430\u0440\u043e\u0432\u0430\u043d\u043d\u044b\u043c, zwykle jest oznak\u0105 uzale\u017cnienia. Je\u015bli ty lub kto\u015b z twoich znajomych nadu\u017cywa 2C-B, skontaktuj si\u0119 z pomoc\u0105. Skontaktuj si\u0119 z technikiem serwisu, kt\u00f3ry pomo\u017ce ci z wszelkimi problemami i rozwi\u0105zaniami zwi\u0105zanymi z o\u017cywieniem. Nie ma \u017cadnych bada\u0144 na 2C-B. 2C-B wystawiony na sprzeda\u017c<\/p>\n<p>Niezale\u017cnie od tego, jak powszechne jest to substancja, do tej pory nie by\u0142o \u017cadnych wst\u0119pnych bada\u0144 logicznych lub, by\u0107 mo\u017ce, bada\u0144 toksykologicznych. Podczas gdy typowe halucynogennych, takich jak LSA, ayahuasca i meskalina, zaczynaj\u0105 si\u0119 od pi\u0105tego lub wi\u0119cej poziomu oblicze\u0144 w fantazjach, 2C-B, w wi\u0119kszo\u015bci przypadk\u00f3w przechodzi bezpo\u015brednio do wizualnej matematyki na poziomie 8A. To brak stale przez \u0441\u043d\u043e\u0432\u0438\u0434\u0447\u0435\u0441\u043a\u0438\u0445 skokami do przodu wskazuje na to, \u017ce 2C-B jest nie tak mocno wp\u0142ywa na niekt\u00f3rych ludzi, jak niekt\u00f3re inne halucynogeny. 2C-B na sprzeda\u017c<\/p>\n<h3>2C-B MUSZKA NA SPRZEDA\u017b:<\/h3>\n<p>Jedyne dane, kt\u00f3re mamy w tej chwili, pochodz\u0105 z epizodyczne historie i raport\u00f3w obserwacji. Wi\u0119kszo\u015b\u0107 halucynogennych ro\u015blin uprawianych przez nas. Aby zapewni\u0107 ich najwy\u017csz\u0105 jako\u015b\u0107, produkowane s\u0105 na ca\u0142ym \u015bwiecie. Wsp\u00f3\u0142czucie, przyja\u017a\u0144 i \u017cyczliwo\u015b\u0107 s\u0105 lepsze \u2013 te wewn\u0119trzne rozwa\u017cania \u017cyczliwo\u015bci, wdzi\u0119czno\u015bci i sympatii troch\u0119 bardziej kruche i mniej ostre ni\u017c u takich substancji, jak, na przyk\u0142ad, MDMA, ale, jednak, gromadz\u0105 si\u0119 bardziej intensywnie i nagle stabilnie, ni\u017c u innych halucynogen\u00f3w dowolnej klasy. 2C-B na sprzeda\u017c<\/p>\n<p>Od dawna uwa\u017ca si\u0119, \u017ce substancja ta ma d\u0142ugi regeneruj\u0105cy efekt. Dostawa trwa od dw\u00f3ch do trzech dni, w zale\u017cno\u015bci od regionu. Oferujemy zar\u00f3wno ma\u0142e, jak i du\u017ce partycje, a tak\u017ce rabaty dla masowych zapyta\u0144. Obecno\u015b\u0107 du\u017cej liczby potencjalnych klient\u00f3w nie zawsze jest korzystne dla twojej firmy, poniewa\u017c w tym przypadku dobra jako\u015b\u0107 znacznie przewy\u017csza ilo\u015b\u0107. 2C-B na sprzeda\u017c<\/p>\n<h5>artyku\u0142:<\/h5>\n<p>Sprzedawcy mog\u0105 czu\u0107 si\u0119 rozczarowani, kiedy oni po\u015bwi\u0119caj\u0105 sw\u00f3j czas na marketing dla kogo\u015b, kto albo nie chce, albo nie mo\u017ce kupi\u0107 us\u0142ug\u0119 lub produkt. Prawdziwa tajna cel aaronay.com polega na tym, aby pom\u00f3c im wzmocni\u0107 swoje relacje z ma\u0142ym biznesem. 2C-B na sprzeda\u017c<\/p>\n<p>Zamiast polega\u0107 na &#034;najlepsze za\u0142o\u017cenia&#034;, swoje funkcje sprzeda\u017cy i marketingu s\u0105 teraz oparte na jasno okre\u015blonych etapach, od przedmiotu do sta\u0142ego monitorowania i nadzoru. Prawie zawsze jeste\u015b decydent\u00f3w, lub kluczowym wp\u0142ywow\u0105 osob\u0105 w kampanii Aarona. Oznacza to, \u017ce za ma\u0142o czasu po\u015bwi\u0119ca na pr\u00f3by &#034;skontaktowa\u0107 si\u0119 z odpowiedni\u0105 osob\u0105&#034;. 2C-B na sprzeda\u017c<\/p>\n<p>Gdy dzwoni telefon, to prawie zawsze jest odpowiedni cz\u0142owiek. 2C-B jest zwykle okre\u015blany jako pobudzaj\u0105cy i stymuluj\u0105cy i por\u00f3wnywana z MDMA. W wi\u0119kszych dawkach efekt ten mo\u017ce by\u0107 bardzo przekonuj\u0105ce, zach\u0119caj\u0105c klient\u00f3w do aktywno\u015bci fizycznej, na przyk\u0142ad, do ta\u0144ca. 2C-B na sprzeda\u017c<\/p>","protected":false},"excerpt":{"rendered":"<p>2C-B ZU VERKAUFEN Im Allgemeinen haben wir 2C-B zu sehr niedrigen Preisen zu verkaufen. 2C-B ist ein halluzinogenes Medikament, das anregende Gef\u00fchle und Hochgef\u00fchl erzeugt. Die Identifikation mit diesem Medikament ist positiv und deutlich undurchsichtig, aber ein neuer Aufschwung in der Nachtleben-Szene lenkt die Aufmerksamkeit auf 2C-B. Im Wesentlichen geht es darum, den Stoff, der w\u00e4hrend eines MDMA-Treffens aufkommt, zu koordinieren und die Mitglieder mit der aufbauenden, meskalinartigen Wirkung von 2C-B wieder &#8222;in ihren K\u00f6rper&#8220; zu bringen. 2C-B zum Verkauf Schlie\u00dflich begann ein deutsches Pharmaunternehmen namens Drittewell mit der Herstellung von 2C-B in einer Dosierung von f\u00fcnf Milligramm und vermarktete\u2026<\/p>","protected":false},"featured_media":1642,"comment_status":"open","ping_status":"closed","template":"","meta":{"content-type":""},"product_brand":[],"product_cat":[163],"product_tag":[],"class_list":{"0":"post-1612","1":"product","2":"type-product","3":"status-publish","4":"has-post-thumbnail","6":"product_cat-forschung-chemikalien","8":"first","9":"instock","10":"shipping-taxable","11":"purchasable","12":"product-type-variable"},"_links":{"self":[{"href":"https:\/\/kokaindrogekaufen.com\/pl\/wp-json\/wp\/v2\/product\/1612"}],"collection":[{"href":"https:\/\/kokaindrogekaufen.com\/pl\/wp-json\/wp\/v2\/product"}],"about":[{"href":"https:\/\/kokaindrogekaufen.com\/pl\/wp-json\/wp\/v2\/types\/product"}],"replies":[{"embeddable":true,"href":"https:\/\/kokaindrogekaufen.com\/pl\/wp-json\/wp\/v2\/comments?post=1612"}],"wp:featuredmedia":[{"embeddable":true,"href":"https:\/\/kokaindrogekaufen.com\/pl\/wp-json\/wp\/v2\/media\/1642"}],"wp:attachment":[{"href":"https:\/\/kokaindrogekaufen.com\/pl\/wp-json\/wp\/v2\/media?parent=1612"}],"wp:term":[{"taxonomy":"product_brand","embeddable":true,"href":"https:\/\/kokaindrogekaufen.com\/pl\/wp-json\/wp\/v2\/product_brand?post=1612"},{"taxonomy":"product_cat","embeddable":true,"href":"https:\/\/kokaindrogekaufen.com\/pl\/wp-json\/wp\/v2\/product_cat?post=1612"},{"taxonomy":"product_tag","embeddable":true,"href":"https:\/\/kokaindrogekaufen.com\/pl\/wp-json\/wp\/v2\/product_tag?post=1612"}],"curies":[{"name":"wp","href":"https:\/\/api.w.org\/{rel}","templated":true}]}}