{"id":1618,"date":"2023-06-27T19:20:11","date_gmt":"2023-06-27T18:20:11","guid":{"rendered":"https:\/\/kokaindrogekaufen.com\/?post_type=product&#038;p=1618"},"modified":"2024-12-06T07:26:44","modified_gmt":"2024-12-06T07:26:44","slug":"5f-mdmb-2201-zu-verkaufen","status":"publish","type":"product","link":"https:\/\/kokaindrogekaufen.com\/pl\/product\/5f-mdmb-2201-zu-verkaufen\/","title":{"rendered":"5F-MDMB-2201 NA SPRZEDA\u017b"},"content":{"rendered":"<h2>5F-MDMB-2201 NA SPRZEDA\u017b<\/h2>\n<p>Pierwsz\u0105 rzecz\u0105, kt\u00f3r\u0105 musisz pami\u0119ta\u0107, jest to, \u017ce mamy wysokiej jako\u015bci 5F-MDMB-2201 na SPRZEDA\u017b po bardzo niskich cenach. Pomogli mi z pomoc\u0105 interakcji i kryptografii, z kt\u00f3rymi nie mog\u0142em pracowa\u0107, pomogli mi dosta\u0107 si\u0119 bitcoiny, i byli tam ze mn\u0105 wszystko przez procedur\u0119 zakupu dla 5f-mdmb-2201 za niskie ceny. zakresy.5F-MDMB-2201, jak wiadomo, jest bardzo silny CB1 agonist, ale nie wiadomo, czy posiada on silne selektywno\u015bci\u0105 w stosunku do CB1, czy rzeczywi\u015bcie, czy jest on w jaki\u015b spos\u00f3b specyficzny.<\/p>\n<p>4F-BCA - jeszcze jeden syntetyczny sk\u0142adnik aktywny z \u043a\u0430\u043d\u043d\u0430\u0431\u0438\u043d\u043e\u0438\u0434\u043d\u043e\u0439 uk\u0142adem. Lek \u017c\u00f3\u0142ty z czysto\u015bci 99,6%. W g\u0142adkiej i suchej \u015brodowisku cz\u0142owiek nie powinien odstawa\u0107 od leku. Lek ma prawie identyczny wp\u0142yw na dzia\u0142anie 4adb i 5 ADB. Ca\u0142kiem mo\u017cliwe, \u017ce 5F-MDMB-2201 podpada pod r\u00f3\u017cne &#034;bany&#034; na syntetyczne kanabinoidy \u0438\u043d\u0434\u0430\u0437\u043e\u043b\u044c\u043d\u043e\u0433\u043e typu. 5F-MDMB-2201 NA SPRZEDA\u017b<\/p>\n<p>Badania przedkliniczne wskazuj\u0105, \u017ce 5F-MDMBPICA wi\u0105\u017ce si\u0119 z receptorem CB1 i dzia\u0142a jak agonista. Nie istnieje pisemnych o\u015bwiadcze\u0144 o bezpiecze\u0144stwo 5FMDMB-PICA do stosowania u ludzi. Mo\u017cna go r\u00f3wnie\u017c traktowa\u0107 jako pr\u00f3bki substancji zakazanych i ogranicza\u0107 jako takie. Na tym etapie konieczne jest gruntownym testom. 5F-MDMB-2201 NA SPRZEDA\u017b<\/p>\n<h3>KUPI\u0106 5F-MDMB-2201 ONLINE:<\/h3>\n<p>Poniewa\u017c 5F-MDMB-2201 jest tak nowe dla rynku, niewiele wiadomo na temat wp\u0142ywu tego syntetycznych substancji na organizm cz\u0142owieka. Ponadto, zawsze szukamy nowych mo\u017cliwo\u015bci rozwoju naszej dzia\u0142alno\u015bci w ca\u0142ym kraju. W ten spos\u00f3b, mamy tendencj\u0119, otrzymujemy coraz wi\u0119cej zapyta\u0144 na nasze akcje za ka\u017cdym razem, kiedy u nas pojawia si\u0119 coraz wi\u0119cej zapyta\u0144. Zajmujemy si\u0119 przechowywaniem i pomagamy ci znale\u017a\u0107 produkty najwy\u017cszej jako\u015bci w odpowiednim czasie. 5F-MDMB-2201 NA SPRZEDA\u017b<\/p>\n<p>5F-MDMB-2201 jest zwi\u0105zana z innymi \u043a\u0430\u043d\u043d\u0430\u0431\u0438\u043d\u043e\u0438\u0434\u0430\u043c\u0438, wed\u0142ug bada\u0144 przeprowadzonych w logicznych jednostkach badawczych. Je\u015bli jako\u015bci, a tak\u017ce sk\u0142ad chemiczny, zostan\u0105 zbadane na obecno\u015b\u0107 tego zwi\u0105zku. Mo\u017ce on aktywowa\u0107 \u0434\u043e\u0444\u0430\u043c\u0438\u043d\u0435\u0440\u0433\u0438\u0447\u0435\u0441\u043a\u0443\u044e systemu, co prowadzi do wzrostu poziomu dopaminy. Upewnij si\u0119, \u017ce jeste\u015b wyj\u0105tkowym, zanim z\u0142o\u017cysz wniosek. 5F-MDMB-2201 NA SPRZEDA\u017b<\/p>\n<p>Z powodu badanych substancji nale\u017cy zachowa\u0107 idealn\u0105 wentylacj\u0119 swojej pojemno\u015bci. To mo\u017ce by\u0107 nielegalne wysy\u0142a\u0107 nielegalne sole do k\u0105pieli, wi\u0119c upewnij si\u0119, \u017ce sprawdzili legalno\u015b\u0107 5f-MDMB-2201 w okr\u0119gu, w kt\u00f3rym mieszka. Aby uzyska\u0107 najlepsze wra\u017cenia, popro\u015b o legalne substancje syntetyczne u prawdziwych producent\u00f3w badanych preparat\u00f3w. 5F-MDMB-2201 NA SPRZEDA\u017b<\/p>\n<h4>5F-MDMB-2201 DO SPRZEDA\u017bY W INTERNECIE;<\/h4>\n<p>Nast\u0119puj\u0105ce funkcje, kt\u00f3re zosta\u0142y zatwierdzone przez niebezpieczny biznes. Aby uzyska\u0107 najlepsz\u0105 kolekcj\u0119, zach\u0119camy do zapoznania si\u0119 z autentycznymi opiniami producent\u00f3w meskaliny.5f mdmb 2201 zazwyczaj jest to substancja, kt\u00f3ra mo\u017ce przynie\u015b\u0107 wyra\u017an\u0105 korzy\u015b\u0107, dzi\u0119ki swojej prostocie i bezpiecze\u0144stwa od World Chemed. Jest on przedstawiony w postaci naturalnej z ciemno-\u017c\u00f3\u0142tej szklistej strukturze. 5F-MDMB-2201 NA SPRZEDA\u017b<\/p>\n<p>W rezultacie mo\u017cna kupi\u0107 5f-mdmb-2201 online, nie obawiaj\u0105c si\u0119 by\u0107 oszukany. Zyskujemy kilka aktualizacji w po\u0142owie najbli\u017cszego czasu. Obecnie oko\u0142o 90% t\u0142umacze\u0144 wyp\u0142acane s\u0105 nam natychmiast; jednak nale\u017cy wiedzie\u0107, \u017ce istnieje wiele instytucji finansowych, kt\u00f3re pobieraj\u0105 \u017cadnej prowizji za przelew salda. 5F-MDMB-2201 NA SPRZEDA\u017b<\/p>\n<p>Mo\u017ce si\u0119 zdarzy\u0107 tak, \u017ce witryna jest tymczasowo niedost\u0119pna lub po\u0142\u0105czenie mo\u017ce by\u0107 chwilowo przerwane. Podziwiamy ich wytrwa\u0142o\u015bci. U\u017cywam 5f-mdmb-2201 w r\u00f3\u017cnych dawkach od kilku miesi\u0119cy. Dzi\u015b zawar\u0142em ofert\u0119 z p\u0142ynem do e-papieros\u00f3w. Du\u017co \u0436\u0435\u0441\u0442\u0438\u043a\u0443\u043b\u0438\u0440\u0443\u044e i staj\u0119 si\u0119 s\u0142aby, gdy si\u0119 k\u0142ad\u0119. 5F-MDMB-2201 NA SPRZEDA\u017b<\/p>\n<h4>artyku\u0142:<\/h4>\n<p>Ja cz\u0119sto odczuwam g\u0142odu, i op\u00f3\u017aniony efekt trwa oko\u0142o 8 godzin. Og\u00f3lnie rzecz bior\u0105c, jest on bardzo g\u0142o\u015bny i trwa bardzo d\u0142ugo. Firma Europe&#039;s homegrown conveyance zapewnia 100% bezpieczny transport i transport, a tak\u017ce chroni swoj\u0105 prywatno\u015b\u0107 od ustawienia. Mamy dystrybutor-\u0440\u0435\u043c\u0435\u0439\u043b\u0435\u0440 w Europie, kt\u00f3ry mo\u017ce r\u00f3wnie\u017c pom\u00f3c nam w kr\u00f3tkim czasie i rozs\u0105dnej dostawy naszych produkt\u00f3w, i mamy tam zapasy magazynowe do transportu. 5F-MDMB-2201 NA SPRZEDA\u017b<\/p>\n<p>Co to jest 5f-MDMB-2201 i jakie s\u0105 najgorsze wyniki 5f-MDMB-2201 i 5f-MDMB-2201, dost\u0119pne do zakupu, zazwyczaj s\u0105 odpowiednikami obs\u0142ugiwanych 5f, ale z bardzo znacznym rozczarowaniem. Jest to zwi\u0105zane z tym, \u017ce on ma bardzo wysokie prawdopodobie\u0144stwo hydrolizie z utworzeniem IMB lub podzia\u0142 tylko na sam IMB. 5F-MDMB-2201 NA SPRZEDA\u017b<\/p>\n<p>Przewo\u017cenie nielegalnych zasob\u00f3w w 5F - MDMB - 2201 nielegalnie, wi\u0119c upewnij si\u0119, \u017ce zaznaczone badanie sk\u0142adnik\u00f3w, znajduj\u0105cych si\u0119 legalnie na terytorium pa\u0144stwa. Aby uzyska\u0107 najlepsz\u0105 jako\u015b\u0107, kup ten produkt od tej firmy syntetycznych materia\u0142\u00f3w. Sklep oznacza w rzeczywistych sklepach RC. 5F-MDMB-2201 NA SPRZEDA\u017b<\/p>\n<p>Tak wi\u0119c, po kilku znacznie wi\u0119cej do\u015bwiadcze\u0144, uwa\u017cam, \u017ce wyniki trwa\u0142y przez kilka godzin, jak to jest, ale nie by\u0142em pewien, \u017ce widzia\u0142em. Wyci\u0105\u0142em na papierze nieodpowiedni\u0105 stopie\u0144 mdmb-2201 i odkry\u0142 j\u0105 tylko przez kilka dni po u\u017cyciu. Potwierdzamy, \u017ce nauka rzeczywistych opinii sprzedawc\u00f3w kontenerowych soli daje najlepsze rezultaty.5F-MDMB-2201 jest znany jako bardzo skuteczny agonist\u0105 CB1. 5F-MDMB-2201 NA SPRZEDA\u017b<\/p>","protected":false},"excerpt":{"rendered":"<p>5F-MDMB-2201 ZU VERKAUFEN Das erste, was zu erinnern ist, dass wir hochwertige 5F-MDMB-2201 FOR SALE zu sehr niedrigen Preisen haben. Sie halfen mir durch die Interaktion und Krypto, die ich nicht in der Lage war, zu arbeiten, sie halfen mir, Bitcoins zu bekommen, und sie waren dort mit mir alle durch das Kaufverfahren f\u00fcr 5f-mdmb-2201 zu niedrigen Kosten Bereichen.5F-MDMB-2201 ist bekannt, dass ein sehr leistungsf\u00e4higes CB1 Agonist, aber es ist unklar, ob es eine starke Selektivit\u00e4t f\u00fcr CB1 hat, oder in der Tat, ob es in irgendeiner Weise spezifisch ist. 4F-BCA ist ein weiterer synthetischer Wirkstoff mit einer cannabinoiden Anordnung.\u2026<\/p>","protected":false},"featured_media":1643,"comment_status":"open","ping_status":"closed","template":"","meta":{"content-type":""},"product_brand":[],"product_cat":[163],"product_tag":[],"class_list":{"0":"post-1618","1":"product","2":"type-product","3":"status-publish","4":"has-post-thumbnail","6":"product_cat-forschung-chemikalien","8":"first","9":"instock","10":"shipping-taxable","11":"purchasable","12":"product-type-variable"},"_links":{"self":[{"href":"https:\/\/kokaindrogekaufen.com\/pl\/wp-json\/wp\/v2\/product\/1618"}],"collection":[{"href":"https:\/\/kokaindrogekaufen.com\/pl\/wp-json\/wp\/v2\/product"}],"about":[{"href":"https:\/\/kokaindrogekaufen.com\/pl\/wp-json\/wp\/v2\/types\/product"}],"replies":[{"embeddable":true,"href":"https:\/\/kokaindrogekaufen.com\/pl\/wp-json\/wp\/v2\/comments?post=1618"}],"wp:featuredmedia":[{"embeddable":true,"href":"https:\/\/kokaindrogekaufen.com\/pl\/wp-json\/wp\/v2\/media\/1643"}],"wp:attachment":[{"href":"https:\/\/kokaindrogekaufen.com\/pl\/wp-json\/wp\/v2\/media?parent=1618"}],"wp:term":[{"taxonomy":"product_brand","embeddable":true,"href":"https:\/\/kokaindrogekaufen.com\/pl\/wp-json\/wp\/v2\/product_brand?post=1618"},{"taxonomy":"product_cat","embeddable":true,"href":"https:\/\/kokaindrogekaufen.com\/pl\/wp-json\/wp\/v2\/product_cat?post=1618"},{"taxonomy":"product_tag","embeddable":true,"href":"https:\/\/kokaindrogekaufen.com\/pl\/wp-json\/wp\/v2\/product_tag?post=1618"}],"curies":[{"name":"wp","href":"https:\/\/api.w.org\/{rel}","templated":true}]}}