{"id":1625,"date":"2023-06-27T19:20:11","date_gmt":"2023-06-27T18:20:11","guid":{"rendered":"https:\/\/kokaindrogekaufen.com\/?post_type=product&#038;p=1625"},"modified":"2024-12-06T07:29:26","modified_gmt":"2024-12-06T07:29:26","slug":"ab-fubinaca-zu-verkaufen","status":"publish","type":"product","link":"https:\/\/kokaindrogekaufen.com\/pl\/product\/ab-fubinaca-zu-verkaufen\/","title":{"rendered":"AB-\u0424\u0423\u0411\u0418\u041d\u0410\u041a\u0410 NA SPRZEDA\u017b"},"content":{"rendered":"<h2>AB-\u0424\u0423\u0411\u0418\u041d\u0410\u041a\u0410 NA SPRZEDA\u017b<\/h2>\n<p>Mamy NA SPRZEDA\u017b AB-\u0424\u0423\u0411\u0418\u041d\u0410\u041a\u0410, nowy syntetyczny narkotyk, kt\u00f3ry mo\u017ce s\u0142u\u017cy\u0107 zatwierdzaj\u0105cej i naprawd\u0119 udanej alternatyw\u0105 \u043a\u0430\u043d\u043d\u0430\u0431\u0438\u0441\u0443. Cho\u0107 produkcja i sprzeda\u017c marihuany s\u0105 nielegalne w wi\u0119kszo\u015bci kraj\u00f3w na \u015bwiecie, AB-\u0424\u0423\u0411\u0418\u041d\u0410\u041a\u0410 nie podpada pod dzia\u0142anie tych ogranicze\u0144. Syntetyczny narkotyk AB-\u0424\u0423\u0411\u0418\u041d\u0410\u041a\u0410 legalny i mo\u017cna go kupi\u0107 bezpo\u015brednio w Internecie.<\/p>\n<p>Firma RC Chemicals zosta\u0142a za\u0142o\u017cona w Chinach, gdzie mamy syntetyczny, nowoczesny sprz\u0119t. Jeste\u015bmy w stanie syntetyzowa\u0107 dowolny zwi\u0105zek chemiczny, a nasi eksperci opracowali metod\u0119 otrzymywania AB-\u0424\u0423\u0411\u0418\u041d\u0410\u041a\u0418 z czysto\u015bci\u0105 oko\u0142o 100 procent. AB-\u0424\u0423\u0411\u0418\u041d\u0410\u041a\u0410, z drugiej strony, jest prawnym w\u0142a\u015bcicielem, wi\u0119c jest on wykorzystywany ju\u017c od dawna. AB-\u0424\u0423\u0411\u0418\u041d\u0410\u041a\u0410 NA SPRZEDA\u017b<\/p>\n<p>Czasami u\u017cywany jako syntetycznego narkotyku. Jest oczywiste, \u017ce jest on bardzo skuteczny, i inni ludzie, kt\u00f3rzy wol\u0105 dopalaczy, u\u017cywano go w ostatnim czasie. Nie stwierdzono, \u017ce AB-\u0424\u0423\u0411\u0418\u041d\u0410\u041a\u0410 rozwi\u0105zuje typowe efekty uboczne tradycyjnej medycyny. AB-\u0424\u0423\u0411\u0418\u041d\u0410\u041a\u0410 praktycznie nie nadaje si\u0119 do spo\u017cycia przez ludzi. On w \u017caden spos\u00f3b nie jest na sprzeda\u017c, i nie trzeba go u\u017cywa\u0107 w warunkach naturalnych. To badawczego chemiczny, kt\u00f3ry powinien by\u0107 u\u017cywany tylko przez specjalist\u00f3w z bran\u017cy w s\u0105dowej lub w warunkach laboratoryjnych. AB-\u0424\u0423\u0411\u0418\u041d\u0410\u041a\u0410 NA SPRZEDA\u017b<\/p>\n<p>Dostarczamy wysokiej jako\u015bci tajne substancje chemiczne na ca\u0142ym \u015bwiecie. Nasze produkty pochodz\u0105 z wiod\u0105cych laboratori\u00f3w w Stanach Zjednoczonych, wi\u0119c mo\u017cesz by\u0107 pewien, \u017ce substancje chemiczne, kt\u00f3re mo\u017cna kupi\u0107, s\u0105 w czystej postaci i s\u0105 w stanie zapewni\u0107 najlepsze rezultaty. Stosujemy najnowsz\u0105 wiedz\u0119 naukow\u0105, aby zapewni\u0107 najni\u017csz\u0105 cen\u0119 w bran\u017cy bada\u0144 chemicznych. AB-\u0424\u0423\u0411\u0418\u041d\u0410\u041a\u0410 NA SPRZEDA\u017b<\/p>\n<h3>KUPI\u0106 AB-\u0424\u0423\u0411\u0418\u041d\u0410\u041a\u0410 ONLINE:<\/h3>\n<p>Wsp\u00f3\u0142praca z renomowanymi dostawcami badanych substancji zapewni doskona\u0142e rezultaty w swoich eksperymentach i badaniach. Ocena znacznego i faktycznego \u0142a\u0144cuchowego dzia\u0142ania (PCR) przeprowadzono pi\u0119\u0107 razy w sercach i w\u0105troby szczur\u00f3w. jej \u043d\u044c\u0435\u043a\u0442\u043e\u0440\u043d-\u043d\u0444\u043b\u0430\u043c\u043c\u0430\u0442\u043e\u0440\u043d\u044b\u0439 i pro-\u043d\u0444\u043b\u0430\u043c\u043c\u0430\u0442\u043e\u0440\u043d\u044b\u0439 proces zapalny W jednym badaniu, ostre AB \u0424\u0423\u0411\u0418\u041d\u0410\u041a\u0410 produkowany neurologically u n samc\u00f3w ICR-myszy jako \u015brodek pobudzaj\u0105cy i leczenia, wywo\u0142uj\u0105cego skurcze, \u0433\u0438\u043f\u0435\u0440\u0440\u0435\u0444\u043b\u0435\u043a\u0441\u0438\u044e, mioklonie, zmodyfikowany \u044d\u043d\u043e\u0440\u043e\u043c\u043e\u0442\u043e\u0440\u043d\u044b\u0439 efekt i agresj\u0119. AB-\u0424\u0423\u0411\u0418\u041d\u0410\u041a\u0410 NA SPRZEDA\u017b<\/p>\n<p>AB-\u0424\u0423\u0411\u0418\u041d\u0410\u041a\u0410 nie by\u0142 testowany na jego zdolno\u015b\u0107 powodowa\u0107 poronienie u zwierz\u0105t, i on r\u00f3wnie\u017c nie by\u0142 testowany na ludziach. CHMINACA \u017co\u0142\u0105dkowy mi\u0119\u015bnie podobna do AB-FUBINACA, w kt\u00f3rej \u0446\u0438\u043a\u043b\u043e\u0433\u0435\u043a\u0441\u0438\u043b\u044c\u043d\u0430\u044f grupa zosta\u0142a zast\u0105piona \u0447\u0435\u0442\u044b\u0440\u0435\u0445\u0444\u0442\u043e\u0440\u0444\u0435\u043d\u0438\u043b\u044c\u043d\u043e\u0439 grup\u0105. Fizyczne i toksykologiczne w\u0142a\u015bciwo\u015bci po\u0142\u0105czenia do tej pory nie s\u0105 znane. AB-\u0424\u0423\u0411\u0418\u041d\u0410\u041a\u0410 NA SPRZEDA\u017b<\/p>\n<p>Artyku\u0142 zosta\u0142 przetransportowany do badawczych i naukowych cel\u00f3w. Oryginalny dodatek AB \u0424\u0423\u0411\u0418\u041d\u0410\u041a\u0410 zatwierdzony, i mo\u017cna j\u0105 kupi\u0107 bezpo\u015brednio przez Internet. Substancje chemiczne RC stworzone w Chinach, gdzie mo\u017cemy znale\u017a\u0107 nasz stan w biurze produkcji skojarzonej. Mo\u017cemy \u0142\u0105czy\u0107 wszystkie mo\u017cliwe po\u0142\u0105czenia substancji, a nasi eksperci opracowali metod\u0119 otrzymywania AB-\u0424\u0423\u0411\u0418\u041d\u0410\u041a\u0418 z poziomu doskona\u0142o\u015bci, zbli\u017conym do 100%. AB-\u0424\u0423\u0411\u0418\u041d\u0410\u041a\u0410 NA SPRZEDA\u017b<\/p>\n<h4>AB-\u0424\u0423\u0411\u0418\u041d\u0410\u041a\u0410 DO SPRZEDA\u017bY W INTERNECIE:<\/h4>\n<p>Ponadto, SC zosta\u0142y skutecznie zrobione podczas kontroli za pomoc\u0105 \u0432\u0435\u0439\u043f\u0438\u043d\u0433\u0430 lub intraperitoneal infuzji, co potwierdza wewn\u0105trz \u017cywych istot nadzorem pr\u0119dko\u015bci, temperatury ramy i farmakokinetyki. Wykorzystuj\u0105c podej\u015bcie mieszane przeciwcia\u0142, otrzymali\u015bmy tak\u017ce synergiczne wyniki, nie poleruj\u0105c te dwa leki jednocze\u015bnie. AB-\u0424\u0423\u0411\u0418\u041d\u0410\u041a\u0410 NA SPRZEDA\u017b<\/p>\n<p>Wydaje si\u0119, \u017ce zosta\u0142y zbadane zagro\u017cenia i d\u0142ugoterminowe korzy\u015bci sportowej use AB-\u0424\u0423\u0411\u0418\u041d\u0410\u041a\u0410 w ka\u017cdej logicznie instalacji i dok\u0142adny szkodliwy efekt jest nowy. To dlatego, \u017ce AB-FUBINACA praktycznie nie ma wykorzystania do\u015bwiadcze\u0144 na ludziach. Opisow\u0105 potwierdzenie od jednostek kt\u00f3re maj\u0105 wypr\u00f3bowany AB-\u0424\u0423\u0411\u0418\u041d\u0410\u041a\u0410 w lokalnej grupie ludzi zak\u0142ada, \u017ce wydaje si\u0119, \u017ce nigdy nie b\u0119dzie \u017cadnymi negatywnymi wynikami pomy\u015blno\u015bci i dobrobytu przypisuj\u0105cymi po prostu szuka\u0107 tego leku w ma\u0142ych do  porcji samodzielnie i u\u017cywa\u0107 go oszcz\u0119dnie (jednak\u017ce, nic na tym nie zwykle w pe\u0142ni zabezpieczony). AB-\u0424\u0423\u0411\u0418\u041d\u0410\u041a\u0410 NA SPRZEDA\u017b<\/p>\n<p>Og\u00f3lnie rzecz bior\u0105c, nasze badanie daje szerok\u0105 podstaw\u0119 dla mo\u017cliwo\u015bci szczepie\u0144 przeciwko SC. Zaanga\u017cowanie i orientacja seksualna maj\u0105 znacz\u0105cy wp\u0142yw na emocjonalne wyniki i \u0444\u0430\u0440\u043c\u0430\u043a\u043e\u043b\u043e\u0433\u0438\u043a\u043e-toksykologiczne reakcji na przepisy. M\u0119\u017cczy\u017ani cz\u0119\u015bciej ni\u017c kobiety korzystaj\u0105 praktycznie wszystkie narkotyki i zwracaj\u0105 si\u0119 w szokuj\u0105ce kryzysowe oddzia\u0142u z powodu krytycznego lub \u015bmierci alkoholizmu. AB-\u0424\u0423\u0411\u0418\u041d\u0410\u041a\u0410 NA SPRZEDA\u017b Z drugiej strony, u dziewcz\u0105t prawdopodobie\u0144stwo rozwoju zaburze\u0144 zwi\u0105zanych z za\u017cywaniem substancji psychoaktywnych, tak samo wysoka, jak i u m\u0119\u017cczyzn, i mog\u0105 by\u0107 bardziej podatne na ci\u0119gna i nawracaj\u0105cych. Kliniczne i badania przedkliniczne wykaza\u0142y, \u017ce wkr\u00f3tce po powo\u0142aniu &#034;zwyk\u0142ych&#034; przepisy na nadu\u017cywanie narkotyk\u00f3w m\u0119\u017cczy\u017ani i kobiety znacznie r\u00f3\u017cni\u0105 si\u0119 w zale\u017cno\u015bci od nadu\u017cywania narkotyk\u00f3w. AB-\u0424\u0423\u0411\u0418\u041d\u0410\u041a\u0410 NA SPRZEDA\u017b<\/p>\n<p>W ostatnim czasie sytuacja ta znacznie si\u0119 poprawi\u0142a, poniewa\u017c despotyczne wizualna atrakcyjno\u015b\u0107 nowych substancji psychoaktywnych (LF) zacz\u0119\u0142a pojawia\u0107 si\u0119 jako alternatywa dla lek\u00f3w kontrolowanych. Niemniej jednak, w zwi\u0105zku z rozwojem nowych substancji, lista kontrolowanych lek\u00f3w zalecanych przez lekarzy, stale aktualizowana. AB-\u0424\u0423\u0411\u0418\u041d\u0410\u041a\u0410 NA SPRZEDA\u017b<\/p>\n<p>Niewiele wiadomo o sposobie dzia\u0142ania tych substancji, a tak\u017ce o ich szkodliwym wp\u0142ywie na ludzi i podobne elementy, kt\u00f3re mog\u0105 si\u0119 zmienia\u0107 nie tylko w ilo\u015bci, ale i rodzaju dodawanego materia\u0142u. Ostatnio fa\u0142szywe kanabinoidy by\u0142y zwi\u0105zane z lotno\u015b\u0107 i ci\u0119\u017ckimi stanami alkoholu w Europie, i, pomimo ogromu nowych dzia\u0142a\u0144 w tej dziedzinie, przejd\u017amy do opisu problem\u00f3w zwi\u0105zanych z wprowadzeniem element\u00f3w strategii w zakresie narkotyk\u00f3w. AB-\u0424\u0423\u0411\u0418\u041d\u0410\u041a\u0410 NA SPRZEDA\u017b<\/p>\n<p>Niedawno wykryto \u0424\u0423\u0411\u0418\u041d\u0410\u041a\u0410 do brzucha, i to syntetyczny zwi\u0105zek, kt\u00f3ra mo\u017ce by\u0107 przydatna jako standardowej wymiany dla r\u00f3\u017cnych naturalnych odmian konopi. Jednak, jak wspomniano wcze\u015bniej, standardowy konopi, jak zwykle, jest nielegalne w niesamowitej ilo\u015bci kraj\u00f3w na ca\u0142ym \u015bwiecie, gdziekolwiek s\u0105. AB-\u0424\u0423\u0411\u0418\u041d\u0410\u041a\u0410 NA SPRZEDA\u017b<\/p>\n<p>W czerwcu 2018 roku w Internecie stwierdzono &#034;\u0438\u0441\u0441\u043b\u0435\u0434\u0443\u0435\u043c\u043e\u0435 po\u0142\u0105czenie&#034; z dopiskiem ABFUB7AICA, kt\u00f3re zosta\u0142o zidentyfikowane jako 5FABP7AICA, prosty 7-\u0430\u0437\u0430\u0438\u043d\u0434\u043e\u043b z 5FABPINACA. Prezentujemy dane o underlying widoku, optymalnych znacznikach do korzystania z moczem i pocz\u0105tkowych farmakokinetyczne zawi\u0142o\u015bci, le\u017c\u0105cych u ich podstaw. Z powodu wysokiej czysto\u015bci leku kupuj\u0105cy powinien bra\u0107 go tylko w ma\u0142ych dawkach. AB-\u0424\u0423\u0411\u0418\u041d\u0410\u041a\u0410 NA SPRZEDA\u017b<\/p>\n<h5>artyku\u0142:<\/h5>\n<p>\u015arednia warto\u015b\u0107 AB-\u0424\u0423\u0411\u0418\u041d\u0410\u041a\u0418 mierzy si\u0119 w miligramach, a dotyk do 20 miligramom AB-\u0424\u0423\u0411\u0418\u041d\u0410\u041a\u0418 zapewni kompleksowe wizualn\u0105 i s\u0142uchow\u0105 uczucie. Atomowej d\u017awi\u0119kowa spektroskopia, paliwowa chromatografii, spektrometria mas, podczerwie\u0144 i skojarzona spektroskopia u\u017cywane do okre\u015blenia sk\u0142adu. AB-\u0424\u0423\u0411\u0418\u041d\u0410\u041a\u0410 NA SPRZEDA\u017b<\/p>\n<p>Te syntetyczne substancje znacznie silniejszy, ni\u017c czysty konopi, i, jak wykazano, s\u0105 szersze agonist\u00f3w receptory kannabinoidowe. Jest mo\u017cliwe, \u017ce niekt\u00f3re z nich nie tylko bardzo silny, ale i maj\u0105 zwi\u0119kszone o 50% \u017cywotno\u015b\u0107, co zapewnia ci\u0105g\u0142y \u043f\u0441\u0438\u0445\u043e\u0430\u043a\u0442\u0438\u0432\u043d\u044b\u0439 efekt. Dzia\u0142anie konopi odbywa mi\u0119\u015bni brzucha, zwanej \u0427\u041c\u0418\u041d\u0410\u041a\u0410. AB-\u0424\u0423\u0411\u0418\u041d\u0410\u041a\u0410 NA SPRZEDA\u017b<\/p>\n<p>Firma Pfizer opracowa\u0142a preparat w 2009 roku jako pot\u0119\u017cny \u015brodek przeciwb\u00f3lowy, ale on nigdy wcze\u015bniej nie by\u0142 stosowany na ludziach. Jest to substancja programu I, kt\u00f3ry obecnie jest u\u017cywany w Stanach Zjednoczonych i daje ocen\u0119 aktualnych wiadomo\u015bci o propagandzie fa\u0142szywych kannabinoid\u00f3w jako substancji powoduj\u0105cych nadu\u017cycie, p\u00f3\u017aniejszych przyk\u0142adach nadu\u017cy\u0107, a tak\u017ce ich sytuacji prawnej i porz\u0105dku po\u0142\u0105czenia. AB-\u0424\u0423\u0411\u0418\u041d\u0410\u041a\u0410 NA SPRZEDA\u017b<\/p>\n<p>&nbsp;<\/p>","protected":false},"excerpt":{"rendered":"<p>AB-FUBINACA ZU VERKAUFEN Wir haben AB-FUBINACA ZU VERKAUFEN, die neueste synthetische Droge, die als zugelassene und wirklich erfolgreiche Alternative zu Cannabis dienen kann. W\u00e4hrend die Herstellung und der Verkauf von Cannabis in den meisten L\u00e4ndern der Welt illegal sind, unterliegt AB-FUBINACA nicht diesen Beschr\u00e4nkungen. Die synthetische Droge AB-FUBINACA ist legal, und man kann sie direkt im Internet kaufen. RC Chemicals wurde in China gegr\u00fcndet, wo wir \u00fcber eine hochmoderne Syntheseanlage verf\u00fcgen. Wir waren in der Lage, jede chemische Verbindung zu synthetisieren, und unsere Experten haben eine Methode entwickelt, um AB-FUBINACA mit einem Reinheitsgrad von etwa 100 Prozent zu erhalten. AB-FUBINACA\u2026<\/p>","protected":false},"featured_media":1644,"comment_status":"open","ping_status":"closed","template":"","meta":{"content-type":""},"product_brand":[],"product_cat":[163],"product_tag":[],"class_list":{"0":"post-1625","1":"product","2":"type-product","3":"status-publish","4":"has-post-thumbnail","6":"product_cat-forschung-chemikalien","8":"first","9":"instock","10":"shipping-taxable","11":"purchasable","12":"product-type-variable"},"_links":{"self":[{"href":"https:\/\/kokaindrogekaufen.com\/pl\/wp-json\/wp\/v2\/product\/1625"}],"collection":[{"href":"https:\/\/kokaindrogekaufen.com\/pl\/wp-json\/wp\/v2\/product"}],"about":[{"href":"https:\/\/kokaindrogekaufen.com\/pl\/wp-json\/wp\/v2\/types\/product"}],"replies":[{"embeddable":true,"href":"https:\/\/kokaindrogekaufen.com\/pl\/wp-json\/wp\/v2\/comments?post=1625"}],"wp:featuredmedia":[{"embeddable":true,"href":"https:\/\/kokaindrogekaufen.com\/pl\/wp-json\/wp\/v2\/media\/1644"}],"wp:attachment":[{"href":"https:\/\/kokaindrogekaufen.com\/pl\/wp-json\/wp\/v2\/media?parent=1625"}],"wp:term":[{"taxonomy":"product_brand","embeddable":true,"href":"https:\/\/kokaindrogekaufen.com\/pl\/wp-json\/wp\/v2\/product_brand?post=1625"},{"taxonomy":"product_cat","embeddable":true,"href":"https:\/\/kokaindrogekaufen.com\/pl\/wp-json\/wp\/v2\/product_cat?post=1625"},{"taxonomy":"product_tag","embeddable":true,"href":"https:\/\/kokaindrogekaufen.com\/pl\/wp-json\/wp\/v2\/product_tag?post=1625"}],"curies":[{"name":"wp","href":"https:\/\/api.w.org\/{rel}","templated":true}]}}