{"id":1632,"date":"2023-06-27T19:20:12","date_gmt":"2023-06-27T18:20:12","guid":{"rendered":"https:\/\/kokaindrogekaufen.com\/?post_type=product&#038;p=1632"},"modified":"2024-12-06T07:31:59","modified_gmt":"2024-12-06T07:31:59","slug":"alpha-pvp-flakka-zu-verkaufen","status":"publish","type":"product","link":"https:\/\/kokaindrogekaufen.com\/pl\/product\/alpha-pvp-flakka-zu-verkaufen\/","title":{"rendered":"ALFA-PVP (FLAKKA) DO SPRZEDA\u017bY"},"content":{"rendered":"<h2>ALFA-PVP NA SPRZEDA\u017b:<\/h2>\n<p>Mamy alfa-PVP na sprzeda\u017c po bardzo niskich cenach, jak i ka\u017cdego innego leku. Alfa-PVP jest cz\u0142onkiem najbardziej znanego klasy ekspert\u00f3w-lekarzy, i jest on u\u017cywany do r\u00f3\u017cnych cel\u00f3w. G\u0142\u00f3wnym powodem jego atrakcyjno\u015bci - jego wysoka intensywno\u015b\u0107 i szybkie dzia\u0142anie. Dzia\u0142a on tak samo, jak i inne \u044d\u043d\u0435\u0440\u0434\u0436\u0430\u0439\u0437\u0435\u0440\u044b, oddzia\u0142uj\u0105c bezpo\u015brednio na o\u015brodkowy uk\u0142ad nerwowy.<\/p>\n<p>Alfa-PVP - to jest bardziej mi\u0119kka wersja kokainy. Szybko si\u0119 wch\u0142ania, gdy klient stawia go pod j\u0119zyk, ale on lub ona mo\u017ce by\u0107 gotowy do \u0153mierci. Na tworzenie Elation zwykle zajmuje najwi\u0119cej czasu, ale je\u015bli u\u017cywasz go, to musi by\u0107 gotowy na 30 minut. Po zabiciu mo\u017cna zauwa\u017cy\u0107, jak jego puls jest bardziej widoczne. Alfa-PVP na sprzeda\u017c<\/p>\n<p>W tym samym czasie mo\u017cna straci\u0107 ch\u0119\u0107 picia wody. Upojenie zaczyna si\u0119 stopniowo, w ci\u0105gu oko\u0142o 30 minut po spo\u017cyciu. Dr\u0119twienie podczas j\u0119zyk wyst\u0119puje z powodu gwa\u0142townego wzrostu ci\u015bnienia krwi i, oczywi\u015bcie, braku konieczno\u015bci picia wody. Po oko\u0142o 45 min odbioru mo\u017cna poczu\u0107 mi\u0119kk\u0105 stymulacj\u0119, kt\u00f3r\u0105 ucze\u0144 mo\u017ce dostrzec s\u0142aby. Alfa-PVP na sprzeda\u017c<\/p>\n<p>Ka\u017cdy z efekt\u00f3w trwa zaledwie trzy godziny, i jest ma\u0142o prawdopodobne, \u017ce klient b\u0119dzie chcia\u0142 wzi\u0105\u0107 kolejn\u0105 dawk\u0119. Zachwyt, kt\u00f3ry masz, inwestuj\u0105c \u015brodki w alfa\u2013 PVP i u\u017cywa\u0107 ich, nie trwa d\u0142ugo. Niekt\u00f3rzy klienci twierdz\u0105, \u017ce jedzenie asortymentu kamieni lepiej, ni\u017c palenie, bo nie \u0142agodz\u0105 nos. Alfa-PVP na sprzeda\u017c<\/p>\n<h3>KUPI\u0106 ALFA-PVP ONLINE:<\/h3>\n<p>Zazwyczaj \u0438\u043d\u0441\u0443\u0444\u0444\u043b\u044f\u0446\u0438\u044f powoduje u cz\u0142owieka, pracuj\u0105cego z ni\u0105, uczucie euforii przez d\u0142ugi czas. Trudno oceni\u0107 jego skuteczno\u015b\u0107, bo niekt\u00f3rzy ludzie powoli zaczynaj\u0105 rozumie\u0107, \u017ce w pewnym momencie im si\u0119 ta strategia. On zaczyna dzia\u0142a\u0107, jak tylko trafia w nos nabywcy. Szczyt podniecenia uzyskuje si\u0119 w ci\u0105gu 10 minut po za\u017cyciu. Alfa-PVP na sprzeda\u017c<\/p>\n<p>Alfa-PVP psychodelik\u00f3w gotowi \u0142\u0105czy\u0107 w sobie takie efekty, jak uwodzenie, uroczy sk\u0142onno\u015b\u0107, anty-l\u0119ki i relaks. Ponadto, tw\u00f3j przeciwnik jest tak dobrze poinformowany o warunkach normalnego u\u017cytkowania, aby uzyska\u0107 \u0142odzi, jak i ty sam. Wiele os\u00f3b w celu ustalenia wolnego \u0142odzi klucz walki modu\u0142, niszczyciel sterowania, itp., Aby uzyska\u0107 przewag\u0119 przed niczego nie \u015bwiadomym przeciwnikiem, lub &#034;\u0437\u0430\u043c\u0430\u043d\u044f\u0442&#034; ci\u0119 w pu\u0142apk\u0119 \u0142odzi\u0105, kt\u00f3ra wydaje si\u0119 kruche (jak czapla), ale nadaje si\u0119 do PVP. Alfa-PVP na sprzeda\u017c<\/p>\n<p>Klienci, kt\u00f3rzy kupili benzodiazepiny Flakka w Stanach Zjednoczonych jako metody leczenia, poniewa\u017c benzo powszechnie dost\u0119pne i zalecane. Nootropics, dost\u0119pne w Stanach Zjednoczonych, stanowi\u0105 doskona\u0142\u0105 sol\u0105 do k\u0105pieli, o inteligentnym dzia\u0142aniu. Korzystanie z nootropowe prowadzi do zwi\u0119kszenia zdolno\u015bci do innowacji i poprawy pami\u0119ci. Alfa-PVP na sprzeda\u017c<\/p>\n<p>Po oko\u0142o 45 minutach u\u017cywania odczuwalne lekkie podniecenie, kt\u00f3re klient mo\u017ce dostrzec tylko niemrawo. To zosta\u0142o odkryte w po\u0142owie lat 1960-tych, wraz z kwot\u0105 intensywno\u015bci w 1\/4 intensywno\u015bci, zwi\u0105zanej z MDPV. Wyniki oko\u0142o por\u00f3wnywalne. Alfa-PVP zazwyczaj zawiera w bia\u0142ych kamieniach szlachetnych. Wszystkie efekty trwaj\u0105 zaledwie 3 godziny, i jest ma\u0142o prawdopodobne, \u017ce klient b\u0119dzie chcia\u0142 zje\u015b\u0107 jeszcze jedn\u0105 porcj\u0119. Alfa-PVP na sprzeda\u017c<\/p>\n<h4>ALFA-PVP DLA SPRZEDA\u017bY W INTERNECIE:<\/h4>\n<p>-PVP jest syntetyzowany z \u043f\u0438\u0440\u043e\u0432\u0430\u043b\u0435\u0440\u043e\u043d\u0430, a tak\u017ce jest \u0142atwy malinowy \u043f\u0440\u043e\u043b\u0438\u043d\u0442\u0430\u043d\u0430. Jest on powszechnie stosowany jako narkotyk rekreacyjny i jest klasyfikowany jako lek z Listy I zgodnie z Ustaw\u0105 o bezpiecze\u0144stwie i innowacji urz\u0119du fda and drug administration. Najwa\u017cniejszym efektem tego leku jest to, \u017ce wp\u0142ywa na zdolno\u015b\u0107 klienta do innowacji. R\u00f3\u017cne wyniki obejmuj\u0105 nadzwyczajne poczucie szcz\u0119\u015bcia i wysoki poziom energii. Cia\u0142o zwiastun relaksuje bez poprzecznego do jedzenia. Alfa-PVP na sprzeda\u017c<\/p>\n<p>-PVP, jak i inne podobne leki, mo\u017ce powodowa\u0107 stan znany jako &#034;radosne upojenie&#034;, kt\u00f3ry zawiera \u0433\u0438\u043f\u0435\u0440\u0441\u0442\u0438\u043c\u0443\u043b\u044f\u0446\u0438\u044e, nerwice i fantazji, kt\u00f3re mog\u0105 spowodowa\u0107 agresywne zachowanie i \u0447\u043b\u0435\u043d\u043e\u0432\u0440\u0435\u0434\u0438\u0442\u0435\u043b\u044c\u0441\u0442\u0432\u0443. Lek nadal kojarzy si\u0119 \u015bmiertelne w wyniku autodestrukcji, a tak\u017ce z niewydolno\u015bci\u0105 serca. To r\u00f3wnie\u017c mo\u017ce niebezpiecznie zwi\u0119kszy\u0107 og\u00f3lny wewn\u0119trzny bilans cieplny, co mo\u017ce spowodowa\u0107 uszkodzenie lub awari\u0119 nerek. Alfa-PVP na sprzeda\u017c<\/p>\n<p>-PVP cz\u0119sto jest bardzo o\u017cywczy i \u0437\u0430\u0436\u0438\u0433\u0430\u0442\u0435\u043b\u044c\u043d\u044b\u043c z punktu widzenia jego wp\u0142ywu na faktyczn\u0105 blokad\u0119 energii cz\u0142owieka. Pozwala to korzysta\u0107 z takich form aktywno\u015bci, jak praca, wspinaczka i jazda, ale r\u00f3wnie\u017c mo\u017ce da\u0107 prawdziw\u0105 energi\u0119 po prostu siedzie\u0107 nieruchomo i zaj\u0119ty niepotrzebnymi sprawami. Zwykle do pojawienia si\u0119 euforii wymaga troch\u0119 czasu, ale musi to nast\u0105pi\u0107 w ci\u0105gu trzydziestu minut po spo\u017cyciu. Alfa-PVP na sprzeda\u017c<\/p>\n<h5>ALFA-PVP DO SPRZEDA\u017bY NA CA\u0141YM \u015aWIECIE:<\/h5>\n<p>Po zabiciu mo\u017cna zauwa\u017cy\u0107, \u017ce obci\u0105\u017cenie na kr\u0105\u017cenie krwi stopniowo wzrasta. To sensacyjne historie, kt\u00f3re s\u0105 doskona\u0142ym pokarmem dla MEDI\u00d3W i na pewno odzwierciedlaj\u0105 dziwn\u0105 bezpo\u015brednio\u015b\u0107, zwi\u0105zanych z twierdzeniami o du\u017cych dawek alfa-PVP. Niezale\u017cnie od bardzo umiarkowanych dawkach, po prostu produktywnych indywidualnych mistrzostw spotkania trudno wymy\u015bli\u0107. Alfa-PVP na sprzeda\u017c<\/p>\n<p>W tym samym czasie mo\u017cna pozby\u0107 poprzecznego do wody pitnej. Ze wzgl\u0119du na jego zdolno\u015b\u0107 do rozszerzania \u017arenic, PVP mo\u017ce powodowa\u0107 rozja\u015bnienie dzia\u0142ek. Podzia\u0142 kompetencji i obowi\u0105zk\u00f3w pomi\u0119dzy r\u00f3\u017cnymi poziomami Prezydium A-PVP mo\u017ce powodowa\u0107 szybkie i spontaniczne ruchy ga\u0142ki ocznej, co prowadzi do \u043f\u043e\u043c\u0443\u0442\u043d\u0435\u043d\u0438\u044e widzenia i chwilow\u0105 utrat\u0119 koncentracji.<\/p>\n<p>Sztuczny katynon jest wci\u0105gaj\u0105ca, mog\u0105 wyst\u0105pi\u0107 objawy odstawienia, takie jak nerwowo\u015b\u0107, dr\u017cenie, paranoja, melancholia i problemy ze snem. Naukowcy odkryli, \u017ce szczury sta\u0142y si\u0119 zale\u017cne od Flakka i nacisn\u0105\u0142 d\u017awigni\u0119, aby wprowadzi\u0107 lek jak mo\u017cna bardziej konsekwentnie w eksperymentach na zwierz\u0119tach. To si\u0119 nazywa oczopl\u0105s. Alfa-PVP na sprzeda\u017c<\/p>\n<p>Uwa\u017ca si\u0119, \u017ce \u0444\u043b\u0430\u043a\u043a\u0430 powoduje wzrost temperatury cia\u0142a o oko\u0142o 104 stopnie, je\u015bli jej nie promowa\u0107. Zw\u0142aszcza wysoka temperatura cia\u0142a mo\u017ce mie\u0107 powa\u017cne konsekwencje, w tym uszkodzenia lub niewydolno\u015b\u0107 nerek, a w niekt\u00f3rych przypadkach i \u015bmier\u0107. Cho\u0107 wa\u017cne jest, aby unika\u0107 odwodnienia, szczeg\u00f3lnie w ta\u0144cu w gor\u0105cym \u015brodowisku, ryzyko zatrucia wod\u0105 wyst\u0119puje nie tylko ze wzgl\u0119du na jego po\u0142kni\u0119cia. Alfa-PVP na sprzeda\u017c<\/p>\n<h5>artyku\u0142:<\/h5>\n<p>W ten spos\u00f3b, konsumenci powinni po prostu wypi\u0107 swoj\u0105 wod\u0119 pitn\u0105 i zwraca\u0107 uwag\u0119 na to, co pij\u0105. Syntetyczne \u043a\u0430\u0442\u0438\u043d\u043e\u043d\u044b nale\u017c\u0105 do klasy lek\u00f3w na recept\u0119, znanych jako &#034;nowe substancje psychoaktywne&#034;, kt\u00f3re powoduj\u0105 podra\u017cnienie narz\u0105d\u00f3w zdrowia (NPC). LF - to nieuregulowanych psychoaktywne (zmieniaj\u0105ce \u015bwiadomo\u015b\u0107) substancje, kt\u00f3re dopiero niedawno pojawi\u0142y si\u0119 na rynku i s\u0105 przeznaczone do symulacji dzia\u0142ania narkotyk\u00f3w, co mo\u017ce prowadzi\u0107 do nieprzyjemnych p\u0119tli przekona\u0144. Alfa-PVP na sprzeda\u017c<\/p>\n<p>Dobrze wiadomo, \u017ce NBOM mog\u0105 powodowa\u0107 skurcze, a u\u017cywki mog\u0105 jeszcze bardziej pog\u0142\u0119bi\u0107 ten ryzyko. Szczyt mo\u017ce trwa\u0107 od 3 do 5 godzin, ale wielu u\u017cytkownik\u00f3w donosz\u0105, \u017ce powr\u00f3t do pocz\u0105tku mo\u017ce by\u0107 trudne i stopniowe. W rezultacie niekt\u00f3rzy ludzie bior\u0105 &#034;drug\u0105 dawk\u0119&#034; zbyt wcze\u015bnie i zu\u017cywaj\u0105 wi\u0119cej, ni\u017c planowali, z niekorzystnymi konsekwencjami. Alfa-PVP na sprzeda\u017c<\/p>\n<p>Katynon, \u041c\u0414\u041c\u041a i alfa-PVP obecnie nie maj\u0105 przyznanego terapeutycznego i maj\u0105 ryzyko uzale\u017cnienia, nadu\u017cywania i nielegalnego za\u017cywania powy\u017cej \u015bredniej, a tak\u017ce znaczny profil toksyczno\u015bci, kt\u00f3ry zawiera normy Nowej agendy. Porz\u0105dek obrad iv oraz Dodatek D, z pewno\u015bci\u0105 nie do przyj\u0119cia. Alfa-PVP na sprzeda\u017c<\/p>\n<h6>wi\u0119cej:<\/h6>\n<p>Po\u0142kni\u0119cie \u0444\u043b\u0430\u043a\u043a\u0438 samo w sobie niebezpieczne. Jednak fakt, \u017ce Flakka, w rzeczywisto\u015bci, nie jest regulowany, zwi\u0119ksza ryzyko. System produkcyjny \u017ale kontrolowane, a sk\u0142adniki r\u00f3\u017cni\u0105 si\u0119 u r\u00f3\u017cnych producent\u00f3w. Alfa-PVP na sprzeda\u017c<\/p>\n<p>&nbsp;<\/p>","protected":false},"excerpt":{"rendered":"<p>ALPHA-PVP ZU VERKAUFEN: Wir haben Alpha-PVP zum Verkauf zu sehr g\u00fcnstigen Preisen, genau wie jedes andere Medikament. Alpha-PVP ist ein Mitglied der bekanntesten Klasse von Experten medizinische, und es ist f\u00fcr eine breite Palette von Zwecken verwendet. Der Hauptgrund f\u00fcr seine Anziehungskraft ist seine hohe Intensit\u00e4t und seine schnelle Wirkungsweise. Es wirkt \u00e4hnlich wie andere Energizer, indem es direkt auf das zentrale Nervensystem wirkt. Alpha-PVP ist eine mildere Version von Kokain. Es l\u00f6st sich schnell auf, wenn der Kunde es unter die Zunge legt, aber er oder sie kann sich auf eine t\u00f6dliche Begegnung einstellen. Der Aufbau von Elation dauert\u2026<\/p>","protected":false},"featured_media":1645,"comment_status":"open","ping_status":"closed","template":"","meta":{"content-type":""},"product_brand":[],"product_cat":[163],"product_tag":[],"class_list":{"0":"post-1632","1":"product","2":"type-product","3":"status-publish","4":"has-post-thumbnail","6":"product_cat-forschung-chemikalien","8":"first","9":"instock","10":"shipping-taxable","11":"purchasable","12":"product-type-variable"},"_links":{"self":[{"href":"https:\/\/kokaindrogekaufen.com\/pl\/wp-json\/wp\/v2\/product\/1632"}],"collection":[{"href":"https:\/\/kokaindrogekaufen.com\/pl\/wp-json\/wp\/v2\/product"}],"about":[{"href":"https:\/\/kokaindrogekaufen.com\/pl\/wp-json\/wp\/v2\/types\/product"}],"replies":[{"embeddable":true,"href":"https:\/\/kokaindrogekaufen.com\/pl\/wp-json\/wp\/v2\/comments?post=1632"}],"wp:featuredmedia":[{"embeddable":true,"href":"https:\/\/kokaindrogekaufen.com\/pl\/wp-json\/wp\/v2\/media\/1645"}],"wp:attachment":[{"href":"https:\/\/kokaindrogekaufen.com\/pl\/wp-json\/wp\/v2\/media?parent=1632"}],"wp:term":[{"taxonomy":"product_brand","embeddable":true,"href":"https:\/\/kokaindrogekaufen.com\/pl\/wp-json\/wp\/v2\/product_brand?post=1632"},{"taxonomy":"product_cat","embeddable":true,"href":"https:\/\/kokaindrogekaufen.com\/pl\/wp-json\/wp\/v2\/product_cat?post=1632"},{"taxonomy":"product_tag","embeddable":true,"href":"https:\/\/kokaindrogekaufen.com\/pl\/wp-json\/wp\/v2\/product_tag?post=1632"}],"curies":[{"name":"wp","href":"https:\/\/api.w.org\/{rel}","templated":true}]}}