{"id":1639,"date":"2023-06-27T19:20:12","date_gmt":"2023-06-27T18:20:12","guid":{"rendered":"https:\/\/kokaindrogekaufen.com\/?post_type=product&#038;p=1639"},"modified":"2023-08-07T08:27:05","modified_gmt":"2023-08-07T07:27:05","slug":"anesket-online-kaufen","status":"publish","type":"product","link":"https:\/\/kokaindrogekaufen.com\/pl\/product\/anesket-online-kaufen\/","title":{"rendered":"KUPI\u0106 ANESKET ONLINE"},"content":{"rendered":"<h2>KUPI\u0106 ANESKET ONLINE<\/h2>\n<p>Do tego czasu mo\u017cna kupowa\u0107 Anesket online z recept\u0105 czy bez niego. W momencie, gdy kto\u015b warczy na ciebie, b\u0119dziesz do\u015bwiadcza\u0107 bardziej wyra\u017ane upojenie, ni\u017c kiedy go \u043f\u0440\u043e\u0433\u043b\u0430\u0442\u044b\u0432\u0430\u0435\u0442\u0435, \u017ce dodaje jak \u043c\u044b\u0441\u043b\u0438\u043c\u043e\u0433\u043e nachylenia, jak i zwi\u0119ksza niebezpiecze\u0144stwo \u017carnika. Warkot \u0410\u043d\u0435\u0441\u043a\u0435\u0442\u0430 daje silne uspokojenie od szybko rozpoczynaj\u0105cego si\u0119 niebezpiecznego oddzia\u0142ywania lek\u00f3w. Lek ten mo\u017ce potencjalnie mie\u0107 wp\u0142yw na zdolno\u015b\u0107 do innowacji lub na to, jak reagujesz.<\/p>\n<p>Prawdopodobnie nie pozwol\u0105 \u017cy\u0107 bez niczyjej pomocy, odpowiedniego swojej dzia\u0142alno\u015bci lub w systemie leczenia. Powstrzyma\u0107 si\u0119 od jazdy lub pracy z wyposa\u017ceniem na oko\u0142o 24 godziny. W czasie, gdy zakupiony \u0410\u043d\u0435\u0441\u043a\u0435\u0442. Poza tym, to aplikacja mo\u017ce prowadzi\u0107 do podstawowego uszkodzenie nosa dzia\u0142\u00f3w.<\/p>\n<p>Napar \u0410\u043d\u0435\u0441\u043a\u0435\u0442\u0430 to profesjonalnie wydany przepis, kt\u00f3ry jest u\u017cywany oddzielnie lub w po\u0142\u0105czeniu z innymi lekami do leczenia utraty przytomno\u015bci bezpo\u015brednio przed zabiegiem lub, by\u0107 mo\u017ce, w trakcie leczenia klinicznego. P\u0142yn Anesket Liquid daje nieoczekiwane hojno\u015b\u0107, kt\u00f3ra trwa oko\u0142o 60 minut. Zaczyna wywo\u0142ywa\u0107 skutki uboczne po oko\u0142o 2-5 minut po tym, jak porcja by\u0142a \u0432\u044b\u043a\u0443\u0440\u0435\u043d\u0430 lub po\u0142kni\u0119te. Kupi\u0107 Anesket online<\/p>\n<p>Dane o niewielkiej liczbie ludzi w otwartym dost\u0119pie, potencjalni kliniczni \u043f\u0440\u0435\u043b\u0438\u043c\u0438\u043d\u0430\u0440\u0438\u0438 sugeruj\u0105, \u017ce \u0410\u043d\u0435\u0441\u043a\u0435\u0442 mo\u017ce by\u0107 przydatny w leczeniu skandalicznie podra\u017cnienia i szorstkich sk\u0142onno\u015bci. Mimo to, zakres pomiarowy jest bardzo zr\u00f3\u017cnicowany, i znaczna dawka nie zosta\u0142a odkryta. \u0410\u043d\u0435\u0441\u043a\u0435\u0442 \u0433\u043b\u0443\u0442, jak zwykle, nie jest \u015bmiertelny, mimo to mo\u017ce on powodowa\u0107 znaczne szkody dla klienta, a \u0445\u0440\u044e\u043a\u0430\u044e\u0449\u0438\u0439 ketamina obs\u0142uguje \u0433\u043b\u0443\u0442 mo\u017cliwo\u015b\u0107. Kupi\u0107 Anesket online<\/p>\n<h4>\u0410\u041d\u0415\u0421\u041a\u0415\u0422 NA SPRZEDA\u017b:<\/h4>\n<p>Z tego powodu, \u017ce przyjmowanie leku pozwala mu szybciej dosta\u0107 si\u0119 do umys\u0142u, mo\u017ce powodowa\u0107 zwi\u0119kszon\u0105 zatrucie, ale r\u00f3wnie\u017c dobrze t\u0142umi wiele fizjologiczne techniki, sterowane m\u00f3zgiem. Podczas \u044d\u043a\u0441\u0446\u0435\u0441\u0441\u0430 klient, najprawdopodobniej, b\u0119dzie lata\u0142 po zapomnienia i z pewno\u015bci\u0105 b\u0119dzie mie\u0107 senny p\u0142ytki oddech 2. Kupi\u0107 Anesket online<\/p>\n<p>Nawet je\u015bli niekt\u00f3re potwierdzenia bezpiecze\u0144stwa lotniczego mog\u0105 by\u0107 przedstawione tylko z powodu silnych \u043b\u0430\u0440\u0438\u043d\u0433\u0435\u0430\u043b\u044c\u043d\u044b\u0445 i infekcji gard\u0142a z powodu odruch\u00f3w, wymioty i dr\u0105\u017cek mog\u0105 wyst\u0105pi\u0107 wraz z wprowadzeniem chlorowodorku \u0410\u043d\u0435\u0441\u043a\u0435\u0442\u0430. Infuzji chlorowodorek \u0410\u043d\u0435\u0441\u043a\u0435\u0442\u0430 nie jest szybkie dla os\u00f3b, kt\u00f3re nie przestrzega\u0142y zero tytu\u0142\u00f3w dla ka\u017cdego hamburgera. Kupi\u0107 Anesket online<\/p>\n<p>Szkody \u0410\u043d\u0435\u0441\u043a\u0435\u0442\u0430 w\u0105troby zwi\u0105zana jest r\u00f3wnie\u017c ze wspania\u0142ymi dosages i powtarzaj\u0105ce si\u0119 organizacj\u0105. W zgromadzeniu znacznej cz\u0119\u015bci sta\u0142ych klient\u00f3w Anesket informowali\u015bmy, \u017ce nawr\u00f3t poszczeg\u00f3lnych uszkodze\u0144 w\u0105troby wynosi, w przewa\u017caj\u0105cej cz\u0119\u015bci, oko\u0142o 10%. \u0410\u043d\u0435\u0441\u043a\u0435\u0442 zwykle jest podawany w postaci infuzji, kt\u00f3ra odbywa si\u0119 przy odbiorze zwyk\u0142ych \u015brodk\u00f3w uspokajaj\u0105cych, utrzymanie trasy lotu i przy organizacji oddechowych, w towarzystwie swojego pracownika medycznego, w klinice pogotowie lub w plac\u00f3wce. Kupi\u0107 Anesket online<\/p>\n<h4>KUPI\u0106 ANESKET ONLINE EUROPA:<\/h4>\n<p>Kr\u00f3tko m\u00f3wi\u0105c, ten \u0430\u043d\u0435\u0441\u043a\u0435\u0442 zwykle jest odpowiednim lekiem. Tym nie mniej, dostarczamy z roztworem lub bez niego (Zyskujemy Anesket z lekarstwem, lub bez niego). Dla nadmiar\/przymiark\u0119, to naprawd\u0119 tak dla wyja\u015bnienia, kt\u00f3re nam trzeba, aby pom\u00f3c tym, kt\u00f3rzy si\u0119 dobrze na ca\u0142ym \u015bwiecie. \u0410\u043d\u0435\u0441\u043a\u0435\u0442 - lek u\u017cywany w organizmie cz\u0142owieka i zwierz\u0105t, dla stymulacji st\u0119pienie i uspokojenie bez zaburze\u0144 oddychania i wysokiego ci\u015bnienia krwi 1 . \u0410\u043d\u0435\u0441\u043a\u0435\u0442 - lek u\u017cywany w organizmie cz\u0142owieka i stworze\u0144, dla stymulacji st\u0119pienie i uspokojenie bez zaburze\u0144 oddychania i wysokiego ci\u015bnienia krwi. Kupi\u0107 Anesket online<\/p>\n<p>\u0410\u043d\u0435\u0441\u043a\u0435\u0442 jest \u0434\u0438\u0441\u0441\u043e\u0446\u0438\u0430\u0442\u0438\u0432\u043d\u044b\u043c uspokajaj\u0105ce \u015brodkiem, i coraz cz\u0119\u015bciej wykorzystuj\u0105 jako festiwalowy narkotyk, g\u0142\u00f3wnie z tego wzgl\u0119du, \u017ce daje wy\u017cszy poziom, podobny do snu. Napar \u0410\u043d\u0435\u0441\u043a\u0435\u0442\u0430-jest to zalecane przez lekarza na recept\u0119, kt\u00f3ry jest stosowany bez \u017cadnych innych lub razem z innymi lekami w celu zapobiegania utraty przytomno\u015bci przed rozpocz\u0119ciem i w wyniku aktywnej dzia\u0142alno\u015bci lub nawet leczenia klinicznego. Kupi\u0107 Anesket online<\/p>\n<p>Dok\u0142adnie tak samo mo\u017cemy na sto procent zapewniamy szybki, bezpieczny i niezawodny transport i transport. Te\u017c znaczny. Za wyj\u0105tkiem tego, \u017ce nie ma \u017cadnych konkretnych danych o kliencie z pakietu transakcji nie zosta\u0142a ujawniona. Dok\u0142adnie tak samo, zgodnie z tymi zasadami, bezpiecze\u0144stwo konsument\u00f3w i prywatno\u015b\u0107 nadal s\u0105 naszymi najwa\u017cniejszymi potrzebami. wzd\u0142u\u017c. \u0410\u043d\u0435\u0441\u043a\u0435\u0442 jest sztucznym, w odr\u00f3\u017cnieniu od barbituran\u00f3w i diazepamu, ze wzgl\u0119du na jego stymulowanie rozwoju. Kupi\u0107 Anesket online<\/p>\n<h5>artyku\u0142:<\/h5>\n<p>P\u00f3\u017aniej nie nale\u017cy ich \u0142\u0105czy\u0107 w jedn\u0105 i t\u0119 sam\u0105 ig\u0142\u0119 lub \u0438\u043c\u043f\u043b\u0430\u043d\u0442\u0430\u0446\u0438\u043e\u043d\u043d\u0443\u044e p\u0142yn. \u0410\u043d\u0435\u0441\u043a\u0435\u0442 jest podawany do\u017cylnie po prostu mocno w masy lub \u017cy\u0142y. Dostaniesz t\u0119 infuzji w centrum lub w specjalistycznej klinice. Tw\u00f3j oddech, nadci\u015bnienie t\u0119tnicze, choroba niedokrwienna serca i inne wa\u017cne wska\u017aniki, prawdopodobnie, b\u0119d\u0105 uwa\u017cnie obserwowane, gdy jeste\u015b w \u0410\u043d\u0435\u0441\u043a\u0435\u0442\u0435. Kupi\u0107 Anesket online<\/p>\n<p>Proszek \u0410\u043d\u0435\u0441\u043a\u0435\u0442 u\u017cywany, bez niczyjej pomocy lub w po\u0142\u0105czeniu z innych przepis\u00f3w w celu wyeliminowania braku \u015bwiadomo\u015bci na kr\u00f3tko przed operacj\u0105 i, by\u0107 mo\u017ce, w wyniku operacji lub, by\u0107 mo\u017ce, systemu opieki zdrowotnej. On znajduje si\u0119 w grupie lek\u00f3w zwanych zwyk\u0142ymi \u015brodkami uspokajaj\u0105cymi. \u0410\u043d\u0435\u0441\u043a\u0435\u0442 - to lek, kt\u00f3ry jest obs\u0142ugiwany przez wi\u0119kszo\u015b\u0107 kraj\u00f3w i znajduje zastosowanie wsz\u0119dzie. Nasze materia\u0142y pochodz\u0105 bezpo\u015brednio od producenta. Kupi\u0107 Anesket online<\/p>\n<p>To laboratorium dru\u017cyna, w kt\u00f3rej \u017cyjemy pod mark\u0105 Different Anesket. Kr\u0105\u017cenie krwi i bicie serca regularnie zwi\u0119ksza si\u0119 podczas przyjmowania tylko chlorowodorku \u0410\u043d\u0435\u0441\u043a\u0435\u0442\u0430. W ka\u017cdym razie obserwowano niedoci\u015bnienie i bradykardia. R\u00f3wnie\u017c wyst\u0105pi\u0142 zaburzenia rytmu serca. Dok\u0142adnie tak samo koszty zawieraj\u0105 cenne, i w\u0105tpliwe. Kupi\u0107 Anesket online<\/p>","protected":false},"excerpt":{"rendered":"<p>ANESKET ONLINE KAUFEN Bis zu diesem Zeitpunkt k\u00f6nnen Sie Anesket Online mit oder ohne Rezept kaufen. An dem Punkt, wenn jemand grunzt Anesket, werden sie arbeiten Erfahrung eine unverwechselbare Rausch, als sie es geschluckt bekommen w\u00fcrde, die sowohl von denen f\u00fcgt hinzu, Neigung denkbar und verbessert Glut Gefahr. Das Grunzen von Anesket gibt eine schwere Beruhigung der schnell beginnenden, riskanten Medikationauswirkungen. Dieses Medikament kann m\u00f6glicherweise Ihre Innovationskraft oder Ihre Reaktionen beeinflussen. Sie werden wahrscheinlich nicht erlaubt, ohne Hilfe von irgendjemandem zu wohnen, der nach Ihrer T\u00e4tigkeit oder Behandlungssystem angemessen ist. Verzichten Sie auf das Fahren oder die Arbeit mit Ger\u00e4ten\u2026<\/p>","protected":false},"featured_media":1646,"comment_status":"open","ping_status":"closed","template":"","meta":{"content-type":""},"product_brand":[],"product_cat":[163],"product_tag":[],"class_list":{"0":"post-1639","1":"product","2":"type-product","3":"status-publish","4":"has-post-thumbnail","6":"product_cat-forschung-chemikalien","8":"first","9":"instock","10":"shipping-taxable","11":"purchasable","12":"product-type-variable"},"_links":{"self":[{"href":"https:\/\/kokaindrogekaufen.com\/pl\/wp-json\/wp\/v2\/product\/1639"}],"collection":[{"href":"https:\/\/kokaindrogekaufen.com\/pl\/wp-json\/wp\/v2\/product"}],"about":[{"href":"https:\/\/kokaindrogekaufen.com\/pl\/wp-json\/wp\/v2\/types\/product"}],"replies":[{"embeddable":true,"href":"https:\/\/kokaindrogekaufen.com\/pl\/wp-json\/wp\/v2\/comments?post=1639"}],"wp:featuredmedia":[{"embeddable":true,"href":"https:\/\/kokaindrogekaufen.com\/pl\/wp-json\/wp\/v2\/media\/1646"}],"wp:attachment":[{"href":"https:\/\/kokaindrogekaufen.com\/pl\/wp-json\/wp\/v2\/media?parent=1639"}],"wp:term":[{"taxonomy":"product_brand","embeddable":true,"href":"https:\/\/kokaindrogekaufen.com\/pl\/wp-json\/wp\/v2\/product_brand?post=1639"},{"taxonomy":"product_cat","embeddable":true,"href":"https:\/\/kokaindrogekaufen.com\/pl\/wp-json\/wp\/v2\/product_cat?post=1639"},{"taxonomy":"product_tag","embeddable":true,"href":"https:\/\/kokaindrogekaufen.com\/pl\/wp-json\/wp\/v2\/product_tag?post=1639"}],"curies":[{"name":"wp","href":"https:\/\/api.w.org\/{rel}","templated":true}]}}