{"id":1650,"date":"2023-06-27T19:20:22","date_gmt":"2023-06-27T18:20:22","guid":{"rendered":"https:\/\/kokaindrogekaufen.com\/?post_type=product&#038;p=1650"},"modified":"2024-12-06T07:35:03","modified_gmt":"2024-12-06T07:35:03","slug":"ethycathinon-online-kaufen","status":"publish","type":"product","link":"https:\/\/kokaindrogekaufen.com\/pl\/product\/ethycathinon-online-kaufen\/","title":{"rendered":"KUPI\u0106 \u042d\u0422\u0418\u041a\u0410\u0422\u0418\u041d\u041e\u041d ONLINE"},"content":{"rendered":"<h2>KUPI\u0106 \u042d\u0422\u0418\u041a\u0410\u0422\u0418\u041d\u041e\u041d ONLINE<\/h2>\n<p>Dok\u0142adnie tak samo mo\u017cna kupi\u0107 \u044d\u0442\u0438\u043a\u0430\u0442\u0438\u043d\u043e\u043d w Internecie po bardzo niskich cenach. Ten odpowiednik katynonu z sol\u0105 do k\u0105pieli mo\u017ce by\u0107 metabolit N-\u044d\u0442\u0438\u043a\u0430\u0442\u0438\u043d\u043e\u043d\u0430 w moczu. N-\u044d\u0442\u0438\u043b\u043a\u0430\u0442\u0438\u043d\u043e\u043d, znany r\u00f3wnie\u017c jako \u044d\u0442\u0438\u043b\u043f\u0440\u043e\u043f\u0438\u043e\u043d lub ETH-CAT, stanowi syntetyczny katynon i pobudzaj\u0105cy, kt\u00f3ry cz\u0119sto zawiera w mieszankach soli do k\u0105pieli i niekt\u00f3rych tabletkach.<\/p>\n<p>Wszystkie konsekwencje CSA i jego przepis\u00f3w wykonawczych, takich jak wi\u0119zienia, cywilne i administracyjne kary grzywny, mandaty i rz\u0105dowy kontrola substancji zawartych w wykazie I, stosuje si\u0119 do produkcji, dystrybucji, magazynowania, importu i eksportu tego sztucznego katynonu za pomoc\u0105 tego zakupu. Warto zauwa\u017cy\u0107, \u017ce odby\u0142o si\u0119 kilka formalnych bada\u0144 farmakokinetyk\u0119 lub farmakodynamik\u0119 cyklicznie \u0437\u0430\u043c\u0435\u0449\u0435\u043d\u043d\u043e\u0433\u043e katynonu.<\/p>\n<p>Pochodne katynonu maj\u0105 \u0441\u0438\u043c\u043f\u0430\u0442\u043e\u043c\u0438\u043c\u0435\u0442\u0438\u0447\u0435\u0441\u043a\u0438\u043c dzia\u0142ania, por\u00f3wnywaln\u0105 z dzia\u0142aniem pochodnych amfetaminy, wed\u0142ug obserwacji klient\u00f3w, kt\u00f3re by\u0142y nara\u017cone na rzekomej toksyczno\u015bci mefedron. W Szwecji g\u0142\u00f3wnym \u0442\u043e\u043a\u0441\u0438\u043a\u043e\u043b\u043e\u0433\u0438\u0447\u0435\u0441\u043a\u0438 potwierdzony przypadek \u015bmierci, zwi\u0105zany w\u0142a\u015bnie z u\u017cyciem mefedron, zosta\u0142 zarejestrowany w 2012 roku. Kupi\u0107 \u044d\u0442\u0438\u043a\u0430\u0442\u0438\u043d\u043e\u043d online<\/p>\n<p>Ethycathinone Shop to wyspecjalizowana firma farmaceutyczna specjalizuj\u0105ca si\u0119 w dostarczaniu wysokiej jako\u015bci \u043a\u0430\u0442\u0438\u043d\u043e\u043d\u043e\u0432 w postaci kryszta\u0142\u00f3w i proszk\u00f3w dost\u0119pnych na ca\u0142ym \u015bwiecie. Nasze rozwi\u0105zania przechodz\u0105 kliniczn\u0105 kontrol\u0119 czysto\u015bci, co podkre\u015bla nasze zaanga\u017cowanie w dostarczanie rozwi\u0105za\u0144 dla zaspokojenia niezaspokojonych potrzeb w zakresie zdrowia i wypoczynku. Ten \u0431\u0438\u0431\u043b\u0438\u043e\u043c\u0435\u0442\u0440\u0438\u0447\u0435\u0441\u043a\u0438\u0439 analiza wykaza\u0142a nowe funkcje w pasji badaniami katynonu, w szczeg\u00f3lno\u015bci w syntezie lek\u00f3w syntetycznych. Kupi\u0107 \u044d\u0442\u0438\u043a\u0430\u0442\u0438\u043d\u043e\u043d online<\/p>\n<h3>\u042d\u0422\u0418\u041b\u041a\u0410\u0422\u0418\u041d\u041e\u041d DO SPRZEDA\u017bY:<\/h3>\n<p>W rezultacie, nale\u017cy zaktualizowa\u0107 zasady, aby ustawi\u0107 ostre ograniczenia na przypadkow\u0105 pomoc medyczn\u0105 i bezprawne zu\u017cycie. Jeste\u015bmy najbardziej utytu\u0142owanym partnerem i wspieramy szybkie relacje z r\u00f3\u017cnymi producentami i dostawcami na ca\u0142ym \u015bwiecie. Niedawno przedstawili\u015bmy wysokiej jako\u015bci recenzji, poniewa\u017c nasi klienci doceniaj\u0105 jako\u015b\u0107. Kupi\u0107 \u044d\u0442\u0438\u043a\u0430\u0442\u0438\u043d\u043e\u043d online<\/p>\n<p>Wszystko, co przypomina nam, w znacznym stopniu przyj\u0119te po dokonaniu zakupu towar\u00f3w. Wywo\u0142uj\u0105 niepok\u00f3j i \u0444\u043e\u043a\u0443\u0441\u0438\u0440\u0443\u044e\u0449\u0435\u0435 dzia\u0142anie u\u017cywek zwi\u0119ksza prawdopodobie\u0144stwo pojawienia si\u0119 rzekomo nieprzyjemnych lok\u00f3w. Ze wzgl\u0119du na stymuluj\u0105ce dzia\u0142anie psychodelik\u00f3w kombinacja w wi\u0119kszo\u015bci przypadk\u00f3w nie ma sensu. Jeden tylko \u044d\u0442\u0438\u043b\u043a\u0430\u0442\u0438\u043d\u043e\u043d powoduje siln\u0105 emocjonaln\u0105 eufori\u0119 i poczucie przyjemno\u015bci, kt\u00f3re, najprawdopodobniej, s\u0105 bezpo\u015brednim wynikiem wydzielania serotoniny i dopaminy. Kupi\u0107 \u044d\u0442\u0438\u043a\u0430\u0442\u0438\u043d\u043e\u043d online<\/p>\n<p>Jednak, w przeciwie\u0144stwie do \u0434\u0438\u044d\u0442\u0438\u043b\u043a\u0430\u0442\u0438\u043d\u043e\u043d\u0430, \u044d\u0442\u043a\u0430\u0442\u0438\u043d\u043e\u043d zwykle nie jest prolekarstvom, poniewa\u017c jest on (jak i tramadol, kodeina i MDMA) jest r\u00f3wnie\u017c aktywny mo\u017ce by\u0107 sam w sobie, co wyklucza go z ugrupowania w wielu szczeg\u00f3lnie \u015bcis\u0142e definicje. W por\u00f3wnaniu z MDMA, jego efekty s\u0105 bardziej eufori\u0119 od amfetaminy i mefedron. Jest to zwi\u0105zane z tym, \u017ce \u0434\u0438\u044d\u0442\u0438\u043b\u043a\u0430\u0442\u0438\u043d\u043e\u043d, najwyra\u017aniej, jest nieaktywne prolekarstvom, kt\u00f3ry staje si\u0119 aktywny dopiero po dalszego metabolizmu w \u044d\u0442\u043a\u0430\u0442\u0438\u043d\u043e\u043d. Kupi\u0107 \u044d\u0442\u0438\u043a\u0430\u0442\u0438\u043d\u043e\u043d online<\/p>\n<p>Zatem nasuwa si\u0119 przypuszczenie, \u017ce \u044d\u0442\u043a\u0430\u0442\u0438\u043d\u043e\u043d r\u00f3wnie\u017c N-\u0434\u0435\u0430\u043b\u043a\u0438\u043b\u0438\u0440\u0443\u0435\u0442\u0441\u044f przy stosowaniu z wykszta\u0142ceniem katynonu. Jak kokaina, Bk-MDEA dzia\u0142a jak \u043d\u0435\u0441\u0435\u043b\u0435\u043a\u0442\u0438\u0432\u043d\u044b\u0439 inhibitora wch\u0142aniania monoamin, jednocze\u015bnie powoduj\u0105c wydzielanie serotoniny, takich jak MDMA. Wiele os\u00f3b okaza\u0142o si\u0119, \u017ce jest to skuteczny zamiennik \u044d\u0442\u0438\u043a\u0430\u0442\u0438\u043d\u043e\u043d\u0430. Kupi\u0107 \u044d\u0442\u0438\u043a\u0430\u0442\u0438\u043d\u043e\u043d online<\/p>\n<h4>KUPI\u0106 \u042d\u0422\u0418\u041a\u0410\u0422\u0418\u041d\u041e\u041d ONLINE EUROPA:<\/h4>\n<p>By\u0142o opisane, \u017ce \u044d\u0442\u0438\u043a\u0430\u0442\u0438\u043d\u043e\u043d jest wykorzystywany nie tylko w celach rekreacyjnych, poniewa\u017c powoduje minimaln\u0105 eufori\u0119 w por\u00f3wnaniu z innymi \u015brodkami pobudzaj\u0105cymi, podczas gdy kr\u00f3tki czas dzia\u0142ania mo\u017ce przyczyni\u0107 si\u0119 do \u043a\u043e\u043c\u043f\u0443\u043b\u044c\u0441\u0438\u0432\u043d\u043e\u043c\u0443 ponownego odbioru. Mieszaniny zawieraj\u0105ce nast\u0119puj\u0105ce substancje mog\u0105 powodowa\u0107 niebezpieczne wysoki poziom serotoniny. Zesp\u00f3\u0142 serotoninowy wymaga natychmiastowej pomocy medycznej i prowadzi do zgonu, je\u015bli nie jest leczone. Kupi\u0107 \u044d\u0442\u0438\u043a\u0430\u0442\u0438\u043d\u043e\u043d online<\/p>\n<p>Sprzedawany \u044d\u0442\u0438\u043a\u0430\u0442\u0438\u043d\u043e\u043d, nie myli\u0107 z etylenu, mo\u017ce by\u0107 nowym designerskim produktem z stymuluj\u0105cych w\u0142a\u015bciwo\u015bci, odkryte w 1960 roku. To jest lek, kt\u00f3ry stymuluje Matka natura nie zwi\u0119ksza\u0107 dzia\u0142anie ludzkiego umys\u0142u i wywo\u0142ywa\u0107 eufori\u0119. M\u0119\u017cczy\u017ani i kobiety u\u017cywaj\u0105 leki \u044d\u0442\u0438\u043a\u0430\u0442\u0438\u043d\u043e\u043d\u0430 g\u0142\u00f3wnie w r\u00f3\u017cnych medycznych i cel\u00f3w rozrywkowych. T\u0119 prac\u0119 napisa\u0142a Irena \u041c\u0430\u0434\u0436\u0443\u043c\u0434\u0435\u0440 z University of Adelaide. Kupi\u0107 \u044d\u0442\u0438\u043a\u0430\u0442\u0438\u043d\u043e\u043d online<\/p>\n<p>Poniewa\u017c \u044d\u0442\u0438\u043a\u0430\u0442\u0438\u043d\u043e\u043d jest silnym agonist\u0105 receptora mennicy, zwi\u0105zek chemiczny \u044d\u0442\u0438\u043b\u043e\u043d mo\u017cna u\u017cywa\u0107 w profesjonalnych badaniach medycznych jako suplement diety na odchudzanie. Kupi\u0107 \u042d\u0442\u0438\u043a\u0430\u0442\u0438\u043d\u043e\u043d - to termin u\u017cywany w odniesieniu do zwi\u0105zk\u00f3w chemicznych bk-EBDB i N-\u044d\u0442\u0438\u043b\u0431\u0443\u0442\u0438\u043b\u043e\u043d\u043e\u0432. Ponadto, lek jest znany pod r\u00f3\u017cnymi nazwami, bo to atrakcyjny lek dla konsument\u00f3w, kt\u00f3rzy chc\u0105 u\u017cywa\u0107 go w celach rekreacyjnych. Kupi\u0107 \u044d\u0442\u0438\u043a\u0430\u0442\u0438\u043d\u043e\u043d online<\/p>\n<p>Organizacja posiada wieloletnie do\u015bwiadczenie w walce z tymi zwi\u0105zkami chemicznymi, nic wi\u0119c dziwnego, \u017ce z biegiem lat Ethycathinone do sprzeda\u017cy sta\u0142 si\u0119 godnym zaufania nazw\u0105 w bran\u017cy. \u0414\u0438\u044d\u0442\u0438\u043b\u043a\u0430\u0442\u0438\u043d\u043e\u043d, najwyra\u017aniej, jest nieaktywne prolekarstvom, kt\u00f3ra uaktywnia si\u0119 dopiero po jego metabolizmu w \u044d\u0442\u043a\u0430\u0442\u0438\u043d\u043e\u043d.<\/p>\n<h4>KUPI\u0106 \u042d\u0422\u0418\u041a\u0410\u0422\u0418\u041d\u041e\u041d ONLINE W EUROPIE:<\/h4>\n<p>Tak wi\u0119c, nasuwa si\u0119 przypuszczenie, \u017ce przy stosowaniu \u044d\u0442\u043a\u0430\u0442\u0438\u043d\u043e\u043d nale\u017cy N-\u0434\u0435\u0430\u043b\u043a\u0438\u043b\u0438\u0440\u043e\u0432\u0430\u0442\u044c w bardziej aktywny lek, katynon, kt\u00f3ry mo\u017ce by\u0107 znacznie wi\u0119cej ni\u017c jest w stanie bezpiecznie stymulowa\u0107 uwalnianie dopaminy. Naszym g\u0142\u00f3wnym celem jest dostarczanie us\u0142ug hurtowych w zakresie sprzeda\u017cy i dostawy zwi\u0105zk\u00f3w chemicznych, chemikali\u00f3w, lek\u00f3w, preparat\u00f3w kannabinoid\u00f3w zi\u00f3\u0142, a tak\u017ce chemikali\u00f3w i lek\u00f3w o wysokiej czysto\u015bci. Kupi\u0107 \u044d\u0442\u0438\u043a\u0430\u0442\u0438\u043d\u043e\u043d online<\/p>\n<p>Zwi\u0105zki chemiczne bk-EBDB i N-\u044d\u0442\u0438\u043b\u0431\u0443\u0442\u0438\u043b\u043e\u043d znane jako \u044d\u0442\u0438\u043a\u0430\u0442\u0438\u043d\u043e\u043d. Bo jest to wspania\u0142y preparat, gdzie u\u017cytkownicy pr\u00f3buj\u0105 u\u017cywa\u0107 wi\u0119cej informacji dla hobby aplikacji, \u042d\u0442\u0438\u043a\u0430\u0442\u0438\u043d\u043e\u043d lek jest r\u00f3wnie\u017c obecny pod wieloma nazwami ulic. Organizacja mo\u017ce wysy\u0142a\u0107 te chemikalia badawcze na ca\u0142ym \u015bwiecie, aby eksperci mogli liczy\u0107 na ich terminowe przybycie, niezale\u017cnie od tego, gdzie tworz\u0105 swoje laboratorium.<\/p>\n<h5>wi\u0119cej:<\/h5>\n<p>Poniewa\u017c \u044d\u0442\u043a\u0430\u0442\u0438\u043d\u043e\u043d, najwyra\u017aniej, jest nieaktywne prolekarstvom i jest aktywowany tylko raz po dalszego metabolizmu w \u044d\u0442\u043a\u0430\u0442\u0438\u043d\u043e\u043d, nasuwa si\u0119 przypuszczenie, \u017ce \u044d\u0442\u043a\u0430\u0442\u0438\u043d\u043e\u043d staje si\u0119 r\u00f3wnie\u017c N-\u0434\u0435\u0430\u043b\u043a\u0438\u043b\u0438\u0440\u043e\u0432\u0430\u043d\u043d\u044b\u043c przy u\u017cyciu w wi\u0119kszo\u015bci przypadk\u00f3w. aktywny preparat katynon, kt\u00f3ry z pewno\u015bci\u0105 mo\u017ce znacznie bardziej wiarygodne stymulowa\u0107 uwalnianie dopaminy.<\/p>","protected":false},"excerpt":{"rendered":"<p>ETHYCATHINON ONLINE KAUFEN Ebenso k\u00f6nnen Sie Ethycathinon online zu sehr niedrigen Preisen kaufen. Dieses Badesalz-Cathinon-Analogon k\u00f6nnte der Urin-Metabolit von N-Ethycathinon sein. N-Ethylcathinon, auch bekannt als Ethylpropion oder ETH-CAT, ist ein synthetisches Cathinon und Stimulans, das h\u00e4ufig in Badesalzmischungen und einigen Pillen enthalten ist. Die vollen Auswirkungen des CSA und seiner Durchf\u00fchrungsbestimmungen, wie Haftstrafen, zivil- und verwaltungsrechtliche Strafen, Bu\u00dfgelder und beh\u00f6rdliche Kontrollen von Stoffen der Liste I, werden durch diesen Kauf auf die Herstellung, den Vertrieb, den Besitz, die Einfuhr und die Ausfuhr dieses k\u00fcnstlichen Cathinons \u00fcbertragen. Bezeichnenderweise wurden mehrere formale Studien zur Pharmakokinetik oder Pharmakodynamik von zyklisch substituiertem Cathinon durchgef\u00fchrt.\u2026<\/p>","protected":false},"featured_media":1677,"comment_status":"open","ping_status":"closed","template":"","meta":{"content-type":""},"product_brand":[],"product_cat":[163],"product_tag":[],"class_list":{"0":"post-1650","1":"product","2":"type-product","3":"status-publish","4":"has-post-thumbnail","6":"product_cat-forschung-chemikalien","8":"first","9":"instock","10":"shipping-taxable","11":"purchasable","12":"product-type-variable"},"_links":{"self":[{"href":"https:\/\/kokaindrogekaufen.com\/pl\/wp-json\/wp\/v2\/product\/1650"}],"collection":[{"href":"https:\/\/kokaindrogekaufen.com\/pl\/wp-json\/wp\/v2\/product"}],"about":[{"href":"https:\/\/kokaindrogekaufen.com\/pl\/wp-json\/wp\/v2\/types\/product"}],"replies":[{"embeddable":true,"href":"https:\/\/kokaindrogekaufen.com\/pl\/wp-json\/wp\/v2\/comments?post=1650"}],"wp:featuredmedia":[{"embeddable":true,"href":"https:\/\/kokaindrogekaufen.com\/pl\/wp-json\/wp\/v2\/media\/1677"}],"wp:attachment":[{"href":"https:\/\/kokaindrogekaufen.com\/pl\/wp-json\/wp\/v2\/media?parent=1650"}],"wp:term":[{"taxonomy":"product_brand","embeddable":true,"href":"https:\/\/kokaindrogekaufen.com\/pl\/wp-json\/wp\/v2\/product_brand?post=1650"},{"taxonomy":"product_cat","embeddable":true,"href":"https:\/\/kokaindrogekaufen.com\/pl\/wp-json\/wp\/v2\/product_cat?post=1650"},{"taxonomy":"product_tag","embeddable":true,"href":"https:\/\/kokaindrogekaufen.com\/pl\/wp-json\/wp\/v2\/product_tag?post=1650"}],"curies":[{"name":"wp","href":"https:\/\/api.w.org\/{rel}","templated":true}]}}