{"id":1659,"date":"2023-06-27T19:20:23","date_gmt":"2023-06-27T18:20:23","guid":{"rendered":"https:\/\/kokaindrogekaufen.com\/?post_type=product&#038;p=1659"},"modified":"2024-11-15T06:09:39","modified_gmt":"2024-11-15T06:09:39","slug":"nembutal-online-kaufen","status":"publish","type":"product","link":"https:\/\/kokaindrogekaufen.com\/pl\/product\/nembutal-online-kaufen\/","title":{"rendered":"KUP ONLINE-NEMBUTAL"},"content":{"rendered":"<h2>KUP ONLINE-NEMBUTAL<\/h2>\n<p>Tu i tam, Kupuj-Nembutal online w ci\u0105gu 24 godzin, w USA. Proszek \u041d\u0435\u043c\u0431\u0443\u0442\u0430\u043b\u0430 tworzy projekt i kszta\u0142tuje nawyki, i tylko ludzie z decyzj\u0105 naprawd\u0119 trzeba go u\u017cywa\u0107. Lekarstwo jest ledwo musi by\u0107 przekazana w ka\u017cdej chwili wielu innych jednostki, w szczeg\u00f3lno\u015bci poprzez wykorzystanie dziedzictwa lek\u00f3w lub sk\u0142onno\u015bci do regulacji. Do tej pory ten specjalista by\u0142 znany ze swojej niesamowitej zdolno\u015bci do radzenia sobie z problemami ze snem lub niepokojem. W poprzednich przypadkach by\u0142o to zwi\u0105zane z trudno\u015bciami walki wypoczynku.<\/p>\n<p>W zwi\u0105zku z tym, \u017ce w tej chwili wi\u0119kszo\u015b\u0107 kraj\u00f3w zakaza\u0142y i wypar\u0142y wakacje suplementy, aktywa w dzisiejszych czasach s\u0105 bardzo nietypowe. W ka\u017cdym razie, mn\u00f3stwo miejsc na \u015bwiecie, r\u00f3wnie\u017c w obecnie u\u017cywaj\u0105 proszku \u043d\u0435\u043c\u0431\u0443\u0442\u0430\u043b\u0430. Nale\u017cy jednak wiedzie\u0107, \u017ce proszek \u043d\u0435\u043c\u0431\u0443\u0442\u0430\u043b\u0430 kilka \u015bmiertelnie niebezpieczny w br\u00f3d. Tak wi\u0119c, to jest zazwyczaj u\u017cywany przez ludzi do autodestrukcji lub eutanazji. Kup online-nembutal<\/p>\n<p>Lek najbardziej komfortowo postrzegany w latach 60-tych do monitorowania braku snu. Zobacz proszek \u043d\u0435\u043c\u0431\u0443\u0442\u0430\u043b\u0430 w dzisiejszym \u015bwiecie nie jest tak proste, jak kiedy\u015b. Wi\u0119kszo\u015b\u0107 lek\u00f3w produkowanych na ca\u0142ym \u015bwiecie w zaplanowanych krajach, s\u0105 u\u017cywane do produkcji masowej w proszku \u043d\u0435\u043c\u0431\u0443\u0442\u0430\u043b\u0430. W sumie, staro\u015b\u0107 znacznie spad\u0142a, g\u0142\u00f3wnie dlatego, \u017ce inne narkotyczne i \u0438\u043d\u0442\u043e\u043a\u0441\u0438\u043a\u0430\u0446\u0438\u043e\u043d\u043d\u044b\u0435 leki, przepisane przez lekarza, z mniejsz\u0105 ilo\u015bci\u0105 dzia\u0142a\u0144 niepo\u017c\u0105danych zast\u0105pi\u0142y proszek \u043d\u0435\u043c\u0431\u0443\u0442\u0430\u043b\u0430. Kup online-nembutal<\/p>\n<h3>KUPI\u0106-NEMBUTAL ONLINE EUROPA:<\/h3>\n<p>Specjali\u015bci-terapeuci ponadto, jest on stosowany w leczeniu napad\u00f3w padaczkowych i dla r\u00f3\u017cnych cel\u00f3w, nie zapisanych tutaj. Jednoczesne przyjmowanie preparat\u00f3w kwasu barbiturowego wraz z innymi \u043e\u0447\u0430\u0433\u043e\u0432\u044b\u043c\u0438 leki od depresji, powoduje niepok\u00f3j, nale\u017cy stosowa\u0107 z ostro\u017cno\u015bci\u0105, poniewa\u017c jednoczesne stosowanie mo\u017ce powodowa\u0107 nadmierne ilo\u015bci \u015brodk\u00f3w uspokajaj\u0105cych, letarg, a w ekstremalnych sytuacjach - stan transu i \u015bmier\u0107 ludzi. Kup online-nembutal<\/p>\n<p>Proszek \u043d\u0435\u043c\u0431\u0443\u0442\u0430\u043b\u0430 sprawia, \u017ce pocz\u0105tek wprowadzenia element\u00f3w znacznie mniej nieprawdopodobne. Musisz u\u017cy\u0107 niechemicznych \u015brodki antykoncepcyjne, takie jak prezerwatywa, przy u\u017cyciu \u043f\u0435\u043d\u0442\u043e\u0431\u0430\u0440\u0431\u0438\u0442\u0430\u043b\u0430, aby upewni\u0107 si\u0119, \u017ce nie zajdziesz w ci\u0105\u017c\u0119. Proszek \u043d\u0435\u043c\u0431\u0443\u0442\u0430\u043b\u0430 ma bia\u0142y kolor i ostry smak, co sugeruje korzystanie z przeciwnikami ustale\u0144, aby zapobiec wymioty spo\u017cycie w du\u017cych dawkach. Kup online-nembutal<\/p>\n<p>Jeste\u015bmy bardzo zaanga\u017cowani w bran\u017cy produkcji proszku \u041d\u0435\u043c\u0431\u0443\u0442\u0430\u043b\u0430 ju\u017c od kilku lat, i otrzymujemy dok\u0142adnie to, czego potrzebujesz dla klienta. Mo\u017cemy tak\u017ce taktownie dajemy r\u00f3\u017cne barbiturany wsz\u0119dzie. Kupuj\u0105c u nas proszek \u043d\u0435\u043c\u0431\u0443\u0442\u0430\u043b\u0430, stawiamy siebie ponad innych. Proszek \u043d\u0435\u043c\u0431\u0443\u0442\u0430\u043b\u0430 zawiera bia\u0142\u0105 glink\u0119 i twardy charakter, co pozwala unikn\u0105\u0107 stosowania ustale\u0144, przyczyn\u0105 wymiot\u00f3w, po wprowadzeniu do obszaru oznaczonego na \u017cyczenie wy\u017cszych wymiar\u00f3w. Kup online-nembutal<\/p>\n<h6>- NEMBUTAL DO SPRZEDA\u017bY:<\/h6>\n<p>Reach out to us at present and gain more. Trzymaj si\u0119 z dala od wszystkich koktajli, je\u015bli wzi\u0105\u0107 proszek \u041d\u0435\u043c\u0431\u0443\u0442\u0430\u043b\u0430 do leczenia, za wyj\u0105tkiem tego, \u017ce u\u017cywasz go do zako\u0144czenia swojego \u017cycia. Alkohol wzmacnia dzia\u0142anie proszku \u043d\u0435\u043c\u0431\u0443\u0442\u0430\u043b\u0430. Bra\u0107 zbyt du\u017co zazwyczaj niebezpieczne. Zdajesz sobie spraw\u0119, \u017ce mo\u017ce po\u0142kn\u0105\u0107 zbyt wiele, je\u015bli zauwa\u017cy\u0142e\u015b rozleg\u0142y obrz\u0119k, letarg lub os\u0142abienie, brak oddawanie moczu lub jego zmniejszenie w og\u00f3le, jest ospa\u0142y lub ko\u0142atanie serca, omdlenia, s\u0142abe bicie serca i senny oddech. Kup online-nembutal<\/p>\n<p>To niezawodny dodatek kwasu barbiturowego do celowego zniszczenia, zapewnia wielokrotne spokojne i bezproblemowe zako\u0144czenie istnienia praktycznie bez rozczarowa\u0144 w najmniejszym stopniu. Opr\u00f3cz tego, \u017ce jest raport o pozornie wiotkie lub \u043c\u0443\u0447\u0438\u0442\u0435\u043b\u044c\u043d\u044b\u043c\u0438 okresach przyjmowania \u043d\u0435\u043c\u0431\u0443\u0442\u0430\u043b\u0430 w rezerwach. dyscyplina, to mog\u0142o by\u0107 zwi\u0105zane z niew\u0142a\u015bciw\u0105 organizacj\u0105 odpowiedniej dawki. Kup online-nembutal<\/p>\n<p>- Nembutal proszek, suplementy kwasu barbiturowego s\u0105 unselective \u043e\u0447\u0430\u0433\u043e\u0432\u044b\u043c\u0438 \u0434\u0435\u043f\u0440\u0435\u0441\u0441\u0430\u043d\u0442\u0430\u043c\u0438, powoduje l\u0119k, kt\u00f3re w du\u017cej mierze s\u0105 u\u017cywane jako uspokajaj\u0105cych lek\u00f3w nasennych i lek\u00f3w przeciwdrgawkowych w \u0441\u0443\u0431\u0433\u0438\u043f\u043d\u043e\u0442\u0438\u0447\u0435\u0441\u043a\u0438\u0445 dawkach. Proszek \u041d\u0435\u043c\u0431\u0443\u0442\u0430\u043b\u0430 jest przeznaczony do tworzenia i kszta\u0142towania nawyk\u00f3w i nale\u017cy go stosowa\u0107 tylko tym, kt\u00f3rzy maj\u0105 lekarstwo. Niezale\u017cnie od tego, czy jeste\u015b genialny nowy lub ewentualnie sta\u0142ym klientem, zbudowali ciebie w kolejce. Kup online-nembutal<\/p>\n<h5>KUPI\u0106-NEMBUTAL ONLINE Niemcy :<\/h5>\n<p>Dla niewyszukany klient\u00f3w, kt\u00f3rzy nie s\u0105 \u015bwiadomi barbituranach, mamy zatrudnia do\u015bwiadczonych i wykwalifikowanych przedstawicieli, kt\u00f3rzy pomog\u0105 ci upora\u0107 si\u0119 z ca\u0142\u0105 strategi\u0105 zakupu i stosowania lek\u00f3w r\u0119cznie. Je\u015bli masz dodatki do autodestrukcji w \u017celatynowych pojemnikach, nale\u017cy od\u0142\u0105czy\u0107 ka\u017cdy z nich. G\u0142\u00f3wne wyja\u015bnienie polega na tym, aby przyspieszy\u0107 ich asymilacj\u0119, my\u015bl\u0105c, \u017ce musz\u0105 zapobiec ich wzajemne rozwarstwienie jako cz\u0119\u015b\u0107 ich brzucha. Kup online-nembutal<\/p>\n<p>Oto wiele ankiet os\u00f3b, kt\u00f3re uzyska\u0142y doch\u00f3d z zakup\u00f3w. proszek \u043d\u0435\u043c\u0431\u0443\u0442\u0430\u043b\u0430 i inni ludzie, u kt\u00f3rych go nie ma. W ostatnich latach, w wyniku rozszerzenia liczby os\u00f3b zainteresowanych kupnem proszku \u043d\u0435\u043c\u0431\u0443\u0442\u0430\u043b\u0430 z Meksyku, specjali\u015bci ustalili swoje zalecenia, zgodnie z kt\u00f3rym w Meksyku b\u0119dzie trudniej kupi\u0107 proszek \u043d\u0435\u043c\u0431\u0443\u0442\u0430\u043b\u0430. Kup online-nembutal<\/p>\n<p>Zazwyczaj nale\u017cy upewni\u0107 si\u0119, \u017ce w pokoju jest tylko jeden kochanek lub jeden cz\u0142owiek, kt\u00f3ry mo\u017ce zachowa\u0107 ostro\u017cno\u015b\u0107. autorytet nie mo\u017ce odej\u015b\u0107 w ci\u0105gu kilku godzin, je\u015bli s\u0105 zak\u0142\u00f3cenia, kt\u00f3re potencjalnie mog\u0105 doprowadzi\u0107 do tego, \u017ce bomba b\u0119dzie d\u0105\u017cy\u0107 do autodestrukcji. Wed\u0142ug bada\u0144 przeprowadzonych na gatunki, uwa\u017ca si\u0119, \u017ce okno s\u0142abo\u015b\u0107 do tych odmian otwiera si\u0119 w ci\u0105gu trzeciego trymestru wzrostu, w ci\u0105gu kt\u00f3rego znaczn\u0105 ilo\u015b\u0107 zaczyna si\u0119 d\u0142ugi okres \u017cycia, ale mo\u017ce trwa\u0107 nawet do trzydziestu lat. wystarczaj\u0105co doros\u0142y u ludzi. Kup online-nembutal<\/p>\n<p>Fenobarbital proszek nadal jest wskazany w celu skr\u00f3cenia okresu p\u00f3\u0142trwania doksycykliny w ci\u0105gu dw\u00f3ch miesi\u0119cy po zako\u0144czeniu leczenia barbiturany. Struktura ta jest najprawdopodobniej uwarunkowana przyj\u0119ciem mikrosomalnych po\u0142\u0105cze\u0144 w\u0105troby, kt\u00f3re przetwarzaj\u0105 antimicrpobial. Poniewa\u017c by\u0142o naprawd\u0119 \u0142atwo bra\u0107 zbyt du\u017co proszku \u043d\u0435\u043c\u0431\u0443\u0442\u0430\u043b\u0430 (przypadkowego lub \u015bwiadomego), praktycznie przez ca\u0142y zabezpieczyli ze sprzeda\u017cy i zast\u0105piony przez bardziej bezpieczne \u015brodki nasenne. Kup online-nembutal<\/p>\n<h4>- NEMBUTAL DO SPRZEDA\u017bY W INTERNECIE:<\/h4>\n<p>Proszek \u043d\u0435\u043c\u0431\u0443\u0442\u0430\u043b\u0430 zosta\u0142 wykluczony z australijskiego zalecanego planu w 1998 roku. W \u017cadnym wypadku nie mo\u017cna przekaza\u0107 narkotyk\u00f3w innym osobom, szczeg\u00f3lnie tym, kt\u00f3rzy w historii by\u0142o nadu\u017cywanie substancji lub zale\u017cno\u015b\u0107. Mimo to lek nadal w wi\u0119kszo\u015bci jest dopuszczony do eutanazji \u017cywych istot w wielu krajach na ca\u0142ym \u015bwiecie. Kup online-nembutal<\/p>\n<p>W jednostkach badawczych lek stosowany wy\u0142\u0105cznie w celu terapeutycznego leczenia, na przyk\u0142ad, dla uspokojenia i ukojenia. Proszek \u043d\u0435\u043c\u0431\u0443\u0442\u0430\u043b\u0430 mo\u017ce by\u0107 przydatny do tworzenia i kszta\u0142towania nawyk\u00f3w, a tak\u017ce dla os\u00f3b indywidualnych, i \u017caden \u015brodek nie mo\u017ce go uzyska\u0107. W ten spos\u00f3b, u\u017cytkownik nie powinien przesy\u0142a\u0107 proszek \u041d\u0435\u043c\u0431\u0443\u0442\u0430\u043b\u0430 innych, zw\u0142aszcza, je\u015bli masz jakie\u015b sugestie na temat nadu\u017cywania narkotyk\u00f3w. Wszystkie suplementy z kwas barbiturowy maj\u0105 nieprzyjemne skutki uboczne. Kup online-nembutal<\/p>\n<p>Niekt\u00f3re mog\u0105 by\u0107 \u0142agodne, podczas gdy inne mog\u0105 by\u0107 krytyczne. Prawdopodobnie najbardziej szeroki i szeroki efekt barbiturany - to sk\u0142onno\u015b\u0107. W przypadku, je\u015bli przestaniesz bra\u0107 proszek \u041d\u0435\u043c\u0431\u0443\u0442\u0430\u043b\u0430 przez d\u0142u\u017cszy czas, mo\u017cna z ca\u0142\u0105 pewno\u015bci\u0105 mo\u017cna bezpiecznie pozby\u0107 si\u0119 oznak i objaw\u00f3w odstawienia ka\u017cdym razem, gdy przestanie przyjmowanie tego leku. Otrzymasz fachow\u0105 klinicznego pomoc w strasznym kryzysie na podstawie tego, co ci szcz\u0119\u015bcie, \u017ce ty bierzesz, \u017ce masz niew\u0142a\u015bciwe \u015brodek tych lek\u00f3w. Kup online-nembutal<\/p>\n<h5>artyku\u0142:<\/h5>\n<p>Przyjmowanie zbyt du\u017cej ilo\u015bci proszku \u043d\u0435\u043c\u0431\u0443\u0442\u0430\u043b\u0430 mo\u017ce by\u0107 niezwyk\u0142y. Zdajesz sobie spraw\u0119, \u017ce mo\u017ce po\u0142kn\u0105\u0107 zbyt wiele, je\u015bli zauwa\u017cy\u0142e\u015b d\u0142ugotrwa\u0142e badania, md\u0142a lub bezsilny nachylenie, niedostateczne wydalanie moczu lub znacznie mniejsz\u0105 jego ilo\u015b\u0107, senno\u015b\u0107 lub ko\u0142atanie serca, omdlenia, s\u0142abe bicie serca, i powolne oddychanie. Kup online-nembutal<\/p>\n<p>&nbsp;<\/p>","protected":false},"excerpt":{"rendered":"<p>NEMBUTAL ONLINE KAUFEN Hier und da, Buy Nembutal Online innerhalb von 24 Stunden in den USA. Nembutal Powder ist Design Framing und gewohnheitsbildende und nur Menschen mit einer L\u00f6sung sollte wirklich nutzen es. Die Medikation sollte kaum an irgendeinem Punkt zu den zahlreichen anderen besonders Einzelpersonen vermittelt werden, indem man eine Legacy der handhabenden Medikationen oder der Neigung verwendet. Bis jetzt war dieser Spezialist ber\u00fchmt, weil es unglaublich fruchtbar bei der Bew\u00e4ltigung von Ruheproblemen oder Angstzust\u00e4nden war. Bei vergangenen Gelegenheiten wurde es mit Kampf Rest N\u00f6te bekannt. Aufgrund der Realit\u00e4t dann, an diesem Punkt, die meisten L\u00e4nder haben verboten und\u2026<\/p>","protected":false},"featured_media":1678,"comment_status":"open","ping_status":"closed","template":"","meta":{"content-type":""},"product_brand":[],"product_cat":[163],"product_tag":[],"class_list":{"0":"post-1659","1":"product","2":"type-product","3":"status-publish","4":"has-post-thumbnail","6":"product_cat-forschung-chemikalien","8":"first","9":"instock","10":"shipping-taxable","11":"purchasable","12":"product-type-variable"},"_links":{"self":[{"href":"https:\/\/kokaindrogekaufen.com\/pl\/wp-json\/wp\/v2\/product\/1659"}],"collection":[{"href":"https:\/\/kokaindrogekaufen.com\/pl\/wp-json\/wp\/v2\/product"}],"about":[{"href":"https:\/\/kokaindrogekaufen.com\/pl\/wp-json\/wp\/v2\/types\/product"}],"replies":[{"embeddable":true,"href":"https:\/\/kokaindrogekaufen.com\/pl\/wp-json\/wp\/v2\/comments?post=1659"}],"wp:featuredmedia":[{"embeddable":true,"href":"https:\/\/kokaindrogekaufen.com\/pl\/wp-json\/wp\/v2\/media\/1678"}],"wp:attachment":[{"href":"https:\/\/kokaindrogekaufen.com\/pl\/wp-json\/wp\/v2\/media?parent=1659"}],"wp:term":[{"taxonomy":"product_brand","embeddable":true,"href":"https:\/\/kokaindrogekaufen.com\/pl\/wp-json\/wp\/v2\/product_brand?post=1659"},{"taxonomy":"product_cat","embeddable":true,"href":"https:\/\/kokaindrogekaufen.com\/pl\/wp-json\/wp\/v2\/product_cat?post=1659"},{"taxonomy":"product_tag","embeddable":true,"href":"https:\/\/kokaindrogekaufen.com\/pl\/wp-json\/wp\/v2\/product_tag?post=1659"}],"curies":[{"name":"wp","href":"https:\/\/api.w.org\/{rel}","templated":true}]}}