{"id":1665,"date":"2023-06-27T19:20:23","date_gmt":"2023-06-27T18:20:23","guid":{"rendered":"https:\/\/kokaindrogekaufen.com\/?post_type=product&#038;p=1665"},"modified":"2023-08-07T08:26:44","modified_gmt":"2023-08-07T07:26:44","slug":"pseudoephedrin-online-kaufen","status":"publish","type":"product","link":"https:\/\/kokaindrogekaufen.com\/pl\/product\/pseudoephedrin-online-kaufen\/","title":{"rendered":"KUPI\u0106 PSEUDOEFEDRYN\u0118 ONLINE"},"content":{"rendered":"<h2>KUPI\u0106 PSEUDOEFEDRYN\u0118 ONLINE<\/h2>\n<p>Przede wszystkim kupuj pseudoefedryn\u0119 online po bardzo niskich cenach. Pseudoefedryna HCL mo\u017ce dosta\u0107 si\u0119 do mleka i zaszkodzi\u0107 dziecku. Nie nale\u017cy u\u017cywa\u0107 pseudoefedryn\u0119 HCL bez konsultacji z lekarzem. Je\u015bli karmisz dziecko piersi\u0105. Leki na przezi\u0119bienie, zawieraj\u0105ce pseudoefedryn\u0119, s\u0105 dost\u0119pne wy\u0142\u0105cznie przy sk\u0142adaniu zam\u00f3wienia. Roztwory zawieraj\u0105ce tylko pseudoefedryn\u0119 jako odporne sk\u0142adnika aktywnego, nale\u017cy przechowywa\u0107 za lad\u0105 apteki.<\/p>\n<p>Pseudoefedryna jest r\u00f3\u017cnych marek i form. Prosz\u0119 uwa\u017cnie zapozna\u0107 si\u0119 z zaleceniami dotycz\u0105cymi dawkowania dla ka\u017cdego produktu, poniewa\u017c zawarto\u015b\u0107 pseudoefedryn\u0119 mo\u017ce r\u00f3\u017cni\u0107 si\u0119 w zale\u017cno\u015bci od produktu i roztworu. Nie nale\u017cy przyjmowa\u0107 pseudoefedryn\u0119 wi\u0119cej, ni\u017c jest zalecane. Produkty zawieraj\u0105ce pseudoefedryn\u0119 i inne leki, mog\u0105 by\u0107 przechowywane w szafach, ale sprzedawane w aptece tylko w obecno\u015bci farmaceuty.<\/p>\n<p>Ludzie musz\u0105 mie\u0107 mo\u017cliwo\u015b\u0107 okaza\u0107 dokument to\u017csamo\u015bci ze zdj\u0119ciem w celu zakupu produkt\u00f3w zawieraj\u0105cych pseudoefedryn\u0119, a liczba pseudoefedryn\u0119, kt\u00f3re mo\u017cna kupowa\u0107 co miesi\u0105c, jest zabronione. Ponadto, sklepy musz\u0105 przechowywa\u0107 pewne informacje o klientach nie mniej ni\u017c dw\u00f3ch lat. Jednak, nale\u017cy skonsultowa\u0107 si\u0119 z lekarzem.<\/p>\n<p>Je\u015bli fenylefryna nie pomaga przy objawach, mo\u017cesz spr\u00f3bowa\u0107 pseudoefedryn\u0119 przez dwie-trzy godziny po ostatniej dawce. Obawiaj\u0105c si\u0119, \u017ce wp\u0142ynie to negatywnie na legalne stosowanie leku, lobby\u015bci producent\u00f3w bez recepty lek\u00f3w pr\u00f3bowa\u0142 anulowa\u0107 prawo i w ko\u0144cu skutecznie wyeliminowa\u0107 wszystkie zwi\u0105zki chemiczne, kt\u00f3re s\u0105 dozwolone jako ostatniego produktu, zgodnie z ich polityk\u0105, w tym Sudafed. Kupi\u0107 pseudoefedryn\u0119 online<\/p>\n<h3>PSEUDOEFEDRYNA DO SPRZEDA\u017bY:<\/h3>\n<p>Nie ma \u017cadnej naukowej r\u00f3\u017cnicy w \u043f\u0440\u043e\u0442\u0438\u0432\u043e\u043e\u0442\u0435\u0447\u043d\u043e\u043c efektu. Tym nie mniej, zw\u0119\u017cenie naczy\u0144 krwiono\u015bnych wp\u0142ywa na naczynia krwiono\u015bne w zatok i nosa. Po tym, jak EPS do\u0142\u0105czy do \u017cywicy \u0443\u043c\u044f\u0433\u0447\u0438\u0442\u0435\u043b\u044f wody, mo\u017cna go umy\u0107 ka\u017cdy mieszanin\u0105 rozpuszczalnik\u00f3w, jak\u0105 tylko mo\u017cna sobie wyobrazi\u0107, pod warunkiem, \u017ce jony nie stanowi\u0105 du\u017cej cz\u0119\u015bci wody. rozpuszczalnik. Kupi\u0107 pseudoefedryn\u0119 online<\/p>\n<p>Pseudoefedryna - to \u0434\u0438\u0430\u0441\u0442\u0435\u0440\u0435\u043e\u043c\u0435\u0440 efedryny, kt\u00f3ry mo\u017cna \u0142atwo przywr\u00f3ci\u0107 do metamfetaminy lub \u043e\u043a\u0438\u0441\u043b\u0438\u0442\u044c do \u043c\u0435\u0442\u043a\u0430\u0442\u0438\u043d\u043e\u043d\u0430. P\u0142ukanie wod\u0105 destylowan\u0105, a nast\u0119pnie metanolem, a nast\u0119pnie wod\u0105 destylowan\u0105 zawsze okazywa\u0142o si\u0119 skuteczne. \u017bywica powinna wygl\u0105da\u0107 mniej wi\u0119cej tak. Lek jest zazwyczaj pomaga przy zatkanie nosa, spowodowane alergi\u0105 lub typowy katar. Kupi\u0107 pseudoefedryn\u0119 online<\/p>\n<p>Pseudoefedryn\u0119 mo\u017cna r\u00f3wnie\u017c stosowa\u0107 w leczeniu zatkanie zatok i skr\u0119powania. Pseudoefedryna dzia\u0142a, stymuluje alfa receptory adrenergiczne b\u0142ony \u015bluzowej nosa i zatok, powoduj\u0105c zw\u0119\u017cenie naczy\u0144 krwiono\u015bnych, co znacznie zmniejsza odp\u0142yw p\u0142ynu z naczy\u0144 krwiono\u015bnych i zmniejsza stan zapalny. Kupi\u0107 pseudoefedryn\u0119 online<\/p>\n<p>Pseudoefedryna HCL mo\u017ce dosta\u0107 si\u0119 do mleka i zaszkodzi\u0107 dziecku. Nie nale\u017cy u\u017cywa\u0107 pseudoefedryn\u0119 HCL bez konsultacji z lekarzem. Je\u015bli karmisz dziecko piersi\u0105. To pomaga z\u0142agodzi\u0107 przekrwienie b\u0142ony \u015bluzowej nosa i zatok. Te leki na recept\u0119, s\u0105 r\u00f3wnie\u017c \u043e\u0442\u0435\u0447\u043d\u044b\u043c\u0438 \u015brodki do nosa. S\u0105 one u\u017cywane na kr\u00f3tki czas do usuwania zator\u00f3w i ci\u015bnienia zatok i nosa uderzeniach z powodu przezi\u0119bienia, katar sienny lub innych objaw\u00f3w alergii. Kupi\u0107 pseudoefedryn\u0119 online<\/p>\n<h4>KUPI\u0106 PSEUDOEFEDRYN\u0118 ONLINE W USA:<\/h4>\n<p>Sp\u00f3jrz na to por\u00f3wnanie pseudoefedryn\u0119 i fenylefryna, aby ci by\u0142o \u0142atwiej oddycha\u0107. Te leki na recept\u0119, s\u0105 r\u00f3wnie\u017c \u043e\u0442\u0435\u0447\u043d\u044b\u043c\u0438 \u015brodki do nosa. S\u0105 one u\u017cywane przez kr\u00f3tki okres czasu, aby z\u0142agodzi\u0107 przekrwienie zatok i nosa, spowodowane przez przezi\u0119bienie, katar sienny lub innymi objawami alergii. Kupi\u0107 pseudoefedryn\u0119 online<\/p>\n<p>Chocia\u017c zawiera pseudoefedryn\u0119 jako naturalnego alkaloidu w niekt\u00f3rych gatunkach ro\u015blin (na przyk\u0142ad, w sk\u0142adzie ekstrakty gatunk\u00f3w efedryny, znanych jak Ma Juan, gdzie spotyka si\u0119 razem z innymi \u0438\u0437\u043e\u043c\u0435\u0440\u0430\u043c\u0438 efedryny), zdecydowana wi\u0119kszo\u015b\u0107 pseudoefedryn\u0119, produkowanego do cel\u00f3w przemys\u0142owych, wytwarzany przez dro\u017cd\u017ce fermentacji glukozy w obecno\u015bci aldehydu. Kupi\u0107 pseudoefedryn\u0119 online<\/p>\n<p>Wyspecjalizowane szczepy dro\u017cd\u017cy (zwykle Candida lub Saccharomyces cerevisiae) s\u0105 umieszczone w du\u017cych naczy\u0144 zawieraj\u0105cych wod\u0119 pitn\u0105, cukru gronowego i enzym \u043f\u0438\u0440\u0443\u0432\u0430\u0442\u0434\u0435\u043a\u0430\u0440\u0431\u043e\u043a\u0441\u0438\u043b\u0430\u0437\u0443. Proszek pseudoefedryn\u0119 Hcl jest stosowany do kr\u00f3tkotrwa\u0142ego leczenia objaw\u00f3w astmy, takich jak \u015bwiszcz\u0105cy oddech, ucisk w g\u00f3rnej cz\u0119\u015bci cia\u0142a i \u015bwiszcz\u0105cy oddech. Kupi\u0107 pseudoefedryn\u0119 online<\/p>\n<h5>KUPI\u0106 PSEUDOEFEDRYN\u0118 ONLINE W AUSTRALII:<\/h5>\n<p>Pseudoefedryna z mlekiem. Przed karmieniem piersi\u0105 om\u00f3wi\u0107 ryzyko i korzy\u015bci z lekarzem. Efedryna mo\u017ce by\u0107 przydatny w przypadku innych chor\u00f3b, jak zauwa\u017ca lekarz. Proszek efedryny wcze\u015bniej by\u0142 u\u017cywany do leczenia chor\u00f3b uk\u0142adu oddechowego, astmy i obrz\u0119k \/ uczucie zatkania nosa z powodu przezi\u0119bienia lub alergii. Kupi\u0107 pseudoefedryn\u0119 online<\/p>\n<p>Proszek pseudoefedryn\u0119 - lek, lek bez recepty dla u\u0142atwienia \u015bwiszcz\u0105cy oddech, kt\u00f3ry mo\u017cna kupi\u0107 w Stanach Zjednoczonych za po\u015brednictwem naszej strony internetowej. Maksymalnie 25 mg efedryny HCL trzy razy dziennie jest zalecane dla skutecznej utraty t\u0142uszczu. Wy\u017csze dawki nie jest zalecane, poniewa\u017c nie jest lepiej. Kupi\u0107 pseudoefedryn\u0119 online<\/p>\n<p>Spalanie t\u0142uszczu wymaga punktowego oddzia\u0142ywania lub mo\u017ce spowodowa\u0107 pewne nieprzyjemne skutki uboczne. Korzystanie z pseudoefedryn\u0119 HCL ma szeroki zakres efekt\u00f3w leczniczych. Najcz\u0119\u015bciej stosuje si\u0119 go jako bronchodilator w leczeniu objaw\u00f3w astmy, takich jak duszno\u015b\u0107, \u015bwiszcz\u0105cy oddech, kaszel i ucisk w klatce piersiowej. On tak\u017ce z r\u00f3\u017cnym skutkiem by\u0142 u\u017cywany do leczenia niedoci\u015bnienie i zatkanego. Kupi\u0107 pseudoefedryn\u0119 online<\/p>\n<p>okres przyjmowania mo\u017ce by\u0107 przed\u0142u\u017cony maksymalnie do dwunastu miesi\u0119cy zgodnie z t\u0105 propozycj\u0105; w przeciwnym razie d\u0142ugotrwa\u0142e stosowanie mo\u017ce mie\u0107 negatywne skutki. Chocia\u017c pseudoefedryn\u0119 HCL nie jest d\u0142ugoterminowym rozwi\u0105zaniem dla utraty wagi, jest idealnym miejscem, aby rozpocz\u0105\u0107 program dietetyczny, kiedy jeste\u015b bardzo g\u0142odny. Kultury\u015bci u\u017cywaj\u0105 efedryna HCL jako \u043f\u0440\u0435\u0434\u043a\u043e\u043d\u043a\u0443\u0440\u0441\u043d\u043e\u0439 diety za oko\u0142o 6-8 miesi\u0119cy do zawod\u00f3w, wi\u0119c pseudoefedryn\u0119 HCL jest na sprzeda\u017c. Kupi\u0107 pseudoefedryn\u0119 online<\/p>\n<h4>KUPI\u0106 PROSZEK PSEUDOEFEDRYN\u0118 ONLINE:<\/h4>\n<p>Pseudoefedryna nale\u017cy do klasy lek\u00f3w na recept\u0119, znanych jako do nosa obkurczaj\u0105ce naczynia. Leki te os\u0142abiaj\u0105 mi\u0119\u015bnie dr\u00f3g oddechowych i jamy nosowej, co pozwala kr\u0105\u017cy\u0107 wi\u0119kszej ilo\u015bci powietrza. Nie zaleca si\u0119 przyjmowa\u0107 dawki wi\u0119kszej ni\u017c zalecana, zw\u0142aszcza dla kobiet, poniewa\u017c to sprawia, \u017ce dodatek bardziej nie do zniesienia ni\u017c dla m\u0119\u017cczyzn. Dla pseudoefedryn\u0119 Hcl i innych markowych lek\u00f3w jest zwykle u\u017cywany odpowiednik generyczny, kt\u00f3ry jest znacznie ta\u0144szy. Kupi\u0107 pseudoefedryn\u0119 online<\/p>\n<p>Proszek pseudoefedryn\u0119 Hcl, najprawdopodobniej, jest jednym z czterech sk\u0142adnik\u00f3w energetycznych zio\u0142owym. Mo\u017ce to spowodowa\u0107 utrat\u0119 t\u0142uszczu poprzez zwi\u0119kszenie ilo\u015bci t\u0142uszczu, zaznaczonego na benzyn\u0119, a tak\u017ce wzrost zu\u017cycia ciep\u0142a. Zwi\u0105zane to by\u0142o ze wzrostem pr\u0119dko\u015bci metabolizmu u os\u00f3b do 5%. Do usuwania zatkanego pseudoefedryn\u0119 - to bezpieczny i skuteczny sk\u0142adnik aktywny, kt\u00f3ry zawiera w wi\u0119kszo\u015bci lek\u00f3w na przezi\u0119bienie, alergie i zatok.<\/p>\n<p>Chocia\u017c leki te corocznie bior\u0105 ponad osiemna\u015bcie milion\u00f3w ameryka\u0144skich rodzin, PSE mo\u017ce by\u0107 r\u00f3wnie\u017c stosowany w przypadku nielegalnego produkcji metamfetaminy. Na S\u0142o\u0144ce pseudoefedryn\u0119 HCl stanowi syntetyczn\u0105 wersj\u0119 efedryny. Znowu, ekstrakt z efedryna i alkaloidy efedryny jest naturalnie wytwarzane przez ro\u015bliny, podczas gdy efedryna HCl jest wytwarzany w laboratorium. Kupi\u0107 pseudoefedryn\u0119 online<\/p>\n<h4>wi\u0119cej:<\/h4>\n<p>Nie m\u00f3wi\u0105c ju\u017c o tym, \u017ce pseudoefedryn\u0119 HCL ma wiele zastosowa\u0144 medycznych. Pseudoefedryn\u0119, znany r\u00f3wnie\u017c jako pseudoefedryn\u0119 chlorowodorek, jest anty-\u015brodkiem, kt\u00f3ry oczyszcza nos i zatoki nosa podczas przezi\u0119bienia lub uczucie zatkania nosa. Kupi\u0107 pseudoefedryn\u0119 online<\/p>\n<p>Je\u015bli masz alergi\u0119 na pseudoefedryn\u0119, poinformuj o tym swojego lekarza lub farmaceut\u0119, zanim b\u0119dzie mo\u017cna go u\u017cywa\u0107. Je\u015bli masz inne alergie, prosimy o poinformowanie nas o tym. dodatkowe informacje Skontaktuj si\u0119 z lekarzem, je\u015bli masz ju\u017c by\u0142y reakcje niepo\u017c\u0105dane na inne sympatykomimetyki (w tym efedryna i fenylefryna). Twoja dawka zale\u017cy od wieku, stanu zdrowia i reakcji na zabieg. Kupi\u0107 pseudoefedryn\u0119 online<\/p>\n<p>Nie nale\u017cy zwi\u0119ksza\u0107 dawki, nie nale\u017cy przyjmowa\u0107 tego leku cz\u0119\u015bciej ni\u017c z zaleceniami. Nie nale\u017cy przyjmowa\u0107 wi\u0119cej leku ni\u017c zalecane dla swojego wieku. Pseudoefedryna jest stosowany w leczeniu objaw\u00f3w astmy, takich jak \u015bwiszcz\u0105cy oddech, ucisk w klatce piersiowej, duszno\u015b\u0107 i \u015bwiszcz\u0105cy oddech.<\/p>","protected":false},"excerpt":{"rendered":"<p>PSEUDOEPHEDRIN ONLINE KAUFEN In erster Linie kaufen Pseudoephedrin Online zu sehr niedrigen Preisen. Pseudoephedrin HCL kann in die Muttermilch \u00fcbergehen und dem Baby schaden. Verwenden Sie Pseudoephedrin HCL nicht ohne vorherige R\u00fccksprache mit Ihrem Arzt. Wenn Sie ein Kind stillen. Erk\u00e4ltungsmittel, die Pseudoephedrin enthalten, sind nur an der Kasse erh\u00e4ltlich. L\u00f6sungen, die nur Pseudoephedrin als arzneilich wirksamen Bestandteil enthalten, sollten hinter dem Apothekentresen aufbewahrt werden. Pseudoephedrin gibt es in einer Vielzahl von Marken und Formen. Bitte lesen Sie die Dosierungsempfehlungen f\u00fcr jedes Produkt sorgf\u00e4ltig durch, da der Pseudoephedrin-Gehalt je nach Produkt und L\u00f6sung unterschiedlich sein kann. Nehmen Sie nicht mehr\u2026<\/p>","protected":false},"featured_media":1679,"comment_status":"open","ping_status":"closed","template":"","meta":{"content-type":""},"product_brand":[],"product_cat":[163],"product_tag":[],"class_list":{"0":"post-1665","1":"product","2":"type-product","3":"status-publish","4":"has-post-thumbnail","6":"product_cat-forschung-chemikalien","8":"first","9":"instock","10":"shipping-taxable","11":"purchasable","12":"product-type-variable"},"_links":{"self":[{"href":"https:\/\/kokaindrogekaufen.com\/pl\/wp-json\/wp\/v2\/product\/1665"}],"collection":[{"href":"https:\/\/kokaindrogekaufen.com\/pl\/wp-json\/wp\/v2\/product"}],"about":[{"href":"https:\/\/kokaindrogekaufen.com\/pl\/wp-json\/wp\/v2\/types\/product"}],"replies":[{"embeddable":true,"href":"https:\/\/kokaindrogekaufen.com\/pl\/wp-json\/wp\/v2\/comments?post=1665"}],"wp:featuredmedia":[{"embeddable":true,"href":"https:\/\/kokaindrogekaufen.com\/pl\/wp-json\/wp\/v2\/media\/1679"}],"wp:attachment":[{"href":"https:\/\/kokaindrogekaufen.com\/pl\/wp-json\/wp\/v2\/media?parent=1665"}],"wp:term":[{"taxonomy":"product_brand","embeddable":true,"href":"https:\/\/kokaindrogekaufen.com\/pl\/wp-json\/wp\/v2\/product_brand?post=1665"},{"taxonomy":"product_cat","embeddable":true,"href":"https:\/\/kokaindrogekaufen.com\/pl\/wp-json\/wp\/v2\/product_cat?post=1665"},{"taxonomy":"product_tag","embeddable":true,"href":"https:\/\/kokaindrogekaufen.com\/pl\/wp-json\/wp\/v2\/product_tag?post=1665"}],"curies":[{"name":"wp","href":"https:\/\/api.w.org\/{rel}","templated":true}]}}