{"id":1671,"date":"2023-06-27T19:20:24","date_gmt":"2023-06-27T18:20:24","guid":{"rendered":"https:\/\/kokaindrogekaufen.com\/?post_type=product&#038;p=1671"},"modified":"2023-08-07T08:26:22","modified_gmt":"2023-08-07T07:26:22","slug":"thc-vape-saft-online-kaufen","status":"publish","type":"product","link":"https:\/\/kokaindrogekaufen.com\/pl\/product\/thc-vape-saft-online-kaufen\/","title":{"rendered":"KUPI\u0106 \u0412\u0415\u0419\u041f-SOK THC ONLINE"},"content":{"rendered":"<h2>KUPI\u0106 \u0412\u0415\u0419\u041f-SOK THC ONLINE<\/h2>\n<p>Natychmiast Kupi\u0107 THC \u0412\u0435\u0439\u043f sok online w ci\u0105gu 24 godzin. THC \u0412\u0435\u0439\u043f sok mo\u017ce mie\u0107 d\u0142u\u017cszy okres regularnego \u017cycia, je\u015bli go usun\u0105\u0107 op\u0142acalne. Najmniej skomplikowane podej\u015bcie do sprzeda\u017cy detalicznej lokalizacja twojego THC \u0412\u0435\u0439\u043f sok powinien by\u0107 schowany w szklanej komorze, je\u015bli to mo\u017cliwe, w mutnyj stanie. Zbyt wra\u017cliwa otwarto\u015b\u0107 mo\u017ce uszkodzi\u0107 lub zniszczy\u0107 obs\u0142uguj\u0105ce mieszaniny zawarte w soku THC vape. Vape Squeeze wcze\u015bniej pojawia\u0142 si\u0119 na scenie, gdy e-papierosy by\u0142y zapakowane, dop\u00f3ki nie sta\u0142y si\u0119 znane jako zamienniki ci\u0105g\u0142ych papieros\u00f3w.<\/p>\n<p>Do tego ludzie, kt\u00f3rzy znaj\u0105 si\u0119 na rzeczy, zazwyczaj u\u017cywaj\u0105 terminu &#034;\u0432\u0435\u0439\u043f-sok&#034;. Istnieje nie tylko \u0432\u0435\u0439\u043f-sok z THC, ale, jak ju\u017c widzieli\u015bmy, istnieje szeroki zakres mo\u017cliwych wynik\u00f3w, kt\u00f3re mog\u0105 by\u0107 interesuj\u0105ce. \u0412\u0435\u0439\u043f-sok THC mo\u017cna znale\u017a\u0107 w Internecie na witrynach sklepowych i w legalnych aptekach na terenie ca\u0142ego kraju. Dobre zaopatrzenie w ci\u0105gu pewnego czasu zosta\u0142 poddany niezale\u017cnym testom dwoma \u0142\u00f3\u017ckami, dobrze \u0437\u0430\u0440\u0435\u043a\u043e\u043c\u0435\u043d\u0434\u043e\u0432\u0430\u0432\u0448\u0438\u043c\u0438 si\u0119 laboratoriami, aby potwierdzi\u0107 jego doskona\u0142a jako\u015b\u0107, dok\u0142adno\u015b\u0107, dane o pestycydach, kluczowych metalowych elementach i rozpuszczalnikach.<\/p>\n<p>B\u0119dziesz szcz\u0119\u015bliwy u\u015bwiadomi\u0107 sobie, \u017ce ulga rozpuszczalny, \u015brodki do zwalczania szkodnik\u00f3w i stali w celu ochrony krytycznych oddzia\u0142ywa\u0144 nie wymaga nak\u0142ad\u00f3w. Prostota jest jednym z najlepszych dost\u0119pnych, i zazwyczaj regularnie dodajemy zapas do zaspokojenia potrzeb. Rozwa\u017c to: dodawanie terpen\u00f3w lub innych daje znacznie mniej energii w og\u00f3le. Mamy tendencj\u0119 do trzyma\u0107 si\u0119 ich w wi\u0119kszo\u015bci przypadk\u00f3w, ale niekt\u00f3re mog\u0105 wymaga\u0107 znacznie wi\u0119cej charakteru.<\/p>\n<h3>\u0412\u0415\u0419\u041f-SOK THC DO SPRZEDA\u017bY:<\/h3>\n<p>\u041b\u0438\u043a\u0432\u0438\u0437 opr\u00f3cz tego, \u017ce s\u0105 one doskona\u0142ym produktem dla os\u00f3b, kt\u00f3re nie nadaj\u0105 si\u0119 do normalnego \u0434\u0438\u0441\u0442\u0438\u043b\u043b\u044f\u0442\u0443. Dla tych, kt\u00f3rzy maj\u0105, zwyk\u0142y \u0434\u0438\u0441\u0442\u0438\u043b\u043b\u044f\u0442 b\u0119dzie regularnie znacznie poprawi\u0107. W ka\u017cdym razie, opowiemy o podstawach gotowania elektronicznego soku w domowych warunkach, bez odpowiedniego przygotowania i o tym, jak poprawnie przygotowa\u0107 - dla najm\u0142odszych z was. Thc Vape Juice online kaufen<\/p>\n<p>Aby cieszy\u0107 si\u0119 \u0432\u0435\u0439\u043f\u0438\u043d\u0433\u043e\u043c, nale\u017cy znale\u017a\u0107 sklep internetowy lub nawet sklep w twojej okolicy, kt\u00f3ry zapewni odpowiedni\u0105 promocj\u0119. Baczn\u0105 dostaw\u0119 do domu mo\u017cna zapewni\u0107 za pomoc\u0105 kilku sklep\u00f3w internetowych \u0432\u0435\u0439\u043f\u043e\u0432; nie trzeba minimalizowa\u0107 ilo\u015b\u0107 \u0432\u0435\u0439\u043f\u043e\u0432, tak jak zauwa\u017cysz \u0432\u0435\u0439\u043f-sok z THC. W ten spos\u00f3b mog\u0105 by\u0107 puste szklane pojemniki do kropl\u00f3wek lub plastikowe butelki-jednoro\u017cce z os\u0142onami, kt\u00f3re chroni\u0105 od dzieci. Thc Vape Juice online kaufen<\/p>\n<p>Najprawdopodobniej trzeba lateksowe r\u0119kawice, aby chroni\u0107 d\u0142onie. B\u0119dziesz tak\u017ce potrzebowa\u0107 szorstkie mentalne ig\u0142y do dok\u0142adnej oceny, cho\u0107 mo\u017cna u\u017cy\u0107 metody liczenia kropel, je\u015bli chcesz. Niesamowite po\u0142\u0105czenie zwyk\u0142ych komponent\u00f3w i koncentrat\u00f3w, kt\u00f3re \u0142\u0105cz\u0105 si\u0119 ze sob\u0105, aby poprawi\u0107 swoje do\u015bwiadczenie w pracy z \u0432\u0435\u0439\u043f\u0438\u043d\u0433\u043e\u043c dla wszystkich. Nie zawiera on \u017cadnego ilo\u015bci glikolu propylenowego, alkoholu, sztucznych aromat\u00f3w, \u0434\u0438\u0430\u0446\u0435\u0442\u0438\u043b\u0430 lub \u0430\u0446\u0435\u0442\u0438\u043b\u043f\u0440\u043e\u043f\u0430\u043d\u043e\u043b\u0430 i nie zawiera \u017cadnych rozcie\u0144czalnik\u00f3w. Thc Vape Juice online kaufen<\/p>\n<h4>THC VAPE JUICE ONLINE KAUFEN EUROPA:<\/h4>\n<p>Zasadno\u015b\u0107 przyjmowania THC E-Squeeze w zasadzie kontrolowane miejscem, w kt\u00f3rym mieszkasz. W przypadku, je\u015bli mieszkasz w warunkach dopuszczonych do wypoczynku w \u041c\u044d\u0440\u0438\u0434\u0436\u0430\u043d\u0435, takich jak Kolorado, Kalifornia, Washington Oregon, nie b\u0119dziesz mie\u0107 problem\u00f3w ze znalezieniem legalnego soku THC Vape w najbli\u017cszej aptece. \u0412\u0435\u0439\u043f-olej THC mo\u017ce by\u0107 ciek\u0142ej hot spot konopi, sk\u0142adaj\u0105cy si\u0119 z flawonoidy, terpeny i kannabinoid\u00f3w, kt\u00f3re w ko\u0144cu s\u0105 usuwane z nowoczesnych nerek \u041c\u044d\u0440\u0438\u0434\u0436\u0430\u043d\u0430. Thc Vape Juice online kaufen<\/p>\n<p>Plan ekstrakcji obejmuje u\u017cywanie alkoholu lub dwutlenku w\u0119gla, w wyniku czego uzyskuje si\u0119 sta\u0142y produkt, kt\u00f3ry mo\u017cna umie\u015bci\u0107 w parownik. Istniej\u0105 nawet \u0432\u0435\u0439\u043f-soki wzbogacone konopi, kt\u00f3re nie zawieraj\u0105 THC lub CBD, kt\u00f3re mo\u017cna uzyska\u0107, aby pom\u00f3c w produkcji \u0432\u0435\u0439\u043f-oleju THC, kt\u00f3ry nast\u0119pnie, w tej chwili, hipotetycznie, naprawd\u0119, naprawd\u0119 mo\u017ce wygl\u0105da\u0107 jak trawa, je\u015bli go \u0432\u044b\u043f\u0430\u0440\u0438\u0442\u0435. W przeciwnym razie mo\u017cna wybra\u0107 inny zapach p\u0142ynu do e-papieros\u00f3w, np. wanilii lub \u043a\u043e\u0440\u0438\u0447\u043d\u0443\u044e z cytryny, lub jagody, do tworzenia p\u0142yny do e-papieros\u00f3w - mo\u017cna odkry\u0107 wiele opcji smaku dla \u0432\u0435\u0439\u043f-sok\u00f3w, takich jak praktycznie ka\u017cdy mo\u017cliwy smak. Kupi\u0107 \u0432\u0435\u0439\u043f-sok Thc online<\/p>\n<p>\u0412\u0435\u0439\u043f-sok THC zwykle jest p\u0142ynny koncentrat marihuany, zawieraj\u0105cy kanabinoidy, terpeny i flawonoidy, kt\u00f3re zosta\u0142y usuni\u0119te z dzisiejszych wi\u0105zek kwiat\u00f3w konopi. \u0412\u0435\u0439\u043f-soki, kt\u00f3re nie zawieraj\u0105 THC, regularnie sprzedaj\u0105 w Internecie lub w specjalistycznych \u0432\u0435\u0439\u043f-sklepach. \u0412\u0435\u0439\u043f-sok THC lub olej THC Vape - to p\u0142yny znajduj\u0105ce si\u0119 w \u0432\u0435\u0439\u043f-uchwyty, kt\u00f3re emituj\u0105 dymu, bez niczyjej pomocy. Thc Vape Juice online kaufen<\/p>\n<h5>artyku\u0142:<\/h5>\n<p>To zale\u017cy od woli cz\u0142owieka. Prawdziwy \u0432\u0435\u0439\u043f-sok THC sk\u0142ada si\u0119 z wody, przypraw wieczornego jako\u015bci, alternatywy nikotyny lub bez nikotyny, i glikolu propylenowego PG lub gliceryny pochodzenia ro\u015blinnego VG. Chcesz odparowa\u0107 trawk\u0119 jako alternatywa dla palenia papieros\u00f3w? U ciebie musi by\u0107 nie mniej ni\u017c dw\u00f3ch rzeczy: \u0432\u0435\u0439\u043f-uchwyt opr\u00f3cz niewielkiej ilo\u015bci soku THC Vape. Thc Vape Juice online kaufen<\/p>\n<p>\u0414\u0438\u0441\u0442\u0438\u043b\u043b\u044f\u0442 cz\u0119sto p\u0142ynnym. znaczna liczba, kt\u00f3r\u0105 mo\u017cna by\u0142oby jednoznacznie odparowa\u0107 z legalnego kasety. Masz mo\u017cliwo\u015b\u0107 po\u0142\u0105czy\u0107 terpeny w sw\u00f3j \u0434\u0438\u0441\u0442\u0438\u043b\u043b\u044f\u0442, aby wzmocni\u0107 zapach. W przypadku, je\u015bli od tego momentu b\u0119dziesz u\u017cywa\u0107 \u0434\u0438\u0441\u0442\u0438\u043b\u043b\u044f\u0442, kt\u00f3ry nie jest zbyt g\u0119sty, nale\u017cy unika\u0107 tych dat i zwi\u0119ksza\u0107 go. dolewa\u0107. Trzeba tylko kupi\u0107 jednorazowy d\u0142ugopis THC Vape Pen lub cyfrowego papierosa, aby przy minimalnym uwag\u0105 \u015bledzi\u0107, jaki sok potrzebujesz. Kupi\u0107 \u0432\u0435\u0439\u043f-sok Thc online<\/p>\n<p>przy zakupie \u043c\u043d\u043e\u0433\u043e\u0440\u0430\u0437\u043e\u0432\u0443\u044e \u0432\u0435\u0439\u043f-uchwyt, nie musisz po prostu kupi\u0107 THC-sok do elektronicznych papieros\u00f3w; wszystko znajduje si\u0119 wewn\u0105trz urz\u0105dzenia: wystarczy gotowa\u0107 na parze, a nast\u0119pnie wyrzucasz, gdy ono opr\u00f3\u017cnione. Z drugiej strony, wielokrotnego u\u017cytku \u0432\u0435\u0439\u043f-uchwyty (jak wynika z ich nazwy) musz\u0105 by\u0107 wype\u0142nione p\u0142ynem do cyfrowych papieros\u00f3w. Thc Vape Juice online kaufen<\/p>","protected":false},"excerpt":{"rendered":"<p>THC VAPE SAFT ONLINE KAUFEN Sofort, Kaufen Thc Vape Saft online innerhalb von 24 Stunden. THC Vape Saft k\u00f6nnte ein langes Gestell des regelm\u00e4\u00dfigen Lebens haben, wenn weg lebensf\u00e4hig gesetzt. Die am wenigsten schwierige Ansatz zu Einzelhandel Lage Ihre THC Vape Saft ist in einem Glasfach, wenn denkbar tr\u00fcb in verbergen. Offenheit zu empfindlich kann korrumpieren oder zersetzen die unterst\u00fctzenden Mischungen in THC vape Saft gelegen. Vape Squeeze zuvor flog auf die Szene, wenn E-Zigaretten gewickelt bis bekannt als Ersatz mit kontinuierlichen Zigaretten. Zu diesem Zweck speichern die Personen, die sich auskennen, normalerweise den Begriff &#8222;Vape-Saft&#8220;. Es gibt nicht nur\u2026<\/p>","protected":false},"featured_media":1680,"comment_status":"open","ping_status":"closed","template":"","meta":{"content-type":""},"product_brand":[],"product_cat":[163],"product_tag":[],"class_list":{"0":"post-1671","1":"product","2":"type-product","3":"status-publish","4":"has-post-thumbnail","6":"product_cat-forschung-chemikalien","8":"first","9":"instock","10":"shipping-taxable","11":"purchasable","12":"product-type-variable"},"_links":{"self":[{"href":"https:\/\/kokaindrogekaufen.com\/pl\/wp-json\/wp\/v2\/product\/1671"}],"collection":[{"href":"https:\/\/kokaindrogekaufen.com\/pl\/wp-json\/wp\/v2\/product"}],"about":[{"href":"https:\/\/kokaindrogekaufen.com\/pl\/wp-json\/wp\/v2\/types\/product"}],"replies":[{"embeddable":true,"href":"https:\/\/kokaindrogekaufen.com\/pl\/wp-json\/wp\/v2\/comments?post=1671"}],"wp:featuredmedia":[{"embeddable":true,"href":"https:\/\/kokaindrogekaufen.com\/pl\/wp-json\/wp\/v2\/media\/1680"}],"wp:attachment":[{"href":"https:\/\/kokaindrogekaufen.com\/pl\/wp-json\/wp\/v2\/media?parent=1671"}],"wp:term":[{"taxonomy":"product_brand","embeddable":true,"href":"https:\/\/kokaindrogekaufen.com\/pl\/wp-json\/wp\/v2\/product_brand?post=1671"},{"taxonomy":"product_cat","embeddable":true,"href":"https:\/\/kokaindrogekaufen.com\/pl\/wp-json\/wp\/v2\/product_cat?post=1671"},{"taxonomy":"product_tag","embeddable":true,"href":"https:\/\/kokaindrogekaufen.com\/pl\/wp-json\/wp\/v2\/product_tag?post=1671"}],"curies":[{"name":"wp","href":"https:\/\/api.w.org\/{rel}","templated":true}]}}