{"id":1681,"date":"2023-06-27T19:20:31","date_gmt":"2023-06-27T18:20:31","guid":{"rendered":"https:\/\/kokaindrogekaufen.com\/?post_type=product&#038;p=1681"},"modified":"2024-03-21T20:33:47","modified_gmt":"2024-03-21T20:33:47","slug":"cbd-isolat-zu-verkaufen","status":"publish","type":"product","link":"https:\/\/kokaindrogekaufen.com\/pl\/product\/cbd-isolat-zu-verkaufen\/","title":{"rendered":"IZOLAT CBD NA SPRZEDA\u017b"},"content":{"rendered":"<h2>IZOLAT CBD DO SPRZEDA\u017bY:<\/h2>\n<p>W rezultacie mamy czysty izolat CBD do sprzeda\u017cy na ca\u0142ym \u015bwiecie. Poniewa\u017c \u0441\u043e\u0447\u0435\u0442\u0430\u0435\u0442\u0435 CBD z tak wielu r\u00f3\u017cnych sk\u0142adnik\u00f3w, mo\u017ce by\u0107 trudniej wybra\u0107 odpowiedni\u0105 porcj\u0119 z szerokim asortymentem zapas\u00f3w CBD. Poniewa\u017c Disengages - to po prostu CBD, dawkowanie tym bardziej oczywiste. Doskona\u0142o\u015b\u0107 CBD-Disengage daje ci wolno\u015b\u0107 do produkcji innych produkt\u00f3w CBD, takie jak barwniki i \u015brodki do stosowania miejscowego, bez jakiegokolwiek przygotowania. Izolat CBD na sprzeda\u017c<\/p>\n<p>Izolat CBD dobrze komponuje si\u0119 z ma\u015bciami i innymi narz\u0119dziami i \u015brodkami do piel\u0119gnacji sk\u00f3ry, wzbogacaj\u0105c je si\u0142\u0105 konopi. Po ca\u0142kowitym trawienia ich nektar lub agawa, natchn\u0105\u0107 na CBD, mo\u017cna u\u017cywa\u0107 do przygotowywania kawy i herbaty, posypa\u0107 na miski z organicznymi produktami lub p\u0142atk\u00f3w lub na tosty z awokado na zdrowy pocz\u0105tek dnia, opartego na CBD.<\/p>\n<p>Mo\u017cliwo\u015bci s\u0105 r\u00f3\u017cne i zr\u00f3\u017cnicowane, bo wszystkie s\u0105 twoje. Izolat CBD staje si\u0119 coraz bardziej popularne w\u015br\u00f3d ludzi, kt\u00f3rzy szukaj\u0105 alternatywnych mo\u017cliwo\u015bci leczenia swoich codziennych problem\u00f3w ze zdrowiem i pomy\u015blno\u015bci\u0105. Wielu klient\u00f3w stale szukaj\u0105 nowych sposob\u00f3w, aby w\u0142\u0105czy\u0107 go do swoich system\u00f3w opieki zdrowotnej i opieki spo\u0142ecznej, bo jest bardzo \u0430\u0434\u0430\u043f\u0442\u0438\u0432\u0435\u043d i daje nudne wyniki.Izolat CBD na sprzeda\u017c<\/p>\n<p>Cykl zaczyna si\u0119 od ekstrakcji rafinowanego etanolu. rama, daje du\u017ce korzy\u015bci i wysokiej jako\u015bci \u043d\u0435\u0440\u0430\u0444\u0438\u043d\u0438\u0440\u043e\u0432\u0430\u043d\u043d\u0443\u044e olej CBD. Nast\u0119pnie, w tej chwili, dobieramy te nierafinowane produkty ropopochodne w trakcie ca\u0142ego procesu atomowej recyklingu, produkuj\u0105c wysokiej jako\u015bci \u0434\u0438\u0441\u0442\u0438\u043b\u043b\u044f\u0442 CBD, kt\u00f3ry nast\u0119pnie, w tej chwili, zmieniamy w naszym rozpuszczalnik, wykorzystuj\u0105c niewielk\u0105 metodologi\u0119, kt\u00f3ra cz\u0119sto zabiera ogromne ilo\u015bci CBD ponad prawie na 100% nie zawiera podrabianych.Docieplenie CBD na sprzeda\u017c<\/p>\n<h3>KUPI\u0106 IZOLAT CBD ONLINE:<\/h3>\n<p>Je\u015bli efekt jest ograniczony, nale\u017cy zwi\u0119kszy\u0107 dawk\u0119 do 10 mg w ci\u0105gu najbli\u017cszych kilku dni i jeszcze raz oceni\u0107 efekt. Je\u015bli akcja twojego CBD jest zbyt silny, nale\u017cy zmniejsza\u0107 dawk\u0119, a\u017c znajdziesz przydatne dla ciebie liczb\u0119, kt\u00f3ra ci odpowiada. Poniewa\u017c nie wszystkie przedmioty zam\u00f3wienia i CBD s\u0105 regulowane tymi samymi przepisami, nale\u017cy zachowa\u0107 szczeg\u00f3ln\u0105 ostro\u017cno\u015b\u0107 przy zakupie towar\u00f3w CBD w Internecie, szukaj\u0105c bez zarzutu sprawdzone zam\u00f3wienia z dobr\u0105 reputacj\u0105.<\/p>\n<p>Teraz, gdy wiesz, \u017ce taki podzia\u0142 CBD, by\u0107 mo\u017ce zastanawiasz si\u0119, jakie s\u0105 korzy\u015bci z przyjmowania CBD. W zale\u017cno\u015bci od strategii, nast\u0119puj\u0105ce produkty stanowi\u0105 albo twarde kamienie CBD, albo wyj\u0105tkowy bia\u0142y proszek przypominaj\u0105cy cukier puder. Mimo mo\u017cliwo\u015b\u0107 \u0142atwego resztkowego wi\u015bniowego smak, \u017caden z gatunk\u00f3w CBD nie musi mie\u0107 okre\u015blonego smaku i stylu. Izolat CBD na sprzeda\u017c<\/p>\n<p>Jednak nie pozw\u00f3l, aby jego prosty wygl\u0105d wprowadza\u0107 ci\u0119 w b\u0142\u0105d \u2013 jest wiele powod\u00f3w do entuzjazmu izolaty CBD i wszystkim, co ma do zaoferowania. Opr\u00f3cz potencjalnych problem\u00f3w ze zdrowiem i pomy\u015blno\u015bci\u0105, \u0432\u0435\u0439\u043f\u0438\u043d\u0433 CBD - to w pe\u0142ni \u0431\u0438\u043e\u0434\u043e\u0441\u0442\u0443\u043f\u043d\u044b\u0439 spos\u00f3b u\u017cycia CBD. Jest to fantastyczny spos\u00f3b na wykorzystanie CBD, kiedy odczuwasz stres, stres, nerwowo\u015b\u0107 lub cierpisz.<\/p>\n<p>R\u00f3\u017cne opcje korzystania i zastosowania tego proszku CBD s\u0105 praktycznie nieograniczone, a jego zdolno\u015bci adaptacyjnych jest niepor\u00f3wnywalny z niczym innym. Dok\u0142adnie tak samo mo\u017cna w pe\u0142ni kontrolowa\u0107 ilo\u015b\u0107 CBD, zawartego w ka\u017cdej porcji ka\u017cdego wzoru CBD, kt\u00f3r\u0105 tworzysz. Od por\u00f3wnywalnego oleju CBD, dost\u0119pnego we wszystkich produktach Aaronay ltd CBD, metoda czyszczenia \u0438\u0437\u043e\u043b\u044f\u0442\u0430\u043c\u0438 RSHO CBD usuwa wszystkie oleje ro\u015blinne zawarto\u015b\u0107, woski, chlorofil, inne kanabinoidy i wiele wi\u0119cej z naszego oleju konopnego, pozostawiaj\u0105c prawie 100% czysty CBD w formie przejrzystych proszku.<\/p>\n<h4>IZOLAT CBD DO SPRZEDA\u017bY W INTERNECIE:<\/h4>\n<p>Bez wzgl\u0119du na to, \u017ce THC nie jest wykrywany podczas test\u00f3w na narkotyki, nie mo\u017cesz by\u0107 pewien, \u017ce masz pozytywny wynik testu. Tak wi\u0119c, je\u015bli robisz \u015bwietn\u0105 robot\u0119 i wymaga\u0107 przej\u015b\u0107 testy na narkotyki, to najprostszy spos\u00f3b, aby unikn\u0105\u0107 potencjalnego konfliktu z firm\u0105. Kamienie CBD szczeg\u00f3lnie cenne, bo u nich nie wida\u0107 aromatu lub smaku. Izolat CBD na sprzeda\u017c<\/p>\n<p>To typowo. Brak oleje i koncentraty z silnym naturalnym orzechowym smakiem i \u0442\u0435\u0440\u043f\u0435\u043d\u0430\u043c\u0438, co nadaje mu niesamowity, niepowtarzalny zapach. Izolaty - \u015bwietna wymiana olej\u00f3w i \u043f\u0430\u0441\u0442\u0438\u043b\u043a\u0430\u043c dla tych, kt\u00f3rzy nie lubi\u0105 ich zapachu i styl. Izolaty CBD s\u0105 idealne dla os\u00f3b, kt\u00f3re do\u015bwiadczaj\u0105 niepo\u017c\u0105dane reakcje na innych kannabinoid\u00f3w, ale chc\u0105 spr\u00f3bowa\u0107 CBD do leczenia jego choroby. Izolat CBD na sprzeda\u017c<\/p>\n<p>Wsp\u00f3\u0142praca CBD z \u044d\u043d\u0434\u043e\u043a\u0430\u043d\u043d\u0430\u0431\u0438\u043d\u043e\u0438\u0434\u043d\u043e\u0439 technik\u0105 i innymi strategiami transmisji sygna\u0142\u00f3w w m\u00f3zgu, mo\u017ce to wskazywa\u0107 na to, \u017ce jest to \u015bwietna strategia leczenia zaburze\u0144 neurologicznych. Proszek izolaty CBD idealnie nadaje si\u0119 do gotowania, doda\u0107 do sa\u0142atki i napoje lub po prostu do podawania doustnego. Pomy\u015bl o tym jak o \u0432\u044b\u0441\u043e\u043a\u043e\u043a\u043e\u043d\u0446\u0435\u043d\u0442\u0440\u0438\u0440\u043e\u0432\u0430\u043d\u043d\u043e\u043c produkcie CBD. Nale\u017cy go u\u017cy\u0107 do wprowadzenia zbilansowanej dawki CBD w r\u00f3\u017cne produkty, rozwi\u0105zania i produkty spo\u017cywcze. Olej CBD zanurzone w cieczy, a nast\u0119pnie ogrzano do temperatury poni\u017cej zera w czasie zimowej przetwarzania. Izolat CBD na sprzeda\u017c<\/p>\n<p>Poniewa\u017c izolat CBD rozpuszczalny w oleju, jego (jak i wszystkie kanabinoidy) mo\u017cna \u0142atwo w\u0142\u0105czy\u0107 w receptur\u0119 produktu. \u0141atwo stopi\u0107 mas\u0142o i wymiesza\u0107 z receptur\u0105 produktu na bazie oleju. Izolat CBD - jest to produkt CBD, w kt\u00f3rym zosta\u0142y usuni\u0119te wszystkie pozosta\u0142e kanabinoidy, terpeny i flawonoidy, w wyniku czego zosta\u0142o tylko czysty, rafinowany olej CBD. Jest to najbardziej naturalny spos\u00f3b otrzymywania oleju CBD.Izolat CBD na sprzeda\u017c<\/p>\n<h4>MASOWY IZOLAT CBD DO SPRZEDA\u017bY:<\/h4>\n<p>Je\u015bli izolat CBD planuje u\u017cy\u0107 jako dodatek w sk\u0142adzie zale\u017cnym od wody pitnej, nale\u017cy go najpierw rozpu\u015bci\u0107 w wodzie odmiany CBD, przed dodaniem do mieszanki innych rozpuszczalnych w wodzie sk\u0142adnik\u00f3w. Na tym etapie usuwane s\u0105 wszystkie pozosta\u0142e zanieczyszczenia i ekstremalne elementy z dw\u00f3ch poprzednich faz. Nast\u0119pnie olej CBDA ogrzewa si\u0119 do przekszta\u0142cenia si\u0119 w st\u0119\u017cenie CBD za pomoc\u0105 procesu znanego jako dekarboksylacj\u0119.<\/p>\n<p>Wykonane w zak\u0142adzie przetw\u00f3rstwa orzech\u00f3w. Je\u015bli radzimy unika\u0107 grejpfruta, nale\u017cy skonsultowa\u0107 si\u0119 z lekarzem przed u\u017cyciem. Je\u015bli wyst\u0105pi\u0105 dzia\u0142ania niepo\u017c\u0105dane, nale\u017cy przerwa\u0107 ich przyjmowanie. Je\u017celi plomba jest uszkodzony, nie mo\u017cna go u\u017cywa\u0107. CBD Wholesale, nasza rodzinna firma specjalizuje si\u0119 w produkcji kwiat\u00f3w bogatych w CBD, a tak\u017ce w produkcji i sprzeda\u017cy produkt\u00f3w z konopi. Zarz\u0105dzamy ca\u0142ym \u0142a\u0144cuchem tworzenia warto\u015bci. Kontrolujemy ca\u0142y proces, od genetyki do ko\u0144cowego pakowania, aby zagwarantowa\u0107 wysok\u0105 jako\u015b\u0107 produkt\u00f3w i us\u0142ug.Izolat CBD na sprzeda\u017c<\/p>\n<p>\u042d\u043d\u0434\u043e\u043a\u0430\u043d\u043d\u0430\u0431\u0438\u043d\u043e\u0438\u0434\u044b stymuluj\u0105 r\u00f3\u017cne \u043d\u0435\u0439\u0440\u043e\u0440\u0435\u0446\u0435\u043f\u0442\u043e\u0440\u044b w naszym organizmie, reguluje produkcj\u0119 hormon\u00f3w i bia\u0142ek, kt\u00f3re reguluj\u0105 nasz uk\u0142ad odporno\u015bciowy i narz\u0105dy, nasze my\u015bli i wyobra\u017ani. Izolat CBD z nisk\u0105 zawarto\u015bci\u0105 meskaliny by\u0142 testowany po raz trzeci w r\u00f3\u017cnych warunkach w celu zapewnienia braku metali ci\u0119\u017ckich, pestycyd\u00f3w, pozosta\u0142o\u015bci rozpuszczalnik\u00f3w, mykotoksyny i innych zanieczyszcze\u0144. Izolat CBD na sprzeda\u017c<\/p>\n<h5>wi\u0119cej:<\/h5>\n<p>\u042d\u043d\u0434\u043e\u043a\u0430\u043d\u043d\u0430\u0431\u0438\u043d\u043e\u0438\u0434\u044b stymuluj\u0105 r\u00f3\u017cne \u043d\u0435\u0439\u0440\u043e\u0440\u0435\u0446\u0435\u043f\u0442\u043e\u0440\u044b w naszym organizmie i reguluje produkcj\u0119 hormon\u00f3w i bia\u0142ek, kt\u00f3re reguluj\u0105 nasz uk\u0142ad odporno\u015bciowy, organy, my\u015bli i wyobra\u017ani. Izolat CBD Aarona by\u0142 testowany po raz trzeci w r\u00f3\u017cnych \u015brodowiskach, aby upewni\u0107 si\u0119, metali ci\u0119\u017ckich, pestycyd\u00f3w, pozosta\u0142o\u015bci rozpuszczalnik\u00f3w, mykotoksyny i innych zanieczyszcze\u0144. Izolat CBD na sprzeda\u017c<\/p>\n<p>Mo\u017cesz te\u017c dodawa\u0107 go do potraw w trakcie gotowania lub rozpu\u015bci\u0107 w napojach. Receptory CBD2 mo\u017cna znale\u017a\u0107 wsz\u0119dzie w systemu odporno\u015bciowym i procesach, ale olej CBD nie ma wp\u0142ywu ani na jeden z receptor\u00f3w, jak to sprawia, \u017ce THC. Wr\u0119cz przeciwnie, to sprawia, \u017ce ludzki organizm wytwarza\u0107 znacznie wi\u0119cej naturalnych \u044d\u043d\u0434\u043e\u043a\u0430\u043d\u043d\u0430\u0431\u0438\u043d\u043e\u0438\u0434\u043e\u0432, kt\u00f3re ju\u017c s\u0105 obecne w organizmie.<\/p>","protected":false},"excerpt":{"rendered":"<p>CBD ISOLAT ZU VERKAUFEN: Als Ergebnis haben wir reines CBD-Isolat zum Verkauf in der ganzen Welt. Weil sie CBD mit so vielen verschiedenen Bestandteilen kombinieren, kann es schwieriger sein, die passende Portion mit einer breiten Palette von CBD-Best\u00e4nden zu w\u00e4hlen. Da es sich bei Disengages einfach um CBD handelt, ist die Dosierung umso offensichtlicher. Die Makellosigkeit von CBD-Disengage gibt Ihnen die Freiheit, andere CBD-Produkte, wie Farben und Topicals, ohne jegliche Vorbereitung herzustellen. CBD-Isolat zum Verkauf CBD-Isolat l\u00e4sst sich gut mit Salben und anderen Hautpflegeprodukten und -arrangements mischen und bereichert diese mit der Kraft des Hanfs. Nach dem vollst\u00e4ndigen Aufschluss kann\u2026<\/p>","protected":false},"featured_media":1711,"comment_status":"open","ping_status":"closed","template":"","meta":{"content-type":""},"product_brand":[],"product_cat":[163],"product_tag":[],"class_list":{"0":"post-1681","1":"product","2":"type-product","3":"status-publish","4":"has-post-thumbnail","6":"product_cat-forschung-chemikalien","8":"first","9":"instock","10":"shipping-taxable","11":"purchasable","12":"product-type-variable"},"_links":{"self":[{"href":"https:\/\/kokaindrogekaufen.com\/pl\/wp-json\/wp\/v2\/product\/1681"}],"collection":[{"href":"https:\/\/kokaindrogekaufen.com\/pl\/wp-json\/wp\/v2\/product"}],"about":[{"href":"https:\/\/kokaindrogekaufen.com\/pl\/wp-json\/wp\/v2\/types\/product"}],"replies":[{"embeddable":true,"href":"https:\/\/kokaindrogekaufen.com\/pl\/wp-json\/wp\/v2\/comments?post=1681"}],"wp:featuredmedia":[{"embeddable":true,"href":"https:\/\/kokaindrogekaufen.com\/pl\/wp-json\/wp\/v2\/media\/1711"}],"wp:attachment":[{"href":"https:\/\/kokaindrogekaufen.com\/pl\/wp-json\/wp\/v2\/media?parent=1681"}],"wp:term":[{"taxonomy":"product_brand","embeddable":true,"href":"https:\/\/kokaindrogekaufen.com\/pl\/wp-json\/wp\/v2\/product_brand?post=1681"},{"taxonomy":"product_cat","embeddable":true,"href":"https:\/\/kokaindrogekaufen.com\/pl\/wp-json\/wp\/v2\/product_cat?post=1681"},{"taxonomy":"product_tag","embeddable":true,"href":"https:\/\/kokaindrogekaufen.com\/pl\/wp-json\/wp\/v2\/product_tag?post=1681"}],"curies":[{"name":"wp","href":"https:\/\/api.w.org\/{rel}","templated":true}]}}