{"id":1688,"date":"2023-06-27T19:20:32","date_gmt":"2023-06-27T18:20:32","guid":{"rendered":"https:\/\/kokaindrogekaufen.com\/?post_type=product&#038;p=1688"},"modified":"2024-10-21T08:06:45","modified_gmt":"2024-10-21T07:06:45","slug":"crystal-meth-zu-verkaufen","status":"publish","type":"product","link":"https:\/\/kokaindrogekaufen.com\/pl\/product\/crystal-meth-zu-verkaufen\/","title":{"rendered":"METAMFETAMINY NA SPRZEDA\u017b"},"content":{"rendered":"<h2>CRYSTAL METH DO SPRZEDA\u017bY:<\/h2>\n<p>Znowu jeste\u015bmy wiod\u0105cym \u015bwiatowym dostawc\u0105 krystalicznej metamfetaminy, i mamy metamfetaminy do sprzeda\u017cy. Metamfetaminy w skr\u00f3cie met. Nasz\u0105 misj\u0105 jest zapewnienie najbardziej kompletn\u0105 lini\u0119 ch\u0142onnych \/ ADHD lekarstwa, leki przeciwb\u00f3lowe, leki przeciwdepresyjne i innych analitycznych substancji. produkty, z naciskiem na ich w\u0142asn\u0105 wyj\u0105tkow\u0105, wyj\u0105tkow\u0105 warto\u015b\u0107. i wyj\u0105tkow\u0105, a tak\u017ce nasza wyj\u0105tkowa obs\u0142uga klienta<\/p>\n<p>Crystal meth - jest to bia\u0142y, krystaliczny narkotyk, kt\u00f3ry otrzymuje si\u0119 przez drogi oddechowe, palenia papieros\u00f3w lub wstrzykni\u0119ciu ig\u0142\u0105. Crystal meth zosta\u0142 otwarty w 1893 roku i wyst\u0119puje w dw\u00f3ch formach: \u043b\u0435\u0432\u043e\u043c\u0435\u0442\u0430\u043c\u0444\u0435\u0442\u0430\u043c\u0438\u043d i \u0434\u0435\u043a\u0441\u0442\u0440\u043e\u043c\u0435\u0442\u0430\u043c\u0444\u0435\u0442\u0430\u043c\u0438\u043d. Termin &#034;crystal meth&#034; odnosi si\u0119 do okre\u015blonego sk\u0142adu chemicznego substancji znanej jako \u0440\u0430\u0446\u0435\u043c\u0438\u0447\u0435\u0441\u043a\u043e\u0435 wolnego podstawie, kt\u00f3ra jest mieszank\u0105 1: 1 \u043b\u0435\u0432\u043e\u043c\u0435\u0442\u0430\u043c\u0444\u0435\u0442\u0430\u043c\u0438\u043d\u0430 i \u0434\u0435\u043a\u0441\u0442\u0440\u043e\u043c\u0435\u0442\u0430\u043c\u0444\u0435\u0442\u0430\u043c\u0438\u043d\u0430 w ich czystej \u0430\u043c\u0438\u043d\u043e\u0432\u043e\u0439 formie.<\/p>\n<p>Metamfetamina nie zaleca si\u0119 osobom, u kt\u00f3rych w przesz\u0142o\u015bci stwierdzono nieprawid\u0142owo\u015bci podczas korzystania z urz\u0105dzenia, problemy z sercem, jest krytyczny wzbudzenia lub panika, lub u kt\u00f3rych mia\u017cd\u017cyca, jaskra, nadczynno\u015b\u0107 tarczycy lub ci\u0119\u017ckie wysokie ci\u015bnienie krwi. Wed\u0142ug FDA, ludziom, kt\u00f3rzy w przesz\u0142o\u015bci mieli nadwra\u017cliwo\u015b\u0107 na inne stymulanty centralnego lub obecnie przyjmuj\u0105 inhibitory monoaminooksydazy, nale\u017cy unika\u0107 przyjmowania amfetaminy. Wiele os\u00f3b tak\u017ce u\u017cywaj\u0105 metamfetaminy doustnie. Metamfetaminy na sprzeda\u017c<\/p>\n<h3>KUPI\u0106 METAMFETAMINY ONLINE:<\/h3>\n<p>M\u00e4nner und Frauen jeden Alters konsumieren Crystal Meth, aber am h\u00e4ufigsten wird es als Clubdroge konsumiert, auch wenn sie nachts feiern. Methamphetamin ist eine illegale Droge, die in dieselbe Kategorie wie Kokain und andere fantastische Stra\u00dfendrogen geh\u00f6rt. Es hat mehrere Spitznamen, von denen die gebr\u00e4uchlichsten Methamphetamin, Crank, Kreide und Speed sind. Crystal Meth (N-Methylamphetamin) wird in erster Linie als Freizeitdroge verwendet und kann ein starkes Stimulans f\u00fcr das zentrale Nervensystem (ZNS) sein. Weniger h\u00e4ufig wird es als Zweitlinientherapie bei ADHS und Fettleibigkeit eingesetzt. <a href=\"https:\/\/kokaindrogekaufen.com\/pl\/product\/crack-kokain-zu-verkaufen\/\">Crystal-Meth<\/a> zum Verkauf<\/p>\n<p>Methamphetamin wird nicht f\u00fcr Personen empfohlen, die eine Vorgeschichte von St\u00f6rungen des Ger\u00e4tegebrauchs, Herzproblemen, kritischer Unruhe oder Panik haben oder die an Arteriosklerose, Glaukom, Hyperthyreose oder schwerem Bluthochdruck leiden. Menschen, die in der Vergangenheit auf andere Stimulanzien \u00fcberempfindlich reagiert haben oder derzeit Monoaminoxidase-Hemmer einnehmen, sollten laut FDA auf Methamphetamin verzichten. Viele Menschen konsumieren Crystal Meth auch oral. Crystal-Meth zum Verkauf<\/p>\n<p>Der Verkauf von Crystal Meth erh\u00f6ht den Spiegel des Neurotransmitters Dopamin im Gehirn, indem gro\u00dfe Mengen dieser Chemikalie entnommen werden. Dopamin ist an Belohnung, Erregung, Zufriedenheit und motorischen F\u00e4higkeiten beteiligt. Crystal-Meth ist auch in Tablettenform erh\u00e4ltlich. Crystal Meth kann, wie bereits erw\u00e4hnt, geschnupft, geraucht oder injiziert werden. Crystal Meth zu verkaufen<\/p>\n<h3>CRYSTAL METH DO SPRZEDA\u017bY W INTERNECIE:<\/h3>\n<p>Crystal meth zwykle pal\u0105 w postaci grubych przezroczystych kryszta\u0142\u00f3w, przypominaj\u0105cych l\u00f3d. Metamfetamina mo\u017cna znale\u017a\u0107 w postaci nagich fragmenty kryszta\u0142\u00f3w lub niebiesko-bia\u0142ych b\u0142yszcz\u0105cych kamieni. Nazywa si\u0119 zwykle &#034;lody&#034; lub &#034;drinka&#034;, a on pozostaje popularnym narkotykiem dla imprez. Przy d\u0142ugotrwa\u0142ym stosowaniu mog\u0105 wyst\u0105pi\u0107 silne objawy odstawienia, kt\u00f3re utrzymuj\u0105 si\u0119 przez d\u0142u\u017cszy czas po okresie odstawienia, czasami nawet do roku, poniewa\u017c metamfetamina ma dzia\u0142anie neurotoksyczne dzia\u0142anie na \u0434\u043e\u0444\u0430\u043c\u0438\u043d\u043e\u0432\u044b\u0435 neurony. Metamfetaminy na sprzeda\u017c<\/p>\n<p>Aufgrund seiner stark anregenden und aufputschenden Wirkung sowie seiner hemmenden Wirkung auf die Entladung k\u00f6nnen diese sexuellen Erfahrungen bei wiederholtem Konsum mehr als einmal \u00fcber einen langen Zeitraum hinweg auftreten. Crystal Meth kann dazu beitragen, eine Person w\u00e4hrend der Ruhephase wach zu halten, ein Zustand, der ungew\u00f6hnliche Tagesm\u00fcdigkeit verursacht. Crystal-Meth zum Verkauf<\/p>\n<p>Crystal meth jest r\u00f3wnie\u017c stosowany w panelu protivozastojnyh tabletkach i oskrzelowe \u0438\u043d\u0433\u0430\u043b\u044f\u0442\u043e\u0440\u0430\u0445. Preparat jest bardzo prosty w przygotowaniu. Istnieje kilka g\u0142\u00f3wnych cz\u0119\u015bci i r\u00f3\u017cne specjalistyczne mo\u017cliwo\u015bci. U ludzi istnieje lek, kt\u00f3ry jest jednocze\u015bnie wspania\u0142ym i tanim po rozleg\u0142ej strategii dzia\u0142ania. Metamfetaminy na sprzeda\u017c<\/p>\n<h4>CRYSTAL METH DO SPRZEDA\u017bY W Niemcy :<\/h4>\n<p>Es wurde festgestellt, dass der Konsum von Crystal Meth sowohl bei HIV-positiven als auch bei r\u00e4tselhaften regul\u00e4ren Komplizen generell mit einer erh\u00f6hten H\u00e4ufigkeit von ungesch\u00fctztem Geschlechtsverkehr verbunden ist, ein Zusammenhang, der bei HIV-positiven Personen noch deutlicher wurde. Die zugeh\u00f6rige Studie bezog sich nur auf Amphetamin, nicht auf Crystal-Meth; dennoch wird diese Aussage in diesem Artikel aufgrund der \u00c4hnlichkeiten in der Pharmakodynamik und den <a href=\"https:\/\/kaufenxanax.com\/\" target=\"_blank\" rel=\"noopener\">Folgen<\/a> von Amphetamin und Crystal-Meth aufgenommen. Crystal-Meth zum Verkauf<\/p>\n<p>Diese Ergebnisse deuten darauf hin, dass der Konsum von Crystal Meth und die Beteiligung an ungesch\u00fctztem Geschlechtsverkehr mit dem Hintern zusammen auftretende Risikopraktiken sind, Praktiken, die das Risiko einer HIV-\u00dcbertragung unter schwulen und sexuell offenen erwachsenen M\u00e4nnern erh\u00f6hen k\u00f6nnen. Crystal Meth ist eine Droge, die wie ein Energizer wirkt. Das Medikament erreicht schnell h\u00f6here Konzentrationen im Gro\u00dfhirn, wo es die Aussch\u00fcttung von Dopamin und Noradrenalin stimuliert. Crystal-Meth zum Verkauf<\/p>\n<p>Silna dr\u0105\u017cek do metamfetaminy wyst\u0119puje r\u00f3wnie\u017c podczas odstawienia, ale szybko przechodzi. Dr\u0105\u017cek do metamfetaminy podczas odstawienia, najwyra\u017aniej, jest zwi\u0105zana ze stopniem depresji, kt\u00f3r\u0105 do\u015bwiadcza pacjent. Kiedy wielu uzale\u017cnionych \u015bwiadomi katastrofalne skutki, kt\u00f3re lek wp\u0142ywa na ich organizm, cz\u0119sto bywa za p\u00f3\u017ano, aby wyzdrowie\u0107 i wr\u00f3ci\u0107 do normalnego zdrowia i dobrego samopoczucia. Metamfetaminy na sprzeda\u017c<\/p>\n<h4>TOWAR DO SPRZEDA\u017bY W EUROPIE:<\/h4>\n<p>Einige langfristige Vernichtung tritt auf unbestimmte Zeit. Kennen Sie die Zeichen der Umkehrung von Energizer professionell verschriebenen Medikamente, zum Beispiel, Crystal-Meth, weil eine betr\u00e4chtliche Anzahl von uns, die beginnen, diese Drogen zu missbrauchen erwerben mehr als die Niederlage Marker beginnen zu setzen in. Es wird wegen seines Misshandlungspotenzials nur selten empfohlen und ist in der Regel F\u00e4llen von kritischen Gewichtsproblemen oder ADHS vorbehalten, bei denen alle anderen Behandlungsm\u00f6glichkeiten ausgesch\u00f6pft wurden. Crystal-Meth zu verkaufen<\/p>\n<p>Dies f\u00fchrt zu Fressattacken, die einen t\u00f6dlichen Exzess oder eine langfristige Sch\u00e4digung des Gro\u00dfhirns und der Konstitution verursachen k\u00f6nnen. Nicht alle S\u00fcchtigen erleben diese Auswirkungen, und es gibt keine genaue Zeitspanne, in der diese Auswirkungen auftreten. Bei einigen Klienten tritt sie auf, sobald sie zum ersten Mal Crystal Meth konsumieren, bei anderen wiederum nicht. In jedem Fall kann Crystal-Meth eine ganze Zeit lang wirken. Es verbleibt im K\u00f6rper, ohne ver\u00e4ndert zu werden. Crystal-Meth zum Verkauf<\/p>\n<p>Meth verbleibt l\u00e4nger im Gehirn als Kokain, so dass die Wirkung des Medikaments l\u00e4nger anh\u00e4lt. Sowohl Crystal-Meth als auch Kokain bewirken einen Anstieg des Dopaminspiegels, aber der Dopaminspiegel ist beim Meth-Konsum ausgepr\u00e4gter, weil die Schritte in den Nervenzellen unverkennbar sind. Crystal-Meth zum Verkauf<\/p>\n<p>Ungeziefer kann sich \u00fcberall am K\u00f6rper ansiedeln, aber am h\u00e4ufigsten treten sie in der N\u00e4he des Brustkorbs und der Oberarme auf. Visualisierungen und Halluzinationen geh\u00f6ren zu den Nebenwirkungen des Meth-Konsums. Dies gibt jemandem den Eindruck, dass Ungeziefer unter seiner Haut kriecht und ihn dazu bringt, sich zu kratzen, was zu Wunden f\u00fchrt. Crystal-Meth zum Verkauf<\/p>\n<h5>wi\u0119cej:<\/h5>\n<p>Diese Wunden k\u00f6nnen verunreinigt werden. Eine andere Erkl\u00e4rung f\u00fcr die Verletzungen ergibt sich aus der F\u00e4higkeit des menschlichen K\u00f6rpers, Crystal-Meth-Medikamente als sch\u00e4dlich zu erkennen und sie \u00fcber die Poren aus dem K\u00f6rper zu entfernen. Wenn es mit der \u00e4u\u00dferen Schicht der Poren und der Haut in Ber\u00fchrung kommt, bilden sich pickelartige Beulen. Das spezifische Sortiment von Crystal-Meth k\u00f6nnte man als begrenzt bezeichnen. Crystal-Meth zum Verkauf<\/p>\n<p>Das Medikament ist erschwinglich und sorgt f\u00fcr ein schnelles, starkes High, was es ideal f\u00fcr Kunden macht. Der lockere Gebrauch von Crystal-Meth kann schnell zur Abh\u00e4ngigkeit und zu einer Reihe von erheblichen gesundheitlichen und sozialen Problemen f\u00fchren. Infolgedessen wird es bei besseren Messwerten un\u00fcbersichtlich oder unerreichbar, um in jedem Fall als Kiefer greifen, automatisch echte Sch\u00fctteln, und Vibrationen in den Strom zu verwandeln, was intensives Sch\u00fctteln des gesamten K\u00f6rpers, Schlaffheit aus den Handfl\u00e4chen, und ein typischer Mangel an Motor Handle. Crystal Meth zum Verkauf<\/p>","protected":false},"excerpt":{"rendered":"<p>CRYSTAL METH ZU VERKAUFEN: Auch hier sind wir der weltweit f\u00fchrende Anbieter von Crystal Meth, und wir haben Crystal Meth zu verkaufen. Crystal Methamphetamin wird als Methamphetamin abgek\u00fcrzt. Unsere Mission ist es, die umfassendste Linie der Aufnahme \/ ADHS-Medikamente, Analgetika, Antidepressiva und andere analytische Substanz Produkte, mit einem Fokus auf ihre eigenen au\u00dfergew\u00f6hnlichen, hervorragenden Wert. und au\u00dfergew\u00f6hnliche, sowie unsere au\u00dfergew\u00f6hnlichen Kundenservice Crystal Meth ist eine wei\u00dfe, kristalline Droge, die durch Schn\u00fcffeln, Rauchen von Zigaretten oder Injektion mit einer Nadel gewonnen wird. Crystal Meth wurde 1893 entdeckt und kommt in zwei Formen vor: Levo-Methamphetamin und Dextro-Methamphetamin. Der Begriff &#8222;Crystal Meth&#8220; bezieht\u2026<\/p>","protected":false},"featured_media":1712,"comment_status":"open","ping_status":"closed","template":"","meta":{"content-type":""},"product_brand":[],"product_cat":[163],"product_tag":[],"class_list":{"0":"post-1688","1":"product","2":"type-product","3":"status-publish","4":"has-post-thumbnail","6":"product_cat-forschung-chemikalien","8":"first","9":"instock","10":"shipping-taxable","11":"purchasable","12":"product-type-variable"},"_links":{"self":[{"href":"https:\/\/kokaindrogekaufen.com\/pl\/wp-json\/wp\/v2\/product\/1688"}],"collection":[{"href":"https:\/\/kokaindrogekaufen.com\/pl\/wp-json\/wp\/v2\/product"}],"about":[{"href":"https:\/\/kokaindrogekaufen.com\/pl\/wp-json\/wp\/v2\/types\/product"}],"replies":[{"embeddable":true,"href":"https:\/\/kokaindrogekaufen.com\/pl\/wp-json\/wp\/v2\/comments?post=1688"}],"wp:featuredmedia":[{"embeddable":true,"href":"https:\/\/kokaindrogekaufen.com\/pl\/wp-json\/wp\/v2\/media\/1712"}],"wp:attachment":[{"href":"https:\/\/kokaindrogekaufen.com\/pl\/wp-json\/wp\/v2\/media?parent=1688"}],"wp:term":[{"taxonomy":"product_brand","embeddable":true,"href":"https:\/\/kokaindrogekaufen.com\/pl\/wp-json\/wp\/v2\/product_brand?post=1688"},{"taxonomy":"product_cat","embeddable":true,"href":"https:\/\/kokaindrogekaufen.com\/pl\/wp-json\/wp\/v2\/product_cat?post=1688"},{"taxonomy":"product_tag","embeddable":true,"href":"https:\/\/kokaindrogekaufen.com\/pl\/wp-json\/wp\/v2\/product_tag?post=1688"}],"curies":[{"name":"wp","href":"https:\/\/api.w.org\/{rel}","templated":true}]}}