{"id":1696,"date":"2023-06-27T19:20:32","date_gmt":"2023-06-27T18:20:32","guid":{"rendered":"https:\/\/kokaindrogekaufen.com\/?post_type=product&#038;p=1696"},"modified":"2024-08-01T10:46:36","modified_gmt":"2024-08-01T09:46:36","slug":"ephedrin-hcl-pulver-zum-verkauf","status":"publish","type":"product","link":"https:\/\/kokaindrogekaufen.com\/pl\/product\/ephedrin-hcl-pulver-zum-verkauf\/","title":{"rendered":"PROSZEK EFEDRYNY HCL DO SPRZEDA\u017bY"},"content":{"rendered":"<h2>PROSZEK EFEDRYNY HCL DO SPRZEDA\u017bY<\/h2>\n<p>Ponadto, mamy dostawca efedryny najwy\u017cszej jako\u015bci, efedryna na sprzeda\u017c. Siarczan efedryn\u0119, ma podobne dzia\u0142anie na o\u015brodkowy uk\u0142ad NERWOWY. Pobudza kor\u0119 m\u00f3zgow\u0105 i \u043f\u043e\u0434\u043a\u043e\u0440\u043a\u043e\u0432\u044b\u0435 dzia\u0142ki, dlatego stosuje si\u0119 go w leczeniu narkolepsji. Z powodu mo\u017cliwych problem\u00f3w zdrowotnych, zwi\u0105zanych z efedryna, nie mo\u017cna go u\u017cywa\u0107 jako dodatek do \u017cywno\u015bci. Efedryna, jak i fenyloetyloamina, ma syntetyczn\u0105 struktur\u0119 podobn\u0105 do \u0430\u043c\u0444\u0435\u0442\u0430\u043c\u0438\u043d\u0430\u043c, i, co najwa\u017cniejsze, jest metamfetamina, w stanie po prostu otrzymywa\u0107 metamfetaminovu\u00fb system z \u0433\u0438\u0434\u0440\u043e\u043a\u0441\u0438\u043b\u044c\u043d\u044b\u043c wi\u0105zk\u0105 wewn\u0105trz.<\/p>\n<p>Diese Kombination, wie die Begrenzung des Verzehrs von zus\u00e4tzlichem Fett auf 30 % der Kalorien EPHEDRIN HCL PULVER\u00a0 und m\u00e4\u00dfige Bewegung, scheint das K\u00f6rperfett zu reduzieren, das &#8222;l\u00e4stige&#8220; Cholesterin der unteren Lipoproteinschicht (LDL) zu senken und das &#8222;ausgezeichnete&#8220; Cholesterin der oberen Lipoproteinschicht (<a href=\"https:\/\/kokaindrogekaufen.com\/pl\/product\/ketamin-500-mg-10-ml-zu-verkaufen\/\">HDL<\/a>) zu erh\u00f6hen. Ephedrin ist ein Energizer im Allgemeinen, und ich bin auf der Suche nach einer weniger schwierigen Weg, um gebildete als Kaffee (die schlecht angeordnet werden k\u00f6nnen, weil der Aufbau von Widerstand, nicht ganz beweglich, und Koffein ist wirklich ein Diuretikum).Ephedrin zum Verkauf<\/p>\n<p>Efedryna nie nale\u017cy przyjmowa\u0107 w czasie ci\u0105\u017cy, chyba \u017ce wyra\u017anie przepisane przez lekarza, i tylko w tym przypadku, je\u015bli nie ma innych dost\u0119pnych alternatyw. Jednak po\u0142\u0105czenie efedryny mog\u0105 powodowa\u0107 drobne ulepszenia w obci\u0105\u017ceniu na kr\u0105\u017cenie krwi i cz\u0119sto\u015bci akcji serca nawet u starannie przebadanych i sprawdzonych lub bardziej prawdopodobne, dostosowanych doros\u0142ych. Efedryna na sprzeda\u017c<\/p>\n<h3>KUP ONLINE EFEDRYNA:<\/h3>\n<p>Istniej\u0105 powa\u017cne obawy co do bezpiecze\u0144stwa tego produktu, poniewa\u017c zawiera znaczne ilo\u015bci no\u015bnika energii efedryny i kofeiny, i czasami przyjmuje si\u0119 doustnie, nie sprawdzaj\u0105c na obecno\u015b\u0107 szkodliwych skutk\u00f3w ubocznych. Efedryna zmniejsza r\u00f3wnie\u017c opr\u00f3\u017cnianie \u017co\u0142\u0105dka. Metyloksantyny, takie jak kofeina i teofilina, maj\u0105 bardzo synergicznych relacji z efedryna do rozk\u0142adu t\u0142uszczu. Efedryna na sprzeda\u017c<\/p>\n<p>Dies EPHEDRIN HCL PULVER f\u00fchrte dazu, dass sich das Blatt wendete und im Internet zusammengesetzte Produkte vorgestellt wurden. Einer von ihnen, bekannt als der eca-Stack, kombiniert Ephedrin mit Koffein und entz\u00fcndungshemmenden Medikamenten. Es ist ein beliebtes Nahrungserg\u00e4nzungsmittel, das von Muskelprotzen verwendet wird, die herausfinden wollen, wie sie vor einem Wettkampf K\u00f6rperfett abbauen k\u00f6nnen. Bei der Behandlung von Asthma wurde Ephedrin h\u00e4ufig als abschwellendes und bronchienerweiterndes Mittel eingesetzt. Ephedrin zu verkaufen<\/p>\n<p>On nadal u\u017cywany w tych znakach, cho\u0107 jego uznanie jest zmniejszona ze wzgl\u0119du na po\u0142o\u017cenie si\u0119 do niego bardziej przekonuj\u0105ce specjalist\u00f3w w tym funkcjonalny, u kt\u00f3rych znacznie mniej niekorzystnych wynik\u00f3w. Jego rola w niedro\u017cno\u015bci nosa zosta\u0142a w du\u017cej mierze zast\u0105piona znacznie silniejszymi agonist\u00f3w receptor\u00f3w adrenergicznych receptor\u00f3w. Efedryna na sprzeda\u017c<\/p>\n<p>Efedryna mo\u017ce by\u0107 wykryty we krwi, osoczu lub moczu w celu wykrycia ewentualnych nadu\u017cy\u0107 ze strony konkurencji i w celu potwierdzenia dost\u0119pno\u015bci szkody lub pomocy w s\u0105dowo-medyczn\u0105 \u015bledztwa w sprawie \u015bmierci. Wiele mechaniczne \u0438\u043c\u043c\u0443\u043d\u043e\u0430\u043d\u0430\u043b\u0438\u0442\u0438\u0447\u0435\u0441\u043a\u0438\u0435 przesiewowe badania zwi\u0105zane z amfetaminy, najwyra\u017aniej, krzy\u017ca reaguj\u0105 z efedryna, ale \u0445\u0440\u043e\u043c\u0430\u0442\u043e\u0433\u0440\u0430\u0444\u0438\u0447\u0435\u0441\u043a\u0438\u0435 metody, z pewno\u015bci\u0105 mog\u0105 odr\u00f3\u017cni\u0107 efedryna od innych podrz\u0119dnych po\u0142\u0105cze\u0144 fenyloetyloaminy. Efedryna na sprzeda\u017c<\/p>\n<h4>EFEDRYNA DO SPRZEDA\u017bY W INTERNECIE:<\/h4>\n<p>Efedryna - to narz\u0119dzie rozszerzaj\u0105ce oskrzela, kt\u00f3re mo\u017cna u\u017cy\u0107 jako kr\u00f3tkoterminowego \u0431\u0435\u0437\u0440\u0435\u0446\u0435\u043f\u0442\u0443\u0440\u043d\u043e\u0433\u043e \u015brodki od astmy. Ponadto, jest on przydatny jako wzmacniacza, i do tego celu si\u0119 go cz\u0119sto kupuj\u0105 kierowcy ci\u0119\u017car\u00f3wek na parkingach dla samochod\u00f3w ci\u0119\u017carowych. Poniewa\u017c jest to prekursor metamfetaminy, z 2006 roku, jego sprzeda\u017c na przystankach dla samochod\u00f3w ci\u0119\u017carowych zosta\u0142a znacznie ograniczona przez w\u0142adze USA. Efedryna zamieni\u0142 si\u0119 w bardzo niezwyk\u0142e i niesamowite narz\u0119dzie do leczenia astmy, szczeg\u00f3lnie dlatego, \u017ce w odr\u00f3\u017cnieniu od adrenaliny, mo\u017ce by\u0107 podawany doustnie (do ko\u0144ca standardowego leczenia). Efedryna na sprzeda\u017c<br \/>\nArticle sponsoris\u00e9 Trouvez quelque chose pour tout le monde dans notre collection de chaussettes color\u00e9es, lumineuses et \u00e9l\u00e9gantes. Achetez individuellement ou en lots pour ajouter de la couleur \u00e0 votre <a href=\"https:\/\/www.high-endrolex.com\/\" target=\"_blank\" rel=\"noopener\">sock<\/a> tiroir!<br \/>\nSzczyt stosowania efedryny w leczeniu astmy oskrzelowej przypad\u0142 na koniec lat 1950-tych, po czym jego lecznicze zastosowanie stopniowo i systematycznie skr\u00f3cono. Efedryna zamieni\u0142 si\u0119 ze standardowego przepisu w dziwne miejsce ulicznych lek\u00f3w i suplement\u00f3w od\u017cywczych. Efedryna i \u044d\u0444\u0435\u0434\u0440\u0438\u043d\u043e\u0432\u044b\u0435 produkty i preparaty surowo zabronione w wielu krajach na ca\u0142ym \u015bwiecie, poniewa\u017c s\u0105 one kluczowym sk\u0142adnikiem w produkcji wywo\u0142uj\u0105cego wci\u0105gaj\u0105ca po\u0142\u0105czenia metamfetaminy. Efedryna na sprzeda\u017c<\/p>\n<p>przy sta\u0142ym stosowaniu efedryny cz\u0119sto jest bezpieczny i dobrze tolerowany; jednak kolejne negatywne efekty to wzrost akcji serca, wysokie ci\u015bnienie krwi i nerwowo\u015b\u0107, kt\u00f3re cz\u0119sto odbywaj\u0105 si\u0119 wkr\u00f3tce po pierwszym tygodniu stosowania. Chocia\u017c suplementy diety, zawieraj\u0105ce \u044d\u0444\u0435\u0434\u0440\u0438\u043d\u043e\u0432\u044b\u0435 alkaloidy, obecnie s\u0105 u\u017cywane przez wielu ludzi z wystarczaj\u0105cym poziomem bezpiecze\u0144stwa i rentowno\u015bci, mog\u0105 by\u0107 bardzo niebezpieczne dla os\u00f3b cierpi\u0105cych na niekt\u00f3rych powa\u017cnych chor\u00f3b. Efedryna na sprzeda\u017c<\/p>\n<h4>PROSZEK EFEDRYNY HCL DO SPRZEDA\u017bY:<\/h4>\n<p>R\u00f3\u017cne tematyczne badania wykaza\u0142y, \u017ce alkaloidy efedryny s\u0105 przyczyn\u0105 rzeczywistych niekorzystnych skutk\u00f3w zdrowotnych u os\u00f3b uzale\u017cnionych, w tym, mi\u0119dzy innymi, zawa\u0142 serca, udar m\u00f3zgu, drgawki, a w skrajnych przypadkach nawet \u015bmier\u0107. Efedryna jest anty-\u015brodkiem i wsp\u00f3lnym bronchodilator. Dzia\u0142a poprzez zmniejszenie obrz\u0119ku i zw\u0119\u017cenia naczy\u0144 krwiono\u015bnych w nosowych i rozbudowy dr\u00f3g oddechowych w p\u0142ucach, co znacznie u\u0142atwia oddychanie. Efedryna na sprzeda\u017c<\/p>\n<p>Ponadto, stymuluje przemian\u0119 materii, wi\u0119c organizm mo\u017ce spali\u0107 znacznie wi\u0119cej energii i niechcianego t\u0142uszczu w ci\u0105gu dnia roboczego w wyniku procesu znanego jako termogenez\u0119, przy \u043d\u0435\u0438\u043d\u0442\u0435\u043d\u0441\u0438\u0432\u043d\u043e\u0439 aktywno\u015bci. Wi\u0119kszo\u015b\u0107 ludzi, kt\u00f3rzy siedz\u0105 na diecie, otrzymuj\u0105 lek wcze\u015bnie rano lub po po\u0142udniu, aby maksymalnie stymulowa\u0107 metabolizm w ci\u0105gu dnia. Suplementy efedryny, zwykle nie s\u0105 przeznaczone do leczenia \u017cadnych chor\u00f3b, cho\u0107 udowodniono, \u017ce s\u0105 one skuteczne dla wi\u0119kszo\u015bci ludzi w kr\u00f3tkim okresie. Efedryna na sprzeda\u017c<\/p>\n<p>Es steht Ihnen frei zu versuchen, Rockford Chronic Ephedrine unbegrenzt zu wiederholen; EPHEDRIN HCL PULVER k\u00fcmmert sich nicht darum, wie sie beginnen. Ich wollte Sie nur darauf hinweisen, und ich war mir nicht sonderlich bewusst, dass die pr\u00e4kanzer\u00f6sen intraven\u00f6sen Sulfat-Injektionen \u00fcber die frei verk\u00e4ufliche Linie um den Stapel herum dr\u00e4ngen. Ich bin neugierig, was Hochwertiges Ephedrin HCL Pulver f\u00fcr effektive Gewichtsabnahme und Energie-Boost. Jetzt bestellen und von schnellem Versand profitieren! ist \u00fcber 2 neben einem EPHEDRINE EPHEDRINE<a href=\"https:\/\/hhcgraskaufen.com\/\" target=\"_blank\" rel=\"noopener\"> HCL<\/a> zu stoppen Juckreiz und Tropf plus eine glatte in Blutdruck Ebene. Ephedrin zum Verkauf<\/p>\n<p>Przede wszystkim, prosz\u0119, wyja\u015bnij cechy wsp\u00f3lne: efedryna HCL i pseudoefedryn\u0119 s\u0105 naturalne alkaloidy, pochodz\u0105cych z ga\u0142\u0119zi efedryny. Efedryna i pseudoefedryna zawarte w herbacie z \u044d\u0444\u0435\u0434\u0440\u043e\u0439 i \u017cywno\u015bci dodatkowi efedryna. Aby oceni\u0107 ich mobilno\u015b\u0107 i czas reakcji. Oznacza to, \u017ce brali biologicznie aktywny dodatek w spos\u00f3b zr\u00f3wnowa\u017cony. Bowman oferuje unikalne do\u015bwiadczenie, kt\u00f3rego nie ma w derma-centrum. Efedryna na sprzeda\u017c<\/p>\n<h5>wi\u0119cej:<\/h5>\n<p>EPHEDRIN HCL PULVER Schlucken Sie die Flasche ganz und versuchen Sie, die zuf\u00e4llige Enthauptung zu defibrillieren; Guaifenesin kann verwendet werden, um die Brillen zun\u00e4chst auszugleichen. Mittelsmann EPHEDRINE HCL ist die Zeit zu starten. Es kommt nicht jeden Tag vor, dass wir keinen freien Moment haben, aber fast jeder seri\u00f6se Entwickler hat ihn. EPHEDRINE HCL sollte nicht dazu f\u00fchren, dass Hirnblutungen, Schlaganf\u00e4lle oder Herzrhythmusst\u00f6rungen in indische Generika aufgenommen werden, wenn es nur statistisch oder mental war. Ephedrin zum Verkauf<\/p>\n<p>Efedryna jest aktywnym sk\u0142adnikiem Ma \u0425\u0443\u0430\u043d\u0433\u0430, ro\u015blin leczniczych, kt\u00f3re by\u0142y u\u017cywane w Chinach od tysi\u0105cleci. Efedryna zosta\u0142 dok\u0142adnie zbadany i jest stosunkowo niezawodne po\u0142\u0105czenia dla kr\u00f3tko-i \u015brednioterminowej utraty wagi (mniej ni\u017c 6 miesi\u0119cy) i umiarkowanej poprawy stanu zdrowia u wyszkolonych m\u0119\u017cczyzn i kobiet. jednak jest skuteczny we wszystkich trudnych sytuacjach; d\u0142ugoterminowa utrata t\u0142uszczu i wyniki przeszkolonych os\u00f3b nie badano. Wa\u017cnym, a czasem i niekorzystny sukces Efedryna na sprzeda\u017c<\/p>\n<p>Ludzie, kt\u00f3rzy ponownie b\u0142\u0105d efedryna, mo\u017ce wyst\u0105pi\u0107 bezsenno\u015b\u0107. Efedryna HCL nale\u017cy do klasy lek\u00f3w znanych jako simpatomimetiki, bo wygl\u0105da jak na substancje chemiczne, wytwarzane reakcj\u0105 wsp\u00f3\u0142czulnego strachu podczas &#034;walki lub ucieczki&#034;. Lek wi\u0105\u017ce si\u0119 z alfa - i beta-adrenoreceptors, powoduj\u0105c stymulacj\u0119 tkanki nerwowej podobnie uwolnienie adrenaliny. Efedryna na sprzeda\u017c<\/p>","protected":false},"excerpt":{"rendered":"<h3 style=\"text-align: center;\">EPHEDRIN HCL PULVER<\/h3>\n<p>Hochwertiges Ephedrin HCL Pulver f\u00fcr effektive Gewichtsabnahme und Energie-Boost. Jetzt bestellen und von schnellem Versand profitieren!<\/p>","protected":false},"featured_media":1713,"comment_status":"open","ping_status":"closed","template":"","meta":{"content-type":""},"product_brand":[],"product_cat":[163],"product_tag":[],"class_list":{"0":"post-1696","1":"product","2":"type-product","3":"status-publish","4":"has-post-thumbnail","6":"product_cat-forschung-chemikalien","8":"first","9":"instock","10":"shipping-taxable","11":"purchasable","12":"product-type-variable"},"_links":{"self":[{"href":"https:\/\/kokaindrogekaufen.com\/pl\/wp-json\/wp\/v2\/product\/1696"}],"collection":[{"href":"https:\/\/kokaindrogekaufen.com\/pl\/wp-json\/wp\/v2\/product"}],"about":[{"href":"https:\/\/kokaindrogekaufen.com\/pl\/wp-json\/wp\/v2\/types\/product"}],"replies":[{"embeddable":true,"href":"https:\/\/kokaindrogekaufen.com\/pl\/wp-json\/wp\/v2\/comments?post=1696"}],"wp:featuredmedia":[{"embeddable":true,"href":"https:\/\/kokaindrogekaufen.com\/pl\/wp-json\/wp\/v2\/media\/1713"}],"wp:attachment":[{"href":"https:\/\/kokaindrogekaufen.com\/pl\/wp-json\/wp\/v2\/media?parent=1696"}],"wp:term":[{"taxonomy":"product_brand","embeddable":true,"href":"https:\/\/kokaindrogekaufen.com\/pl\/wp-json\/wp\/v2\/product_brand?post=1696"},{"taxonomy":"product_cat","embeddable":true,"href":"https:\/\/kokaindrogekaufen.com\/pl\/wp-json\/wp\/v2\/product_cat?post=1696"},{"taxonomy":"product_tag","embeddable":true,"href":"https:\/\/kokaindrogekaufen.com\/pl\/wp-json\/wp\/v2\/product_tag?post=1696"}],"curies":[{"name":"wp","href":"https:\/\/api.w.org\/{rel}","templated":true}]}}