{"id":1703,"date":"2023-06-27T19:20:33","date_gmt":"2023-06-27T18:20:33","guid":{"rendered":"https:\/\/kokaindrogekaufen.com\/?post_type=product&#038;p=1703"},"modified":"2024-08-01T10:15:12","modified_gmt":"2024-08-01T09:15:12","slug":"etizolam-pulver-zum-verkauf","status":"publish","type":"product","link":"https:\/\/kokaindrogekaufen.com\/pl\/product\/etizolam-pulver-zum-verkauf\/","title":{"rendered":"\u042d\u0422\u0418\u0417\u041e\u041b\u0410\u041c PROSZEK DO SPRZEDA\u017bY"},"content":{"rendered":"<h2>\u042d\u0422\u0418\u0417\u041e\u041b\u0410\u041c PROSZEK DO SPRZEDA\u017bY<\/h2>\n<p>Von Nord- bis S\u00fcdamerika, Europa bis Asien, haben wir wirklich hochwertige, reine <a href=\"https:\/\/kokaindrogekaufen.com\/pl\/kokain-preis\/\">Etizolam<\/a> zum Verkauf. Etizolam ist gedacht, um Antidepressiva, gegen Stress und Angst, und insgesamt Gleichgewicht Ergebnisse in der Organisation zu erreichen und wurde f\u00fcr den medizinischen Einsatz in dieser Situation auch genehmigt. Obgleich die Medikation craving Verbesserung verursachen kann, erscheint dieser Effekt nicht in allen K\u00e4ufern.<\/p>\n<p>Kiedy ludzie og\u0142aszaj\u0105 o rozpadzie \u044d\u0442\u0438\u0437\u043e\u043b\u0430\u043c\u0430, podgrzewanie go, aby pom\u00f3c rozpu\u015bci\u0107, nie powinien powodowa\u0107 problem\u00f3w, a transformacja w proszku w planowanej ilo\u015bci p\u0142yn\u00f3w i silne potrz\u0105sanie powinno zadzia\u0142a\u0107 bardzo przez jaki\u015b czas. Jeden miligram \u044d\u0442\u0438\u0437\u043e\u043b\u0430\u043c\u0430 ma dzia\u0142anie podobne do dziesi\u0119ciu miligramom valium (diazepam). \u042d\u0442\u0438\u0437\u043e\u043b\u0430\u043c nie mo\u017cna traktowa\u0107 jak benzodiazepiny, poniewa\u017c ma system substancji, charakteryzuj\u0105cych si\u0119 \u0442\u0438\u043e\u0444\u0435\u043d\u043e\u0432\u044b\u043c pier\u015bcieniem, a nie \u0431\u0435\u043d\u0437\u043e\u043b\u044c\u043d\u044b\u043c pier\u015bcieniem. \u042d\u0442\u0438\u0437\u043e\u043b\u0430\u043c na sprzeda\u017c<\/p>\n<p>Poniewa\u017c wi\u0119kszo\u015b\u0107 kraj\u00f3w \u015bwiata nie zabraniaj\u0105 odpowiedniki benzodiazepin, ten lek dopuszczony praktycznie we wszystkich krajach \u015bwiata. To jest legalne w dowolnym miejscu na \u015bwiecie! On ma \u0430\u043d\u043a\u0441\u0438\u043e\u043b\u0438\u0442\u0438\u0447\u0435\u0441\u043a\u0438\u043c\u0438, uspokajaj\u0105ce, nasenne, \u0430\u043c\u043d\u0435\u0437\u0438\u0430\u043b\u044c\u043d\u044b\u043c\u0438 i w\u0142a\u015bciwo\u015bci relaksuj\u0105ce, podobnych mu sie po\u0142\u0105czenia, \u0430\u043b\u043f\u0440\u0430\u0437\u043e\u043b\u0430\u043c\u0443 i inne benzodiazepiny. Jedno badanie, w kt\u00f3rym u\u017cyto \u044d\u0442\u0438\u0437\u043e\u043b\u0430\u043c, pokazywa\u0142, \u017ce jest on ca\u0142kowicie eliminuje s\u0142yszalne sny u schizofrenik\u00f3w. \u042d\u0442\u0438\u0437\u043e\u043b\u0430\u043c na sprzeda\u017c<\/p>\n<h4>KUPI\u0106 \u042d\u0422\u0418\u0417\u041e\u041b\u0410\u041c ONLINE:<\/h4>\n<p>Von Etizolam Pulver den \u00dcberlegungen, Etizolam ist k\u00fcnstlich mit Benzodiazepinen wahrgenommen und Kapazit\u00e4ten durch eine Beh\u00f6rde GABA-Rezeptor. Etizolam-Pulver wird in der Regel nicht verwendet. Stress und Nervosit\u00e4t sind normalerweise nicht unangenehm, aber es gibt eine Vielzahl von Angsterkrankungen. Nervosit\u00e4t Fragen sind eine Gruppe von psychischen Erkrankungen, die verwirrend und erstaunlich Druck, Spannung und Angst verursachen. Etizolam zum Verkauf<\/p>\n<p>Etizolam ist das gef\u00e4hrlichste Stressmedikament, das sich in Etizolam Pulver verwandeln kann. Es ist das beste System f\u00fcr Anf\u00e4lle und Hoffnungslosigkeit, und es wird sofort beginnen, um Ihnen ein Gef\u00fchl der Ruhe und Gelassenheit. Es kann auch zur Behandlung von Schlaflosigkeit und anderen Schlafst\u00f6rungen eingesetzt werden. Wenn Sie mit einer schwierigen Situation bei der Arbeit konfrontiert sind, vor einer Pr\u00fcfung stehen oder eine kritische Entscheidung treffen m\u00fcssen, erlebt jeder Mensch irgendwann Stress, und genau da k\u00f6nnen Etizolam Tabletten helfen. Etizolam zum Verkauf<\/p>\n<p>Mieszanki stanowi\u0105 zestawienie niekt\u00f3rych lepiej postrzegane przez badanych syntetycznych mieszanek, kt\u00f3re istniej\u0105 ju\u017c kilka lat. Poniewa\u017c istniej\u0105 ju\u017c od dawna, s\u0105 one cz\u0119sto zwi\u0105zane ze &#034;starej szko\u0142y&#034; RC. M\u00f3wi\u0105 te\u017c, \u017ce ludzie u\u017cywaj\u0105 narkotyk\u00f3w w celach rekreacyjnych, bo on ma takie efekty, jak wewn\u0119trzne samorozwoju, energetyczna maskowanie i poczucie pow\u015bci\u0105gliwo\u015bci. \u042d\u0442\u0438\u0437\u043e\u043b\u0430\u043c na sprzeda\u017c<\/p>\n<h4>\u042d\u0422\u0418\u0417\u041e\u041b\u0410\u041c DO SPRZEDA\u017bY W INTERNECIE:<\/h4>\n<p>Menschen ETIZOLAM PULVER haben es auch f\u00fcr Freizeitbesch\u00e4ftigungen verwendet. Dieser Artikel ist f\u00fcr Mess- und Testprogramme bestimmt. Es ist als Thieno-Diazepin klassifiziert und wurde speziell entwickelt, um die Benzodiazepin-Gesetzgebung zu umgehen. Etizolam hat die gleiche Wirkung wie Alprazolam. Der erweiterte Teil kann eine breite Palette von Ergebnissen verursachen, aber es kann auch ung\u00fcnstige Nebeneffekte haben, die Dinge wie extremen Unfug oder Tod in echten Bedingungen einschlie\u00dfen. Etizolam zum Verkauf<\/p>\n<p>Proszek \u044d\u0442\u0438\u0437\u043e\u043b\u0430\u043c\u0430, znany r\u00f3wnie\u017c jako \u044d\u0442\u0438\u043b\u0430\u0430\u043c lub \u044d\u0442\u0438\u0437\u0435\u0441\u0442, jest produkowany prosty \u0442\u0438\u0435\u043d\u043e\u0434\u0438\u0430\u0437\u0435\u043f\u0438\u043d i stanowi depresyjne po\u0142\u0105czenie, kt\u00f3re powoduje efekt przeciw rozci\u0105ganie, ukojenia i relaksu, por\u00f3wnywalne z efektami benzodiazepiny. Jest to dobrze znany badawczy substancja, kt\u00f3ra jest dost\u0119pna w formie tabletek, proszk\u00f3w lub opcji. \u042d\u0442\u0438\u0437\u043e\u043b\u0430\u043c na sprzeda\u017c<\/p>\n<p>Proszek \u044d\u0442\u0438\u0437\u043e\u043b\u0430\u043c\u0430 sk\u0142ada si\u0119 z 99,8% czystego \u044d\u0442\u0438\u0437\u043e\u043b\u0430\u043c\u0430. To szklistego po\u0142\u0105czenie bez zapachu, nierozpuszczalny w wodzie, ale w pewnym stopniu rozpuszcza si\u0119 w etanolu. Tymczasem, dzia\u0142a jako rozpuszczalnik w chloroformie i \u043c\u0435\u0442\u0430\u043d\u043e\u043b\u043a\u0443\u0440\u0435. Mimo, \u017ce nadal jest uwa\u017cana za lek na recept\u0119, legalno\u015b\u0107 \u044d\u0442\u0438\u0437\u043e\u043b\u0430\u043c\u0430 nie jest kontrolowana i nie ogranicza si\u0119 w Stanach Zjednoczonych, poniewa\u017c musi wyznaczy\u0107 licencjonowany specjalista. \u042d\u0442\u0438\u0437\u043e\u043b\u0430\u043c na sprzeda\u017c<\/p>\n<h5>artyku\u0142 :<\/h5>\n<p>Die pulverisierte Etizolam Portion wird h\u00e4ufig empfohlen, nicht mehr als 1mg pro Portion zu sein. Es wirkt, indem es den Geist des Individuums beruhigt, indem es auf die Benzodiazepin-Seite der GABA-Rezeptoren des Gro\u00dfhirns wirkt. Etizolam wurde mit <a href=\"https:\/\/kaufenxanax.com\/\" target=\"_blank\" rel=\"noopener\">Alprazolam<\/a> und Bromazepam bei der Behandlung der generalisierten Angstst\u00f6rung verglichen. Etizolam zu verkaufen<\/p>\n<p>\u042d\u0442\u0438\u0437\u043e\u043b\u0430\u043c przekroczy\u0142a dw\u00f3ch innych lek\u00f3w zalecanych przez lekarzy we wst\u0119pnym badaniu, w stymuluj\u0105ce efektu. Kiedy b\u0142\u0119kitne spo\u0142eczno\u015b\u0107 rozpuszcza si\u0119 w czystych cieczach, to przybiera kolor niebieski. Jednak niebieski kolor mo\u017ce \u0440\u0430\u0437\u043c\u044b\u0432\u0430\u0442\u044c\u0441\u044f w przypadku dostania si\u0119 do wn\u0119trza p\u0142yn\u00f3w bardziej ciemnego koloru. Niebieski kolor nie b\u0119dzie dost\u0119pny w \u043d\u0435\u044d\u043a\u0441\u043a\u043b\u044e\u0437\u0438\u0432\u043d\u044b\u0445 wariantach Rohypnol. \u042d\u0442\u0438\u0437\u043e\u043b\u0430\u043c na sprzeda\u017c<\/p>\n<p>Zazwyczaj odnosi si\u0119 to do og\u00f3lnej d\u0142ugo\u015bci, na kt\u00f3r\u0105 wp\u0142ywa dzia\u0142anie substancji, a tak\u017ce do ca\u0142kowitej liczby, \u0441\u0436\u0438\u0433\u0430\u0435\u043c\u043e\u043c\u0443 na pewien okres czasu. Lek ten jest zazwyczaj uwa\u017ca si\u0119, jest u\u017cywana do stresu i odzyskiwania pami\u0119ci. Ludzie zwykle u\u017cywaj\u0105 lekarstwo w celu relaksu, poniewa\u017c ono mo\u017ce powodowa\u0107 skutki uboczne, takie jak obrz\u0119k sumienia. \u042d\u0442\u0438\u0437\u043e\u043b\u0430\u043c na sprzeda\u017c<\/p>","protected":false},"excerpt":{"rendered":"<h4 style=\"text-align: center;\">ETIZOLAM PULVER<\/h4>\n<h4 style=\"text-align: center;\"><\/h4>\n<p>&nbsp;<\/p>","protected":false},"featured_media":1714,"comment_status":"open","ping_status":"closed","template":"","meta":{"content-type":""},"product_brand":[],"product_cat":[163],"product_tag":[],"class_list":{"0":"post-1703","1":"product","2":"type-product","3":"status-publish","4":"has-post-thumbnail","6":"product_cat-forschung-chemikalien","8":"first","9":"instock","10":"shipping-taxable","11":"purchasable","12":"product-type-variable"},"_links":{"self":[{"href":"https:\/\/kokaindrogekaufen.com\/pl\/wp-json\/wp\/v2\/product\/1703"}],"collection":[{"href":"https:\/\/kokaindrogekaufen.com\/pl\/wp-json\/wp\/v2\/product"}],"about":[{"href":"https:\/\/kokaindrogekaufen.com\/pl\/wp-json\/wp\/v2\/types\/product"}],"replies":[{"embeddable":true,"href":"https:\/\/kokaindrogekaufen.com\/pl\/wp-json\/wp\/v2\/comments?post=1703"}],"wp:featuredmedia":[{"embeddable":true,"href":"https:\/\/kokaindrogekaufen.com\/pl\/wp-json\/wp\/v2\/media\/1714"}],"wp:attachment":[{"href":"https:\/\/kokaindrogekaufen.com\/pl\/wp-json\/wp\/v2\/media?parent=1703"}],"wp:term":[{"taxonomy":"product_brand","embeddable":true,"href":"https:\/\/kokaindrogekaufen.com\/pl\/wp-json\/wp\/v2\/product_brand?post=1703"},{"taxonomy":"product_cat","embeddable":true,"href":"https:\/\/kokaindrogekaufen.com\/pl\/wp-json\/wp\/v2\/product_cat?post=1703"},{"taxonomy":"product_tag","embeddable":true,"href":"https:\/\/kokaindrogekaufen.com\/pl\/wp-json\/wp\/v2\/product_tag?post=1703"}],"curies":[{"name":"wp","href":"https:\/\/api.w.org\/{rel}","templated":true}]}}