{"id":1709,"date":"2023-06-27T19:20:33","date_gmt":"2023-06-27T18:20:33","guid":{"rendered":"https:\/\/kokaindrogekaufen.com\/?post_type=product&#038;p=1709"},"modified":"2024-11-07T19:51:27","modified_gmt":"2024-11-07T19:51:27","slug":"ketaminpulver-zum-verkauf","status":"publish","type":"product","link":"https:\/\/kokaindrogekaufen.com\/pl\/product\/ketaminpulver-zum-verkauf\/","title":{"rendered":"PROSZEK KETAMINY NA SPRZEDA\u017b"},"content":{"rendered":"<h2>PROSZEK KETAMINY NA SPRZEDA\u017b<\/h2>\n<p>Und nicht nur das: Wir haben auch hochwertiges Ketaminpulver zu verkaufen, und zwar fast zum Nulltarif. Ketamin pulver kann die Empfindungen im K\u00f6rper einschr\u00e4nken, so dass man sich wie abgesch\u00f6pft oder abgesondert f\u00fchlt, weil die Einsicht und der Rahmen isoliert sind, so dass viele Menschen nicht in der Lage sind, ihre Gef\u00fchle zu \u00e4ndern. Das weithin erh\u00e4ltliche Ketamin-HCL-Pulver ist ein h\u00e4ufig verwendetes dissoziatives Beruhigungsmittel bei Krampfanf\u00e4llen. Ketamin pulver zum Verkauf<\/p>\n<p>Jest to cz\u0119sto zwi\u0105zane ze \u015bwiadomo\u015bci\u0105 bliskiej \u015bmierci i nazywa si\u0119 zwykle &#034;wej\u015bciem w Do-otw\u00f3r&#034;. Je\u015bli spr\u00f3bujesz znale\u017a\u0107 kogo\u015b na Ketaset, musisz natychmiast wr\u00f3ci\u0107 do swoich spraw lub przywr\u00f3ci\u0107 okoliczno\u015bci, je\u015bli to mo\u017cliwe, aby rozwi\u0105za\u0107 ten problem. Do natychmiastowej klinicznej pomoc\u0105 wybierz 911.Proszek ketaminy na sprzeda\u017c<\/p>\n<p>Allein aus diesen Zusammenstellungen lassen sich einige allgemeine Regeln f\u00fcr die Auswahl eines Fahrzeugs oder Lastwagens im Hinblick auf Hautprobleme und die Anwendungsstelle ableiten. Bei der Kombination von Wirkstoffen in einer Basis sollten die dermato-biopharmazeutischen Positionen des gesamten Ger\u00fcsts (Arzneimittel + Vehikel oder Vehikel) ber\u00fccksichtigt werden. Je nach Art und Dauer der Technik kann jedoch etwas mehr Diazepam erforderlich sein. Ketamin pulver zum Verkauf<\/p>\n<p>Rzeczywista sytuacja pacjenta, a tak\u017ce r\u00f3\u017cne szczeg\u00f3\u0142y. Je\u015bli poruszyli\u015bmy kt\u00f3re\u015b z powy\u017cszych pyta\u0144, to oczywiste, \u017ce prawdopodobnie cierpi na uszkodzeniem nerw\u00f3w lub degeneracj\u0105 nerw\u00f3w. To m\u0119cz\u0105ce stan, zwykle spowodowane przez nietypowe poziomem glukozy, co roku uderza kilka milion\u00f3w amerykan\u00f3w. Proszek ketaminy na sprzeda\u017c<\/p>\n<h3>KUPI\u0106 PROSZEK KETAMINY ONLINE:<\/h3>\n<p>Diese Strategie der Erhaltungsdosierung kann die Rate der psychischen Anzeichen w\u00e4hrend des Anstiegs verringern, insbesondere die wunscherf\u00fcllenden Einsichten und den Beginn des Wahnsinns. Ketaminpulver wird als &#8222;dissoziatives Beruhigungsmittel&#8220; eingestuft und wird als Beruhigungsmittel in Pulver- oder Fl\u00fcssigform vor allem bei Tieren eingesetzt. Es kann infundiert, in Getr\u00e4nken verbrannt, gegrunzt oder in Joints oder Zigaretten gemischt werden. Ketamin pulver wurde 1999 in die Liste der kontrollierten Substanzen in den USA aufgenommen.Ketaminpulver zum Verkauf<\/p>\n<p>Leki przeciwb\u00f3lowe, takie jak oksykodon lub paracetamol, stosowany w leczeniu \u0142agodnego do umiarkowanego b\u00f3lu, a tak\u017ce mog\u0105 by\u0107 stosowane w celu obni\u017cenia temperatury przy wzro\u015bcie temperatury. Podobnie jak inne standardowe \u015brodki uspokajaj\u0105ce, prywatna reakcja na proszek chlorowodorku ketaminy kilka zmieniaj\u0105 si\u0119 w zale\u017cno\u015bci od dawki, leczenia i wieku pacjenta, dlatego nie mo\u017cna wyci\u0105gn\u0105\u0107 jakiekolwiek wnioski. Proszek ketaminy na sprzeda\u017c<\/p>\n<p>Lek nale\u017cy miareczkowa\u0107 zgodnie z indywidualnymi potrzebami. Jednak szkieletow\u0105 masy nie nale\u017cy os\u0142abia\u0107 bez opieki. Ponadto, dla bardziej czasoch\u0142onnych metod. Przed przyst\u0105pieniem do zbierania innych zwyk\u0142ych \u015brodk\u00f3w uspokajaj\u0105cych. Z powodu implantacji chlorowodorku ketaminy. By\u0142o naprawd\u0119 pokazuje, \u017ce obs\u0142uguje administrator\u00f3w i niskie zu\u017cycie energii. rozwa\u017cny \u0445\u0438\u0445\u0438\u043a\u0430\u044e\u0449\u0438\u0439 gaz Szukasz kompetentnego klinicznego uwagi. Proszek ketaminy na sprzeda\u017c<\/p>\n<p>Jest to cz\u0119sto zwi\u0105zane ze \u015bwiadomo\u015bci\u0105 bliskiej \u015bmierci i w mowie potocznej nazywa si\u0119 &#034;strza\u0142em w Do-dziur\u0119&#034;. Aby obej\u015b\u0107 ten problem, je\u015bli pr\u00f3bujesz znale\u017a\u0107 kogo\u015b na Ketaset, nale\u017cy natychmiast wr\u00f3ci\u0107 do swoich spraw lub przywr\u00f3ci\u0107 okoliczno\u015bci, je\u015bli to mo\u017cliwe. Do natychmiastowej klinicznej opieki.Proszek ketaminy na sprzeda\u017c<\/p>\n<h3>PROSZEK KETAMINY DO SPRZEDA\u017bY W INTERNECIE:<\/h3>\n<p>Ketaminpulver hat eine intraven\u00f6se Halbwertszeit von 10 bis 15 Minuten und eine zugrunde liegende Schr\u00e4glage (Alpha-Segment) von etwa 45 Minuten. Dieser erste Schritt ist klinisch mit der sedierenden Wirkung des Medikaments verbunden. Der sedierende Verlauf gipfelt in einer Umstrukturierung des ZNS zu einem gem\u00e4chlicheren, angepassten Randgewebe und einer hepatischen Biotransformation zu einem Metaboliten. <a href=\"https:\/\/kokaindrogekaufen.com\/pl\/product\/ketamin-kristall-zu-verkaufen\/\">Ketaminpulver<\/a> zum Verkauf<\/p>\n<p>Mo\u017cna go u\u017cywa\u0107 tak\u017ce jako narkotyczne \u015brodki przeciwb\u00f3lowe do\u017cylnie w leczeniu ka\u017cdego rodzaju okre\u015blenie b\u00f3lu, zw\u0142aszcza \u043d\u0435\u0432\u0440\u043e\u043f\u0430\u0442\u0438\u0447\u0435\u0441\u043a\u043e\u0439. To ma dodatkow\u0105 zalet\u0119, kompensuj\u0105c zaostrzenie kr\u0119gos\u0142upa lub objawy pobudzenia zwi\u0105zane z poprzednimi cierpienia. W tych miejscach psychoaktywne efekty uboczne s\u0105 znacznie mniej widoczne i mo\u017cna je bardzo dobrze kontrolowa\u0107 przy u\u017cyciu benzodiazepin. Proszek ketaminy na sprzeda\u017c<\/p>\n<p>Proszek ketaminy, bez w\u0105tpienia, jest \u015brodek przeciwb\u00f3lowy, kt\u00f3ry dzia\u0142a najlepiej w po\u0142\u0105czeniu z narkotykiem w ni\u017cszych dawkach, poniewa\u017c, cho\u0107 nie tylko zmniejsza b\u00f3l, dawki, niezb\u0119dne dla satysfakcjonuj\u0105cej ulgi, znacznie wy\u017csze i mog\u0105 z wi\u0119kszym prawdopodobie\u0144stwem powodowa\u0107 \u0441\u0431\u0438\u0432\u0430\u044e\u0449\u0438\u0435 z tropu efekty uboczne stosowania oddzielnie.. Proszek ketaminy ma dzia\u0142anie odczulaj\u0105ce. Proszek ketaminy na sprzeda\u017c<\/p>\n<p>Dodatkowe informacje zostan\u0105 wykorzystane, aby upewni\u0107 si\u0119, \u017ce jeste\u015b wystarczaj\u0105co du\u017co odpoczynku przed procedur\u0105 medyczn\u0105. \u041a\u0435\u0442\u0430\u043c\u0438\u043d\u043e\u0432\u044b\u0439 proszek do sprzeda\u017cy - to lek, kt\u00f3ry jest cz\u0119sto u\u017cywany do indukcji i podtrzymania znieczulenia. Inne leki mog\u0105 z\u0142agodzi\u0107 te objawy, aby mo\u017cna by\u0142o kontynuowa\u0107 przyjmowanie ketamina, nie do\u015bwiadcza tych nieprzyjemnych skutk\u00f3w ubocznych. D\u0142ugo\u015b\u0107 dzia\u0142ania ketaminy zale\u017cy od dawki i sposobu podawania. Proszek ketaminy na sprzeda\u017c<\/p>\n<h4>KETAMINA DO SPRZEDA\u017bY:<\/h4>\n<p>Przy wy\u017cszych dawkach efekty staj\u0105 si\u0119 bardziej intensywne, i pacjenci donosz\u0105 o pe\u0142nym i \u043a\u0430\u0442\u0435\u0433\u043e\u0440\u0438\u0447\u0435\u0441\u043a\u043e\u043c oddziale od swojego cia\u0142a. Efekty zosta\u0142y opisane tak, jak gdyby\u015b prze\u017cy\u0142 zamkni\u0119t\u0105 \u015bmier\u0107, i zosta\u0142y opisane podczas leczenia stresu i niepokoju za pomoc\u0105 proszku ketaminy K-Gap&#034;. Efekt domi\u0119\u015bniowo cz\u0119sto wyst\u0119puje w ci\u0105gu czterech minut, a d\u0142ugo\u015b\u0107 mo\u017ce si\u0119 r\u00f3\u017cni\u0107 od dwudziestu do pi\u0119tnastu godzin. Proszek ketaminy na sprzeda\u017c<\/p>\n<p>Znieczulenie, znany r\u00f3wnie\u017c jako specjalny Do, ogromny i witamina K, mi\u0119dzy innymi, wprowadza pacjenta w stan transu i \u0142agodzi b\u00f3l. Proszek ketaminy jest dost\u0119pny w postaci p\u0142ynu do wstrzykiwa\u0144, zawiera ketamina. Jednak nasz proszek ketaminy HCl ma czysto\u015b\u0107 99,9%, bo on pochodzi z nowoczesnych laboratori\u00f3w. Jak w przypadku wszystkich lek\u00f3w, lek na recept\u0119, przyjemno\u015b\u0107 z halucynacji zale\u017cy od stanu psychicznego cz\u0142owieka. Proszek ketaminy na sprzeda\u017c<\/p>\n<p>Znowu, halucynacje, prawdopodobnie, b\u0119d\u0105 nieprzyjemne, je\u015bli u\u017cytkownik pr\u00f3buje unikn\u0105\u0107 awarii. Najprawdopodobniej to b\u0119dzie zale\u017ce\u0107 od przyczyny, dla kt\u00f3rej u\u017cywasz proszku ketaminy, i od tego, jak tw\u00f3j b\u00f3l zareaguje na procedury. Je\u015bli nie masz \u017cadnych negatywnych skutk\u00f3w ubocznych podczas przyjmowania proszku ketaminy, mo\u017cesz nadal z niego korzysta\u0107. Podczas leczenia lekarzowi, mo\u017ce by\u0107 konieczne dostosowanie dawki. Ka\u017cdy cz\u0142owiek inaczej reaguje na leki. Proszek ketaminy na sprzeda\u017c<\/p>\n<p>Poni\u017cej znajduj\u0105 si\u0119 niekt\u00f3re negatywne efekty proszku ketaminy, o kt\u00f3rych by\u0107 mo\u017ce nie wiedzieli\u015bcie. O jakimkolwiek negatywnym bocznej efekcie nale\u017cy natychmiast poinformowa\u0107 lekarza. Nadu\u017cywanie ketaminy go po\u0142kn\u0105\u0107 lub zamieniaj\u0105 w tabaka w proszku. Poniewa\u017c nie ma silny zapach lub smak, mo\u017cna go dyskretnie wpa\u015b\u0107 z wizyt\u0105 w picie, co doprowadzi do utraty pami\u0119ci. Proszek ketaminy s\u0142u\u017cy do uspokojenia pacjent\u00f3w przed operacj\u0105. Proszek ketaminy na sprzeda\u017c<\/p>\n<p>To zapobiega podra\u017cnienie i b\u00f3l za pomoc\u0105 tej metody i niekt\u00f3rych innych bada\u0144 zwi\u0105zanych ze zdrowiem. Ponadto, lekarze u\u017cywa\u0107 proszek do ketaminy i z innych powod\u00f3w. Proszek ketaminy, sprzedawany w Internecie w proszku pomaga nam na r\u00f3\u017cne sposoby, w tym leki przeciwb\u00f3lowe, interwencja chirurgiczna, \u0442\u0435\u0440\u043c\u043e\u044f\u0434\u0435\u0440\u043d\u0430\u044f terapia, i pole bitwy wypadki, ale, podobnie jak inne narkotyki, cz\u0119sto nadu\u017cywane, ale przy odpowiedzialnym stosowaniu mo\u017ce mie\u0107 taki sam efekt jak i inne leki, kt\u00f3re powoduj\u0105 \u015bmier\u0107. Proszek ketaminy na sprzeda\u017c<\/p>\n<h5>wi\u0119cej:<\/h5>\n<p>Die Bedeutung von Ketaminpulver kann nicht hoch genug eingesch\u00e4tzt werden. Es wird vor allem zur Behandlung von Krankheiten wie Depressionen und Schmerzen sowie bei Operationen und von Tier\u00e4rzten eingesetzt. <a href=\"https:\/\/thcvapecarts.net\" target=\"_blank\" rel=\"noopener\">Manche<\/a> Menschen missbrauchen Ketamin, weil sie es mit einer Clubdroge wie Molly oder Kokain verwechseln. Die Beschaffung von Ketamin pulver ist also kein Problem mehr. Das Problem wird in diesem Artikel gr\u00f6\u00dftenteils gel\u00f6st: Wissen Sie, welche Dosis Sie nehmen m\u00fcssen und wie Sie sie einfach einnehmen k\u00f6nnen? Ketamin wird in der Regel in Getr\u00e4nken verabreicht oder konsumiert. Ketaminpulver zum Verkauf<\/p>\n<p>By\u0107 mo\u017ce, jeszcze bardziej niepokoj\u0105ce jest to, \u017ce ludzie, kt\u00f3rzy jedz\u0105 w proszku ketamina (\u043a\u0435\u0442\u0430\u043b\u0430\u0440), mog\u0105 wyst\u0105pi\u0107 nudno\u015bci. Je\u015bli to powoduje wymioty, to mo\u017ce by\u0107 bardzo niebezpieczne, dlatego, \u017ce ludzie, kt\u00f3rzy s\u0105 w po\u0142owie drogi przez \u0434\u0438\u0441\u0441\u043e\u0446\u0438\u0438\u0440\u043e\u0432\u0430\u043d\u043d\u0443\u044e zamieszanie, cz\u0119sto okazuj\u0105 si\u0119 na plecach, co stwarza znaczne ryzyko uduszenia. Tak samo wiele os\u00f3b \u0437\u0430\u043a\u0443\u0440\u0438\u0432\u0430\u044e\u0442 papierosy. Stosowanie ketaminy mo\u017ce mie\u0107 wiele skutk\u00f3w ubocznych. Efekty te mog\u0105 by\u0107 bardziej widoczne u m\u0119\u017cczyzn i kobiet w wieku powy\u017cej 65 lat.<\/p>\n<p>Die Dauer der Wirkung von Ketamin pulver h\u00e4ngt von der Dosierung und der Art der Verabreichung ab. Die Wirkung einer intramuskul\u00e4ren Injektion tritt innerhalb von vier Minuten ein und kann zwischen zwanzig und drei\u00dfig Minuten andauern. Einige Menschen k\u00f6nnen \u00fcberm\u00e4\u00dfig empfindlich auf die Aussagen reagieren. Ihr Facharzt f\u00fcr Schmerztherapie wird mit Ihnen eine der einfachsten M\u00f6glichkeiten besprechen, Ketamin in Betracht zu ziehen. Wenn m\u00f6glich, wird Ketamin pulver oral als fl\u00fcssiges Medikament verabreicht. Die meisten Patienten nehmen Ketamin drei- bis viermal pro Tag ein.<\/p>","protected":false},"excerpt":{"rendered":"<p>KETAMINPULVER ZUM VERKAUF Und nicht nur das: Wir haben auch hochwertiges Ketaminpulver zu verkaufen, und zwar fast zum Nulltarif. Ketamin pulver kann die Empfindungen im K\u00f6rper einschr\u00e4nken, so dass man sich wie abgesch\u00f6pft oder abgesondert f\u00fchlt, weil die Einsicht und der Rahmen isoliert sind, so dass viele Menschen nicht in der Lage sind, ihre Gef\u00fchle zu \u00e4ndern. Das weithin erh\u00e4ltliche Ketamin-HCL-Pulver ist ein h\u00e4ufig verwendetes dissoziatives Beruhigungsmittel bei Krampfanf\u00e4llen. Ketamin pulver zum Verkauf Dies wird h\u00e4ufig mit der Einsicht in den nahen Tod in Verbindung gebracht und wird gemeinhin als &#8222;Eintritt in das K-Loch&#8220; bezeichnet. Wenn Sie versuchen, jemanden auf\u2026<\/p>","protected":false},"featured_media":1715,"comment_status":"open","ping_status":"closed","template":"","meta":{"content-type":""},"product_brand":[],"product_cat":[163],"product_tag":[],"class_list":{"0":"post-1709","1":"product","2":"type-product","3":"status-publish","4":"has-post-thumbnail","6":"product_cat-forschung-chemikalien","8":"first","9":"instock","10":"shipping-taxable","11":"purchasable","12":"product-type-variable"},"_links":{"self":[{"href":"https:\/\/kokaindrogekaufen.com\/pl\/wp-json\/wp\/v2\/product\/1709"}],"collection":[{"href":"https:\/\/kokaindrogekaufen.com\/pl\/wp-json\/wp\/v2\/product"}],"about":[{"href":"https:\/\/kokaindrogekaufen.com\/pl\/wp-json\/wp\/v2\/types\/product"}],"replies":[{"embeddable":true,"href":"https:\/\/kokaindrogekaufen.com\/pl\/wp-json\/wp\/v2\/comments?post=1709"}],"wp:featuredmedia":[{"embeddable":true,"href":"https:\/\/kokaindrogekaufen.com\/pl\/wp-json\/wp\/v2\/media\/1715"}],"wp:attachment":[{"href":"https:\/\/kokaindrogekaufen.com\/pl\/wp-json\/wp\/v2\/media?parent=1709"}],"wp:term":[{"taxonomy":"product_brand","embeddable":true,"href":"https:\/\/kokaindrogekaufen.com\/pl\/wp-json\/wp\/v2\/product_brand?post=1709"},{"taxonomy":"product_cat","embeddable":true,"href":"https:\/\/kokaindrogekaufen.com\/pl\/wp-json\/wp\/v2\/product_cat?post=1709"},{"taxonomy":"product_tag","embeddable":true,"href":"https:\/\/kokaindrogekaufen.com\/pl\/wp-json\/wp\/v2\/product_tag?post=1709"}],"curies":[{"name":"wp","href":"https:\/\/api.w.org\/{rel}","templated":true}]}}