{"id":1729,"date":"2023-06-27T19:20:43","date_gmt":"2023-06-27T18:20:43","guid":{"rendered":"https:\/\/kokaindrogekaufen.com\/?post_type=product&#038;p=1729"},"modified":"2024-07-31T09:14:08","modified_gmt":"2024-07-31T08:14:08","slug":"kaufen-kaliumzyanid-zum-verkauf","status":"publish","type":"product","link":"https:\/\/kokaindrogekaufen.com\/pl\/product\/kaufen-kaliumzyanid-zum-verkauf\/","title":{"rendered":"CYJANEK POTASU NA SPRZEDA\u017b"},"content":{"rendered":"<h3>CYJANEK POTASU NA SPRZEDA\u017b<\/h3>\n<p>Tym nie mniej, oferujemy w sprzeda\u017cy wysokiej jako\u015bci czysty cyjanek potasu w bardzo niskich cenach. Cyjanek potasu jest cz\u0119sto u\u017cywany w po\u0142\u0105czeniu ze strategi\u0105 cyjanku potasu. Ta m\u0119tna coko\u0142y s\u00f3l, podobny w wygl\u0105dzie do cukru, jest silnym rozpuszczalnikiem w wodzie pitnej. Cyjanek potasu jest silnym przeno\u015bnym inhibitorem oddechu, kt\u00f3ry dzia\u0142a na mitochondrialnego cytochromu c-oksydazy, t\u0142umi\u0105c tym samym \u043e\u043a\u0438\u0441\u043b\u0438\u0442\u0435\u043b\u044c\u043d\u043e\u0435 phosphorylation. Nast\u0119pnie w wyniku beztlenowej trawienia wyst\u0119puje zatrucie kwasu mlekowego.<\/p>\n<p>Ci\u0119\u017ckie \u0446\u0438\u0430\u043d\u0438\u0434\u043d\u043e\u0435 uszkodzenie najpierw prowadzi do ciemno-czerwonego lub \u043a\u0440\u0430\u0441\u043d\u043e\u0432\u0430\u0442\u043e\u043c\u0443 odcie\u0144 w miejscu uszkodzenia, dlatego, \u017ce tkanki nie mog\u0105 u\u017cywa\u0107 tlenu w krwi. Efekty cyjanku potasu i sodu s\u0105 takie same, i objawy uszkodzenia zazwyczaj pojawiaj\u0105 si\u0119 w ci\u0105gu kilku minut po za\u017cyciu substancji: cz\u0142owiek traci przytomno\u015b\u0107, i w ko\u0144cu nast\u0119puje \u015bmier\u0107 m\u00f3zgu. Dym tytoniowy zawiera cyjanek, jak i produkty spalania podrobionych produkt\u00f3w, takich jak tworzywa sztuczne. Cyjanek potasu na sprzeda\u017c<\/p>\n<p>KALIUMZYANID ZUM VERKAUF Zyanid ist bei der Herstellung von Papier, Stoffen und Kunststoffen sehr beliebt. Es ist derzeit in der Substanz, die intensiviert und wird verwendet, um Fotos zu erstellen. In der Metallurgie werden Zyanidsalze zur Galvanisierung, Metallreinigung und zur Entfernung von Gold aus dem Metall verwendet. W\u00e4hrend dieser Zeit kann der Verunfallte Kr\u00e4mpfe erleiden. Die Zahl der Todesopfer ist auf eine zerebrale Hypoxie zur\u00fcckzuf\u00fchren. Die Beschaffung von Kaliumcyanid ist nahezu unm\u00f6glich, auch wenn es einen Bericht \u00fcber den Verkauf von Kaliumcyanid aus China im Diskussionsforum des Tranquil Tablet Handbook gab. Kaliumcyanid zu verkaufen<\/p>\n<h4>KUPI\u0106 CYJANEK POTASU ONLINE:<\/h4>\n<p>Warto zauwa\u017cy\u0107, \u017ce cyjanek potasu jest bardzo toksyczny. W wyniku hydrolizy w wilgotnym kurniku powstaje kwas cyjanowodorowy, nieprzyjemne przypominaj\u0105cy migda\u0142y. W og\u00f3le, nie ka\u017cdy ma mo\u017cliwo\u015b\u0107 do\u015bwiadczy\u0107 tego do\u015bwiadczenia. Ludzie, poddanych dzia\u0142aniu niewielkiej ilo\u015bci cyjanowodoru przez drogi oddechowe, naniesieniu go na sk\u00f3r\u0119 lub spo\u017cywanie produkt\u00f3w zawieraj\u0105cych kwas cyjanowodorowy, mog\u0105 odczuwa\u0107 w og\u00f3le i w ci\u0105gu kilku minut lub kilka z nast\u0119puj\u0105cych objaw\u00f3w: zawroty g\u0142owy, b\u00f3l g\u0142owy, wymioty i nudno\u015bci, przyspieszony oddech, ko\u0142atanie serca, niepok\u00f3j, uczucie s\u0142abo\u015bci. Cyjanek potasu na sprzeda\u017c<\/p>\n<p>Intensywny odbi\u00f3r cyjanku, najprawdopodobniej b\u0119dzie mia\u0142 fantastyczny, szybki efekt, kt\u00f3ry natychmiast wp\u0142ywa na jelita, powoduj\u0105c nag\u0142y upadek, skurcze lub siln\u0105 letarg. Trwa\u0142e uszkodzenie spowodowane po\u0142ykaniem lub systemem biologicznym, zaczyna si\u0119 stopniowo. Tabletki cyjanku potasu maj\u0105 \u015bmierteln\u0105 dawk\u0119 (dla cz\u0142owieka) od 200 do 300 mg. Jego toksyczno\u015b\u0107 po po\u0142kni\u0119ciu zale\u017cy wymogom \u017co\u0142\u0105dka, poniewa\u017c musi on reagowa\u0107 z sod\u0105 \u0446\u0438\u0430\u043d\u0438\u0441\u0442\u044b\u043c wodorem, \u017ce jest \u015bmiertelnie strategi\u0105 dla cyjanku. Cyjanek potasu na sprzeda\u017c<\/p>\n<p>Nie nale\u017cy myli\u0107 nasze opakowania ze znacznym zestawem, co czyni j\u0105 szczeg\u00f3lnie uroczej lub wyrafinowane. Wiemy, \u017ce wi\u0119kszo\u015b\u0107 klient\u00f3w po prostu potrzebujesz wysokiej jako\u015bci tabletki, i nasze opakowania zaprojektowane w taki spos\u00f3b, aby chroni\u0107 swoje inwestycje. Cyjanek potasu mo\u017ce by\u0107 przygotowany na r\u00f3\u017cne sposoby w projektach, w zale\u017cno\u015bci od ich przeznaczenia. Jak sprawdzone organizacje i dostawcy cyjanku potasu, oferujemy 99,8% czysty KCN (cyjanek potasu), kt\u00f3ry jest znany ze swojej wysokiej rentowno\u015bci. Cyjanek potasu na sprzeda\u017c<\/p>\n<h4>CYJANEK POTASU DO SPRZEDA\u017bY W INTERNECIE:<\/h4>\n<p>Wir verf\u00fcgen derzeit \u00fcber ein unbegrenztes Angebot an qualitativ hochwertigem KALIUMZYANID ZUM VERKAUF\u00a0 Kaliumcyanid zum g\u00fcnstigsten Preis. Kaliumcyanid ist wie Natriumcyanid extrem zerst\u00f6rerisch, unbestreitbar giftig und wirkt selbst in kleinsten Mengen schnell. Die Exposition gegen\u00fcber Kaliumcyanid in fester Form kann extrem gef\u00e4hrlich sein, da es langsam giftige Gase in die Luft abgibt, die dann durch Einatmen abget\u00f6tet werden. Kaliumcyanid zum Verkauf<\/p>\n<p>Cyjanek potasu otrzymuj\u0105 ekonomiczny spos\u00f3b poprzez reakcje cyjanowodoru z p\u0142ynnym roztworem, kt\u00f3ry usuwa wod\u0119, tak, \u017ce okazuje si\u0119 przydatny cyjanek potasu. Cyjanek jest cz\u0119sto \u015bmierteln\u0105 substancj\u0105, kt\u00f3ra przy stosowaniu mo\u017ce prowadzi\u0107 do zgonu. Je\u015bli \u043f\u043e\u0438\u0449\u0435\u0442\u0435 cyjanek w Internecie, mo\u017cna si\u0119 czego\u015b dowiedzie\u0107. Wa\u017cne jest, aby wszystkie zainteresowane strony uzgodni\u0142y, \u017ce twoja strategia dzia\u0142a bez zarzutu. Cyjanek potasu na sprzeda\u017c<\/p>\n<p>Tabletki cyjanku potasu stanowi\u0105 niezwykle szkodliwy zwi\u0105zek, kt\u00f3ry jest inhibitorem wielu metabolicznych strategii i, w szczeg\u00f3lno\u015bci, jest u\u017cywany jako zarys odczynnika do wizualizacji \u0445\u0435\u043c\u043e\u0440\u0435\u0446\u0435\u043f\u0442\u043e\u0440\u043e\u0432. Dzi\u0119ki swoim niezwykle wyp\u0142acalny w\u0142a\u015bciwo\u015bciom jest on u\u017cywany w galwanotechnice i \u0437\u043e\u043b\u043e\u0442\u043e\u0434\u043e\u0431\u044b\u0447\u0435. Ponadto, oferujemy cyjanek potasu naszym hojnym darczy\u0144com za niskie ceny. Mo\u017cliwo\u015bci naszego produktu znajduj\u0105 si\u0119 poni\u017cej. Jest to bia\u0142a lub w\u015bciek\u0142y przezroczysta tkanina z lekkim migda\u0142owym zapachu (w konsekwencji cz\u0105stek cyjanku). Cyjanek potasu na sprzeda\u017c<\/p>\n<h4>PROSZEK CYJANKU POTASU DO SPRZEDA\u017bY:<\/h4>\n<p>Jego grubo\u015b\u0107 wynosi 1,52 g \/ ml, bez wzgl\u0119du na temperatur\u0119 skraplania 634,5 \u00b0 C. Cyjanek jest bardzo toksyczny i nale\u017cy go u\u017cywa\u0107 tylko do jednego szybkiego, skutecznego, \u0142atwego i pokojowego killing. Cyjanek jest r\u00f3wnie\u017c znany jako \u015bmiertelny pojemnik lub \u015bmiertelna tabletka, mi\u0119dzy innymi. Cyjanek potasu - to \u0432\u044b\u0441\u043e\u043a\u043e\u0442\u043e\u043a\u0441\u0438\u0447\u043d\u043e\u0435 po\u0142\u0105czenie s\u0142u\u017c\u0105ce do szybkiego i skutecznego stosowania. Jest on tak\u017ce u\u017cywany w rybo\u0142\u00f3wstwie do zabijania ryb, a nast\u0119pnie wyj\u0105\u0107 j\u0105 z wody - metoda, kt\u00f3ra dzi\u015b jest niezgodne z prawem z powodu znajduj\u0105 si\u0119 sk\u0142adnik\u00f3w. Cyjanek potasu na sprzeda\u017c<\/p>\n<p>Jeszcze jedno wyja\u015bnienie cyjanku potasu - to ponowne wykorzystanie z\u0142ota. Jako ekspert naukowy, czuj\u0119 si\u0119 zobowi\u0105zany wskaza\u0107, \u017ce pierwsza zaproponowana strategia nie doprowadzi do uzyskania czystego cyjanku potasu. W zale\u017cno\u015bci od ilo\u015bci u\u017cytych odczynnik\u00f3w nadal b\u0119dzie znaczne przebarwienia wodorotlenkiem potasu. Kolejnym celem cyjanek potasu - recykling z\u0142ota i srebra ze z\u0142omu stalowego, temat, kt\u00f3ry aktywnie dyskusji z powodu wspomnianej ju\u017c toksyczno\u015bci \u0446\u0438\u0430\u043d\u0438\u0434\u043e\u0432. Jego g\u0142\u00f3wne zastosowanie jest w produkcji tradycyjnych i naturalnych mieszanek, a tak\u017ce w produkcji wielu wa\u017cnych tkanin, tworzyw sztucznych i zatwierdzonych lek\u00f3w. Cyjanek potasu na sprzeda\u017c<\/p>\n<p>Dost\u0119pne s\u0105 r\u00f3wnie\u017c r\u00f3\u017cne badania \u015bmierci, spowodowanej cyjankiem. Mo\u017ce on by\u0107 wykonany ze stabilnego po\u0142\u0105czenia (KON) i s\u0142abego korozyjne agenta (HCN). W rzeczywisto\u015bci jest on u\u017cywany do wydobycia z\u0142ota, srebra i innych metali. Jest to jedna z odmian \u0446\u0438\u0430\u043d\u0438\u0434\u043e\u0432, zwi\u0105zanych z rozpadem \u0444\u0435\u0440\u0440\u043e\u0446\u0438\u0430\u043d\u0438\u0434\u0430 potasu do metody \u041a\u0430\u0441\u0442\u043d\u0435\u0440\u0430. Cyjanek potasu na sprzeda\u017c<\/p>\n<h4>TABLETKI CYJANKU POTASU DO SPRZEDA\u017bY:<\/h4>\n<p>Unstimmigkeiten im Herzen sind h\u00e4ufig. Der fokal beginnende Atemstillstand f\u00fchrt zum Tod. KALIUMZYANID ZUM VERKAUF Blaue Lippen, verminderter Bluthochdruck und<a href=\"https:\/\/lsdkaufen.store\/\" target=\"_blank\" rel=\"noopener\"> Krampfanf\u00e4lle<\/a> sind Anzeichen daf\u00fcr. F\u00fcr den Kunden\/die Zielperson, der\/die keine tats\u00e4chlichen Folgen einer Zyanidvergiftung zeigt, k\u00f6nnen extrem vorsichtige Wahrnehmung, zus\u00e4tzlicher Sauerstoff und starke R\u00fccksichtnahme eine ausreichende Behandlung sein.<\/p>\n<p>Pocz\u0105tkowe leczenie poszkodowanego, pokazuj\u0105cy fizyczne skutki zatrucia cyjankiem, obejmuje organizacj\u0119 leczenia pod okiem specjalisty klinicznego, przeprowadzenie dr\u00f3g i naczy\u0144 procedur (tlen i \u015br\u00f3d\u017cylni fluidy), rozwi\u0105zywanie syntetycznych nier\u00f3wnych oznak we krwi i obserwacja drgawki. Dar\u00fcber hinaus findet es Anwendung bei der Kombination von Hydantoinen, die bedeutende gef\u00e4lschte Zwischenprodukte sein k\u00f6nnen, wenn es mit einer Carbonylverbindung wie einem Aldehyd oder Keton in Gegenwart von Ammoniumcarbonat reagiert. Kaliumcyanid zum Verkauf<\/p>\n<p>Die durch Hefe vermittelte Umwandlung von Benzaldehyd in Acetaldehyd ist recht \u00fcberzeugend, da es sich um eine der ersten mechanisch bedeutsamen mikrobiellen Ver\u00e4nderungen handelt, wobei das entstandene Acyloin nun zu d-Ephedrin synthetisiert wird. Kaliumcyanid ist ein hervorragender Inhibitor der Zellatmung, der auf die mitochondriale Cytochrom-c-Oxidase einwirkt und so die oxidative Phosphorylierung hemmt. Kaliumcyanid zum Verkauf<\/p>\n<p>Als Folge des anaeroben Stoffwechsels kommt es dann zu einer Milchs\u00e4urevergiftung. Da das Gewebe den Sauerstoff im Blut nicht verwerten kann, f\u00fchrt eine schwere Zyanidsch\u00e4digung zun\u00e4chst zu einem dunkelroten oder rosigen Aussehen im Inneren des Opfers. Zyanid ist ein Etui, eine H\u00fclse, eine Ampulle oder eine Tablette, die eine t\u00f6dlich gef\u00e4hrliche Verbindung enth\u00e4lt, die beim Verzehr extrem giftiges Blaus\u00e4uregas freisetzt. Kaliumcyanid zu verkaufen<\/p>\n<h5>artyku\u0142 :<\/h5>\n<p>KALIUMZYANID ZUM VERKAUF Und reagiert, indem es den gesamten K\u00f6rper und seine Sinnesorgane wie den Verstand, das Herz und das fokale Angstprogramm erfasst. Infolgedessen ist die Sauerstoffaufnahme in den Venen des Opfers begrenzt, was zu einem lockeren und ruhigen Tod f\u00fchrt. 27 Weitere Hinweise auf den Herstellungswert sind die hefebedingte Anreicherung von Aldehyd (4a,b) mit fermentativ abgegebenem Acetaldehyd. Kaliumcyanid zum <a href=\"https:\/\/kokaindrogekaufen.com\/pl\/product\/ketamin-500-mg-10-ml-zu-verkaufen\/\">Verkauf<\/a><\/p>\n<p>Zusammen mit der Gleichung KCN ist Kaliumcyanid eine Verbindung. Dieses trockene, glasartige Salz, das im Aussehen dem Zucker \u00e4hnelt, l\u00f6st sich schnell in Trinkwasser. Der gr\u00f6\u00dfte Teil von KCN wird im Goldbergbau, bei der normalen Amalgamierung und in der Galvanotechnik verwendet. Zu den kleineren Anwendungen geh\u00f6ren Verzierungen zum \u00dcberziehen und Polieren von Verbindungen. Dadurch wird das Bild freigelegt und verfestigt, so dass es weniger anf\u00e4llig f\u00fcr eine sanfte Behandlung ist. Kaliumcyanid zum Verkauf<\/p>\n<p>Heutige Fotografen, die Platten mit Wasser \u00fcbergie\u00dfen, bevorzugen vielleicht weniger giftige Fixiermittel wie Natriumthiosulfat, aber KCN bleibt beliebt. Kaliumcyanidprodukte Kaliumcyanid hat eine t\u00f6dliche Dosis von 100-300 mg. Seine Toxizit\u00e4t bei der Einnahme wird durch den S\u00e4uregehalt des Magens bestimmt, vor allem weil es mit \u00e4tzenden Stoffen reagieren muss, um Blaus\u00e4ure, die gef\u00e4hrlichste Art von Zyanid, zu bilden. Kaliumcyanid zu verkaufen<\/p>","protected":false},"excerpt":{"rendered":"<p style=\"text-align: center;\">CYJANEK POTASU NA SPRZEDA\u017b<\/p>\n<hr \/>\n<p>Kaufen Sie hochwertiges Kaliumzyanid online. Wir bieten sicheren und diskreten Versand weltweit. Bestellen Sie jetzt und erhalten Sie Ihre Lieferung schnell.<\/p>","protected":false},"featured_media":1747,"comment_status":"open","ping_status":"closed","template":"","meta":{"content-type":""},"product_brand":[],"product_cat":[163],"product_tag":[200,201],"class_list":{"0":"post-1729","1":"product","2":"type-product","3":"status-publish","4":"has-post-thumbnail","6":"product_cat-forschung-chemikalien","7":"product_tag-kaufen-kaliumzyanid","8":"product_tag-kaufen-kaliumzyanid-online","10":"first","11":"instock","12":"shipping-taxable","13":"purchasable","14":"product-type-variable"},"_links":{"self":[{"href":"https:\/\/kokaindrogekaufen.com\/pl\/wp-json\/wp\/v2\/product\/1729"}],"collection":[{"href":"https:\/\/kokaindrogekaufen.com\/pl\/wp-json\/wp\/v2\/product"}],"about":[{"href":"https:\/\/kokaindrogekaufen.com\/pl\/wp-json\/wp\/v2\/types\/product"}],"replies":[{"embeddable":true,"href":"https:\/\/kokaindrogekaufen.com\/pl\/wp-json\/wp\/v2\/comments?post=1729"}],"wp:featuredmedia":[{"embeddable":true,"href":"https:\/\/kokaindrogekaufen.com\/pl\/wp-json\/wp\/v2\/media\/1747"}],"wp:attachment":[{"href":"https:\/\/kokaindrogekaufen.com\/pl\/wp-json\/wp\/v2\/media?parent=1729"}],"wp:term":[{"taxonomy":"product_brand","embeddable":true,"href":"https:\/\/kokaindrogekaufen.com\/pl\/wp-json\/wp\/v2\/product_brand?post=1729"},{"taxonomy":"product_cat","embeddable":true,"href":"https:\/\/kokaindrogekaufen.com\/pl\/wp-json\/wp\/v2\/product_cat?post=1729"},{"taxonomy":"product_tag","embeddable":true,"href":"https:\/\/kokaindrogekaufen.com\/pl\/wp-json\/wp\/v2\/product_tag?post=1729"}],"curies":[{"name":"wp","href":"https:\/\/api.w.org\/{rel}","templated":true}]}}