{"id":1735,"date":"2023-06-27T19:20:43","date_gmt":"2023-06-27T18:20:43","guid":{"rendered":"https:\/\/kokaindrogekaufen.com\/?post_type=product&#038;p=1735"},"modified":"2024-07-31T09:08:57","modified_gmt":"2024-07-31T08:08:57","slug":"ketamin-500-mg-10-ml-zu-verkaufen","status":"publish","type":"product","link":"https:\/\/kokaindrogekaufen.com\/pl\/product\/ketamin-500-mg-10-ml-zu-verkaufen\/","title":{"rendered":"KETAMINA 500 MG \/ 10 ML NA SPRZEDA\u017b"},"content":{"rendered":"<h2>KETAMINA 500 MG \/ 10 ML NA SPRZEDA\u017b<\/h2>\n<p>Tym nie mniej, Aaronay jest g\u0142\u00f3wnym dostawc\u0105 ketaminy, czyli \u043f\u043e\u043a\u0443\u043f\u043d\u043e\u0433\u043e ketaminy, na ca\u0142ym \u015bwiecie. Wprowadzenie podstawowego uspokajaj\u0105cy mo\u017ce by\u0107 odroczone do 15 minut po podaniu ketaminy, je\u015bli lek podawano domi\u0119\u015bniowo, jak tylko zacznie dzia\u0142a\u0107. Udowodniono, \u017ce ketamina jest skuteczny w usuwaniu atrakcyjnych efekt\u00f3w ubocznych tiopental. Silny g\u00f3rny jest r\u00f3wnie\u017c obecny w naszej ofercie nalewki ketaminy.<\/p>\n<p>Prawie zawsze warto zaczyna\u0107 od ma\u0142ych i przej\u015b\u0107 do elementu rozrywki. Te dwie substancje mog\u0105 spowodowa\u0107 znacz\u0105c\u0105 utrat\u0119 \u015bwiadomo\u015bci we wszystkich dziedzinach poprzez wzmocnienie ataksja i senno\u015b\u0107, spowodowanych obci\u0105\u017ceniami efekt\u00f3w. Je\u015bli nie przejdziesz w stan regeneracji, jest odbijanie w ciemno\u015bciach. Nale\u017cy pami\u0119ta\u0107, \u017ce zwykle mo\u017cna my\u015ble\u0107, z pewno\u015bci\u0105 wi\u0119cej, je\u015bli chodzi o leki, kt\u00f3re by\u0107 mo\u017ce brali, a nie tylko bra\u0107 mniej. Ketamina na sprzeda\u017c<\/p>\n<p>Ein KETAMIN 500 MG\u00a0 Kommentar \u00fcber die &#8222;K-\u00d6ffnung.&#8220; ist bekannt f\u00fcr die Herstellung von mehr magere Ergebnisse, die Menschen helfen, sich auf die Therapie Obstruktion Melancholie. Ketamin reduziert Stress, der durch k\u00f6rperliche oder emotionale Traumata verursacht wird, unabh\u00e4ngig davon, ob er dumpf oder intensiv ist. Menschen, die Schilddr\u00fcsenhormone einnehmen, haben bei der Verabreichung von Ketamin ein h\u00f6heres Risiko, Bluthochdruck und Tachykardie zu entwickeln. Ketamin scheint f\u00fcr gelegentliche Anwender relativ sicher zu sein. Bei h\u00e4ufigem Konsum besteht jedoch das potenzielle Langzeitrisiko einer Neurodegeneration. Ketamin zu verkaufen<\/p>\n<h4>KUPI\u0106 LEGALNY KETAMINA ONLINE:<\/h4>\n<p>U makak\u00f3w-\u0440\u0435\u0437\u0443\u0441\u043e\u0432 odroczony do\u017cylne leku (na dziewi\u0119\u0107 lub 24 godziny) doprowadzi\u0142o do umys\u0142owo elastyczny \u015bmierci. Ciosy mo\u017cna zobaczy\u0107 z grunt szybciej, ni\u017c w niekt\u00f3rych innych renomowanych drogach. Szybkie wch\u0142anianie lek\u00f3w bezpo\u015brednio do krwi przez b\u0142on\u0119 \u015bluzow\u0105 nosa przez epidemiologicznych. Ze wzgl\u0119du na szybki wzrost st\u0119\u017cenia w surowicy krwi, spowodowane przez grunt, ketamina mo\u017ce do\u015b\u0107 szybko pokona\u0107 barier\u0119 krew-m\u00f3zg. ketamine for sale<\/p>\n<p>Der Zweck der Momentum-Pr\u00fcfung war es, die Substanzbilanz und die k\u00f6rperliche \u00c4hnlichkeit von Ketamin zu bestimmen, nachdem eine 50 mg\/mL-Option mit sterilem Wasser f\u00fcr Infusionen auf 10 mg\/mL abgeschw\u00e4cht, in Glasfl\u00e4schchen geb\u00fcndelt und bei Raumtemperatur mit Offenheit f\u00fcr Sanftheit gelagert wurde. Dieses Medikament wird direkt vom Hersteller zu Ihnen nach Hause geliefert. Wir garantieren die Quantit\u00e4t, KETAMIN 500 MG\u00a0 die hohe Qualit\u00e4t und die Lebensf\u00e4higkeit unserer vom Arzt empfohlenen Medikamente. Ketamin zum Verkauf<\/p>\n<p>Ketamina jest zazwyczaj oferowane klientom zajmuj\u0105cym si\u0119 sportem, w jednej z dw\u00f3ch form. Z przesz\u0142ych soli, przedstawionych w postaci proszku lub kamieni szlachetnych (zwykle zwane od\u0142amkami), niezale\u017cnie w wielosk\u0142adnikowych butelkach do stosowania w medycynie weterynaryjnej i na recept\u0119. Odporno\u015b\u0107 na g\u0142\u00f3wnym efekt\u00f3w ketaminy rozwija\u0142a si\u0119 podczas d\u0142ugotrwa\u0142ego i wielokrotnego stosowania. Ludzie oczekuj\u0105, \u017ce te zamykaj\u0105ce b\u0119d\u0105 dynamicznie \u015bledzi\u0107 znacz\u0105ce dawki w celu uzyskania por\u00f3wnywalnych wynik\u00f3w. Ketamina na sprzeda\u017c<\/p>\n<h4>KETAMINA P\u0141YN DO SPRZEDA\u017bY:<\/h4>\n<p>Wtedy trzeba oko\u0142o trzech \u2013 kilka razy, aby odporno\u015b\u0107 w ca\u0142o\u015bci zosta\u0142a ograniczona do 50 procentami i wr\u00f3ci\u0142a do pierwotnego poziomu w ci\u0105gu 1-2 miesi\u0119cy (bez \u017cadnych dodatkowych koszt\u00f3w). Te butelki mog\u0105 mie\u0107 st\u0119\u017cenie od 5 mg \/ ml 100 mg \/ ml i mog\u0105 by\u0107 wykonane przez producenta. Ketamina na sprzeda\u017c<\/p>\n<p>Park-Davis koncentruje si\u0119 na przypadkach niezamierzonego przejadanie ketaminy, oko\u0142o dziesi\u0119\u0107 razy wi\u0119kszej ni\u017c ilo\u015b\u0107 wymagana dla transakcji (czyli od czterdziestu do 100 razy wi\u0119cej sportowej porcje) &#034;bez \u017cadnych \u0441\u0430\u043c\u043e\u043e\u0447\u0435\u0432\u0438\u0434\u043d\u044b\u0445, d\u0142ugotrwa\u0142ych skutk\u00f3w&#034;. Je\u015bli po podaniu chlorowodorku ketaminy obserwowano wymiotny pilenie, niekt\u00f3re polisy ubezpieczeniowe na trasie lotu mog\u0105 by\u0107 wprowadzane w wyniku jasnych gortanno-infekcji gard\u0142a z powodu odruch\u00f3w. Ketamina na sprzeda\u017c<\/p>\n<p>Jednak, poniewa\u017c chlorowodorek ketaminy mo\u017ce powodowa\u0107 niepok\u00f3j, a kopie refleks mo\u017cna zmniejszy\u0107 za pomoc\u0105 wspomagaj\u0105cego uspokajaj\u0105ce i rozlu\u017aniaj\u0105ce mi\u0119\u015bnie, nale\u017cy wzi\u0105\u0107 pod uwag\u0119 mo\u017cliwo\u015b\u0107 celowania. Dawki od 1 do 2 mg na kilogram sytuacyjnym t\u0142uszczu maj\u0105 intensywne dzia\u0142anie stymuluj\u0105ce i dysocjacyjne dzia\u0142anie w ci\u0105gu oko\u0142o godziny. Ketamina na sprzeda\u017c<\/p>\n<p>Odczucia mog\u0105 obejmowa\u0107 takie rzeczy jak zamykanie si\u0119 w sobie, emocje i widoczne rezultaty. Wy\u017csze obliczone dawki mog\u0105 dotrze\u0107 &#034;Do-przys\u0142ony&#034; dok\u0142adnie tam, gdzie ludzie znajduj\u0105 si\u0119 w stanie g\u0142\u0119bokiej sedacji, i to si\u0119 nazywa &#034;\u0432\u043d\u0435\u0442\u0435\u043b\u0435\u0441\u043d\u044b\u043c&#034; lub &#034;bliski \u015bmierci&#034; do\u015bwiadczeniem. Je\u015bli funkcja jest obs\u0142ugiwana przez w\u0142a\u015bciwy oddechowy wymiana, butelka z ketamin\u0105, zawieraj\u0105cy zwykle u\u017cywane zwyk\u0142e i pobliskie \u015brodki uspokajaj\u0105ce, jest klinicznie op\u0142acalne. Ketamina na sprzeda\u017c<\/p>\n<h4>KETAMINA DO SPRZEDA\u017bY W INTERNECIE:<\/h4>\n<p>Leki te mog\u0105 mie\u0107 wp\u0142yw na inteligentne my\u015blenie i zmniejszy\u0107 zdolno\u015b\u0107 chorego cz\u0142owieka bezpiecznie zgie\u0142ku. Ta klasa lek\u00f3w wpisany na list\u0119 lek\u00f3w. Dyrektywa, przyj\u0119ta zgodnie z pkt 5a Ustawy o ruchu drogowym 1988 roku. Pacjenci powinni by\u0107 poinformowani, a\u017c zaleca lekarstwo. Dawki przekraczaj\u0105ce 1 mg \/ litr, zwykle prowadz\u0105 do pe\u0142nego znieczulenia z niewielkim wzrostem do\u015bwiadczenia i mog\u0105 wymaga\u0107 d\u0142u\u017cszego okresu rekonwalescencji. Ketamina na sprzeda\u017c<\/p>\n<p>Utrata pami\u0119ci mo\u017ce wyst\u0105pi\u0107 podczas przyjmowania wysokich dawek z mniejsz\u0105 d\u0142ugo\u015bci\u0105 dzia\u0142ania. Jak wspomniano wcze\u015bniej, wprowadzenie znieczulenia uzyskuje si\u0119 poprzez wprowadzenie pe\u0142nej dawki ketaminy do\u017cylnie lub domi\u0119\u015bniowo. U ludzi dzia\u0142anie znieczulaj\u0105ce ketaminy HCL znacznie r\u00f3\u017cni si\u0119 od na dzia\u0142anie znieczulaj\u0105ce innych substancji. Poniewa\u017c lek ten nie jest przyczyn\u0105 niskiego ci\u015bnienia krwi lub depresji oddechowej, \u017ce doskonale nadaje si\u0119 do znieczulenia u ma\u0142ych dzieci i os\u00f3b z niedro\u017cno\u015bci dr\u00f3g oddechowych. Ketamina na sprzeda\u017c<\/p>\n<p>Je nach Art und Zeitpunkt des Eingriffs, der tats\u00e4chlichen k\u00f6rperlichen Lage des Betroffenen und anderen Faktoren kann jedoch etwas mehr Diazepam erforderlich sein. Das Auftreten von psychischen Erscheinungen w\u00e4hrend der Dauer des Auftauchens, insbesondere wunsch\u00e4hnliche Beobachtungen und Aufstiegsdelirium. Wenn das Ketamin tats\u00e4chlich intraven\u00f6s verabreicht wurde und die Hauptan\u00e4sthesie allm\u00e4hlich wirkt, kann die zweite Ketamindosis 5 bis 8 Minuten nach der ersten Dosis erforderlich sein. <a href=\"https:\/\/ketaminkaufenn.com\/\" target=\"_blank\" rel=\"noopener\">Ketamin<\/a> zum Verkauf<\/p>\n<p>Odbi\u00f3r ketaminy w \u0445\u0440\u0430\u043f\u0435 daje szybsze rezultaty, ni\u017c podczas po\u0142ykania. R\u00f3\u017cne metody absorpcji maj\u0105 r\u00f3\u017cn\u0105 cen\u0119, po kt\u00f3rej s\u0105 one przenikaj\u0105 do \u015bwiadomo\u015bci, aby przynie\u015b\u0107 korzy\u015b\u0107, i chrapanie, z punktu widzenia szybko\u015bci uzyskania korzy\u015bci, nawet blisko nie mo\u017ce r\u00f3wna\u0107 si\u0119 z paleniem lub zastrzyki. psychoaktywna substancja pacjenci, u kt\u00f3rych nie by\u0142o toksykologicznego badania lub dokumentacji o zatrucia substancjami psychoaktywnymi lub u kt\u00f3rych by\u0142 pozytywny wynik testu po sedacji w izbie, zosta\u0142y wy\u0142\u0105czone z odpowiednich analiz. Ketamina na sprzeda\u017c<\/p>\n<h4>PROSZEK KETAMINY DO SPRZEDA\u017bY:<\/h4>\n<p>Das KETAMIN 500 MG wichtigste vordefinierte Ergebnis war die Intubation auf der Krisenstation. Die Eigenschaften von Ketamin werden durch seinen Einsatz in der An\u00e4sthesie belegt. Es ist eine brauchbare Option f\u00fcr kurzfristige Verfahren, bei denen keine Muskelentspannung erforderlich ist. Ketamin hat eine andere Wirkung auf das Atmungs- und Kreislaufsystem als andere An\u00e4sthetika. Es hat eine wesentlich geringere Wirkung auf die Atmung als die meisten anderen Narkosemittel. Ketamin zum Verkauf<\/p>\n<p>Machen Sie sich jedoch bewusst, dass es keinen best\u00e4tigten Mechanismus f\u00fcr das &#8222;Erreichen der \u00d6ffnung&#8220; gibt und dass dieser nicht anwendbar sein wird. Entwickeln Sie Ihr Verst\u00e4ndnis f\u00fcr die Droge, bevor Sie beispielsweise gro\u00dfe Dosen erhalten. Diese Menschen mussten den &#8222;Graben&#8220; erreichen. Finden Sie eine Dosis, die f\u00fcr Sie gut funktioniert. KETAMIN 500 MG Bei kleinen Kindern kann Ketamin als alleiniges Narkosemittel f\u00fcr kleinere Behandlungen oder als Einleitungsmedikament in Verbindung mit einem neuromuskul\u00e4ren Blocker und einer trachealen Intubation verwendet werden. Ketamin zum Verkauf<\/p>\n<p>Kleine KETAMIN 500 MG\u00a0 Kinder mit zyanotischen Herzproblemen und neuromuskul\u00e4ren St\u00f6rungen sind besonders geeignete Kandidaten f\u00fcr eine Ketaminan\u00e4sthesie. Obwohl die H\u00e4ufigkeit der Ketaminabh\u00e4ngigkeit nicht bekannt ist, entwickeln viele Menschen, die regelm\u00e4\u00dfig Ketamin konsumieren, eine Ketaminabh\u00e4ngigkeit. Anhand von Tierversuchen l\u00e4sst sich auch das Risiko eines Missbrauchs \u00fcberpr\u00fcfen. Ketamin zu verkaufen<\/p>\n<h5>artyku\u0142 :<\/h5>\n<p>Der KETAMIN 500 MG\u00a0 unmittelbare Eintritt der Folgen der Insufflationsadh\u00e4renz kann au\u00dferdem das Potenzial f\u00fcr den Freizeitdrogenkonsum erh\u00f6hen. Die kurze Dauer der Folgen beg\u00fcnstigt Essanf\u00e4lle. F\u00fcr das Fr\u00fchjahr 1999 sind auf dem Orange Exhibit Fairgrounds in San Bernardino Rave-Konzerte geplant. Ketamin zum Verkauf<\/p>\n<p>Am ersten Wochenende der Demonstrationen erschoss die Polizei einen <a href=\"https:\/\/kokaindrogekaufen.com\/pl\/product\/lsd-kaufen\/\">LSD-abh\u00e4ngigen<\/a> US-Marine. Einige Wochen sp\u00e4ter, Mitte April, unterst\u00fctzte er die Polizei von San Bernardino, indem er die 20 mit der Leitung der Rave-Party betrauten Beamten kurz schulte. Wenn die Ketamin-Fl\u00e4schchendosis mit Diazepam erh\u00f6ht wird, sollten die beiden Medikamente getrennt verabreicht werden. In der Spritze oder Infusionsflasche d\u00fcrfen Ketaminhydrochlorid und Diazepam nicht kombiniert werden. Ketamin zu verkaufen<\/p>","protected":false},"excerpt":{"rendered":"<p style=\"text-align: center;\">KETAMINA 500 MG<\/p>\n<p>Entdecken Sie die Vorteile von KETAMIN 500 MG. Erfahren Sie mehr \u00fcber Anwendung, Dosierung und m\u00f6gliche Nebenwirkungen. Ihre Gesundheit ist wichtig!<\/p>","protected":false},"featured_media":1748,"comment_status":"open","ping_status":"closed","template":"","meta":{"content-type":""},"product_brand":[],"product_cat":[188],"product_tag":[199,198],"class_list":{"0":"post-1735","1":"product","2":"type-product","3":"status-publish","4":"has-post-thumbnail","6":"product_cat-ketamine","7":"product_tag-kaufen-ketamin","8":"product_tag-ketamin-500-mg","10":"first","11":"instock","12":"shipping-taxable","13":"purchasable","14":"product-type-variable"},"_links":{"self":[{"href":"https:\/\/kokaindrogekaufen.com\/pl\/wp-json\/wp\/v2\/product\/1735"}],"collection":[{"href":"https:\/\/kokaindrogekaufen.com\/pl\/wp-json\/wp\/v2\/product"}],"about":[{"href":"https:\/\/kokaindrogekaufen.com\/pl\/wp-json\/wp\/v2\/types\/product"}],"replies":[{"embeddable":true,"href":"https:\/\/kokaindrogekaufen.com\/pl\/wp-json\/wp\/v2\/comments?post=1735"}],"wp:featuredmedia":[{"embeddable":true,"href":"https:\/\/kokaindrogekaufen.com\/pl\/wp-json\/wp\/v2\/media\/1748"}],"wp:attachment":[{"href":"https:\/\/kokaindrogekaufen.com\/pl\/wp-json\/wp\/v2\/media?parent=1735"}],"wp:term":[{"taxonomy":"product_brand","embeddable":true,"href":"https:\/\/kokaindrogekaufen.com\/pl\/wp-json\/wp\/v2\/product_brand?post=1735"},{"taxonomy":"product_cat","embeddable":true,"href":"https:\/\/kokaindrogekaufen.com\/pl\/wp-json\/wp\/v2\/product_cat?post=1735"},{"taxonomy":"product_tag","embeddable":true,"href":"https:\/\/kokaindrogekaufen.com\/pl\/wp-json\/wp\/v2\/product_tag?post=1735"}],"curies":[{"name":"wp","href":"https:\/\/api.w.org\/{rel}","templated":true}]}}