{"id":1741,"date":"2023-06-27T19:20:43","date_gmt":"2023-06-27T18:20:43","guid":{"rendered":"https:\/\/kokaindrogekaufen.com\/?post_type=product&#038;p=1741"},"modified":"2024-07-31T15:38:21","modified_gmt":"2024-07-31T14:38:21","slug":"ketamin-kristall-zu-verkaufen","status":"publish","type":"product","link":"https:\/\/kokaindrogekaufen.com\/pl\/product\/ketamin-kristall-zu-verkaufen\/","title":{"rendered":"KRYSZTA\u0141 KETAMINY NA SPRZEDA\u017b"},"content":{"rendered":"<h2><strong>KRYSZTA\u0141 KETAMINY NA SPRZEDA\u017b<\/strong><\/h2>\n<p>Wreszcie, mamy wysokiej jako\u015bci \u043a\u0435\u0442\u0430\u043c\u0438\u043d\u043e\u0432\u044b\u0439 kryszta\u0142 do sprzeda\u017cy tutaj, w aaronay, w bardzo niskich cenach. Je\u015bli wp\u0142ywa na ciebie jakakolwiek ilo\u015b\u0107 ketaminy, nie wahaj si\u0119 skorzysta\u0107 z Ketamine Crystal. W tej chwili zamie\u015bci\u0142 oko\u0142o dwunastu zam\u00f3wie\u0144 i za ka\u017cdym razem, kiedy u mnie wyst\u0119puje problem, otrzyma\u0142em od nich wiadomo\u015b\u0107 w ci\u0105gu kilku godzin, i zazwyczaj s\u0105 one rozwi\u0105za\u0107 wszystkie moje problemy, a prawie bez pipa.<\/p>\n<p>Jest to choroba, w kt\u00f3rej znaczny wzrost obci\u0105\u017cenia na kr\u0105\u017cenie krwi mo\u017ce spowodowa\u0107 obra\u017cenia cia\u0142a zawsze mo\u017cna wzi\u0105\u0107 \u0434\u0440\u043e\u043a\u0441\u0438\u0434\u043e\u043f\u0443, aby szybko skontaktowa\u0107 si\u0119 z lekarzem lub specjalista opieki dobrobytu, je\u015bli ci pasuje kt\u00f3re\u015b z tych metod. Kryszta\u0142 ketaminy, bez w\u0105tpienia, jest antagonist\u0105 receptor\u00f3w NMDA, wp\u0142ywaj\u0105cym na wi\u0119kszo\u015b\u0107 rodzaj\u00f3w dzia\u0142alno\u015bci, z wyj\u0105tkiem g\u00f3rnych, lokalizacja kt\u00f3rych wci\u0105\u017c znajduje si\u0119 pod badaniem i dyskusj\u0105. Kryszta\u0142 ketaminy na sprzeda\u017c<\/p>\n<p>Jest to zwi\u0105zane z tym, \u017ce kryszta\u0142 ketaminy mo\u017ce powodowa\u0107 powa\u017cne skutki uboczne, nawet przy u\u017cyciu i obs\u0142udze pod \u015bcis\u0142\u0105 opiek\u0105 i kontrol\u0105 lekarza lub lekarza weterynarii, a tak\u017ce przy u\u017cyciu i obs\u0142udze poza klinicznego kr\u0119gu ludzi bez opieki przewodnika. Kryszta\u0142 ketaminy mo\u017ce powodowa\u0107 efekty halucynogenne, kt\u00f3re zmuszaj\u0105 ludzi zobaczy\u0107, us\u0142ysze\u0107, poczu\u0107, poczu\u0107 lub czu\u0107 rzeczy, kt\u00f3rych w rzeczywisto\u015bci nie istnieje, lub kt\u00f3re nie s\u0105 zgodne z rzeczywisto\u015bci\u0105. Kryszta\u0142 ketaminy na sprzeda\u017c<\/p>\n<p>Kryszta\u0142 ketaminy, z drugiej strony, pozostaje godnym uspokajaj\u0105ce \u015brodkiem stosowanym w klinikach, gabinetach stomatologicznych i specjalistycznych badaniach gabinetach, z solidn\u0105 podstaw\u0105 niezb\u0119dnych zabezpiecze\u0144. Niespodziewane kryzysowe leki cz\u0119sto zawieraj\u0105 dysocjacyjne uspokajaj\u0105ce i stymuluj\u0105ce narz\u0119dzie kr\u00f3tkim dzia\u0142aniu. To prototyp \u0434\u0438\u0441\u0441\u043e\u0446\u0438\u0438\u0440\u0443\u044e\u0449\u0435\u0433\u043e agenta, kt\u00f3ry jest cz\u0119sto u\u017cywany w \u0441\u0443\u0431\u0441\u0435\u0434\u0430\u0442\u0438\u0432\u043d\u044b\u0445 proporcjach. Przed przyst\u0105pieniem do rekrystalizacji pentan-ester, odkry\u0142em, \u017ce musz\u0119 przekonwertowa\u0107 kamie\u0144 z kryszta\u0142ami ketaminy z powrotem do darmowej bazy. Kryszta\u0142 ketaminy na sprzeda\u017c<\/p>\n<h4>KUPI\u0106 KRYSZTA\u0141 KETAMINY ONLINE:<\/h4>\n<p>Jednak wyszukiwanie sformu\u0142owania &#034;\u043f\u0435\u0440\u0435\u043a\u0440\u0438\u0441\u0442\u0430\u043b\u043b\u0438\u0437\u0430\u0446\u0438\u044f \u043f\u0435\u043d\u0442\u0430\u043d\u043e\u0432\u044b\u043c eter&#034; mnie zbija z tropu. Kryszta\u0142 ketaminy jest cz\u0119sto u\u017cywany z \u0442\u044f\u0436\u0435\u043b\u043e\u0440\u0430\u043d\u0435\u043d\u044b\u043c\u0438, aby stworzy\u0107 wra\u017cenie bezpiecze\u0144stwa. Logiczne zasady szkolenia prowadzi argumenty na rzecz stosowania kryszta\u0142u ketaminy jako dysocjacyjne \u015brodka odurzaj\u0105cego w nag\u0142ych wypadkach. To narz\u0119dzie wyboru dla ludzi, kt\u00f3rzy znajduj\u0105 si\u0119 w stanie silnego szoku i znajduj\u0105 si\u0119 w sytuacji bez wyj\u015bcia stanie op\u00f3\u017anienie. Kryszta\u0142 ketaminy na sprzeda\u017c<\/p>\n<p>Ludzie z lekkimi obra\u017ceniami g\u0142owy wyst\u0119puj\u0105 niskie obci\u0105\u017cenie na kr\u0105\u017cenie krwi, a co mniej najbardziej nadaje si\u0119 do tego, aby powodowa\u0107 niski puls, i, jak zwykle, mo\u017ce go unikn\u0105\u0107. Kryszta\u0142 ketaminy zwykle wygl\u0105da na ulicy jak bia\u0142y proszek. Bia\u0142y kolor kontrastuje z faktem, \u017ce przepisy na bia\u0142e proszki cz\u0119sto miesza si\u0119 z innymi proszki, aby rozprowadzi\u0107 rzeczywiste lekarstwo i wzmocni\u0107 jego dzia\u0142anie. Kryszta\u0142 ketaminy na sprzeda\u017c<\/p>\n<p>Chocia\u017c kryszta\u0142 ketaminy, bez w\u0105tpienia, jest uspokajaj\u0105cy \u015brodek, to szczeg\u00f3lny rodzaj uspokajaj\u0105cy, zwany \u0434\u0438\u0441\u0441\u043e\u0446\u0438\u0430\u0442\u0438\u0432\u043d\u044b\u043c uspokajaj\u0105ce \u015brodkiem. \u0414\u0438\u0441\u0441\u043e\u0446\u0438\u0430\u0442\u0438\u0432\u043d\u0430\u044f sedacja w pewnym stopniu zapewnia stabilno\u015b\u0107 i poczucie oderwania od siebie i innych. Kryszta\u0142 ketaminy nadaje si\u0119 dla dzieci jako g\u0142\u00f3wny prawdziwego uspokajaj\u0105cy przy drobnych interwencji lub jako technik entry-level z p\u00f3\u017aniejszymi nerwowo-mi\u0119\u015bniowe blokerami i intubacji tchawicy, zw\u0142aszcza u m\u0142odzie\u017cy z \u0446\u0438\u0430\u043d\u043e\u0442\u0438\u0447\u0435\u0441\u043a\u043e\u0439 choroba niedokrwienna serca. Kryszta\u0142 ketaminy na sprzeda\u017c<\/p>\n<h4>KRYSZTA\u0141 KETAMINY DO SPRZEDA\u017bY W INTERNECIE:<\/h4>\n<p>Ponadto, choroby nerwowo-mi\u0119\u015bniowe stanowi\u0105 doskona\u0142\u0105 okazj\u0119, aby uspokoi\u0107 za pomoc\u0105 kryszta\u0142\u00f3w ketaminy. Kryszta\u0142 ketaminy mo\u017cna u\u017cywa\u0107 zar\u00f3wno jako \u015brodek uspokajaj\u0105cy zar\u00f3wno w medycynie jak i w weterynarii. \u0414\u0438\u0441\u0441\u043e\u0446\u0438\u0430\u0442\u0438\u0432\u043d\u044b\u0435 leki - to u\u017cywki, kt\u00f3re zmuszaj\u0105 cz\u0142owieka zauwa\u017ca\u0107 oderwanie od rzeczywisto\u015bci. Przede wszystkim, nasz powiat - najbardziej prawdziwy, rzetelny i godny zaufania \u017ar\u00f3d\u0142o do zakupu kryszta\u0142\u00f3w ketaminy. Mamy du\u017cy zapas klejnot\u00f3w z kryszta\u0142ami ketaminy, dost\u0119pne do zakupu. Kryszta\u0142 ketaminy na sprzeda\u017c<\/p>\n<p>Kryszta\u0142 ketaminy zwykle dostaj\u0105 si\u0119 na du\u017c\u0105 skal\u0119 w p\u0142ynnych i stabilnych strukturach (produkty). Ketamina p\u0142yn ostatecznie mo\u017ce by\u0107 przekszta\u0142cona w kryszta\u0142 i proszek. Lekarstwo z kryszta\u0142ami ketaminy jest zwykle u\u017cywany pracownikami s\u0142u\u017cby zdrowia w pierwszej kolejno\u015bci jako \u015brodek uspokajaj\u0105cy w lewym \/ du\u017cym kolanie. Kryszta\u0142 ketaminy jest potencjalnie nielegalne substancj\u0105, i nie jeste\u015bmy przekonani, \u017ce jego u\u017cywanie jest \u0142amaniem prawa, i nie traktuj\u0105 tego jako co\u015b wi\u0119cej. Kryszta\u0142 ketaminy na sprzeda\u017c<\/p>\n<p>Nie mniej jednak zdajemy sobie spraw\u0119, \u017ce nielegalne za\u017cywanie narkotyk\u00f3w ma miejsce, i uznajemy, \u017ce wprowadzenie odpowiedzialnego szkody dla zmniejszenia obj\u0119to\u015bci danych ma kluczowe znaczenie dla bezpiecze\u0144stwa ludzi. Du\u017ce ilo\u015bci, na pewno mog\u0105 da\u0107 bardziej imponuj\u0105ce wyniki, podczas gdy klienci m\u00f3wi\u0105 o pe\u0142nym i ca\u0142kowitym oderwaniu od swojego cia\u0142a. Wyniki s\u0105 bardzo podobne wyniki, opisane osobami, kt\u00f3re prze\u017cy\u0142y \u043e\u043a\u043e\u043b\u043e\u0441\u043c\u0435\u0440\u0442\u043d\u044b\u0435 do\u015bwiadczenia, i teraz wiadomo, \u017ce znajduj\u0105 si\u0119 one w &#034;Do dziury&#034;. Kryszta\u0142 ketaminy na sprzeda\u017c<\/p>\n<h4>KETAMINA DO SPRZEDA\u017bY:<\/h4>\n<p>Aby pom\u00f3c ci na drodze do legalnej infuzji kryszta\u0142\u00f3w ketaminy, wybrali\u015bmy, testowane i potwierdzi\u0142y legalne leki z kryszta\u0142ami ketaminy w naszym katalogu dla specjalist\u00f3w \u0433\u0430\u043b\u043b\u044e\u0446\u0438\u043d\u043e\u0433\u0435\u043d\u0430\u043c; mam nadziej\u0119, \u017ce znajdziesz odpowiedni dla ciebie. W ostatnich latach w ca\u0142ym kraju otwarto infuzji centra z kryszta\u0142ami ketaminy, co daje now\u0105 nadziej\u0119 milionom amerykan\u00f3w cierpi\u0105cych na ci\u0119\u017ck\u0105 depresj\u0105, chorob\u0105 dwubiegunow\u0105, l\u0119k, choroby, zespo\u0142u stresu pourazowego (PTSD) i innymi zaburzeniami nastroju. Kryszta\u0142 ketaminy na sprzeda\u017c<\/p>\n<p>Infuzji kryszta\u0142\u00f3w ketaminy maj\u0105 91% sukcesu w poprawie objaw\u00f3w lub objawy depresji, je\u015bli ich pisa\u0107 poprawnie i w odpowiednich warunkach. Cho\u0107 podejmowane s\u0105 wysi\u0142ki, aby leczenie kryszta\u0142ami ketaminy bardziej dost\u0119pne dla potrzebuj\u0105cych, wysoka cena nie tylko stwarza powa\u017cne przeszkody do rozpocz\u0119cia pracy, ale i znacznie zwi\u0119ksza stawki dla ka\u017cdego, kto w niej uczestniczy. Kryszta\u0142 ketaminy na sprzeda\u017c<\/p>\n<p>Kryszta\u0142 ketamina dzia\u0142a r\u00f3wnie\u017c na \u043e\u043f\u0438\u043e\u0438\u0434\u043d\u0443\u044e system. Poniewa\u017c naltrekson, kt\u00f3ry blokuje dzia\u0142anie opioid\u00f3w, tak\u017ce blokuje narz\u0119dzia antidepression efekty ketaminy, pacjenci mog\u0105 odczuwa\u0107 zwi\u0105zane z \u043e\u043f\u0438\u043e\u0438\u0434\u0430\u043c\u0438 wyniki. \u041a\u0435\u0442\u0430\u043c\u0438\u043d\u043e\u0432\u044b\u0435 kliniki, w kt\u00f3rych pacjentom podawano lek do\u017cylnie, istniej\u0105 ju\u017c od kilku dziesi\u0119cioleci w leczeniu chronicznego b\u00f3lu i depresji. Teraz, gdy jest on dost\u0119pny w postaci aerozolu do nosa, znacznie \u0142atwiej wprowadza\u0107. Kryszta\u0142 ketaminy na sprzeda\u017c<\/p>\n<h4>PROSZEK KETAMINY DO SPRZEDA\u017bY:<\/h4>\n<p>Nalokson, jeszcze jeden antagonista opioid\u00f3w, kt\u00f3ry blokuje bolesne efekty kryszta\u0142u ketaminy u gryzoni, ju\u017c dawno pokaza\u0142, \u017ce on ma to samo dzia\u0142anie. Kryszta\u0142 ketaminy najcz\u0119\u015bciej stosowane do znieczulenia i do \u0142agodzenia b\u00f3lu. Po pojawieniu si\u0119 w literaturze medycznej licznych pozytywnych opinii na temat wp\u0142ywu kryszta\u0142u ketaminy na rozpacz, dzi\u015b kryszta\u0142 ketaminy coraz szersze zastosowanie w szpitalach, i pojawiaj\u0105 si\u0119 nowe kliniki specjalizuj\u0105ce si\u0119 w kryszta\u0142ach ketaminy. Kryszta\u0142 ketaminy na sprzeda\u017c<\/p>\n<p>Fakt, \u017ce ka\u017cdy cz\u0142owiek ma problemy ze zdrowiem psychicznym, nie oznacza, \u017ce straci\u0142 swoj\u0105 niezale\u017cno\u015b\u0107. My r\u00f3wnie\u017c nie zwracamy si\u0119 do klient\u00f3w, kt\u00f3rzy mog\u0105 cierpie\u0107 na powa\u017cne zaburzenia psychiczne i nie mog\u0105 podj\u0105\u0107 decyzj\u0119. \u0420\u0430\u0446\u0435\u043c\u0438\u0447\u0435\u0441\u043a\u0438\u0439 kryszta\u0142 ketaminy jest uniwersalny i tani, ale czas, si\u0142a robocza i wykszta\u0142cenie medyczne s\u0105 cenne. Poszkodowani nie p\u0142ac\u0105 za kryszta\u0142y ketaminy. Kryszta\u0142 ketaminy na sprzeda\u017c<\/p>\n<p>Kupujesz wi\u0119cej ni\u017c dziesi\u0119cioletnie profesjonalne medyczne umiej\u0119tno\u015bci u pracownika medycznego, kt\u00f3ry ma do\u015bwiadczenie w rozwi\u0105zywaniu wszelkich problem\u00f3w klinicznych, kt\u00f3re mog\u0105 wyst\u0105pi\u0107. W wielu kulturach kryszta\u0142 ketaminy jest u\u017cywany jako lekarstwo. W Chinach zidentyfikowano tysi\u0105ce narkoman\u00f3w wstrzykuj\u0105cych kryszta\u0142y ketaminy. W Australii jest to nielegalne. W Belgii istnieje problem nadu\u017cywania kryszta\u0142ami ketaminy. Kryszta\u0142 ketaminy na sprzeda\u017c<\/p>\n<h5>artyku\u0142:<\/h5>\n<p>Fakt, \u017ce ketamina nie jest czystym \u015brodkiem od euforii, nadal ogranicza jego stosowanie. istnieje wiele negatywnych skutk\u00f3w; na pocz\u0105tku ludzie czuj\u0105 si\u0119 dziwnie niespokojni i \u0441\u0431\u0438\u0442\u044b\u043c\u0438 z tropu. Jednak po ponownym przyj\u0119ciu u cz\u0142owieka rozwija si\u0119 tolerancja na t\u0119 substancj\u0119. Niekt\u00f3rzy eksperci kryszta\u0142y ketaminy ostrzegaj\u0105 przed klinik, kt\u00f3re wymagaj\u0105 jednoczesnego infuzji kilka kryszta\u0142\u00f3w ketaminy, twierdz\u0105c, \u017ce szanowanym kliniki nale\u017cy wymaga\u0107 tylko jeden wlew kryszta\u0142\u00f3w ketaminy na raz. Kryszta\u0142 ketaminy na sprzeda\u017c<\/p>\n<p>Mo\u017cna zamkn\u0105\u0107 oczy i pos\u0142ucha\u0107 koj\u0105cej muzyki, kt\u00f3ra przyczynia si\u0119 do zanurzenia w dysocjacyjne podr\u00f3\u017c. Podczas sesji pacjent pozostaje przytomny, ale mo\u017ce odczuwa\u0107 przyjemne uczucie wapowania. Je\u015bli cz\u0142owiek odczuwa b\u00f3l, takie jak ataki paniki lub nudno\u015bci, lekarz b\u0119dzie obecny, aby go wyleczy\u0107 jak najszybciej. Kryszta\u0142 ketaminy na sprzeda\u017c<\/p>","protected":false},"excerpt":{"rendered":"<p>KETAMIN-KRISTALL ZU VERKAUFEN Schlie\u00dflich haben wir hier bei aaronay hochwertiges Ketamin Crystal zu sehr g\u00fcnstigen Preisen zu verkaufen. Wenn Sie durch irgendeine Menge von Ketamin beeintr\u00e4chtigt werden, z\u00f6gern Sie nicht, Ketamine Crystal zu verwenden. Bisher habe ich etwa zw\u00f6lf Bestellungen aufgegeben, und wann immer ich ein Problem hatte, h\u00f6rte ich innerhalb weniger Stunden von ihnen, und sie k\u00fcmmerten sich in der Regel um alle Probleme, die ich hatte, und das fast ohne PIp. Es ist eine Krankheit, bei der eine signifikante Erh\u00f6hung der Kreislaufbelastung kann verletzt werden Sie k\u00f6nnen immer droxidopa, um Kontakt mit Ihrem Arzt oder Wohlstand Pflege Spezialist\u2026<\/p>","protected":false},"featured_media":1749,"comment_status":"open","ping_status":"closed","template":"","meta":{"content-type":""},"product_brand":[],"product_cat":[188],"product_tag":[197,196],"class_list":{"0":"post-1741","1":"product","2":"type-product","3":"status-publish","4":"has-post-thumbnail","6":"product_cat-ketamine","7":"product_tag-kaufen-ketamin-kristall","8":"product_tag-ketamin-kristall","10":"first","11":"instock","12":"shipping-taxable","13":"purchasable","14":"product-type-variable"},"_links":{"self":[{"href":"https:\/\/kokaindrogekaufen.com\/pl\/wp-json\/wp\/v2\/product\/1741"}],"collection":[{"href":"https:\/\/kokaindrogekaufen.com\/pl\/wp-json\/wp\/v2\/product"}],"about":[{"href":"https:\/\/kokaindrogekaufen.com\/pl\/wp-json\/wp\/v2\/types\/product"}],"replies":[{"embeddable":true,"href":"https:\/\/kokaindrogekaufen.com\/pl\/wp-json\/wp\/v2\/comments?post=1741"}],"wp:featuredmedia":[{"embeddable":true,"href":"https:\/\/kokaindrogekaufen.com\/pl\/wp-json\/wp\/v2\/media\/1749"}],"wp:attachment":[{"href":"https:\/\/kokaindrogekaufen.com\/pl\/wp-json\/wp\/v2\/media?parent=1741"}],"wp:term":[{"taxonomy":"product_brand","embeddable":true,"href":"https:\/\/kokaindrogekaufen.com\/pl\/wp-json\/wp\/v2\/product_brand?post=1741"},{"taxonomy":"product_cat","embeddable":true,"href":"https:\/\/kokaindrogekaufen.com\/pl\/wp-json\/wp\/v2\/product_cat?post=1741"},{"taxonomy":"product_tag","embeddable":true,"href":"https:\/\/kokaindrogekaufen.com\/pl\/wp-json\/wp\/v2\/product_tag?post=1741"}],"curies":[{"name":"wp","href":"https:\/\/api.w.org\/{rel}","templated":true}]}}