{"id":1752,"date":"2023-06-27T19:20:52","date_gmt":"2023-06-27T18:20:52","guid":{"rendered":"https:\/\/kokaindrogekaufen.com\/?post_type=product&#038;p=1752"},"modified":"2024-07-31T09:02:31","modified_gmt":"2024-07-31T08:02:31","slug":"kaufen_ketamin-flussig-50-mg-10-ml-zu-verkaufen","status":"publish","type":"product","link":"https:\/\/kokaindrogekaufen.com\/pl\/product\/kaufen_ketamin-flussig-50-mg-10-ml-zu-verkaufen\/","title":{"rendered":"KUPI\u0106 KETAMINA P\u0141YNNY 50 MG \/ 10 ML NA SPRZEDA\u017b"},"content":{"rendered":"<h2>KETAMINA P\u0141YNNY 50 MG \/ 10 ML NA SPRZEDA\u017b<\/h2>\n<p>Im Allgemeinen verkaufen wir reines Ketamin in fl\u00fcssiger Form zu sehr g\u00fcnstigen Preisen, d. h. Ketamin in fl\u00fcssiger Form zum Verkauf. Wir wurden schnell der weltweit gr\u00f6\u00dfte Lieferant von Ketamin f\u00fcr Forschung und medizinische Zwecke. Infolgedessen haben wir Ketamin fl\u00fcssig zu verkaufen. Ketamin Fl\u00fcssigkeit 50mg\/10 ml schnell erm\u00f6glicht eine anst\u00e4ndige Art und Weise f\u00fcr die Menschen, um ihre Umst\u00e4nde zu beheben, w\u00e4hrend die Aufhebung ihrer Verzweiflung und die Arbeit an ihrer Disposition. Ketamin fl\u00fcssig 50mg\/10 ml Hydrochlorid-Infusion ist mit Sedierung Einsatz nicht lange vor der Organisation von anderen typischen Sedativa Vermittler gezeigt. <a href=\"https:\/\/kokaindrogekaufen.com\/pl\/product\/ketamin-kristall-zu-verkaufen\/\">Ketamin<\/a> fl\u00fcssig 50mg\/10 ml Hydrochlorid-Infusion verbessert nachweislich die Wirkung von schwach wirksamen Spezialisten wie Lachgas.<\/p>\n<p>M\u00f3g\u0142bym zako\u0144czy\u0107 prac\u0119 za dwie godziny. W miar\u0119 mo\u017cliwo\u015bci nale\u017cy unika\u0107 tych metod leczenia lub zast\u0105pi\u0107 je innymi lekami. Je\u015bli poprawa nie nast\u0105pi, nie nale\u017cy podawa\u0107 leku w po\u0142\u0105czeniu. W razie potrzeby nale\u017cy zmieni\u0107 dawk\u0119 zgodnie z zalecanymi efekt\u00f3w. W tej metodzie p\u0142yn jest sortowana i wprowadza jak domi\u0119\u015bniowo i do\u017cylnie (co znacznie bardziej niebezpieczne).<\/p>\n<p>Efektem tego wsp\u00f3\u0142dzia\u0142ania jest silniejszy, bo wszystkie leki w ko\u0144cu dostaje si\u0119 do krwiobiegu, w odr\u00f3\u017cnieniu od wewn\u0105trz po po\u0142kni\u0119ciu, w kt\u00f3rym cz\u0119\u015b\u0107 lek\u00f3w jest tracona w procesie trawienia. Gdy terapeutycznego zastosowania ketaminy istnieje popularno\u015b\u0107 w 1970 roku, jest on r\u00f3wnie\u017c u\u017cywany jako narkotyk rekreacyjny. W Argentynie by\u0142 u\u017cywany zar\u00f3wno legalnie, jak i nielegalnie w leczeniu nawrot\u00f3w, w mistycyzm New Age i w \u015bledztwach.<\/p>\n<p>W latach 1970-tych i 1980-tych coraz wi\u0119ksza liczba bada\u0144 \u043a\u0435\u0442\u0430\u043c\u0438\u043d\u043e\u0432\u043e\u0439 cieczy 50 mg \/ 10 ml przeprowadzone i rozszerza\u0142a si\u0119 pod r\u00f3\u017cnymi markami. Sta\u0142 si\u0119 realistyczny w postaci kontener\u00f3w, proszk\u00f3w, kamieni szlachetnych, tabletek i p\u0142yn\u00f3w, a tak\u017ce r\u00f3\u017cnych opcji napar na ulicach. Specjalista mo\u017ce wybra\u0107 spray do nosa zamiast do\u017cylnym podaniu ketaminy z powodu organizacji technicznej. Ketamina p\u0142yn do sprzeda\u017cy<\/p>\n<h4>KUPI\u0106 LEGALNY KETAMINA ONLINE:<\/h4>\n<p>Nale\u017cy mie\u0107 na uwadze, \u017ce niezale\u017cnie od tego, jak obchodzi\u0107 si\u0119 z \u043a\u0435\u0442\u0430\u043c\u0438\u043d\u043e\u0432\u043e\u0439 p\u0142ynem 50 mg \/ 10 ml w drodze, nie ma bezpiecznych warto\u015bci do korzystania z \u043a\u0435\u0442\u0430\u043c\u0438\u043d\u043e\u0432\u043e\u0439 p\u0142ynem 50 mg \/ 10 ml w stanie relaksu. Korzystanie z tego leku bez nadzoru lekarza mo\u017ce powodowa\u0107 problemy z zewn\u0119trznym cia\u0142em, i nale\u017cy unika\u0107 za wszelk\u0105 cen\u0119. &#034;Douching nosa nie jest ani szybszy, ani bardziej trwa\u0142y&#034; - twierdzi. Ketamina p\u0142yn do sprzeda\u017cy<\/p>\n<p>&#034;Do\u017cylnego podania ketaminy bardziej pasuje, ni\u017c donosowe ketamina, ze wzgl\u0119du na jego biodost\u0119pno\u015b\u0107&#034;. Ketamina p\u0142ynny 50 mg \/ 10 ml Pewno\u015b\u0107 i stabilno\u015b\u0107 s\u0105 mo\u017cliwe po d\u0142ugotrwa\u0142ym za\u017cywaniu. Po zaprzestaniu bardzo d\u0142ugich \u043a\u0435\u0442\u0430\u043c\u0438\u043d\u043e\u0432\u043e\u0439 p\u0142ynu na 50 mg \/ 10 ml \u0430\u0431\u0441\u0442\u0438\u043d\u0435\u043d\u0442\u043d\u043e\u0435 zaburzenia zostanie zlikwidowane z pomoc\u0105 szalonych alternatyw. W wyniku ketamina liquid 50 mg \/ 10 ml nale\u017cy doda\u0107 z ostrze\u017ceniem i regulowa\u0107. Ketamina p\u0142yn do sprzeda\u017cy<\/p>\n<p>Die Behandlung kann die sympathomimetische Wirkung deutlich verbessern; Vorsicht bei Personen mit Porphyrie oder m\u00f6glicherweise einer Schilddr\u00fcsenerkrankung; Porphyrie und Schilddr\u00fcsenerkrankung oder Schilddr\u00fcsenbehandlung k\u00f6nnen als allgemeine Kontraindikation gelten. Neuere Forschungen zur Ketamin-induzierten Neurotoxizit\u00e4t haben sich auf Primaten konzentriert, um ein geeigneteres Modell als Nagetiere zu verwenden. Bei einer dieser Pr\u00fcfungen wurden jungen erwachsenen Cynomolgus-Affen \u00fcber verschiedene Zeitr\u00e4ume t\u00e4gliche Ketamin-Dosen von 50 mg\/10 ml verabreicht, die mit den \u00fcblichen Sportportionen (1 mg\/kg IV) \u00fcbereinstimmten.<a href=\"http:\/\/ketaminkaufenn.com\" target=\"_blank\" rel=\"noopener\"> Ketamin fl\u00fcssig<\/a> zum Verkauf<\/p>\n<p>W lek za kilka sekund dodaje si\u0119 r\u00f3\u017cne substancje, co prowadzi\u0142o do dziwnych efekt\u00f3w. Ma\u0142e dawki \u043a\u0435\u0442\u0430\u043c\u0438\u043d\u043e\u0432\u043e\u0439 cieczy 50 mg \/ 10 ml powodowa\u0107 niesprawno\u015b\u0107, podobnego do tego, kt\u00f3ry wyst\u0119puje przy spo\u017cyciu napoj\u00f3w alkoholowych. Dlatego cz\u0119sto u\u017cywa na imprezach rave. Wi\u0119ksze dawki maj\u0105 odwrotny efekt: izolacja spo\u0142eczna i znaczna niezdolno\u015b\u0107 do komunikowania si\u0119. Kupi\u0107 ketamina p\u0142ynny<\/p>\n<h4>P\u0141YNNY KETAMINA DO SPRZEDA\u017bY W INTERNECIE:<\/h4>\n<p>MDMA (delight), dobrze znany club narkotyk, po raz pierwszy pojawi\u0142 si\u0119 w po\u0142owie lat 1980-tych, jest najlepszym przyk\u0142adem. Cho\u0107 efekty \u043d\u0435\u0441\u043e\u043f\u043e\u0441\u0442\u0430\u0432\u0438\u043c\u044b, \u043a\u0435\u0442\u0430\u043c\u0438\u043d\u043e\u0432\u0430\u044f p\u0142yn 50 mg \/ 10 ml jest cz\u0119sto przedstawiany jako poczucie szcz\u0119\u015bcia. Uspokajaj\u0105ce w\u0142a\u015bciwo\u015bci ketaminy prowadz\u0105 do niewyra\u017an\u0105 mow\u0119 i niemo\u017cno\u015b\u0107 poruszania si\u0119, przez co praktycznie nie da si\u0119 porusza\u0107. Dlatego ketamina p\u0142ynny, 50 mg \/ 10 ml, cz\u0119sto nazywany jest lekarstwem na spotkanie. Ketamina p\u0142yn do sprzeda\u017cy<\/p>\n<p>Dr Levine twierdzi, \u017ce mo\u017cliwo\u015bci, aby sta\u0107 si\u0119 uzale\u017cniony od ketaminy liquid 50 mg \/ 10 ml przy u\u017cyciu jako &#034;narkotyk dla imprez&#034; po prostu nie istnieje. &#034;Badania pokazuj\u0105, \u017ce przy bardzo ograniczonej cz\u0119\u015bci, kt\u00f3re wykorzystujemy, w warunkach, zorientowanych na medycyn\u0119, z nieodpowiedni\u0105 otwarto\u015bci\u0105 w warunkach domowych i niezgodne dawkowaniem, nie ma \u017cadnych szans na przymus lub nadu\u017cycie&#034; - m\u00f3wi, dodaj\u0105c ostrze\u017cenie: &#034;Benzodiazepiny mog\u0105 poluzowa\u0107 g\u00f3rny efekt ketaminy.&#034; Ketamina p\u0142yn do sprzeda\u017cy<\/p>\n<p>To regularnie precyzuje klinicznym ekspertem w kontrolowanych warunkach krytycznych kontroli bezpiecze\u0144stwa. Strategia ta wymaga starannego planowania, bo halucynogenne testy mog\u0105 by\u0107 szokuj\u0105ce, je\u015bli uczestnik nie \u0441\u043a\u043e\u043e\u0440\u0434\u0438\u043d\u0438\u0440\u043e\u0432\u0430\u043d prawid\u0142owo. Niekt\u00f3rzy specjali\u015bci w zakresie zdrowia psychicznego zaleca si\u0119 zachowa\u0107 ostro\u017cno\u015b\u0107 podczas korzystania z \u043a\u0435\u0442\u0430\u043c\u0438\u043d\u043e\u0432\u043e\u0439 cieczy 50 mg \/ 10 ml. Ketamina p\u0142yn do sprzeda\u017cy<\/p>\n<p>&#034;Chocia\u017c to mo\u017ce by\u0107 skuteczne leczenie w celu szybkiego zmniejszenia objaw\u00f3w depresji, za ma\u0142o wiemy o potencjalnych negatywnych skutk\u00f3w ubocznych, szczeg\u00f3lnie podczas d\u0142ugotrwa\u0142ego stosowania, aby go poleci\u0107 wi\u0119kszo\u015bci pacjent\u00f3w.&#034; Znaczne poczucie szcz\u0119\u015bcia \u2013 \u043a\u0435\u0442\u0430\u043c\u0438\u043d\u043e\u0432\u0430\u044f p\u0142yn 50 mg \/ 10 ml mo\u017ce powodowa\u0107 u niekt\u00f3rych konsument\u00f3w ko\u0144cowych stan na autentyczne zachwytu. Ketamina p\u0142yn do sprzeda\u017cy<\/p>\n<h4>KETAMINA P\u0141YN DO SPRZEDA\u017bY NA RECEPT\u0118 \/ BEZ RECEPTY:<\/h4>\n<p>W ka\u017cdym razie, efekt ten objawia si\u0119 znacznie mniej silnie i stale, ni\u017c po za\u017cyciu narkotyk\u00f3w lub MDMA. \u041a\u0435\u0442\u0430\u043c\u0438\u043d\u043e\u0432\u0430\u044f p\u0142yn 50 mg \/ 10 ml - to lek, kt\u00f3ry mo\u017ce pom\u00f3c ci poradzi\u0107 sobie z \u043d\u0435\u0432\u0440\u043e\u043f\u0430\u0442\u0438\u0447\u0435\u0441\u043a\u0438\u043c\u0438 stanami (zaburzenia nerwowe) w trakcie i po leczeniu twojej choroby. Ketamina p\u0142ynny 50 mg \/ 10 ml mo\u017ce by\u0107 doskona\u0142ym lekarstwem dla wielu ludzi. Ketamina p\u0142yn do sprzeda\u017cy<\/p>\n<p>Dla innych to nie jest b\u0142yszcz\u0105cy garnitur. Je\u015bli planujesz podda\u0107 si\u0119 leczeniu ketaminy w dawce 50 mg \/ 10 ml, wa\u017cne jest, aby mo\u017cna ufa\u0107 dostawcy us\u0142ug medycznych w swojej plac\u00f3wce. Odbi\u00f3r ketaminy na 50 mg \/ 10 ml ukoi twoje podekscytowany nerwy, kt\u00f3re przeka\u017c\u0105 ci ekstra wiadomo\u015bci. Ketamina p\u0142yn do sprzeda\u017cy<\/p>\n<p>Ketamina p\u0142ynny 50 mg \/ 10 ml Mieszaniny stosowane w leczeniu depresji i innych problem\u00f3w zdrowia psychicznego, zwykle trwa od 40 minut do 2 godzin, w zale\u017cno\u015bci od cz\u0142owieka, kt\u00f3ry cierpi z powodu tej choroby. Uwa\u017ca si\u0119, \u017ce \u0434\u0438\u0441\u0441\u043e\u0446\u0438\u0430\u043d\u0442\u044b przewy\u017cszaj\u0105 inne substancje, poniewa\u017c powoduj\u0105 one d\u0142ugi lub bardzo d\u0142ugi typ oporno\u015bci, kt\u00f3ra rozwija si\u0119 stopniowo i niezale\u017cnie od typowej odporno\u015bci. Ketamina p\u0142yn do sprzeda\u017cy<\/p>\n<p>Ketamina p\u0142ynny 50 mg \/ 10 ml, mo\u017cna wprowadzi\u0107 jako nielegalny lek. W niekt\u00f3rych o\u015brodkach jest wymagane, aby podczas wyci\u0105gi by\u0142 obecny kto\u015b, kto m\u00f3g\u0142by pom\u00f3c ci bezpiecznie dotrze\u0107 do domu. Niekt\u00f3rzy pacjenci wol\u0105 obecno\u015b\u0107 bliskiej osoby w trakcie ca\u0142ego leczenia, aby czu\u0107 si\u0119 bardziej komfortowo, ale to wymaga nie we wszystkich plac\u00f3wkach. Ketamina p\u0142yn do sprzeda\u017cy<\/p>\n<h4>KETAMINA DO SPRZEDA\u017bY:<\/h4>\n<p>Kanapka z prawd\u0105, po prostu nie daje prawa do korzystania z tych recepty na miejscu. Uwa\u017camy, \u017ce dla bezpiecze\u0144stwa tych, kt\u00f3rzy wybieraj\u0105 te substancje, wa\u017cne jest, aby wzi\u0105\u0107 pod uwag\u0119 niuanse. Wielu klient\u00f3w, kt\u00f3rzy niezwykle d\u0142ugotrwa\u0142\u0105 lub ci\u0119\u017ck\u0105 \u043a\u0435\u0442\u0430\u043c\u0438\u043d\u043e\u0432\u0443\u044e p\u0142yn do 50 mg \/ 10 ml, donosz\u0105, \u017ce trzeba bra\u0107 znacznie wi\u0119cej, aby osi\u0105gn\u0105\u0107 oddzia\u0142u lub K w kszta\u0142cie otworu, w por\u00f3wnaniu z ich pierwszym u\u017cyciem, w ka\u017cdym razie, po d\u0142ugich przerw. Ketamina p\u0142yn do sprzeda\u017cy<\/p>\n<p>Je\u015bli nie masz cz\u0142owieka, po prostu skontaktuj si\u0119 z jedn\u0105 z organizacji, kt\u00f3re s\u0105 wymienione poni\u017cej, aby zorganizowa\u0107 transport. Przy wsparciu specjalisty psychologiczny pomy\u015blno\u015b\u0107 mo\u017cna u\u0142o\u017cy\u0107 plan leczenia, w kt\u00f3rym skupi si\u0119 na tych aspektach codziennego \u017cycia, kt\u00f3re trzeba najlepiej kontrolowa\u0107, kupuj\u0105c 50 mg \/ 10 ml leku z \u043a\u0435\u0442\u0430\u043c\u0438\u043d\u043e\u0432\u043e\u0439 p\u0142ynem, aby otrzymywa\u0107 nietypowe zabawy swoich spotka\u0144. Ketamina p\u0142yn do sprzeda\u017cy<\/p>\n<p>Kto\u015b zostanie wys\u0142any do ciebie do domu, do ciebie. Og\u00f3lnie rzecz bior\u0105c, zainteresowanie tej organizacji jest wielki i trzeba zadba\u0107 o transport. Poniewa\u017c ketamina liquid 50 mg \/ 10 ml zatwierdzony przez FDA pod mark\u0105 Spravato, istnieje zapotrzebowanie na jego wykorzystanie w leczeniu depresji. Ketamina p\u0142yn do sprzeda\u017cy<\/p>\n<p>\u041a\u0435\u0442\u0430\u043c\u0438\u043d\u043e\u0432\u0430\u044f p\u0142yn 50 mg \/ 10 ml - jest to opcja psychoterapii przy wsparciu. Procedura ta ma na celu wyeliminowanie przyczyn rozpaczy pacjenta. Do tej kategorii zalicza si\u0119 wszystkie instytucje, kt\u00f3re zapewniaj\u0105 pomoc psychiatryczn\u0105 w po\u0142\u0105czeniu z ketamin\u0105 p\u0142ynnym 50 mg \/ 10 ml dla organizacji. Ketamina p\u0142yn do sprzeda\u017cy<\/p>\n<h4>Leki PRZECIWB\u00d3LOWE:<\/h4>\n<p>Spravato, mo\u017cliwo\u015b\u0107 przypisania do natrysku w nos, jest dost\u0119pny tylko w kilku zatwierdzonych centrach i aptekach ketamine liquid 50 mg \/ 10 ml. W trakcie badania klinicznego dwana\u015bcie os\u00f3b z ci\u0119\u017ck\u0105 depresj\u0105 i my\u015blami samob\u00f3jczymi, takich, kt\u00f3rzy potrzebuj\u0105 leczenia, otrzymywali do\u017cylnie mieszanki \u043a\u0435\u0442\u0430\u043c\u0438\u043d\u043e\u0432\u043e\u0439 p\u0142ynu na 50 mg \/ 10 ml trzy razy w tygodniu. Ketamina p\u0142yn do sprzeda\u017cy<\/p>\n<p>Pi\u0119ciu z dwunastu rodz\u0105 i otrzymywali \u043a\u0435\u0442\u0430\u043c\u0438\u043d\u043e\u0432\u0443\u044e p\u0142yn 50 mg \/ 10 ml raz w tygodniu przez d\u0142u\u017cszy okres czasu, po czym przeprowadzono leczenie \u043a\u0435\u0442\u0430\u043c\u0438\u043d\u043e\u0432\u043e\u0439 p\u0142ynem 50 mg \/ 10 ml i oko\u0142o miesi\u0119czny okres obserwacji, w ci\u0105gu kt\u00f3rego \u043a\u0435\u0442\u0430\u043c\u0438\u043d\u043e\u0432\u0443\u044e p\u0142yn 50 mg \/ 10 ml nie podawano. Ka\u017cdy z pi\u0119ciu przygotowa\u0142 bardziej z\u0142o\u017conego przez przejawy podczas p\u00f3\u017aniejszego leczenia. Ketamina p\u0142yn do sprzeda\u017cy<\/p>","protected":false},"excerpt":{"rendered":"<h3 style=\"text-align: center;\">KAUFEN KETAMIN FL\u00dcSSIG<\/h3>\n<hr \/>\n<p>Finden Sie das beste fl\u00fcssige Ketamin zum Kauf auf unserer Website. Bestellen Sie jetzt und erhalten Sie es bequem nach Hause geliefert!<\/p>","protected":false},"featured_media":1761,"comment_status":"open","ping_status":"closed","template":"","meta":{"content-type":""},"product_brand":[],"product_cat":[188],"product_tag":[194,195],"class_list":{"0":"post-1752","1":"product","2":"type-product","3":"status-publish","4":"has-post-thumbnail","6":"product_cat-ketamine","7":"product_tag-ketamin-flussig-50-mg","8":"product_tag-ketamin-flussig-kaufen","10":"first","11":"instock","12":"shipping-taxable","13":"purchasable","14":"product-type-variable"},"_links":{"self":[{"href":"https:\/\/kokaindrogekaufen.com\/pl\/wp-json\/wp\/v2\/product\/1752"}],"collection":[{"href":"https:\/\/kokaindrogekaufen.com\/pl\/wp-json\/wp\/v2\/product"}],"about":[{"href":"https:\/\/kokaindrogekaufen.com\/pl\/wp-json\/wp\/v2\/types\/product"}],"replies":[{"embeddable":true,"href":"https:\/\/kokaindrogekaufen.com\/pl\/wp-json\/wp\/v2\/comments?post=1752"}],"wp:featuredmedia":[{"embeddable":true,"href":"https:\/\/kokaindrogekaufen.com\/pl\/wp-json\/wp\/v2\/media\/1761"}],"wp:attachment":[{"href":"https:\/\/kokaindrogekaufen.com\/pl\/wp-json\/wp\/v2\/media?parent=1752"}],"wp:term":[{"taxonomy":"product_brand","embeddable":true,"href":"https:\/\/kokaindrogekaufen.com\/pl\/wp-json\/wp\/v2\/product_brand?post=1752"},{"taxonomy":"product_cat","embeddable":true,"href":"https:\/\/kokaindrogekaufen.com\/pl\/wp-json\/wp\/v2\/product_cat?post=1752"},{"taxonomy":"product_tag","embeddable":true,"href":"https:\/\/kokaindrogekaufen.com\/pl\/wp-json\/wp\/v2\/product_tag?post=1752"}],"curies":[{"name":"wp","href":"https:\/\/api.w.org\/{rel}","templated":true}]}}