{"id":1805,"date":"2023-08-07T09:51:02","date_gmt":"2023-08-07T08:51:02","guid":{"rendered":"https:\/\/kokaindrogekaufen.com\/?post_type=product&#038;p=1805"},"modified":"2025-01-13T06:50:24","modified_gmt":"2025-01-13T06:50:24","slug":"lsd-kaufen","status":"publish","type":"product","link":"https:\/\/kokaindrogekaufen.com\/pl\/product\/lsd-kaufen\/","title":{"rendered":"Zakup LSD"},"content":{"rendered":"<div class=\"visible-content\">\n<h1>Kupi\u0107 LSD online<\/h1>\n<p class=\"gt-block\">Prosz\u0119, po\u015bwi\u0119\u0107 chwil\u0119, aby zapozna\u0107 si\u0119 z naszym najnowszym artyku\u0142em na temat 1D-LSD, 1V-LSD i ostatnich zmianach w przepisach Niemcy.<\/p>\n<h2>Co to jest 1D-LSD?<\/h2>\n<p>1D-LSD ((1-(<a href=\"https:\/\/en.wikipedia.org\/wiki\/1D-LSD#:~:text=1D%2DLSD%20(1%2D(1,German%20NpSG%20law%20in%202022.\" target=\"_blank\" rel=\"noopener\">1,2-Dimethylcyclobutan-1-carbonyl<\/a>) -Dwuetyloamid kwasu lizergowego hemi-L-winianu)) wprowadza si\u0119.<\/p>\n<p>1D-LSD jest to pochodna \u043b\u0438\u0437\u0435\u0440\u0433\u0430\u043c\u0438\u0434\u0430 z \u044d\u0440\u0433\u043e\u043b\u0438\u043d\u043e\u0432\u044b\u043c \u043e\u0441\u0442\u043e\u0432\u043e\u043c i stanowi proleku LSD, podczas gdy 1V-LSD i 1D-LSD s\u0105 r\u00f3wie\u015bnikami. Poniewa\u017c to proleku LSD, to prawdopodobnie ma wiele wsp\u00f3lnych psychodeliczne w\u0142a\u015bciwo\u015bci LSD-25, a tak\u017ce z innymi \u043f\u0440\u043e\u043b\u0435\u043a\u0430\u0440\u0441\u0442\u0432\u0430\u043c\u0438 LSD, takich jak 1cP-LSD i 1P-LSD, a tak\u017ce, prawdopodobnie, ma podobny mechanizm dzia\u0142ania. Proleku - to, w istocie, nieaktywne substancja, kt\u00f3ra staje si\u0119 aktywny w wyniku metabolizmu w wyniku reakcji chemicznych w przypadku dostania si\u0119 do \u015brodka.<\/p>\n<h3><strong>Jakie s\u0105 efekty 0D-LSD?<\/strong><\/h3>\n<\/div>\n<div class=\"hidden-content\">\n<p class=\"gt-block\">Wst\u0119pne doniesienia sugeruj\u0105, \u017ce 1D-LSD ma efekt\u00f3w podobnych do 1V-LSD i LSD-25, cho\u0107 wci\u0105\u017c znajduje si\u0119 na wczesnym etapie \u017cycia 1D-LSD. Jednak 1D-LSD, podobno, ma kilka istotnych r\u00f3\u017cnic od innych \u043b\u0438\u0437\u0435\u0440\u0433\u0430\u043c\u0438\u0434\u043e\u0432.<\/p>\n<p class=\"gt-block\">Ta\u00a0<strong>G\u0142\u00f3wne r\u00f3\u017cnice<\/strong>\u00a0Do tej pory mo\u017cemy zauwa\u017cy\u0107, \u017ce:<\/p>\n<ul>\n<li><strong>Ponad kr\u00f3tki\/szybki pocz\u0105tek<\/strong>\u00a0\u2013 1D-LSD, najwyra\u017aniej, dla pe\u0142nego efektu wymaga oko\u0142o 30-60 minut. W por\u00f3wnaniu z 1-2 godziny odbioru 1cP-LSD i LSD-25.<\/li>\n<li><strong>Sekwencja<\/strong>\u00a0\u2013 Viele Forscher haben berichtet, dass 1D-LSD konsistentere und reproduzierbarere Ergebnisse liefert, wodurch es sich besonders f\u00fcr Mikrodosierungen oder Therapeutika eignet. Die Momente auf dem Sportplatz sind voller Leidenschaft und Vitalit\u00e4t.<\/li>\n<li><strong>Kr\u00f3tka d\u0142ugo\u015b\u0107<\/strong>\u00a0\u2013 Raporty pokazuj\u0105, \u017ce 1D-LSD ma nawet kr\u00f3tszy czas, ni\u017c 1V-LSD, kt\u00f3ry ju\u017c mia\u0142 kr\u00f3tk\u0105 d\u0142ugo\u015b\u0107 oko\u0142o 6-8 godzin, w por\u00f3wnaniu z wi\u0119ksz\u0105 d\u0142ugo\u015bci\u0105 1cP-LSD i LSD-25, kt\u00f3ry jest bli\u017cej do 10-12 godzin. godzin.<\/li>\n<li><strong>Moc<\/strong>\u00a0\u2013 Skuteczno\u015b\u0107 1D-LSD wydaje si\u0119 por\u00f3wnywalna z 1V-LSD. Kupi\u0107 LSD online.<\/li>\n<\/ul>\n<h3 class=\"gt-block\">Dlaczego szybszy pocz\u0105tek?<\/h3>\n<p>Zak\u0142ada si\u0119, \u017ce szybki pocz\u0105tek mo\u017ce by\u0107 wyja\u015bnione du\u017cym obci\u0105\u017ceniem na 1,2-\u0434\u0438\u043c\u0435\u0442\u0438\u043b\u0446\u0438\u043a\u043b\u043e\u0431\u0443\u0442\u0430\u043d\u043e\u0432\u0443\u044e grup\u0119, kt\u00f3ra zapewnia szybszy metabolizm i hydroliza z wykszta\u0142ceniem LSD w naturalnych warunkach.<\/p>\n<p class=\"gt-block\"><strong>Legalno\u015b\u0107<\/strong><\/p>\n<p>1D-LSD obecnie prawo zezwala w Niemczech, Francji, Japonii, i prawie we wszystkich krajach \u015bwiata, gdzie nie ma ca\u0142kowitego zakazu zwi\u0105zki psychoaktywne. Niemcy, Francja, Japonia i prawie wszystkie kraje na \u015bwiecie, gdzie nie ma ca\u0142kowitego zakazu zwi\u0105zki psychoaktywne.<\/p>\n<p class=\"gt-block\">Nie posiadamy jeszcze \u017cadnych pseudonim\u00f3w 1D-LSD, bo jeszcze nie wiemy, jakie b\u0119d\u0105 jego cechy. Je\u015bli masz jakie\u015b sugestie, nie wahaj si\u0119 dzieli\u0107 nimi z nami poprzez e-mail lub czat na \u017cywo. Aby uzyska\u0107 wi\u0119cej informacji, prosz\u0119, we\u017a\u00a0<a href=\"https:\/\/kokaindrogekaufen.com\/pl\/\">Kontakt<\/a>\u00a0z nami na.<\/p>\n<\/div>","protected":false},"excerpt":{"rendered":"<p>\u2713Ca\u0142a dostawa Niemcy<br \/>\n\u2713Nieprzezroczyste i pr\u00f3\u017cniowe ukryta wysy\u0142ka<br \/>\n\u2713P\u0142atno\u015b\u0107 anonim z pomoc\u0105 bitcoin\u00f3w \/ Crypto<br \/>\n\u2713Pe\u0142na prywatno\u015b\u0107 za pomoc\u0105 szyfrowania<\/p>","protected":false},"featured_media":1810,"comment_status":"open","ping_status":"closed","template":"","meta":{"content-type":""},"product_brand":[],"product_cat":[193],"product_tag":[205,202,203,204],"class_list":{"0":"post-1805","1":"product","2":"type-product","3":"status-publish","4":"has-post-thumbnail","6":"product_cat-lsd-kaufen","7":"product_tag-kaufen-lsd","8":"product_tag-lsd-kaufen","9":"product_tag-lsd-kaufen-lieferung","10":"product_tag-lsd-online-kaufen","12":"first","13":"instock","14":"shipping-taxable","15":"purchasable","16":"product-type-variable"},"_links":{"self":[{"href":"https:\/\/kokaindrogekaufen.com\/pl\/wp-json\/wp\/v2\/product\/1805"}],"collection":[{"href":"https:\/\/kokaindrogekaufen.com\/pl\/wp-json\/wp\/v2\/product"}],"about":[{"href":"https:\/\/kokaindrogekaufen.com\/pl\/wp-json\/wp\/v2\/types\/product"}],"replies":[{"embeddable":true,"href":"https:\/\/kokaindrogekaufen.com\/pl\/wp-json\/wp\/v2\/comments?post=1805"}],"wp:featuredmedia":[{"embeddable":true,"href":"https:\/\/kokaindrogekaufen.com\/pl\/wp-json\/wp\/v2\/media\/1810"}],"wp:attachment":[{"href":"https:\/\/kokaindrogekaufen.com\/pl\/wp-json\/wp\/v2\/media?parent=1805"}],"wp:term":[{"taxonomy":"product_brand","embeddable":true,"href":"https:\/\/kokaindrogekaufen.com\/pl\/wp-json\/wp\/v2\/product_brand?post=1805"},{"taxonomy":"product_cat","embeddable":true,"href":"https:\/\/kokaindrogekaufen.com\/pl\/wp-json\/wp\/v2\/product_cat?post=1805"},{"taxonomy":"product_tag","embeddable":true,"href":"https:\/\/kokaindrogekaufen.com\/pl\/wp-json\/wp\/v2\/product_tag?post=1805"}],"curies":[{"name":"wp","href":"https:\/\/api.w.org\/{rel}","templated":true}]}}