{"id":1785,"date":"2023-08-07T08:57:00","date_gmt":"2023-08-07T07:57:00","guid":{"rendered":"https:\/\/kokaindrogekaufen.com\/?page_id=1785"},"modified":"2023-08-07T09:27:53","modified_gmt":"2023-08-07T08:27:53","slug":"drogen-bestellen-im-internet","status":"publish","type":"page","link":"https:\/\/kokaindrogekaufen.com\/sv\/drogen-bestellen-im-internet\/","title":{"rendered":"Leverans"},"content":{"rendered":"<style>\/*! elementor - v3.14.0 - 18-06-2023 *\/\n.elementor-image-gallery .gallery-item{display:inline-block;text-align:center;vertical-align:top;width:100%;max-width:100%;margin:0 auto}.elementor-image-gallery .gallery-item img{margin:0 auto}.elementor-image-gallery .gallery-item .gallery-caption{margin:0}.elementor-image-gallery figure img{display:block}.elementor-image-gallery figure figcaption{width:100%}.gallery-spacing-custom .elementor-image-gallery .gallery-icon{padding:0}@media (min-width:768px){.elementor-image-gallery .gallery-columns-2 .gallery-item{max-width:50%}.elementor-image-gallery .gallery-columns-3 .gallery-item{max-width:33.33%}.elementor-image-gallery .gallery-columns-4 .gallery-item{max-width:25%}.elementor-image-gallery .gallery-columns-5 .gallery-item{max-width:20%}.elementor-image-gallery .gallery-columns-6 .gallery-item{max-width:16.666%}.elementor-image-gallery .gallery-columns-7 .gallery-item{max-width:14.28%}.elementor-image-gallery .gallery-columns-8 .gallery-item{max-width:12.5%}.elementor-image-gallery .gallery-columns-9 .gallery-item{max-width:11.11%}.elementor-image-gallery .gallery-columns-10 .gallery-item{max-width:10%}}@media (min-width:480px) and (max-width:767px){.elementor-image-gallery .gallery.gallery-columns-2 .gallery-item,.elementor-image-gallery .gallery.gallery-columns-3 .gallery-item,.elementor-image-gallery .gallery.gallery-columns-4 .gallery-item,.elementor-image-gallery .gallery.gallery-columns-5 .gallery-item,.elementor-image-gallery .gallery.gallery-columns-6 .gallery-item,.elementor-image-gallery .gallery.gallery-columns-7 .gallery-item,.elementor-image-gallery .gallery.gallery-columns-8 .gallery-item,.elementor-image-gallery .gallery.gallery-columns-9 .gallery-item,.elementor-image-gallery .gallery.gallery-columns-10 .gallery-item{max-width:50%}}@media (max-width:479px){.elementor-image-gallery .gallery.gallery-columns-2 .gallery-item,.elementor-image-gallery .gallery.gallery-columns-3 .gallery-item,.elementor-image-gallery .gallery.gallery-columns-4 .gallery-item,.elementor-image-gallery .gallery.gallery-columns-5 .gallery-item,.elementor-image-gallery .gallery.gallery-columns-6 .gallery-item,.elementor-image-gallery .gallery.gallery-columns-7 .gallery-item,.elementor-image-gallery .gallery.gallery-columns-8 .gallery-item,.elementor-image-gallery .gallery.gallery-columns-9 .gallery-item,.elementor-image-gallery .gallery.gallery-columns-10 .gallery-item{max-width:100%}}<\/style>\n<figure class='gallery-item'>\n\t\t\t\t<a data-elementor-open-lightbox=\"yes\" data-elementor-lightbox-slideshow=\"cdf8b80\" data-elementor-lightbox-title=\"Ecstasy kAUFEN\" data-e-action-hash=\"#elementor-action%3Aaction%3Dlightbox%26settings%3DeyJpZCI6MTc5MywidXJsIjoiaHR0cDpcL1wva29rYWluZHJvZ2VrYXVmZW4uY29tXC93cC1jb250ZW50XC91cGxvYWRzXC8yMDIzXC8wOFwvRWNzdGFzeS1rQVVGRU4uanBnIiwic2xpZGVzaG93IjoiY2RmOGI4MCJ9\" href='http:\/\/kokaindrogekaufen.com\/wp-content\/uploads\/2023\/08\/Ecstasy-kAUFEN.jpg'><img width=\"225\" height=\"300\" src=\"http:\/\/kokaindrogekaufen.com\/wp-content\/uploads\/2023\/08\/Ecstasy-kAUFEN-225x300.jpg\" alt=\"\" decoding=\"async\" loading=\"lazy\" srcset=\"https:\/\/kokaindrogekaufen.com\/wp-content\/uploads\/2023\/08\/Ecstasy-kAUFEN-225x300.jpg 225w, https:\/\/kokaindrogekaufen.com\/wp-content\/uploads\/2023\/08\/Ecstasy-kAUFEN-300x400.jpg 300w, https:\/\/kokaindrogekaufen.com\/wp-content\/uploads\/2023\/08\/Ecstasy-kAUFEN-600x800.jpg 600w, https:\/\/kokaindrogekaufen.com\/wp-content\/uploads\/2023\/08\/Ecstasy-kAUFEN.jpg 720w\" sizes=\"(max-width: 225px) 100vw, 225px\" \/><\/a><br \/>\n\t\t\t<\/figure>\n<figure class='gallery-item'>\n\t\t\t\t<a data-elementor-open-lightbox=\"yes\" data-elementor-lightbox-slideshow=\"cdf8b80\" data-elementor-lightbox-title=\"cali weed online\" data-e-action-hash=\"#elementor-action%3Aaction%3Dlightbox%26settings%3DeyJpZCI6MTc5NSwidXJsIjoiaHR0cDpcL1wva29rYWluZHJvZ2VrYXVmZW4uY29tXC93cC1jb250ZW50XC91cGxvYWRzXC8yMDIzXC8wOFwvY2FsaS13ZWVkLW9ubGluZS5qcGciLCJzbGlkZXNob3ciOiJjZGY4YjgwIn0%3D\" href='http:\/\/kokaindrogekaufen.com\/wp-content\/uploads\/2023\/08\/cali-weed-online.jpg'><img width=\"169\" height=\"300\" src=\"http:\/\/kokaindrogekaufen.com\/wp-content\/uploads\/2023\/08\/cali-weed-online-169x300.jpg\" alt=\"\" decoding=\"async\" loading=\"lazy\" srcset=\"https:\/\/kokaindrogekaufen.com\/wp-content\/uploads\/2023\/08\/cali-weed-online-169x300.jpg 169w, https:\/\/kokaindrogekaufen.com\/wp-content\/uploads\/2023\/08\/cali-weed-online-576x1024.jpg 576w, https:\/\/kokaindrogekaufen.com\/wp-content\/uploads\/2023\/08\/cali-weed-online-300x533.jpg 300w, https:\/\/kokaindrogekaufen.com\/wp-content\/uploads\/2023\/08\/cali-weed-online-600x1067.jpg 600w, https:\/\/kokaindrogekaufen.com\/wp-content\/uploads\/2023\/08\/cali-weed-online.jpg 720w\" sizes=\"(max-width: 169px) 100vw, 169px\" \/><\/a><br \/>\n\t\t\t<\/figure>\n<figure class='gallery-item'>\n\t\t\t\t<a data-elementor-open-lightbox=\"yes\" data-elementor-lightbox-slideshow=\"cdf8b80\" data-elementor-lightbox-title=\"Cali weed delivery\" data-e-action-hash=\"#elementor-action%3Aaction%3Dlightbox%26settings%3DeyJpZCI6MTc5NiwidXJsIjoiaHR0cDpcL1wva29rYWluZHJvZ2VrYXVmZW4uY29tXC93cC1jb250ZW50XC91cGxvYWRzXC8yMDIzXC8wOFwvQ2FsaS13ZWVkLWRlbGl2ZXJ5LmpwZyIsInNsaWRlc2hvdyI6ImNkZjhiODAifQ%3D%3D\" href='http:\/\/kokaindrogekaufen.com\/wp-content\/uploads\/2023\/08\/Cali-weed-delivery.jpg'><img width=\"225\" height=\"300\" src=\"http:\/\/kokaindrogekaufen.com\/wp-content\/uploads\/2023\/08\/Cali-weed-delivery-225x300.jpg\" alt=\"\" decoding=\"async\" loading=\"lazy\" srcset=\"https:\/\/kokaindrogekaufen.com\/wp-content\/uploads\/2023\/08\/Cali-weed-delivery-225x300.jpg 225w, https:\/\/kokaindrogekaufen.com\/wp-content\/uploads\/2023\/08\/Cali-weed-delivery-768x1024.jpg 768w, https:\/\/kokaindrogekaufen.com\/wp-content\/uploads\/2023\/08\/Cali-weed-delivery-300x400.jpg 300w, https:\/\/kokaindrogekaufen.com\/wp-content\/uploads\/2023\/08\/Cali-weed-delivery-600x800.jpg 600w, https:\/\/kokaindrogekaufen.com\/wp-content\/uploads\/2023\/08\/Cali-weed-delivery.jpg 960w\" sizes=\"(max-width: 225px) 100vw, 225px\" \/><\/a><br \/>\n\t\t\t<\/figure>\n<figure class='gallery-item'>\n\t\t\t\t<a data-elementor-open-lightbox=\"yes\" data-elementor-lightbox-slideshow=\"cdf8b80\" data-elementor-lightbox-title=\"cali weed UK\" data-e-action-hash=\"#elementor-action%3Aaction%3Dlightbox%26settings%3DeyJpZCI6MTc5NywidXJsIjoiaHR0cDpcL1wva29rYWluZHJvZ2VrYXVmZW4uY29tXC93cC1jb250ZW50XC91cGxvYWRzXC8yMDIzXC8wOFwvY2FsaS13ZWVkLVVLLmpwZyIsInNsaWRlc2hvdyI6ImNkZjhiODAifQ%3D%3D\" href='http:\/\/kokaindrogekaufen.com\/wp-content\/uploads\/2023\/08\/cali-weed-UK.jpg'><img width=\"184\" height=\"300\" src=\"http:\/\/kokaindrogekaufen.com\/wp-content\/uploads\/2023\/08\/cali-weed-UK-184x300.jpg\" alt=\"\" decoding=\"async\" loading=\"lazy\" srcset=\"https:\/\/kokaindrogekaufen.com\/wp-content\/uploads\/2023\/08\/cali-weed-UK-184x300.jpg 184w, https:\/\/kokaindrogekaufen.com\/wp-content\/uploads\/2023\/08\/cali-weed-UK-627x1024.jpg 627w, https:\/\/kokaindrogekaufen.com\/wp-content\/uploads\/2023\/08\/cali-weed-UK-768x1254.jpg 768w, https:\/\/kokaindrogekaufen.com\/wp-content\/uploads\/2023\/08\/cali-weed-UK-300x490.jpg 300w, https:\/\/kokaindrogekaufen.com\/wp-content\/uploads\/2023\/08\/cali-weed-UK-600x980.jpg 600w, https:\/\/kokaindrogekaufen.com\/wp-content\/uploads\/2023\/08\/cali-weed-UK.jpg 784w\" sizes=\"(max-width: 184px) 100vw, 184px\" \/><\/a><br \/>\n\t\t\t<\/figure>\n<figure class='gallery-item'>\n\t\t\t\t<a data-elementor-open-lightbox=\"yes\" data-elementor-lightbox-slideshow=\"cdf8b80\" data-elementor-lightbox-title=\"buy weed online reivews\" data-e-action-hash=\"#elementor-action%3Aaction%3Dlightbox%26settings%3DeyJpZCI6MTc5OCwidXJsIjoiaHR0cDpcL1wva29rYWluZHJvZ2VrYXVmZW4uY29tXC93cC1jb250ZW50XC91cGxvYWRzXC8yMDIzXC8wOFwvYnV5LXdlZWQtb25saW5lLXJlaXZld3MuanBnIiwic2xpZGVzaG93IjoiY2RmOGI4MCJ9\" href='http:\/\/kokaindrogekaufen.com\/wp-content\/uploads\/2023\/08\/buy-weed-online-reivews.jpg'><img width=\"225\" height=\"300\" src=\"http:\/\/kokaindrogekaufen.com\/wp-content\/uploads\/2023\/08\/buy-weed-online-reivews-225x300.jpg\" alt=\"\" decoding=\"async\" loading=\"lazy\" srcset=\"https:\/\/kokaindrogekaufen.com\/wp-content\/uploads\/2023\/08\/buy-weed-online-reivews-225x300.jpg 225w, https:\/\/kokaindrogekaufen.com\/wp-content\/uploads\/2023\/08\/buy-weed-online-reivews-768x1024.jpg 768w, https:\/\/kokaindrogekaufen.com\/wp-content\/uploads\/2023\/08\/buy-weed-online-reivews-300x400.jpg 300w, https:\/\/kokaindrogekaufen.com\/wp-content\/uploads\/2023\/08\/buy-weed-online-reivews-600x800.jpg 600w, https:\/\/kokaindrogekaufen.com\/wp-content\/uploads\/2023\/08\/buy-weed-online-reivews.jpg 960w\" sizes=\"(max-width: 225px) 100vw, 225px\" \/><\/a><br \/>\n\t\t\t<\/figure>\n<figure class='gallery-item'>\n\t\t\t\t<a data-elementor-open-lightbox=\"yes\" data-elementor-lightbox-slideshow=\"cdf8b80\" data-elementor-lightbox-title=\"Kokain bestellen\" data-e-action-hash=\"#elementor-action%3Aaction%3Dlightbox%26settings%3DeyJpZCI6MTgwMCwidXJsIjoiaHR0cDpcL1wva29rYWluZHJvZ2VrYXVmZW4uY29tXC93cC1jb250ZW50XC91cGxvYWRzXC8yMDIzXC8wOFwvS29rYWluLWJlc3RlbGxlbi5qcGciLCJzbGlkZXNob3ciOiJjZGY4YjgwIn0%3D\" href='http:\/\/kokaindrogekaufen.com\/wp-content\/uploads\/2023\/08\/Kokain-bestellen.jpg'><img width=\"225\" height=\"300\" src=\"http:\/\/kokaindrogekaufen.com\/wp-content\/uploads\/2023\/08\/Kokain-bestellen-225x300.jpg\" alt=\"\" decoding=\"async\" loading=\"lazy\" srcset=\"https:\/\/kokaindrogekaufen.com\/wp-content\/uploads\/2023\/08\/Kokain-bestellen-225x300.jpg 225w, https:\/\/kokaindrogekaufen.com\/wp-content\/uploads\/2023\/08\/Kokain-bestellen-768x1024.jpg 768w, https:\/\/kokaindrogekaufen.com\/wp-content\/uploads\/2023\/08\/Kokain-bestellen-300x400.jpg 300w, https:\/\/kokaindrogekaufen.com\/wp-content\/uploads\/2023\/08\/Kokain-bestellen-600x800.jpg 600w, https:\/\/kokaindrogekaufen.com\/wp-content\/uploads\/2023\/08\/Kokain-bestellen.jpg 960w\" sizes=\"(max-width: 225px) 100vw, 225px\" \/><\/a><br \/>\n\t\t\t<\/figure>\n<h1>Nr 1-online-store \u2013 l\u00e4kemedel f\u00f6r p\u00e5 internet<\/h1>\n<p>L\u00e4kemedel k\u00f6pa online. Det b\u00e4sta st\u00e4llet f\u00f6r att f\u00f6r s\u00e4kra och enkla Ogr\u00e4s, cannabis, kokain, MDMA och amfetamin. Utan fraktkostnader inom Tyskland. Europa-omfattande transporter av L\u00e4kemedel utan extra kostnad f\u00f6r frakt. Den h\u00f6gsta leverans priser, tack vare ett diskret och luftt\u00e4t f\u00f6rpackning av kartong och p\u00e5se aluminium laminerad film p\u00e5 insidan. Med DHL sp\u00e5rningsnummer f\u00f6r att sp\u00e5ra narkotika s\u00e4ndning.<\/p>\n<h2>Bitcoin \u2013 S\u00e4ker betalning n\u00e4r du handlar<\/h2>\n<p>Av s\u00e4kerhetssk\u00e4l accepterar vi i v\u00e5r Butik, bara crypto-valutan Bitcoin. Varf\u00f6r? Ganska enkelt. Vi vill alla att h\u00e5lla i Ordning p\u00e5 olagliga substanser \u00e4r anonyma och \u00e4r inte ett h\u00e4lsar risker. Dessutom, en betalning av Bitcoin har \u00e4ven andra bra f\u00f6rm\u00e5ner. Betalning sker inom loppet av n\u00e5gra sekunder. S\u00e5 snart du har gjort din l\u00e4kemedel best\u00e4llning i v\u00e5r Butik, och f\u00f6r oss, det belopp som p\u00e5 grund av v\u00e5r Pl\u00e5nbok har skickats, det \u00e4r accepterat din best\u00e4llning automatiskt av v\u00e5rt System och bearbetas. Betalningen \u00e4r helt transparent. B\u00e5da parter kommer att kunna se via Blockchain Explorer, Status f\u00f6r BTC visa. Med hj\u00e4lp av transaktions-ID, kan vem som helst se, om beloppet \u00e4r. S\u00e5 kan det inte g\u00e5 fel. En betalning med Bitcoin \u00e4r ocks\u00e5 att h\u00e5lla en mycket hard-to-back.\u00a0<\/p>\n<h2>VPN-Ladda ner Mer s\u00e4kerhet n\u00e4r du Surfar<\/h2>\n<p>\u00c4ven om vi betalar mycket uppm\u00e4rksamhet till alla s\u00e4kerhet och kunden att ta bort data automatiskt efter en kort tid ut fr\u00e5n v\u00e5rt System, vi rekommenderar v\u00e5ra kunder att anv\u00e4nda men en VPN, innan du ger upp p\u00e5 en drog f\u00f6r. Det finns m\u00e5nga VPN-l\u00f6sningar. Vi har personligen goda erfarenheter med Norra VPG och Tor Browser. VPN-tj\u00e4nster att \u00e4ndra din IP-adress och d\u00f6lja din identitet p\u00e5 Internet. Det finns ingen information om ditt ink\u00f6p i v\u00e5rt System, och kommer att f\u00f6rbli s\u00e5. Den Torbrowser du kan gratis f\u00f6r Windows eller Mac f\u00f6r att ladda ner och installera. Om du vill best\u00e4lla i din Smartphone, s\u00e5 kan du f\u00e5\u00a0<a href=\"https:\/\/nordvpn.com\/de\/download\/windows\/\" target=\"_blank\" rel=\"noopener\">Nord VPN-installera Appen<\/a>. Tj\u00e4nsten kommer att kosta ca 35 \u20ac per \u00e5r. Du b\u00f6r vara din trygghet v\u00e4rde.<\/p>\n<h2>Leverans Information \u2013 Drug Delivery<\/h2>\n<p>Naturligtvis har vi ocks\u00e5 uppm\u00e4rksamma leverans av k\u00f6pta l\u00e4kemedel strikt s\u00e4kerhet. Vi kommer att leverera de l\u00e4kemedel som mycket diskret och luktfri. Droger, paket och kuvert f\u00f6r att vidr\u00f6ras endast med en handske. Det f\u00f6rsta l\u00e4kemedlet kan dammsugas med en speciell maskin fr\u00e5n oss, om vi tar luften ur paketet. Efter som vi kommer att behandla din l\u00e4kemedel \u00e4nnu en g\u00e5ng, svetsning, och med en speciell Anti-Hund Spray, s\u00e5 att polisens narkotikahundar luktar ingenting. Kuvertet \u00e4r kamouflerade, och det \u00e4r st\u00e4ndigt \u00e4ndrat strategi.<\/p>\n<p>S\u00e5 du \u00e4r inte f\u00f6rv\u00e5nad, till exempel om ett Namn p\u00e5 ett f\u00f6retag f\u00f6r kosmetika \u00e4r p\u00e5 kuvertet. F\u00f6r ytterligare information om hantering och f\u00f6rpackning av l\u00e4kemedel, vi kan inte g\u00f6ra det av s\u00e4kerhetssk\u00e4l, men du kan vara s\u00e4ker p\u00e5 att vi kommer att g\u00f6ra allt vi kan f\u00f6r att inte fastna. Genom v\u00e5r m\u00e5ng\u00e5riga erfarenhet inom Online-handel av narkotika och droger \u00e4r v\u00e5r leverans priser \u00f6ver 96 %. B\u00f6r dock inte komma i ett paket, du kan oss via v\u00e5rt biljettsystem, brev, och vi kommer att unders\u00f6ka ditt fall. Om felet ligger hos oss, f\u00e5r du tillbaka 100% av dina pengar. S\u00e5 kan du bekymmersfritt din\u00a0<a href=\"https:\/\/kokaindrogekaufen.com\/sv\/\">K\u00d6PA DROGER<\/a>\u00a0eller\u00a0<a href=\"https:\/\/kokaindrogekaufen.com\/sv\/product-category\/kokain\/\">Kokain f\u00f6r<\/a>.<\/p>","protected":false},"excerpt":{"rendered":"<p>Der Nr. 1 Onlineshop \u2013 Drogen bestellen im internet Drogen online kaufen. Die beste Adresse, um sicher und einfach Weed, Hasch, Kokain, MDMA und Amphetamin zu bestellen. Ohne Versandkosten innerhalb Deutschlands. Europaweite\u00a0Drogenlieferungen\u00a0ohne Aufpreis beim Versand. H\u00f6chste Zustellquote dank diskreter und luftdichter Verpackung aus Karton und Beutel aus Aluminiumverbundfolie innen. Mit DHL Trackingnummer zur Verfolgung der Drogen-Sendung. Bitcoin \u2013 Sichere Zahlung beim Einkaufen Aus Sicherheitsgr\u00fcnden akzeptieren wir in unserem Shop nur die Kryptow\u00e4hrung Bitcoin. Warum? Ganz einfach. Wir m\u00f6chten alle beim Bestellen von illegalen Substanzen anonym bleiben und keine gr\u00fc\u00dfen Risiken eingehen. Zudem hat eine Zahlung per Bitcoin auch andere gute\u2026<\/p>","protected":false},"author":1,"featured_media":0,"parent":0,"menu_order":0,"comment_status":"closed","ping_status":"closed","template":"","meta":{"content-type":"","footnotes":""},"class_list":["post-1785","page","type-page","status-publish","hentry"],"blocksy_meta":"","_links":{"self":[{"href":"https:\/\/kokaindrogekaufen.com\/sv\/wp-json\/wp\/v2\/pages\/1785"}],"collection":[{"href":"https:\/\/kokaindrogekaufen.com\/sv\/wp-json\/wp\/v2\/pages"}],"about":[{"href":"https:\/\/kokaindrogekaufen.com\/sv\/wp-json\/wp\/v2\/types\/page"}],"author":[{"embeddable":true,"href":"https:\/\/kokaindrogekaufen.com\/sv\/wp-json\/wp\/v2\/users\/1"}],"replies":[{"embeddable":true,"href":"https:\/\/kokaindrogekaufen.com\/sv\/wp-json\/wp\/v2\/comments?post=1785"}],"version-history":[{"count":9,"href":"https:\/\/kokaindrogekaufen.com\/sv\/wp-json\/wp\/v2\/pages\/1785\/revisions"}],"predecessor-version":[{"id":1803,"href":"https:\/\/kokaindrogekaufen.com\/sv\/wp-json\/wp\/v2\/pages\/1785\/revisions\/1803"}],"wp:attachment":[{"href":"https:\/\/kokaindrogekaufen.com\/sv\/wp-json\/wp\/v2\/media?parent=1785"}],"curies":[{"name":"wp","href":"https:\/\/api.w.org\/{rel}","templated":true}]}}