{"id":1443,"date":"2023-06-27T19:19:16","date_gmt":"2023-06-27T18:19:16","guid":{"rendered":"https:\/\/kokaindrogekaufen.com\/?post_type=product&#038;p=1443"},"modified":"2026-01-27T00:55:36","modified_gmt":"2026-01-27T00:55:36","slug":"2c-pink-kokain-zu-verkaufen","status":"publish","type":"product","link":"https:\/\/kokaindrogekaufen.com\/sv\/product\/2c-pink-kokain-zu-verkaufen\/","title":{"rendered":"2C-S\u00c4LJER ROSA KOKAIN"},"content":{"rendered":"<p>Sammanfattningsvis kan vi s\u00e4ga att vi erbjuder 2C-rosa pulver Kokain i v\u00e4rlden till salu. 2C-Rosa-pulver Kokain \u00e4r oftast ett rosa kuvert eller ett pulver som tas oralt eller intranasally, \u00e4r ett tacksamt. Det b\u00f6r inte anv\u00e4ndas med 2C-rosa pulver Kokain hydroklorid f\u00f6rvirrad, v\u00e4xtbaserade Energizer som ser ut som stora vita pulver. 2K-Rosa-pulver Kokain \u00e4r en typ av 2K-mediciner som \u00e4r professionellt som f\u00f6reskrivs och som fenyl etyl-amin plan medicin \u00e4r k\u00e4nda. 2C-rosa kokain pulver till salu<\/p>\n<p>Effekterna av 2K-rosa pulver Kokain \u00e4r i allm\u00e4nhet best\u00e4ms av de typer av recept eller andra \u00e4mnen som redan finns p\u00e5 plats att k\u00f6pa l\u00e4kemedel i en viss grupp. Fenetylaminer \u00e4r i en klass av l\u00e4kemedel med stimulerande och psykoaktiva effekter. Dessa inkluderar l\u00e4kare rekommenderade lugnande medel och Amfetamin, Metamfetamin och MDMA. Under de senaste tio \u00e5ren, fenyl etyl-amin 2C-Rosa-pulver Kokain har upplevt en boom som en sport av drogen b\u00f6rjade i klubben scenen i S\u00f6der och i mitten av Usa, d\u00e4r det var k\u00e4nt som den Rosa Kokain eller Brom k\u00e4nd. 2C-Rosa-kokain pulver till salu<\/p>\n<p>2C-Rosa-pulver Kokain \u00e4r en drog i Centrala nervsystemet, dopamin-receptorer har \u00e4ndrats i hj\u00e4rnan. \u00c4ven om rosa kokain kan p\u00e5verka dopamin-receptorer, har resulterat i den st\u00f6rsta studien att det p\u00e5verkar serotonin-receptorer. 2C-Rosa-pulver Kokain \u00e4r en stimulant av det Centrala nervsystemet, dopamin receptorer p\u00e5verkas i hj\u00e4rnan. Medan 2K kan ocks\u00e5 p\u00e5verkas av Rosa-pulver Kokain dopamin-receptorer, tyder p\u00e5 att de flesta av de unders\u00f6kningar av det faktum att det p\u00e5verkar serotonin-receptorer. \u00d6verdosering med 2C-Rosa-pulver Kokain. Att s\u00e4lja 2C-rosa pulver Kokain<\/p>\n<h3>2C-ROSA KOKAIN ONLINE K\u00d6PA:<\/h3>\n<p>B\u00e5da typerna av Salt b\u00f6r vara vit i sitt naturliga tillst\u00e5nd, men de nyanser kan variera fr\u00e5n vitt till brunt. Vit 2K-Rosa-pulver Kokain inte omedelbart visar att det \u00e4r en ren produkt, men det \u00e4r inte skiljas fr\u00e5n brun 2K-Rosa-pulverkokain, och mycket imponerande det kan vara. V\u00e4lj pulver n\u00e4stan aldrig till sin f\u00e4rg. I fallet med en &#034;Slam-Pack&#034; eller &#034;Banana Separat&#034; \u00e4r 2C-rosa pulver Kokain i kombination med Bliss eller LSD, f\u00f6r att f\u00f6rst\u00e4rka effekten. 2C-s\u00e4ljer ett rosa pulver Kokain<\/p>\n<p>&#034;Kombinationen av dessa l\u00e4kemedel \u00f6kar risken f\u00f6r antagonistiska effekter, och en \u00d6verdos. 2C-Rosa-pulver Kokain \u00e4r den vanliga Slanguttryck f\u00f6r tekniskt producerad fr\u00e5n fenetylaminen 2C-B. Det \u00e4r en popul\u00e4r arkitekt l\u00e4kemedel p\u00e5 grund av dess stimulerande och psykoaktiva anv\u00e4nds-aktiva egenskaper ofta p\u00e5 Klubbar och evenemang. 2C-rosa kokain pulver till salu<\/p>\n<p>Resultaten kombineras med hj\u00e4lp av en teknik som anger den m\u00e4ngd av din Del. I mindre doser, de l\u00e4kemedel kan ocks\u00e5 orsaka en \u00f6kning i hj\u00e4rtfrekvens, en \u00f6kning i den excitatoriska sk\u00e4rpa, och en upplevelse av sensuell berusning. Effekterna av 2C-Rosa-pulver Kokain l\u00e4ngre \u00e4n i fallet med andra droger, inklusive den eufori. 2C-s\u00e4lja-Rosa-pulverkokain<\/p>\n<h4>2C-S\u00c4LJER ROSA KOKAIN:<\/h4>\n<p>Vanligtvis tar det en till tv\u00e5 timmar, tills l\u00e4kemedlet efter intag av det n\u00e5r hj\u00e4rnan. Dess effekt varar mellan fyra och \u00e5tta timmar. Rosa pulver Kokain 2C I kall luft hydrolyserat HCl och delar ut fr\u00e5n hans Tropanskelett att bilda de ovan n\u00e4mnda f\u00f6rening, metyl benzoate,. Dessutom har forskarna kombinerat NATO har st\u00f6tt lagstiftningsf\u00f6rfarandet, i syfte att f\u00f6rklara den f\u00f6r n\u00e4rvarande mest uppmuntrande analoger och blanda dem till det Yttersta, f\u00f6r att utforska nya och fungerande blandningar, i syfte att f\u00f6rb\u00e4ttra din anv\u00e4ndning av kontrasterande s\u00e4rskilda sk\u00e4l. 2C-rosa kokain pulver till salu<\/p>\n<p>Detta \u00e4r en f\u00f6rbjuden pulver, som anv\u00e4nds \u00f6ver hela v\u00e4rlden f\u00f6r v\u00e4lbefinnande. Det \u00e4r bara en enskild l\u00e4kemedlet som kommer i ett par olika former, s\u00e5som p-piller, Container, eller pulveriserad Form. Vi f\u00f6rser dig med tabletter, vilket motsvarar de vanliga och bepr\u00f6vad metod f\u00f6r administration av detta l\u00e4kemedel. 2C-Rosa-pulver Kokain \u00e4r inte samma sak som att 2C-B, 2C-Rosa-pulver Kokain hydroklorid till. 2C-Rosa-kokain pulver till salu<br \/>\nTen artyku\u0142 oferuje bezp\u0142atn\u0105 wysy\u0142k\u0119 w przypadku kwalifikuj\u0105cych si\u0119 produkt\u00f3w <a href=\"https:\/\/www.high-endrolex.com\/\" target=\"_blank\" rel=\"noopener\">Face mask<\/a> produkty lub kup online i odbierz dzisiaj w sklepie w dziale medycznym<br \/>\nI Sydamerika, 2C-Rosa-pulverkokain, och andra tillverkade l\u00e4kemedel-to-date, professionellt ordinerats l\u00e4kemedel var planerad. Den stimulerande effekten \u00e4r obetydlig, medan den psykedeliska effekter uppst\u00e5 efter konsumtion av stora m\u00e4ngder av \u00e4mnet. Tiden fram till dess att F\u00f6rekomsten av dessa effekter \u00e4r mellan 4 och 8 timmar. Mot bakgrund av detta, det \u00e4r fascinerande att det tar p\u00e5 karakt\u00e4ren av 2C-Rosa pulverkokain, eftersom konsekvenserna av att ta detta l\u00e4kemedel j\u00e4mf\u00f6rs med 2C-Rosa kokainpulver hydrochloride \u00e4r f\u00f6rsumbar. 2C-Rosa-kokain pulver till salu<\/p>\n<h4>2C-ROSA KOKAIN<\/h4>\n<p>2C-rosa pulver Kokain kan k\u00f6pas p\u00e5 Internet till rimliga priser. Vi f\u00f6rst\u00e5r att m\u00e5nga har f\u00f6r att f\u00f6rst\u00e5 dig, hur praktiskt det \u00e4r att s\u00e4lja 2C-rosa pulver Kokain i Gratis hur man g\u00f6r detta p\u00e5 s\u00f6k. Vi vill att du ska f\u00f6rst\u00e5 att vi har vidtagit alla de s\u00e4kerhets\u00e5tg\u00e4rder i f\u00f6rh\u00e5llande till de uppgifter och verkligheter, liksom s\u00e4kerheten f\u00f6r v\u00e5ra kunder. 2C-rosa kokain pulver till salu<\/p>\n<p>2C-rosa pulver Kokain \u00e4r en typ av 2C-p-piller, som kallas fenyletylamin-liknande piller cutter. Fenetylaminer \u00e4r i en klass av l\u00e4kemedel, stimulerande och psyko-aktiva effekter. Amfetamin, Metamfetamin och MDMA \u00e4r ocks\u00e5 en del av dessa stimulantia. I f\u00f6rh\u00e5llande till de lugnande effekterna av Dimetikon \u00e4r kokain motsvarande. Den Intralipid-&#034;r\u00e4dda&#034; kommer att forts\u00e4tta att blockerare f\u00f6r att v\u00e4nda cardiotoxic effekter av natrium kanal och sj\u00e4lvklart \u00e4r dessa resultat anv\u00e4nds. 2C-rosa kokain pulver till salu<\/p>\n<p>Hallucinogenics Items ist ein weltweiter Pionier auf dem Web-Lieferant von komplettem Wohlbefinden und Wellness und Standard Heilung halluzinogenen und Cannabis Arrangements. Wir haben diesen Artikel geschrieben, um Ihnen die besten Qualit\u00e4tsprodukte anzubieten. 2C-Pnk C\u043e\u0441\u0430n\u0435 P\u043ewd\u0435r ist ein rosafarbener Beh\u00e4lter mit mehr Informationen oder Pulver, das absolut oral oder intranasal verwendet wird. Es sollte nicht mit 2C-Pink Cocaine Powder <a href=\"https:\/\/ketaminkaufenn.com\/\" target=\"_blank\" rel=\"noopener\">Hydrochloride<\/a> kombiniert werden, einem Medikament auf pflanzlicher Basis, das das Aussehen eines modischen, wei\u00dfen Pulvers hat. 2C-Pink-Kokainpulver zum Verkauf<\/p>\n<h4>ATT S\u00c4LJA KOKAIN:<\/h4>\n<p>\u00d6kningen av f\u00f6rfalskade l\u00e4kemedel i Argentina och Uruguay \u00e4r ett exempel p\u00e5 hur kriminella organisationer att anpassa sig till den v\u00e4xande efterfr\u00e5gan f\u00f6r dessa l\u00e4kemedel. 2C-Rosa-pulver Kokain \u00e4r en drog som bara har nyligen \u00f6kat i popularitet. L\u00e4kemedlet, men \u00e4r inte ett nytt fenomen, men den har en l\u00e5ng historia. De inf\u00f6dda stammarna som f\u00f6rbrukas vid denna tid, Kokablad, eller Peyote som en del av deras seder. 2C-rosa kokain pulver till salu<\/p>\n<p>\u00c4ven om Argentina \u00e4r inte en Hotspot f\u00f6r kokain, \u00e4r det kommersiella centrumet f\u00f6r kontroll av narkotika i-provinsen i n\u00e4rheten av lokala inslag flytta. N\u00e4r det tas i mycket l\u00e5ga doser, det kan ge sk\u00f6ra uppfriskande resultat; dock, om det tas i stora m\u00e4ngder kan den ge mycket stor respons, och fantastiska fantasier. 2C-Rosa-kokain pulver till salu<\/p>\n<p>Die Wirkung von 2C-Pink-Kokainpulver erreicht ihren H\u00f6hepunkt in der Regel innerhalb von zwei Stunden, kann aber bis zu acht Stunden anhalten. 2C-pink Kokainpulver ist eine prim\u00e4re Interaktionsdroge, die die Dopaminrezeptoren als Teil Ihrer Wahrnehmung ver\u00e4ndert. Obwohl pinkes <a href=\"https:\/\/kokaindrogekaufen.com\/sv\/kokain-preis\/\">Kokain<\/a> Dopaminrezeptoren beeinflussen kann, hat die Mehrheit der Forschung herausgefunden, dass es Serotoninrezeptoren beeinflusst. 2C-rosa Kokainpulver zum Verkauf<\/p>\n<h4>DESSUTOM:<\/h4>\n<p>Detta \u00e4r en varning till det stora antalet m\u00e4nniskor som konsumerar det h\u00e4r. Om du vill h\u00e5lla ett \u00f6ga p\u00e5 saker och ting och ta kontroll \u00f6ver dina mediciner! Du kan testa sin egen s\u00e4kerhet, deras \u00e4mnen av en kontroll\u00f6r, eller om du har f\u00f6r att testa minst 2C-rosa kokainpulver med viktig reagens, som kan vara Marquis reagens, och Mecke reagens. 2C-rosa kokain pulver till salu<\/p>\n<p>Den enda Likheten mellan de tv\u00e5 l\u00e4kemedlen \u00e4r deras fysiska utseende, i synnerhet representation i form av ett pulver. Oavsett 2C-Rosa-kokain pulver inneh\u00e5ller en h\u00f6gre vanebildande elektrisk kraft \u00e4r att av andra psykoaktiva substanser, till exempel metamfetamin \u00e4r liknande. Det finns dock inte tillr\u00e4ckliga unders\u00f6kningar av sena effekter. Den l\u00e5ngsiktiga anv\u00e4ndningen var f\u00f6rknippad med k\u00e4nslor av \u00e5ngest, f\u00f6rtvivlan och s\u00f6mnst\u00f6rningar. Det \u00e4r sv\u00e5rt att s\u00e4ga i vilken utstr\u00e4ckning detta l\u00e4kemedel \u00e4r vanebildande. 2C-s\u00e4ljer ett rosa pulver Kokain<\/p>","protected":false},"excerpt":{"rendered":"<h3 style=\"text-align: center;\">PINK KOKAIN ZU VERKAUFEN<\/h3>","protected":false},"featured_media":1473,"comment_status":"open","ping_status":"closed","template":"","meta":{"content-type":""},"product_brand":[],"product_cat":[26],"product_tag":[],"class_list":{"0":"post-1443","1":"product","2":"type-product","3":"status-publish","4":"has-post-thumbnail","6":"product_cat-kokain","8":"first","9":"instock","10":"shipping-taxable","11":"purchasable","12":"product-type-variable"},"_links":{"self":[{"href":"https:\/\/kokaindrogekaufen.com\/sv\/wp-json\/wp\/v2\/product\/1443"}],"collection":[{"href":"https:\/\/kokaindrogekaufen.com\/sv\/wp-json\/wp\/v2\/product"}],"about":[{"href":"https:\/\/kokaindrogekaufen.com\/sv\/wp-json\/wp\/v2\/types\/product"}],"replies":[{"embeddable":true,"href":"https:\/\/kokaindrogekaufen.com\/sv\/wp-json\/wp\/v2\/comments?post=1443"}],"wp:featuredmedia":[{"embeddable":true,"href":"https:\/\/kokaindrogekaufen.com\/sv\/wp-json\/wp\/v2\/media\/1473"}],"wp:attachment":[{"href":"https:\/\/kokaindrogekaufen.com\/sv\/wp-json\/wp\/v2\/media?parent=1443"}],"wp:term":[{"taxonomy":"product_brand","embeddable":true,"href":"https:\/\/kokaindrogekaufen.com\/sv\/wp-json\/wp\/v2\/product_brand?post=1443"},{"taxonomy":"product_cat","embeddable":true,"href":"https:\/\/kokaindrogekaufen.com\/sv\/wp-json\/wp\/v2\/product_cat?post=1443"},{"taxonomy":"product_tag","embeddable":true,"href":"https:\/\/kokaindrogekaufen.com\/sv\/wp-json\/wp\/v2\/product_tag?post=1443"}],"curies":[{"name":"wp","href":"https:\/\/api.w.org\/{rel}","templated":true}]}}