{"id":1452,"date":"2023-06-27T19:19:16","date_gmt":"2023-06-27T18:19:16","guid":{"rendered":"https:\/\/kokaindrogekaufen.com\/?post_type=product&#038;p=1452"},"modified":"2026-01-27T00:59:24","modified_gmt":"2026-01-27T00:59:24","slug":"bolivianisches-kokain-zu-verkaufen","status":"publish","type":"product","link":"https:\/\/kokaindrogekaufen.com\/sv\/product\/bolivianisches-kokain-zu-verkaufen\/","title":{"rendered":"ATT S\u00c4LJA KOKAIN BOLIVIANSKA"},"content":{"rendered":"<h2>KOKAIN TILL SALU P\u00c5 N\u00c4TET:<\/h2>\n<p>Utan dr\u00f6jsm\u00e5l, vi har kokain till salu p\u00e5 n\u00e4tet. En kritisk Bolivianska Partner vid intag av l\u00e4kemedel, meddelade att den sista av de m\u00f6jliga F\u00f6r\u00e4ndringar som kan \u00f6ka graden av laglig Coca i den nya dekret, fr\u00e4sch ut i rutan, inneb\u00e4r att koalitionen skulle anpassa din verksamhet, &#034;ny&#034;, samtidigt som hon kommer att forts\u00e4tta att arbeta med Bolivia tillsammans. I h\u00e4ndelse av att du \u00e4r en kund som f\u00f6rs\u00f6ker Top-of-the-line av bra produkter f\u00f6r att uppt\u00e4cka, din absolut f\u00f6rsta arrangemanget b\u00f6r definitivt inte att komma ih\u00e5g, en del av det Bolivianska kokain p\u00e5 aaronay vara.<\/p>\n<p>Du har en ton av grundl\u00e4ggande egenskaper. Hj\u00e4lp. Bolivianska kokain skulle vara det mest perfekta typ av Bolivianska kokain som du kan uppt\u00e4cka p\u00e5 planeten. Folk anv\u00e4nder det f\u00f6r att en Energizer att arbeta f\u00f6r skapandet av explicita kemikalier fr\u00e5n hj\u00e4rnan, dessutom, f\u00f6r att f\u00e5 hj\u00e4lp av den erforderliga tillst\u00e5nd. Med den \u00f6ppenhet som vi erbjuder, du beh\u00f6ver inte sitta overksam och fundera \u00f6ver var de Bolivianska kokain kan k\u00f6pa. Kokain till salu p\u00e5 n\u00e4tet<\/p>\n<p>Detta \u00e4r ovanligt att personer, som har anknytning till en l\u00e5ng v\u00e4g fr\u00e5n faktiska apotek liv. Den Bolivianska kokain-data distribution Informandote tryckt ocks\u00e5 bilder av den f\u00f6re detta knarkkungen, som arbetar med Lokala, han har blivit inbjuden till lunch p\u00e5 s\u00f6ndag. Bolivianska kokain har m\u00e5nga inslag fr\u00e5n v\u00e4rlden av medicinsk v\u00e5rd. Av denna anledning \u00e4r det som anv\u00e4nds av m\u00e5nga av de l\u00e4kemedel som i till\u00e4gg till de rekommendationer f\u00f6r specialister, f\u00f6r att hantera olika sjukdomar. Kokain till salu p\u00e5 n\u00e4tet<\/p>\n<p>Jag hade Bolivianska kokain saker, om det var f\u00e4rgad, och en vacker blank avsev\u00e4rt, i motsats till vad jag f\u00e5r p\u00e5 det Hela taget, misst\u00e4nker jag, \u00e4r Colombian. Bolivianska kokain inneh\u00e5ller ett antal egenskaper inom den kliniska milj\u00f6n. Kommer \u00f6ver riktigt av olika droger, och i ljuset av medicinska specialister rekommenderas, med olika problem. Kokain till salu p\u00e5 n\u00e4tet<\/p>\n<h3>ATT S\u00c4LJA KOKAIN:<\/h3>\n<p>Kliniska specialister anv\u00e4nder detta l\u00e4kemedel eller l\u00e4kemedel, om du behandlar m\u00e4nniskor som k\u00e4mpar med f\u00f6rtvivlan, och andra ol\u00e4genheter. Det anv\u00e4nds inte i Minsta h\u00e4lsa experter, men ocks\u00e5 av m\u00e4nniskor som firar i dans klubbar och Barer. Indianerna i Bolivia knapra i evigheter Coca blad blandas med kalk sten p\u00e4rlor eller Pflanzenru\u00df att \u00f6verleva f\u00f6r n\u00f6je eller sjukdomar, l\u00e4ngtan och t\u00f6rst. Kokain till salu p\u00e5 n\u00e4tet<\/p>\n<p>I olika samh\u00e4llen unika Alkaloid som l\u00e4mnar m\u00e4nniskan fr\u00e5n Coca bort, och dessutom, i salt av kokain omvandlas till. V\u00e5rdpersonal \u00e4r att ha anv\u00e4nt denna medicin eller l\u00e4kemedel, om du tar hand om offren, som har att k\u00e4mpa med el\u00e4nde, och olika typer av R\u00e4dslor. Det \u00e4r inte bara anv\u00e4nds av proffs men ocks\u00e5 av vanliga m\u00e4nniskor i dans klubbar och Barer. Att s\u00e4lja kokain online<\/p>\n<p>En anslutning med narkotikahandeln kan ocks\u00e5 ha en fundamental inverkan p\u00e5 \u00e4mnet. Bolivianska kokain \u00e4r ett starkt fokus r\u00e4dda strategi-energi resurser, graden av Synapsen, dopamin i \u00e5tanke kretsar, gl\u00e4dje och r\u00f6relse handtag. Bara en klubb pionj\u00e4r visas, som Coca-jordfr\u00e4s-styrda kommunala organisationen kommer att st\u00e4nga av lokal kapacitet, finansiella skyldigheter som \u00e4r knutna till n\u00e5gon n\u00e4rliggande omr\u00e5det, alltid med kokain lim f\u00f6r att f\u00e5 inkomst av anst\u00e4llda. Kokain till salu p\u00e5 n\u00e4tet<\/p>\n<h4>KOKAIN F\u00d6R F\u00d6RS\u00c4LJNING I USA:<\/h4>\n<p>Bolivianska kokain affinitet utg\u00f6r, och \u00e4r ocks\u00e5 \u00f6verv\u00e4ldigande. Bolivianska kokain \u00e4r ocks\u00e5 att implanteras i Planen eller r\u00f6kt i ett konstgjort underh\u00e5lls f\u00f6rb\u00e4ttring kallas freebase, de tv\u00e5 liknande s\u00e5dana strategier f\u00f6r att ordna en anm\u00e4rkningsv\u00e4rt v\u00e4xande antal Rutinm\u00e4ssig anv\u00e4ndning av l\u00e4kemedlet. Du l\u00e4gger resurser i Bolivianska Kokain Online med oss till exceptionellt m\u00e5ttliga kostnader. Kokain till salu p\u00e5 n\u00e4tet<\/p>\n<p>Bolivianska kokain \u00e4r bland de b\u00e4sta typer av kokain som kan onekligen ses runt om i v\u00e4rlden. Det anv\u00e4nds av individer i dag, f\u00f6r det mesta, en Energitablett, f\u00f6r att g\u00f6ra utvecklingen av fantastiska syntetiska \u00e4mnen i tankar, och att hitta st\u00f6d i den turbulenta stress. Bolivianska kokain har olika kapacitet i en v\u00e4rld av v\u00e4lbefinnande. Bolivianska kokain bit, till f\u00f6ljd av hans hus, f\u00f6r att b\u00e4ra Resten av den m\u00e4nskliga ramen, anv\u00e4nds av unga m\u00e4nniskor p\u00e5 ett gigantiskt utrymme f\u00f6r \u00e5terh\u00e4mtning. Kokain till salu p\u00e5 n\u00e4tet<\/p>\n<p>Som en f\u00f6ljd av den Bolivianska kokain anv\u00e4nds i ett par av mediciner f\u00f6r att hantera tillsammans med rekommenderas av medicinska experter f\u00f6r vissa sjukdomar. V\u00e5rdpersonal har anv\u00e4nt denna medicin eller l\u00e4kemedel, eller om du arbetar med patienter, f\u00f6rtvivlan, och olika typer av k\u00e4nslighet kampen. Kokain till salu p\u00e5 n\u00e4tet<\/p>\n<p>Bolivianska kokain \u00e4r inte bara konsumeras av medicinska experter, men ocks\u00e5 fr\u00e5n ett antal m\u00e4nniskor i dans klubbar och Barer. Bolivianska kokain \u00e4r en av de mest perfekta typer av kokain i v\u00e4rlden. Det anv\u00e4nds av m\u00e4nniskor som en Energizer f\u00f6r att ut\u00f6ka skapande av olika kemikalier i ditt huvud och att f\u00e5 hj\u00e4lp i stressiga f\u00f6rh\u00e5llanden. Kokain till salu p\u00e5 n\u00e4tet<\/p>\n<h4>KOKAIN ONLINE K\u00d6PA:<\/h4>\n<p>Denna fantastiska vitt pulver som \u00e4r nosade med en tom kammare, vilket \u00e4r snabbt i din kurs cykeln genom n\u00e4sans slemhinna filmer. Bolivianska kokain \u00e4r en f\u00f6rs\u00e4mring, oberoende av, och f\u00f6rm\u00e5ga att fixa venerna, vilket grop en st\u00e4ndigt rinnande n\u00e4sa eller, i verkliga situationer, s\u00e5r, medan det i N\u00e4san. Den euforiska effekten av sniffning av Bolivianska kokain \u00e4r ofta kortlivade, och efter ungef\u00e4r en halvtimme. Kokain till salu p\u00e5 n\u00e4tet<\/p>\n<p>Intag av energidryck \u00e4r riskabelt eftersom de lugnande effekterna av ryggm\u00e4rgsv\u00e4tskan kan vara nedsatt. De \u00e4r vad den m\u00e4nskliga kroppen kan anv\u00e4ndas f\u00f6r att m\u00e4ta det &#034;brus&#034;. Detta leder oftast till en h\u00f6g konsumtion, med mycket begr\u00e4nsade m\u00f6jligheter, en stor risk f\u00f6r skador p\u00e5 levern och vidareutvecklas Parchedi\u00e4t. Detta inneb\u00e4r att i de fall visas m\u00e4tningar, Bolivianska kokain f\u00f6rvandlas till ett intensivt eller hj\u00e4lp \u00e4r mycket sv\u00e5rt, i alla fall, som k\u00e4ken f\u00f6r att hold, automatiskt v\u00e4sentliga skakningar och vibrationer i slutet av den aktuella, vad som \u00e4r att Skaka till sv\u00e5r att Skaka av hela den m\u00e4nskliga kroppen, med armar, och f\u00f6r att reglera en summa av otillr\u00e4cklig otrolig motor. Kokain till salu p\u00e5 n\u00e4tet<\/p>\n<p>Denna effekt skjuts med m\u00e5ttlig s\u00f6mnighet och genomsnittliga tr\u00f6tthet p\u00e5 grund av att kompensera f\u00f6r din insikt. Bolivianska kokain har en icke-f\u00f6rsumbar sluttning, en icke-trigger-l\u00e5ngvarig psykos, med mycket mer \u00e4n 50% av den Bolivianska kokain offer f\u00f6r att visa p\u00e5 de Viktigaste vissa crazy tecken. Vanliga tecken p\u00e5 Offer f\u00f6r saker som pl\u00f6tsligt dr\u00f6mmar, som du kan f\u00e5 engagera, f\u00f6ljt av deras anv\u00e4ndning av L\u00e4kemedel som nu konstatera att det, i samband med tankar flygningar att hj\u00e4lpa de hallucinogena Tro. Kokain till salu p\u00e5 n\u00e4tet<\/p>\n<p>Bisarra parasitosis med myrkrypningar (&#034;Bolivianska kokain buggar&#034;) \u00e4r dessutom en riktigt dominerande sidan effekt. Bolivianska kokain bryts ner n\u00e4r det \u00e4r klart uppv\u00e4rmd. D\u00e4rf\u00f6r, Freebase och bikarbonat salter av det Bolivianska kokain i motsats till hydroklorid salt \u00e4r betydligt l\u00e4gre v\u00e4rden, som normalt anv\u00e4nds s\u00e5 snart det Material som f\u00f6rmultnar, och \u00e4r d\u00e4rf\u00f6r Bolivianska kokain k\u00e4nd, den enda produceras och f\u00f6rfaller. Att s\u00e4lja kokain online<\/p>\n<h5>KOKAIN F\u00d6R F\u00d6RS\u00c4LJNING I AUSTRALIEN:<\/h5>\n<p>F\u00f6rs\u00f6k att f\u00f6rst\u00f6ra Coca f\u00e4lt genom anv\u00e4ndning av avl\u00f6vningsmedel har f\u00f6rst\u00f6rts i vissa Coca v\u00e4xande regioner i Colombia komponenterna av den monet\u00e4ra odling, och det verkar vara stammar har producerats, mer eller mindre k\u00e4nsliga f\u00f6r deras anv\u00e4ndning. Om dessa sorter f\u00f6r regelbundna f\u00f6r\u00e4ndringar, eller ett resultat av m\u00e4nsklig inblandning, \u00e4r oklart. Bortsett fr\u00e5n de destruktiva effekterna av det Bolivianska kokain. Kokain till salu p\u00e5 n\u00e4tet<\/p>\n<p>I fall av ol\u00f6sliga \u00e4mnen som kan anv\u00e4ndas f\u00f6r minimering av drogen, det \u00e4r ocks\u00e5 risken f\u00f6r hj\u00e4rt-och embolier. Som med alla olagliga \u00e4mnen som infunderas, \u00e4r det m\u00f6jligt att kunden inte f\u00e5r blodburen smitta, om den sterila infusion enheter \u00e4r realistiska eller anv\u00e4nds. Kokain till salu p\u00e5 n\u00e4tet<\/p>\n<p>Det Bolivianska kokain \u00e4r en vasokonstriktor, och kunderna f\u00e5r oftast m\u00e5nga infusioner inom ett par timmar eller mindre, och \u00f6vervakning som resulterar infusioner blir sv\u00e5rare och sv\u00e5rare att vara vad det \u00e4r du f\u00f6rs\u00f6ker ytterligare Infusion och betydligt mer konsekvenser av felaktigt utf\u00f6rt infusioner kan leda till. Kokain till salu p\u00e5 n\u00e4tet<\/p>\n<p>Die nasale Insufflation (informell als \u201eGrunzen\u201c, \u201eSchn\u00fcffeln\u201c oder \u201eBlasen\u201c bezeichnet) ist die bekannteste Methode der Einnahme von bolivianischem Kokain in Pulverform in der westlichen Welt. Das Medikament bedeckt, die mit den Schleimschichten, die die Nebenh\u00f6hlen beschichten, gefangen ist. Bei der Insufflationierung von Kokain liegt die Aufnahme \u00fcber die Nasenschleimh\u00e4ute bei etwa drei\u00dfig bis sechzig Prozent, wobei gr\u00f6\u00dfere Dosierungen die erh\u00f6hte Assimilationsleistung bewirken. Kokain zum Verkauf online<\/p>\n<h5>DESSUTOM:<\/h5>\n<p>Jede Substanz, die willk\u00fcrlich durch die Schleimh\u00e4ute aufgenommen wird, wird in K\u00f6rperfl\u00fcssigkeit gesammelt und geschluckt (dieses \u201eTr\u00f6pfeln\u201c wird von einigen als angenehm und von anderen als unangenehm empfunden). Das bedeutet, dass es bei bestimmten Dosen m\u00fchsam oder unm\u00f6glich wird, sich auf jeden Fall zu halten, da der Kiefer gehalten wird, automatisch echte Ersch\u00fctterungen und Vibrationen auftreten, die ein \u00fcberm\u00e4\u00dfiges Zittern des gesamten K\u00f6rpers und eine Unsicherheit der Handfl\u00e4chen verursachen, zus\u00e4tzlich zu einer typischen Unzul\u00e4nglichkeit der ph\u00e4nomenalen Motorsteuerung. Dieses Ergebnis wird durch leichte Erm\u00fcdung und normale M\u00fcdigkeit w\u00e4hrend des gesamten Zeitraums, in dem du deine Erfahrungen mit dem Konsum machst, ersetzt. Kokain online zu verkaufen<\/p>\n<p>&nbsp;<\/p>","protected":false},"excerpt":{"rendered":"<p>KOKAIN ZUM ONLINE-VERKAUF: Ohne Verz\u00f6gerung haben wir Kokain zum Verkauf online. Ein kritischer bolivianischer Partner bei der Einnahme von Medikamenten verk\u00fcndete, dass die letzten m\u00f6glichen \u00c4nderungen, die das Ma\u00df an erlaubtem Koka in dem neuen Erlass frisch aus der Kiste erh\u00f6hen, bedeuten, dass die Koalition ihre Unternehmungen &#8222;neu ausrichten&#8220; w\u00fcrde, w\u00e4hrend sie weiterhin mit Bolivien zusammenarbeiten wird. F\u00fcr den Fall, dass Sie ein Kunde, der versucht, Top-of-the-line gro\u00dfe Produkte zu entdecken, Ihre absolute erste Anordnung sollte definitiv nicht zu erinnern, einige bolivianische Kokain auf der aaronay sein. Haben Sie eine Tonne von grundlegenden Qualit\u00e4ten. Hilfe. Bolivianisches Kokain w\u00e4re die perfekteste\u2026<\/p>","protected":false},"featured_media":1474,"comment_status":"open","ping_status":"closed","template":"","meta":{"content-type":""},"product_brand":[],"product_cat":[26],"product_tag":[27,28,29,30,31,32,33,34,35,36,37,38,39,40,41,42,43,44,45,46,47,48,49,50,51,52,53,54,55,56,57,58,59,60,61,62,63,64,65,66,67,68,69,70,71,72,73,74,75,76,77,78,79,80,81,82,83],"class_list":{"0":"post-1452","1":"product","2":"type-product","3":"status-publish","4":"has-post-thumbnail","6":"product_cat-kokain","7":"product_tag-besitz-von-kokain-zum-verkauf-hs","8":"product_tag-cocaine-hydrochloride-sale","9":"product_tag-cocaine-leaves-for-sale","10":"product_tag-cocaine-lockup-sale","11":"product_tag-cocaine-mirror-for-sale","12":"product_tag-cocaine-origins","13":"product_tag-cocaine-pipes-for-sale","14":"product_tag-cocaine-plant-for-sale","15":"product_tag-cocaine-purity-test-for-sale","16":"product_tag-cocaine-sale-gta","17":"product_tag-cocaine-sale-reddit","18":"product_tag-cocaine-seed-sale","19":"product_tag-cocaine-seeds-for-sale","20":"product_tag-cocaine-seeds-for-sale-online","21":"product_tag-cocaine-spoons-for-sale","22":"product_tag-cocaine-tea-for-sale","23":"product_tag-cocaine-tooters-for-sale","24":"product_tag-cocaine-vials-for-sale","25":"product_tag-colombian-cocaine-for-sale","26":"product_tag-crack-cocaine-for-sale-online","27":"product_tag-fake-cocaine-for-sale","28":"product_tag-groshandel-kokain-zum-verkauf","29":"product_tag-gta-online-cocaine-lockup-buying-supplies","30":"product_tag-kilo-of-cocaine-for-sale","31":"product_tag-kokain","32":"product_tag-kokain-bullet-for-sale","33":"product_tag-kokain-cowboys","34":"product_tag-kokain-for-sale","35":"product_tag-kokain-for-sale-australia","36":"product_tag-kokain-for-sale-craigslist","37":"product_tag-kokain-for-sale-near-me","38":"product_tag-kokain-for-sale-online-usa","39":"product_tag-kokain-for-sale-usa","40":"product_tag-kokain-for-sale-websites","41":"product_tag-kokain-for-sales","42":"product_tag-kokain-for-sell","43":"product_tag-kokain-grinders-for-sale","44":"product_tag-kokain-history","45":"product_tag-kokain-hydrochloride-for-sale","46":"product_tag-kokain-online-kaufen","47":"product_tag-legal-cocaine-for-sale","48":"product_tag-legal-synthetic-cocaine-for-sale","49":"product_tag-online-cocaine-anonymous-meetings","50":"product_tag-online-cocaine-for-sale","51":"product_tag-online-cocaine-meetings","52":"product_tag-online-cocaine-purchase","53":"product_tag-online-kokain-verkauf","54":"product_tag-peruanisches-kokain-zum-verkauf","55":"product_tag-pharmazeutisches-kokain-zum-verkauf","56":"product_tag-reines-kokain-zum-verkauf","57":"product_tag-reines-kokain-zum-verkauf-online","58":"product_tag-synthetisches-crack-kokain-zum-verkauf","59":"product_tag-synthetisches-kokain-zum-verkauf","60":"product_tag-synthetisches-kokain-zum-verkauf-online","61":"product_tag-verkauf-von-kokain","62":"product_tag-verkauf-von-kokain-florida","63":"product_tag-verkauf-von-kokain-georgia","65":"first","66":"instock","67":"shipping-taxable","68":"purchasable","69":"product-type-variable"},"_links":{"self":[{"href":"https:\/\/kokaindrogekaufen.com\/sv\/wp-json\/wp\/v2\/product\/1452"}],"collection":[{"href":"https:\/\/kokaindrogekaufen.com\/sv\/wp-json\/wp\/v2\/product"}],"about":[{"href":"https:\/\/kokaindrogekaufen.com\/sv\/wp-json\/wp\/v2\/types\/product"}],"replies":[{"embeddable":true,"href":"https:\/\/kokaindrogekaufen.com\/sv\/wp-json\/wp\/v2\/comments?post=1452"}],"wp:featuredmedia":[{"embeddable":true,"href":"https:\/\/kokaindrogekaufen.com\/sv\/wp-json\/wp\/v2\/media\/1474"}],"wp:attachment":[{"href":"https:\/\/kokaindrogekaufen.com\/sv\/wp-json\/wp\/v2\/media?parent=1452"}],"wp:term":[{"taxonomy":"product_brand","embeddable":true,"href":"https:\/\/kokaindrogekaufen.com\/sv\/wp-json\/wp\/v2\/product_brand?post=1452"},{"taxonomy":"product_cat","embeddable":true,"href":"https:\/\/kokaindrogekaufen.com\/sv\/wp-json\/wp\/v2\/product_cat?post=1452"},{"taxonomy":"product_tag","embeddable":true,"href":"https:\/\/kokaindrogekaufen.com\/sv\/wp-json\/wp\/v2\/product_tag?post=1452"}],"curies":[{"name":"wp","href":"https:\/\/api.w.org\/{rel}","templated":true}]}}