{"id":1460,"date":"2023-06-27T19:19:17","date_gmt":"2023-06-27T18:19:17","guid":{"rendered":"https:\/\/kokaindrogekaufen.com\/?post_type=product&#038;p=1460"},"modified":"2026-01-27T00:57:42","modified_gmt":"2026-01-27T00:57:42","slug":"kaufen-peruanischen-kokain-online","status":"publish","type":"product","link":"https:\/\/kokaindrogekaufen.com\/sv\/product\/kaufen-peruanischen-kokain-online\/","title":{"rendered":"PERUANSKA KOKAIN ONLINE K\u00d6PA"},"content":{"rendered":"<p>PERUANSKA KOKAIN ONLINE K\u00d6PA<\/p>\n<p>Oavsett k\u00f6pa kokain Online i Tyskland med 5% rabatt politik. Peruanska kokain ocks\u00e5 blockerar Serotonin - och noradrenalin-b\u00e4rare och hindrar \u00e5terupptag av Serotonin och noradrenalin i synaptic kluven i den presynaptiska Axon Terminal, och \u00f6kar aktiveringen av Serotonin och noradrenalin receptorer i den postsynaptiska Neuron, vilket bidrar till f\u00f6r\u00e4ndringen av medvetande, k\u00e4nslor och kokain-relaterade aktiviteter.<\/p>\n<p>V\u00e5ra Peruanska kokain \u00e4r ett vitt pulver som utvinns ur Kokablad, en V\u00e4xt (Coca), som v\u00e4xer fr\u00e4mst i Sydamerika. &#034;Split&#034; \u00e4r inte bara en annan drog, utan snarare en vanebildande medel, som kan ocks\u00e5 l\u00e4ggas i bl\u00f6t och \u00e4tit. Namnet &#034;Paus&#034; verkar vara den drog som produceras n\u00e4r den \u00e4r uppv\u00e4rmd f\u00f6r att producera r\u00f6k. K\u00f6pa kokain Tyskland<\/p>\n<p>Peruanska kokain, men \u00e4r i Form av en stor m\u00e4ngd vita, magnifika pulver som finns, och i kontrast till det Peruanska kokain, Break \u00e4r verkligen inte en dricka vatten-l\u00f6sliga. Var kan jag f\u00e5 Peruanska Flake kokain till ett rimligt pris? Innehav av kokain och avsaknad av en klinisk behandling \u00e4r f\u00f6rbjuden. Mindre m\u00e4ngder f\u00f6r privat bruk kan vara kvar i fall av Inledande eller upprepade \u00f6vertr\u00e4delser bestraffas, men detta \u00e4r olika fr\u00e5n land till land. K\u00f6pa kokain i Tyskland<\/p>\n<p>Den rosa var kokain f\u00f6rsta som utvinns fr\u00e5n bladen av Erythroxylon Coca Bush, som anv\u00e4nds fr\u00e4mst i de Peruanska kokain online, kokain. F\u00f6r n\u00e4rvarande har koncernen allt, men om den Maoistiska Omvandling utrustade visas, och som ett Alternativ avgifter s\u00e4kerhet f\u00f6r omr\u00e5det narkotika \u00e5terf\u00f6rs\u00e4ljare, trots att b\u00f6rjan av bakh\u00e5ll, vaktar milit\u00e4ra foten och, i alla fall f\u00e5nga en intermittent hj\u00e4lp av helikopter. Kokain Online K\u00f6p Europa<\/p>\n<h3>ATT S\u00c4LJA KOKAIN:<\/h3>\n<p>K\u00f6p Uncut Peruanska Rent Kokain \u00e4r den mest omfattande utbud av st\u00f6djande produkter i den Peruanska kokain lista \u00e4r sannolikt att bli. 1g hela Peruanska 89% ren fiskfj\u00e4ll-kokain \u00e4r mycket beroendeframkallande Opiatmaterial, som \u00e4r gjord fr\u00e5n bladen av Coca tr\u00e4d, har sitt ursprung i Sydamerika, och det \u00e4r oftast en soldat i n\u00e4san eller blandas med vatten, och med en n\u00e5l infunderas. K\u00f6pa kokain Tyskland<\/p>\n<p>Peruanska kokain kan ocks\u00e5 komma att behandlas f\u00f6r att ett vitt pulver. Det \u00e4r en mycket beroendeframkallande drog som erh\u00e5lls fr\u00e5n bladen fr\u00e5n den sydamerikanska-baserade kokav\u00e4xten. Under v\u00e4lst\u00e5nd, f\u00f6raren kan anv\u00e4nda det f\u00f6r legitima kliniska \u00e4ndam\u00e5l, till exempel f\u00f6r lokala sedering i vissa verksamheter, \u00e4r Peruanska kokain \u00e4r en olaglig substans. K\u00f6pa kokain Tyskland<\/p>\n<p>Paus \u00e4r r\u00f6kt genom ett glas r\u00f6ret. Peruanska kokain \u00e4r tillg\u00e4ngliga f\u00f6r ink\u00f6p och har en m\u00e4ngd olika applikationer inom den medicinska v\u00e4rlden. Av denna anledning, det har anv\u00e4nts i m\u00e5nga l\u00e4kemedel och har blivit rekommenderade av experter f\u00f6r att behandla olika sjukdomar. N\u00e4r jag s\u00e4ger alla, menar jag Foundation. Allm\u00e4nheten f\u00f6rst\u00e5r det. Detta \u00e4r utan tvekan ett land d\u00e4r m\u00e5nga m\u00e4nniskor, kanske upp till 2 000 000 m\u00e4nniskor som \u00e4r involverade p\u00e5 n\u00e5got s\u00e4tt i kokain handeln. K\u00f6pa kokain Tyskland<\/p>\n<p>Peruanska kokain \u00e4r en potent, fokus, rastl\u00f6s Energizer, vilket h\u00f6jer niv\u00e5erna av dopamin i de kretsar av sinnet, kontroll av resultat och utveckling. Peruanska kokain passerar blod-Cerebrum-barri\u00e4r via en proton-tillsammans naturliga ningen Antiporter, och (i mindre utstr\u00e4ckning) av inaktiva spridning. K\u00f6pa kokain i Europa<\/p>\n<h4>KOKAIN P\u00c5 N\u00c4TET I KANADA K\u00d6PA:<\/h4>\n<p>Peruanska kokain fungerar som en sympatomimetisk agent genom att blockera dopamin b\u00e4rare och s\u00e5 \u00e5ter upptaget av dopamin fr\u00e5n det synaptiska klyftan i den presynaptiska axon terminal f\u00f6rhindras, h\u00f6gre niv\u00e5er av dopamin i synaptic l\u00e4pp -, k\u00e4k -, dopamin-receptor aktivering fr\u00e5n de etablerade synaptic Neuron, som orsakar effekter av buller och sp\u00e4nningen \u00f6kar. K\u00f6pa kokain Tyskland<\/p>\n<p>Kan jag k\u00f6pa n\u00e5gonstans i storbritannien, Peruanska Flake kokain? I ett ytterligare offer inspelning som utger sig f\u00f6r att vara fr\u00e5n en mobiltelefon, som han tog ut ur f\u00e4ngelset, \u00e4r Oropeza h\u00f6ra, som han s\u00e4ger, att &#034;morbror Alan&#034; skulle visas i sin \u00e5terh\u00e4mtning. Den Peruanska kokain i den medicinska v\u00e4rlden, en varierad profil. Av denna anledning \u00e4r det som anv\u00e4nds i m\u00e5nga recept, och \u00e4ven experter p\u00e5 behandling av olika sjukdomar rekommenderas. K\u00f6pa kokain Tyskland<\/p>\n<p>Peruanska kokain \u00e4r en kraftigt beroendeframkallande som utvinns ur bladen fr\u00e5n den sydamerikanska-baserade kokav\u00e4xten. Samtidigt som den kan anv\u00e4ndas f\u00f6r legitima kliniska \u00e4ndam\u00e5l, till exempel f\u00f6r sedering i vissa verksamheter, \u00e4r Peruanska kokain \u00e4r en illegal drog. M\u00e5nga gata apotekspersonal, i h\u00e4ndelse av att blanda den Peruanska kokain olika \u00e4mnen f\u00f6r att \u00f6ka vinsten, eller att se till att Peruanska kokain betydligt b\u00e4ttre vid ber\u00f6ring \u00e4n andra kokain arter. K\u00f6pa kokain Tyskland<\/p>\n<p>I alla fall, du kan k\u00f6pa Peruanska kokain online med st\u00f6rre f\u00f6rsiktighet och precision. Det \u00e4r ofta hanteras i samband med en m\u00e4ngd andra \u00e4mnen som \u00e4r fel, vilka \u00e4r de h\u00e4lsom\u00e4ssiga risker \u00f6ka. Kombinationen av receptbelagda droger, som kokain och alkohol \u00e4r ofta extremt farligt. En Person som \u00e4r av Peruanska kokain-beroende, i synnerhet n\u00e4r det injiceras Peruanska kokain, sannolikt kommer att f\u00e5 arbetslivserfarenhet i syfte att f\u00f6rhindra missbruk av Peruanska kokain. K\u00f6pa kokain Tyskland<\/p>\n<h4>K\u00d6PA KOKAIN P\u00c5 N\u00c4TET I USA TILL MYCKET RIMLIGA PRISER:<\/h4>\n<p>Dessa symtom \u00e4r extremt obehagligt, och att f\u00e5 tillh\u00f6ra. J\u00e4mf\u00f6rt med rinnande n\u00e4sa, och f\u00f6r oral tillf\u00f6rsel, injektion av kokain ger 100% absorption i blodet, och \u00e4r det snabbaste s\u00e4ttet att uppn\u00e5 en &#034;Plan&#034;. Peruanska kokain fungerar genom att ta f\u00f6rdel av denna bel\u00f6ning process och fris\u00e4ttning av dopamin orsakar. Kokain \u00e4r d\u00e4rf\u00f6r inte bara psykiskt, utan \u00e4ven neuro-kemiskt beroendeframkallande.<br \/>\nStroke, en historia av, eller risk f\u00f6r stroke: Om du har drabbats av en stroke eller en h\u00f6g risk f\u00f6r stroke b\u00f6r du inte dricka Cola. Coca inneh\u00f6ll kokain \u00f6kar risken f\u00f6r d\u00f6dsfall p\u00e5 grund av brustna blodk\u00e4rl och spirit. Under senare \u00e5r har olika syntetiska produkter i Australien med kokain-liknande effekter av allm\u00e4nt tillg\u00e4ngliga. Den ingrediens i Livlig i dessa l\u00f6sningar kan vara ett antal kemikalier, bland annat metylendioxi pyrovalerone (MDPV), men det \u00e4r oklart exakt vad som finns i dem.<\/p>\n<p>Som ett resultat, kan du ha unvorhersehbarere effekter och farliga \u00e4n i Peruanska kokain. R\u00f6kning eller F\u00f6r\u00e5ngning kokain och Andas in i lungorna leder till en n\u00e4stan omedelbar &#034;\u00d6vre&#034;, som kan vara mycket effektivt och beroendeframkallande. Denna inledande stimulans dragkraft refereras till som &#034;brus&#034;. Medan de stimuli som kan stoppa slutet av effekten i flera timmar, eufori \u00e4r mycket volatil, vilket orsakar konsumenten att r\u00f6ka snabbare.<\/p>\n<p>Bland \u00f6vriga risker som \u00e4r f\u00f6rknippade med konsumtion av Peruanska kokain, en \u00f6kad risk f\u00f6r skador p\u00e5 hj\u00e4rtat, h\u00f6gt blodtryck och hj\u00e4rtinfarkt. Slutanv\u00e4ndare med en l\u00e5ng historia av Peruanska kokain vistelse kan b\u00e4ra missbruk av skador. Kunder som r\u00f6ker Crack, de kan drabbas av l\u00e5ngsiktiga skador p\u00e5 lungorna eller struphuvud, lungcancer och cancer i luftv\u00e4garna. M\u00e4nniskor, kalla Peruanska kokain&#034; genom att andas in det regelbundet genom n\u00e4san, riskerar av n\u00e4sslemhinnan f\u00f6r att skada svalg eller struphuvud.<\/p>\n<h4>ATT S\u00c4LJA KOKAIN P\u00c5 N\u00c4TET:<\/h4>\n<p>M\u00e5let \u00e4r att eliminera hela v\u00e4vnad som t\u00e4cker dessa organ. Kokain i Peru, en sjukdom som intr\u00e4ffar i mitten av bel\u00f6ning av anden \u00e4r ute efter. I fall av Peruanska Kokain tolerans och, senare, ett beroende utvecklas snabbt. Tolerans \u00e4r en indikation p\u00e5 vad kroppen beg\u00e4r. Ju mer bevis mot verkan av drogen, desto fler m\u00e4nniskor \u00e4r intresserade av dig. Oavsett om drogen \u00e4r f\u00f6rbrukad bara f\u00f6r en kort tid eller under en l\u00e4ngre period, varje konsument biverkningar.<\/p>\n<p>\u00c4ven unga och friska m\u00e4nniskor, konsumtion kan leda till en allvarlig hj\u00e4rtattack. \u00d6verdriven konsumtion \u00e4r f\u00f6rknippade med of\u00f6ruts\u00e4gbara och potentiellt v\u00e5ldsamma beteende. Centralstimulerande medel till att \u00f6ka andningsf\u00f6rm\u00e5ga s\u00e5 att Opiatdosis kan \u00f6kas. N\u00e4r stimulerande avtar, det kan \u00f6verv\u00e4ldiga den Opioid som patienten och andningsstillest\u00e5nd orsak.<\/p>\n<p>Andas in eller snortar kokain kan n\u00e4sslemhinnan och den del som skiljer n\u00e4sborrarna fr\u00e5n varje annan skada. I fallet med injektion av Peruanska kokain, risk f\u00f6r blodf\u00f6rgiftning, blodburna virus (till exempel HIV eller Hepatit) p\u00e5 grund av gemensamma verktyg, skadade blodk\u00e4rl och porer och huden b\u00f6lder.<\/p>\n<p>Effekten av kokain beror p\u00e5 styrkan av l\u00e4kemedlet, kombinationen av kemikalier, fysiologi av de Personer och deras sinnesst\u00e4mning vid tidpunkten f\u00f6r det med. Den Peruanska kokain rush \u00e4r bara tillf\u00e4llig och varar i ungef\u00e4r 15 till 30 minuter efter Inhalation. T\u00e4nk p\u00e5 att naturliga produkter \u00e4r alltid s\u00e4kra, och att doseringen \u00e4r ofta avg\u00f6rande.<\/p>\n<h5>L\u00c4KEMEDEL:<\/h5>\n<p>F\u00f6lj anvisningarna p\u00e5 etiketten av l\u00f6sningen och r\u00e5dg\u00f6ra med din apotekare, l\u00e4kare eller annan v\u00e5rdpersonal omedelbart f\u00f6re ans\u00f6kan. Betydande h\u00f6gt blodtryck (hypertoni): Koka eller Koka inneh\u00f6ll Peruanska kokain kan orsaka vissa m\u00e4nniskor till ett \u00f6kat blodtryck. M\u00e4nniskor som lider av h\u00f6gt blodtryck b\u00f6r undvika anv\u00e4ndning av Coca-Cola. Peruanska kokain \u00e4r ofta en starkt beroendeframkallande, stimuli-inducerande l\u00e4kemedel som verkar direkt p\u00e5 nervsystemet, inklusive hj\u00e4rnan. P\u00e5 kort sikt eufori, och st\u00e4rkelse till effekterna av Peruanska kokain. Kokain k\u00f6p Kanada<\/p>","protected":false},"excerpt":{"rendered":"<p>KAUFEN PERUANISCHEN KOKAIN ONLINE Unabh\u00e4ngig davon, kaufen Kokain Online Deutschland mit einem 5% Rabatt Politik. Peruanisches Kokain blockiert auch die Serotonin- und Noradrenalin-Tr\u00e4ger und verhindert so die Wiederaufnahme von Serotonin und Noradrenalin durch den synaptischen Spalt im pr\u00e4synaptischen Axon-Terminal und erh\u00f6ht die Aktivierung der Serotonin- und Noradrenalin-Rezeptoren im postsynaptischen Neuron, was zur Ver\u00e4nderung des Bewusstseins, der Gef\u00fchle und der mit Kokain verbundenen Aktivit\u00e4ten beitr\u00e4gt. Unser peruanisches Kokain ist ein wei\u00dfes Pulver, das aus dem Kokablatt gewonnen wird, einer Pflanze (Coca), die haupts\u00e4chlich in S\u00fcdamerika w\u00e4chst. &#8222;Split&#8220; ist nicht nur ein weiteres Medikament, sondern ein eher gewohnheitsbildendes Mittel, das auch durchtr\u00e4nkt\u2026<\/p>","protected":false},"featured_media":1475,"comment_status":"open","ping_status":"closed","template":"","meta":{"content-type":""},"product_brand":[],"product_cat":[26],"product_tag":[27,28,29,30,31,32,33,34,35,36,37,38,39,40,41,42,43,44,45,46,47,48,49,50,51,52,53,54,55,56,57,58,59,60,61,62,63,64,65,66,67,68,69,70,71,72,73,74,75,76,77,78,79,80,81,82,83],"class_list":{"0":"post-1460","1":"product","2":"type-product","3":"status-publish","4":"has-post-thumbnail","6":"product_cat-kokain","7":"product_tag-besitz-von-kokain-zum-verkauf-hs","8":"product_tag-cocaine-hydrochloride-sale","9":"product_tag-cocaine-leaves-for-sale","10":"product_tag-cocaine-lockup-sale","11":"product_tag-cocaine-mirror-for-sale","12":"product_tag-cocaine-origins","13":"product_tag-cocaine-pipes-for-sale","14":"product_tag-cocaine-plant-for-sale","15":"product_tag-cocaine-purity-test-for-sale","16":"product_tag-cocaine-sale-gta","17":"product_tag-cocaine-sale-reddit","18":"product_tag-cocaine-seed-sale","19":"product_tag-cocaine-seeds-for-sale","20":"product_tag-cocaine-seeds-for-sale-online","21":"product_tag-cocaine-spoons-for-sale","22":"product_tag-cocaine-tea-for-sale","23":"product_tag-cocaine-tooters-for-sale","24":"product_tag-cocaine-vials-for-sale","25":"product_tag-colombian-cocaine-for-sale","26":"product_tag-crack-cocaine-for-sale-online","27":"product_tag-fake-cocaine-for-sale","28":"product_tag-groshandel-kokain-zum-verkauf","29":"product_tag-gta-online-cocaine-lockup-buying-supplies","30":"product_tag-kilo-of-cocaine-for-sale","31":"product_tag-kokain","32":"product_tag-kokain-bullet-for-sale","33":"product_tag-kokain-cowboys","34":"product_tag-kokain-for-sale","35":"product_tag-kokain-for-sale-australia","36":"product_tag-kokain-for-sale-craigslist","37":"product_tag-kokain-for-sale-near-me","38":"product_tag-kokain-for-sale-online-usa","39":"product_tag-kokain-for-sale-usa","40":"product_tag-kokain-for-sale-websites","41":"product_tag-kokain-for-sales","42":"product_tag-kokain-for-sell","43":"product_tag-kokain-grinders-for-sale","44":"product_tag-kokain-history","45":"product_tag-kokain-hydrochloride-for-sale","46":"product_tag-kokain-online-kaufen","47":"product_tag-legal-cocaine-for-sale","48":"product_tag-legal-synthetic-cocaine-for-sale","49":"product_tag-online-cocaine-anonymous-meetings","50":"product_tag-online-cocaine-for-sale","51":"product_tag-online-cocaine-meetings","52":"product_tag-online-cocaine-purchase","53":"product_tag-online-kokain-verkauf","54":"product_tag-peruanisches-kokain-zum-verkauf","55":"product_tag-pharmazeutisches-kokain-zum-verkauf","56":"product_tag-reines-kokain-zum-verkauf","57":"product_tag-reines-kokain-zum-verkauf-online","58":"product_tag-synthetisches-crack-kokain-zum-verkauf","59":"product_tag-synthetisches-kokain-zum-verkauf","60":"product_tag-synthetisches-kokain-zum-verkauf-online","61":"product_tag-verkauf-von-kokain","62":"product_tag-verkauf-von-kokain-florida","63":"product_tag-verkauf-von-kokain-georgia","65":"first","66":"instock","67":"shipping-taxable","68":"purchasable","69":"product-type-variable"},"_links":{"self":[{"href":"https:\/\/kokaindrogekaufen.com\/sv\/wp-json\/wp\/v2\/product\/1460"}],"collection":[{"href":"https:\/\/kokaindrogekaufen.com\/sv\/wp-json\/wp\/v2\/product"}],"about":[{"href":"https:\/\/kokaindrogekaufen.com\/sv\/wp-json\/wp\/v2\/types\/product"}],"replies":[{"embeddable":true,"href":"https:\/\/kokaindrogekaufen.com\/sv\/wp-json\/wp\/v2\/comments?post=1460"}],"wp:featuredmedia":[{"embeddable":true,"href":"https:\/\/kokaindrogekaufen.com\/sv\/wp-json\/wp\/v2\/media\/1475"}],"wp:attachment":[{"href":"https:\/\/kokaindrogekaufen.com\/sv\/wp-json\/wp\/v2\/media?parent=1460"}],"wp:term":[{"taxonomy":"product_brand","embeddable":true,"href":"https:\/\/kokaindrogekaufen.com\/sv\/wp-json\/wp\/v2\/product_brand?post=1460"},{"taxonomy":"product_cat","embeddable":true,"href":"https:\/\/kokaindrogekaufen.com\/sv\/wp-json\/wp\/v2\/product_cat?post=1460"},{"taxonomy":"product_tag","embeddable":true,"href":"https:\/\/kokaindrogekaufen.com\/sv\/wp-json\/wp\/v2\/product_tag?post=1460"}],"curies":[{"name":"wp","href":"https:\/\/api.w.org\/{rel}","templated":true}]}}