{"id":1469,"date":"2023-06-27T19:19:18","date_gmt":"2023-06-27T18:19:18","guid":{"rendered":"https:\/\/kokaindrogekaufen.com\/?post_type=product&#038;p=1469"},"modified":"2026-01-27T00:47:38","modified_gmt":"2026-01-27T00:47:38","slug":"cocaine-capsules-for-sale","status":"publish","type":"product","link":"https:\/\/kokaindrogekaufen.com\/sv\/product\/cocaine-capsules-for-sale\/","title":{"rendered":"KOKAIN KAPSLAR F\u00d6R F\u00d6RS\u00c4LJNING"},"content":{"rendered":"<h2>KOKAIN KAPSLAR TILL SALU<\/h2>\n<p>Kokain kapslar tillh\u00f6r en grupp av medicinskt f\u00f6rskrivna l\u00e4kemedel, provinsiella lugnande k\u00e4nd. Bland dessa sk\u00e4l \u00e4r Bristen p\u00e5 k\u00e4nslor, eller d\u00f6d i de omr\u00e5den d\u00e4r den anv\u00e4nds, samt f\u00f6rebyggande av besv\u00e4r k\u00e4nslor av konservativa metoder. Kokain kapslar har utvecklats p\u00e5 grund av att deras avsedda anv\u00e4ndning av de mest utbredda Energetika, eftersom de kan orsaka d\u00f6d, misslyckande med ett antal sv\u00e5righeter, s\u00e5som hj\u00e4rt -, kramper och stroke kan orsakas. Kokain kapslar till salu<\/p>\n<p>Behandlingen \u00e4r utan tvekan en viktig aspekt av kokain kapsel behandling. Den granskar de ol\u00e4genheter som har p\u00e5verkat din anv\u00e4ndning av narkotika, och g\u00f6r det m\u00f6jligt f\u00f6r dig att p\u00e5 samma tid, till och med farliga situationer. Det \u00e4r ganska viktigt att dessa resultat sker i den f\u00f6rv\u00e4ntade eller konsekvent s\u00e4tt, medan h\u00f6gre doser, i Allm\u00e4nhet, \u00e4r mer ansvarig f\u00f6r den fullst\u00e4ndiga sortiment av effekter f\u00f6r att utl\u00f6sa. Att s\u00e4lja kokain kapslar<\/p>\n<p>Likas\u00e5 negativa effekter med h\u00f6gre doser, har rimliga och b\u00f6r vara ett beroende, grundl\u00e4ggande skador eller d\u00f6dsfall. Effekter i verkliga livet. Kokain \u00e4r mycket beroendeframkallande energi l\u00e4kemedel, som utvinns fr\u00e5n bladen av den sydamerikanska-baserade Coca vegetabiliska kapslar. F\u00f6rmodligen kommer det potentiellt mest skadliga av de faktiska konsekvenserna av kokain kapslar \u00e4r mer av CV: n som en neurologisk karakt\u00e4r. Kokain kapslar till salu<\/p>\n<h3>KOKAIN KAPSLAR K\u00d6PA ONLINE:<\/h3>\n<p>P\u00e5 grund av att den blockerar effekten av kokain p\u00e5 natrium-kanalerna i hj\u00e4rt-k\u00e4rlsystemet, allvarliga hj\u00e4rtproblem, inklusive pl\u00f6tslig hj\u00e4rtd\u00f6d i h\u00f6ga doser, det \u00e4r m\u00f6jligt. R\u00f6kning allvarlig lungsjukdom som orsakar problem. Infusion av kokain har alla de biverkningar av intraven\u00f6s administration av l\u00e4kemedel. \u00d6verf\u00f6ring av smittsamma sjukdomar s\u00e5som HIV och Hepatit, B\u00f6lder, brustna blodk\u00e4rl och f\u00f6roreningar. Kokain kapslar till salu<\/p>\n<p>Kokainrelaterade d\u00f6dsfall \u00e4r ofta ett resultat av hj\u00e4rtsvikt eller kramper. \u00c4ven om ett allvarligt medicinskt leverant\u00f6rer kokain kan anv\u00e4nda f\u00f6r legitima medicinska \u00e4ndam\u00e5l, till exempel f\u00f6r lokala sedering f\u00f6r vissa medicinska insatser, \u00e4r v\u00e4l genomt\u00e4nkt, sport anv\u00e4ndning av kokain \u00e4r d\u00e5ligt. Kokain kapslar best\u00e5r typiskt av ett vitt pulver. Det \u00e4r oftast snusas genom n\u00e4san, eller med dricksvatten blandas innan den sprutas med en n\u00e5l. Kokain kapslar till salu<\/p>\n<p>Kokain kapslar kan bildas sm\u00e5 vita stenar, som anv\u00e4nds som Bryter \u00e4r k\u00e4nda. Ungdom skador och ofta stressiga situationer som en f\u00f6ljd av Omognad kan \u00f6ka sannolikheten f\u00f6r att n\u00e5gon till droger f\u00f6r att hj\u00e4lpa till. Sj\u00e4lv-medicinering i fall av prim\u00e4ra kliniska eller psykiska problem kan leda till missbruk och beroende, som National Alliance on Mental Sjukdom (NAMI) uppskattar att ca 50 % av de m\u00e4nniskor som \u00e4r i behov av l\u00e4kare rekommenderade l\u00e4kemedel missbruk, och de negativa effekterna av en asynkron erfarenhet av psykisk sjukdom. Att s\u00e4lja kokain kapslar<\/p>\n<h4>KOKAIN KAPSLAR TILL SALU P\u00c5 N\u00c4TET:<\/h4>\n<p>Den Colombianska kokain kapslar, men kan \u00e4ven anv\u00e4ndas av v\u00e5rdpersonal, genom att de kombineras med vissa, f\u00f6r m\u00e4nniskors h\u00e4lsa viktigt upptagningar. M\u00e4nniskor anv\u00e4nder detta f\u00f6r att \u00e5terh\u00e4mta sig fr\u00e5n en m\u00e4ngd olika sjukdomar, s\u00e5som sorg, Stress och s\u00e5 vidare. Kokain kapslar p\u00e5 gatan som en fantastisk, vit \u00e4delsten pulver. Kokain kapslar till salu<\/p>\n<p>I syfte att \u00f6ka int\u00e4kterna blanda street \u00e5terf\u00f6rs\u00e4ljare, det \u00e4r ofta tillverkade av majsst\u00e4rkelse, baby pulver eller mj\u00f6l. N\u00e4r man arbetar med Coca g\u00e5r dock att leverera kokain kapslar, f\u00f6r\u00e4ndringar i energi-aktier betydligt mer imponerande. Med denna f\u00f6r\u00e4ndring, och \u00f6ka i styrka effekter p\u00e5 sinnet mycket mer imponerande, och sannolikheten f\u00f6r vana bildning \u00e4r h\u00f6g. Att s\u00e4lja kokain kapslar<\/p>\n<p>Alla som har ens beh\u00f6ver kokain kapslar f\u00f6r \u00f6vergrepp eller vittne till ett kokainberoende var, vet hur skadligt detta l\u00e4kemedel kan vara. Effekten av kokain kapslar \u00e4r inte bara begr\u00e4nsad till den stimulerande effekt p\u00e5 kroppen. Om en kund kapslar av Kokain i fel hand, du kan leda till en m\u00e4ngd olika psykologiska konsekvenser. En av de obestridligen oftare psykiska konsekvenserna av kokain kapsel konsumtion. Att s\u00e4lja kokain kapslar<\/p>\n<h4>ATT S\u00c4LJA KOKAIN:<\/h4>\n<p>De snortat kokain kapslar kan orsaka allvarliga nasala problem. Det orsakar blod\u00e5drorna drar ihop sig i n\u00e4san, vilket syrgasfl\u00f6det till nasal v\u00e4vnad reduceras. Andra \u00e4mnen som sm\u00e4lter kapslar \u00c5terf\u00f6rs\u00e4ljare med Kokain, kan ocks\u00e5 f\u00f6rst\u00f6ra locket p\u00e5-knappen. Inandning av kokain i n\u00e4san kapslar och munh\u00e5lan med bakterier som f\u00f6rorenar. Oavsett hur eller i vilken m\u00e4ngd kokain kapslar f\u00f6r att konsumeras, n\u00e4r kokain \u00e4r ofta risken f\u00f6r hj\u00e4rtinfarkt, stroke, kramper, och ov\u00e4ntad d\u00f6d. Att s\u00e4lja kokain kapslar<\/p>\n<p>Coca skyddar kroppen fr\u00e5n m\u00e5nga sjukdomar, och v\u00e5ra L\u00e4kare anv\u00e4nder den i pulverform, f\u00f6r att lindra svullnad av s\u00e5r, f\u00f6r att st\u00e4rka den skadades ben, kall att utvisa fr\u00e5n kroppen eller f\u00f6rhindra det fr\u00e5n att komma in, och \u00e4ven att \u00f6vervinna korrupta skador eller bl\u00e5m\u00e4rken, som \u00e4r infekterad med parasiter.kokain kapslar f\u00f6r f\u00f6rs\u00e4ljning<\/p>\n<h4>DESSUTOM:<\/h4>\n<p>I m\u00e5nga fall, s\u00e4rskilt n\u00e4r kokain kapslar r\u00f6kt eller berikad, kommer att visa resultat mycket snabbt, och du kan ocks\u00e5 ta reda p\u00e5 hur du kan sprida sig ganska snabbt. Kokain kapslar resultat kan vara s\u00e5 kort som 5-10 minuter ibland, tvingar Hotell att anv\u00e4nda ett \u00d6verskott av summor, f\u00f6r att ha m\u00f6jlighet att s\u00e4kra h\u00f6gre g\u00e5 Kokain kapslar till salu<\/p>","protected":false},"excerpt":{"rendered":"<p>KOKAIN KAPSELN ZUM VERKAUF Kokainkapseln geh\u00f6ren zu einer Gruppe von \u00e4rztlich verordneten Medikamenten, die als provinzielle Beruhigungsmittel bekannt sind. Zu diesen Gr\u00fcnden geh\u00f6ren das Fehlen von Gef\u00fchlen oder das Absterben in den Bereichen, in denen es verwendet wird, sowie die Verhinderung von Unbehaglichkeitsgef\u00fchlen durch vorsichtige Methoden. Kokainkapseln haben sich aufgrund ihres Verwendungszwecks zu den am meisten verbreiteten Energetika entwickelt, da sie den Tod herbeif\u00fchren k\u00f6nnen, der durch eine Reihe von Schwierigkeiten wie Herz-Kreislauf-Versagen, Krampfanf\u00e4lle und Schlaganf\u00e4lle hervorgerufen werden kann. Kokainkapseln zum Verkauf Die Behandlung ist zweifelsohne ein wichtiger Aspekt der Kokainkapsel-Behandlung. Sie untersucht die Unannehmlichkeiten, die Ihren Drogenkonsum beeinflusst haben,\u2026<\/p>","protected":false},"featured_media":1476,"comment_status":"open","ping_status":"closed","template":"","meta":{"content-type":""},"product_brand":[],"product_cat":[26],"product_tag":[27,28,29,30,31,32,33,34,35,36,37,38,39,40,41,42,43,44,45,46,47,48,49,50,51,52,53,54,55,56,57,58,59,60,61,62,63,64,65,66,67,68,69,70,71,72,73,74,75,76,77,78,79,80,81,82,83],"class_list":{"0":"post-1469","1":"product","2":"type-product","3":"status-publish","4":"has-post-thumbnail","6":"product_cat-kokain","7":"product_tag-besitz-von-kokain-zum-verkauf-hs","8":"product_tag-cocaine-hydrochloride-sale","9":"product_tag-cocaine-leaves-for-sale","10":"product_tag-cocaine-lockup-sale","11":"product_tag-cocaine-mirror-for-sale","12":"product_tag-cocaine-origins","13":"product_tag-cocaine-pipes-for-sale","14":"product_tag-cocaine-plant-for-sale","15":"product_tag-cocaine-purity-test-for-sale","16":"product_tag-cocaine-sale-gta","17":"product_tag-cocaine-sale-reddit","18":"product_tag-cocaine-seed-sale","19":"product_tag-cocaine-seeds-for-sale","20":"product_tag-cocaine-seeds-for-sale-online","21":"product_tag-cocaine-spoons-for-sale","22":"product_tag-cocaine-tea-for-sale","23":"product_tag-cocaine-tooters-for-sale","24":"product_tag-cocaine-vials-for-sale","25":"product_tag-colombian-cocaine-for-sale","26":"product_tag-crack-cocaine-for-sale-online","27":"product_tag-fake-cocaine-for-sale","28":"product_tag-groshandel-kokain-zum-verkauf","29":"product_tag-gta-online-cocaine-lockup-buying-supplies","30":"product_tag-kilo-of-cocaine-for-sale","31":"product_tag-kokain","32":"product_tag-kokain-bullet-for-sale","33":"product_tag-kokain-cowboys","34":"product_tag-kokain-for-sale","35":"product_tag-kokain-for-sale-australia","36":"product_tag-kokain-for-sale-craigslist","37":"product_tag-kokain-for-sale-near-me","38":"product_tag-kokain-for-sale-online-usa","39":"product_tag-kokain-for-sale-usa","40":"product_tag-kokain-for-sale-websites","41":"product_tag-kokain-for-sales","42":"product_tag-kokain-for-sell","43":"product_tag-kokain-grinders-for-sale","44":"product_tag-kokain-history","45":"product_tag-kokain-hydrochloride-for-sale","46":"product_tag-kokain-online-kaufen","47":"product_tag-legal-cocaine-for-sale","48":"product_tag-legal-synthetic-cocaine-for-sale","49":"product_tag-online-cocaine-anonymous-meetings","50":"product_tag-online-cocaine-for-sale","51":"product_tag-online-cocaine-meetings","52":"product_tag-online-cocaine-purchase","53":"product_tag-online-kokain-verkauf","54":"product_tag-peruanisches-kokain-zum-verkauf","55":"product_tag-pharmazeutisches-kokain-zum-verkauf","56":"product_tag-reines-kokain-zum-verkauf","57":"product_tag-reines-kokain-zum-verkauf-online","58":"product_tag-synthetisches-crack-kokain-zum-verkauf","59":"product_tag-synthetisches-kokain-zum-verkauf","60":"product_tag-synthetisches-kokain-zum-verkauf-online","61":"product_tag-verkauf-von-kokain","62":"product_tag-verkauf-von-kokain-florida","63":"product_tag-verkauf-von-kokain-georgia","65":"first","66":"instock","67":"shipping-taxable","68":"purchasable","69":"product-type-variable"},"_links":{"self":[{"href":"https:\/\/kokaindrogekaufen.com\/sv\/wp-json\/wp\/v2\/product\/1469"}],"collection":[{"href":"https:\/\/kokaindrogekaufen.com\/sv\/wp-json\/wp\/v2\/product"}],"about":[{"href":"https:\/\/kokaindrogekaufen.com\/sv\/wp-json\/wp\/v2\/types\/product"}],"replies":[{"embeddable":true,"href":"https:\/\/kokaindrogekaufen.com\/sv\/wp-json\/wp\/v2\/comments?post=1469"}],"wp:featuredmedia":[{"embeddable":true,"href":"https:\/\/kokaindrogekaufen.com\/sv\/wp-json\/wp\/v2\/media\/1476"}],"wp:attachment":[{"href":"https:\/\/kokaindrogekaufen.com\/sv\/wp-json\/wp\/v2\/media?parent=1469"}],"wp:term":[{"taxonomy":"product_brand","embeddable":true,"href":"https:\/\/kokaindrogekaufen.com\/sv\/wp-json\/wp\/v2\/product_brand?post=1469"},{"taxonomy":"product_cat","embeddable":true,"href":"https:\/\/kokaindrogekaufen.com\/sv\/wp-json\/wp\/v2\/product_cat?post=1469"},{"taxonomy":"product_tag","embeddable":true,"href":"https:\/\/kokaindrogekaufen.com\/sv\/wp-json\/wp\/v2\/product_tag?post=1469"}],"curies":[{"name":"wp","href":"https:\/\/api.w.org\/{rel}","templated":true}]}}