{"id":1480,"date":"2023-06-27T19:19:30","date_gmt":"2023-06-27T18:19:30","guid":{"rendered":"https:\/\/kokaindrogekaufen.com\/?post_type=product&#038;p=1480"},"modified":"2026-01-27T00:38:05","modified_gmt":"2026-01-27T00:38:05","slug":"kokainpulver-zu-verkaufen","status":"publish","type":"product","link":"https:\/\/kokaindrogekaufen.com\/sv\/product\/kokainpulver-zu-verkaufen\/","title":{"rendered":"ATT S\u00c4LJA KOKAIN PULVER"},"content":{"rendered":"<h2>ATT S\u00c4LJA KOKAIN PULVER:<\/h2>\n<p>I de flesta fall, vi s\u00e4ljer rena och av h\u00f6g kvalitet kokain pulver till l\u00e5ga priser. Effekten av pulverkokain p\u00e5 sin l\u00e5ngsammaste n\u00e4r det \u00e4r en soldat, som kan ta upp till 20 minuter. Pulver kokain \u00e4r en s\u00e4rskilt fantastiskt stimulerande l\u00e4kemedel ensam, m\u00e5nga potentiellt katastrofala konsekvenser, inklusive utveckling av en materiell konsumtion sjukdom.<\/p>\n<p>Kokain pulver i kombination med olika \u00e4mnen som kan leda till of\u00f6ruts\u00e4gbara resultat, av vilka de flesta \u00e4r b\u00e5de ett farligt och destruktivt som kan vara. Effekten varar i ungef\u00e4r en timme. Om kokain pulver \u00e4r berikad effekten av hj\u00e4rnan p\u00e5 mindre \u00e4n en sekund, och varar i n\u00e4stan 30 minuter. Intag av kokain pulver leder till en avmattning i hj\u00e4rnan hos konsumenten. Det \u00e4r inte ovanligt att kokain \u00e4r som erbjuds p\u00e5 Internet f\u00f6r k\u00f6p.<\/p>\n<p>Kokain utvinns ur Kokablad, och utvecklades ursprungligen som ett sm\u00e4rtstillande medel. Det \u00e4r ofta frustade, och pulvret \u00e4r som h\u00f6lls i den strategi f\u00f6r informationsspridning av nasala v\u00e4vnad. Crack-pulver Kokain \u00e4r en Fileorm ofile pulver Kokain, som \u00e4r liknande till rock. Mestadels Spricka och gr\u00e4dde f\u00e4rger, men det kan ocks\u00e5 ha en r\u00f6daktig nyans, vilket g\u00f6r det pnk visas. Kokain pulver till salu<\/p>\n<p>Pulver kokain \u00e4r inte utkristalliserats som andra llct l\u00e4kemedel. N\u00e4r pulverkokain erh\u00e5lls fr\u00e5n illegala k\u00e4llor, den \u00e4r skadad ofta, vilket kan \u00e4ndra dess effekter p\u00e5 kroppen drastiskt. Trots att nedbrytningsprodukter \u00e4r farmakologiskt inaktiv, kan resultera i att din kombination med den extremt l\u00e5nga perishability av pulverkokain p\u00e5 grund av fukt, den uppenbara befogenheter, bland annat m\u00e4tningar av pulverkokain, skilja gr\u00e4nsl\u00f6s, vilket g\u00f6r det sv\u00e5rt att fastst\u00e4lla en &#034;vanlig dos&#034;. Kokain pulver till salu<\/p>\n<h3>KOKAINPULVER ONLINE K\u00d6PA:<\/h3>\n<p>L\u00e4kemedlet erbjuder ntene \u00e4nnu hort-lved pleaurable effekt promptng upprepade ue.\u00c4ven om m\u00e5nga psykoaktiva substanser \u00e4r inte ensam om att verkligen se till att de kan anv\u00e4ndas i kombination med andra \u00e4mnen snabbt som os\u00e4kra, eller till och med livshotande. Stenar och pulver Kokain ibland i det gemensamma utforskandet av kokain pulver med en m\u00e4ngd av f\u00f6rs\u00e4ljning som kokain \u00e4r i Huvudsak mycket likt, men det finns en betydande skillnad mellan de tv\u00e5. Kokain pulver till salu<\/p>\n<p>Coca hemsnickrade Implantation (ocks\u00e5 k\u00e4nt som Coca te) anv\u00e4nds i Coca-blad industriella Nationer, men n\u00e5gon naturlig fuktighetsgivare impregnering kan vara var som helst p\u00e5 planeten. Det \u00e4r helt gratis och laglig kommersialisering av torkade Coca blad i Form av filtrering p\u00e5sar att anv\u00e4ndas som &#034;Koka kaffe&#034; \u00e4r givare f\u00f6r lite tid nu, den lag som \u00e4r i Peru och Bolivia som en stimulerande med styrka egenskaper effektivt fr\u00e4mjas. Kokain pulver till salu<\/p>\n<p>Det bifogade meddelandet inneh\u00e5ller en del k\u00e4nda farliga kombinationer (\u00e4ven om det inte kan garanteras att de alla ing\u00e5r). Pulver kokain utvinns fr\u00e5n bladen av Erythroxylon Anl\u00e4ggning i S\u00f6dra Usa \u00e4r inf\u00f6dd. Enligt justitieministeriet, Usa, kokain alkaloid som finns i olika former. Att s\u00e4lja kokain pulver<\/p>\n<h4>ATT S\u00c4LJA KOKAIN PULVER ONLINE:<\/h4>\n<p>Kokablad, Coca lim, kokain pulver och kokain produktion \u00e4r alla exempel p\u00e5 kokain produkter. I f\u00f6rs\u00f6k att f\u00f6rb\u00e4ttra effektiviteten och f\u00f6r att f\u00f6rl\u00e4nga varaktigheten av \u00e5tg\u00e4rden, \u00e4r f\u00f6rorenade rent kokain pulver med \u00e4mnen s\u00e5som Paracetamol, druvsocker, bakpulver, talk, mj\u00f6l, eller andra lugnande medel som Ldocane eller stelnat (cut). Kokain pulver till salu<\/p>\n<p>Kokain pulver ger korsresistens mot alla de dopaminerga Energetika, vilket inneb\u00e4r att efter kokain alla Energetika en minskad p\u00e5verkan. Pulver kokain utvinns ur Kokablad, och anv\u00e4nds i m\u00e5nga \u00e5r i en m\u00e4ngd olika sociala projekt. Den rena drogen \u00e4r som erh\u00e5llits fr\u00e5n Erythroxylon Coca-s\u00e4kring, s\u00e4rskilt i de sydamerikanska l\u00e4nder som Peru, Bolivia och Colombia finns. Kokain pulver till salu<\/p>\n<p>Pulver kokain \u00e4r ett av de mest beroendeframkallande droger p\u00e5 marknaden. Cocane pulver n\u00e5tt en mycket intensiv beroende och motst\u00e5ndskraft mot t uer makng vana metod center otroligt k\u00f6pa envronment. Pulverkokain f\u00f6rhindrar att dopamin \u00e4r \u00e5teranv\u00e4ndas, s\u00e5 att det kan samlas ett stort antal m\u00e4ngder av Signalsubstansen eller neurala gr\u00e4nssnitt. Kokain pulver till salu<\/p>\n<p>Kokablad \u00e4r vanligtvis blandas med ett l\u00f6sligt Material (t ex, kalksten) och i munnen mellan tandk\u00f6ttet och kinden h\u00f6ll s\u00f6g (liknande Knapra av tobak). Detta \u00f6kar dopamin signal och st\u00f6r den normala intellektuella engagemang. Att s\u00e4lja kokain pulver<\/p>\n<h4>ATT S\u00c4LJA KOKAIN:<\/h4>\n<p>Denna \u00f6versv\u00e4mning av Dopamin \u00e4r orsaken till den H\u00f6ga, vilket utl\u00f6ser kokain. En extra tilltalande kokainpulver effekt \u00e4r att k\u00f6pare k\u00e4nner av pulverkokain betydligt eldig och v\u00e4nlig, vilket ofta kan se till att det \u00e4r \u00f6ppna f\u00f6r m\u00e4nniskor av attraktiva, sociala sp\u00e4nningar, \u00e4r blyg, eller om den livskraft som saknas, f\u00f6r att st\u00e5 ut och g\u00f6ra saker, s\u00e4rskilt om din tr\u00f6ghet kommer fr\u00e5n f\u00f6rtvivlan. Kokain pulver till salu<\/p>\n<p>Ett annat s\u00e4tt, som s\u00e4kert har ett torg i en sten typ att arbetet med att ta fram Pop och en h\u00f6g grad av f\u00f6roreningar, \u00e4r att bryta stenar. Du k\u00f6per kokain pulver online, vilket \u00e4r en h\u00f6g-prestanda-anslutning, energi och kraft f\u00f6r den m\u00e4nskliga kroppen och \u00e4r ofta anv\u00e4ndas som en drog (kemiska \u00e4mnen, med det yttersta m\u00e5let f\u00f6r efterlevnaden och avkoppling \u00e4r tagen) anv\u00e4nds. Det har en djupg\u00e5ende effekt p\u00e5 sinnet och utl\u00f6ser starka k\u00e4nslor av exotiska sp\u00e4nning, gl\u00e4dje och nervositet. Att s\u00e4lja kokain pulver<\/p>\n<p>Kokainpulver \u00e4r snabbt fyllas p\u00e5, med olika kunder, f\u00f6rbrukar tv\u00e5 till tre gram p\u00e5 en natt \u2013 allt i alla, effekterna \u00e4r desto mer fruktansv\u00e4rd, mer pulver Kokain tas i en natt. Kokainet ger en euforisk k\u00e4nsla av otrolig fixering och farliga skarpa insikter f\u00f6r cirka tjugo till en timme. Att s\u00e4lja kokain pulver<\/p>\n<h4>DESSUTOM:<\/h4>\n<p>Den Paus som varar mindre \u00e4n tre till fem minuter och ger kunden en mycket stark Kick i f\u00f6rh\u00e5llande till de faktiska k\u00e4nslor, f\u00f6rutom den h\u00f6ga k\u00e4nslan av fullst\u00e4ndig allmakt. Den k\u00e4nsla av lycka bleknar snabbt. Bortsett fr\u00e5n de negativa effekterna av pulverkokain, risken f\u00f6r emboli i blodcirkulationen best\u00e5r av ol\u00f6sliga \u00e4mnen som anv\u00e4nds f\u00f6r att Sprida medicinering. Kokain pulver till salu<\/p>\n<p>Wie bei jeder infundierten illegalen Substanz besteht auch bei Kokainpulver die Gefahr, dass sich der K\u00e4ufer mit Blutkontaminationen ansteckt, wenn keine sterilen Infusionsger\u00e4te ge\u00f6ffnet oder verwendet werden. Kokainpulver ist h\u00e4ufig eine hochgradig s\u00fcchtig machende illegale Freizeitdroge mit einer breiten Palette bekannter Nebenwirkungen auf den K\u00f6rper. Kokainpulver zum Verkauf<\/p>\n<p>In randomisierten klinischen Studien hat sich gezeigt, dass eine Therapie mit der M\u00f6glichkeit, z. B. Gutscheine f\u00fcr den Einzelhandel auf der Grundlage einer gleichm\u00e4\u00dfig best\u00e4tigten Abstinenz vom Konsum neuer Medikamente bereitzustellen, die Wahrscheinlichkeit einer guten Bewertung f\u00fcr das Vorhandensein von Kokainpulver deutlich verringert. Kokainpulver zum Verkauf<\/p>","protected":false},"excerpt":{"rendered":"<p>KOKAINPULVER ZU VERKAUFEN: In den meisten F\u00e4llen haben wir reines und hochwertiges Kokainpulver zu Tiefstpreisen zu verkaufen. Die Wirkung von Kokainpulver setzt am langsamsten ein, wenn es gegrunzt wird, was bis zu 20 Minuten dauern kann. Kokainpulver ist eine besonders erstaunliche Energetisierungsdroge, die f\u00fcr sich allein genommen zahlreiche potenziell katastrophale Folgen hat, darunter die Entwicklung einer materiellen Konsumst\u00f6rung. Kokainpulver in Kombination mit verschiedenen Substanzen kann zu unberechenbaren Ergebnissen f\u00fchren, von denen die meisten sowohl gef\u00e4hrlich als auch zerst\u00f6rerisch sein k\u00f6nnen. Die Wirkung h\u00e4lt etwa eine Stunde an. Wenn Kokainpulver infundiert wird, erreicht die Wirkung das Gehirn in weniger als einer\u2026<\/p>","protected":false},"featured_media":1507,"comment_status":"open","ping_status":"closed","template":"","meta":{"content-type":""},"product_brand":[],"product_cat":[26],"product_tag":[27,28,29,30,31,32,33,34,35,36,37,38,39,40,41,42,43,44,45,46,47,48,49,50,51,52,53,54,55,56,57,58,59,60,61,62,63,64,65,66,67,68,69,70,71,72,73,74,75,76,77,78,79,80,81,82,83],"class_list":{"0":"post-1480","1":"product","2":"type-product","3":"status-publish","4":"has-post-thumbnail","6":"product_cat-kokain","7":"product_tag-besitz-von-kokain-zum-verkauf-hs","8":"product_tag-cocaine-hydrochloride-sale","9":"product_tag-cocaine-leaves-for-sale","10":"product_tag-cocaine-lockup-sale","11":"product_tag-cocaine-mirror-for-sale","12":"product_tag-cocaine-origins","13":"product_tag-cocaine-pipes-for-sale","14":"product_tag-cocaine-plant-for-sale","15":"product_tag-cocaine-purity-test-for-sale","16":"product_tag-cocaine-sale-gta","17":"product_tag-cocaine-sale-reddit","18":"product_tag-cocaine-seed-sale","19":"product_tag-cocaine-seeds-for-sale","20":"product_tag-cocaine-seeds-for-sale-online","21":"product_tag-cocaine-spoons-for-sale","22":"product_tag-cocaine-tea-for-sale","23":"product_tag-cocaine-tooters-for-sale","24":"product_tag-cocaine-vials-for-sale","25":"product_tag-colombian-cocaine-for-sale","26":"product_tag-crack-cocaine-for-sale-online","27":"product_tag-fake-cocaine-for-sale","28":"product_tag-groshandel-kokain-zum-verkauf","29":"product_tag-gta-online-cocaine-lockup-buying-supplies","30":"product_tag-kilo-of-cocaine-for-sale","31":"product_tag-kokain","32":"product_tag-kokain-bullet-for-sale","33":"product_tag-kokain-cowboys","34":"product_tag-kokain-for-sale","35":"product_tag-kokain-for-sale-australia","36":"product_tag-kokain-for-sale-craigslist","37":"product_tag-kokain-for-sale-near-me","38":"product_tag-kokain-for-sale-online-usa","39":"product_tag-kokain-for-sale-usa","40":"product_tag-kokain-for-sale-websites","41":"product_tag-kokain-for-sales","42":"product_tag-kokain-for-sell","43":"product_tag-kokain-grinders-for-sale","44":"product_tag-kokain-history","45":"product_tag-kokain-hydrochloride-for-sale","46":"product_tag-kokain-online-kaufen","47":"product_tag-legal-cocaine-for-sale","48":"product_tag-legal-synthetic-cocaine-for-sale","49":"product_tag-online-cocaine-anonymous-meetings","50":"product_tag-online-cocaine-for-sale","51":"product_tag-online-cocaine-meetings","52":"product_tag-online-cocaine-purchase","53":"product_tag-online-kokain-verkauf","54":"product_tag-peruanisches-kokain-zum-verkauf","55":"product_tag-pharmazeutisches-kokain-zum-verkauf","56":"product_tag-reines-kokain-zum-verkauf","57":"product_tag-reines-kokain-zum-verkauf-online","58":"product_tag-synthetisches-crack-kokain-zum-verkauf","59":"product_tag-synthetisches-kokain-zum-verkauf","60":"product_tag-synthetisches-kokain-zum-verkauf-online","61":"product_tag-verkauf-von-kokain","62":"product_tag-verkauf-von-kokain-florida","63":"product_tag-verkauf-von-kokain-georgia","65":"first","66":"instock","67":"shipping-taxable","68":"purchasable","69":"product-type-variable"},"_links":{"self":[{"href":"https:\/\/kokaindrogekaufen.com\/sv\/wp-json\/wp\/v2\/product\/1480"}],"collection":[{"href":"https:\/\/kokaindrogekaufen.com\/sv\/wp-json\/wp\/v2\/product"}],"about":[{"href":"https:\/\/kokaindrogekaufen.com\/sv\/wp-json\/wp\/v2\/types\/product"}],"replies":[{"embeddable":true,"href":"https:\/\/kokaindrogekaufen.com\/sv\/wp-json\/wp\/v2\/comments?post=1480"}],"wp:featuredmedia":[{"embeddable":true,"href":"https:\/\/kokaindrogekaufen.com\/sv\/wp-json\/wp\/v2\/media\/1507"}],"wp:attachment":[{"href":"https:\/\/kokaindrogekaufen.com\/sv\/wp-json\/wp\/v2\/media?parent=1480"}],"wp:term":[{"taxonomy":"product_brand","embeddable":true,"href":"https:\/\/kokaindrogekaufen.com\/sv\/wp-json\/wp\/v2\/product_brand?post=1480"},{"taxonomy":"product_cat","embeddable":true,"href":"https:\/\/kokaindrogekaufen.com\/sv\/wp-json\/wp\/v2\/product_cat?post=1480"},{"taxonomy":"product_tag","embeddable":true,"href":"https:\/\/kokaindrogekaufen.com\/sv\/wp-json\/wp\/v2\/product_tag?post=1480"}],"curies":[{"name":"wp","href":"https:\/\/api.w.org\/{rel}","templated":true}]}}