{"id":1488,"date":"2023-06-27T19:19:31","date_gmt":"2023-06-27T18:19:31","guid":{"rendered":"https:\/\/kokaindrogekaufen.com\/?post_type=product&#038;p=1488"},"modified":"2024-12-06T05:52:35","modified_gmt":"2024-12-06T05:52:35","slug":"kolumbianisches-kokain-zu-verkaufen","status":"publish","type":"product","link":"https:\/\/kokaindrogekaufen.com\/sv\/product\/kolumbianisches-kokain-zu-verkaufen\/","title":{"rendered":"ATT S\u00c4LJA COLOMBIANSKT KOKAIN"},"content":{"rendered":"<h2>ATT S\u00c4LJA KOKAIN TILL EUROPA:<\/h2>\n<p>I sj\u00e4lva verket, vi s\u00e4ljer h\u00f6gkvalitativa kokain till Europa. Vissa l\u00e4nder, till exempel Peru och Bolivia, som till\u00e5ter odling av Kokablad f\u00f6r traditionella konsumtionen av medlemmar av urbefolkningen, och att f\u00f6rbjuda tillverkning, f\u00f6rs\u00e4ljning och konsumtion av Colombianskt kokain. Dessutom, det \u00e4r till\u00e5tet i Delar av Europa och Australien, konsumtionen av bearbetade Colombianskt kokain endast f\u00f6r medicinska \u00e4ndam\u00e5l.<\/p>\n<p>\u00c4ven de negativa reaktioner i l\u00e5ga till m\u00e5ttliga doser \u00e4r i allm\u00e4nhet l\u00e5g, intr\u00e4ffar i h\u00f6gre doser eller l\u00e5ngvarig anv\u00e4ndning, mer och mer av sig sj\u00e4lv. P\u00e5 grund av bristande erfarenhet av detta \u00e4r i praktiken till stor del r\u00e4tt. Den mest framtr\u00e4dande av dessa kognitiva effekter \u00e4r yrsel\/feber, och andra. Colombianskt kokain \u00e4r ett centralstimulerande medel som anv\u00e4nds vid behandling av \u00e5ngest. Kokain f\u00f6r f\u00f6rs\u00e4ljning i Europa<\/p>\n<p>Dessa effekter kan vara allt fr\u00e5n 15 minuter till en timme. Coca \u00f6rtte (Colombianskt kokain) kommer att rulla i den internationella produktionen av Coca p\u00e5 samma s\u00e4tt som alla andra \u00f6rtte i andra Delar av v\u00e4rlden. Under de senaste \u00e5ren har regeringarna i Peru och Bolivia, som har varit aktiv i det fria och godk\u00e4nd kommersialisering av torkade Coca blad i Form av filtrering p\u00e5sar att anv\u00e4ndas som &#034;Koka kaffe&#034; som en dryck med medicinska egenskaper som fr\u00e4mjas. Kokain f\u00f6r f\u00f6rs\u00e4ljning i USA<\/p>\n<p>Varaktigheten av effekten av Colombianskt kokain beror p\u00e5 m\u00e4ngden som konsumeras och administreringss\u00e4tt. Colombianskt kokain \u00e4r en h\u00f6g kvalitet vitt pulver med bitter smak. Colombianskt kokain \u00e4r ett centralstimulerande medel f\u00f6r nervsystemet, som fungerar snabbt. Det \u00e4r som utvinns ur bladen fr\u00e5n kokabusken och anses vara den starkaste av alla naturligt f\u00f6rekommande stimulantia. Genom ytterligare bearbetning av Kokablad \u00e4r att Colombianskt kokain och Colombianska Spricka, detta \u00e4r verkligen som s\u00e4ljs p\u00e5 gatan. Att s\u00e4lja kokain, Tyskland<\/p>\n<h4>KOKAIN ONLINE K\u00d6PA:<\/h4>\n<p>I vissa fall, detta \u00e4r l\u00f6st Colombianskt kokain i en bomullstuss indr\u00e4nkt, som inf\u00f6rdes i 10 till 15 minuter f\u00f6re auktionen i n\u00e4sborren, som tuggas risierende omr\u00e5det bed\u00f6vas och \u00e4r smalare. \u00c4ven om det anv\u00e4nds p\u00e5 detta s\u00e4tt, kan du spela in en del av den Colombianska kokain genom muntliga eller n\u00e4sslemhinnan och systemiska effekter orsak. Kokain f\u00f6r f\u00f6rs\u00e4ljning i Europa<\/p>\n<p>Den Colombianska kokain missbruk utvecklas snabbt att korta perioder av regelbunden kokainanv\u00e4ndning och leder till ett \u00e5terkallande av tillst\u00e5ndet med underskott i den k\u00e4nslom\u00e4ssiga Motivation, n\u00e4r kokain anv\u00e4nda \u00e4r inst\u00e4lld. Intaget \u00e4r trots anv\u00e4ndandet av droger \u00e4r farligt, eftersom den sedativa effekten av alkohol \u00e4r minimerad. Du \u00e4r m\u00e5ttenheter f\u00f6r &#034;fylleri&#034; i den m\u00e4nskliga kroppen. Kokain till salu<\/p>\n<p>Detta leder oftast till h\u00f6g alkoholkonsumtion, tr\u00f6skeln minskar avsev\u00e4rt, och utg\u00f6r en h\u00f6g risk f\u00f6r leverskador och \u00f6kad uttorkning. P\u00e5 grundval av lever - och njurfunktion Colombianskt kokain metaboliter i urinen kan uppt\u00e4ckas. Benzoylecgonine kan detekteras i urinen av Colombianskt kokain inom 4 timmar efter intag och kan detekteras i halter h\u00f6gre \u00e4n 150 ng\/ml upp till \u00e5tta G\u00e5nger omedelbart efter anv\u00e4ndning av kokain. Kokain f\u00f6r f\u00f6rs\u00e4ljning i USA<\/p>\n<p>Den Colombianska kokainhydroklorid, en regional anestesi ester, antogs i December 2017 f\u00f6r medicinsk anv\u00e4ndning i Usa, och \u00e4r \u00e4ven huden f\u00f6r inledning av anestesi i n\u00e4rheten av slemhinnor av diagnostiska metoder och verksamheter p\u00e5 eller via n\u00e4sslemhinnan av de \u00e4ldre som anges. Du vet inte vad som finns i det kokain som du k\u00f6per p\u00e5 spr\u00e5ng, f\u00f6r Colombianskt kokain brukar sk\u00e4ra med en m\u00e4ngd olika komponenter. Kokain f\u00f6r f\u00f6rs\u00e4ljning i Europa<\/p>\n<h4>ATT S\u00c4LJA KOKAIN I MITT OMR\u00c5DE :<\/h4>\n<p>Ingen Lust f\u00f6r att ytterligare kokain intr\u00e4ffar efter den f\u00f6rsta dosen och efter ytterligare tar av drogen. Eftersom Colombianskt kokain vid upphettning s\u00f6nderdelas unikt, i form av Freebase och karbonat salter av Colombianskt kokain v\u00e4te som anv\u00e4nds f\u00f6r att minska, i motsats till hydroklorid salt mycket mindre starka. De \u00e4r ofta kallas den Colombianska kokain basen och bryta individuellt. Kokain f\u00f6r f\u00f6rs\u00e4ljning i USA<br \/>\nObservera att varje stat som du bes\u00f6ker, och vad \u00e4r kanske \u00e4nnu viktigare att vara medveten om den lokala lagar. V\u00e4lj f\u00f6r hennes fallet med en kontrasterande f\u00e4rg nyans av denna typ av vatten. Om den normala vatten \u00e4r m\u00f6rkt, b\u00f6r du f\u00f6rs\u00f6ka att anv\u00e4nda ljusa, skuggade frestelser, f\u00f6r att locka till sig fisken \u00e4r synliga. Om vattnet \u00e4r klart, anv\u00e4nder dock en mer t\u00e4ckande, dolda bete.<\/p>\n<p>P\u00e5 grund av dess inverkan p\u00e5 den m\u00e4nskliga befolkningen, den lokala mark-och dricksvatten system besprutning fr\u00e5n luften, var ofta av civila r\u00e4ttigheter och milj\u00f6-aktivister d\u00f6mda. I December 2000, den holl\u00e4ndska kr\u00f6nik\u00f6r Marjon van Royen fann att &#034;\u00e4mnet av flygplan f\u00f6r att ge till de ockuperade omr\u00e5dena i Colombia kokain, vilket leder till permanent v\u00e4lst\u00e5nd problem&#034;. Kokain f\u00f6r f\u00f6rs\u00e4ljning i Europa<\/p>\n<p>Konsumtion av \u00f6gat, agitation, respiratoriska problem \u00e4r fortfarande rapporteras i vissa omr\u00e5den.&#034; I vissa omr\u00e5den, en majoritet av de unga m\u00e4nniskor som insjuknade var i den lokala befolkningen i hudutslag, feber, rinnande n\u00e4sa, och bakteriella \u00f6ga kontaminering. M\u00e5nga m\u00e4nniskor stelna dessa villkor, om du letar efter tj\u00e4nster i n\u00e4rheten, med resultatet att man f\u00e5r mer bes\u00f6kare, som om det var i allm\u00e4nhet anses vara fallet. Att s\u00e4lja kokain, Tyskland<\/p>\n<h5>ATT S\u00c4LJA CRACK:<\/h5>\n<p>N\u00e4r glyfosat som sprayas i luften, det \u00e4r en signifikant \u00f6kad risk f\u00f6r m\u00e4nskliga fel vid sprutning misst\u00e4nkt f\u00f6r olaglig Coca v\u00e4xter. Coca odlas uppf\u00f6dare oftast av d\u00e5lig djurh\u00e5llning. Anl\u00e4ggningen spelat en viktig roll i konflikten, Farc har v\u00e4gt p\u00e5 Gr\u00f6dor och tillg\u00e5ngar i ditt omr\u00e5de av konflikten inleddes.<\/p>\n<p>Colombia har agerat p\u00e5 ett enast\u00e5ende s\u00e4tt, som n\u00e4stan alla andra l\u00e4nder p\u00e5 jorden, som undertecknades i Wien-konferensen, 1988, i riktning mot olaglig riktade bes\u00f6kare i narkotiska l\u00e4kemedel och psykotropa \u00e4mnen, syntetiska mediciner och f\u00f6reg\u00e5ngare inneh\u00e5ller upp var unhibitedly ers\u00e4ttas Resten av v\u00e4rlden, medan de i cirkul\u00e4r lista \u00f6ver de l\u00e5ngt kontrollerade \u00e4mnen. Kokain f\u00f6r f\u00f6rs\u00e4ljning i USA<\/p>\n<p>Kokain handeln i Colombia, har m\u00e5nga aspekter. B\u00f6rjar med boskapsuppf\u00f6dare, Coca forts\u00e4tta att v\u00e4xa och f\u00f6r att hj\u00e4lpa sina familjer, fet fisk och deras karteller, som har massor av pengar att bidra med, uppt\u00e4cka beh\u00e4ftade lagstiftare, vinn din icke-offentliga och informella milit\u00e4ra (paramilit\u00e4ra grupper). Att s\u00e4lja kokain till Europa<\/p>\n<h5>MER:<\/h5>\n<p>Med fortsatt anv\u00e4ndning av narkotika, Bel\u00f6ning kretsen kan anpassa sig, s\u00e5 att han svarar betydligt mindre k\u00e4nsliga f\u00f6r l\u00e4kemedel. Som ett resultat, m\u00e4nniskor v\u00e4ljer f\u00f6r en fastare och mer konsekvent dos f\u00f6r att k\u00e4nna samma inneb\u00f6rd, och f\u00f6r att ge lindring till den som \u00e5ngerr\u00e4tten. Colombia \u00e4r v\u00e4rldens ledande producent av Colombianskt kokain. Kokain f\u00f6r f\u00f6rs\u00e4ljning i Europa<\/p>\n<p>Colombia producerar cirka tre fj\u00e4rdedelar av den \u00e5rliga m\u00e4ngden beslagtaget Kokain v\u00e4rlden, b\u00e5de fr\u00e5n Kokain som importeras fr\u00e5n Peru (fr\u00e4mst Huallaga-dalen) och Bolivia, och fr\u00e5n lokalt odlade Coca. I 1998, m\u00e4ngden av sk\u00f6rden kan Coca v\u00e4xter \u00f6kade i Colombia med 28 %. Kokain till salu Tyskland<\/p>\n<p>&nbsp;<\/p>","protected":false},"excerpt":{"rendered":"<p>KOKAIN ZU VERKAUFEN EUROPA: In der Tat haben wir qualitativ hochwertiges Kokain zu verkaufen Europa. Einige internationale L\u00e4nder wie Peru und Bolivien erlauben den Anbau von Kokabl\u00e4ttern f\u00fcr den traditionellen Konsum durch Mitglieder indigener Gemeinschaften, verbieten jedoch die Herstellung, den Verkauf und den Konsum von kolumbianischem Kokain. Dar\u00fcber hinaus ist in Teilen Europas und Australiens der Konsum von verarbeitetem kolumbianischem Kokain nur zu medizinischen Zwecken erlaubt. Obwohl die unerw\u00fcnschten Nebenwirkungen bei niedrigen bis mittleren Dosen in der Regel gering sind, treten sie bei h\u00f6heren Dosen oder l\u00e4ngerem Konsum immer h\u00e4ufiger von selbst auf. Aufgrund der mangelnden Erfahrungen in der Praxis\u2026<\/p>","protected":false},"featured_media":1508,"comment_status":"open","ping_status":"closed","template":"","meta":{"content-type":""},"product_brand":[],"product_cat":[26],"product_tag":[],"class_list":{"0":"post-1488","1":"product","2":"type-product","3":"status-publish","4":"has-post-thumbnail","6":"product_cat-kokain","8":"first","9":"instock","10":"shipping-taxable","11":"purchasable","12":"product-type-variable"},"_links":{"self":[{"href":"https:\/\/kokaindrogekaufen.com\/sv\/wp-json\/wp\/v2\/product\/1488"}],"collection":[{"href":"https:\/\/kokaindrogekaufen.com\/sv\/wp-json\/wp\/v2\/product"}],"about":[{"href":"https:\/\/kokaindrogekaufen.com\/sv\/wp-json\/wp\/v2\/types\/product"}],"replies":[{"embeddable":true,"href":"https:\/\/kokaindrogekaufen.com\/sv\/wp-json\/wp\/v2\/comments?post=1488"}],"wp:featuredmedia":[{"embeddable":true,"href":"https:\/\/kokaindrogekaufen.com\/sv\/wp-json\/wp\/v2\/media\/1508"}],"wp:attachment":[{"href":"https:\/\/kokaindrogekaufen.com\/sv\/wp-json\/wp\/v2\/media?parent=1488"}],"wp:term":[{"taxonomy":"product_brand","embeddable":true,"href":"https:\/\/kokaindrogekaufen.com\/sv\/wp-json\/wp\/v2\/product_brand?post=1488"},{"taxonomy":"product_cat","embeddable":true,"href":"https:\/\/kokaindrogekaufen.com\/sv\/wp-json\/wp\/v2\/product_cat?post=1488"},{"taxonomy":"product_tag","embeddable":true,"href":"https:\/\/kokaindrogekaufen.com\/sv\/wp-json\/wp\/v2\/product_tag?post=1488"}],"curies":[{"name":"wp","href":"https:\/\/api.w.org\/{rel}","templated":true}]}}