{"id":1497,"date":"2023-06-27T19:19:31","date_gmt":"2023-06-27T18:19:31","guid":{"rendered":"https:\/\/kokaindrogekaufen.com\/?post_type=product&#038;p=1497"},"modified":"2024-12-06T05:55:56","modified_gmt":"2024-12-06T05:55:56","slug":"crack-kokain-zu-verkaufen","status":"publish","type":"product","link":"https:\/\/kokaindrogekaufen.com\/sv\/product\/crack-kokain-zu-verkaufen\/","title":{"rendered":"CRACK-KOKAIN-S\u00c4LJA KOKAIN"},"content":{"rendered":"<h2>CRACK-KOKAIN-S\u00c4LJA KOKAIN:<\/h2>\n<p>F\u00f6rst av allt, Aaronay s\u00e4ljs till h\u00f6gsta kvalitet och renaste Spricka i v\u00e4rlden. Den fysiska och psykiska symptom tillbakadragande beror p\u00e5 en m\u00e4ngd faktorer, bland annat individuella b\u00e4rf\u00f6rm\u00e5ga, mag -, omfattningen av beroendet, Sv\u00e5righetsgrad av missbruk och sjukdomar, f\u00f6rekomsten av dolda psykiska eller andra beroenden.<\/p>\n<p>Utmattning, l\u00e5ngvarig och orolig vila eller oro, Sv\u00e4lt, k\u00e4nslighet, depression, sj\u00e4lvdestruktivt k\u00e4nslor och en otrolig L\u00e4ngtan efter ytterligare l\u00e4kemedel \u00e4r alla symptom p\u00e5 att Spricka uttag. Minnet av det kokain som tur \u00e4r stark, och det finns en h\u00f6g sannolikhet att \u00e5terfall i konsumtionen av lugnande medel \u00e4r. Crack-kokain till salu<\/p>\n<p>\u00c4ven om b\u00e5de Crack samt Bryta i Kanada, \u00e4r f\u00f6rem\u00e5l f\u00f6r samma regler och straff f\u00f6r innehav av och handel, \u00e4r det m\u00f6jligt att Rock-k\u00f6pare p\u00e5 grund av de rasistiska och kurs-relaterade tendenser till att bli mer intensiv p\u00e5 ett kontrollerat s\u00e4tt. Crack-kokain till salu<\/p>\n<p>Den syntetiska beroende kan utvecklas under kokain snabbare \u00e4n andra professionellt l\u00e4kemedel som f\u00f6rskrivs. Crack - och Break-konsumenter kan ibland utvecklas efter n\u00e5gra med att f\u00f6rs\u00f6ka vara ett Problem med missbruk. Priset p\u00e5 kokain har minskat i mitten av 1990-talet, efter det var under en l\u00e5ng tid som en beroendeframkallande drog som f\u00f6r Tillf\u00e4lligt och Popul\u00e4ra. Crack-kokain-s\u00e4lja kokain<\/p>\n<h3>CRACK-KOKAIN ONLINE K\u00d6PA:<\/h3>\n<p>Minskningen i Kostnader som var f\u00f6rknippade med en kollaps av s\u00e4kerheten av l\u00e4kemedlet i en liknande period av tid. Beroende p\u00e5 dina specifika behov, reparation kan ske i en sluten eller \u00f6ppenv\u00e5rd sammanhang. M\u00e5nga m\u00e4nniskor dra nytta av slutenv\u00e5rden, som h\u00e5ller dig fr\u00e5n negativa influenser och i en stabil milj\u00f6 ger. Crack-kokain till salu<\/p>\n<p>Se till att du h\u00e5ller dig till reglerna. Om du \u00e4r os\u00e4ker, b\u00f6r du inte g\u00f6ra detta. Detta \u00e4r en m\u00f6jlig avskrivningar i v\u00e4rde. Vi fr\u00e4mja harm reduction och sl\u00e5ss uttag mot l\u00e4karen rekommenderade l\u00e4kemedel. Kom bara ih\u00e5g att ingen drog \u00e4r riskfri. Det \u00e4r inte alltid s\u00e4kert att ta. Jag godk\u00e4nner aldrig konsumtion av cigaretter, stenar eller Spricka och dess derivat. Detta \u00e4mne har potential att orsaka skada. Crack-kokain-s\u00e4lja kokain<\/p>\n<p>Detta \u00e4r bara en pedagogisk \u00d6vning p\u00e5 metoden f\u00f6r beredning av Crack-kokain. Ingen g\u00f6r avsikt att vara beroende av n\u00e5got. \u00c4ven om n\u00e5gon best\u00e4mmer sig f\u00f6r att vara medveten om \u00e4mnen att prova, har inte Lust att vara undergiven, f\u00f6r att orka med l\u00e4kemedel \u00e5terkallas, risken f\u00f6r \u00d6verdosering eller d\u00f6. Det finns m\u00e5nga skillnader mellan dem. Crack-kokain-s\u00e4lja kokain<\/p>\n<p>De grymtar i paus leder till ett antal seri\u00f6sa och l\u00e5ngsiktiga fysiska och psykiska besv\u00e4r f\u00f6r att v\u00e4ga. Bryta det frig\u00f6r en stor m\u00e4ngd av dopamin, en Synaps, vilket leder till uppfattningen av bel\u00f6ning och tillfredsst\u00e4llelse som fyller vana. Allvarligt, Spricka, eller Break-anv\u00e4ndare att bli tolerant mot narkotika och k\u00e4nner, slutligen, utmattad, att sova i panik och inte, vilket leder till entusiasm och fysisk sm\u00e4rta. Crack-kokain-s\u00e4lja kokain<\/p>\n<h4>ATT S\u00c4LJA CRACK-KOKAIN ONLINE:<\/h4>\n<p>N\u00e5gra av de seri\u00f6sa k\u00f6pare av dessa tecken p\u00e5 en medveten och tveka, intag av l\u00e4kemedlet set. N\u00e4stan alla av Crack-kokain kommer att vara f\u00f6rorenat, s\u00e5 du b\u00f6r kunna utreda Parti, f\u00f6r att se om det inneh\u00e5ller n\u00e5got annat l\u00e4kemedel (inklusive Fentanyl), i syfte att minska den f\u00f6rv\u00e4ntade risken f\u00f6r en \u00d6verdos. Crack-kokain till salu<\/p>\n<p>Efter samband med hydroklorid av Crack-kokain Alkaloid som flyter till toppen av extra v\u00e4tska. Nu \u00e4r den Olja som erh\u00e5lls snabbt, oftast med en pin-kod eller l\u00e5nga smala f\u00f6rem\u00e5l. Som ett resultat, Oljan kommer att dras upp\u00e5t och roteras, s\u00e5 att luften kan h\u00e4rda Olja, och torr, och kunden och producenter av Olja i sten-som i form, kan f\u00f6ra med sig. Crack-kokain till salu<\/p>\n<p>Crack \u00e4r oftast i Form av stenar som finns. Bryta sten \u00e4r vit (eller gr\u00e5) och kommer att passa ihop som handen i handsken. Hur \u00e4r de i behov av Stenar, missar? Pausen \u00e4r r\u00f6kt regelbundet. Genom r\u00f6ken av Stenar, stora m\u00e4ngder l\u00e4kemedel i lungorna, vilket leder till en omedelbar och extrema euforisk rush. Crack-kokain orsakar vener och tjockare och drar ihop sig, minska fl\u00f6det av Syre till hj\u00e4rtat minskar. Crack-kokain till salu<\/p>\n<p>Samtidigt Spricka g\u00f6r att tarmens muskler arbetar mer vad som kan orsaka en frisk person till en hj\u00e4rtinfarkt eller stroke. Paus minst en&#034; \u00e4r en vanlig term f\u00f6r ett barn som f\u00f6ds av en mamma som har f\u00f6rbrukats under graviditeten, Spricka. Tanken att Crack-kokain under hela graviditeten \u00e4r en fara f\u00f6r barnet, har varit till stor del motbevisade. Crack-kokain-s\u00e4lja kokain<\/p>\n<h4>CRACK-KOKAIN F\u00d6R F\u00d6RS\u00c4LJNING I USA:<\/h4>\n<p>Logiska unders\u00f6kningar visar att anv\u00e4ndningen av kokain f\u00f6re f\u00f6dseln (oberoende av andra konsekvenser, s\u00e5som alkoholhaltiga drycker, tobak, fysisk milj\u00f6) p\u00e5verkar utvecklingen och utvecklingen av unga m\u00e4nniskor tydligt. Kokain och Crack \u00e4r olika, utan tvekan, i utseendet. Att s\u00e4lja Crack-kokain<\/p>\n<p>Crack-kokain \u00e4r oftast s\u00e4ljs som ett vitt pulver, medan Crack \u00e4r i Form av stenar som finns, vanligen vita, kr\u00e4mf\u00e4rgade, brunt eller ljusbrunt. Under pulveriserad Form kallas kokain, som ofta kallas kokain-eller koks, \u00e4r stenen i den form som en Spricka k\u00e4nd. P\u00e5 grund av det l\u00e4gre priset av Crack-kokain, det var f\u00f6r m\u00e4nniskor i l\u00e5g-inkomst samh\u00e4llen \u00e4r mycket l\u00e4ttare att skaffa det, vilket ledde till att s\u00e4ga till de anst\u00e4llda i kanten grupper har varit mycket f\u00f6rd\u00f6mde snarare l\u00e4ngre \u00e4n kortare meningar meningen. Crack-kokain till salu<\/p>\n<p>F\u00f6r brott i samband med pulver Kokain. Missbruk av Crack-kokain kan ha allvarliga konsekvenser f\u00f6r konsumenterna. Kaxig, stirrar p\u00e5 den \u00f6ppna d\u00f6rren, anv\u00e4ndes f\u00f6r att analysera om han var tvungen att inspektera sp\u00e5r av produktionen i v\u00e4rlden \u00e4r verkligen precis vad inspektionen skulle visa om han hade med facket att g\u00f6ra n\u00e5got, som i hans \u00f6gon s\u00e5g \u00f6gonen p\u00e5 n\u00e4sta uppt\u00e4ckare och stirra p\u00e5 honom. Crack-kokain-s\u00e4lja kokain<\/p>\n<p>Om du eller en n\u00e4ra anh\u00f6rig med en Spricka eller andra droger har att k\u00e4mpa, att hj\u00e4lpa, \u00e4r lika n\u00e4ra som en felplacerad telefonen. N\u00e5gra av de elever som anges Spricka &#034;epidemin&#034;, som liknar moralisk Stress, och fann att \u00f6kningen av narkotikamissbruk och narkotikahandel kom efter att media hade f\u00f6rklarat att de drog till &#034;epidemin&#034;. Crack-kokain-s\u00e4lja kokain<\/p>\n<h5>ATT S\u00c4LJA KOKAIN:<\/h5>\n<p>I sj\u00e4lva verket, den st\u00e4ndiga Skakningar kan \u00f6vertyga en del k\u00f6pare att de skulle f\u00e5 sin nervositet i handtaget, om du har ytterligare Spricka, eller att du inte har att n\u00e5gonsin ta itu med det. Mer Spricka k\u00f6pa. Som neural Stimulering av kokainet ger en frenetisk vitalitet och tillbaka, vilket leder till drogen \u00e4r ocks\u00e5 en ofrivilliga Skakningar som liknar en quake. Crack-kokain till salu<\/p>\n<p>Utan anv\u00e4ndning av l\u00e4kemedel, konsumenterna inte kan styra Darrande av hennes armar och ben. Kokain och Crack-kokain har ett annorlunda utseende. Crack \u00e4r vanligen som ett vitt pulver, medan Crack-kokain \u00e4r oftast en vit, brun eller ljus brun sten. Det f\u00f6rsta steget i behandlingen \u00e4r att eliminera den fysiska Sugen p\u00e5 att Spricka. Crack-kokain-s\u00e4lja kokain<\/p>\n<p>F\u00f6r att stoppa endast anv\u00e4ndning av Crack \u00e4r opraktiskt och skadligt, d\u00e4rf\u00f6r att Konsumenten b\u00f6r iakttas n\u00e4r shopping noga. Det skulle vara n\u00e4stan om\u00f6jligt att f\u00e5 Sugen p\u00e5 att Spricka utan tekniskt bist\u00e5nd under kontroll, om det skulle h\u00e4nda hemma. Crack-kokain till salu<\/p>\n<p>Die Entzugstherapie sollte in einer Gesundheitseinrichtung oder Interventionsstelle durchgef\u00fchrt werden, wo \u00c4rzte den Klienten auf wichtige Anzeichen hin \u00fcberwachen, sicherstellen k\u00f6nnen, dass kein R\u00fcckfallrisiko besteht, und ihm Medikamente verabreichen k\u00f6nnen. Drogen zur Unterst\u00fctzung Crack wird h\u00e4ufig als gef\u00e4hrliche Droge angesehen, aber wenn es in Wasser und Backpulver aufgel\u00f6st, gekocht (um die Feststoffe abzutrennen), dann abgek\u00fchlt und gesch\u00fcttelt wird, ist das resultierende Produkt wahrscheinlich noch t\u00f6dlicher. Crack-Kokain zum Verkauf<\/p>\n<h5>DESSUTOM:<\/h5>\n<p>Der individuelle Drogenmissbrauch kann durch Crack-Kokain stark beeintr\u00e4chtigt werden. Wenn Sie oder ein Ihnen nahestehender Mensch Crack oder andere Suchtmittel konsumieren, ist Hilfe nur einen Telefonanruf entfernt. als Preis pro Barrel, Diese Personen hatten weniger verf\u00fcgbares Einkommen, das sie f\u00fcr Drogen ausgeben konnten, aber sie suchten nach M\u00f6glichkeiten, ihr Einkommen deutlich zu erh\u00f6hen. Dadurch stieg die Pr\u00e4valenz des Crack-Konsums in einkommensschwachen und von Minderheiten gepr\u00e4gten Gemeinden. In den 1980er Jahren kam es in diesen Gemeinschaften zu einer Crack-Epidemie. Crack-kokain-s\u00e4lja kokain<\/p>","protected":false},"excerpt":{"rendered":"<p>CRACK-KOKAIN ZU VERKAUFEN: Zun\u00e4chst einmal verkauft Aaronay das hochwertigste und reinste Crack der Welt. Die physischen und psychischen Anzeichen des Entzugs h\u00e4ngen von einer Vielzahl von Faktoren ab, darunter die individuelle Belastbarkeit, die Verdauung, das Ausma\u00df der Abh\u00e4ngigkeit, die Schwere der Abh\u00e4ngigkeit und das Vorhandensein versteckter psychischer Erkrankungen oder anderer Abh\u00e4ngigkeiten. M\u00fcdigkeit, ausgedehnte und \u00e4ngstliche Ruhe oder Unruhe, Hunger, Empfindsamkeit, Niedergeschlagenheit, selbstzerst\u00f6rerische Gef\u00fchle und ein au\u00dfergew\u00f6hnliches Verlangen nach zus\u00e4tzlichen Medikamenten sind alles Symptome des Crack-Entzugs. Die Erinnerung an das Kokaingl\u00fcck ist stark, und es besteht eine hohe Wahrscheinlichkeit, dass ein R\u00fcckfall in den Konsum von Beruhigungsmitteln erfolgt. Crack-Kokain zum Verkauf\u2026<\/p>","protected":false},"featured_media":1509,"comment_status":"open","ping_status":"closed","template":"","meta":{"content-type":""},"product_brand":[],"product_cat":[26],"product_tag":[27,28,29,30,31,32,33,34,35,36,37,38,39,40,41,42,43,44,45,46,47,48,49,50,51,52,53,54,55,56,57,58,59,60,61,62,63,64,65,66,67,68,69,70,71,72,73,74,75,76,77,78,79,80,81,82,83],"class_list":{"0":"post-1497","1":"product","2":"type-product","3":"status-publish","4":"has-post-thumbnail","6":"product_cat-kokain","7":"product_tag-besitz-von-kokain-zum-verkauf-hs","8":"product_tag-cocaine-hydrochloride-sale","9":"product_tag-cocaine-leaves-for-sale","10":"product_tag-cocaine-lockup-sale","11":"product_tag-cocaine-mirror-for-sale","12":"product_tag-cocaine-origins","13":"product_tag-cocaine-pipes-for-sale","14":"product_tag-cocaine-plant-for-sale","15":"product_tag-cocaine-purity-test-for-sale","16":"product_tag-cocaine-sale-gta","17":"product_tag-cocaine-sale-reddit","18":"product_tag-cocaine-seed-sale","19":"product_tag-cocaine-seeds-for-sale","20":"product_tag-cocaine-seeds-for-sale-online","21":"product_tag-cocaine-spoons-for-sale","22":"product_tag-cocaine-tea-for-sale","23":"product_tag-cocaine-tooters-for-sale","24":"product_tag-cocaine-vials-for-sale","25":"product_tag-colombian-cocaine-for-sale","26":"product_tag-crack-cocaine-for-sale-online","27":"product_tag-fake-cocaine-for-sale","28":"product_tag-groshandel-kokain-zum-verkauf","29":"product_tag-gta-online-cocaine-lockup-buying-supplies","30":"product_tag-kilo-of-cocaine-for-sale","31":"product_tag-kokain","32":"product_tag-kokain-bullet-for-sale","33":"product_tag-kokain-cowboys","34":"product_tag-kokain-for-sale","35":"product_tag-kokain-for-sale-australia","36":"product_tag-kokain-for-sale-craigslist","37":"product_tag-kokain-for-sale-near-me","38":"product_tag-kokain-for-sale-online-usa","39":"product_tag-kokain-for-sale-usa","40":"product_tag-kokain-for-sale-websites","41":"product_tag-kokain-for-sales","42":"product_tag-kokain-for-sell","43":"product_tag-kokain-grinders-for-sale","44":"product_tag-kokain-history","45":"product_tag-kokain-hydrochloride-for-sale","46":"product_tag-kokain-online-kaufen","47":"product_tag-legal-cocaine-for-sale","48":"product_tag-legal-synthetic-cocaine-for-sale","49":"product_tag-online-cocaine-anonymous-meetings","50":"product_tag-online-cocaine-for-sale","51":"product_tag-online-cocaine-meetings","52":"product_tag-online-cocaine-purchase","53":"product_tag-online-kokain-verkauf","54":"product_tag-peruanisches-kokain-zum-verkauf","55":"product_tag-pharmazeutisches-kokain-zum-verkauf","56":"product_tag-reines-kokain-zum-verkauf","57":"product_tag-reines-kokain-zum-verkauf-online","58":"product_tag-synthetisches-crack-kokain-zum-verkauf","59":"product_tag-synthetisches-kokain-zum-verkauf","60":"product_tag-synthetisches-kokain-zum-verkauf-online","61":"product_tag-verkauf-von-kokain","62":"product_tag-verkauf-von-kokain-florida","63":"product_tag-verkauf-von-kokain-georgia","65":"first","66":"instock","67":"shipping-taxable","68":"purchasable","69":"product-type-variable"},"_links":{"self":[{"href":"https:\/\/kokaindrogekaufen.com\/sv\/wp-json\/wp\/v2\/product\/1497"}],"collection":[{"href":"https:\/\/kokaindrogekaufen.com\/sv\/wp-json\/wp\/v2\/product"}],"about":[{"href":"https:\/\/kokaindrogekaufen.com\/sv\/wp-json\/wp\/v2\/types\/product"}],"replies":[{"embeddable":true,"href":"https:\/\/kokaindrogekaufen.com\/sv\/wp-json\/wp\/v2\/comments?post=1497"}],"wp:featuredmedia":[{"embeddable":true,"href":"https:\/\/kokaindrogekaufen.com\/sv\/wp-json\/wp\/v2\/media\/1509"}],"wp:attachment":[{"href":"https:\/\/kokaindrogekaufen.com\/sv\/wp-json\/wp\/v2\/media?parent=1497"}],"wp:term":[{"taxonomy":"product_brand","embeddable":true,"href":"https:\/\/kokaindrogekaufen.com\/sv\/wp-json\/wp\/v2\/product_brand?post=1497"},{"taxonomy":"product_cat","embeddable":true,"href":"https:\/\/kokaindrogekaufen.com\/sv\/wp-json\/wp\/v2\/product_cat?post=1497"},{"taxonomy":"product_tag","embeddable":true,"href":"https:\/\/kokaindrogekaufen.com\/sv\/wp-json\/wp\/v2\/product_tag?post=1497"}],"curies":[{"name":"wp","href":"https:\/\/api.w.org\/{rel}","templated":true}]}}