{"id":1506,"date":"2023-06-27T19:19:31","date_gmt":"2023-06-27T18:19:31","guid":{"rendered":"https:\/\/kokaindrogekaufen.com\/?post_type=product&#038;p=1506"},"modified":"2024-12-06T05:59:25","modified_gmt":"2024-12-06T05:59:25","slug":"kokainflocken-zu-verkaufen","status":"publish","type":"product","link":"https:\/\/kokaindrogekaufen.com\/sv\/product\/kokainflocken-zu-verkaufen\/","title":{"rendered":"ATT S\u00c4LJA KOKAIN FLINGOR"},"content":{"rendered":"<h2>KOKAIN FLINGOR ATT S\u00c4LJA:<\/h2>\n<p>mdmakaufen.com s\u00e4ljs fr\u00e4mst Flake-kokain av h\u00f6gsta kvalitet. Detta \u00e4r ett mycket beroendeframkallande stimulerande drog som erh\u00e5llits fr\u00e5n bladen fr\u00e5n den sydamerikanska kokav\u00e4xten. Kokain \u00e4r en illegal drog flingor \u00e4r, \u00e4ven om de kan anv\u00e4ndas f\u00f6r legitima medicinska \u00e4ndam\u00e5l, till exempel f\u00f6r sedering under vissa medicinska f\u00f6rfaranden. I Peru, \u00e4r att f\u00f6rs\u00f6ka f\u00f6rst\u00f6ra Flake-kokain, medan p\u00e5 samma g\u00e5ng, alternativa s\u00e4tt f\u00f6r Peruanska uppf\u00f6dare utvecklas.<\/p>\n<p>Kokain \u00e4r klassificerade flingor nu som en drog f\u00f6r kategori II, vilket inneb\u00e4r att du har potential att ha en h\u00f6g Missbruk, men av en l\u00e4kare f\u00f6r legitima medicinska \u00e4ndam\u00e5l som kan ha f\u00f6reskrivits, till exempel f\u00f6r sedering i vissa \u00f6gon, \u00f6ron och nacke verksamhet. L\u00e4nder runt om i v\u00e4rlden att arbeta tillsammans, att utbildning av polis f\u00f6r att ytterligare utveckla de myndigheter och paket till begr\u00e4nsning av l\u00e4kemedel. Kokain flingor till salu<\/p>\n<p>Det \u00e4r vanlig Rock Baggies s\u00e4ljs av gatuf\u00f6rs\u00e4ljare. Stenarna \u00e4r uppradade och r\u00f6kt. Stenar, s\u00e5som pulveriserad Flake-kokain, kan minskas med hj\u00e4lp av olika \u00e4mnen, till exempel Alkaliska eller Heizungspop eller f\u00f6rsvagas. De kognitiva effekterna av kokain \u00e4r ofta uppdelad i flera delar, som \u00f6kar i f\u00f6rh\u00e5llande till den uppm\u00e4tta v\u00e4rden dynamiskt. Kokain flingor till salu<\/p>\n<h3>FLAKE KOKAIN:<\/h3>\n<p>Det allm\u00e4nna intrycket av Flake-kokain beskrivs av m\u00e5nga som en av extrem mental stimulans, b\u00e4ttre koncentration, och en stark k\u00e4nsla. Det inneh\u00e5ller en M\u00e4ngd vanliga Energizer immateriella resultat. Flake-kokain anses vara mycket riskfyllda \u00e4n andra CNS-Energizer, s\u00e5som, till exempel, hela amfetamin l\u00e4kemedel klass. Kokain flingor till salu<\/p>\n<p>Frekvent konsumtion har f\u00f6rknippats med utveckling av kronisk hj\u00e4rt-problem i anslutning, och i vissa fall kan det leda till en ov\u00e4ntad d\u00f6d i hj\u00e4rtk\u00e4rlsjukdom. D\u00e4rf\u00f6r \u00e4r det starkt rekommenderat att n\u00e4r man arbetar med detta material metoder f\u00f6r att kontrollera skadorna till\u00e4mpas. Flake-kokain \u00e4r i de flesta fall, ett vitt pulver. Kokain flingor till salu<\/p>\n<p>Det kan inf\u00f6ras i n\u00e4san eller blandas med vatten, och med en n\u00e5l s\u00e5r. Flake-kokain \u00e4r bearbetade till sm\u00e5 vita stenar, som anv\u00e4nds som Bryter \u00e4r k\u00e4nda. Pausen \u00e4r r\u00f6kt genom ett glas r\u00f6ret. Peruanska Flake kokain, ocks\u00e5 k\u00e4nd som Peruansk Flingor eller Peruanska Nuevo lim, anspelar p\u00e5 det som \u00e4r viktigt, fantastiska Flake-kokain \u00e4r tillverkade i 96 % eller mer av Peruanska Medicinering karteller, eftersom Peru \u00e4r f\u00f6rmodligen den st\u00f6rsta Flake-kokain producenten i v\u00e4rlden. Flake-kokain till salu<\/p>\n<h3>KOKAIN FLINGOR ATT K\u00d6PA P\u00c5 N\u00c4TET:<\/h3>\n<p>Flake Kokain, eller koks, som det ofta kallas, \u00e4r en Energizer och har en j\u00e4mf\u00f6rbar effekt som amfetamin, till exempel Hastighet och Is, men ger onekligen en imponerande effekt och en mer begr\u00e4nsad &#034;H\u00f6g&#034;, beroende p\u00e5 m\u00e4tning. Flake-kokain \u00e4r ett vitt, genomskinligt pulver med en stark trubba effekt. Peru \u00e4r en provins i V\u00e4stra delen av s\u00f6dra Usa. Kokain flingor till salu<\/p>\n<p>N\u00e4r spanjorerna anl\u00e4nde i Sydamerika, f\u00f6rbjudna f\u00f6rsta Coca som &#034;avskyv\u00e4rda specialister av Satan&#034;. Efter att de hade erk\u00e4nt, men att Lokalbefolkningen f\u00e5r inte arbeta utan Coca, godk\u00e4nts och er\u00f6vraren beskattas l\u00f6v, och drog tillbaka 10% av v\u00e4rdet av varje gr\u00f6da. Kokain flingor till salu<\/p>\n<p>Eftersom det finns inget s\u00e4tt f\u00f6r m\u00e4nniskor att best\u00e4mma andelen och st\u00f6d av material, anv\u00e4ndning av n\u00e5gon av de totala schemalagda glut resultat. Alltf\u00f6r stora tecken. N\u00e4stan alla p\u00e5 denna lista har h\u00f6rt termen &#034;Bitar&#034; eller &#034;Drop Flake Kokain&#034;, men bortsett fr\u00e5n att jag inte vet mycket om Flake Kokain, jag har ingen aning om vad som \u00e4r den exakta inneb\u00f6rden av dessa Flingor, vad \u00e4r Flingor och vad som g\u00f6r dig annorlunda fr\u00e5n Vanliga hydroklorid Flake Kokain. Flake att s\u00e4lja kokain<\/p>\n<h4>ATT S\u00c4LJA FLAKE-KOKAIN ONLINE:<\/h4>\n<p>Den mest farliga av den faktiska fysiska effekterna av Flake-kokain verkar vara mer av CV: n som en neurologisk karakt\u00e4r. P\u00e5 grund av nedskrivning av natrium-kanalerna i hj\u00e4rtat av Flake-kokain grundl\u00e4ggande hj\u00e4rt-antagonist v\u00e4ndning, och i synnerhet av ov\u00e4ntat hj\u00e4rtstopp i en verklig risk i alla Delar. Flake-kokain till salu<\/p>\n<p>Oavsett om eller inte Flagnar Kokain \u00e4r f\u00f6r n\u00e4rvarande ett grunt eller berikad, det \u00e4r potent och b\u00e5de den begr\u00e4nsade artikulation, liksom de omfattande konsekvenser f\u00f6r h\u00e4lsan \u00e4r skadliga f\u00f6r din fysiska och psykiska v\u00e4lbefinnande. Peruanska Flake kokain kan f\u00f6rekomma b\u00e5de i form av pulver samt i rock form, beroende p\u00e5 hur den \u00e4r sammansatt, eller, beroende p\u00e5 strategi. Flake-kokain till salu<\/p>\n<p>Det \u00e4r en rik vit substans, som \u00e4r exceptionellt bra och i\u00f6gonfallande. Flake Kokainberoende utvecklar en mycket l\u00e5ng eller snabb l\u00e4ngder av den vanliga anv\u00e4ndningen av kokain och orsakade ett \u00e5terkallande av tillst\u00e5ndet med psykiskt \u00f6vertygande o\u00e4ndligt utbud av kokain. P\u00e5 1980-talet och 1990-talet, de l\u00e4kemedel som en Flake Kokain har varit k\u00e4nt. p\u00e5 grund av att den \u00e4r allm\u00e4nt accepterad och anv\u00e4nd under denna tid, Flake kokain till salu<\/p>\n<h5>MER:<\/h5>\n<p>F\u00f6rresten, Flake-kokain \u00e4r inte ett nytt l\u00e4kemedel. Allt i allt, det blev den mest k\u00e4nda l\u00e4kemedel. Kokain flingor har ocks\u00e5 hittats i en rad l\u00e4ckra drycker. Coca-Cola \u00e4r den mest k\u00e4nda bland dem. Varje Liter av den underliggande dryck inneh\u00e5ller cirka \u00e5tta milligram Flake-kokain. Flake att s\u00e4lja kokain<\/p>","protected":false},"excerpt":{"rendered":"<p>KOKAINFLOCKEN ZU VERKAUFEN: mdmakaufen.com verkauft vor allem Flake-Kokain von h\u00f6chster Qualit\u00e4t. Dabei handelt es sich um eine hochgradig s\u00fcchtig machende Energetisierungsdroge, die aus den Bl\u00e4ttern der s\u00fcdamerikanischen Kokapflanze gewonnen wird. Kokainflocken sind ein illegales Medikament, auch wenn sie f\u00fcr legitime medizinische Zwecke verwendet werden k\u00f6nnen, z. B. zur Sedierung bei bestimmten medizinischen Eingriffen. In Peru wird versucht, Flake-Kokain zu vernichten, w\u00e4hrend gleichzeitig alternative Wege f\u00fcr peruanische Viehz\u00fcchter entwickelt werden. Kokainflocken sind jetzt als Medikament der Kategorie II eingestuft, was bedeutet, dass sie ein hohes Missbrauchspotenzial haben, aber von einem Arzt f\u00fcr legitime medizinische Zwecke verschrieben werden k\u00f6nnen, z. B. zur\u2026<\/p>","protected":false},"featured_media":1510,"comment_status":"open","ping_status":"closed","template":"","meta":{"content-type":""},"product_brand":[],"product_cat":[26],"product_tag":[],"class_list":{"0":"post-1506","1":"product","2":"type-product","3":"status-publish","4":"has-post-thumbnail","6":"product_cat-kokain","8":"first","9":"instock","10":"shipping-taxable","11":"purchasable","12":"product-type-variable"},"_links":{"self":[{"href":"https:\/\/kokaindrogekaufen.com\/sv\/wp-json\/wp\/v2\/product\/1506"}],"collection":[{"href":"https:\/\/kokaindrogekaufen.com\/sv\/wp-json\/wp\/v2\/product"}],"about":[{"href":"https:\/\/kokaindrogekaufen.com\/sv\/wp-json\/wp\/v2\/types\/product"}],"replies":[{"embeddable":true,"href":"https:\/\/kokaindrogekaufen.com\/sv\/wp-json\/wp\/v2\/comments?post=1506"}],"wp:featuredmedia":[{"embeddable":true,"href":"https:\/\/kokaindrogekaufen.com\/sv\/wp-json\/wp\/v2\/media\/1510"}],"wp:attachment":[{"href":"https:\/\/kokaindrogekaufen.com\/sv\/wp-json\/wp\/v2\/media?parent=1506"}],"wp:term":[{"taxonomy":"product_brand","embeddable":true,"href":"https:\/\/kokaindrogekaufen.com\/sv\/wp-json\/wp\/v2\/product_brand?post=1506"},{"taxonomy":"product_cat","embeddable":true,"href":"https:\/\/kokaindrogekaufen.com\/sv\/wp-json\/wp\/v2\/product_cat?post=1506"},{"taxonomy":"product_tag","embeddable":true,"href":"https:\/\/kokaindrogekaufen.com\/sv\/wp-json\/wp\/v2\/product_tag?post=1506"}],"curies":[{"name":"wp","href":"https:\/\/api.w.org\/{rel}","templated":true}]}}