{"id":1519,"date":"2023-06-27T19:19:39","date_gmt":"2023-06-27T18:19:39","guid":{"rendered":"https:\/\/kokaindrogekaufen.com\/?post_type=product&#038;p=1519"},"modified":"2024-12-06T06:19:56","modified_gmt":"2024-12-06T06:19:56","slug":"white-doc-cocaine-zu-verkaufen","status":"publish","type":"product","link":"https:\/\/kokaindrogekaufen.com\/sv\/product\/white-doc-cocaine-zu-verkaufen\/","title":{"rendered":"ATT S\u00c4LJA VITT DOK KOKAIN"},"content":{"rendered":"<h2>VIT DOC KOKAIN F\u00d6R F\u00d6RS\u00c4LJNING:<\/h2>\n<p>Just Nu v\u00e5rt n\u00e4tverk Vit Doc Kokain f\u00f6r f\u00f6rs\u00e4ljning \u00f6ver hela v\u00e4rlden. F\u00f6r alla, den Vita Doc Kokain som anv\u00e4nds f\u00f6r att ha ett l\u00e5gt f\u00f6rtroende. Ett Problem med illegal Vit Doc Kokain, s\u00e4rskilt i de h\u00f6gre volymerna i samband med att bek\u00e4mpa tr\u00f6tthet (snarare \u00e4n vidareutveckling av eufori) av l\u00e5ng-artikulation kunder, \u00e4r risken f\u00f6r skadeverkningar eller fr\u00e5gor om blandningar i form av f\u00f6roreningar. Om n\u00e5gon handlar med pulveriserad Vit Doc Kokain \u00e4r fel och inte vill att du ska h\u00f6ra det, det kan vara s\u00e5 att han f\u00f6rsvinner f\u00f6r att ta medicinen, och sedan i en mycket diskret staten avkastning.<\/p>\n<p>Verkliga tecken kan vara snabb hj\u00e4rtrytm, svettningar och beg\u00e5vade studenter. Vit Doc Kokain f\u00f6rhindrar att dopamin \u00e4r \u00e5tervunnet, med resultatet att stora m\u00e4ngder samlas i utrymmet mellan tv\u00e5 nervceller, och normal kommunikation avbryta. Effekten b\u00f6rjar inom n\u00e5gra sekunder till minuter efter intag och varar mellan fem och en halv timme.<\/p>\n<p>Vit Doc Kokain har n\u00e5gra av de kliniskt st\u00f6ds anv\u00e4ndning av \u00e4ndam\u00e5l, d\u00e4ribland desensibilisering och minskning av Dr\u00e4nering under en grundlig n\u00e4sa-behandling. Vit Doc Kokain kan utl\u00f6sa en h\u00f6g sannolikhet f\u00f6r att en tillf\u00e4llig psykos, med mer \u00e4n 51 % av de Vita Doc kokainmissbrukare visa Huvudsak n\u00e5gra galna symtom tidigare.<\/p>\n<h3>VIT DOC KOKAIN K\u00d6PA ONLINE:<\/h3>\n<p>I slut\u00e4ndan \u00e4r det brukligt att minska drog-eller &#034;\u00f6ka&#034; och med hj\u00e4lp av f\u00f6rst\u00e4rkare, som efterliknar effekterna av intag, s\u00e5som Novocain (prokain), vilket orsakar en tempor\u00e4r sedering, eftersom ett stort antal av kunden accepterar att det finns en stark desensibilisering resultatet \u00e4r efterdyningarna av en stark eller potentiellt rena Vita Doc Kokain, efedrin eller liknande aggregat, som \u00e4r att producera en \u00f6kad hj\u00e4rtat summan. Vit Doc Kokain till salu<\/p>\n<p>Vit Doc Kokain \u00e4r gjord av \u00e5tervinning l\u00e4kemedlet med Alkali eller natriumbikarbonat (Heizungspop) och dricka vatten och sedan v\u00e4rmas f\u00f6r att ta bort hydrochloride, och f\u00f6r att f\u00e5 en morfin \u00e4mnet. Den vanligaste inkomst s\u00f6mn \u00e4r en snedvridning av socker, regelbundna Mannitol, kreatin eller glukos, s\u00e5 att den Nuvarande livliga snedvridning att str\u00e4cka bedr\u00e4geri av dygd, ocks\u00e5&#034;, eller att till\u00e5ta det att vara s\u00e5 att en leverant\u00f6r kan presentera fler artiklar \u00e4n utan utsp\u00e4dningsmedel. Att s\u00e4lja Vitt Dok Kokain<\/p>\n<p>Det orsakade inga betydande desensibilisering i munnen, men det ger en H\u00f6g gr\u00e4sklippning Vit Doc Kokain. V\u00e5rt fr\u00e4msta m\u00e5l \u00e4r den b\u00e4sta kundn\u00f6jdhet f\u00f6r att ge b\u00e4sta m\u00f6jliga anv\u00e4ndning av v\u00e5ra resurser, de mest anv\u00e4ndbara leverant\u00f6r, och b\u00e4sta kvalitet \u00e4r m\u00e5l. Att s\u00e4lja Vitt Dok Kokain<\/p>\n<h4>VIT DOC KOKAIN TILL SALU P\u00c5 N\u00c4TET:<\/h4>\n<p>Med tanke p\u00e5 det breda utbudet av v\u00e5ra l\u00e4kemedel, granska kemikalier. Sammans\u00e4ttningen av Vita Doc Kokain best\u00e5r av tre Delar: den hydrofila metyl ester inneh\u00e5ll. En av de potentiellt farligaste effekter av Vita Doc Kokain verkar vara mer hj\u00e4rt \u00e4n neurologiskt. Att s\u00e4lja Vitt Dok Kokain<\/p>\n<p>F\u00f6r att undvika kritik, f\u00f6retr\u00e4dd av dess f\u00f6respr\u00e5kare, \u00e4r det problematiskt anser att mycket av effekten \u00e4r inte p\u00e5 grund av intag av Kokablad i valfri alkaloider, som bara skiljer sig kvantitativt fr\u00e5n rent Vitt Dok Kokain, men ocks\u00e5 subjektiva. Vikten av Vita Doc Kokain k\u00e4nnetecknas av en snabbt ins\u00e4ttande och en kort tid, vilket leder till en stark euforisk buller, f\u00f6ljt av en kontrollerad, besegra, eller i en krasch. Att s\u00e4lja Vitt Dok Kokain<\/p>\n<p>Denna \u00f6versv\u00e4mning av Dopamin som under cykeln av cerebrum st\u00f6der anv\u00e4ndning av l\u00e4kemedel kraftigt. Med den \u00f6kande anv\u00e4ndningen av l\u00e4kemedel som kan anpassa sig till priset cykel, s\u00e5 att det \u00e4r mindre k\u00e4nsliga f\u00f6r l\u00e4kemedel. Som ett resultat, m\u00e4nniskor \u00e4r mer informerade och, n\u00e5got f\u00f6rv\u00e5nande, mer konsekvent doser i f\u00f6rs\u00f6k att identifiera motsvarande h\u00f6gre v\u00e4rde och f\u00f6r att f\u00e5 befrielse fr\u00e5n uttaget. Att s\u00e4lja Vitt Dok Kokain<\/p>\n<h5>VIT DOC KOKAIN:<\/h5>\n<p>Vit Doc Kokain Assimilering i den grundl\u00e4ggande fl\u00f6de f\u00f6r att nasal Insufflation \u00e4r n\u00e4stan identisk med den efter oralt intag. Vit Doc Kokain-inducerad vasokonstriktion av blodk\u00e4rl i n\u00e4sslemhinnan begr\u00e4nsar hastighet av Assimilering framf\u00f6r en l\u00e5ng nasal Insufflation. Vit Doc Kokain till salu<\/p>\n<p>Vit Doc Kokain \u00f6kar hj\u00e4rtfrekvens en Person konsekvent p\u00e5 ovanligt h\u00f6ga v\u00e4rden, som kan vara h\u00f6gre eller l\u00e4ngre doser potentiellt farliga. Inf\u00f6randet av Retention efter oralt intag \u00e4r f\u00f6rsenad, eftersom det Vita Doc Kokain \u00e4r en svag Bas med ett pKa-v\u00e4rde p\u00e5 8, och d\u00e4rf\u00f6r joniserad Form av syra i mags\u00e4cken \u00e4r inte registreras p\u00e5 r\u00e4tt s\u00e4tt kan vara. Vit Doc Kokain till salu<\/p>\n<p>Den l\u00f6sliga duodenal Vit Doc Kokain absorberas framg\u00e5ngsrikt. Den \u00e5terfallsfrekvensen i den Vita Doc Kokainberoende \u00e4r cirka \u00e5tta till tio procent och 36 procent av de personer som utf\u00f6r ett system ans\u00f6kan. Hastigheten och graden av absorption av Vita Doc Kokain p\u00e5 inandning \u00e4r j\u00e4mf\u00f6rbar med eller h\u00f6gre \u00e4n i fallet med en intraven\u00f6s Infusion, eftersom inandning ger direkt tillg\u00e5ng till h\u00e5ret-formade madrass i luftv\u00e4garna.<\/p>\n<h5>DESSUTOM:<\/h5>\n<p>Den kortsiktiga effekten av Vitt Dok Kokain uppst\u00e5r snabbt och f\u00f6rsvinner inom n\u00e5gra minuter upp till 60 minuter. 2 f\u00f6r attention-deficit\/hyperactivity disorder (ADHD) inneb\u00e4r att en Person med ADHD har utvecklats mer \u00e4n fem g\u00e5nger s\u00e5 ofta som alla andra i ett beroende av narkotika. I denna tid, Vit Doc Kokain hittades p\u00e5 apotek, antingen ensam eller som en ingrediens i m\u00e5nga recept, och det anv\u00e4ndes ocks\u00e5 i l\u00e5ngvariga vin och l\u00e4ckra drycker. Bortsett fr\u00e5n de toxiska effekterna av Vita Doc Kokain.<\/p>","protected":false},"excerpt":{"rendered":"<p>WHITE DOC COCAINE FOR SALE: Im Moment hat unser Netzwerk White Doc Cocaine zum Verkauf auf der ganzen Welt. F\u00fcr jeden, der White Doc Cocaine verwendet, um ein geringes Vertrauen zu haben. Ein Problem mit illegalen White Doc Cocaine Verwendung, vor allem in den h\u00f6heren Volumina im Zusammenhang mit Kampf Ersch\u00f6pfung (anstatt weitere Entwicklung Euphorie) durch lange Artikulation Kunden, ist die M\u00f6glichkeit der kranken Wirkungen oder Fragen wegen der Mischungen in Verunreinigung verwendet. Wenn jemand mit pulverisiertem White Doc Cocaine falsch umgeht und nicht will, dass du es erf\u00e4hrst, kann es sein, dass er verschwindet, um das Medikament zu nehmen,\u2026<\/p>","protected":false},"featured_media":1541,"comment_status":"open","ping_status":"closed","template":"","meta":{"content-type":""},"product_brand":[],"product_cat":[26],"product_tag":[98,29,30,31,32,33,34,35,36,37,38,39,40,41,42,43,44,45,46,47,99,49,50,51,100,101,102,66,103,104,105,106,107,108,109,110,67,68,69,70,71,72,111,112,113,114,115,116,117,118,81,82,83,119],"class_list":{"0":"post-1519","1":"product","2":"type-product","3":"status-publish","4":"has-post-thumbnail","6":"product_cat-kokain","7":"product_tag-besitz-von-kokain-zu-verkaufen-hs","8":"product_tag-cocaine-leaves-for-sale","9":"product_tag-cocaine-lockup-sale","10":"product_tag-cocaine-mirror-for-sale","11":"product_tag-cocaine-origins","12":"product_tag-cocaine-pipes-for-sale","13":"product_tag-cocaine-plant-for-sale","14":"product_tag-cocaine-purity-test-for-sale","15":"product_tag-cocaine-sale-gta","16":"product_tag-cocaine-sale-reddit","17":"product_tag-cocaine-seed-sale","18":"product_tag-cocaine-seeds-for-sale","19":"product_tag-cocaine-seeds-for-sale-online","20":"product_tag-cocaine-spoons-for-sale","21":"product_tag-cocaine-tea-for-sale","22":"product_tag-cocaine-tooters-for-sale","23":"product_tag-cocaine-vials-for-sale","24":"product_tag-colombian-cocaine-for-sale","25":"product_tag-crack-cocaine-for-sale-online","26":"product_tag-fake-cocaine-for-sale","27":"product_tag-groshandel-kokain-zu-verkaufen","28":"product_tag-gta-online-cocaine-lockup-buying-supplies","29":"product_tag-kilo-of-cocaine-for-sale","30":"product_tag-kokain","31":"product_tag-kokain-geschichte","32":"product_tag-kokain-hydrochlorid-verkauf","33":"product_tag-kokain-hydrochlorid-zum-verkauf","34":"product_tag-kokain-online-kaufen","35":"product_tag-kokain-schleifer-zum-verkauf","36":"product_tag-kokain-zum-verkauf","37":"product_tag-kokain-zum-verkauf-australien","38":"product_tag-kokain-zum-verkauf-craigslist","39":"product_tag-kokain-zum-verkauf-in-der-nahe-von-mir","40":"product_tag-kokain-zum-verkauf-online-usa","41":"product_tag-kokain-zum-verkauf-usa","42":"product_tag-kokain-zum-verkauf-websites","43":"product_tag-legal-cocaine-for-sale","44":"product_tag-legal-synthetic-cocaine-for-sale","45":"product_tag-online-cocaine-anonymous-meetings","46":"product_tag-online-cocaine-for-sale","47":"product_tag-online-cocaine-meetings","48":"product_tag-online-cocaine-purchase","49":"product_tag-online-cocaine-sales","50":"product_tag-peruanisches-kokain-zu-verkaufen","51":"product_tag-pharmazeutisches-kokain-zu-verkaufen","52":"product_tag-reines-kokain-zu-verkaufen","53":"product_tag-reines-kokain-zu-verkaufen-online","54":"product_tag-synthetisches-crack-kokain-zu-verkaufen","55":"product_tag-synthetisches-kokain-zu-verkaufen","56":"product_tag-synthetisches-kokain-zu-verkaufen-online","57":"product_tag-verkauf-von-kokain","58":"product_tag-verkauf-von-kokain-florida","59":"product_tag-verkauf-von-kokain-georgia","60":"product_tag-white-doc-kokain","62":"first","63":"instock","64":"shipping-taxable","65":"purchasable","66":"product-type-variable"},"_links":{"self":[{"href":"https:\/\/kokaindrogekaufen.com\/sv\/wp-json\/wp\/v2\/product\/1519"}],"collection":[{"href":"https:\/\/kokaindrogekaufen.com\/sv\/wp-json\/wp\/v2\/product"}],"about":[{"href":"https:\/\/kokaindrogekaufen.com\/sv\/wp-json\/wp\/v2\/types\/product"}],"replies":[{"embeddable":true,"href":"https:\/\/kokaindrogekaufen.com\/sv\/wp-json\/wp\/v2\/comments?post=1519"}],"wp:featuredmedia":[{"embeddable":true,"href":"https:\/\/kokaindrogekaufen.com\/sv\/wp-json\/wp\/v2\/media\/1541"}],"wp:attachment":[{"href":"https:\/\/kokaindrogekaufen.com\/sv\/wp-json\/wp\/v2\/media?parent=1519"}],"wp:term":[{"taxonomy":"product_brand","embeddable":true,"href":"https:\/\/kokaindrogekaufen.com\/sv\/wp-json\/wp\/v2\/product_brand?post=1519"},{"taxonomy":"product_cat","embeddable":true,"href":"https:\/\/kokaindrogekaufen.com\/sv\/wp-json\/wp\/v2\/product_cat?post=1519"},{"taxonomy":"product_tag","embeddable":true,"href":"https:\/\/kokaindrogekaufen.com\/sv\/wp-json\/wp\/v2\/product_tag?post=1519"}],"curies":[{"name":"wp","href":"https:\/\/api.w.org\/{rel}","templated":true}]}}